{"id":99,"date":"2023-09-22T11:06:08","date_gmt":"2023-09-22T11:06:08","guid":{"rendered":"https:\/\/nembutalhouse.com\/weed\/?post_type=product&#038;p=99"},"modified":"2025-07-21T11:17:36","modified_gmt":"2025-07-21T11:17:36","slug":"lemon-cherry-gelato","status":"publish","type":"product","link":"https:\/\/herbelegale.com\/fi\/product\/lemon-cherry-gelato\/","title":{"rendered":"Sitruuna-kirsikka-geelato"},"content":{"rendered":"<h2><b>Osta sitruuna-kirsikkaj\u00e4\u00e4tel\u00f6\u00e4 netist\u00e4: Hienostunut sekoitus makuja ja vaikutuksia<\/b><\/h2>\n<p><span style=\"font-weight: 400;\"><a href=\"https:\/\/herbelegale.com\/fi\/product\/lemon-cherry-gelato\/\">Sitruuna-kirsikka-geelato<\/a> on hieman indica-voittoinen hybridilajike, joka on syntynyt Sunset Sherbetin ja Girl Scout Cookiesin risteytyksest\u00e4. Makeiden kirsikan ja sitruunan aromien sek\u00e4 tuoreiden marjojen vivahteiden ansiosta t\u00e4m\u00e4 lajike tarjoaa ainutlaatuisen makuel\u00e4myksen. Sen 20\u201329 %:n THC-pitoisuudet antavat sille rentouttavan ja euforisen vaikutuksen, joten se sopii erinomaisesti iltak\u00e4ytt\u00f6\u00f6n tai rentoutumiseen.<\/span><\/p>\n<h3><b>Maatilalta ovelle: Kannabiksen verkkotoimitusten nousu<\/b><\/h3>\n<p>Sitruuna-kirsikkaj\u00e4\u00e4tel\u00f6n verkkomyynti on kasvattanut suosiotaan kuluttajille tarjoamansa k\u00e4tevyyden ansiosta. Turvalliset alustat mahdollistavat nyt <a href=\"https:\/\/en.wikipedia.org\/wiki\/Gelato\">tilaa sitruuna-kirsikkagelatoa netist\u00e4<\/a> huomaamattomasti, nopeilla toimitusvaihtoehdoilla.<\/p>\n<h3><b>Mik\u00e4 tekee sitruuna-kirsikkagelaton erilaiseksi?<\/b><\/h3>\n<ul>\n<li style=\"font-weight: 400;\" aria-level=\"1\"><b>Ulkon\u00e4k\u00f6<\/b><span style=\"font-weight: 400;\"> Tihe\u00e4t, trikomien peitt\u00e4m\u00e4t nuput, joiden v\u00e4ri vaihtelee vihre\u00e4st\u00e4 violettiin.<\/span>&nbsp;<\/li>\n<li style=\"font-weight: 400;\" aria-level=\"1\"><b>Aromi<\/b><span style=\"font-weight: 400;\"> Makea sitruunan ja kirsikan sekoitus, jossa on tuoreiden marjojen vivahteita.<\/span>&nbsp;<\/li>\n<li style=\"font-weight: 400;\" aria-level=\"1\"><b>Maku<\/b><span style=\"font-weight: 400;\"> Hedelm\u00e4inen ja makea maku, joka muistuttaa kermaista gelatoa.<\/span>&nbsp;<\/li>\n<li style=\"font-weight: 400;\" aria-level=\"1\"><b>Vaikutukset<\/b><span style=\"font-weight: 400;\"> Syv\u00e4 kehon rentoutuminen, johon liittyy liev\u00e4 euforian tunne<\/span>&nbsp;<\/li>\n<\/ul>\n<h3><b>Top 5 paikkaa ostaa sitruuna-kirsikkaj\u00e4\u00e4tel\u00f6\u00e4 netist\u00e4 (hyv\u00e4t ja huonot puolet)<\/b><\/h3>\n<ol>\n<li style=\"font-weight: 400;\" aria-level=\"1\"><b>T\u00e4ydellinen kasvimarkkina: <\/b>: Rajoitettu saatavuus alueesta riippuen.&nbsp;<\/li>\n<li style=\"font-weight: 400;\" aria-level=\"1\"><b>NDBud : <\/b>Laboratoriossa testatut tuotteet, ik\u00e4raja vaaditaan.&nbsp;<\/li>\n<li style=\"font-weight: 400;\" aria-level=\"1\"><b>Get Bud Online USA : <\/b>Large s\u00e9lection de produits premium, <span style=\"font-weight: 400;\">Prix plus \u00e9lev\u00e9s que la moyenne.<\/span>&nbsp;<\/li>\n<li style=\"font-weight: 400;\" aria-level=\"1\"><b>IndaCloud : <\/b>Options de paiement flexibles, <span style=\"font-weight: 400;\">Certains produits en rupture de stock.<\/span>&nbsp;<\/li>\n<li style=\"font-weight: 400;\" aria-level=\"1\"><b>Frisco Labs: <\/b>Livraison discr\u00e8te dans tous les \u00c9tats, <span style=\"font-weight: 400;\">Pas de livraison internationale.<\/span><\/li>\n<\/ol>\n<h3><b>Mit\u00e4 tarkistaa ennen tilaamista<\/b><\/h3>\n<ul>\n<li style=\"font-weight: 400;\" aria-level=\"1\"><b>Toimitusehdot<\/b><span style=\"font-weight: 400;\"> Varmista, ett\u00e4 pakkaus on huomaamaton ja toimitus nopea.<\/span>&nbsp;<\/li>\n<li style=\"font-weight: 400;\" aria-level=\"1\"><b>Tuoreustakuu<\/b><span style=\"font-weight: 400;\"> Varmista, ett\u00e4 tuotteet s\u00e4ilytet\u00e4\u00e4n oikein niiden laadun s\u00e4ilytt\u00e4miseksi.<\/span>&nbsp;<\/li>\n<li style=\"font-weight: 400;\" aria-level=\"1\"><b>(4 asiakasarvostelua)<\/b><span style=\"font-weight: 400;\"> Tarkista muiden kuluttajien palautetta arvioidaksesi tuotteen laatua.<\/span>&nbsp;<\/li>\n<li style=\"font-weight: 400;\" aria-level=\"1\"><b>Ainesosien l\u00e4pin\u00e4kyvyys<\/b><span style=\"font-weight: 400;\"> Varmista, ett\u00e4 THC-pitoisuudesta ja terpeeneist\u00e4 on saatavilla tietoa.<\/span>&nbsp;<\/li>\n<\/ul>\n<h3><b>N\u00e4in s\u00e4ilyt\u00e4t ja nautit sitruuna-kirsikkaj\u00e4\u00e4tel\u00f6\u00e4si<\/b><\/h3>\n<ul>\n<li style=\"font-weight: 400;\" aria-level=\"1\"><b>Suojelu<\/b><span style=\"font-weight: 400;\"> S\u00e4ilyt\u00e4 p\u00e4\u00e4t ilmatiiviiss\u00e4 purkissa, poissa valolta ja kosteudelta.<\/span>&nbsp;<\/li>\n<li style=\"font-weight: 400;\" aria-level=\"1\"><b>Kulutus<\/b><span style=\"font-weight: 400;\"> Ihanteellinen hiljaiseen iltaan tai luovuuden stimulointiin.<\/span>&nbsp;<\/li>\n<\/ul>\n<h3><b>Johtop\u00e4\u00e4t\u00f6s: Tyydyt\u00e4 premium-kannabiksen halusi poistumatta kotoa<\/b><\/h3>\n<p>Lemon Cherry Gelato tarjoaa rikkaan aistiel\u00e4myksen yhdist\u00e4en hedelm\u00e4iset maut ja rentouttavat vaikutukset. Voit nyt ostaa Lemon Cherry Gelatoa verkosta ja nauttia t\u00e4st\u00e4 poikkeuksellisesta lajikkeesta oman kotisi mukavuudessa.<\/p>","protected":false},"excerpt":{"rendered":"<p>Achetez Lemon Cherry Gelato en ligne : Un m\u00e9lange exquis de saveurs et d&rsquo;effets Lemon Cherry Gelato est une vari\u00e9t\u00e9 hybride l\u00e9g\u00e8rement domin\u00e9e par l&rsquo;Indica, n\u00e9e du croisement entre Sunset Sherbet et Girl Scout Cookies. Avec ses ar\u00f4mes sucr\u00e9s de cerise et de citron, accompagn\u00e9s de notes de baies fra\u00eeches, cette souche offre une exp\u00e9rience&#8230;<\/p>","protected":false},"featured_media":1447,"comment_status":"open","ping_status":"closed","template":"","meta":{"_kadence_starter_templates_imported_post":false,"_kad_post_transparent":"default","_kad_post_title":"","_kad_post_layout":"default","_kad_post_sidebar_id":"","_kad_post_content_style":"default","_kad_post_vertical_padding":"default","_kad_post_feature":"","_kad_post_feature_position":"","_kad_post_header":false,"_kad_post_footer":false,"_joinchat":[]},"product_brand":[],"product_cat":[17],"product_tag":[],"class_list":{"0":"post-99","1":"product","2":"type-product","3":"status-publish","4":"has-post-thumbnail","6":"product_cat-canabis-en-ligne","8":"first","9":"instock","10":"shipping-taxable","11":"purchasable","12":"product-type-variable","13":"entry","14":"content-bg","15":"loop-entry"},"yoast_head":"<!-- This site is optimized with the Yoast SEO plugin v23.5 - https:\/\/yoast.com\/wordpress\/plugins\/seo\/ -->\n<title>Achetez de la glace au citron et \u00e0 la cerise en ligne - Vente de glace au citron et \u00e0 la cerise en ligne<\/title>\n<meta name=\"description\" content=\"Vous recherchez des glaces au citron et \u00e0 la cerise de haute qualit\u00e9 \u00e0 vendre en ligne ? Herbelegale est un magasin leader o\u00f9 vous pouvez acheter des glaces au citron et \u00e0 la cerise en ligne au meilleur prix. Commandez maintenant avec une exp\u00e9dition discr\u00e8te !\" \/>\n<meta name=\"robots\" content=\"index, follow, max-snippet:-1, max-image-preview:large, max-video-preview:-1\" \/>\n<link rel=\"canonical\" href=\"https:\/\/herbelegale.com\/fi\/product\/lemon-cherry-gelato\/\" \/>\n<meta property=\"og:locale\" content=\"fi_FI\" \/>\n<meta property=\"og:type\" content=\"article\" \/>\n<meta property=\"og:title\" content=\"Achetez de la glace au citron et \u00e0 la cerise en ligne - Vente de glace au citron et \u00e0 la cerise en ligne\" \/>\n<meta property=\"og:description\" content=\"Vous recherchez des glaces au citron et \u00e0 la cerise de haute qualit\u00e9 \u00e0 vendre en ligne ? Herbelegale est un magasin leader o\u00f9 vous pouvez acheter des glaces au citron et \u00e0 la cerise en ligne au meilleur prix. Commandez maintenant avec une exp\u00e9dition discr\u00e8te !\" \/>\n<meta property=\"og:url\" content=\"https:\/\/herbelegale.com\/fi\/product\/lemon-cherry-gelato\/\" \/>\n<meta property=\"og:site_name\" content=\"Herbe L\u00e9gale\" \/>\n<meta property=\"article:modified_time\" content=\"2025-07-21T11:17:36+00:00\" \/>\n<meta property=\"og:image\" content=\"https:\/\/herbelegale.com\/wp-content\/uploads\/2023\/09\/Lemon-Cherry-Gelato.jpg\" \/>\n\t<meta property=\"og:image:width\" content=\"960\" \/>\n\t<meta property=\"og:image:height\" content=\"1280\" \/>\n\t<meta property=\"og:image:type\" content=\"image\/jpeg\" \/>\n<meta name=\"twitter:card\" content=\"summary_large_image\" \/>\n<meta name=\"twitter:label1\" content=\"Arvioitu lukuaika\" \/>\n\t<meta name=\"twitter:data1\" content=\"3 minuuttia\" \/>\n<script type=\"application\/ld+json\" class=\"yoast-schema-graph\">{\"@context\":\"https:\/\/schema.org\",\"@graph\":[{\"@type\":\"WebPage\",\"@id\":\"https:\/\/herbelegale.com\/product\/lemon-cherry-gelato\/\",\"url\":\"https:\/\/herbelegale.com\/product\/lemon-cherry-gelato\/\",\"name\":\"Achetez de la glace au citron et \u00e0 la cerise en ligne - Vente de glace au citron et \u00e0 la cerise en ligne\",\"isPartOf\":{\"@id\":\"https:\/\/herbelegale.com\/#website\"},\"primaryImageOfPage\":{\"@id\":\"https:\/\/herbelegale.com\/product\/lemon-cherry-gelato\/#primaryimage\"},\"image\":{\"@id\":\"https:\/\/herbelegale.com\/product\/lemon-cherry-gelato\/#primaryimage\"},\"thumbnailUrl\":\"https:\/\/herbelegale.com\/wp-content\/uploads\/2023\/09\/Lemon-Cherry-Gelato.jpg\",\"datePublished\":\"2023-09-22T11:06:08+00:00\",\"dateModified\":\"2025-07-21T11:17:36+00:00\",\"description\":\"Vous recherchez des glaces au citron et \u00e0 la cerise de haute qualit\u00e9 \u00e0 vendre en ligne ? Herbelegale est un magasin leader o\u00f9 vous pouvez acheter des glaces au citron et \u00e0 la cerise en ligne au meilleur prix. Commandez maintenant avec une exp\u00e9dition discr\u00e8te !\",\"breadcrumb\":{\"@id\":\"https:\/\/herbelegale.com\/product\/lemon-cherry-gelato\/#breadcrumb\"},\"inLanguage\":\"fi\",\"potentialAction\":[{\"@type\":\"ReadAction\",\"target\":[\"https:\/\/herbelegale.com\/product\/lemon-cherry-gelato\/\"]}]},{\"@type\":\"ImageObject\",\"inLanguage\":\"fi\",\"@id\":\"https:\/\/herbelegale.com\/product\/lemon-cherry-gelato\/#primaryimage\",\"url\":\"https:\/\/herbelegale.com\/wp-content\/uploads\/2023\/09\/Lemon-Cherry-Gelato.jpg\",\"contentUrl\":\"https:\/\/herbelegale.com\/wp-content\/uploads\/2023\/09\/Lemon-Cherry-Gelato.jpg\",\"width\":960,\"height\":1280,\"caption\":\"Lemon Cherry Gelato\"},{\"@type\":\"BreadcrumbList\",\"@id\":\"https:\/\/herbelegale.com\/product\/lemon-cherry-gelato\/#breadcrumb\",\"itemListElement\":[{\"@type\":\"ListItem\",\"position\":1,\"name\":\"Home\",\"item\":\"https:\/\/herbelegale.com\/\"},{\"@type\":\"ListItem\",\"position\":2,\"name\":\"Boutique\",\"item\":\"https:\/\/herbelegale.com\/boutique\/\"},{\"@type\":\"ListItem\",\"position\":3,\"name\":\"Lemon Cherry Gelato\"}]},{\"@type\":\"WebSite\",\"@id\":\"https:\/\/herbelegale.com\/#website\",\"url\":\"https:\/\/herbelegale.com\/\",\"name\":\"Herbe L\u00e9gale\",\"description\":\"Acheter de l&#039;herbe en ligne\",\"publisher\":{\"@id\":\"https:\/\/herbelegale.com\/#organization\"},\"potentialAction\":[{\"@type\":\"SearchAction\",\"target\":{\"@type\":\"EntryPoint\",\"urlTemplate\":\"https:\/\/herbelegale.com\/?s={search_term_string}\"},\"query-input\":{\"@type\":\"PropertyValueSpecification\",\"valueRequired\":true,\"valueName\":\"search_term_string\"}}],\"inLanguage\":\"fi\"},{\"@type\":\"Organization\",\"@id\":\"https:\/\/herbelegale.com\/#organization\",\"name\":\"Herbe L\u00e9gale\",\"url\":\"https:\/\/herbelegale.com\/\",\"logo\":{\"@type\":\"ImageObject\",\"inLanguage\":\"fi\",\"@id\":\"https:\/\/herbelegale.com\/#\/schema\/logo\/image\/\",\"url\":\"https:\/\/herbelegale.com\/wp-content\/uploads\/2023\/10\/logo-1.png\",\"contentUrl\":\"https:\/\/herbelegale.com\/wp-content\/uploads\/2023\/10\/logo-1.png\",\"width\":400,\"height\":120,\"caption\":\"Herbe L\u00e9gale\"},\"image\":{\"@id\":\"https:\/\/herbelegale.com\/#\/schema\/logo\/image\/\"}}]}<\/script>\n<!-- \/ Yoast SEO plugin. -->","yoast_head_json":{"title":"Achetez de la glace au citron et \u00e0 la cerise en ligne - Vente de glace au citron et \u00e0 la cerise en ligne","description":"Vous recherchez des glaces au citron et \u00e0 la cerise de haute qualit\u00e9 \u00e0 vendre en ligne ? Herbelegale est un magasin leader o\u00f9 vous pouvez acheter des glaces au citron et \u00e0 la cerise en ligne au meilleur prix. Commandez maintenant avec une exp\u00e9dition discr\u00e8te !","robots":{"index":"index","follow":"follow","max-snippet":"max-snippet:-1","max-image-preview":"max-image-preview:large","max-video-preview":"max-video-preview:-1"},"canonical":"https:\/\/herbelegale.com\/fi\/product\/lemon-cherry-gelato\/","og_locale":"fi_FI","og_type":"article","og_title":"Achetez de la glace au citron et \u00e0 la cerise en ligne - Vente de glace au citron et \u00e0 la cerise en ligne","og_description":"Vous recherchez des glaces au citron et \u00e0 la cerise de haute qualit\u00e9 \u00e0 vendre en ligne ? Herbelegale est un magasin leader o\u00f9 vous pouvez acheter des glaces au citron et \u00e0 la cerise en ligne au meilleur prix. Commandez maintenant avec une exp\u00e9dition discr\u00e8te !","og_url":"https:\/\/herbelegale.com\/fi\/product\/lemon-cherry-gelato\/","og_site_name":"Herbe L\u00e9gale","article_modified_time":"2025-07-21T11:17:36+00:00","og_image":[{"width":960,"height":1280,"url":"https:\/\/herbelegale.com\/wp-content\/uploads\/2023\/09\/Lemon-Cherry-Gelato.jpg","type":"image\/jpeg"}],"twitter_card":"summary_large_image","twitter_misc":{"Arvioitu lukuaika":"3 minuuttia"},"schema":{"@context":"https:\/\/schema.org","@graph":[{"@type":"WebPage","@id":"https:\/\/herbelegale.com\/product\/lemon-cherry-gelato\/","url":"https:\/\/herbelegale.com\/product\/lemon-cherry-gelato\/","name":"Achetez de la glace au citron et \u00e0 la cerise en ligne - Vente de glace au citron et \u00e0 la cerise en ligne","isPartOf":{"@id":"https:\/\/herbelegale.com\/#website"},"primaryImageOfPage":{"@id":"https:\/\/herbelegale.com\/product\/lemon-cherry-gelato\/#primaryimage"},"image":{"@id":"https:\/\/herbelegale.com\/product\/lemon-cherry-gelato\/#primaryimage"},"thumbnailUrl":"https:\/\/herbelegale.com\/wp-content\/uploads\/2023\/09\/Lemon-Cherry-Gelato.jpg","datePublished":"2023-09-22T11:06:08+00:00","dateModified":"2025-07-21T11:17:36+00:00","description":"Vous recherchez des glaces au citron et \u00e0 la cerise de haute qualit\u00e9 \u00e0 vendre en ligne ? Herbelegale est un magasin leader o\u00f9 vous pouvez acheter des glaces au citron et \u00e0 la cerise en ligne au meilleur prix. Commandez maintenant avec une exp\u00e9dition discr\u00e8te !","breadcrumb":{"@id":"https:\/\/herbelegale.com\/product\/lemon-cherry-gelato\/#breadcrumb"},"inLanguage":"fi","potentialAction":[{"@type":"ReadAction","target":["https:\/\/herbelegale.com\/product\/lemon-cherry-gelato\/"]}]},{"@type":"ImageObject","inLanguage":"fi","@id":"https:\/\/herbelegale.com\/product\/lemon-cherry-gelato\/#primaryimage","url":"https:\/\/herbelegale.com\/wp-content\/uploads\/2023\/09\/Lemon-Cherry-Gelato.jpg","contentUrl":"https:\/\/herbelegale.com\/wp-content\/uploads\/2023\/09\/Lemon-Cherry-Gelato.jpg","width":960,"height":1280,"caption":"Lemon Cherry Gelato"},{"@type":"BreadcrumbList","@id":"https:\/\/herbelegale.com\/product\/lemon-cherry-gelato\/#breadcrumb","itemListElement":[{"@type":"ListItem","position":1,"name":"Home","item":"https:\/\/herbelegale.com\/"},{"@type":"ListItem","position":2,"name":"Boutique","item":"https:\/\/herbelegale.com\/boutique\/"},{"@type":"ListItem","position":3,"name":"Lemon Cherry Gelato"}]},{"@type":"WebSite","@id":"https:\/\/herbelegale.com\/#website","url":"https:\/\/herbelegale.com\/","name":"Herbe L\u00e9gale","description":"Acheter de l&#039;herbe en ligne","publisher":{"@id":"https:\/\/herbelegale.com\/#organization"},"potentialAction":[{"@type":"SearchAction","target":{"@type":"EntryPoint","urlTemplate":"https:\/\/herbelegale.com\/?s={search_term_string}"},"query-input":{"@type":"PropertyValueSpecification","valueRequired":true,"valueName":"search_term_string"}}],"inLanguage":"fi"},{"@type":"Organization","@id":"https:\/\/herbelegale.com\/#organization","name":"Herbe L\u00e9gale","url":"https:\/\/herbelegale.com\/","logo":{"@type":"ImageObject","inLanguage":"fi","@id":"https:\/\/herbelegale.com\/#\/schema\/logo\/image\/","url":"https:\/\/herbelegale.com\/wp-content\/uploads\/2023\/10\/logo-1.png","contentUrl":"https:\/\/herbelegale.com\/wp-content\/uploads\/2023\/10\/logo-1.png","width":400,"height":120,"caption":"Herbe L\u00e9gale"},"image":{"@id":"https:\/\/herbelegale.com\/#\/schema\/logo\/image\/"}}]}},"_links":{"self":[{"href":"https:\/\/herbelegale.com\/fi\/wp-json\/wp\/v2\/product\/99","targetHints":{"allow":["GET"]}}],"collection":[{"href":"https:\/\/herbelegale.com\/fi\/wp-json\/wp\/v2\/product"}],"about":[{"href":"https:\/\/herbelegale.com\/fi\/wp-json\/wp\/v2\/types\/product"}],"replies":[{"embeddable":true,"href":"https:\/\/herbelegale.com\/fi\/wp-json\/wp\/v2\/comments?post=99"}],"wp:featuredmedia":[{"embeddable":true,"href":"https:\/\/herbelegale.com\/fi\/wp-json\/wp\/v2\/media\/1447"}],"wp:attachment":[{"href":"https:\/\/herbelegale.com\/fi\/wp-json\/wp\/v2\/media?parent=99"}],"wp:term":[{"taxonomy":"product_brand","embeddable":true,"href":"https:\/\/herbelegale.com\/fi\/wp-json\/wp\/v2\/product_brand?post=99"},{"taxonomy":"product_cat","embeddable":true,"href":"https:\/\/herbelegale.com\/fi\/wp-json\/wp\/v2\/product_cat?post=99"},{"taxonomy":"product_tag","embeddable":true,"href":"https:\/\/herbelegale.com\/fi\/wp-json\/wp\/v2\/product_tag?post=99"}],"curies":[{"name":"wp","href":"https:\/\/api.w.org\/{rel}","templated":true}]}}