{"id":91,"date":"2023-09-22T09:42:34","date_gmt":"2023-09-22T09:42:34","guid":{"rendered":"https:\/\/nembutalhouse.com\/weed\/?post_type=product&#038;p=91"},"modified":"2025-06-14T11:09:23","modified_gmt":"2025-06-14T11:09:23","slug":"gelato-41","status":"publish","type":"product","link":"https:\/\/herbelegale.com\/fi\/product\/gelato-41\/","title":{"rendered":"Gelato 41"},"content":{"rendered":"<h2><b>Osta Gelato 41 netist\u00e4: Ensiluokkainen kannabiskokemus vain klikkauksen p\u00e4\u00e4ss\u00e4<\/b><\/h2>\n<p><span style=\"font-weight: 400;\"><a href=\"https:\/\/herbelegale.com\/fi\/product\/gelato-41\/\">Gelato 41<\/a> on suosittu hybridikannabislajike, joka on luotu risteytt\u00e4m\u00e4ll\u00e4 Sunset Sherbet ja Thin Mint Girl Scout Cookies. Sen kasvava suosio johtuu tasapainoisista vaikutuksista, rikkaasta terpeeniprofiilista ja helposta verkko-ostamisesta. Verkkokaupan lis\u00e4\u00e4ntymisen ansiosta Gelato 41:t\u00e4 on nyt mahdollista ostaa verkosta, mik\u00e4 tarjoaa kuluttajille vertaansa vailla olevaa mukavuutta.<\/span><\/p>\n<h3><b>Kannabiksen verkkotoimitusten nousu: maanviljelij\u00f6iden torilta kotiovelle<\/b><\/h3>\n<p><span style=\"font-weight: 400;\">Kehittyv\u00e4 kannabismarkkina on mahdollistanut kuluttajille laajan valikoiman korkealaatuisia tuotteita poistumatta kotoa. Erikoistuneet verkkoalustat tarjoavat laajan valikoiman tuotteita, mukaan lukien Gelato 41:n, huomaamattomilla ja nopeilla toimitusvaihtoehdoilla.<\/span><\/p>\n<h3><b>Miksi yh\u00e4 useammat ihmiset ostavat Gelato 41:t\u00e4 verkosta<\/b><\/h3>\n<ul>\n<li style=\"font-weight: 400;\" aria-level=\"1\"><b>Esteett\u00f6myys<\/b><span style=\"font-weight: 400;\"> Helppo p\u00e4\u00e4sy erilaisiin premium-tuotteisiin.<\/span><span style=\"font-weight: 400;\">\n<p><\/span><\/li>\n<li style=\"font-weight: 400;\" aria-level=\"1\"><b>Sopivuus<\/b><span style=\"font-weight: 400;\"> Suora kotiinkuljetus, joten ei tarvitse k\u00e4yd\u00e4 kaupassa.<\/span><span style=\"font-weight: 400;\">\n<p><\/span><\/li>\n<li style=\"font-weight: 400;\" aria-level=\"1\"><b>Valinta<\/b><span style=\"font-weight: 400;\"> Kyky vertailla eri toimittajia ja tuotteita.<\/span><span style=\"font-weight: 400;\">\n<p><\/span><\/li>\n<\/ul>\n<h3><b>Mik\u00e4 tekee gelaton erinomaiseksi 41<\/b><\/h3>\n<ul>\n<li style=\"font-weight: 400;\" aria-level=\"1\"><b>Tuoreus<\/b><span style=\"font-weight: 400;\"> Tihe\u00e4t, hartsimaiset nuput, runsaasti trikomeja.<\/span><span style=\"font-weight: 400;\">\n<p><\/span><\/li>\n<li style=\"font-weight: 400;\" aria-level=\"1\"><b>Aromi<\/b><span style=\"font-weight: 400;\"> Makea sekoitus vaniljaa, marjoja ja maanl\u00e4heisi\u00e4 vivahteita.<\/span><span style=\"font-weight: 400;\">\n<p><\/span><\/li>\n<li style=\"font-weight: 400;\" aria-level=\"1\"><b>Vaikutukset<\/b><span style=\"font-weight: 400;\"> Tasapaino kehon rentoutumisen ja henkisen stimulaation v\u00e4lill\u00e4, ihanteellinen iltak\u00e4ytt\u00f6\u00f6n tai luovuuden edist\u00e4miseen.<\/span><span style=\"font-weight: 400;\">\n<p><\/span><\/li>\n<\/ul>\n<h3><b>5 parasta paikkaa ostaa Gelato 41 -j\u00e4\u00e4tel\u00f6\u00e4 netist\u00e4 (hyv\u00e4t ja huonot puolet)<\/b><\/h3>\n<ol>\n<li style=\"font-weight: 400;\" aria-level=\"1\"><b>Kieltotilat<\/b><b>\n<p><\/b><\/p>\n<ul>\n<li style=\"font-weight: 400;\" aria-level=\"2\"><i><span style=\"font-weight: 400;\">Edut<\/span><\/i><span style=\"font-weight: 400;\"> Korkealaatuiset tuotteet, huomaamaton toimitus.<\/span><span style=\"font-weight: 400;\">\n<p><\/span><\/li>\n<li style=\"font-weight: 400;\" aria-level=\"2\"><i><span style=\"font-weight: 400;\">Haitat<\/span><\/i><span style=\"font-weight: 400;\"> Rajoitettu saatavuus alueesta riippuen.<\/span><span style=\"font-weight: 400;\">\n<p><\/span><\/li>\n<\/ul>\n<\/li>\n<li style=\"font-weight: 400;\" aria-level=\"1\"><b>Alien Labs<\/b><b>\n<p><\/b><\/p>\n<ul>\n<li style=\"font-weight: 400;\" aria-level=\"2\"><i><span style=\"font-weight: 400;\">Edut<\/span><\/i><span style=\"font-weight: 400;\"> Maine laadusta ja tehokkaista tehosteista.<\/span><span style=\"font-weight: 400;\">\n<p><\/span><\/li>\n<li style=\"font-weight: 400;\" aria-level=\"2\"><i><span style=\"font-weight: 400;\">Haitat<\/span><\/i><span style=\"font-weight: 400;\"> Korkeammat hinnat.<\/span><span style=\"font-weight: 400;\">\n<p><\/span><\/li>\n<\/ul>\n<\/li>\n<li style=\"font-weight: 400;\" aria-level=\"1\"><b>Yhdistetty kannabisyhti\u00f6<\/b><b>\n<p><\/b><\/p>\n<ul>\n<li style=\"font-weight: 400;\" aria-level=\"2\"><i><span style=\"font-weight: 400;\">Edut<\/span><\/i><span style=\"font-weight: 400;\"> : Produits prim\u00e9s, large gamme.<\/span><span style=\"font-weight: 400;\">\n<p><\/span><\/li>\n<li style=\"font-weight: 400;\" aria-level=\"2\"><i><span style=\"font-weight: 400;\">Haitat<\/span><\/i><span style=\"font-weight: 400;\"> : N\u00e9cessite une v\u00e9rification d&rsquo;\u00e2ge.<\/span><span style=\"font-weight: 400;\">\n<p><\/span><\/li>\n<\/ul>\n<\/li>\n<li style=\"font-weight: 400;\" aria-level=\"1\"><b>Dr.Ganja<\/b><b>\n<p><\/b><\/p>\n<ul>\n<li style=\"font-weight: 400;\" aria-level=\"2\"><i><span style=\"font-weight: 400;\">Edut<\/span><\/i><span style=\"font-weight: 400;\"> : Livraison gratuite, large s\u00e9lection.<\/span><span style=\"font-weight: 400;\">\n<p><\/span><\/li>\n<li style=\"font-weight: 400;\" aria-level=\"2\"><i><span style=\"font-weight: 400;\">Haitat<\/span><\/i><span style=\"font-weight: 400;\"> : Certaines options peuvent \u00eatre limit\u00e9es.<\/span><span style=\"font-weight: 400;\">\n<p><\/span><\/li>\n<\/ul>\n<\/li>\n<li style=\"font-weight: 400;\" aria-level=\"1\"><b>Budzburn<\/b><b>\n<p><\/b><\/p>\n<ul>\n<li style=\"font-weight: 400;\" aria-level=\"2\"><i><span style=\"font-weight: 400;\">Edut<\/span><\/i><span style=\"font-weight: 400;\"> : Produits biologiques, tests en laboratoire.<\/span><span style=\"font-weight: 400;\">\n<p><\/span><\/li>\n<li style=\"font-weight: 400;\" aria-level=\"2\"><i><span style=\"font-weight: 400;\">Haitat<\/span><\/i><span style=\"font-weight: 400;\"> : Peut ne pas \u00eatre disponible dans toutes les r\u00e9gions.<\/span><span style=\"font-weight: 400;\">\n<p><\/span><\/li>\n<\/ul>\n<\/li>\n<\/ol>\n<h3><b>Mit\u00e4 kannattaa ottaa huomioon ennen tilaamista<\/b><\/h3>\n<ul>\n<li style=\"font-weight: 400;\" aria-level=\"1\"><b>Toimitusehdot<\/b><span style=\"font-weight: 400;\"> Varmista, ett\u00e4 toimittaja tarjoaa huomaamatonta ja nopeaa toimitusta.<\/span><span style=\"font-weight: 400;\">\n<p><\/span><\/li>\n<li style=\"font-weight: 400;\" aria-level=\"1\"><b>Tuoreus taattu<\/b><span style=\"font-weight: 400;\"> Tarkista palautus- ja hyvitysehdot.<\/span><span style=\"font-weight: 400;\">\n<p><\/span><\/li>\n<li style=\"font-weight: 400;\" aria-level=\"1\"><b>Ainesosien l\u00e4pin\u00e4kyvyys<\/b><span style=\"font-weight: 400;\"> Etsi tietoa laboratoriotesteist\u00e4 ja terpeenianalyyseist\u00e4.<\/span><span style=\"font-weight: 400;\">\n<p><\/span><\/li>\n<\/ul>\n<h3><b>Kuinka s\u00e4ilytt\u00e4\u00e4, l\u00e4mmitt\u00e4\u00e4 ja nauttia Gelato 41:st\u00e4<\/b><\/h3>\n<ul>\n<li style=\"font-weight: 400;\" aria-level=\"1\"><b>S\u00e4ilytys<\/b><span style=\"font-weight: 400;\"> S\u00e4ilyt\u00e4 viile\u00e4ss\u00e4, pime\u00e4ss\u00e4 paikassa ilmatiiviiss\u00e4 rasiassa.<\/span><span style=\"font-weight: 400;\">\n<p><\/span><\/li>\n<li style=\"font-weight: 400;\" aria-level=\"1\"><b>L\u00e4mmitys uudelleen<\/b><span style=\"font-weight: 400;\"> Parhaan kokemuksen saavuttamiseksi k\u00e4yt\u00e4 laadukasta vaporisaattoria.<\/span><span style=\"font-weight: 400;\">\n<p><\/span><\/li>\n<li style=\"font-weight: 400;\" aria-level=\"1\"><b>Nauti<\/b><span style=\"font-weight: 400;\"> Nauti Gelato 41:n monimutkaisista aromeista ja tasapainoisista vaikutuksista.<\/span><span style=\"font-weight: 400;\">\n<p><\/span><\/li>\n<\/ul>\n<h3><b>Johtop\u00e4\u00e4t\u00f6s: Tyydyt\u00e4 premium-kannabiksen halusi poistumatta kotoa<\/b><\/h3>\n<p><span style=\"font-weight: 400;\"><a href=\"https:\/\/en.wikipedia.org\/wiki\/Gelato\">Acheter Gelato 41 en ligne<\/a> tarjoaa poikkeuksellista k\u00e4tevyytt\u00e4 ja laatua. Oletpa sitten kokenut kuluttaja tai aloittelija, t\u00e4m\u00e4 hybridilajike tarjoaa miellytt\u00e4v\u00e4n ja tasapainoisen kokemuksen.<\/span><\/p>\n<h3><b>Viimeiset vinkit turvalliseen, lailliseen ja tyydytt\u00e4v\u00e4\u00e4n ostokokemukseen<\/b><\/h3>\n<ul>\n<li style=\"font-weight: 400;\" aria-level=\"1\"><b>Tarkista laillisuus<\/b><span style=\"font-weight: 400;\"> Varmista, ett\u00e4 kannabiksen ostaminen on laillista alueellasi.<\/span><span style=\"font-weight: 400;\">\n<p><\/span><\/li>\n<li style=\"font-weight: 400;\" aria-level=\"1\"><b>Valitse hyv\u00e4maineisia toimittajia<\/b><span style=\"font-weight: 400;\"> Valitse vakiintuneita alustoja, joilla on hyv\u00e4t arvostelut.<\/span><span style=\"font-weight: 400;\">\n<p><\/span><\/li>\n<li style=\"font-weight: 400;\" aria-level=\"1\"><b>Ole ajan tasalla<\/b><span style=\"font-weight: 400;\"> Opi vaikutuksista ja oikeista annostuksista.<\/span><\/li>\n<\/ul>","protected":false},"excerpt":{"rendered":"<p>Achetez Gelato 41 en ligne : Une exp\u00e9rience de cannabis haut de gamme \u00e0 port\u00e9e de clic Gelato 41 est une vari\u00e9t\u00e9 hybride de cannabis tr\u00e8s pris\u00e9e, n\u00e9e du croisement entre Sunset Sherbet et Thin Mint Girl Scout Cookies. Sa popularit\u00e9 croissante s&rsquo;explique par ses effets \u00e9quilibr\u00e9s, son profil terp\u00e9nique riche et sa facilit\u00e9 d&rsquo;achat&#8230;<\/p>","protected":false},"featured_media":1454,"comment_status":"open","ping_status":"closed","template":"","meta":{"_kadence_starter_templates_imported_post":false,"_kad_post_transparent":"default","_kad_post_title":"","_kad_post_layout":"default","_kad_post_sidebar_id":"","_kad_post_content_style":"default","_kad_post_vertical_padding":"default","_kad_post_feature":"","_kad_post_feature_position":"","_kad_post_header":false,"_kad_post_footer":false,"_joinchat":[]},"product_brand":[],"product_cat":[17],"product_tag":[],"class_list":{"0":"post-91","1":"product","2":"type-product","3":"status-publish","4":"has-post-thumbnail","6":"product_cat-canabis-en-ligne","8":"first","9":"instock","10":"shipping-taxable","11":"purchasable","12":"product-type-variable","13":"entry","14":"content-bg","15":"loop-entry"},"yoast_head":"<!-- This site is optimized with the Yoast SEO plugin v23.5 - https:\/\/yoast.com\/wordpress\/plugins\/seo\/ -->\n<title>Achetez Gelato 41 en ligne - Gelato 41 \u00e0 vendre<\/title>\n<meta name=\"description\" content=\"Vous pouvez acheter de la glace 41 en ligne aux meilleurs prix dans notre boutique en ligne. Nous proposons de la glace 41 bon march\u00e9 et de haute qualit\u00e9 \u00e0 la vente et proposons une livraison dans le monde entier. Vous pouvez commander \u00e0 tout moment et en tout lieu.\" \/>\n<meta name=\"robots\" content=\"index, follow, max-snippet:-1, max-image-preview:large, max-video-preview:-1\" \/>\n<link rel=\"canonical\" href=\"https:\/\/herbelegale.com\/fi\/product\/gelato-41\/\" \/>\n<meta property=\"og:locale\" content=\"fi_FI\" \/>\n<meta property=\"og:type\" content=\"article\" \/>\n<meta property=\"og:title\" content=\"Achetez Gelato 41 en ligne - Gelato 41 \u00e0 vendre\" \/>\n<meta property=\"og:description\" content=\"Vous pouvez acheter de la glace 41 en ligne aux meilleurs prix dans notre boutique en ligne. Nous proposons de la glace 41 bon march\u00e9 et de haute qualit\u00e9 \u00e0 la vente et proposons une livraison dans le monde entier. Vous pouvez commander \u00e0 tout moment et en tout lieu.\" \/>\n<meta property=\"og:url\" content=\"https:\/\/herbelegale.com\/fi\/product\/gelato-41\/\" \/>\n<meta property=\"og:site_name\" content=\"Herbe L\u00e9gale\" \/>\n<meta property=\"article:modified_time\" content=\"2025-06-14T11:09:23+00:00\" \/>\n<meta property=\"og:image\" content=\"https:\/\/herbelegale.com\/wp-content\/uploads\/2023\/09\/Gelato-41.jpg\" \/>\n\t<meta property=\"og:image:width\" content=\"960\" \/>\n\t<meta property=\"og:image:height\" content=\"1280\" \/>\n\t<meta property=\"og:image:type\" content=\"image\/jpeg\" \/>\n<meta name=\"twitter:card\" content=\"summary_large_image\" \/>\n<meta name=\"twitter:label1\" content=\"Arvioitu lukuaika\" \/>\n\t<meta name=\"twitter:data1\" content=\"3 minuuttia\" \/>\n<script type=\"application\/ld+json\" class=\"yoast-schema-graph\">{\"@context\":\"https:\/\/schema.org\",\"@graph\":[{\"@type\":\"WebPage\",\"@id\":\"https:\/\/herbelegale.com\/product\/gelato-41\/\",\"url\":\"https:\/\/herbelegale.com\/product\/gelato-41\/\",\"name\":\"Achetez Gelato 41 en ligne - Gelato 41 \u00e0 vendre\",\"isPartOf\":{\"@id\":\"https:\/\/herbelegale.com\/#website\"},\"primaryImageOfPage\":{\"@id\":\"https:\/\/herbelegale.com\/product\/gelato-41\/#primaryimage\"},\"image\":{\"@id\":\"https:\/\/herbelegale.com\/product\/gelato-41\/#primaryimage\"},\"thumbnailUrl\":\"https:\/\/herbelegale.com\/wp-content\/uploads\/2023\/09\/Gelato-41.jpg\",\"datePublished\":\"2023-09-22T09:42:34+00:00\",\"dateModified\":\"2025-06-14T11:09:23+00:00\",\"description\":\"Vous pouvez acheter de la glace 41 en ligne aux meilleurs prix dans notre boutique en ligne. Nous proposons de la glace 41 bon march\u00e9 et de haute qualit\u00e9 \u00e0 la vente et proposons une livraison dans le monde entier. Vous pouvez commander \u00e0 tout moment et en tout lieu.\",\"breadcrumb\":{\"@id\":\"https:\/\/herbelegale.com\/product\/gelato-41\/#breadcrumb\"},\"inLanguage\":\"fi\",\"potentialAction\":[{\"@type\":\"ReadAction\",\"target\":[\"https:\/\/herbelegale.com\/product\/gelato-41\/\"]}]},{\"@type\":\"ImageObject\",\"inLanguage\":\"fi\",\"@id\":\"https:\/\/herbelegale.com\/product\/gelato-41\/#primaryimage\",\"url\":\"https:\/\/herbelegale.com\/wp-content\/uploads\/2023\/09\/Gelato-41.jpg\",\"contentUrl\":\"https:\/\/herbelegale.com\/wp-content\/uploads\/2023\/09\/Gelato-41.jpg\",\"width\":960,\"height\":1280,\"caption\":\"Gelato 41\"},{\"@type\":\"BreadcrumbList\",\"@id\":\"https:\/\/herbelegale.com\/product\/gelato-41\/#breadcrumb\",\"itemListElement\":[{\"@type\":\"ListItem\",\"position\":1,\"name\":\"Home\",\"item\":\"https:\/\/herbelegale.com\/\"},{\"@type\":\"ListItem\",\"position\":2,\"name\":\"Boutique\",\"item\":\"https:\/\/herbelegale.com\/boutique\/\"},{\"@type\":\"ListItem\",\"position\":3,\"name\":\"Gelato 41\"}]},{\"@type\":\"WebSite\",\"@id\":\"https:\/\/herbelegale.com\/#website\",\"url\":\"https:\/\/herbelegale.com\/\",\"name\":\"Herbe L\u00e9gale\",\"description\":\"Acheter de l&#039;herbe en ligne\",\"publisher\":{\"@id\":\"https:\/\/herbelegale.com\/#organization\"},\"potentialAction\":[{\"@type\":\"SearchAction\",\"target\":{\"@type\":\"EntryPoint\",\"urlTemplate\":\"https:\/\/herbelegale.com\/?s={search_term_string}\"},\"query-input\":{\"@type\":\"PropertyValueSpecification\",\"valueRequired\":true,\"valueName\":\"search_term_string\"}}],\"inLanguage\":\"fi\"},{\"@type\":\"Organization\",\"@id\":\"https:\/\/herbelegale.com\/#organization\",\"name\":\"Herbe L\u00e9gale\",\"url\":\"https:\/\/herbelegale.com\/\",\"logo\":{\"@type\":\"ImageObject\",\"inLanguage\":\"fi\",\"@id\":\"https:\/\/herbelegale.com\/#\/schema\/logo\/image\/\",\"url\":\"https:\/\/herbelegale.com\/wp-content\/uploads\/2023\/10\/logo-1.png\",\"contentUrl\":\"https:\/\/herbelegale.com\/wp-content\/uploads\/2023\/10\/logo-1.png\",\"width\":400,\"height\":120,\"caption\":\"Herbe L\u00e9gale\"},\"image\":{\"@id\":\"https:\/\/herbelegale.com\/#\/schema\/logo\/image\/\"}}]}<\/script>\n<!-- \/ Yoast SEO plugin. -->","yoast_head_json":{"title":"Achetez Gelato 41 en ligne - Gelato 41 \u00e0 vendre","description":"Vous pouvez acheter de la glace 41 en ligne aux meilleurs prix dans notre boutique en ligne. Nous proposons de la glace 41 bon march\u00e9 et de haute qualit\u00e9 \u00e0 la vente et proposons une livraison dans le monde entier. Vous pouvez commander \u00e0 tout moment et en tout lieu.","robots":{"index":"index","follow":"follow","max-snippet":"max-snippet:-1","max-image-preview":"max-image-preview:large","max-video-preview":"max-video-preview:-1"},"canonical":"https:\/\/herbelegale.com\/fi\/product\/gelato-41\/","og_locale":"fi_FI","og_type":"article","og_title":"Achetez Gelato 41 en ligne - Gelato 41 \u00e0 vendre","og_description":"Vous pouvez acheter de la glace 41 en ligne aux meilleurs prix dans notre boutique en ligne. Nous proposons de la glace 41 bon march\u00e9 et de haute qualit\u00e9 \u00e0 la vente et proposons une livraison dans le monde entier. Vous pouvez commander \u00e0 tout moment et en tout lieu.","og_url":"https:\/\/herbelegale.com\/fi\/product\/gelato-41\/","og_site_name":"Herbe L\u00e9gale","article_modified_time":"2025-06-14T11:09:23+00:00","og_image":[{"width":960,"height":1280,"url":"https:\/\/herbelegale.com\/wp-content\/uploads\/2023\/09\/Gelato-41.jpg","type":"image\/jpeg"}],"twitter_card":"summary_large_image","twitter_misc":{"Arvioitu lukuaika":"3 minuuttia"},"schema":{"@context":"https:\/\/schema.org","@graph":[{"@type":"WebPage","@id":"https:\/\/herbelegale.com\/product\/gelato-41\/","url":"https:\/\/herbelegale.com\/product\/gelato-41\/","name":"Achetez Gelato 41 en ligne - Gelato 41 \u00e0 vendre","isPartOf":{"@id":"https:\/\/herbelegale.com\/#website"},"primaryImageOfPage":{"@id":"https:\/\/herbelegale.com\/product\/gelato-41\/#primaryimage"},"image":{"@id":"https:\/\/herbelegale.com\/product\/gelato-41\/#primaryimage"},"thumbnailUrl":"https:\/\/herbelegale.com\/wp-content\/uploads\/2023\/09\/Gelato-41.jpg","datePublished":"2023-09-22T09:42:34+00:00","dateModified":"2025-06-14T11:09:23+00:00","description":"Vous pouvez acheter de la glace 41 en ligne aux meilleurs prix dans notre boutique en ligne. Nous proposons de la glace 41 bon march\u00e9 et de haute qualit\u00e9 \u00e0 la vente et proposons une livraison dans le monde entier. Vous pouvez commander \u00e0 tout moment et en tout lieu.","breadcrumb":{"@id":"https:\/\/herbelegale.com\/product\/gelato-41\/#breadcrumb"},"inLanguage":"fi","potentialAction":[{"@type":"ReadAction","target":["https:\/\/herbelegale.com\/product\/gelato-41\/"]}]},{"@type":"ImageObject","inLanguage":"fi","@id":"https:\/\/herbelegale.com\/product\/gelato-41\/#primaryimage","url":"https:\/\/herbelegale.com\/wp-content\/uploads\/2023\/09\/Gelato-41.jpg","contentUrl":"https:\/\/herbelegale.com\/wp-content\/uploads\/2023\/09\/Gelato-41.jpg","width":960,"height":1280,"caption":"Gelato 41"},{"@type":"BreadcrumbList","@id":"https:\/\/herbelegale.com\/product\/gelato-41\/#breadcrumb","itemListElement":[{"@type":"ListItem","position":1,"name":"Home","item":"https:\/\/herbelegale.com\/"},{"@type":"ListItem","position":2,"name":"Boutique","item":"https:\/\/herbelegale.com\/boutique\/"},{"@type":"ListItem","position":3,"name":"Gelato 41"}]},{"@type":"WebSite","@id":"https:\/\/herbelegale.com\/#website","url":"https:\/\/herbelegale.com\/","name":"Herbe L\u00e9gale","description":"Acheter de l&#039;herbe en ligne","publisher":{"@id":"https:\/\/herbelegale.com\/#organization"},"potentialAction":[{"@type":"SearchAction","target":{"@type":"EntryPoint","urlTemplate":"https:\/\/herbelegale.com\/?s={search_term_string}"},"query-input":{"@type":"PropertyValueSpecification","valueRequired":true,"valueName":"search_term_string"}}],"inLanguage":"fi"},{"@type":"Organization","@id":"https:\/\/herbelegale.com\/#organization","name":"Herbe L\u00e9gale","url":"https:\/\/herbelegale.com\/","logo":{"@type":"ImageObject","inLanguage":"fi","@id":"https:\/\/herbelegale.com\/#\/schema\/logo\/image\/","url":"https:\/\/herbelegale.com\/wp-content\/uploads\/2023\/10\/logo-1.png","contentUrl":"https:\/\/herbelegale.com\/wp-content\/uploads\/2023\/10\/logo-1.png","width":400,"height":120,"caption":"Herbe L\u00e9gale"},"image":{"@id":"https:\/\/herbelegale.com\/#\/schema\/logo\/image\/"}}]}},"_links":{"self":[{"href":"https:\/\/herbelegale.com\/fi\/wp-json\/wp\/v2\/product\/91","targetHints":{"allow":["GET"]}}],"collection":[{"href":"https:\/\/herbelegale.com\/fi\/wp-json\/wp\/v2\/product"}],"about":[{"href":"https:\/\/herbelegale.com\/fi\/wp-json\/wp\/v2\/types\/product"}],"replies":[{"embeddable":true,"href":"https:\/\/herbelegale.com\/fi\/wp-json\/wp\/v2\/comments?post=91"}],"wp:featuredmedia":[{"embeddable":true,"href":"https:\/\/herbelegale.com\/fi\/wp-json\/wp\/v2\/media\/1454"}],"wp:attachment":[{"href":"https:\/\/herbelegale.com\/fi\/wp-json\/wp\/v2\/media?parent=91"}],"wp:term":[{"taxonomy":"product_brand","embeddable":true,"href":"https:\/\/herbelegale.com\/fi\/wp-json\/wp\/v2\/product_brand?post=91"},{"taxonomy":"product_cat","embeddable":true,"href":"https:\/\/herbelegale.com\/fi\/wp-json\/wp\/v2\/product_cat?post=91"},{"taxonomy":"product_tag","embeddable":true,"href":"https:\/\/herbelegale.com\/fi\/wp-json\/wp\/v2\/product_tag?post=91"}],"curies":[{"name":"wp","href":"https:\/\/api.w.org\/{rel}","templated":true}]}}