{"id":43,"date":"2023-09-22T08:50:01","date_gmt":"2023-09-22T08:50:01","guid":{"rendered":"https:\/\/nembutalhouse.com\/weed\/?post_type=product&#038;p=43"},"modified":"2025-07-21T12:28:21","modified_gmt":"2025-07-21T12:28:21","slug":"pina-colada","status":"publish","type":"product","link":"https:\/\/herbelegale.com\/fi\/product\/pina-colada\/","title":{"rendered":"Pina Colada"},"content":{"rendered":"<h2><b>Osta Pina Coladaa netist\u00e4: Tuoreutta ja eksoottisia makuja vain klikkauksen p\u00e4\u00e4ss\u00e4<\/b><\/h2>\n<p>La <a href=\"https:\/\/herbelegale.com\/fi\/product\/pina-colada\/\">Pina Colada<\/a> Pina Colada on paljon enemm\u00e4n kuin vain trooppinen cocktail, josta nautitaan maailmanlaajuisesti. Termi voi viitata my\u00f6s johdannaistuotteisiin, teemaversioihin tai jopa t\u00e4m\u00e4n klassikon inspiroimiin makeisiin ja juomiin. Vastustamattomalla ananaksen, kookoksen ja rommin yhdistelm\u00e4ll\u00e4\u00e4n Pina Colada valloittaa yh\u00e4 useampia kuluttajia.<\/p>\n<p>Actuellement, la <a href=\"https:\/\/en.wikipedia.org\/wiki\/Pi%C3%B1a_colada\">Pina Colada on eritt\u00e4in trendik\u00e4s netiss\u00e4<\/a> Kysynt\u00e4 r\u00e4j\u00e4ht\u00e4\u00e4, koska teema- ja gourmet-tuotteita on helppo tilata suoraan kotoa, erityisesti tilanteissa, joissa kotiinkuljetus on suositeltavampaa.<\/p>\n<h3><b>Miksi ostaa Pina Coladaa netist\u00e4?<\/b><\/h3>\n<p>T\u00e4m\u00e4n tuotteen ostaminen verkosta tarjoaa useita merkitt\u00e4vi\u00e4 etuja:<\/p>\n<ul>\n<li style=\"font-weight: 400;\" aria-level=\"1\">Huomaamaton ja erikoistunut toimitus: ihanteellinen suosikkituotteidesi vastaanottamiseen t\u00e4ysin luottamuksellisesti.<\/li>\n<li style=\"font-weight: 400;\" aria-level=\"1\">Laaja valikoima ja eksklusiivisia tuotteita: p\u00e4\u00e4sy alkuper\u00e4isiin tai artesaanituotteisiin, joita on vaikea l\u00f6yt\u00e4\u00e4 kaupoista.<\/li>\n<li style=\"font-weight: 400;\" aria-level=\"1\">S\u00e4\u00e4st\u00e4 aikaa: tilaa sohvaltasi ja saat sen toimitettuna kotiisi nopeasti.<\/li>\n<li style=\"font-weight: 400;\" aria-level=\"1\">Paras hinta taattu: hy\u00f6dynn\u00e4 usein tarjouksia ja kilpailukykyisi\u00e4 hintoja, erityisesti laadukkaiden tuotteiden kohdalla.<\/li>\n<\/ul>\n<h3><b>Mik\u00e4 tekee Pina Coladasta hyv\u00e4n?<\/b><\/h3>\n<p><span style=\"font-weight: 400;\">Onnistuneen Pina Coladan saamiseksi on useita kriteerej\u00e4:<\/span><\/p>\n<ul>\n<li style=\"font-weight: 400;\" aria-level=\"1\">Tuoreita ja luonnollisia ainesosia: kyps\u00e4\u00e4 ananasta, aitoa kookoskermaa ja laadukasta rommia.<\/li>\n<li style=\"font-weight: 400;\" aria-level=\"1\">T\u00e4ydellinen makujen tasapaino: ei liian makea, ei liian voimakas, pehme\u00e4 ja virkist\u00e4v\u00e4 koostumus.<\/li>\n<li style=\"font-weight: 400;\" aria-level=\"1\">Huolellinen esillepano: houkutteleva pakkaus takaa tuoreuden ja k\u00e4yt\u00e4nn\u00f6llisyyden.<\/li>\n<li style=\"font-weight: 400;\" aria-level=\"1\">Artesaani- tai premium-variantit: K\u00e4sintehdyt tai pientuotantoiset tuotteet tarjoavat erinomaisen makuel\u00e4myksen.<\/li>\n<\/ul>\n<h3><b>Parhaat alustat Pina Coladan tilaamiseen verkossa<\/b><\/h3>\n<ul>\n<li style=\"font-weight: 400;\" aria-level=\"1\">Juomiin ja cocktaileihin erikoistuneet verkkokaupat: usein merkittyj\u00e4 ja laatutakuulla varustettuja.<\/li>\n<li style=\"font-weight: 400;\" aria-level=\"1\">K\u00e4sity\u00f6l\u00e4ismarkkinapaikat (Etsy jne.): ainutlaatuisia ja k\u00e4sintehtyj\u00e4 tuotteita.<\/li>\n<li style=\"font-weight: 400;\" aria-level=\"1\">Yleiset ruoan toimitussivustot: nopeus ja helppous ostaa.<\/li>\n<li style=\"font-weight: 400;\" aria-level=\"1\">Baarit ja tislaamot, jotka tarjoavat suoratoimitusta: tuoreus ja aitous taattu.<\/li>\n<\/ul>\n<h3><b>Miten valita oikea tuote tai myyj\u00e4?<\/b><\/h3>\n<ul>\n<li style=\"font-weight: 400;\" aria-level=\"1\">Tarkista asiakasarvostelut: ne heijastavat todellista laatua ja ostokokemusta.<\/li>\n<li style=\"font-weight: 400;\" aria-level=\"1\">Ota selv\u00e4\u00e4 alkuper\u00e4st\u00e4 ja ainesosista: l\u00e4pin\u00e4kyvyys on olennaista.<\/li>\n<li style=\"font-weight: 400;\" aria-level=\"1\">Tarkista toimitusehdot ja tuoreustakuut.<\/li>\n<li style=\"font-weight: 400;\" aria-level=\"1\">Suosi myyji\u00e4, jotka tarjoavat selke\u00e4\u00e4 myynninj\u00e4lkeist\u00e4 palvelua ja palautusvaihtoehtoja.<\/li>\n<\/ul>\n<h3><b>Yhteenveto: Miksi Pina Coladaa kannattaa kokeilla ja mist\u00e4 sit\u00e4 voi ostaa<\/b><\/h3>\n<p>Pina Colada on kutsu matkustamiseen ja rentoutumiseen, helposti saatavilla verkossa. Olitpa sitten aperitiivin, teemajuhlien tai vain hemmotteluhetken kohteena, t\u00e4m\u00e4 on paras paikka ostaa Pina Coladaa verkosta valikoiman, laadun ja k\u00e4tev\u00e4n toimituksen ansiosta.<\/p>\n<p>&nbsp;<\/p>","protected":false},"excerpt":{"rendered":"<p>Acheter Pina Colada en ligne : Fra\u00eecheur et Saveurs Exotiques \u00e0 Port\u00e9e de Clic La Pina Colada est bien plus qu\u2019un cocktail tropical appr\u00e9ci\u00e9 dans le monde entier. Ce terme peut aussi d\u00e9signer des produits d\u00e9riv\u00e9s, des \u00e9ditions th\u00e9matiques, ou m\u00eame des douceurs et boissons inspir\u00e9es de ce classique. Avec sa combinaison irr\u00e9sistible d\u2019ananas, de&#8230;<\/p>","protected":false},"featured_media":352,"comment_status":"open","ping_status":"closed","template":"","meta":{"_kadence_starter_templates_imported_post":false,"_kad_post_transparent":"default","_kad_post_title":"","_kad_post_layout":"default","_kad_post_sidebar_id":"","_kad_post_content_style":"default","_kad_post_vertical_padding":"default","_kad_post_feature":"","_kad_post_feature_position":"","_kad_post_header":false,"_kad_post_footer":false,"_joinchat":[]},"product_brand":[],"product_cat":[17],"product_tag":[],"class_list":{"0":"post-43","1":"product","2":"type-product","3":"status-publish","4":"has-post-thumbnail","6":"product_cat-canabis-en-ligne","8":"first","9":"instock","10":"shipping-taxable","11":"purchasable","12":"product-type-variable","13":"entry","14":"content-bg","15":"loop-entry"},"yoast_head":"<!-- This site is optimized with the Yoast SEO plugin v23.5 - https:\/\/yoast.com\/wordpress\/plugins\/seo\/ -->\n<title>Achetez Pina Colada en ligne - Pina Colada \u00e0 vendre - Commandez Pina Colada<\/title>\n<meta name=\"description\" content=\"Si vous souhaitez acheter de la Pina Colada, nous sommes le bon choix pour vous. Notre personnel vous aidera \u00e0 acheter de la Pina Colada en ligne \u00e0 des prix avantageux. Passez votre commande chez nous !\" \/>\n<meta name=\"robots\" content=\"index, follow, max-snippet:-1, max-image-preview:large, max-video-preview:-1\" \/>\n<link rel=\"canonical\" href=\"https:\/\/herbelegale.com\/fi\/product\/pina-colada\/\" \/>\n<meta property=\"og:locale\" content=\"fi_FI\" \/>\n<meta property=\"og:type\" content=\"article\" \/>\n<meta property=\"og:title\" content=\"Achetez Pina Colada en ligne - Pina Colada \u00e0 vendre - Commandez Pina Colada\" \/>\n<meta property=\"og:description\" content=\"Si vous souhaitez acheter de la Pina Colada, nous sommes le bon choix pour vous. Notre personnel vous aidera \u00e0 acheter de la Pina Colada en ligne \u00e0 des prix avantageux. Passez votre commande chez nous !\" \/>\n<meta property=\"og:url\" content=\"https:\/\/herbelegale.com\/fi\/product\/pina-colada\/\" \/>\n<meta property=\"og:site_name\" content=\"Herbe L\u00e9gale\" \/>\n<meta property=\"article:modified_time\" content=\"2025-07-21T12:28:21+00:00\" \/>\n<meta property=\"og:image\" content=\"https:\/\/herbelegale.com\/wp-content\/uploads\/2023\/09\/Pina-Colada.jpg\" \/>\n\t<meta property=\"og:image:width\" content=\"960\" \/>\n\t<meta property=\"og:image:height\" content=\"1280\" \/>\n\t<meta property=\"og:image:type\" content=\"image\/jpeg\" \/>\n<meta name=\"twitter:card\" content=\"summary_large_image\" \/>\n<meta name=\"twitter:label1\" content=\"Arvioitu lukuaika\" \/>\n\t<meta name=\"twitter:data1\" content=\"3 minuuttia\" \/>\n<script type=\"application\/ld+json\" class=\"yoast-schema-graph\">{\"@context\":\"https:\/\/schema.org\",\"@graph\":[{\"@type\":\"WebPage\",\"@id\":\"https:\/\/herbelegale.com\/product\/pina-colada\/\",\"url\":\"https:\/\/herbelegale.com\/product\/pina-colada\/\",\"name\":\"Achetez Pina Colada en ligne - Pina Colada \u00e0 vendre - Commandez Pina Colada\",\"isPartOf\":{\"@id\":\"https:\/\/herbelegale.com\/#website\"},\"primaryImageOfPage\":{\"@id\":\"https:\/\/herbelegale.com\/product\/pina-colada\/#primaryimage\"},\"image\":{\"@id\":\"https:\/\/herbelegale.com\/product\/pina-colada\/#primaryimage\"},\"thumbnailUrl\":\"https:\/\/herbelegale.com\/wp-content\/uploads\/2023\/09\/Pina-Colada.jpg\",\"datePublished\":\"2023-09-22T08:50:01+00:00\",\"dateModified\":\"2025-07-21T12:28:21+00:00\",\"description\":\"Si vous souhaitez acheter de la Pina Colada, nous sommes le bon choix pour vous. Notre personnel vous aidera \u00e0 acheter de la Pina Colada en ligne \u00e0 des prix avantageux. Passez votre commande chez nous !\",\"breadcrumb\":{\"@id\":\"https:\/\/herbelegale.com\/product\/pina-colada\/#breadcrumb\"},\"inLanguage\":\"fi\",\"potentialAction\":[{\"@type\":\"ReadAction\",\"target\":[\"https:\/\/herbelegale.com\/product\/pina-colada\/\"]}]},{\"@type\":\"ImageObject\",\"inLanguage\":\"fi\",\"@id\":\"https:\/\/herbelegale.com\/product\/pina-colada\/#primaryimage\",\"url\":\"https:\/\/herbelegale.com\/wp-content\/uploads\/2023\/09\/Pina-Colada.jpg\",\"contentUrl\":\"https:\/\/herbelegale.com\/wp-content\/uploads\/2023\/09\/Pina-Colada.jpg\",\"width\":960,\"height\":1280,\"caption\":\"Pina Colada\"},{\"@type\":\"BreadcrumbList\",\"@id\":\"https:\/\/herbelegale.com\/product\/pina-colada\/#breadcrumb\",\"itemListElement\":[{\"@type\":\"ListItem\",\"position\":1,\"name\":\"Home\",\"item\":\"https:\/\/herbelegale.com\/\"},{\"@type\":\"ListItem\",\"position\":2,\"name\":\"Boutique\",\"item\":\"https:\/\/herbelegale.com\/boutique\/\"},{\"@type\":\"ListItem\",\"position\":3,\"name\":\"Pina Colada\"}]},{\"@type\":\"WebSite\",\"@id\":\"https:\/\/herbelegale.com\/#website\",\"url\":\"https:\/\/herbelegale.com\/\",\"name\":\"Herbe L\u00e9gale\",\"description\":\"Acheter de l&#039;herbe en ligne\",\"publisher\":{\"@id\":\"https:\/\/herbelegale.com\/#organization\"},\"potentialAction\":[{\"@type\":\"SearchAction\",\"target\":{\"@type\":\"EntryPoint\",\"urlTemplate\":\"https:\/\/herbelegale.com\/?s={search_term_string}\"},\"query-input\":{\"@type\":\"PropertyValueSpecification\",\"valueRequired\":true,\"valueName\":\"search_term_string\"}}],\"inLanguage\":\"fi\"},{\"@type\":\"Organization\",\"@id\":\"https:\/\/herbelegale.com\/#organization\",\"name\":\"Herbe L\u00e9gale\",\"url\":\"https:\/\/herbelegale.com\/\",\"logo\":{\"@type\":\"ImageObject\",\"inLanguage\":\"fi\",\"@id\":\"https:\/\/herbelegale.com\/#\/schema\/logo\/image\/\",\"url\":\"https:\/\/herbelegale.com\/wp-content\/uploads\/2023\/10\/logo-1.png\",\"contentUrl\":\"https:\/\/herbelegale.com\/wp-content\/uploads\/2023\/10\/logo-1.png\",\"width\":400,\"height\":120,\"caption\":\"Herbe L\u00e9gale\"},\"image\":{\"@id\":\"https:\/\/herbelegale.com\/#\/schema\/logo\/image\/\"}}]}<\/script>\n<!-- \/ Yoast SEO plugin. -->","yoast_head_json":{"title":"Achetez Pina Colada en ligne - Pina Colada \u00e0 vendre - Commandez Pina Colada","description":"Si vous souhaitez acheter de la Pina Colada, nous sommes le bon choix pour vous. Notre personnel vous aidera \u00e0 acheter de la Pina Colada en ligne \u00e0 des prix avantageux. Passez votre commande chez nous !","robots":{"index":"index","follow":"follow","max-snippet":"max-snippet:-1","max-image-preview":"max-image-preview:large","max-video-preview":"max-video-preview:-1"},"canonical":"https:\/\/herbelegale.com\/fi\/product\/pina-colada\/","og_locale":"fi_FI","og_type":"article","og_title":"Achetez Pina Colada en ligne - Pina Colada \u00e0 vendre - Commandez Pina Colada","og_description":"Si vous souhaitez acheter de la Pina Colada, nous sommes le bon choix pour vous. Notre personnel vous aidera \u00e0 acheter de la Pina Colada en ligne \u00e0 des prix avantageux. Passez votre commande chez nous !","og_url":"https:\/\/herbelegale.com\/fi\/product\/pina-colada\/","og_site_name":"Herbe L\u00e9gale","article_modified_time":"2025-07-21T12:28:21+00:00","og_image":[{"width":960,"height":1280,"url":"https:\/\/herbelegale.com\/wp-content\/uploads\/2023\/09\/Pina-Colada.jpg","type":"image\/jpeg"}],"twitter_card":"summary_large_image","twitter_misc":{"Arvioitu lukuaika":"3 minuuttia"},"schema":{"@context":"https:\/\/schema.org","@graph":[{"@type":"WebPage","@id":"https:\/\/herbelegale.com\/product\/pina-colada\/","url":"https:\/\/herbelegale.com\/product\/pina-colada\/","name":"Achetez Pina Colada en ligne - Pina Colada \u00e0 vendre - Commandez Pina Colada","isPartOf":{"@id":"https:\/\/herbelegale.com\/#website"},"primaryImageOfPage":{"@id":"https:\/\/herbelegale.com\/product\/pina-colada\/#primaryimage"},"image":{"@id":"https:\/\/herbelegale.com\/product\/pina-colada\/#primaryimage"},"thumbnailUrl":"https:\/\/herbelegale.com\/wp-content\/uploads\/2023\/09\/Pina-Colada.jpg","datePublished":"2023-09-22T08:50:01+00:00","dateModified":"2025-07-21T12:28:21+00:00","description":"Si vous souhaitez acheter de la Pina Colada, nous sommes le bon choix pour vous. Notre personnel vous aidera \u00e0 acheter de la Pina Colada en ligne \u00e0 des prix avantageux. Passez votre commande chez nous !","breadcrumb":{"@id":"https:\/\/herbelegale.com\/product\/pina-colada\/#breadcrumb"},"inLanguage":"fi","potentialAction":[{"@type":"ReadAction","target":["https:\/\/herbelegale.com\/product\/pina-colada\/"]}]},{"@type":"ImageObject","inLanguage":"fi","@id":"https:\/\/herbelegale.com\/product\/pina-colada\/#primaryimage","url":"https:\/\/herbelegale.com\/wp-content\/uploads\/2023\/09\/Pina-Colada.jpg","contentUrl":"https:\/\/herbelegale.com\/wp-content\/uploads\/2023\/09\/Pina-Colada.jpg","width":960,"height":1280,"caption":"Pina Colada"},{"@type":"BreadcrumbList","@id":"https:\/\/herbelegale.com\/product\/pina-colada\/#breadcrumb","itemListElement":[{"@type":"ListItem","position":1,"name":"Home","item":"https:\/\/herbelegale.com\/"},{"@type":"ListItem","position":2,"name":"Boutique","item":"https:\/\/herbelegale.com\/boutique\/"},{"@type":"ListItem","position":3,"name":"Pina Colada"}]},{"@type":"WebSite","@id":"https:\/\/herbelegale.com\/#website","url":"https:\/\/herbelegale.com\/","name":"Herbe L\u00e9gale","description":"Acheter de l&#039;herbe en ligne","publisher":{"@id":"https:\/\/herbelegale.com\/#organization"},"potentialAction":[{"@type":"SearchAction","target":{"@type":"EntryPoint","urlTemplate":"https:\/\/herbelegale.com\/?s={search_term_string}"},"query-input":{"@type":"PropertyValueSpecification","valueRequired":true,"valueName":"search_term_string"}}],"inLanguage":"fi"},{"@type":"Organization","@id":"https:\/\/herbelegale.com\/#organization","name":"Herbe L\u00e9gale","url":"https:\/\/herbelegale.com\/","logo":{"@type":"ImageObject","inLanguage":"fi","@id":"https:\/\/herbelegale.com\/#\/schema\/logo\/image\/","url":"https:\/\/herbelegale.com\/wp-content\/uploads\/2023\/10\/logo-1.png","contentUrl":"https:\/\/herbelegale.com\/wp-content\/uploads\/2023\/10\/logo-1.png","width":400,"height":120,"caption":"Herbe L\u00e9gale"},"image":{"@id":"https:\/\/herbelegale.com\/#\/schema\/logo\/image\/"}}]}},"_links":{"self":[{"href":"https:\/\/herbelegale.com\/fi\/wp-json\/wp\/v2\/product\/43","targetHints":{"allow":["GET"]}}],"collection":[{"href":"https:\/\/herbelegale.com\/fi\/wp-json\/wp\/v2\/product"}],"about":[{"href":"https:\/\/herbelegale.com\/fi\/wp-json\/wp\/v2\/types\/product"}],"replies":[{"embeddable":true,"href":"https:\/\/herbelegale.com\/fi\/wp-json\/wp\/v2\/comments?post=43"}],"wp:featuredmedia":[{"embeddable":true,"href":"https:\/\/herbelegale.com\/fi\/wp-json\/wp\/v2\/media\/352"}],"wp:attachment":[{"href":"https:\/\/herbelegale.com\/fi\/wp-json\/wp\/v2\/media?parent=43"}],"wp:term":[{"taxonomy":"product_brand","embeddable":true,"href":"https:\/\/herbelegale.com\/fi\/wp-json\/wp\/v2\/product_brand?post=43"},{"taxonomy":"product_cat","embeddable":true,"href":"https:\/\/herbelegale.com\/fi\/wp-json\/wp\/v2\/product_cat?post=43"},{"taxonomy":"product_tag","embeddable":true,"href":"https:\/\/herbelegale.com\/fi\/wp-json\/wp\/v2\/product_tag?post=43"}],"curies":[{"name":"wp","href":"https:\/\/api.w.org\/{rel}","templated":true}]}}