{"id":1391,"date":"2023-09-30T10:46:42","date_gmt":"2023-09-30T10:46:42","guid":{"rendered":"https:\/\/nembutalhouse.com\/weed\/?post_type=product&#038;p=1391"},"modified":"2025-07-19T12:31:13","modified_gmt":"2025-07-19T12:31:13","slug":"sour-diesel-cannabis-oil","status":"publish","type":"product","link":"https:\/\/herbelegale.com\/fi\/product\/sour-diesel-cannabis-oil\/","title":{"rendered":"Sour Diesel Kannabis\u00f6ljy"},"content":{"rendered":"<h2><b>Sour Diesel -kannabis\u00f6ljy \u2013 Puhdasta energiaa ja v\u00e4lit\u00f6nt\u00e4 helpotusta<\/b><\/h2>\n<p><a href=\"https:\/\/herbelegale.com\/fi\/product\/sour-diesel-cannabis-oil\/\">L&rsquo;Huile de Cannabis Sour Diesel<\/a> on korkealaatuinen tiivistetty kannabisuute suositusta Sour Diesel -kannabislajikkeesta, joka tunnetaan energisoivista ja mielialaa kohottavista vaikutuksistaan. T\u00e4m\u00e4 \u00f6ljy on ihanteellinen ratkaisu niille, jotka haluavat yhdist\u00e4\u00e4 energisen vaikutuksen ja hy\u00f6ty\u00e4 kannabiksen terapeuttisista ominaisuuksista, erityisesti stressin, v\u00e4symyksen ja muiden p\u00e4ivitt\u00e4isten vaivojen torjunnassa. Oletpa sitten satunnainen kuluttaja tai kokenut asiantuntija, Sour Diesel -\u00f6ljy t\u00e4ytt\u00e4\u00e4 odotuksesi tehollaan ja hy\u00f6dyill\u00e4\u00e4n.<\/p>\n<h3><b>Mit\u00e4 on Sour Diesel -kannabis\u00f6ljy?<\/b><\/h3>\n<p><a href=\"https:\/\/en.wikipedia.org\/wiki\/Sour_Diesel\">L&rsquo;huile Sour Diesel<\/a> on tiivistetty uute Sour Diesel -kannasta, sativa-lajikkeesta, jota arvostetaan kannabismaailmassa sen sitruunaisen maun ja stimuloivan vaikutuksen vuoksi. T\u00e4m\u00e4 \u00f6ljy uutetaan kannabiksen trikomeista, mik\u00e4 mahdollistaa korkean THC- ja CBD-pitoisuuden ja tarjoaa voimakkaita ja pitk\u00e4kestoisia vaikutuksia. Se on ihanteellinen niille, jotka etsiv\u00e4t energisoivaa kokemusta ja parempaa keskittymiskyky\u00e4. Hapanta diesel\u00f6ljy\u00e4 voidaan k\u00e4ytt\u00e4\u00e4 monin eri tavoin, mukaan lukien kielen alle, kapseleissa tai jopa h\u00f6yrystimess\u00e4.<\/p>\n<h3><b>Hapan diesel\u00f6ljyn yleiset k\u00e4ytt\u00f6tarkoitukset ja vaikutukset<\/b><\/h3>\n<p><b>Tyypilliset tehosteet:<\/b><\/p>\n<ul>\n<li style=\"font-weight: 400;\" aria-level=\"1\">Energianlis\u00e4ys ja mielialan kohentuminen&nbsp;<\/li>\n<li style=\"font-weight: 400;\" aria-level=\"1\">Stressin ja ahdistuksen v\u00e4heneminen&nbsp;<\/li>\n<li style=\"font-weight: 400;\" aria-level=\"1\">Parempi keskittymiskyky ja tuottavuus&nbsp;<\/li>\n<li style=\"font-weight: 400;\" aria-level=\"1\">Soulagement des douleurs chroniques (articulaires, musculaires)&nbsp;<\/li>\n<li style=\"font-weight: 400;\" aria-level=\"1\">Euforinen ja virkist\u00e4v\u00e4 vaikutus&nbsp;<\/li>\n<\/ul>\n<h3><b>Kulutusmenetelm\u00e4t:<\/b><\/h3>\n<ul>\n<li style=\"font-weight: 400;\" aria-level=\"1\">Kielen alle (nopeaan imeytymiseen)&nbsp;<\/li>\n<li style=\"font-weight: 400;\" aria-level=\"1\">Sekoitettuna ruokaan tai juomaan&nbsp;<\/li>\n<li style=\"font-weight: 400;\" aria-level=\"1\">H\u00f6yrystys (utilisation d\u2019un vaporisateur yhteensopiva)&nbsp;<\/li>\n<li style=\"font-weight: 400;\" aria-level=\"1\">Kapselissa (helppo annostelu)&nbsp;<\/li>\n<\/ul>\n<h3><b>Oikeudellinen asema: kehys, joka vaihtelee alueittain<\/b><\/h3>\n<p>Sour Diesel -kannabis\u00f6ljyn laillinen asema vaihtelee suuresti alueittain tai maittain. Joissakin laink\u00e4ytt\u00f6alueissa \u00f6ljyn k\u00e4ytt\u00f6 on t\u00e4ysin laillista, kun taas toisissa sit\u00e4 s\u00e4\u00e4nnell\u00e4\u00e4n tiukasti. Kannabiksen ostoon, myyntiin ja k\u00e4ytt\u00f6\u00f6n sovelletaan siksi erityisi\u00e4 paikallisia lakeja.<\/p>\n<p>Vinkki: Ennen kuin tilaat Sour Diesel -\u00f6ljy\u00e4 verkosta, varmista, ett\u00e4 tied\u00e4t paikalliset kannabiksen myynti\u00e4 ja kulutusta koskevat lait.<\/p>\n<h3><b>Miksi ostaa Sour Diesel -kannabis\u00f6ljy\u00e4 verkosta?<\/b><\/h3>\n<p><b>Esteett\u00f6myys<\/b><\/p>\n<p>Hapan diesel\u00f6ljyn ostaminen verkosta tarjoaa sinulle vertaansa vailla olevaa mukavuutta. Voit k\u00e4ytt\u00e4\u00e4 laadukkaita tuotteita poistumatta kotoa, ja voit helposti vertailla hintoja ja ominaisuuksia. Se on my\u00f6s loistava tapa ohittaa maantieteelliset rajoitukset ja saada premium-tuotteita.<\/p>\n<p><b>Myyjien monimuotoisuus<\/b><\/p>\n<p>Internetist\u00e4 l\u00f6yd\u00e4t laajan valikoiman erikoistuneita myyji\u00e4, jotka tarjoavat Sour Diesel -kannabis\u00f6ljy\u00e4 eri laatuisina ja hintaisina tuotteina. N\u00e4in l\u00f6yd\u00e4t ihanteellisen hapanta diesel\u00f6ljy\u00e4 budjettiisi sopivaan hintaan ja saat samalla k\u00e4ytt\u00f6\u00f6si yksityiskohtaiset tiedot tuotteen alkuper\u00e4st\u00e4 ja koostumuksesta.<\/p>\n<p><b>Huomaamaton ja turvallinen toimitus<\/b><\/p>\n<p>Parhaat alustat tarjoavat huomaamattoman toimituksen ja yksinkertaisen pakkauksen, mik\u00e4 varmistaa ostostesi yksityisyyden. Lis\u00e4ksi monet sivustot tarjoavat pikatoimitusvaihtoehtoja sek\u00e4 tarkan tilauksen seurannan.<\/p>\n<h3><b>Kuinka valita luotettava myyj\u00e4 tilataksesi Sour Diesel -kannabis\u00f6ljy\u00e4 verkosta?<\/b><\/h3>\n<p>Onnistuneen ostokokemuksen varmistamiseksi ja ep\u00e4miellytt\u00e4vien yll\u00e4tysten v\u00e4ltt\u00e4miseksi t\u00e4ss\u00e4 on joitakin kriteerej\u00e4, jotka kannattaa ottaa huomioon verkkokauppiasta valittaessa:<\/p>\n<ol>\n<li style=\"font-weight: 400;\" aria-level=\"1\">Tarkista myyj\u00e4n maine, lue asiakasarvosteluja ja etsi suosituksia foorumeilla tai kuluttajaryhmiss\u00e4.&nbsp;<\/li>\n<li style=\"font-weight: 400;\" aria-level=\"1\">Tuotteen l\u00e4pin\u00e4kyvyys: Varmista, ett\u00e4 myyj\u00e4 antaa yksityiskohtaiset tiedot \u00f6ljyn l\u00e4hteest\u00e4, THC- ja CBD-pitoisuudesta sek\u00e4 uuttoprosessista.&nbsp;<\/li>\n<li style=\"font-weight: 400;\" aria-level=\"1\">Maksuturvallisuus: Valitse sivustoja, joilla on maksuturvallisuus suojataksesi pankkitietosi.&nbsp;<\/li>\n<li style=\"font-weight: 400;\" aria-level=\"1\">Toimitus- ja palautusk\u00e4yt\u00e4nt\u00f6: Tarkista palautusk\u00e4yt\u00e4nn\u00f6t ja huomaamattomat toimitusvaihtoehdot<span style=\"font-weight: 400;\"> pour garantir un achat sans tracas.<\/span><\/li>\n<\/ol>\n<h3><b>Toimitusk\u00e4yt\u00e4nn\u00f6t<\/b><\/h3>\n<p>Luotettavat sivustot tarjoavat nopean toimituksen ja yksityiskohtaisen tilauksen seurannan. Voit my\u00f6s valita huomaamattomia toimitusvaihtoehtoja, mik\u00e4 varmistaa ostostesi luottamuksellisuuden. Jotkut myyj\u00e4t tarjoavat jopa alennettua tai ilmaista toimitusta tilauksen loppusummasta riippuen.<\/p>\n<h3><b>Riskit ja varotoimet<\/b><\/h3>\n<p>Vaikka hapan diesel\u00f6ljy on luonnontuote, liialliseen k\u00e4ytt\u00f6\u00f6n liittyy joitakin riskej\u00e4, mukaan lukien:<\/p>\n<ul>\n<li style=\"font-weight: 400;\" aria-level=\"1\">Liiallinen uneliaisuus tai v\u00e4symyksen tunne&nbsp;<\/li>\n<li style=\"font-weight: 400;\" aria-level=\"1\">Angst oder Paranoia bei sensiblen Menschen&nbsp;<\/li>\n<li style=\"font-weight: 400;\" aria-level=\"1\">Wechselwirkungen mit bestimmten Medikamenten<span style=\"font-weight: 400;\"> (erityisesti l\u00e4\u00e4ketieteellisess\u00e4 hoidossa oleville)<\/span>&nbsp;<\/li>\n<\/ul>\n<h3><b>Varotoimet:<\/b><\/h3>\n<ul>\n<li style=\"font-weight: 400;\" aria-level=\"1\">Aloita pienell\u00e4 annoksella, varsinkin jos olet aloittelija&nbsp;<\/li>\n<li style=\"font-weight: 400;\" aria-level=\"1\">No conduzca despu\u00e9s de beber&nbsp;<\/li>\n<li style=\"font-weight: 400;\" aria-level=\"1\">Ota yhteytt\u00e4 terveydenhuollon ammattilaiseen, jos sinulla on huolenaiheita kannabistuotteiden k\u00e4yt\u00f6st\u00e4, erityisesti jos olet raskaana, imet\u00e4t tai k\u00e4yt\u00e4t l\u00e4\u00e4kkeit\u00e4.&nbsp;<\/li>\n<\/ul>\n<h3><b>Yhteenveto: Energisoi p\u00e4iv\u00e4si hapanta diesel\u00f6ljy\u00e4 k\u00e4ytt\u00e4en<\/b><\/h3>\n<p>Sour Diesel -kannabis\u00f6ljy on loistava vaihtoehto niille, jotka etsiv\u00e4t energisoivaa kokemusta, jolla on v\u00e4litt\u00f6mi\u00e4 ja pitk\u00e4aikaisia vaikutuksia. Tehokkuutensa ja terapeuttisten ominaisuuksiensa ansiosta se sopii erinomaisesti stressin lievitt\u00e4miseen ja keskittymiskyvyn parantamiseen. Sour Diesel -\u00f6ljyn ostaminen verkosta tarjoaa sinulle helpon p\u00e4\u00e4syn laadukkaaseen tuotteeseen, joka toimitetaan suoraan kotiovellesi huomaamattomassa pakkauksessa.<\/p>","protected":false},"excerpt":{"rendered":"<p>Huile de Cannabis Sour Diesel \u2013 Pour une \u00c9nergie Pure et un Soulagement Instantan\u00e9 L&rsquo;Huile de Cannabis Sour Diesel est un extrait de cannabis concentr\u00e9 de haute qualit\u00e9, provenant de la c\u00e9l\u00e8bre vari\u00e9t\u00e9 Sour Diesel, connue pour ses effets \u00e9nergisants et stimulateurs d&rsquo;humeur. Cette huile est une solution id\u00e9ale pour ceux qui cherchent \u00e0 combiner&#8230;<\/p>","protected":false},"featured_media":1410,"comment_status":"open","ping_status":"closed","template":"","meta":{"_kadence_starter_templates_imported_post":false,"_kad_post_transparent":"default","_kad_post_title":"","_kad_post_layout":"default","_kad_post_sidebar_id":"","_kad_post_content_style":"default","_kad_post_vertical_padding":"default","_kad_post_feature":"","_kad_post_feature_position":"","_kad_post_header":false,"_kad_post_footer":false,"_joinchat":[]},"product_brand":[],"product_cat":[30],"product_tag":[],"class_list":{"0":"post-1391","1":"product","2":"type-product","3":"status-publish","4":"has-post-thumbnail","6":"product_cat-huile-de-cannabis-thc","8":"first","9":"instock","10":"shipping-taxable","11":"purchasable","12":"product-type-variable","13":"entry","14":"content-bg","15":"loop-entry"},"yoast_head":"<!-- This site is optimized with the Yoast SEO plugin v23.5 - https:\/\/yoast.com\/wordpress\/plugins\/seo\/ -->\n<title>Acheter de l&#039;huile de cannabis Skywalker OG en ligne<\/title>\n<meta name=\"description\" content=\"Vous souhaitez acheter de l&#039;huile de cannabis Skywalker OG en ligne \u00e0 un prix raisonnable ? Visitez notre magasin de produits chimiques en ligne r\u00e9put\u00e9 et achetez de l&#039;huile de cannabis Skywalker OG en vente d\u00e8s aujourd&#039;hui. Passez une commande maintenant et obtenez le meilleur tarif dans notre magasin.\" \/>\n<meta name=\"robots\" content=\"index, follow, max-snippet:-1, max-image-preview:large, max-video-preview:-1\" \/>\n<link rel=\"canonical\" href=\"https:\/\/herbelegale.com\/fi\/product\/sour-diesel-cannabis-oil\/\" \/>\n<meta property=\"og:locale\" content=\"fi_FI\" \/>\n<meta property=\"og:type\" content=\"article\" \/>\n<meta property=\"og:title\" content=\"Acheter de l&#039;huile de cannabis Skywalker OG en ligne\" \/>\n<meta property=\"og:description\" content=\"Vous souhaitez acheter de l&#039;huile de cannabis Skywalker OG en ligne \u00e0 un prix raisonnable ? Visitez notre magasin de produits chimiques en ligne r\u00e9put\u00e9 et achetez de l&#039;huile de cannabis Skywalker OG en vente d\u00e8s aujourd&#039;hui. Passez une commande maintenant et obtenez le meilleur tarif dans notre magasin.\" \/>\n<meta property=\"og:url\" content=\"https:\/\/herbelegale.com\/fi\/product\/sour-diesel-cannabis-oil\/\" \/>\n<meta property=\"og:site_name\" content=\"Herbe L\u00e9gale\" \/>\n<meta property=\"article:modified_time\" content=\"2025-07-19T12:31:13+00:00\" \/>\n<meta property=\"og:image\" content=\"https:\/\/herbelegale.com\/wp-content\/uploads\/2023\/09\/Sour-Diesel-Cannabis-Oil.jpg\" \/>\n\t<meta property=\"og:image:width\" content=\"600\" \/>\n\t<meta property=\"og:image:height\" content=\"600\" \/>\n\t<meta property=\"og:image:type\" content=\"image\/jpeg\" \/>\n<meta name=\"twitter:card\" content=\"summary_large_image\" \/>\n<meta name=\"twitter:label1\" content=\"Arvioitu lukuaika\" \/>\n\t<meta name=\"twitter:data1\" content=\"5 minuuttia\" \/>\n<script type=\"application\/ld+json\" class=\"yoast-schema-graph\">{\"@context\":\"https:\/\/schema.org\",\"@graph\":[{\"@type\":\"WebPage\",\"@id\":\"https:\/\/herbelegale.com\/product\/sour-diesel-cannabis-oil\/\",\"url\":\"https:\/\/herbelegale.com\/product\/sour-diesel-cannabis-oil\/\",\"name\":\"Acheter de l'huile de cannabis Skywalker OG en ligne\",\"isPartOf\":{\"@id\":\"https:\/\/herbelegale.com\/#website\"},\"primaryImageOfPage\":{\"@id\":\"https:\/\/herbelegale.com\/product\/sour-diesel-cannabis-oil\/#primaryimage\"},\"image\":{\"@id\":\"https:\/\/herbelegale.com\/product\/sour-diesel-cannabis-oil\/#primaryimage\"},\"thumbnailUrl\":\"https:\/\/herbelegale.com\/wp-content\/uploads\/2023\/09\/Sour-Diesel-Cannabis-Oil.jpg\",\"datePublished\":\"2023-09-30T10:46:42+00:00\",\"dateModified\":\"2025-07-19T12:31:13+00:00\",\"description\":\"Vous souhaitez acheter de l'huile de cannabis Skywalker OG en ligne \u00e0 un prix raisonnable ? Visitez notre magasin de produits chimiques en ligne r\u00e9put\u00e9 et achetez de l'huile de cannabis Skywalker OG en vente d\u00e8s aujourd'hui. Passez une commande maintenant et obtenez le meilleur tarif dans notre magasin.\",\"breadcrumb\":{\"@id\":\"https:\/\/herbelegale.com\/product\/sour-diesel-cannabis-oil\/#breadcrumb\"},\"inLanguage\":\"fi\",\"potentialAction\":[{\"@type\":\"ReadAction\",\"target\":[\"https:\/\/herbelegale.com\/product\/sour-diesel-cannabis-oil\/\"]}]},{\"@type\":\"ImageObject\",\"inLanguage\":\"fi\",\"@id\":\"https:\/\/herbelegale.com\/product\/sour-diesel-cannabis-oil\/#primaryimage\",\"url\":\"https:\/\/herbelegale.com\/wp-content\/uploads\/2023\/09\/Sour-Diesel-Cannabis-Oil.jpg\",\"contentUrl\":\"https:\/\/herbelegale.com\/wp-content\/uploads\/2023\/09\/Sour-Diesel-Cannabis-Oil.jpg\",\"width\":600,\"height\":600,\"caption\":\"Sour-Diesel-Cannabis-Oil\"},{\"@type\":\"BreadcrumbList\",\"@id\":\"https:\/\/herbelegale.com\/product\/sour-diesel-cannabis-oil\/#breadcrumb\",\"itemListElement\":[{\"@type\":\"ListItem\",\"position\":1,\"name\":\"Home\",\"item\":\"https:\/\/herbelegale.com\/\"},{\"@type\":\"ListItem\",\"position\":2,\"name\":\"Boutique\",\"item\":\"https:\/\/herbelegale.com\/boutique\/\"},{\"@type\":\"ListItem\",\"position\":3,\"name\":\"Sour Diesel Cannabis Oil\"}]},{\"@type\":\"WebSite\",\"@id\":\"https:\/\/herbelegale.com\/#website\",\"url\":\"https:\/\/herbelegale.com\/\",\"name\":\"Herbe L\u00e9gale\",\"description\":\"Acheter de l&#039;herbe en ligne\",\"publisher\":{\"@id\":\"https:\/\/herbelegale.com\/#organization\"},\"potentialAction\":[{\"@type\":\"SearchAction\",\"target\":{\"@type\":\"EntryPoint\",\"urlTemplate\":\"https:\/\/herbelegale.com\/?s={search_term_string}\"},\"query-input\":{\"@type\":\"PropertyValueSpecification\",\"valueRequired\":true,\"valueName\":\"search_term_string\"}}],\"inLanguage\":\"fi\"},{\"@type\":\"Organization\",\"@id\":\"https:\/\/herbelegale.com\/#organization\",\"name\":\"Herbe L\u00e9gale\",\"url\":\"https:\/\/herbelegale.com\/\",\"logo\":{\"@type\":\"ImageObject\",\"inLanguage\":\"fi\",\"@id\":\"https:\/\/herbelegale.com\/#\/schema\/logo\/image\/\",\"url\":\"https:\/\/herbelegale.com\/wp-content\/uploads\/2023\/10\/logo-1.png\",\"contentUrl\":\"https:\/\/herbelegale.com\/wp-content\/uploads\/2023\/10\/logo-1.png\",\"width\":400,\"height\":120,\"caption\":\"Herbe L\u00e9gale\"},\"image\":{\"@id\":\"https:\/\/herbelegale.com\/#\/schema\/logo\/image\/\"}}]}<\/script>\n<!-- \/ Yoast SEO plugin. -->","yoast_head_json":{"title":"Acheter de l'huile de cannabis Skywalker OG en ligne","description":"Vous souhaitez acheter de l'huile de cannabis Skywalker OG en ligne \u00e0 un prix raisonnable ? Visitez notre magasin de produits chimiques en ligne r\u00e9put\u00e9 et achetez de l'huile de cannabis Skywalker OG en vente d\u00e8s aujourd'hui. Passez une commande maintenant et obtenez le meilleur tarif dans notre magasin.","robots":{"index":"index","follow":"follow","max-snippet":"max-snippet:-1","max-image-preview":"max-image-preview:large","max-video-preview":"max-video-preview:-1"},"canonical":"https:\/\/herbelegale.com\/fi\/product\/sour-diesel-cannabis-oil\/","og_locale":"fi_FI","og_type":"article","og_title":"Acheter de l'huile de cannabis Skywalker OG en ligne","og_description":"Vous souhaitez acheter de l'huile de cannabis Skywalker OG en ligne \u00e0 un prix raisonnable ? Visitez notre magasin de produits chimiques en ligne r\u00e9put\u00e9 et achetez de l'huile de cannabis Skywalker OG en vente d\u00e8s aujourd'hui. Passez une commande maintenant et obtenez le meilleur tarif dans notre magasin.","og_url":"https:\/\/herbelegale.com\/fi\/product\/sour-diesel-cannabis-oil\/","og_site_name":"Herbe L\u00e9gale","article_modified_time":"2025-07-19T12:31:13+00:00","og_image":[{"width":600,"height":600,"url":"https:\/\/herbelegale.com\/wp-content\/uploads\/2023\/09\/Sour-Diesel-Cannabis-Oil.jpg","type":"image\/jpeg"}],"twitter_card":"summary_large_image","twitter_misc":{"Arvioitu lukuaika":"5 minuuttia"},"schema":{"@context":"https:\/\/schema.org","@graph":[{"@type":"WebPage","@id":"https:\/\/herbelegale.com\/product\/sour-diesel-cannabis-oil\/","url":"https:\/\/herbelegale.com\/product\/sour-diesel-cannabis-oil\/","name":"Acheter de l'huile de cannabis Skywalker OG en ligne","isPartOf":{"@id":"https:\/\/herbelegale.com\/#website"},"primaryImageOfPage":{"@id":"https:\/\/herbelegale.com\/product\/sour-diesel-cannabis-oil\/#primaryimage"},"image":{"@id":"https:\/\/herbelegale.com\/product\/sour-diesel-cannabis-oil\/#primaryimage"},"thumbnailUrl":"https:\/\/herbelegale.com\/wp-content\/uploads\/2023\/09\/Sour-Diesel-Cannabis-Oil.jpg","datePublished":"2023-09-30T10:46:42+00:00","dateModified":"2025-07-19T12:31:13+00:00","description":"Vous souhaitez acheter de l'huile de cannabis Skywalker OG en ligne \u00e0 un prix raisonnable ? Visitez notre magasin de produits chimiques en ligne r\u00e9put\u00e9 et achetez de l'huile de cannabis Skywalker OG en vente d\u00e8s aujourd'hui. Passez une commande maintenant et obtenez le meilleur tarif dans notre magasin.","breadcrumb":{"@id":"https:\/\/herbelegale.com\/product\/sour-diesel-cannabis-oil\/#breadcrumb"},"inLanguage":"fi","potentialAction":[{"@type":"ReadAction","target":["https:\/\/herbelegale.com\/product\/sour-diesel-cannabis-oil\/"]}]},{"@type":"ImageObject","inLanguage":"fi","@id":"https:\/\/herbelegale.com\/product\/sour-diesel-cannabis-oil\/#primaryimage","url":"https:\/\/herbelegale.com\/wp-content\/uploads\/2023\/09\/Sour-Diesel-Cannabis-Oil.jpg","contentUrl":"https:\/\/herbelegale.com\/wp-content\/uploads\/2023\/09\/Sour-Diesel-Cannabis-Oil.jpg","width":600,"height":600,"caption":"Sour-Diesel-Cannabis-Oil"},{"@type":"BreadcrumbList","@id":"https:\/\/herbelegale.com\/product\/sour-diesel-cannabis-oil\/#breadcrumb","itemListElement":[{"@type":"ListItem","position":1,"name":"Home","item":"https:\/\/herbelegale.com\/"},{"@type":"ListItem","position":2,"name":"Boutique","item":"https:\/\/herbelegale.com\/boutique\/"},{"@type":"ListItem","position":3,"name":"Sour Diesel Cannabis Oil"}]},{"@type":"WebSite","@id":"https:\/\/herbelegale.com\/#website","url":"https:\/\/herbelegale.com\/","name":"Herbe L\u00e9gale","description":"Acheter de l&#039;herbe en ligne","publisher":{"@id":"https:\/\/herbelegale.com\/#organization"},"potentialAction":[{"@type":"SearchAction","target":{"@type":"EntryPoint","urlTemplate":"https:\/\/herbelegale.com\/?s={search_term_string}"},"query-input":{"@type":"PropertyValueSpecification","valueRequired":true,"valueName":"search_term_string"}}],"inLanguage":"fi"},{"@type":"Organization","@id":"https:\/\/herbelegale.com\/#organization","name":"Herbe L\u00e9gale","url":"https:\/\/herbelegale.com\/","logo":{"@type":"ImageObject","inLanguage":"fi","@id":"https:\/\/herbelegale.com\/#\/schema\/logo\/image\/","url":"https:\/\/herbelegale.com\/wp-content\/uploads\/2023\/10\/logo-1.png","contentUrl":"https:\/\/herbelegale.com\/wp-content\/uploads\/2023\/10\/logo-1.png","width":400,"height":120,"caption":"Herbe L\u00e9gale"},"image":{"@id":"https:\/\/herbelegale.com\/#\/schema\/logo\/image\/"}}]}},"_links":{"self":[{"href":"https:\/\/herbelegale.com\/fi\/wp-json\/wp\/v2\/product\/1391","targetHints":{"allow":["GET"]}}],"collection":[{"href":"https:\/\/herbelegale.com\/fi\/wp-json\/wp\/v2\/product"}],"about":[{"href":"https:\/\/herbelegale.com\/fi\/wp-json\/wp\/v2\/types\/product"}],"replies":[{"embeddable":true,"href":"https:\/\/herbelegale.com\/fi\/wp-json\/wp\/v2\/comments?post=1391"}],"wp:featuredmedia":[{"embeddable":true,"href":"https:\/\/herbelegale.com\/fi\/wp-json\/wp\/v2\/media\/1410"}],"wp:attachment":[{"href":"https:\/\/herbelegale.com\/fi\/wp-json\/wp\/v2\/media?parent=1391"}],"wp:term":[{"taxonomy":"product_brand","embeddable":true,"href":"https:\/\/herbelegale.com\/fi\/wp-json\/wp\/v2\/product_brand?post=1391"},{"taxonomy":"product_cat","embeddable":true,"href":"https:\/\/herbelegale.com\/fi\/wp-json\/wp\/v2\/product_cat?post=1391"},{"taxonomy":"product_tag","embeddable":true,"href":"https:\/\/herbelegale.com\/fi\/wp-json\/wp\/v2\/product_tag?post=1391"}],"curies":[{"name":"wp","href":"https:\/\/api.w.org\/{rel}","templated":true}]}}