{"id":1387,"date":"2023-09-30T10:46:25","date_gmt":"2023-09-30T10:46:25","guid":{"rendered":"https:\/\/nembutalhouse.com\/weed\/?post_type=product&#038;p=1387"},"modified":"2025-07-19T05:12:13","modified_gmt":"2025-07-19T05:12:13","slug":"zero-zero-pollen","status":"publish","type":"product","link":"https:\/\/herbelegale.com\/fi\/product\/zero-zero-pollen\/","title":{"rendered":"Zero Zero siitep\u00f6ly"},"content":{"rendered":"<h2><b>Zero Zero Pollen \u2013 Ensiluokkaista siitep\u00f6ly\u00e4 puhtaaseen kannabiskokemukseen<\/b><\/h2>\n<p>Le <a href=\"https:\/\/herbelegale.com\/fi\/product\/zero-zero-pollen\/\">Zero Zero siitep\u00f6ly<\/a> on ensiluokkainen kannabiksen siitep\u00f6ly, jota arvostetaan sen puhtauden, rikkaan aromin ja syv\u00e4llisten vaikutusten vuoksi. Hienoimmista kannabiskasveista per\u00e4isin oleva siitep\u00f6ly saadaan kuivasuodatuksella, menetelm\u00e4ll\u00e4, joka s\u00e4ilytt\u00e4\u00e4 trikomien ja terpeenien runsauden. Jos etsit aitoa ja voimakasta kannabiskokemusta, Zero Zero Pollen on oikea tuote sinulle.<\/p>\n<h3><b>Mik\u00e4 on nolla-nolla-siitep\u00f6ly?<\/b><\/h3>\n<p><a href=\"https:\/\/en.wikipedia.org\/wiki\/Pollen\">Le Zero Zero Pollen<\/a> on kannabiksen siitep\u00f6lytiiviste, joka on per\u00e4isin kukkien trikomeista. Kuivasuodatusprosessi erottaa vain puhtaimmat kiteet ilman rasvojen tai muiden aineiden lis\u00e4\u00e4mist\u00e4, mik\u00e4 varmistaa poikkeuksellisen puhtauden. T\u00e4m\u00e4 siitep\u00f6ly on usein v\u00e4rilt\u00e4\u00e4n kullanruskeasta ruskeaan, ja sen koostumus voi vaihdella murenevasta hieman tahmeaan laadusta riippuen.<\/p>\n<p>Gr\u00e2ce \u00e0 sa haute concentration en THC et en terp\u00e8nes, le Zero Zero Pollen procure une puissante exp\u00e9rience sensorielle. Son ar\u00f4me riche et complexe est parfait pour ceux qui recherchent des effets apaisants, euphorisants et stimulant en m\u00eame temps.<\/p>\n<h3><b>Zero Zero Pollenin yleisi\u00e4 k\u00e4ytt\u00f6tarkoituksia ja vaikutuksia<\/b><\/h3>\n<p>Zero Zero Pollen on arvostettu monipuolisten vaikutustensa ansiosta, mik\u00e4 tekee siit\u00e4 monipuolisen tuotteen, joka sopii sek\u00e4 rentoutumiseen ett\u00e4 luovaan tai stimuloivaan k\u00e4ytt\u00f6\u00f6n.<\/p>\n<p><b>Tyypilliset tehosteet:<\/b><\/p>\n<ul>\n<li style=\"font-weight: 400;\" aria-level=\"1\">Rentoutuminen ja stressin v\u00e4hent\u00e4minen<\/li>\n<li style=\"font-weight: 400;\" aria-level=\"1\">Euforian ja henkisen hyvinvoinnin tunne<\/li>\n<li style=\"font-weight: 400;\" aria-level=\"1\">Stimulerer kreativiteten og forbedrer koncentrationen<\/li>\n<li style=\"font-weight: 400;\" aria-level=\"1\">Muskelafslapning og lindring af moderate smerter<\/li>\n<li style=\"font-weight: 400;\" aria-level=\"1\">Parempi mieliala ja sosiaalisuus<\/li>\n<\/ul>\n<p><b>Kulutusmenetelm\u00e4t:<\/b><\/p>\n<ul>\n<li style=\"font-weight: 400;\" aria-level=\"1\"><span style=\"font-weight: 400;\">Savustettu (nivusta tai piivusta)<\/span><\/li>\n<li style=\"font-weight: 400;\" aria-level=\"1\"><span style=\"font-weight: 400;\">Spr\u00f8jtes med en passende sprayflaske<\/span><\/li>\n<li style=\"font-weight: 400;\" aria-level=\"1\"><span style=\"font-weight: 400;\">Kuumaan juomaan rasvan kera infusoituna<\/span><\/li>\n<li style=\"font-weight: 400;\" aria-level=\"1\"><span style=\"font-weight: 400;\">Lis\u00e4t\u00e4\u00e4n elintarvikkeisiin (esim. kannabisvoi)<\/span><\/li>\n<\/ul>\n<h3><b>Oikeudellinen asema: kehys, joka vaihtelee alueittain<\/b><\/h3>\n<p>Zero Zero Pollen er underlagt strenge regler afh\u00e6ngigt af land og jurisdiktion. I nogle regioner er salg og forbrug forbudt, mens det i andre kan v\u00e6re tilladt til terapeutiske eller rekreative form\u00e5l.<\/p>\n<p>Vinkki: Ennen kuin ostat Zero Zero Pollen -siitep\u00f6ly\u00e4 verkosta, varmista, ett\u00e4 ymm\u00e4rr\u00e4t paikalliset kannabista ja sen johdannaisia koskevat lait alueellasi.<\/p>\n<h3><b>Miksi ostaa Zero Zero Pollen verkosta?<\/b><\/h3>\n<p><b>Accessibilit\u00e9 et confort<\/b><\/p>\n<p>Zero Zero Pollenin ostaminen verkosta antaa sinulle ensiluokkaisen tuotteen, jota on usein vaikeampi l\u00f6yt\u00e4\u00e4 fyysisist\u00e4 myym\u00e4l\u00f6ist\u00e4. Lis\u00e4ksi hy\u00f6dyt k\u00e4tev\u00e4st\u00e4 tilaamisesta kotoa k\u00e4sin huomaamattomien ja turvallisten toimitusvaihtoehtojen ansiosta.<\/p>\n<p><b>Myyjien monimuotoisuus<\/b><\/p>\n<p>Internet tarjoaa laajan valikoiman erikoistuneita myyji\u00e4, jotka tarjoavat Zero Zero Pollen -tuotteita vaihtelevilla hinnoilla ja laaduilla. N\u00e4in voit vertailla ja l\u00f6yt\u00e4\u00e4 parhaan vastineen rahoillesi mieltymystesi perusteella.<\/p>\n<p><b>Huomaamaton toimitus<\/b><\/p>\n<p>Luotettavat alustat tarjoavat nopean ja anonyymin toimituksen, mik\u00e4 varmistaa ostostesi yksityisyyden. Saat siitep\u00f6lysi yksinkertaisessa pakkauksessa vaivan v\u00e4ltt\u00e4miseksi.<\/p>\n<h3><b>Kuinka valita luotettava myyj\u00e4 tilataksesi Zero Zero Pollenin verkosta?<\/b><\/h3>\n<p>Ennen kuin tilaat Zero Zero Pollenin verkosta, tarkista myyj\u00e4n luotettavuus muutamalla tavalla:<\/p>\n<ul>\n<li style=\"font-weight: 400;\" aria-level=\"1\">Tarkista asiakasarvostelut varmistaaksesi palvelun ja tuotteen laadun<\/li>\n<li style=\"font-weight: 400;\" aria-level=\"1\">Varmista, ett\u00e4 myyj\u00e4 antaa tietoja alkuper\u00e4st\u00e4 ja uuttomenetelm\u00e4st\u00e4<\/li>\n<li style=\"font-weight: 400;\" aria-level=\"1\">Turvalliset maksutavat (kryptovaluutat, kortit jne.)<\/li>\n<li style=\"font-weight: 400;\" aria-level=\"1\">Valitse myyj\u00e4, jolla on reagoiva asiakaspalvelu ja selke\u00e4 palautusk\u00e4yt\u00e4nt\u00f6<\/li>\n<\/ul>\n<p>Vinkki: Tutki parasta paikkaa ostaa Zero Zero Pollen -tuotetta verkosta suositusten ja asiantuntijafoorumien perusteella.<\/p>\n<h3><b>Toimitusk\u00e4yt\u00e4nn\u00f6t<\/b><\/h3>\n<p>Parhaat verkkokauppiaat tarjoavat nopeita toimitusvaihtoehtoja ja tarkan paketin seurannan. He my\u00f6s varmistavat, ett\u00e4 tuote on hyvin suojattu kuljetuksen aikana k\u00e4ytt\u00e4m\u00e4ll\u00e4 huomaamatonta ja kest\u00e4v\u00e4\u00e4 pakkausta. Jotkut alustat tarjoavat my\u00f6s ilmaisen tai alennetun toimituksen ostosummasta riippuen.<\/p>\n<h3><b>Riskit ja varotoimet<\/b><\/h3>\n<p><b>Terveysriskit<\/b><\/p>\n<p>Vaikka Zero Zero Pollen on luonnontuote, sen liiallinen k\u00e4ytt\u00f6 voi johtaa sivuvaikutuksiin, kuten:<\/p>\n<ul>\n<li style=\"font-weight: 400;\" aria-level=\"1\">Troubles de la m\u00e9moire \u00e0 court terme<\/li>\n<li style=\"font-weight: 400;\" aria-level=\"1\">Angst oder Paranoia bei sensiblen Menschen<\/li>\n<li style=\"font-weight: 400;\" aria-level=\"1\">Somnolencia, disminuci\u00f3n de la motivaci\u00f3n.<\/li>\n<li style=\"font-weight: 400;\" aria-level=\"1\">Interactions m\u00e9dicamenteuses possibles<\/li>\n<\/ul>\n<h3><b>Suositellut varotoimet:<\/b><\/h3>\n<ul>\n<li style=\"font-weight: 400;\" aria-level=\"1\">Start med en lille dosis, hvis du er nybegynder<\/li>\n<li style=\"font-weight: 400;\" aria-level=\"1\">No conduzca despu\u00e9s de beber<\/li>\n<li style=\"font-weight: 400;\" aria-level=\"1\">\u00c4l\u00e4 k\u00e4yt\u00e4, jos olet raskaana tai olet l\u00e4\u00e4ketieteellisen hoidon alla<\/li>\n<li style=\"font-weight: 400;\" aria-level=\"1\">Im Zweifelsfall einen Arzt konsultieren<\/li>\n<\/ul>\n<h3><b>Yhteenveto: Tyydyt\u00e4 kannabiksenhimoasi \u2013 poistumatta kotoa<\/b><\/h3>\n<p>Zero Zero Pollen on ihanteellinen valinta niille, jotka etsiv\u00e4t ensiluokkaista kannabistuotetta, joka tarjoaa puhtaan ja laadukkaan k\u00e4ytt\u00f6kokemuksen. Verkkokaupan saatavuuden ansiosta voit tilata Zero Zero Pollenin helposti ja taata nopean ja huomaamattoman toimituksen.<\/p>","protected":false},"excerpt":{"rendered":"<p>Zero Zero Pollen \u2013 Le Pollen Premium Pour Une Exp\u00e9rience Cannabique Pure Le Zero Zero Pollen est un pollen de cannabis haut de gamme, appr\u00e9ci\u00e9 pour sa puret\u00e9, sa richesse en ar\u00f4mes et ses effets profonds. Originaire des meilleures cultures de cannabis, ce pollen est obtenu par filtrage \u00e0 sec, une m\u00e9thode qui conserve intacte&#8230;<\/p>","protected":false},"featured_media":1475,"comment_status":"open","ping_status":"closed","template":"","meta":{"_kadence_starter_templates_imported_post":false,"_kad_post_transparent":"default","_kad_post_title":"","_kad_post_layout":"default","_kad_post_sidebar_id":"","_kad_post_content_style":"default","_kad_post_vertical_padding":"default","_kad_post_feature":"","_kad_post_feature_position":"","_kad_post_header":false,"_kad_post_footer":false,"_joinchat":[]},"product_brand":[],"product_cat":[31],"product_tag":[],"class_list":{"0":"post-1387","1":"product","2":"type-product","3":"status-publish","4":"has-post-thumbnail","6":"product_cat-haschisch","8":"first","9":"instock","10":"shipping-taxable","11":"purchasable","12":"product-type-variable","13":"entry","14":"content-bg","15":"loop-entry"},"yoast_head":"<!-- This site is optimized with the Yoast SEO plugin v23.5 - https:\/\/yoast.com\/wordpress\/plugins\/seo\/ -->\n<title>Zero Zero Pollen - Herbe L\u00e9gale<\/title>\n<meta name=\"robots\" content=\"index, follow, max-snippet:-1, max-image-preview:large, max-video-preview:-1\" \/>\n<link rel=\"canonical\" href=\"https:\/\/herbelegale.com\/fi\/product\/zero-zero-pollen\/\" \/>\n<meta property=\"og:locale\" content=\"fi_FI\" \/>\n<meta property=\"og:type\" content=\"article\" \/>\n<meta property=\"og:title\" content=\"Zero Zero Pollen - Herbe L\u00e9gale\" \/>\n<meta property=\"og:description\" content=\"Zero Zero Pollen \u2013 Le Pollen Premium Pour Une Exp\u00e9rience Cannabique Pure Le Zero Zero Pollen est un pollen de cannabis haut de gamme, appr\u00e9ci\u00e9 pour sa puret\u00e9, sa richesse en ar\u00f4mes et ses effets profonds. Originaire des meilleures cultures de cannabis, ce pollen est obtenu par filtrage \u00e0 sec, une m\u00e9thode qui conserve intacte...\" \/>\n<meta property=\"og:url\" content=\"https:\/\/herbelegale.com\/fi\/product\/zero-zero-pollen\/\" \/>\n<meta property=\"og:site_name\" content=\"Herbe L\u00e9gale\" \/>\n<meta property=\"article:modified_time\" content=\"2025-07-19T05:12:13+00:00\" \/>\n<meta property=\"og:image\" content=\"https:\/\/herbelegale.com\/wp-content\/uploads\/2023\/09\/Zero-Zero-Pollen-1.jpg\" \/>\n\t<meta property=\"og:image:width\" content=\"600\" \/>\n\t<meta property=\"og:image:height\" content=\"600\" \/>\n\t<meta property=\"og:image:type\" content=\"image\/jpeg\" \/>\n<meta name=\"twitter:card\" content=\"summary_large_image\" \/>\n<meta name=\"twitter:label1\" content=\"Arvioitu lukuaika\" \/>\n\t<meta name=\"twitter:data1\" content=\"4 minuuttia\" \/>\n<script type=\"application\/ld+json\" class=\"yoast-schema-graph\">{\"@context\":\"https:\/\/schema.org\",\"@graph\":[{\"@type\":\"WebPage\",\"@id\":\"https:\/\/herbelegale.com\/product\/zero-zero-pollen\/\",\"url\":\"https:\/\/herbelegale.com\/product\/zero-zero-pollen\/\",\"name\":\"Zero Zero Pollen - Herbe L\u00e9gale\",\"isPartOf\":{\"@id\":\"https:\/\/herbelegale.com\/#website\"},\"primaryImageOfPage\":{\"@id\":\"https:\/\/herbelegale.com\/product\/zero-zero-pollen\/#primaryimage\"},\"image\":{\"@id\":\"https:\/\/herbelegale.com\/product\/zero-zero-pollen\/#primaryimage\"},\"thumbnailUrl\":\"https:\/\/herbelegale.com\/wp-content\/uploads\/2023\/09\/Zero-Zero-Pollen-1.jpg\",\"datePublished\":\"2023-09-30T10:46:25+00:00\",\"dateModified\":\"2025-07-19T05:12:13+00:00\",\"breadcrumb\":{\"@id\":\"https:\/\/herbelegale.com\/product\/zero-zero-pollen\/#breadcrumb\"},\"inLanguage\":\"fi\",\"potentialAction\":[{\"@type\":\"ReadAction\",\"target\":[\"https:\/\/herbelegale.com\/product\/zero-zero-pollen\/\"]}]},{\"@type\":\"ImageObject\",\"inLanguage\":\"fi\",\"@id\":\"https:\/\/herbelegale.com\/product\/zero-zero-pollen\/#primaryimage\",\"url\":\"https:\/\/herbelegale.com\/wp-content\/uploads\/2023\/09\/Zero-Zero-Pollen-1.jpg\",\"contentUrl\":\"https:\/\/herbelegale.com\/wp-content\/uploads\/2023\/09\/Zero-Zero-Pollen-1.jpg\",\"width\":600,\"height\":600,\"caption\":\"Zero Zero Pollen\"},{\"@type\":\"BreadcrumbList\",\"@id\":\"https:\/\/herbelegale.com\/product\/zero-zero-pollen\/#breadcrumb\",\"itemListElement\":[{\"@type\":\"ListItem\",\"position\":1,\"name\":\"Home\",\"item\":\"https:\/\/herbelegale.com\/\"},{\"@type\":\"ListItem\",\"position\":2,\"name\":\"Boutique\",\"item\":\"https:\/\/herbelegale.com\/boutique\/\"},{\"@type\":\"ListItem\",\"position\":3,\"name\":\"Zero Zero Pollen\"}]},{\"@type\":\"WebSite\",\"@id\":\"https:\/\/herbelegale.com\/#website\",\"url\":\"https:\/\/herbelegale.com\/\",\"name\":\"Herbe L\u00e9gale\",\"description\":\"Acheter de l&#039;herbe en ligne\",\"publisher\":{\"@id\":\"https:\/\/herbelegale.com\/#organization\"},\"potentialAction\":[{\"@type\":\"SearchAction\",\"target\":{\"@type\":\"EntryPoint\",\"urlTemplate\":\"https:\/\/herbelegale.com\/?s={search_term_string}\"},\"query-input\":{\"@type\":\"PropertyValueSpecification\",\"valueRequired\":true,\"valueName\":\"search_term_string\"}}],\"inLanguage\":\"fi\"},{\"@type\":\"Organization\",\"@id\":\"https:\/\/herbelegale.com\/#organization\",\"name\":\"Herbe L\u00e9gale\",\"url\":\"https:\/\/herbelegale.com\/\",\"logo\":{\"@type\":\"ImageObject\",\"inLanguage\":\"fi\",\"@id\":\"https:\/\/herbelegale.com\/#\/schema\/logo\/image\/\",\"url\":\"https:\/\/herbelegale.com\/wp-content\/uploads\/2023\/10\/logo-1.png\",\"contentUrl\":\"https:\/\/herbelegale.com\/wp-content\/uploads\/2023\/10\/logo-1.png\",\"width\":400,\"height\":120,\"caption\":\"Herbe L\u00e9gale\"},\"image\":{\"@id\":\"https:\/\/herbelegale.com\/#\/schema\/logo\/image\/\"}}]}<\/script>\n<!-- \/ Yoast SEO plugin. -->","yoast_head_json":{"title":"Zero Zero Pollen - Herbe L\u00e9gale","robots":{"index":"index","follow":"follow","max-snippet":"max-snippet:-1","max-image-preview":"max-image-preview:large","max-video-preview":"max-video-preview:-1"},"canonical":"https:\/\/herbelegale.com\/fi\/product\/zero-zero-pollen\/","og_locale":"fi_FI","og_type":"article","og_title":"Zero Zero Pollen - Herbe L\u00e9gale","og_description":"Zero Zero Pollen \u2013 Le Pollen Premium Pour Une Exp\u00e9rience Cannabique Pure Le Zero Zero Pollen est un pollen de cannabis haut de gamme, appr\u00e9ci\u00e9 pour sa puret\u00e9, sa richesse en ar\u00f4mes et ses effets profonds. Originaire des meilleures cultures de cannabis, ce pollen est obtenu par filtrage \u00e0 sec, une m\u00e9thode qui conserve intacte...","og_url":"https:\/\/herbelegale.com\/fi\/product\/zero-zero-pollen\/","og_site_name":"Herbe L\u00e9gale","article_modified_time":"2025-07-19T05:12:13+00:00","og_image":[{"width":600,"height":600,"url":"https:\/\/herbelegale.com\/wp-content\/uploads\/2023\/09\/Zero-Zero-Pollen-1.jpg","type":"image\/jpeg"}],"twitter_card":"summary_large_image","twitter_misc":{"Arvioitu lukuaika":"4 minuuttia"},"schema":{"@context":"https:\/\/schema.org","@graph":[{"@type":"WebPage","@id":"https:\/\/herbelegale.com\/product\/zero-zero-pollen\/","url":"https:\/\/herbelegale.com\/product\/zero-zero-pollen\/","name":"Zero Zero Pollen - Herbe L\u00e9gale","isPartOf":{"@id":"https:\/\/herbelegale.com\/#website"},"primaryImageOfPage":{"@id":"https:\/\/herbelegale.com\/product\/zero-zero-pollen\/#primaryimage"},"image":{"@id":"https:\/\/herbelegale.com\/product\/zero-zero-pollen\/#primaryimage"},"thumbnailUrl":"https:\/\/herbelegale.com\/wp-content\/uploads\/2023\/09\/Zero-Zero-Pollen-1.jpg","datePublished":"2023-09-30T10:46:25+00:00","dateModified":"2025-07-19T05:12:13+00:00","breadcrumb":{"@id":"https:\/\/herbelegale.com\/product\/zero-zero-pollen\/#breadcrumb"},"inLanguage":"fi","potentialAction":[{"@type":"ReadAction","target":["https:\/\/herbelegale.com\/product\/zero-zero-pollen\/"]}]},{"@type":"ImageObject","inLanguage":"fi","@id":"https:\/\/herbelegale.com\/product\/zero-zero-pollen\/#primaryimage","url":"https:\/\/herbelegale.com\/wp-content\/uploads\/2023\/09\/Zero-Zero-Pollen-1.jpg","contentUrl":"https:\/\/herbelegale.com\/wp-content\/uploads\/2023\/09\/Zero-Zero-Pollen-1.jpg","width":600,"height":600,"caption":"Zero Zero Pollen"},{"@type":"BreadcrumbList","@id":"https:\/\/herbelegale.com\/product\/zero-zero-pollen\/#breadcrumb","itemListElement":[{"@type":"ListItem","position":1,"name":"Home","item":"https:\/\/herbelegale.com\/"},{"@type":"ListItem","position":2,"name":"Boutique","item":"https:\/\/herbelegale.com\/boutique\/"},{"@type":"ListItem","position":3,"name":"Zero Zero Pollen"}]},{"@type":"WebSite","@id":"https:\/\/herbelegale.com\/#website","url":"https:\/\/herbelegale.com\/","name":"Herbe L\u00e9gale","description":"Acheter de l&#039;herbe en ligne","publisher":{"@id":"https:\/\/herbelegale.com\/#organization"},"potentialAction":[{"@type":"SearchAction","target":{"@type":"EntryPoint","urlTemplate":"https:\/\/herbelegale.com\/?s={search_term_string}"},"query-input":{"@type":"PropertyValueSpecification","valueRequired":true,"valueName":"search_term_string"}}],"inLanguage":"fi"},{"@type":"Organization","@id":"https:\/\/herbelegale.com\/#organization","name":"Herbe L\u00e9gale","url":"https:\/\/herbelegale.com\/","logo":{"@type":"ImageObject","inLanguage":"fi","@id":"https:\/\/herbelegale.com\/#\/schema\/logo\/image\/","url":"https:\/\/herbelegale.com\/wp-content\/uploads\/2023\/10\/logo-1.png","contentUrl":"https:\/\/herbelegale.com\/wp-content\/uploads\/2023\/10\/logo-1.png","width":400,"height":120,"caption":"Herbe L\u00e9gale"},"image":{"@id":"https:\/\/herbelegale.com\/#\/schema\/logo\/image\/"}}]}},"_links":{"self":[{"href":"https:\/\/herbelegale.com\/fi\/wp-json\/wp\/v2\/product\/1387","targetHints":{"allow":["GET"]}}],"collection":[{"href":"https:\/\/herbelegale.com\/fi\/wp-json\/wp\/v2\/product"}],"about":[{"href":"https:\/\/herbelegale.com\/fi\/wp-json\/wp\/v2\/types\/product"}],"replies":[{"embeddable":true,"href":"https:\/\/herbelegale.com\/fi\/wp-json\/wp\/v2\/comments?post=1387"}],"wp:featuredmedia":[{"embeddable":true,"href":"https:\/\/herbelegale.com\/fi\/wp-json\/wp\/v2\/media\/1475"}],"wp:attachment":[{"href":"https:\/\/herbelegale.com\/fi\/wp-json\/wp\/v2\/media?parent=1387"}],"wp:term":[{"taxonomy":"product_brand","embeddable":true,"href":"https:\/\/herbelegale.com\/fi\/wp-json\/wp\/v2\/product_brand?post=1387"},{"taxonomy":"product_cat","embeddable":true,"href":"https:\/\/herbelegale.com\/fi\/wp-json\/wp\/v2\/product_cat?post=1387"},{"taxonomy":"product_tag","embeddable":true,"href":"https:\/\/herbelegale.com\/fi\/wp-json\/wp\/v2\/product_tag?post=1387"}],"curies":[{"name":"wp","href":"https:\/\/api.w.org\/{rel}","templated":true}]}}