{"id":1369,"date":"2023-09-30T10:33:33","date_gmt":"2023-09-30T10:33:33","guid":{"rendered":"https:\/\/nembutalhouse.com\/weed\/?post_type=product&#038;p=1369"},"modified":"2025-07-19T05:10:28","modified_gmt":"2025-07-19T05:10:28","slug":"tangie-hash","status":"publish","type":"product","link":"https:\/\/herbelegale.com\/fi\/product\/tangie-hash\/","title":{"rendered":"Tangie Hash"},"content":{"rendered":"<h2><b>Tangie Hash \u2013 Sitruunainen hartsi ainutlaatuiseen aistikokemukseen\u00a0<\/b><\/h2>\n<p><b>Introduction au Tangie Hash<\/b><\/p>\n<p>Le <a href=\"https:\/\/herbelegale.com\/fi\/product\/tangie-hash\/\">Tangie Hash<\/a> on ensiluokkainen kannabishartsi, joka tunnetaan ainutlaatuisesta makuprofiilistaan. Se on per\u00e4isin kuuluisasta Tangie-kannabislajikkeesta, joka on Kalifornian appelsiinin ja Skunkin risteytys. T\u00e4m\u00e4 hasis vetoaa faneihin, jotka etsiv\u00e4t virkist\u00e4vi\u00e4 sitrusmakuja ja energisoivia sek\u00e4 rentouttavia vaikutuksia.<\/p>\n<p>Huolellisesti viljelty ja uutettu Tangie Hash on t\u00e4ydellinen yhdistelm\u00e4 perinnett\u00e4 ja innovaatiota, ja se on ensisijainen valinta niille, jotka etsiv\u00e4t korkealaatuista tuotetta, olipa kyseess\u00e4 sitten virkistys- tai hyvinvointik\u00e4ytt\u00f6.<\/p>\n<h3><b>Mik\u00e4 on Tangie Hash?<\/b><\/h3>\n<p><a href=\"https:\/\/en.wikipedia.org\/wiki\/Hashish\">Le Tangie Hash<\/a> saadaan kuivaseulomalla tai hell\u00e4varaisella uuttamalla trikomeja kannabiskasveista, jotka ovat runsaasti luonnollisia terpeenej\u00e4 sis\u00e4lt\u00e4vi\u00e4. Tuloksena on kullanruskeasta vaaleanruskea hartsi, jolla on pehme\u00e4 ja helppo k\u00e4sitell\u00e4, ja joka vapauttaa voimakkaita mandariinin, appelsiinin ja sitruunan vivahteita.<\/p>\n<p>Korkean THC-pitoisuuden ansiosta Tangie Hash tarjoaa voimakkaan vaikutuksen, jota usein kuvataan selke\u00e4ksi, onnelliseksi ja henkisesti stimuloivaksi, jota seuraa miellytt\u00e4v\u00e4 kehon rentoutuminen.<\/p>\n<h3><b>Tangie Hashin yleisi\u00e4 k\u00e4ytt\u00f6tarkoituksia ja vaikutuksia<\/b><\/h3>\n<p>Tangie Hash on suosittu monipuolisten ja tasapainoisten vaikutustensa ansiosta, ja se sopii t\u00e4ydellisesti sek\u00e4 p\u00e4iv\u00e4- ett\u00e4 y\u00f6k\u00e4ytt\u00f6\u00f6n.<\/p>\n<p><b>Tyypilliset tehosteet:<\/b><\/p>\n<ul>\n<li style=\"font-weight: 400;\" aria-level=\"1\">Mielialan kohottaminen ja stressin v\u00e4hent\u00e4minen&nbsp;<\/li>\n<li style=\"font-weight: 400;\" aria-level=\"1\">Mielenterveyden stimulaatio ja luovuuden lis\u00e4\u00e4minen&nbsp;<\/li>\n<li style=\"font-weight: 400;\" aria-level=\"1\">Hell\u00e4varainen lihasten rentoutuminen&nbsp;<\/li>\n<li style=\"font-weight: 400;\" aria-level=\"1\">Og\u00f3lne poczucie dobrego samopoczucia&nbsp;<\/li>\n<li style=\"font-weight: 400;\" aria-level=\"1\">Lievitt\u00e4\u00e4 kohtalaista j\u00e4nnityst\u00e4 tai kipua&nbsp;<\/li>\n<\/ul>\n<p><b>Kulutusmenetelm\u00e4t:<\/b><\/p>\n<ul>\n<li style=\"font-weight: 400;\" aria-level=\"1\"><span style=\"font-weight: 400;\">Savustettu (joint, piippu, bong)<\/span>&nbsp;<\/li>\n<li style=\"font-weight: 400;\" aria-level=\"1\"><span style=\"font-weight: 400;\">Spr\u00f8jtes med en passende sprayflaske<\/span>&nbsp;<\/li>\n<li style=\"font-weight: 400;\" aria-level=\"1\"><span style=\"font-weight: 400;\">Haudutettu kuumaan juomaan, joka sis\u00e4lt\u00e4\u00e4 rasvaista ainetta<\/span>&nbsp;<\/li>\n<\/ul>\n<h3><b>Oikeudellinen asema: kehys, joka vaihtelee alueittain<\/b><\/h3>\n<p>Kuten mink\u00e4 tahansa kannabistuotteen kohdalla, Tangie Hashin oikeudellinen asema vaihtelee maittain ja laink\u00e4ytt\u00f6alueittain. Joissakin maissa se on ehdottomasti kielletty, kun taas toisissa sallitaan s\u00e4\u00e4nnelty terapeuttinen tai virkistysk\u00e4ytt\u00f6.<\/p>\n<p><strong>Vinkki: Ennen tilaamista tai nauttimista, ota aina selv\u00e4\u00e4 alueesi laeista.<\/strong><\/p>\n<p><b>Miksi ostaa Tangie Hashia verkosta?<\/b><\/p>\n<h3><b>Esteett\u00f6myys<\/b><\/h3>\n<p>Tangie Hashin ostaminen verkosta tarjoaa p\u00e4\u00e4syn t\u00e4h\u00e4n haluttuun tuotteeseen jopa alueilla, joilla fyysisi\u00e4 myyntipisteit\u00e4 on rajoitetusti.<\/p>\n<h3><b>Laaja valikoima myyji\u00e4<\/b><\/h3>\n<p>Nyky\u00e4\u00e4n on olemassa monia erikoistuneita alustoja, jotka tarjoavat Tangie Hashia myynniss\u00e4 useilla vaihtoehdoilla laadun, hinnan, uuttomenetelm\u00e4n ja geneettisen alkuper\u00e4n suhteen.<\/p>\n<h3><b>Huomaamaton ja turvallinen toimitus<\/b><\/h3>\n<p>Verkkotilaaminen takaa nimett\u00f6m\u00e4n toimituksen, selke\u00e4n pakkauksen ja paketin seurannan t\u00e4ydellisen mielenrauhan takaamiseksi.<\/p>\n<h3><b>Kuinka valita luotettava myyj\u00e4 Tangie Hashin tilaamiseen verkossa?<\/b><\/h3>\n<p>Ennen kuin tilaat Tangie Hashin verkosta, t\u00e4ss\u00e4 on joitain kriteerej\u00e4 hyv\u00e4maineisen myyj\u00e4n tunnistamiseksi:<\/p>\n<ul>\n<li style=\"font-weight: 400;\" aria-level=\"1\"><span style=\"font-weight: 400;\">Aitoja ja positiivisia asiakasarvosteluja<\/span>&nbsp;<\/li>\n<li style=\"font-weight: 400;\" aria-level=\"1\"><span style=\"font-weight: 400;\">Tarkat tiedot alkuper\u00e4st\u00e4, THC-pitoisuudesta ja uuttomenetelmist\u00e4<\/span>&nbsp;<\/li>\n<li style=\"font-weight: 400;\" aria-level=\"1\"><span style=\"font-weight: 400;\">Turvalliset maksut (pankkikortti, krypto jne.)<\/span>&nbsp;<\/li>\n<li style=\"font-weight: 400;\" aria-level=\"1\"><span style=\"font-weight: 400;\">Saatavilla oleva ja reagoiva asiakaspalvelu<\/span>&nbsp;<\/li>\n<li style=\"font-weight: 400;\" aria-level=\"1\">Tangie Hashin hinnan l\u00e4pin\u00e4kyvyys&nbsp;<\/li>\n<\/ul>\n<p>V\u00e4lt\u00e4 huijauksia luottamalla parhaisiin Tangie Hashin ostosivustoihin verkossa, jotka yhteis\u00f6 tuntee ja suosittelee.<\/p>\n<h3><b>Toimitusk\u00e4yt\u00e4nn\u00f6t<\/b><\/h3>\n<p><span style=\"font-weight: 400;\">Luotettavat myyj\u00e4t tarjoavat yleens\u00e4:<\/span><\/p>\n<ul>\n<li style=\"font-weight: 400;\" aria-level=\"1\"><span style=\"font-weight: 400;\">Livraison express avec num\u00e9ro de suivi<\/span>&nbsp;<\/li>\n<li style=\"font-weight: 400;\" aria-level=\"1\"><span style=\"font-weight: 400;\">Huomaamaton ja kest\u00e4v\u00e4 pakkaus<\/span>&nbsp;<\/li>\n<li style=\"font-weight: 400;\" aria-level=\"1\"><span style=\"font-weight: 400;\">Hyvitys- tai palautusvaihtoehdot ongelmatilanteissa<\/span>&nbsp;<\/li>\n<\/ul>\n<p>Jotkut alustat tarjoavat jopa ilmaisen toimituksen tietyn summan ylitt\u00e4ville tilauksille.<\/p>\n<h3><b>Riskit ja varotoimet<\/b><\/h3>\n<p><b>Terveysriskit<\/b><\/p>\n<ul>\n<li style=\"font-weight: 400;\" aria-level=\"1\"><span style=\"font-weight: 400;\">Troubles de la m\u00e9moire \u00e0 court terme<\/span>&nbsp;<\/li>\n<li style=\"font-weight: 400;\" aria-level=\"1\"><span style=\"font-weight: 400;\">Somnolencia, disminuci\u00f3n de la motivaci\u00f3n.<\/span>&nbsp;<\/li>\n<li style=\"font-weight: 400;\" aria-level=\"1\"><span style=\"font-weight: 400;\">\u00d8get risiko hos personer, der er tilb\u00f8jelige til angst eller psykiske lidelser<\/span>&nbsp;<\/li>\n<li style=\"font-weight: 400;\" aria-level=\"1\"><span style=\"font-weight: 400;\">Mahdolliset yhteisvaikutukset tiettyjen l\u00e4\u00e4ketieteellisten hoitojen kanssa<\/span>&nbsp;<\/li>\n<\/ul>\n<p><b>Vinkkej\u00e4 vastuulliseen kulutukseen:<\/b><\/p>\n<ul>\n<li style=\"font-weight: 400;\" aria-level=\"1\">Aloita pienell\u00e4 annoksella, varsinkin jos olet aloittelija&nbsp;<\/li>\n<li style=\"font-weight: 400;\" aria-level=\"1\">Undg\u00e5 at k\u00f8re bil eller betjene maskiner efter indtagelse&nbsp;<\/li>\n<li style=\"font-weight: 400;\" aria-level=\"1\">Opbevares utilg\u00e6ngeligt for b\u00f8rn&nbsp;<\/li>\n<li style=\"font-weight: 400;\" aria-level=\"1\">W razie w\u0105tpliwo\u015bci lub w trakcie leczenia nale\u017cy skonsultowa\u0107 si\u0119 z lekarzem.&nbsp;<\/li>\n<\/ul>\n<h3><b>Yhteenvetona: Hemmottele itse\u00e4si turvallisesti \u2013 nousematta sohvaltasi\u00a0<\/b><\/h3>\n<p>Tangie Hash hedelm\u00e4isine aromeineen ja tasapainoisine vaikutuksineen on t\u00e4ydellinen kumppani virkist\u00e4v\u00e4\u00e4n ja korkealaatuiseen aistikokemukseen. Verkkokaupan ansiosta premium-hasiksen hankkiminen huomaamattomalla ja nopealla toimituksella ei ole koskaan ollut helpompaa.<\/p>","protected":false},"excerpt":{"rendered":"<p>Tangie Hash \u2013 Une R\u00e9sine Citronn\u00e9e Pour Une Exp\u00e9rience Sensorielle Unique\u00a0 Introduction au Tangie Hash Le Tangie Hash est une r\u00e9sine de cannabis premium connue pour son profil aromatique unique, issu de la c\u00e9l\u00e8bre vari\u00e9t\u00e9 Tangie, un croisement entre California Orange et Skunk. Ce hash s\u00e9duira les amateurs en qu\u00eate de saveurs d\u2019agrumes rafra\u00eechissantes et&#8230;<\/p>","protected":false},"featured_media":1474,"comment_status":"open","ping_status":"closed","template":"","meta":{"_kadence_starter_templates_imported_post":false,"_kad_post_transparent":"default","_kad_post_title":"","_kad_post_layout":"default","_kad_post_sidebar_id":"","_kad_post_content_style":"default","_kad_post_vertical_padding":"default","_kad_post_feature":"","_kad_post_feature_position":"","_kad_post_header":false,"_kad_post_footer":false,"_joinchat":[]},"product_brand":[],"product_cat":[31],"product_tag":[],"class_list":{"0":"post-1369","1":"product","2":"type-product","3":"status-publish","4":"has-post-thumbnail","6":"product_cat-haschisch","8":"first","9":"instock","10":"shipping-taxable","11":"purchasable","12":"product-type-variable","13":"entry","14":"content-bg","15":"loop-entry"},"yoast_head":"<!-- This site is optimized with the Yoast SEO plugin v23.5 - https:\/\/yoast.com\/wordpress\/plugins\/seo\/ -->\n<title>Achetez du haschisch Tanger en ligne - Tangie Hash \u00e0 vendre<\/title>\n<meta name=\"description\" content=\"Vous pouvez acheter du Tangie Hash dans notre boutique en ligne et le recevoir \u00e0 votre porte sans aucun probl\u00e8me. Nous vous aidons \u00e0 acheter du Tangie Hash en ligne. Passez simplement votre commande maintenant !\" \/>\n<meta name=\"robots\" content=\"index, follow, max-snippet:-1, max-image-preview:large, max-video-preview:-1\" \/>\n<link rel=\"canonical\" href=\"https:\/\/herbelegale.com\/fi\/product\/tangie-hash\/\" \/>\n<meta property=\"og:locale\" content=\"fi_FI\" \/>\n<meta property=\"og:type\" content=\"article\" \/>\n<meta property=\"og:title\" content=\"Achetez du haschisch Tanger en ligne - Tangie Hash \u00e0 vendre\" \/>\n<meta property=\"og:description\" content=\"Vous pouvez acheter du Tangie Hash dans notre boutique en ligne et le recevoir \u00e0 votre porte sans aucun probl\u00e8me. Nous vous aidons \u00e0 acheter du Tangie Hash en ligne. Passez simplement votre commande maintenant !\" \/>\n<meta property=\"og:url\" content=\"https:\/\/herbelegale.com\/fi\/product\/tangie-hash\/\" \/>\n<meta property=\"og:site_name\" content=\"Herbe L\u00e9gale\" \/>\n<meta property=\"article:modified_time\" content=\"2025-07-19T05:10:28+00:00\" \/>\n<meta property=\"og:image\" content=\"https:\/\/herbelegale.com\/wp-content\/uploads\/2023\/09\/Tangie-Hash-1.jpg\" \/>\n\t<meta property=\"og:image:width\" content=\"600\" \/>\n\t<meta property=\"og:image:height\" content=\"600\" \/>\n\t<meta property=\"og:image:type\" content=\"image\/jpeg\" \/>\n<meta name=\"twitter:card\" content=\"summary_large_image\" \/>\n<meta name=\"twitter:label1\" content=\"Arvioitu lukuaika\" \/>\n\t<meta name=\"twitter:data1\" content=\"4 minuuttia\" \/>\n<script type=\"application\/ld+json\" class=\"yoast-schema-graph\">{\"@context\":\"https:\/\/schema.org\",\"@graph\":[{\"@type\":\"WebPage\",\"@id\":\"https:\/\/herbelegale.com\/product\/tangie-hash\/\",\"url\":\"https:\/\/herbelegale.com\/product\/tangie-hash\/\",\"name\":\"Achetez du haschisch Tanger en ligne - Tangie Hash \u00e0 vendre\",\"isPartOf\":{\"@id\":\"https:\/\/herbelegale.com\/#website\"},\"primaryImageOfPage\":{\"@id\":\"https:\/\/herbelegale.com\/product\/tangie-hash\/#primaryimage\"},\"image\":{\"@id\":\"https:\/\/herbelegale.com\/product\/tangie-hash\/#primaryimage\"},\"thumbnailUrl\":\"https:\/\/herbelegale.com\/wp-content\/uploads\/2023\/09\/Tangie-Hash-1.jpg\",\"datePublished\":\"2023-09-30T10:33:33+00:00\",\"dateModified\":\"2025-07-19T05:10:28+00:00\",\"description\":\"Vous pouvez acheter du Tangie Hash dans notre boutique en ligne et le recevoir \u00e0 votre porte sans aucun probl\u00e8me. Nous vous aidons \u00e0 acheter du Tangie Hash en ligne. Passez simplement votre commande maintenant !\",\"breadcrumb\":{\"@id\":\"https:\/\/herbelegale.com\/product\/tangie-hash\/#breadcrumb\"},\"inLanguage\":\"fi\",\"potentialAction\":[{\"@type\":\"ReadAction\",\"target\":[\"https:\/\/herbelegale.com\/product\/tangie-hash\/\"]}]},{\"@type\":\"ImageObject\",\"inLanguage\":\"fi\",\"@id\":\"https:\/\/herbelegale.com\/product\/tangie-hash\/#primaryimage\",\"url\":\"https:\/\/herbelegale.com\/wp-content\/uploads\/2023\/09\/Tangie-Hash-1.jpg\",\"contentUrl\":\"https:\/\/herbelegale.com\/wp-content\/uploads\/2023\/09\/Tangie-Hash-1.jpg\",\"width\":600,\"height\":600,\"caption\":\"Tangie Hash\"},{\"@type\":\"BreadcrumbList\",\"@id\":\"https:\/\/herbelegale.com\/product\/tangie-hash\/#breadcrumb\",\"itemListElement\":[{\"@type\":\"ListItem\",\"position\":1,\"name\":\"Home\",\"item\":\"https:\/\/herbelegale.com\/\"},{\"@type\":\"ListItem\",\"position\":2,\"name\":\"Boutique\",\"item\":\"https:\/\/herbelegale.com\/boutique\/\"},{\"@type\":\"ListItem\",\"position\":3,\"name\":\"Tangie Hash\"}]},{\"@type\":\"WebSite\",\"@id\":\"https:\/\/herbelegale.com\/#website\",\"url\":\"https:\/\/herbelegale.com\/\",\"name\":\"Herbe L\u00e9gale\",\"description\":\"Acheter de l&#039;herbe en ligne\",\"publisher\":{\"@id\":\"https:\/\/herbelegale.com\/#organization\"},\"potentialAction\":[{\"@type\":\"SearchAction\",\"target\":{\"@type\":\"EntryPoint\",\"urlTemplate\":\"https:\/\/herbelegale.com\/?s={search_term_string}\"},\"query-input\":{\"@type\":\"PropertyValueSpecification\",\"valueRequired\":true,\"valueName\":\"search_term_string\"}}],\"inLanguage\":\"fi\"},{\"@type\":\"Organization\",\"@id\":\"https:\/\/herbelegale.com\/#organization\",\"name\":\"Herbe L\u00e9gale\",\"url\":\"https:\/\/herbelegale.com\/\",\"logo\":{\"@type\":\"ImageObject\",\"inLanguage\":\"fi\",\"@id\":\"https:\/\/herbelegale.com\/#\/schema\/logo\/image\/\",\"url\":\"https:\/\/herbelegale.com\/wp-content\/uploads\/2023\/10\/logo-1.png\",\"contentUrl\":\"https:\/\/herbelegale.com\/wp-content\/uploads\/2023\/10\/logo-1.png\",\"width\":400,\"height\":120,\"caption\":\"Herbe L\u00e9gale\"},\"image\":{\"@id\":\"https:\/\/herbelegale.com\/#\/schema\/logo\/image\/\"}}]}<\/script>\n<!-- \/ Yoast SEO plugin. -->","yoast_head_json":{"title":"Achetez du haschisch Tanger en ligne - Tangie Hash \u00e0 vendre","description":"Vous pouvez acheter du Tangie Hash dans notre boutique en ligne et le recevoir \u00e0 votre porte sans aucun probl\u00e8me. Nous vous aidons \u00e0 acheter du Tangie Hash en ligne. Passez simplement votre commande maintenant !","robots":{"index":"index","follow":"follow","max-snippet":"max-snippet:-1","max-image-preview":"max-image-preview:large","max-video-preview":"max-video-preview:-1"},"canonical":"https:\/\/herbelegale.com\/fi\/product\/tangie-hash\/","og_locale":"fi_FI","og_type":"article","og_title":"Achetez du haschisch Tanger en ligne - Tangie Hash \u00e0 vendre","og_description":"Vous pouvez acheter du Tangie Hash dans notre boutique en ligne et le recevoir \u00e0 votre porte sans aucun probl\u00e8me. Nous vous aidons \u00e0 acheter du Tangie Hash en ligne. Passez simplement votre commande maintenant !","og_url":"https:\/\/herbelegale.com\/fi\/product\/tangie-hash\/","og_site_name":"Herbe L\u00e9gale","article_modified_time":"2025-07-19T05:10:28+00:00","og_image":[{"width":600,"height":600,"url":"https:\/\/herbelegale.com\/wp-content\/uploads\/2023\/09\/Tangie-Hash-1.jpg","type":"image\/jpeg"}],"twitter_card":"summary_large_image","twitter_misc":{"Arvioitu lukuaika":"4 minuuttia"},"schema":{"@context":"https:\/\/schema.org","@graph":[{"@type":"WebPage","@id":"https:\/\/herbelegale.com\/product\/tangie-hash\/","url":"https:\/\/herbelegale.com\/product\/tangie-hash\/","name":"Achetez du haschisch Tanger en ligne - Tangie Hash \u00e0 vendre","isPartOf":{"@id":"https:\/\/herbelegale.com\/#website"},"primaryImageOfPage":{"@id":"https:\/\/herbelegale.com\/product\/tangie-hash\/#primaryimage"},"image":{"@id":"https:\/\/herbelegale.com\/product\/tangie-hash\/#primaryimage"},"thumbnailUrl":"https:\/\/herbelegale.com\/wp-content\/uploads\/2023\/09\/Tangie-Hash-1.jpg","datePublished":"2023-09-30T10:33:33+00:00","dateModified":"2025-07-19T05:10:28+00:00","description":"Vous pouvez acheter du Tangie Hash dans notre boutique en ligne et le recevoir \u00e0 votre porte sans aucun probl\u00e8me. Nous vous aidons \u00e0 acheter du Tangie Hash en ligne. Passez simplement votre commande maintenant !","breadcrumb":{"@id":"https:\/\/herbelegale.com\/product\/tangie-hash\/#breadcrumb"},"inLanguage":"fi","potentialAction":[{"@type":"ReadAction","target":["https:\/\/herbelegale.com\/product\/tangie-hash\/"]}]},{"@type":"ImageObject","inLanguage":"fi","@id":"https:\/\/herbelegale.com\/product\/tangie-hash\/#primaryimage","url":"https:\/\/herbelegale.com\/wp-content\/uploads\/2023\/09\/Tangie-Hash-1.jpg","contentUrl":"https:\/\/herbelegale.com\/wp-content\/uploads\/2023\/09\/Tangie-Hash-1.jpg","width":600,"height":600,"caption":"Tangie Hash"},{"@type":"BreadcrumbList","@id":"https:\/\/herbelegale.com\/product\/tangie-hash\/#breadcrumb","itemListElement":[{"@type":"ListItem","position":1,"name":"Home","item":"https:\/\/herbelegale.com\/"},{"@type":"ListItem","position":2,"name":"Boutique","item":"https:\/\/herbelegale.com\/boutique\/"},{"@type":"ListItem","position":3,"name":"Tangie Hash"}]},{"@type":"WebSite","@id":"https:\/\/herbelegale.com\/#website","url":"https:\/\/herbelegale.com\/","name":"Herbe L\u00e9gale","description":"Acheter de l&#039;herbe en ligne","publisher":{"@id":"https:\/\/herbelegale.com\/#organization"},"potentialAction":[{"@type":"SearchAction","target":{"@type":"EntryPoint","urlTemplate":"https:\/\/herbelegale.com\/?s={search_term_string}"},"query-input":{"@type":"PropertyValueSpecification","valueRequired":true,"valueName":"search_term_string"}}],"inLanguage":"fi"},{"@type":"Organization","@id":"https:\/\/herbelegale.com\/#organization","name":"Herbe L\u00e9gale","url":"https:\/\/herbelegale.com\/","logo":{"@type":"ImageObject","inLanguage":"fi","@id":"https:\/\/herbelegale.com\/#\/schema\/logo\/image\/","url":"https:\/\/herbelegale.com\/wp-content\/uploads\/2023\/10\/logo-1.png","contentUrl":"https:\/\/herbelegale.com\/wp-content\/uploads\/2023\/10\/logo-1.png","width":400,"height":120,"caption":"Herbe L\u00e9gale"},"image":{"@id":"https:\/\/herbelegale.com\/#\/schema\/logo\/image\/"}}]}},"_links":{"self":[{"href":"https:\/\/herbelegale.com\/fi\/wp-json\/wp\/v2\/product\/1369","targetHints":{"allow":["GET"]}}],"collection":[{"href":"https:\/\/herbelegale.com\/fi\/wp-json\/wp\/v2\/product"}],"about":[{"href":"https:\/\/herbelegale.com\/fi\/wp-json\/wp\/v2\/types\/product"}],"replies":[{"embeddable":true,"href":"https:\/\/herbelegale.com\/fi\/wp-json\/wp\/v2\/comments?post=1369"}],"wp:featuredmedia":[{"embeddable":true,"href":"https:\/\/herbelegale.com\/fi\/wp-json\/wp\/v2\/media\/1474"}],"wp:attachment":[{"href":"https:\/\/herbelegale.com\/fi\/wp-json\/wp\/v2\/media?parent=1369"}],"wp:term":[{"taxonomy":"product_brand","embeddable":true,"href":"https:\/\/herbelegale.com\/fi\/wp-json\/wp\/v2\/product_brand?post=1369"},{"taxonomy":"product_cat","embeddable":true,"href":"https:\/\/herbelegale.com\/fi\/wp-json\/wp\/v2\/product_cat?post=1369"},{"taxonomy":"product_tag","embeddable":true,"href":"https:\/\/herbelegale.com\/fi\/wp-json\/wp\/v2\/product_tag?post=1369"}],"curies":[{"name":"wp","href":"https:\/\/api.w.org\/{rel}","templated":true}]}}