{"id":1367,"date":"2023-09-30T10:33:33","date_gmt":"2023-09-30T10:33:33","guid":{"rendered":"https:\/\/nembutalhouse.com\/weed\/?post_type=product&#038;p=1367"},"modified":"2025-07-19T05:06:46","modified_gmt":"2025-07-19T05:06:46","slug":"moraccan-hash","status":"publish","type":"product","link":"https:\/\/herbelegale.com\/fi\/product\/moraccan-hash\/","title":{"rendered":"Moraccan Hash"},"content":{"rendered":"<h2><b>Johdatus marokkolaiseen hashiin<\/b><\/h2>\n<p>Le <a href=\"https:\/\/herbelegale.com\/fi\/product\/moraccan-hash\/\">Hash Marocain<\/a>, eli marokkolainen hasis, on yksi maailman ikonisimmista kannabistiivisteist\u00e4. Rif-vuorilta kotoisin oleva k\u00e4sity\u00f6n\u00e4 valmistettu tuote on tunnettu poikkeuksellisesta laadustaan, puhtaudestaan ja omaleimaisista vaikutuksistaan. Olitpa sitten utelias, amat\u00f6\u00f6ri tai asiantuntija, marokkolaisen hasiksen l\u00f6yt\u00e4minen on uppoutumista esi-isien perinteeseen, jolla on ainutlaatuiset aromit ja syv\u00e4lliset vaikutukset.<\/p>\n<h3><b>Mik\u00e4 on marokkolainen hash?<\/b><\/h3>\n<p>Le <a href=\"https:\/\/en.wikipedia.org\/wiki\/Hashish\">Hash Marocain<\/a> on kannabishartsia, jota saadaan seulomalla kannabiskukista trikomeja (kannabinoidipitoisia hartsirauhasia). Jauhe puristetaan sitten manuaalisesti paloiksi tai kakuiksi, joiden v\u00e4ri vaihtelee ruskeasta mustaan ja joiden koostumus on pehme\u00e4, \u00f6ljyinen tai mureneva valmistusmenetelm\u00e4st\u00e4 ja laadusta riippuen.<\/p>\n<p>THC:n, CBD:n ja muiden aktiivisten yhdisteiden runsauden ansiosta Moroccan Hash tarjoaa rentouttavia, euforisia ja joskus stimuloivia vaikutuksia, joita sen kuluttajat arvostavat suuresti.<\/p>\n<h3><b>Yleisi\u00e4 vaikutuksia ja k\u00e4ytt\u00f6tarkoituksia<\/b><\/h3>\n<p><span style=\"font-weight: 400;\">Marokkolainen hasis tunnetaan fyysisist\u00e4 ja henkisist\u00e4 hy\u00f6dyist\u00e4\u00e4n. Yleisimmin raportoituja vaikutuksia ovat:<\/span><\/p>\n<ul>\n<li style=\"font-weight: 400;\" aria-level=\"1\">Rentoutuminen ja stressin v\u00e4hent\u00e4minen&nbsp;<\/li>\n<li style=\"font-weight: 400;\" aria-level=\"1\">Lievitt\u00e4\u00e4 kroonista kipua tai unettomuutta&nbsp;<\/li>\n<li style=\"font-weight: 400;\" aria-level=\"1\">F\u00f6rderung von Kreativit\u00e4t und Konzentration&nbsp;<\/li>\n<li style=\"font-weight: 400;\" aria-level=\"1\">sue\u00f1o mejorado&nbsp;<\/li>\n<li style=\"font-weight: 400;\" aria-level=\"1\">Lempe\u00e4n ja kest\u00e4v\u00e4n euforian tunne&nbsp;<\/li>\n<\/ul>\n<h3><b>Kulutusmenetelm\u00e4t:<\/b><\/h3>\n<ul>\n<li style=\"font-weight: 400;\" aria-level=\"1\"><span style=\"font-weight: 400;\">En combusti\u00f3n: pipa, porro, cachimba<\/span>&nbsp;<\/li>\n<li style=\"font-weight: 400;\" aria-level=\"1\"><span style=\"font-weight: 400;\">En infusi\u00f3n: en leche o grasa<\/span>&nbsp;<\/li>\n<li style=\"font-weight: 400;\" aria-level=\"1\"><span style=\"font-weight: 400;\">Durch Spr\u00fchen (je nach Ausr\u00fcstung)<\/span>&nbsp;<\/li>\n<\/ul>\n<h3><b>Oikeudellinen asema: kiinnit\u00e4 huomiota paikallisiin lakeihin<\/b><\/h3>\n<p>Marokon hasiksen laillisuus vaihtelee suuresti maittain ja laink\u00e4ytt\u00f6alueittain. Joissakin maissa sen k\u00e4ytt\u00f6 on ehdottomasti kielletty, kun taas toisissa sen k\u00e4ytt\u00f6 l\u00e4\u00e4ketieteellisiin tai virkistystarkoituksiin on sallittua.<\/p>\n<p>Avant toute consommation ou achat, informez-vous sur la l\u00e9gislation locale pour \u00e9viter des complications juridiques.<\/p>\n<h3><b>Miksi ostaa marokkolaista hasista netist\u00e4?<\/b><\/h3>\n<h3><b>Esteett\u00f6myys<\/b><\/h3>\n<p>Verkkotilaaminen antaa sinulle mahdollisuuden saada laadukkaita tuotteita ilman maantieteellisi\u00e4 rajoituksia.<\/p>\n<h3><b>Monipuolinen valikoima<\/b><\/h3>\n<p>Erikoistuneet alustat tarjoavat laajan valikoiman hash-muotoja alkuper\u00e4n, laadun, hinnan ja haluttujen vaikutusten mukaan.<\/p>\n<h3><b>Harkintakyky taattu<\/b><\/h3>\n<p>Luotettavat myyj\u00e4t tarjoavat neutraalin ja turvallisen pakkauksen sek\u00e4 huomaamattoman ja seurattavan toimituksen.<\/p>\n<h3><b>Come scegliere un venditore affidabile?<\/b><\/h3>\n<p><span style=\"font-weight: 400;\">T\u00e4ss\u00e4 on muutamia t\u00e4rkeit\u00e4 kriteerej\u00e4 ep\u00e4miellytt\u00e4vien yll\u00e4tysten v\u00e4ltt\u00e4miseksi:<\/span><\/p>\n<ul>\n<li style=\"font-weight: 400;\" aria-level=\"1\">\u00a0Myyj\u00e4n maine: tarkista asiakasarvostelut ja erikoisfoorumit&nbsp;<\/li>\n<li style=\"font-weight: 400;\" aria-level=\"1\">L\u00e4pin\u00e4kyvyys: tuotteen alkuper\u00e4, uuttomenetelm\u00e4, THC\/CBD-pitoisuus&nbsp;<\/li>\n<li style=\"font-weight: 400;\" aria-level=\"1\">Toimitusk\u00e4yt\u00e4nt\u00f6: toimitusajat, seuranta, huomaamaton pakkaus&nbsp;<\/li>\n<li style=\"font-weight: 400;\" aria-level=\"1\">Maksuturvallisuus: HTTPS-sivusto, luotettavat maksutavat&nbsp;<\/li>\n<\/ul>\n<p>Vinkki: suosi yhteis\u00f6n tunnustamia tai suosittelemia alustoja.<\/p>\n<h3><b>Riskit ja varotoimet<\/b><\/h3>\n<h3><b>Terveysriskit<\/b><\/h3>\n<ul>\n<li style=\"font-weight: 400;\" aria-level=\"1\"><span style=\"font-weight: 400;\">Troubles de la m\u00e9moire \u00e0 court terme<\/span>&nbsp;<\/li>\n<li style=\"font-weight: 400;\" aria-level=\"1\"><span style=\"font-weight: 400;\">Angst oder Paranoia bei sensiblen Menschen<\/span>&nbsp;<\/li>\n<li style=\"font-weight: 400;\" aria-level=\"1\"><span style=\"font-weight: 400;\">Somnolencia, disminuci\u00f3n de la motivaci\u00f3n.<\/span>&nbsp;<\/li>\n<li style=\"font-weight: 400;\" aria-level=\"1\"><span style=\"font-weight: 400;\">Wechselwirkungen mit bestimmten Medikamenten<\/span>&nbsp;<\/li>\n<\/ul>\n<h3><b>Suositellut varotoimet:<\/b><\/h3>\n<ul>\n<li style=\"font-weight: 400;\" aria-level=\"1\">Beginnen Sie mit niedrigen Dosen, besonders wenn Sie Anf\u00e4nger sind&nbsp;<\/li>\n<li style=\"font-weight: 400;\" aria-level=\"1\">No conduzca despu\u00e9s de beber&nbsp;<\/li>\n<li style=\"font-weight: 400;\" aria-level=\"1\">Vermeiden Sie den Konsum, wenn Sie unter psychischen St\u00f6rungen leiden&nbsp;<\/li>\n<li style=\"font-weight: 400;\" aria-level=\"1\">En caso de duda, consulte con un profesional sanitario.&nbsp;<\/li>\n<\/ul>\n<h3><b>Johtop\u00e4\u00e4t\u00f6s<\/b><\/h3>\n<p>Marokkolainen hasis on paljon enemm\u00e4n kuin vain kannabistuote: se on perinne, tietotaito ja aistikokemus itsess\u00e4\u00e4n. Ostamalla sit\u00e4 vastuullisesti ja noudattamalla paikallisia lakeja voit nauttia sen eduista turvallisesti.<\/p>","protected":false},"excerpt":{"rendered":"<p>Introduction au Hash Marocain Le Hash Marocain, ou haschisch marocain, est l\u2019un des concentr\u00e9s de cannabis les plus embl\u00e9matiques au monde. Originaire des montagnes du Rif, ce produit artisanal est r\u00e9put\u00e9 pour sa qualit\u00e9 exceptionnelle, sa puret\u00e9 et ses effets distinctifs. Que vous soyez curieux, amateur ou connaisseur, d\u00e9couvrir le Hash Marocain, c\u2019est s\u2019immerger dans&#8230;<\/p>","protected":false},"featured_media":1473,"comment_status":"open","ping_status":"closed","template":"","meta":{"_kadence_starter_templates_imported_post":false,"_kad_post_transparent":"default","_kad_post_title":"","_kad_post_layout":"default","_kad_post_sidebar_id":"","_kad_post_content_style":"default","_kad_post_vertical_padding":"default","_kad_post_feature":"","_kad_post_feature_position":"","_kad_post_header":false,"_kad_post_footer":false,"_joinchat":[]},"product_brand":[],"product_cat":[31],"product_tag":[],"class_list":{"0":"post-1367","1":"product","2":"type-product","3":"status-publish","4":"has-post-thumbnail","6":"product_cat-haschisch","8":"first","9":"instock","10":"shipping-taxable","11":"purchasable","12":"product-type-variable","13":"entry","14":"content-bg","15":"loop-entry"},"yoast_head":"<!-- This site is optimized with the Yoast SEO plugin v23.5 - https:\/\/yoast.com\/wordpress\/plugins\/seo\/ -->\n<title>Achetez du haschisch marocain en ligne - Vente de haschisch marocain<\/title>\n<meta name=\"description\" content=\"Si vous souhaitez acheter du haschisch marocain en ligne, notre boutique en ligne Herbegal peut vous aider. Nous avons du haschisch marocain \u00e0 vendre aux meilleurs prix ici. Passez votre commande et profitez des derni\u00e8res offres d\u00e8s aujourd&#039;hui !\" \/>\n<meta name=\"robots\" content=\"index, follow, max-snippet:-1, max-image-preview:large, max-video-preview:-1\" \/>\n<link rel=\"canonical\" href=\"https:\/\/herbelegale.com\/fi\/product\/moraccan-hash\/\" \/>\n<meta property=\"og:locale\" content=\"fi_FI\" \/>\n<meta property=\"og:type\" content=\"article\" \/>\n<meta property=\"og:title\" content=\"Achetez du haschisch marocain en ligne - Vente de haschisch marocain\" \/>\n<meta property=\"og:description\" content=\"Si vous souhaitez acheter du haschisch marocain en ligne, notre boutique en ligne Herbegal peut vous aider. Nous avons du haschisch marocain \u00e0 vendre aux meilleurs prix ici. Passez votre commande et profitez des derni\u00e8res offres d\u00e8s aujourd&#039;hui !\" \/>\n<meta property=\"og:url\" content=\"https:\/\/herbelegale.com\/fi\/product\/moraccan-hash\/\" \/>\n<meta property=\"og:site_name\" content=\"Herbe L\u00e9gale\" \/>\n<meta property=\"article:modified_time\" content=\"2025-07-19T05:06:46+00:00\" \/>\n<meta property=\"og:image\" content=\"https:\/\/herbelegale.com\/wp-content\/uploads\/2023\/09\/Moraccan-Hash-1.jpg\" \/>\n\t<meta property=\"og:image:width\" content=\"600\" \/>\n\t<meta property=\"og:image:height\" content=\"600\" \/>\n\t<meta property=\"og:image:type\" content=\"image\/jpeg\" \/>\n<meta name=\"twitter:card\" content=\"summary_large_image\" \/>\n<meta name=\"twitter:label1\" content=\"Arvioitu lukuaika\" \/>\n\t<meta name=\"twitter:data1\" content=\"3 minuuttia\" \/>\n<script type=\"application\/ld+json\" class=\"yoast-schema-graph\">{\"@context\":\"https:\/\/schema.org\",\"@graph\":[{\"@type\":\"WebPage\",\"@id\":\"https:\/\/herbelegale.com\/product\/moraccan-hash\/\",\"url\":\"https:\/\/herbelegale.com\/product\/moraccan-hash\/\",\"name\":\"Achetez du haschisch marocain en ligne - Vente de haschisch marocain\",\"isPartOf\":{\"@id\":\"https:\/\/herbelegale.com\/#website\"},\"primaryImageOfPage\":{\"@id\":\"https:\/\/herbelegale.com\/product\/moraccan-hash\/#primaryimage\"},\"image\":{\"@id\":\"https:\/\/herbelegale.com\/product\/moraccan-hash\/#primaryimage\"},\"thumbnailUrl\":\"https:\/\/herbelegale.com\/wp-content\/uploads\/2023\/09\/Moraccan-Hash-1.jpg\",\"datePublished\":\"2023-09-30T10:33:33+00:00\",\"dateModified\":\"2025-07-19T05:06:46+00:00\",\"description\":\"Si vous souhaitez acheter du haschisch marocain en ligne, notre boutique en ligne Herbegal peut vous aider. Nous avons du haschisch marocain \u00e0 vendre aux meilleurs prix ici. Passez votre commande et profitez des derni\u00e8res offres d\u00e8s aujourd'hui !\",\"breadcrumb\":{\"@id\":\"https:\/\/herbelegale.com\/product\/moraccan-hash\/#breadcrumb\"},\"inLanguage\":\"fi\",\"potentialAction\":[{\"@type\":\"ReadAction\",\"target\":[\"https:\/\/herbelegale.com\/product\/moraccan-hash\/\"]}]},{\"@type\":\"ImageObject\",\"inLanguage\":\"fi\",\"@id\":\"https:\/\/herbelegale.com\/product\/moraccan-hash\/#primaryimage\",\"url\":\"https:\/\/herbelegale.com\/wp-content\/uploads\/2023\/09\/Moraccan-Hash-1.jpg\",\"contentUrl\":\"https:\/\/herbelegale.com\/wp-content\/uploads\/2023\/09\/Moraccan-Hash-1.jpg\",\"width\":600,\"height\":600,\"caption\":\"Moraccan Hash\"},{\"@type\":\"BreadcrumbList\",\"@id\":\"https:\/\/herbelegale.com\/product\/moraccan-hash\/#breadcrumb\",\"itemListElement\":[{\"@type\":\"ListItem\",\"position\":1,\"name\":\"Home\",\"item\":\"https:\/\/herbelegale.com\/\"},{\"@type\":\"ListItem\",\"position\":2,\"name\":\"Boutique\",\"item\":\"https:\/\/herbelegale.com\/boutique\/\"},{\"@type\":\"ListItem\",\"position\":3,\"name\":\"Moraccan Hash\"}]},{\"@type\":\"WebSite\",\"@id\":\"https:\/\/herbelegale.com\/#website\",\"url\":\"https:\/\/herbelegale.com\/\",\"name\":\"Herbe L\u00e9gale\",\"description\":\"Acheter de l&#039;herbe en ligne\",\"publisher\":{\"@id\":\"https:\/\/herbelegale.com\/#organization\"},\"potentialAction\":[{\"@type\":\"SearchAction\",\"target\":{\"@type\":\"EntryPoint\",\"urlTemplate\":\"https:\/\/herbelegale.com\/?s={search_term_string}\"},\"query-input\":{\"@type\":\"PropertyValueSpecification\",\"valueRequired\":true,\"valueName\":\"search_term_string\"}}],\"inLanguage\":\"fi\"},{\"@type\":\"Organization\",\"@id\":\"https:\/\/herbelegale.com\/#organization\",\"name\":\"Herbe L\u00e9gale\",\"url\":\"https:\/\/herbelegale.com\/\",\"logo\":{\"@type\":\"ImageObject\",\"inLanguage\":\"fi\",\"@id\":\"https:\/\/herbelegale.com\/#\/schema\/logo\/image\/\",\"url\":\"https:\/\/herbelegale.com\/wp-content\/uploads\/2023\/10\/logo-1.png\",\"contentUrl\":\"https:\/\/herbelegale.com\/wp-content\/uploads\/2023\/10\/logo-1.png\",\"width\":400,\"height\":120,\"caption\":\"Herbe L\u00e9gale\"},\"image\":{\"@id\":\"https:\/\/herbelegale.com\/#\/schema\/logo\/image\/\"}}]}<\/script>\n<!-- \/ Yoast SEO plugin. -->","yoast_head_json":{"title":"Achetez du haschisch marocain en ligne - Vente de haschisch marocain","description":"Si vous souhaitez acheter du haschisch marocain en ligne, notre boutique en ligne Herbegal peut vous aider. Nous avons du haschisch marocain \u00e0 vendre aux meilleurs prix ici. Passez votre commande et profitez des derni\u00e8res offres d\u00e8s aujourd'hui !","robots":{"index":"index","follow":"follow","max-snippet":"max-snippet:-1","max-image-preview":"max-image-preview:large","max-video-preview":"max-video-preview:-1"},"canonical":"https:\/\/herbelegale.com\/fi\/product\/moraccan-hash\/","og_locale":"fi_FI","og_type":"article","og_title":"Achetez du haschisch marocain en ligne - Vente de haschisch marocain","og_description":"Si vous souhaitez acheter du haschisch marocain en ligne, notre boutique en ligne Herbegal peut vous aider. Nous avons du haschisch marocain \u00e0 vendre aux meilleurs prix ici. Passez votre commande et profitez des derni\u00e8res offres d\u00e8s aujourd'hui !","og_url":"https:\/\/herbelegale.com\/fi\/product\/moraccan-hash\/","og_site_name":"Herbe L\u00e9gale","article_modified_time":"2025-07-19T05:06:46+00:00","og_image":[{"width":600,"height":600,"url":"https:\/\/herbelegale.com\/wp-content\/uploads\/2023\/09\/Moraccan-Hash-1.jpg","type":"image\/jpeg"}],"twitter_card":"summary_large_image","twitter_misc":{"Arvioitu lukuaika":"3 minuuttia"},"schema":{"@context":"https:\/\/schema.org","@graph":[{"@type":"WebPage","@id":"https:\/\/herbelegale.com\/product\/moraccan-hash\/","url":"https:\/\/herbelegale.com\/product\/moraccan-hash\/","name":"Achetez du haschisch marocain en ligne - Vente de haschisch marocain","isPartOf":{"@id":"https:\/\/herbelegale.com\/#website"},"primaryImageOfPage":{"@id":"https:\/\/herbelegale.com\/product\/moraccan-hash\/#primaryimage"},"image":{"@id":"https:\/\/herbelegale.com\/product\/moraccan-hash\/#primaryimage"},"thumbnailUrl":"https:\/\/herbelegale.com\/wp-content\/uploads\/2023\/09\/Moraccan-Hash-1.jpg","datePublished":"2023-09-30T10:33:33+00:00","dateModified":"2025-07-19T05:06:46+00:00","description":"Si vous souhaitez acheter du haschisch marocain en ligne, notre boutique en ligne Herbegal peut vous aider. Nous avons du haschisch marocain \u00e0 vendre aux meilleurs prix ici. Passez votre commande et profitez des derni\u00e8res offres d\u00e8s aujourd'hui !","breadcrumb":{"@id":"https:\/\/herbelegale.com\/product\/moraccan-hash\/#breadcrumb"},"inLanguage":"fi","potentialAction":[{"@type":"ReadAction","target":["https:\/\/herbelegale.com\/product\/moraccan-hash\/"]}]},{"@type":"ImageObject","inLanguage":"fi","@id":"https:\/\/herbelegale.com\/product\/moraccan-hash\/#primaryimage","url":"https:\/\/herbelegale.com\/wp-content\/uploads\/2023\/09\/Moraccan-Hash-1.jpg","contentUrl":"https:\/\/herbelegale.com\/wp-content\/uploads\/2023\/09\/Moraccan-Hash-1.jpg","width":600,"height":600,"caption":"Moraccan Hash"},{"@type":"BreadcrumbList","@id":"https:\/\/herbelegale.com\/product\/moraccan-hash\/#breadcrumb","itemListElement":[{"@type":"ListItem","position":1,"name":"Home","item":"https:\/\/herbelegale.com\/"},{"@type":"ListItem","position":2,"name":"Boutique","item":"https:\/\/herbelegale.com\/boutique\/"},{"@type":"ListItem","position":3,"name":"Moraccan Hash"}]},{"@type":"WebSite","@id":"https:\/\/herbelegale.com\/#website","url":"https:\/\/herbelegale.com\/","name":"Herbe L\u00e9gale","description":"Acheter de l&#039;herbe en ligne","publisher":{"@id":"https:\/\/herbelegale.com\/#organization"},"potentialAction":[{"@type":"SearchAction","target":{"@type":"EntryPoint","urlTemplate":"https:\/\/herbelegale.com\/?s={search_term_string}"},"query-input":{"@type":"PropertyValueSpecification","valueRequired":true,"valueName":"search_term_string"}}],"inLanguage":"fi"},{"@type":"Organization","@id":"https:\/\/herbelegale.com\/#organization","name":"Herbe L\u00e9gale","url":"https:\/\/herbelegale.com\/","logo":{"@type":"ImageObject","inLanguage":"fi","@id":"https:\/\/herbelegale.com\/#\/schema\/logo\/image\/","url":"https:\/\/herbelegale.com\/wp-content\/uploads\/2023\/10\/logo-1.png","contentUrl":"https:\/\/herbelegale.com\/wp-content\/uploads\/2023\/10\/logo-1.png","width":400,"height":120,"caption":"Herbe L\u00e9gale"},"image":{"@id":"https:\/\/herbelegale.com\/#\/schema\/logo\/image\/"}}]}},"_links":{"self":[{"href":"https:\/\/herbelegale.com\/fi\/wp-json\/wp\/v2\/product\/1367","targetHints":{"allow":["GET"]}}],"collection":[{"href":"https:\/\/herbelegale.com\/fi\/wp-json\/wp\/v2\/product"}],"about":[{"href":"https:\/\/herbelegale.com\/fi\/wp-json\/wp\/v2\/types\/product"}],"replies":[{"embeddable":true,"href":"https:\/\/herbelegale.com\/fi\/wp-json\/wp\/v2\/comments?post=1367"}],"wp:featuredmedia":[{"embeddable":true,"href":"https:\/\/herbelegale.com\/fi\/wp-json\/wp\/v2\/media\/1473"}],"wp:attachment":[{"href":"https:\/\/herbelegale.com\/fi\/wp-json\/wp\/v2\/media?parent=1367"}],"wp:term":[{"taxonomy":"product_brand","embeddable":true,"href":"https:\/\/herbelegale.com\/fi\/wp-json\/wp\/v2\/product_brand?post=1367"},{"taxonomy":"product_cat","embeddable":true,"href":"https:\/\/herbelegale.com\/fi\/wp-json\/wp\/v2\/product_cat?post=1367"},{"taxonomy":"product_tag","embeddable":true,"href":"https:\/\/herbelegale.com\/fi\/wp-json\/wp\/v2\/product_tag?post=1367"}],"curies":[{"name":"wp","href":"https:\/\/api.w.org\/{rel}","templated":true}]}}