{"id":1366,"date":"2023-09-30T10:32:57","date_gmt":"2023-09-30T10:32:57","guid":{"rendered":"https:\/\/nembutalhouse.com\/weed\/?post_type=product&#038;p=1366"},"modified":"2025-07-19T04:48:55","modified_gmt":"2025-07-19T04:48:55","slug":"amnesia-jelly-hash","status":"publish","type":"product","link":"https:\/\/herbelegale.com\/fi\/product\/amnesia-jelly-hash\/","title":{"rendered":"Amnesia Jelly Hash"},"content":{"rendered":"<h2><b>Johdatus Amnesia Jelly Hashiin<\/b><\/h2>\n<p>D\u00e9couvrez l\u2019<a href=\"https:\/\/herbelegale.com\/fi\/product\/amnesia-jelly-hash\/\">Amnesia Jelly Hash<\/a>, huippuluokan tiiviste, jota asiantuntijat arvostavat sen tehon, erityisen koostumuksen ja intensiivisten aromien ansiosta. T\u00e4ydellinen yhdistelm\u00e4 perinteist\u00e4 hartsia ja modernia uuttotekniikkaa. T\u00e4m\u00e4 kannabinoideja sis\u00e4lt\u00e4v\u00e4 hyytel\u00f6 tarjoaa ainutlaatuisen kokemuksen yhdist\u00e4en vahvuuden ja maun.<\/p>\n<p>Olitpa sitten hasiksen harrastaja tai utelias tutustumaan laadukkaisiin tiivisteisiin, hasiksen ostaminen<a href=\"https:\/\/en.wikipedia.org\/wiki\/Hashish\">Amnesia Jelly Hash verkossa<\/a> est une invitation \u00e0 un voyage sensoriel puissant.<\/p>\n<h3><b>Mik\u00e4 on Amnesia Jelly Hash?<\/b><\/h3>\n<p>, ensiluokkainen tiiviste, jota asiantuntijat arvostavat sen tehon, omaleimaisen koostumuksen ja intensiivisten aromien ansiosta. T\u00e4ydellinen yhdistelm\u00e4 perinteist\u00e4 hartsia ja modernia uuttoa, t\u00e4m\u00e4 kannabinoideja sis\u00e4lt\u00e4v\u00e4 hyytel\u00f6 tarjoaa ainutlaatuisen kokemuksen yhdist\u00e4en vahvuuden ja maun.<\/p>\n<p>Issu de la vari\u00e9t\u00e9 Amnesia, r\u00e9put\u00e9e pour ses effets \u00e9nerg\u00e9tiques et c\u00e9r\u00e9braux, ce hash offre une mont\u00e9e progressive, avec un parfum de citron, d\u2019\u00e9pices et d\u2019herbes fra\u00eeches.<\/p>\n<h3><b>Yleisi\u00e4 k\u00e4ytt\u00f6tarkoituksia ja vaikutuksia<\/b><\/h3>\n<p>Kokeneet k\u00e4ytt\u00e4j\u00e4t nauttivat Amnesia Jelly Hashista seuraavien ominaisuuksien vuoksi:<\/p>\n<ul>\n<li style=\"font-weight: 400;\" aria-level=\"1\">Sen euforinen ja stimuloiva aivovaikutus&nbsp;<\/li>\n<li style=\"font-weight: 400;\" aria-level=\"1\">Energian ja keskittymiskyvyn lis\u00e4\u00e4minen&nbsp;<\/li>\n<li style=\"font-weight: 400;\" aria-level=\"1\">Sen stressi\u00e4 lievitt\u00e4v\u00e4 potentiaali&nbsp;<\/li>\n<li style=\"font-weight: 400;\" aria-level=\"1\">Sen pitk\u00e4aikaiset rentouttavat ominaisuudet&nbsp;<\/li>\n<\/ul>\n<p><span style=\"font-weight: 400;\">Ihanteellinen luoviin hetkiin, sosiaalisiin aktiviteetteihin tai vain syv\u00e4\u00e4n rentoutumiseen.<\/span><\/p>\n<h3><b>Oikeudellinen asema (alueesta riippuen)<\/b><\/h3>\n<p>Amnesia Jelly Hashin laillinen asema vaihtelee maittain ja laink\u00e4ytt\u00f6alueittain. Joillakin alueilla THC-pitoiset tiivisteet ovat sallittuja tai laillisia, kun taas toisilla niiden k\u00e4ytt\u00f6 on edelleen ehdottomasti kielletty. Ennen kuin tilaat Amnesia Jelly Hashia verkosta, muista tarkistaa alueesi m\u00e4\u00e4r\u00e4ykset.<\/p>\n<h3><b>Pourquoi acheter Amnesia Jelly Hash en ligne ?<\/b><\/h3>\n<h3><b>Esteett\u00f6myys<\/b><\/h3>\n<p>Amnesia Jelly Hashin tilaaminen verkosta on nyt ensisijainen vaihtoehto vaativille harrastajille premium-tuotteiden paremman saatavuuden ansiosta.<\/p>\n<h3><b>Erilaisia myyji\u00e4<\/b><\/h3>\n<p>Sur internet, vous trouverez une large s\u00e9lection d\u2019Amnesia Jelly Hash \u00e0 vendre, avec diff\u00e9rentes qualit\u00e9s, concentrations et pr\u00e9sentations selon les plateformes.<\/p>\n<h3><b>Huomaamaton toimitus<\/b><\/h3>\n<p>Luotettavat verkkokaupat takaavat huomaamattoman ja turvallisen toimituksen. Tilauksesi saapuu kotiisi neutraalissa pakkauksessa, jossa ei ole n\u00e4kyvi\u00e4 merkint\u00f6j\u00e4 sis\u00e4ll\u00f6st\u00e4.<\/p>\n<h3><b>Come scegliere un venditore affidabile?<\/b><\/h3>\n<p>L\u00f6yt\u00e4\u00e4ksesi parhaan paikan ostaa Amnesia Jelly Hashia verkossa, t\u00e4ss\u00e4 on muutamia t\u00e4rkeit\u00e4 vinkkej\u00e4:<\/p>\n<ul>\n<li style=\"font-weight: 400;\" aria-level=\"1\">Tarkista Amnesia Jelly Hashin hinnat v\u00e4ltt\u00e4\u00e4ksesi liian houkuttelevia tarjouksia, jotka ovat usein merkki huonosta laadusta.&nbsp;<\/li>\n<li style=\"font-weight: 400;\" aria-level=\"1\"><span style=\"font-weight: 400;\">Tutustu muiden ostajien arvosteluihin ja suosituksiin<\/span>&nbsp;<\/li>\n<li style=\"font-weight: 400;\" aria-level=\"1\"><span style=\"font-weight: 400;\">Suosikkimyyj\u00e4t, jotka tarjoavat laboratorioanalyysitodistuksia<\/span>&nbsp;<\/li>\n<li style=\"font-weight: 400;\" aria-level=\"1\"><span style=\"font-weight: 400;\">Valitse sivustoja, joissa on helppok\u00e4ytt\u00f6inen ja ammattitaitoinen asiakaspalvelu<\/span>&nbsp;<\/li>\n<li style=\"font-weight: 400;\" aria-level=\"1\"><span style=\"font-weight: 400;\">Tutki toimitus- ja palautusehdot<\/span>&nbsp;<\/li>\n<\/ul>\n<h3><b>Toimitusk\u00e4yt\u00e4nn\u00f6t<\/b><\/h3>\n<p><span style=\"font-weight: 400;\">Luotettava sivusto tarjoaa:<\/span><\/p>\n<ul>\n<li style=\"font-weight: 400;\" aria-level=\"1\"><span style=\"font-weight: 400;\">Toimitusaikatauluja noudatettu<\/span>&nbsp;<\/li>\n<li style=\"font-weight: 400;\" aria-level=\"1\"><span style=\"font-weight: 400;\">Tehokas seurantaj\u00e4rjestelm\u00e4<\/span>&nbsp;<\/li>\n<li style=\"font-weight: 400;\" aria-level=\"1\"><span style=\"font-weight: 400;\">Hyvitys- tai palautusvaihtoehdot ongelmatilanteissa<\/span>&nbsp;<\/li>\n<\/ul>\n<h3><b>Riskit ja huomioon otettavat asiat<\/b><\/h3>\n<h3><b>Terveysriskit<\/b><\/h3>\n<p>Amnesia Jelly Hash on ensiluokkainen tuote, joka ilahduttaa voimakkaan ja aromaattisen hasiksen yst\u00e4vi\u00e4. Jotta voit nauttia sen vaikutuksista t\u00e4ysin ja v\u00e4ltt\u00e4\u00e4 ep\u00e4miellytt\u00e4vi\u00e4 yll\u00e4tyksi\u00e4, osta Amnesia Jelly Hash aina verkosta luotettavilta myyjilt\u00e4.<\/p>\n<h3><b>Johtop\u00e4\u00e4t\u00f6s<\/b><\/h3>\n<p>Amnesia Jelly Hash on ensiluokkainen tuote, joka ilahduttaa voimakkaan ja aromaattisen hasiksen yst\u00e4vi\u00e4. Jotta voit nauttia sen vaikutuksista t\u00e4ysin ja v\u00e4ltt\u00e4\u00e4 ep\u00e4miellytt\u00e4vi\u00e4 yll\u00e4tyksi\u00e4, osta Amnesia Jelly Hash aina verkosta luotettavilta myyjilt\u00e4.<\/p>\n<p>&nbsp;<\/p>","protected":false},"excerpt":{"rendered":"<p>Introduction \u00e0 l\u2019Amnesia Jelly Hash D\u00e9couvrez l\u2019Amnesia Jelly Hash, un concentr\u00e9 haut de gamme appr\u00e9ci\u00e9 par les connaisseurs pour sa puissance, sa texture particuli\u00e8re et ses ar\u00f4mes intenses. Fusion parfaite entre r\u00e9sine traditionnelle et extraction moderne, cette gel\u00e9e riche en cannabino\u00efdes offre une exp\u00e9rience unique, alliant force et saveurs. Que vous soyez un amateur de&#8230;<\/p>","protected":false},"featured_media":1472,"comment_status":"open","ping_status":"closed","template":"","meta":{"_kadence_starter_templates_imported_post":false,"_kad_post_transparent":"default","_kad_post_title":"","_kad_post_layout":"default","_kad_post_sidebar_id":"","_kad_post_content_style":"default","_kad_post_vertical_padding":"default","_kad_post_feature":"","_kad_post_feature_position":"","_kad_post_header":false,"_kad_post_footer":false,"_joinchat":[]},"product_brand":[],"product_cat":[31],"product_tag":[],"class_list":{"0":"post-1366","1":"product","2":"type-product","3":"status-publish","4":"has-post-thumbnail","6":"product_cat-haschisch","8":"first","9":"instock","10":"shipping-taxable","11":"purchasable","12":"product-type-variable","13":"entry","14":"content-bg","15":"loop-entry"},"yoast_head":"<!-- This site is optimized with the Yoast SEO plugin v23.5 - https:\/\/yoast.com\/wordpress\/plugins\/seo\/ -->\n<title>Achetez Amnesia Jelly Hash en ligne - Amnesia Jelly Hash \u00e0 vendre<\/title>\n<meta name=\"description\" content=\"Nous sommes le magasin leader proposant de la vente de Hash en gel\u00e9e Amnesia. Si vous souhaitez acheter du Hash en gel\u00e9e Amnesia, contactez-nous imm\u00e9diatement et faites livrer votre commande. Commandez maintenant !\" \/>\n<meta name=\"robots\" content=\"index, follow, max-snippet:-1, max-image-preview:large, max-video-preview:-1\" \/>\n<link rel=\"canonical\" href=\"https:\/\/herbelegale.com\/fi\/product\/amnesia-jelly-hash\/\" \/>\n<meta property=\"og:locale\" content=\"fi_FI\" \/>\n<meta property=\"og:type\" content=\"article\" \/>\n<meta property=\"og:title\" content=\"Achetez Amnesia Jelly Hash en ligne - Amnesia Jelly Hash \u00e0 vendre\" \/>\n<meta property=\"og:description\" content=\"Nous sommes le magasin leader proposant de la vente de Hash en gel\u00e9e Amnesia. Si vous souhaitez acheter du Hash en gel\u00e9e Amnesia, contactez-nous imm\u00e9diatement et faites livrer votre commande. Commandez maintenant !\" \/>\n<meta property=\"og:url\" content=\"https:\/\/herbelegale.com\/fi\/product\/amnesia-jelly-hash\/\" \/>\n<meta property=\"og:site_name\" content=\"Herbe L\u00e9gale\" \/>\n<meta property=\"article:modified_time\" content=\"2025-07-19T04:48:55+00:00\" \/>\n<meta property=\"og:image\" content=\"https:\/\/herbelegale.com\/wp-content\/uploads\/2023\/09\/Amnesia-Jelly-Hash-1.jpg\" \/>\n\t<meta property=\"og:image:width\" content=\"600\" \/>\n\t<meta property=\"og:image:height\" content=\"600\" \/>\n\t<meta property=\"og:image:type\" content=\"image\/jpeg\" \/>\n<meta name=\"twitter:card\" content=\"summary_large_image\" \/>\n<meta name=\"twitter:label1\" content=\"Arvioitu lukuaika\" \/>\n\t<meta name=\"twitter:data1\" content=\"3 minuuttia\" \/>\n<script type=\"application\/ld+json\" class=\"yoast-schema-graph\">{\"@context\":\"https:\/\/schema.org\",\"@graph\":[{\"@type\":\"WebPage\",\"@id\":\"https:\/\/herbelegale.com\/product\/amnesia-jelly-hash\/\",\"url\":\"https:\/\/herbelegale.com\/product\/amnesia-jelly-hash\/\",\"name\":\"Achetez Amnesia Jelly Hash en ligne - Amnesia Jelly Hash \u00e0 vendre\",\"isPartOf\":{\"@id\":\"https:\/\/herbelegale.com\/#website\"},\"primaryImageOfPage\":{\"@id\":\"https:\/\/herbelegale.com\/product\/amnesia-jelly-hash\/#primaryimage\"},\"image\":{\"@id\":\"https:\/\/herbelegale.com\/product\/amnesia-jelly-hash\/#primaryimage\"},\"thumbnailUrl\":\"https:\/\/herbelegale.com\/wp-content\/uploads\/2023\/09\/Amnesia-Jelly-Hash-1.jpg\",\"datePublished\":\"2023-09-30T10:32:57+00:00\",\"dateModified\":\"2025-07-19T04:48:55+00:00\",\"description\":\"Nous sommes le magasin leader proposant de la vente de Hash en gel\u00e9e Amnesia. Si vous souhaitez acheter du Hash en gel\u00e9e Amnesia, contactez-nous imm\u00e9diatement et faites livrer votre commande. Commandez maintenant !\",\"breadcrumb\":{\"@id\":\"https:\/\/herbelegale.com\/product\/amnesia-jelly-hash\/#breadcrumb\"},\"inLanguage\":\"fi\",\"potentialAction\":[{\"@type\":\"ReadAction\",\"target\":[\"https:\/\/herbelegale.com\/product\/amnesia-jelly-hash\/\"]}]},{\"@type\":\"ImageObject\",\"inLanguage\":\"fi\",\"@id\":\"https:\/\/herbelegale.com\/product\/amnesia-jelly-hash\/#primaryimage\",\"url\":\"https:\/\/herbelegale.com\/wp-content\/uploads\/2023\/09\/Amnesia-Jelly-Hash-1.jpg\",\"contentUrl\":\"https:\/\/herbelegale.com\/wp-content\/uploads\/2023\/09\/Amnesia-Jelly-Hash-1.jpg\",\"width\":600,\"height\":600,\"caption\":\"Amnesia Jelly Hash\"},{\"@type\":\"BreadcrumbList\",\"@id\":\"https:\/\/herbelegale.com\/product\/amnesia-jelly-hash\/#breadcrumb\",\"itemListElement\":[{\"@type\":\"ListItem\",\"position\":1,\"name\":\"Home\",\"item\":\"https:\/\/herbelegale.com\/\"},{\"@type\":\"ListItem\",\"position\":2,\"name\":\"Boutique\",\"item\":\"https:\/\/herbelegale.com\/boutique\/\"},{\"@type\":\"ListItem\",\"position\":3,\"name\":\"Amnesia Jelly Hash\"}]},{\"@type\":\"WebSite\",\"@id\":\"https:\/\/herbelegale.com\/#website\",\"url\":\"https:\/\/herbelegale.com\/\",\"name\":\"Herbe L\u00e9gale\",\"description\":\"Acheter de l&#039;herbe en ligne\",\"publisher\":{\"@id\":\"https:\/\/herbelegale.com\/#organization\"},\"potentialAction\":[{\"@type\":\"SearchAction\",\"target\":{\"@type\":\"EntryPoint\",\"urlTemplate\":\"https:\/\/herbelegale.com\/?s={search_term_string}\"},\"query-input\":{\"@type\":\"PropertyValueSpecification\",\"valueRequired\":true,\"valueName\":\"search_term_string\"}}],\"inLanguage\":\"fi\"},{\"@type\":\"Organization\",\"@id\":\"https:\/\/herbelegale.com\/#organization\",\"name\":\"Herbe L\u00e9gale\",\"url\":\"https:\/\/herbelegale.com\/\",\"logo\":{\"@type\":\"ImageObject\",\"inLanguage\":\"fi\",\"@id\":\"https:\/\/herbelegale.com\/#\/schema\/logo\/image\/\",\"url\":\"https:\/\/herbelegale.com\/wp-content\/uploads\/2023\/10\/logo-1.png\",\"contentUrl\":\"https:\/\/herbelegale.com\/wp-content\/uploads\/2023\/10\/logo-1.png\",\"width\":400,\"height\":120,\"caption\":\"Herbe L\u00e9gale\"},\"image\":{\"@id\":\"https:\/\/herbelegale.com\/#\/schema\/logo\/image\/\"}}]}<\/script>\n<!-- \/ Yoast SEO plugin. -->","yoast_head_json":{"title":"Achetez Amnesia Jelly Hash en ligne - Amnesia Jelly Hash \u00e0 vendre","description":"Nous sommes le magasin leader proposant de la vente de Hash en gel\u00e9e Amnesia. Si vous souhaitez acheter du Hash en gel\u00e9e Amnesia, contactez-nous imm\u00e9diatement et faites livrer votre commande. Commandez maintenant !","robots":{"index":"index","follow":"follow","max-snippet":"max-snippet:-1","max-image-preview":"max-image-preview:large","max-video-preview":"max-video-preview:-1"},"canonical":"https:\/\/herbelegale.com\/fi\/product\/amnesia-jelly-hash\/","og_locale":"fi_FI","og_type":"article","og_title":"Achetez Amnesia Jelly Hash en ligne - Amnesia Jelly Hash \u00e0 vendre","og_description":"Nous sommes le magasin leader proposant de la vente de Hash en gel\u00e9e Amnesia. Si vous souhaitez acheter du Hash en gel\u00e9e Amnesia, contactez-nous imm\u00e9diatement et faites livrer votre commande. Commandez maintenant !","og_url":"https:\/\/herbelegale.com\/fi\/product\/amnesia-jelly-hash\/","og_site_name":"Herbe L\u00e9gale","article_modified_time":"2025-07-19T04:48:55+00:00","og_image":[{"width":600,"height":600,"url":"https:\/\/herbelegale.com\/wp-content\/uploads\/2023\/09\/Amnesia-Jelly-Hash-1.jpg","type":"image\/jpeg"}],"twitter_card":"summary_large_image","twitter_misc":{"Arvioitu lukuaika":"3 minuuttia"},"schema":{"@context":"https:\/\/schema.org","@graph":[{"@type":"WebPage","@id":"https:\/\/herbelegale.com\/product\/amnesia-jelly-hash\/","url":"https:\/\/herbelegale.com\/product\/amnesia-jelly-hash\/","name":"Achetez Amnesia Jelly Hash en ligne - Amnesia Jelly Hash \u00e0 vendre","isPartOf":{"@id":"https:\/\/herbelegale.com\/#website"},"primaryImageOfPage":{"@id":"https:\/\/herbelegale.com\/product\/amnesia-jelly-hash\/#primaryimage"},"image":{"@id":"https:\/\/herbelegale.com\/product\/amnesia-jelly-hash\/#primaryimage"},"thumbnailUrl":"https:\/\/herbelegale.com\/wp-content\/uploads\/2023\/09\/Amnesia-Jelly-Hash-1.jpg","datePublished":"2023-09-30T10:32:57+00:00","dateModified":"2025-07-19T04:48:55+00:00","description":"Nous sommes le magasin leader proposant de la vente de Hash en gel\u00e9e Amnesia. Si vous souhaitez acheter du Hash en gel\u00e9e Amnesia, contactez-nous imm\u00e9diatement et faites livrer votre commande. Commandez maintenant !","breadcrumb":{"@id":"https:\/\/herbelegale.com\/product\/amnesia-jelly-hash\/#breadcrumb"},"inLanguage":"fi","potentialAction":[{"@type":"ReadAction","target":["https:\/\/herbelegale.com\/product\/amnesia-jelly-hash\/"]}]},{"@type":"ImageObject","inLanguage":"fi","@id":"https:\/\/herbelegale.com\/product\/amnesia-jelly-hash\/#primaryimage","url":"https:\/\/herbelegale.com\/wp-content\/uploads\/2023\/09\/Amnesia-Jelly-Hash-1.jpg","contentUrl":"https:\/\/herbelegale.com\/wp-content\/uploads\/2023\/09\/Amnesia-Jelly-Hash-1.jpg","width":600,"height":600,"caption":"Amnesia Jelly Hash"},{"@type":"BreadcrumbList","@id":"https:\/\/herbelegale.com\/product\/amnesia-jelly-hash\/#breadcrumb","itemListElement":[{"@type":"ListItem","position":1,"name":"Home","item":"https:\/\/herbelegale.com\/"},{"@type":"ListItem","position":2,"name":"Boutique","item":"https:\/\/herbelegale.com\/boutique\/"},{"@type":"ListItem","position":3,"name":"Amnesia Jelly Hash"}]},{"@type":"WebSite","@id":"https:\/\/herbelegale.com\/#website","url":"https:\/\/herbelegale.com\/","name":"Herbe L\u00e9gale","description":"Acheter de l&#039;herbe en ligne","publisher":{"@id":"https:\/\/herbelegale.com\/#organization"},"potentialAction":[{"@type":"SearchAction","target":{"@type":"EntryPoint","urlTemplate":"https:\/\/herbelegale.com\/?s={search_term_string}"},"query-input":{"@type":"PropertyValueSpecification","valueRequired":true,"valueName":"search_term_string"}}],"inLanguage":"fi"},{"@type":"Organization","@id":"https:\/\/herbelegale.com\/#organization","name":"Herbe L\u00e9gale","url":"https:\/\/herbelegale.com\/","logo":{"@type":"ImageObject","inLanguage":"fi","@id":"https:\/\/herbelegale.com\/#\/schema\/logo\/image\/","url":"https:\/\/herbelegale.com\/wp-content\/uploads\/2023\/10\/logo-1.png","contentUrl":"https:\/\/herbelegale.com\/wp-content\/uploads\/2023\/10\/logo-1.png","width":400,"height":120,"caption":"Herbe L\u00e9gale"},"image":{"@id":"https:\/\/herbelegale.com\/#\/schema\/logo\/image\/"}}]}},"_links":{"self":[{"href":"https:\/\/herbelegale.com\/fi\/wp-json\/wp\/v2\/product\/1366","targetHints":{"allow":["GET"]}}],"collection":[{"href":"https:\/\/herbelegale.com\/fi\/wp-json\/wp\/v2\/product"}],"about":[{"href":"https:\/\/herbelegale.com\/fi\/wp-json\/wp\/v2\/types\/product"}],"replies":[{"embeddable":true,"href":"https:\/\/herbelegale.com\/fi\/wp-json\/wp\/v2\/comments?post=1366"}],"wp:featuredmedia":[{"embeddable":true,"href":"https:\/\/herbelegale.com\/fi\/wp-json\/wp\/v2\/media\/1472"}],"wp:attachment":[{"href":"https:\/\/herbelegale.com\/fi\/wp-json\/wp\/v2\/media?parent=1366"}],"wp:term":[{"taxonomy":"product_brand","embeddable":true,"href":"https:\/\/herbelegale.com\/fi\/wp-json\/wp\/v2\/product_brand?post=1366"},{"taxonomy":"product_cat","embeddable":true,"href":"https:\/\/herbelegale.com\/fi\/wp-json\/wp\/v2\/product_cat?post=1366"},{"taxonomy":"product_tag","embeddable":true,"href":"https:\/\/herbelegale.com\/fi\/wp-json\/wp\/v2\/product_tag?post=1366"}],"curies":[{"name":"wp","href":"https:\/\/api.w.org\/{rel}","templated":true}]}}