{"id":1348,"date":"2023-09-30T10:19:03","date_gmt":"2023-09-30T10:19:03","guid":{"rendered":"https:\/\/nembutalhouse.com\/weed\/?post_type=product&#038;p=1348"},"modified":"2025-07-19T05:05:34","modified_gmt":"2025-07-19T05:05:34","slug":"hash-420","status":"publish","type":"product","link":"https:\/\/herbelegale.com\/fi\/product\/hash-420\/","title":{"rendered":"Hash 420"},"content":{"rendered":"<h2><b>Johdanto Hash 420:een<\/b><\/h2>\n<p>Le <a href=\"https:\/\/herbelegale.com\/fi\/product\/hash-420\/\">Hash 420<\/a> on tiivistetty kannabistuote, joka tunnetaan tehostaan, syvist\u00e4 aromeistaan ja voimakkaista vaikutuksistaan. Nimi \"420\" viittaa maailmanlaajuiseen kannabiskulttuuriin ja symboloi kulutustapaa, jonka kasvava yhteis\u00f6 ymp\u00e4ri maailmaa on omaksunut ja ritualisoinut. T\u00e4m\u00e4 moderni kannabis her\u00e4tt\u00e4\u00e4 harrastajien huomion puhtautensa, k\u00e4sity\u00f6l\u00e4isen uuttomenetelm\u00e4ns\u00e4 ja tasaisen laatunsa ansiosta.<\/p>\n<h3><b>Qu\u2019est-ce que le Hash 420 ?<\/b><\/h3>\n<p>Le <a href=\"https:\/\/en.wikipedia.org\/wiki\/420_(cannabis_culture)\">Hash 420<\/a> on kannabiskasvin trikomeista uutettua hartsia. N\u00e4m\u00e4 hartsirauhaset sis\u00e4lt\u00e4v\u00e4t runsaasti kannabinoideja, mukaan lukien THC:t\u00e4 (tetrahydrokannabinolia) ja joskus CBD:t\u00e4 (kannabidiolia), k\u00e4ytetyst\u00e4 kasvilajikkeesta riippuen.<\/p>\n<p><span style=\"font-weight: 400;\">Sen koostumus voi vaihdella tahmeasta kuivaan, kullanruskeasta tummanmustaan valmistusmenetelm\u00e4st\u00e4 riippuen. 420-hasiksen valmistuksessa k\u00e4ytet\u00e4\u00e4n usein perinteisi\u00e4 tai moderneja menetelmi\u00e4, kuten kuiva- tai j\u00e4\u00e4vesiuuttoa.<\/span><\/p>\n<h3><b>Usages courants et effets<\/b><\/h3>\n<p><span style=\"font-weight: 400;\">Hash 420 -kuluttajat etsiv\u00e4t sit\u00e4 seuraavien syiden vuoksi:<\/span><\/p>\n<ul>\n<li style=\"font-weight: 400;\" aria-level=\"1\">Sen voimakkaat rentouttavat vaikutukset&nbsp;<\/li>\n<li style=\"font-weight: 400;\" aria-level=\"1\">Nopea aivojen euforia&nbsp;<\/li>\n<li style=\"font-weight: 400;\" aria-level=\"1\">Syv\u00e4n lihasrentouden tunne&nbsp;<\/li>\n<li style=\"font-weight: 400;\" aria-level=\"1\">Sen mausteinen, maanl\u00e4heinen ja puinen tuoksu&nbsp;<\/li>\n<\/ul>\n<p><span style=\"font-weight: 400;\">Sit\u00e4 k\u00e4ytet\u00e4\u00e4n yleens\u00e4 h\u00f6yryst\u00e4m\u00e4ll\u00e4 tai sekoittamalla yrttien kanssa niveless\u00e4 paikallisten mieltymysten ja laillisesti sallittujen k\u00e4yt\u00e4nt\u00f6jen mukaan.<\/span><\/p>\n<h3><b>Statut l\u00e9gal (variable selon la r\u00e9gion)<\/b><\/h3>\n<p>420-hasiksen laillisuus riippuu tiukasti kunkin maan tai alueen voimassa olevista laeista. Joissakin laink\u00e4ytt\u00f6alueissa se on sallittu l\u00e4\u00e4ketieteellisiin tai viihdetarkoituksiin, kun taas toisissa se on edelleen kielletty. On t\u00e4rke\u00e4\u00e4 tutkia perusteellisesti paikalliset lait ennen sen ostamista tai k\u00e4ytt\u00f6\u00e4.<\/p>\n<h3><b>Pourquoi acheter du Hash 420 en ligne ?<\/b><\/h3>\n<h3><b>Esteett\u00f6myys<\/b><\/h3>\n<p>420 Hashin ostaminen verkosta mahdollistaa helpomman p\u00e4\u00e4syn tuotteisiin, joita ei usein ole saatavilla paikallisesti, erityisesti maissa tai alueilla, jotka ovat laillistaneet kannabiksen s\u00e4\u00e4nnellyn myynnin.<\/p>\n<h3><b>Erilaisia myyji\u00e4<\/b><\/h3>\n<p>Monet lisensoidut sivustot tarjoavat nyt 420 Hashia myynniss\u00e4, ja niiss\u00e4 on erilaisia profiileja (annos, maut, alkuper\u00e4) jokaisen makuun ja tarpeeseen.<\/p>\n<h3><b>Huomaamaton toimitus<\/b><\/h3>\n<p>Les plateformes l\u00e9gales garantissent des exp\u00e9ditions discr\u00e8tes, dans des emballages neutres, respectant la confidentialit\u00e9 des acheteurs.<\/p>\n<h3><b>Come scegliere un venditore affidabile?<\/b><\/h3>\n<p>T\u00e4ss\u00e4 on joitakin kriteerej\u00e4 parhaan 420 Hashin ostopaikan l\u00f6yt\u00e4miseksi verkossa:<\/p>\n<ul>\n<li style=\"font-weight: 400;\" aria-level=\"1\">Laborzertifikate, die die Reinheit und den THC\/CBD-Gehalt bescheinigen&nbsp;<\/li>\n<li style=\"font-weight: 400;\" aria-level=\"1\">Rese\u00f1as de clientes verificadas&nbsp;<\/li>\n<li style=\"font-weight: 400;\" aria-level=\"1\">Reagoiva ja ammattitaitoinen asiakaspalvelu&nbsp;<\/li>\n<li style=\"font-weight: 400;\" aria-level=\"1\">Toimitusehdot&nbsp;<\/li>\n<li style=\"font-weight: 400;\" aria-level=\"1\">Transparente R\u00fcckgaberichtlinien&nbsp;<\/li>\n<\/ul>\n<h3><b>Toimitusk\u00e4yt\u00e4nn\u00f6t<\/b><\/h3>\n<p><span style=\"font-weight: 400;\">Vakavasti otettava toimittaja tarjoaa:<\/span><\/p>\n<ul>\n<li style=\"font-weight: 400;\" aria-level=\"1\">Luotettava tilausten seuranta&nbsp;<\/li>\n<li style=\"font-weight: 400;\" aria-level=\"1\">Kohtuulliset toimitusajat&nbsp;<\/li>\n<li style=\"font-weight: 400;\" aria-level=\"1\">Turvallinen ja anonyymi pakkaus&nbsp;<\/li>\n<li style=\"font-weight: 400;\" aria-level=\"1\">Vakuutuksen tai korvauksen mahdollisuus ongelmatilanteessa&nbsp;<\/li>\n<\/ul>\n<h3><b>Riskit ja huomioon otettavat asiat<\/b><\/h3>\n<h3><b>Sant\u00e9 et s\u00e9curit\u00e9<\/b><\/h3>\n<p><span style=\"font-weight: 400;\">Kuten mit\u00e4 tahansa tiivistetty\u00e4 kannabistuotetta, Hash 420:aa tulee k\u00e4ytt\u00e4\u00e4 varoen. Se voi aiheuttaa:<\/span><\/p>\n<ul>\n<li style=\"font-weight: 400;\" aria-level=\"1\"><span style=\"font-weight: 400;\">Vahva sedaatio<\/span>&nbsp;<\/li>\n<li style=\"font-weight: 400;\" aria-level=\"1\"><span style=\"font-weight: 400;\">Kognitiivisten toimintojen tilap\u00e4inen heikkeneminen<\/span>&nbsp;<\/li>\n<li style=\"font-weight: 400;\" aria-level=\"1\"><span style=\"font-weight: 400;\">Haittavaikutukset THC:lle herkill\u00e4 ihmisill\u00e4<\/span>&nbsp;<\/li>\n<\/ul>\n<p>K\u00e4yt\u00e4 aina vastuullisesti, aloita pienill\u00e4 m\u00e4\u00e4rill\u00e4 ja v\u00e4lt\u00e4 vaarallisia toimintoja k\u00e4yt\u00f6n j\u00e4lkeen (ajamista, koneiden k\u00e4ytt\u00f6\u00e4 jne.).<\/p>\n<h3><b>Johtop\u00e4\u00e4t\u00f6s<\/b><\/h3>\n<p>420 hasiksen laatu ja teho ovat modernin hartsin arvostettu lajike. Maissa, joissa sen k\u00e4ytt\u00f6 on laillista, se voi olla erinomainen valinta aitojen tiivisteiden yst\u00e4ville. Jokaisen ostoksen on kuitenkin oltava tietoon perustuva, turvallinen ja paikallisten lakien mukainen.<\/p>","protected":false},"excerpt":{"rendered":"<p>Introduction au Hash 420 Le Hash 420 est un produit concentr\u00e9 issu du cannabis, reconnu pour sa puissance, ses ar\u00f4mes profonds et ses effets marqu\u00e9s. Le nom \u00ab\u00a0420\u00a0\u00bb fait r\u00e9f\u00e9rence \u00e0 la culture cannabique mondiale et symbolise un mode de consommation assum\u00e9 et ritualis\u00e9 par une communaut\u00e9 croissante \u00e0 travers le monde. Ce hashish moderne&#8230;<\/p>","protected":false},"featured_media":1470,"comment_status":"open","ping_status":"closed","template":"","meta":{"_kadence_starter_templates_imported_post":false,"_kad_post_transparent":"default","_kad_post_title":"","_kad_post_layout":"default","_kad_post_sidebar_id":"","_kad_post_content_style":"default","_kad_post_vertical_padding":"default","_kad_post_feature":"","_kad_post_feature_position":"","_kad_post_header":false,"_kad_post_footer":false,"_joinchat":[]},"product_brand":[],"product_cat":[31],"product_tag":[],"class_list":{"0":"post-1348","1":"product","2":"type-product","3":"status-publish","4":"has-post-thumbnail","6":"product_cat-haschisch","8":"first","9":"instock","10":"shipping-taxable","11":"purchasable","12":"product-type-variable","13":"entry","14":"content-bg","15":"loop-entry"},"yoast_head":"<!-- This site is optimized with the Yoast SEO plugin v23.5 - https:\/\/yoast.com\/wordpress\/plugins\/seo\/ -->\n<title>Acheter Hash 420 en ligne - Hash 420 \u00e0 vendre<\/title>\n<meta name=\"description\" content=\"Votre commande de Hash 420 \u00e0 vendre est notre responsabilit\u00e9. Nous prendrons en compte votre demande d&#039;achat de Hash 420 en ligne et vous r\u00e9pondrons dans les plus brefs d\u00e9lais. Passez des commandes group\u00e9es d\u00e8s maintenant !\" \/>\n<meta name=\"robots\" content=\"index, follow, max-snippet:-1, max-image-preview:large, max-video-preview:-1\" \/>\n<link rel=\"canonical\" href=\"https:\/\/herbelegale.com\/fi\/product\/hash-420\/\" \/>\n<meta property=\"og:locale\" content=\"fi_FI\" \/>\n<meta property=\"og:type\" content=\"article\" \/>\n<meta property=\"og:title\" content=\"Acheter Hash 420 en ligne - Hash 420 \u00e0 vendre\" \/>\n<meta property=\"og:description\" content=\"Votre commande de Hash 420 \u00e0 vendre est notre responsabilit\u00e9. Nous prendrons en compte votre demande d&#039;achat de Hash 420 en ligne et vous r\u00e9pondrons dans les plus brefs d\u00e9lais. Passez des commandes group\u00e9es d\u00e8s maintenant !\" \/>\n<meta property=\"og:url\" content=\"https:\/\/herbelegale.com\/fi\/product\/hash-420\/\" \/>\n<meta property=\"og:site_name\" content=\"Herbe L\u00e9gale\" \/>\n<meta property=\"article:modified_time\" content=\"2025-07-19T05:05:34+00:00\" \/>\n<meta property=\"og:image\" content=\"https:\/\/herbelegale.com\/wp-content\/uploads\/2023\/09\/Hash-420-1.jpg\" \/>\n\t<meta property=\"og:image:width\" content=\"600\" \/>\n\t<meta property=\"og:image:height\" content=\"600\" \/>\n\t<meta property=\"og:image:type\" content=\"image\/jpeg\" \/>\n<meta name=\"twitter:card\" content=\"summary_large_image\" \/>\n<meta name=\"twitter:label1\" content=\"Arvioitu lukuaika\" \/>\n\t<meta name=\"twitter:data1\" content=\"3 minuuttia\" \/>\n<script type=\"application\/ld+json\" class=\"yoast-schema-graph\">{\"@context\":\"https:\/\/schema.org\",\"@graph\":[{\"@type\":\"WebPage\",\"@id\":\"https:\/\/herbelegale.com\/product\/hash-420\/\",\"url\":\"https:\/\/herbelegale.com\/product\/hash-420\/\",\"name\":\"Acheter Hash 420 en ligne - Hash 420 \u00e0 vendre\",\"isPartOf\":{\"@id\":\"https:\/\/herbelegale.com\/#website\"},\"primaryImageOfPage\":{\"@id\":\"https:\/\/herbelegale.com\/product\/hash-420\/#primaryimage\"},\"image\":{\"@id\":\"https:\/\/herbelegale.com\/product\/hash-420\/#primaryimage\"},\"thumbnailUrl\":\"https:\/\/herbelegale.com\/wp-content\/uploads\/2023\/09\/Hash-420-1.jpg\",\"datePublished\":\"2023-09-30T10:19:03+00:00\",\"dateModified\":\"2025-07-19T05:05:34+00:00\",\"description\":\"Votre commande de Hash 420 \u00e0 vendre est notre responsabilit\u00e9. Nous prendrons en compte votre demande d'achat de Hash 420 en ligne et vous r\u00e9pondrons dans les plus brefs d\u00e9lais. Passez des commandes group\u00e9es d\u00e8s maintenant !\",\"breadcrumb\":{\"@id\":\"https:\/\/herbelegale.com\/product\/hash-420\/#breadcrumb\"},\"inLanguage\":\"fi\",\"potentialAction\":[{\"@type\":\"ReadAction\",\"target\":[\"https:\/\/herbelegale.com\/product\/hash-420\/\"]}]},{\"@type\":\"ImageObject\",\"inLanguage\":\"fi\",\"@id\":\"https:\/\/herbelegale.com\/product\/hash-420\/#primaryimage\",\"url\":\"https:\/\/herbelegale.com\/wp-content\/uploads\/2023\/09\/Hash-420-1.jpg\",\"contentUrl\":\"https:\/\/herbelegale.com\/wp-content\/uploads\/2023\/09\/Hash-420-1.jpg\",\"width\":600,\"height\":600,\"caption\":\"Hash 420\"},{\"@type\":\"BreadcrumbList\",\"@id\":\"https:\/\/herbelegale.com\/product\/hash-420\/#breadcrumb\",\"itemListElement\":[{\"@type\":\"ListItem\",\"position\":1,\"name\":\"Home\",\"item\":\"https:\/\/herbelegale.com\/\"},{\"@type\":\"ListItem\",\"position\":2,\"name\":\"Boutique\",\"item\":\"https:\/\/herbelegale.com\/boutique\/\"},{\"@type\":\"ListItem\",\"position\":3,\"name\":\"Hash 420\"}]},{\"@type\":\"WebSite\",\"@id\":\"https:\/\/herbelegale.com\/#website\",\"url\":\"https:\/\/herbelegale.com\/\",\"name\":\"Herbe L\u00e9gale\",\"description\":\"Acheter de l&#039;herbe en ligne\",\"publisher\":{\"@id\":\"https:\/\/herbelegale.com\/#organization\"},\"potentialAction\":[{\"@type\":\"SearchAction\",\"target\":{\"@type\":\"EntryPoint\",\"urlTemplate\":\"https:\/\/herbelegale.com\/?s={search_term_string}\"},\"query-input\":{\"@type\":\"PropertyValueSpecification\",\"valueRequired\":true,\"valueName\":\"search_term_string\"}}],\"inLanguage\":\"fi\"},{\"@type\":\"Organization\",\"@id\":\"https:\/\/herbelegale.com\/#organization\",\"name\":\"Herbe L\u00e9gale\",\"url\":\"https:\/\/herbelegale.com\/\",\"logo\":{\"@type\":\"ImageObject\",\"inLanguage\":\"fi\",\"@id\":\"https:\/\/herbelegale.com\/#\/schema\/logo\/image\/\",\"url\":\"https:\/\/herbelegale.com\/wp-content\/uploads\/2023\/10\/logo-1.png\",\"contentUrl\":\"https:\/\/herbelegale.com\/wp-content\/uploads\/2023\/10\/logo-1.png\",\"width\":400,\"height\":120,\"caption\":\"Herbe L\u00e9gale\"},\"image\":{\"@id\":\"https:\/\/herbelegale.com\/#\/schema\/logo\/image\/\"}}]}<\/script>\n<!-- \/ Yoast SEO plugin. -->","yoast_head_json":{"title":"Acheter Hash 420 en ligne - Hash 420 \u00e0 vendre","description":"Votre commande de Hash 420 \u00e0 vendre est notre responsabilit\u00e9. Nous prendrons en compte votre demande d'achat de Hash 420 en ligne et vous r\u00e9pondrons dans les plus brefs d\u00e9lais. Passez des commandes group\u00e9es d\u00e8s maintenant !","robots":{"index":"index","follow":"follow","max-snippet":"max-snippet:-1","max-image-preview":"max-image-preview:large","max-video-preview":"max-video-preview:-1"},"canonical":"https:\/\/herbelegale.com\/fi\/product\/hash-420\/","og_locale":"fi_FI","og_type":"article","og_title":"Acheter Hash 420 en ligne - Hash 420 \u00e0 vendre","og_description":"Votre commande de Hash 420 \u00e0 vendre est notre responsabilit\u00e9. Nous prendrons en compte votre demande d'achat de Hash 420 en ligne et vous r\u00e9pondrons dans les plus brefs d\u00e9lais. Passez des commandes group\u00e9es d\u00e8s maintenant !","og_url":"https:\/\/herbelegale.com\/fi\/product\/hash-420\/","og_site_name":"Herbe L\u00e9gale","article_modified_time":"2025-07-19T05:05:34+00:00","og_image":[{"width":600,"height":600,"url":"https:\/\/herbelegale.com\/wp-content\/uploads\/2023\/09\/Hash-420-1.jpg","type":"image\/jpeg"}],"twitter_card":"summary_large_image","twitter_misc":{"Arvioitu lukuaika":"3 minuuttia"},"schema":{"@context":"https:\/\/schema.org","@graph":[{"@type":"WebPage","@id":"https:\/\/herbelegale.com\/product\/hash-420\/","url":"https:\/\/herbelegale.com\/product\/hash-420\/","name":"Acheter Hash 420 en ligne - Hash 420 \u00e0 vendre","isPartOf":{"@id":"https:\/\/herbelegale.com\/#website"},"primaryImageOfPage":{"@id":"https:\/\/herbelegale.com\/product\/hash-420\/#primaryimage"},"image":{"@id":"https:\/\/herbelegale.com\/product\/hash-420\/#primaryimage"},"thumbnailUrl":"https:\/\/herbelegale.com\/wp-content\/uploads\/2023\/09\/Hash-420-1.jpg","datePublished":"2023-09-30T10:19:03+00:00","dateModified":"2025-07-19T05:05:34+00:00","description":"Votre commande de Hash 420 \u00e0 vendre est notre responsabilit\u00e9. Nous prendrons en compte votre demande d'achat de Hash 420 en ligne et vous r\u00e9pondrons dans les plus brefs d\u00e9lais. Passez des commandes group\u00e9es d\u00e8s maintenant !","breadcrumb":{"@id":"https:\/\/herbelegale.com\/product\/hash-420\/#breadcrumb"},"inLanguage":"fi","potentialAction":[{"@type":"ReadAction","target":["https:\/\/herbelegale.com\/product\/hash-420\/"]}]},{"@type":"ImageObject","inLanguage":"fi","@id":"https:\/\/herbelegale.com\/product\/hash-420\/#primaryimage","url":"https:\/\/herbelegale.com\/wp-content\/uploads\/2023\/09\/Hash-420-1.jpg","contentUrl":"https:\/\/herbelegale.com\/wp-content\/uploads\/2023\/09\/Hash-420-1.jpg","width":600,"height":600,"caption":"Hash 420"},{"@type":"BreadcrumbList","@id":"https:\/\/herbelegale.com\/product\/hash-420\/#breadcrumb","itemListElement":[{"@type":"ListItem","position":1,"name":"Home","item":"https:\/\/herbelegale.com\/"},{"@type":"ListItem","position":2,"name":"Boutique","item":"https:\/\/herbelegale.com\/boutique\/"},{"@type":"ListItem","position":3,"name":"Hash 420"}]},{"@type":"WebSite","@id":"https:\/\/herbelegale.com\/#website","url":"https:\/\/herbelegale.com\/","name":"Herbe L\u00e9gale","description":"Acheter de l&#039;herbe en ligne","publisher":{"@id":"https:\/\/herbelegale.com\/#organization"},"potentialAction":[{"@type":"SearchAction","target":{"@type":"EntryPoint","urlTemplate":"https:\/\/herbelegale.com\/?s={search_term_string}"},"query-input":{"@type":"PropertyValueSpecification","valueRequired":true,"valueName":"search_term_string"}}],"inLanguage":"fi"},{"@type":"Organization","@id":"https:\/\/herbelegale.com\/#organization","name":"Herbe L\u00e9gale","url":"https:\/\/herbelegale.com\/","logo":{"@type":"ImageObject","inLanguage":"fi","@id":"https:\/\/herbelegale.com\/#\/schema\/logo\/image\/","url":"https:\/\/herbelegale.com\/wp-content\/uploads\/2023\/10\/logo-1.png","contentUrl":"https:\/\/herbelegale.com\/wp-content\/uploads\/2023\/10\/logo-1.png","width":400,"height":120,"caption":"Herbe L\u00e9gale"},"image":{"@id":"https:\/\/herbelegale.com\/#\/schema\/logo\/image\/"}}]}},"_links":{"self":[{"href":"https:\/\/herbelegale.com\/fi\/wp-json\/wp\/v2\/product\/1348","targetHints":{"allow":["GET"]}}],"collection":[{"href":"https:\/\/herbelegale.com\/fi\/wp-json\/wp\/v2\/product"}],"about":[{"href":"https:\/\/herbelegale.com\/fi\/wp-json\/wp\/v2\/types\/product"}],"replies":[{"embeddable":true,"href":"https:\/\/herbelegale.com\/fi\/wp-json\/wp\/v2\/comments?post=1348"}],"wp:featuredmedia":[{"embeddable":true,"href":"https:\/\/herbelegale.com\/fi\/wp-json\/wp\/v2\/media\/1470"}],"wp:attachment":[{"href":"https:\/\/herbelegale.com\/fi\/wp-json\/wp\/v2\/media?parent=1348"}],"wp:term":[{"taxonomy":"product_brand","embeddable":true,"href":"https:\/\/herbelegale.com\/fi\/wp-json\/wp\/v2\/product_brand?post=1348"},{"taxonomy":"product_cat","embeddable":true,"href":"https:\/\/herbelegale.com\/fi\/wp-json\/wp\/v2\/product_cat?post=1348"},{"taxonomy":"product_tag","embeddable":true,"href":"https:\/\/herbelegale.com\/fi\/wp-json\/wp\/v2\/product_tag?post=1348"}],"curies":[{"name":"wp","href":"https:\/\/api.w.org\/{rel}","templated":true}]}}