{"id":1347,"date":"2023-09-30T10:18:33","date_gmt":"2023-09-30T10:18:33","guid":{"rendered":"https:\/\/nembutalhouse.com\/weed\/?post_type=product&#038;p=1347"},"modified":"2025-07-19T05:02:49","modified_gmt":"2025-07-19T05:02:49","slug":"bubble-hash","status":"publish","type":"product","link":"https:\/\/herbelegale.com\/fi\/product\/bubble-hash\/","title":{"rendered":"Bubble Hash"},"content":{"rendered":"<h2><b>Johdanto Bubble Hash -peliin<\/b><\/h2>\n<p>Ymp\u00e4ri maailmaa asiantuntijoiden arvostama tiiviste <a href=\"https:\/\/herbelegale.com\/fi\/product\/bubble-hash\/\">Bubble Hash<\/a> on tunnettu poikkeuksellisesta puhtaudestaan, tehostaan ja k\u00e4sity\u00f6l\u00e4isest\u00e4 uuttomenetelm\u00e4st\u00e4\u00e4n. J\u00e4\u00e4veteen perustuvan erityisen prosessin ansiosta t\u00e4m\u00e4 kiteinen hartsi tarjoaa puhtaan, maukkaan ja kannabinoideja sis\u00e4lt\u00e4v\u00e4n lopputuloksen.<\/p>\n<p>Aujourd\u2019hui, de nombreux consommateurs choisissent d\u2019<a href=\"https:\/\/en.wikipedia.org\/wiki\/Hashish\">osta kuplahasia netist\u00e4<\/a> pour d\u00e9couvrir ou red\u00e9couvrir cette merveille du monde du cannabis sous sa forme la plus pure.<\/p>\n<h3><b>Mik\u00e4 on Bubble Hash?<\/b><\/h3>\n<p>Kuplahasis, joka tunnetaan my\u00f6s nimell\u00e4 \"Ice-O-Lator\" tai \"j\u00e4\u00e4hasis\", on hasista, joka saadaan mekaanisella uutolla j\u00e4\u00e4veden ja hienojakoisten seulojen avulla. T\u00e4m\u00e4 luonnollinen prosessi erottaa trikomit kannabiskasvista, jolloin syntyy v\u00e4kev\u00f6ity\u00e4 hartsia ilman liuottimia tai kemiallisia lis\u00e4aineita.<\/p>\n<p>Navnet stammer fra det faktum, at det bogstaveligt talt bobler, n\u00e5r det opvarmes, mens det smelter \u2013 et kendetegn for kvalitet og renhed. Jo renere produktet er, desto flere bobler vil Bubble Hash producere, n\u00e5r det br\u00e6ndes.<\/p>\n<h3><b>Yleisi\u00e4 k\u00e4ytt\u00f6tarkoituksia ja vaikutuksia<\/b><\/h3>\n<p>Bubble Hash on erityisen arvostettu seuraavista syist\u00e4:<\/p>\n<ul>\n<li style=\"font-weight: 400;\" aria-level=\"1\"><span style=\"font-weight: 400;\">Sen voimakkaat, v\u00e4litt\u00f6m\u00e4t ja pitk\u00e4aikaiset vaikutukset<\/span>&nbsp;<\/li>\n<li style=\"font-weight: 400;\" aria-level=\"1\"><span style=\"font-weight: 400;\">Sen puhdas, luonnollinen ja intensiivinen maku<\/span>&nbsp;<\/li>\n<li style=\"font-weight: 400;\" aria-level=\"1\"><span style=\"font-weight: 400;\">Sen rentouttavat ominaisuudet keholle<\/span>&nbsp;<\/li>\n<li style=\"font-weight: 400;\" aria-level=\"1\"><span style=\"font-weight: 400;\">Sen potentiaali stimuloida luovuutta tai henkist\u00e4 euforiaa (riippuen alkuper\u00e4isest\u00e4 kannasta)<\/span>&nbsp;<\/li>\n<\/ul>\n<p><span style=\"font-weight: 400;\">Det kan indtages alene, blandes med blomster eller inkorporeres i cannabisbaserede f\u00f8devarer.<\/span><\/p>\n<h3><b>Oikeudellinen asema (alueesta riippuen)<\/b><\/h3>\n<p>Kuten kaikkien THC-pitoisten tuotteiden, my\u00f6s kuplahasiksen laillinen asema riippuu t\u00e4ysin paikallisista m\u00e4\u00e4r\u00e4yksist\u00e4. Joissakin maissa se on ehdottomasti kielletty, kun taas toisissa se on sallittua tai laillista tietyin ehdoin. Ennen kuin tilaat kuplahasiksen verkosta, muista tarkistaa maasi tai alueesi sovellettavat lait.<\/p>\n<h3><b>Pourquoi acheter Bubble Hash en ligne ?<\/b><\/h3>\n<h3><b>Esteett\u00f6myys<\/b><\/h3>\n<p>Bubble Hashin ostaminen verkosta helpottaa korkealaatuisten hartsien l\u00f6yt\u00e4mist\u00e4, joita ei joskus ole saatavilla paikallisista kaupoista.<\/p>\n<h3><b>Erilaisia myyji\u00e4<\/b><\/h3>\n<p>Monet erikoistuneet myyj\u00e4t tarjoavat nyt Bubble Hashia myynniss\u00e4 eri laatuisina, pitoisuuksina ja lajikkeina (sativa, indica, hybridi jne.).<\/p>\n<h3><b>Huomaamaton toimitus<\/b><\/h3>\n<p>Parhaat verkkokauppasivustot takaavat huomaamattoman toimituksen yksinkertaisessa pakkauksessa yksityisyytesi suojaamiseksi ja sujuvan toimituksen varmistamiseksi.<\/p>\n<h3><b>Come scegliere un venditore affidabile?<\/b><\/h3>\n<p>L\u00f6yt\u00e4\u00e4ksesi parhaan paikan ostaa Amnesia Jelly Hashia verkossa, t\u00e4ss\u00e4 on muutamia t\u00e4rkeit\u00e4 vinkkej\u00e4:<\/p>\n<ul>\n<li style=\"font-weight: 400;\" aria-level=\"1\">Tarkista Bubble Hashin hinta vertaillaksesi laatua\/hintaa useiden myyjien v\u00e4lill\u00e4&nbsp;<\/li>\n<li style=\"font-weight: 400;\" aria-level=\"1\"><span style=\"font-weight: 400;\">Tarkista sivuston maine varmennettujen asiakasarvostelujen avulla<\/span>&nbsp;<\/li>\n<li style=\"font-weight: 400;\" aria-level=\"1\"><span style=\"font-weight: 400;\">Etsi laboratoriosertifikaatteja, jotka takaavat laadun ja puhtauden<\/span>&nbsp;<\/li>\n<li style=\"font-weight: 400;\" aria-level=\"1\"><span style=\"font-weight: 400;\">Valitse myyji\u00e4, jotka tarjoavat helposti saatavilla olevaa ja ammattitaitoista asiakaspalvelua.<\/span>&nbsp;<\/li>\n<li style=\"font-weight: 400;\" aria-level=\"1\"><span style=\"font-weight: 400;\">Tutki toimitus- ja palautusehdot<\/span>&nbsp;<\/li>\n<\/ul>\n<h3><b>Toimitusk\u00e4yt\u00e4nn\u00f6t<\/b><\/h3>\n<p><span style=\"font-weight: 400;\">Hyv\u00e4n verkkokauppasivuston on tarjottava:<\/span><\/p>\n<ul>\n<li style=\"font-weight: 400;\" aria-level=\"1\"><span style=\"font-weight: 400;\">Kohtuulliset toimitusajat<\/span>&nbsp;<\/li>\n<li style=\"font-weight: 400;\" aria-level=\"1\"><span style=\"font-weight: 400;\">Et sporingsnummer til din ordre<\/span>&nbsp;<\/li>\n<li style=\"font-weight: 400;\" aria-level=\"1\"><span style=\"font-weight: 400;\">Garant\u00edas en caso de problema (paquete perdido o da\u00f1ado)<\/span>&nbsp;<\/li>\n<\/ul>\n<h3><b>Riskit ja huomioon otettavat asiat<\/b><\/h3>\n<h3><b>Terveysriskit<\/b><\/h3>\n<p>Le Bubble Hash est un produit tr\u00e8s concentr\u00e9 en THC. Pour les d\u00e9butants, il est recommand\u00e9 de commencer par de petites quantit\u00e9s. L\u2019achat aupr\u00e8s de vendeurs s\u00e9rieux garantit un produit pur, sans contaminants chimiques ni solvants.<\/p>\n<h3><b>Johtop\u00e4\u00e4t\u00f6s<\/b><\/h3>\n<p>Bubble hash on v\u00e4ltt\u00e4m\u00e4t\u00f6n hankinta premium-hasiksen yst\u00e4ville. Sen puhdas maku, hieno koostumus ja voimakkaat vaikutukset tekev\u00e4t siit\u00e4 halutun tuotteen asiantuntijoiden keskuudessa maailmanlaajuisesti. Parhaan kokemuksen saamiseksi osta bubble hash aina verkosta luotettavien alustojen kautta.<\/p>","protected":false},"excerpt":{"rendered":"<p>Introduction au Bubble Hash Concentr\u00e9 pris\u00e9 par les connaisseurs du monde entier, le Bubble Hash est r\u00e9put\u00e9 pour sa puret\u00e9 exceptionnelle, sa puissance, et sa m\u00e9thode d\u2019extraction artisanale. Gr\u00e2ce \u00e0 un processus sp\u00e9cifique \u00e0 base d\u2019eau glac\u00e9e, cette r\u00e9sine cristalline offre un r\u00e9sultat propre, savoureux, et riche en cannabino\u00efdes. Aujourd\u2019hui, de nombreux consommateurs choisissent d\u2019acheter&#8230;<\/p>","protected":false},"featured_media":1469,"comment_status":"open","ping_status":"closed","template":"","meta":{"_kadence_starter_templates_imported_post":false,"_kad_post_transparent":"default","_kad_post_title":"","_kad_post_layout":"default","_kad_post_sidebar_id":"","_kad_post_content_style":"default","_kad_post_vertical_padding":"default","_kad_post_feature":"","_kad_post_feature_position":"","_kad_post_header":false,"_kad_post_footer":false,"_joinchat":[]},"product_brand":[],"product_cat":[31],"product_tag":[],"class_list":{"0":"post-1347","1":"product","2":"type-product","3":"status-publish","4":"has-post-thumbnail","6":"product_cat-haschisch","8":"first","9":"instock","10":"shipping-taxable","11":"purchasable","12":"product-type-variable","13":"entry","14":"content-bg","15":"loop-entry"},"yoast_head":"<!-- This site is optimized with the Yoast SEO plugin v23.5 - https:\/\/yoast.com\/wordpress\/plugins\/seo\/ -->\n<title>Achetez du Bubble Hash en ligne - Bubble Hash \u00e0 vendre - Commandez du Bubble Hash<\/title>\n<meta name=\"description\" content=\"Vous cherchez \u00e0 acheter du Bubble Hash en ligne \u00e0 un prix raisonnable ? Visitez notre boutique en ligne Herbelegale r\u00e9put\u00e9e et obtenez du Bubble Hash en vente d\u00e8s aujourd&#039;hui. Passez commande maintenant !\" \/>\n<meta name=\"robots\" content=\"index, follow, max-snippet:-1, max-image-preview:large, max-video-preview:-1\" \/>\n<link rel=\"canonical\" href=\"https:\/\/herbelegale.com\/fi\/product\/bubble-hash\/\" \/>\n<meta property=\"og:locale\" content=\"fi_FI\" \/>\n<meta property=\"og:type\" content=\"article\" \/>\n<meta property=\"og:title\" content=\"Achetez du Bubble Hash en ligne - Bubble Hash \u00e0 vendre - Commandez du Bubble Hash\" \/>\n<meta property=\"og:description\" content=\"Vous cherchez \u00e0 acheter du Bubble Hash en ligne \u00e0 un prix raisonnable ? Visitez notre boutique en ligne Herbelegale r\u00e9put\u00e9e et obtenez du Bubble Hash en vente d\u00e8s aujourd&#039;hui. Passez commande maintenant !\" \/>\n<meta property=\"og:url\" content=\"https:\/\/herbelegale.com\/fi\/product\/bubble-hash\/\" \/>\n<meta property=\"og:site_name\" content=\"Herbe L\u00e9gale\" \/>\n<meta property=\"article:modified_time\" content=\"2025-07-19T05:02:49+00:00\" \/>\n<meta property=\"og:image\" content=\"https:\/\/herbelegale.com\/wp-content\/uploads\/2023\/09\/Bubble-Hash-1.jpg\" \/>\n\t<meta property=\"og:image:width\" content=\"600\" \/>\n\t<meta property=\"og:image:height\" content=\"600\" \/>\n\t<meta property=\"og:image:type\" content=\"image\/jpeg\" \/>\n<meta name=\"twitter:card\" content=\"summary_large_image\" \/>\n<meta name=\"twitter:label1\" content=\"Arvioitu lukuaika\" \/>\n\t<meta name=\"twitter:data1\" content=\"3 minuuttia\" \/>\n<script type=\"application\/ld+json\" class=\"yoast-schema-graph\">{\"@context\":\"https:\/\/schema.org\",\"@graph\":[{\"@type\":\"WebPage\",\"@id\":\"https:\/\/herbelegale.com\/product\/bubble-hash\/\",\"url\":\"https:\/\/herbelegale.com\/product\/bubble-hash\/\",\"name\":\"Achetez du Bubble Hash en ligne - Bubble Hash \u00e0 vendre - Commandez du Bubble Hash\",\"isPartOf\":{\"@id\":\"https:\/\/herbelegale.com\/#website\"},\"primaryImageOfPage\":{\"@id\":\"https:\/\/herbelegale.com\/product\/bubble-hash\/#primaryimage\"},\"image\":{\"@id\":\"https:\/\/herbelegale.com\/product\/bubble-hash\/#primaryimage\"},\"thumbnailUrl\":\"https:\/\/herbelegale.com\/wp-content\/uploads\/2023\/09\/Bubble-Hash-1.jpg\",\"datePublished\":\"2023-09-30T10:18:33+00:00\",\"dateModified\":\"2025-07-19T05:02:49+00:00\",\"description\":\"Vous cherchez \u00e0 acheter du Bubble Hash en ligne \u00e0 un prix raisonnable ? Visitez notre boutique en ligne Herbelegale r\u00e9put\u00e9e et obtenez du Bubble Hash en vente d\u00e8s aujourd'hui. Passez commande maintenant !\",\"breadcrumb\":{\"@id\":\"https:\/\/herbelegale.com\/product\/bubble-hash\/#breadcrumb\"},\"inLanguage\":\"fi\",\"potentialAction\":[{\"@type\":\"ReadAction\",\"target\":[\"https:\/\/herbelegale.com\/product\/bubble-hash\/\"]}]},{\"@type\":\"ImageObject\",\"inLanguage\":\"fi\",\"@id\":\"https:\/\/herbelegale.com\/product\/bubble-hash\/#primaryimage\",\"url\":\"https:\/\/herbelegale.com\/wp-content\/uploads\/2023\/09\/Bubble-Hash-1.jpg\",\"contentUrl\":\"https:\/\/herbelegale.com\/wp-content\/uploads\/2023\/09\/Bubble-Hash-1.jpg\",\"width\":600,\"height\":600,\"caption\":\"Bubble Hash\"},{\"@type\":\"BreadcrumbList\",\"@id\":\"https:\/\/herbelegale.com\/product\/bubble-hash\/#breadcrumb\",\"itemListElement\":[{\"@type\":\"ListItem\",\"position\":1,\"name\":\"Home\",\"item\":\"https:\/\/herbelegale.com\/\"},{\"@type\":\"ListItem\",\"position\":2,\"name\":\"Boutique\",\"item\":\"https:\/\/herbelegale.com\/boutique\/\"},{\"@type\":\"ListItem\",\"position\":3,\"name\":\"Bubble Hash\"}]},{\"@type\":\"WebSite\",\"@id\":\"https:\/\/herbelegale.com\/#website\",\"url\":\"https:\/\/herbelegale.com\/\",\"name\":\"Herbe L\u00e9gale\",\"description\":\"Acheter de l&#039;herbe en ligne\",\"publisher\":{\"@id\":\"https:\/\/herbelegale.com\/#organization\"},\"potentialAction\":[{\"@type\":\"SearchAction\",\"target\":{\"@type\":\"EntryPoint\",\"urlTemplate\":\"https:\/\/herbelegale.com\/?s={search_term_string}\"},\"query-input\":{\"@type\":\"PropertyValueSpecification\",\"valueRequired\":true,\"valueName\":\"search_term_string\"}}],\"inLanguage\":\"fi\"},{\"@type\":\"Organization\",\"@id\":\"https:\/\/herbelegale.com\/#organization\",\"name\":\"Herbe L\u00e9gale\",\"url\":\"https:\/\/herbelegale.com\/\",\"logo\":{\"@type\":\"ImageObject\",\"inLanguage\":\"fi\",\"@id\":\"https:\/\/herbelegale.com\/#\/schema\/logo\/image\/\",\"url\":\"https:\/\/herbelegale.com\/wp-content\/uploads\/2023\/10\/logo-1.png\",\"contentUrl\":\"https:\/\/herbelegale.com\/wp-content\/uploads\/2023\/10\/logo-1.png\",\"width\":400,\"height\":120,\"caption\":\"Herbe L\u00e9gale\"},\"image\":{\"@id\":\"https:\/\/herbelegale.com\/#\/schema\/logo\/image\/\"}}]}<\/script>\n<!-- \/ Yoast SEO plugin. -->","yoast_head_json":{"title":"Achetez du Bubble Hash en ligne - Bubble Hash \u00e0 vendre - Commandez du Bubble Hash","description":"Vous cherchez \u00e0 acheter du Bubble Hash en ligne \u00e0 un prix raisonnable ? Visitez notre boutique en ligne Herbelegale r\u00e9put\u00e9e et obtenez du Bubble Hash en vente d\u00e8s aujourd'hui. Passez commande maintenant !","robots":{"index":"index","follow":"follow","max-snippet":"max-snippet:-1","max-image-preview":"max-image-preview:large","max-video-preview":"max-video-preview:-1"},"canonical":"https:\/\/herbelegale.com\/fi\/product\/bubble-hash\/","og_locale":"fi_FI","og_type":"article","og_title":"Achetez du Bubble Hash en ligne - Bubble Hash \u00e0 vendre - Commandez du Bubble Hash","og_description":"Vous cherchez \u00e0 acheter du Bubble Hash en ligne \u00e0 un prix raisonnable ? Visitez notre boutique en ligne Herbelegale r\u00e9put\u00e9e et obtenez du Bubble Hash en vente d\u00e8s aujourd'hui. Passez commande maintenant !","og_url":"https:\/\/herbelegale.com\/fi\/product\/bubble-hash\/","og_site_name":"Herbe L\u00e9gale","article_modified_time":"2025-07-19T05:02:49+00:00","og_image":[{"width":600,"height":600,"url":"https:\/\/herbelegale.com\/wp-content\/uploads\/2023\/09\/Bubble-Hash-1.jpg","type":"image\/jpeg"}],"twitter_card":"summary_large_image","twitter_misc":{"Arvioitu lukuaika":"3 minuuttia"},"schema":{"@context":"https:\/\/schema.org","@graph":[{"@type":"WebPage","@id":"https:\/\/herbelegale.com\/product\/bubble-hash\/","url":"https:\/\/herbelegale.com\/product\/bubble-hash\/","name":"Achetez du Bubble Hash en ligne - Bubble Hash \u00e0 vendre - Commandez du Bubble Hash","isPartOf":{"@id":"https:\/\/herbelegale.com\/#website"},"primaryImageOfPage":{"@id":"https:\/\/herbelegale.com\/product\/bubble-hash\/#primaryimage"},"image":{"@id":"https:\/\/herbelegale.com\/product\/bubble-hash\/#primaryimage"},"thumbnailUrl":"https:\/\/herbelegale.com\/wp-content\/uploads\/2023\/09\/Bubble-Hash-1.jpg","datePublished":"2023-09-30T10:18:33+00:00","dateModified":"2025-07-19T05:02:49+00:00","description":"Vous cherchez \u00e0 acheter du Bubble Hash en ligne \u00e0 un prix raisonnable ? Visitez notre boutique en ligne Herbelegale r\u00e9put\u00e9e et obtenez du Bubble Hash en vente d\u00e8s aujourd'hui. Passez commande maintenant !","breadcrumb":{"@id":"https:\/\/herbelegale.com\/product\/bubble-hash\/#breadcrumb"},"inLanguage":"fi","potentialAction":[{"@type":"ReadAction","target":["https:\/\/herbelegale.com\/product\/bubble-hash\/"]}]},{"@type":"ImageObject","inLanguage":"fi","@id":"https:\/\/herbelegale.com\/product\/bubble-hash\/#primaryimage","url":"https:\/\/herbelegale.com\/wp-content\/uploads\/2023\/09\/Bubble-Hash-1.jpg","contentUrl":"https:\/\/herbelegale.com\/wp-content\/uploads\/2023\/09\/Bubble-Hash-1.jpg","width":600,"height":600,"caption":"Bubble Hash"},{"@type":"BreadcrumbList","@id":"https:\/\/herbelegale.com\/product\/bubble-hash\/#breadcrumb","itemListElement":[{"@type":"ListItem","position":1,"name":"Home","item":"https:\/\/herbelegale.com\/"},{"@type":"ListItem","position":2,"name":"Boutique","item":"https:\/\/herbelegale.com\/boutique\/"},{"@type":"ListItem","position":3,"name":"Bubble Hash"}]},{"@type":"WebSite","@id":"https:\/\/herbelegale.com\/#website","url":"https:\/\/herbelegale.com\/","name":"Herbe L\u00e9gale","description":"Acheter de l&#039;herbe en ligne","publisher":{"@id":"https:\/\/herbelegale.com\/#organization"},"potentialAction":[{"@type":"SearchAction","target":{"@type":"EntryPoint","urlTemplate":"https:\/\/herbelegale.com\/?s={search_term_string}"},"query-input":{"@type":"PropertyValueSpecification","valueRequired":true,"valueName":"search_term_string"}}],"inLanguage":"fi"},{"@type":"Organization","@id":"https:\/\/herbelegale.com\/#organization","name":"Herbe L\u00e9gale","url":"https:\/\/herbelegale.com\/","logo":{"@type":"ImageObject","inLanguage":"fi","@id":"https:\/\/herbelegale.com\/#\/schema\/logo\/image\/","url":"https:\/\/herbelegale.com\/wp-content\/uploads\/2023\/10\/logo-1.png","contentUrl":"https:\/\/herbelegale.com\/wp-content\/uploads\/2023\/10\/logo-1.png","width":400,"height":120,"caption":"Herbe L\u00e9gale"},"image":{"@id":"https:\/\/herbelegale.com\/#\/schema\/logo\/image\/"}}]}},"_links":{"self":[{"href":"https:\/\/herbelegale.com\/fi\/wp-json\/wp\/v2\/product\/1347","targetHints":{"allow":["GET"]}}],"collection":[{"href":"https:\/\/herbelegale.com\/fi\/wp-json\/wp\/v2\/product"}],"about":[{"href":"https:\/\/herbelegale.com\/fi\/wp-json\/wp\/v2\/types\/product"}],"replies":[{"embeddable":true,"href":"https:\/\/herbelegale.com\/fi\/wp-json\/wp\/v2\/comments?post=1347"}],"wp:featuredmedia":[{"embeddable":true,"href":"https:\/\/herbelegale.com\/fi\/wp-json\/wp\/v2\/media\/1469"}],"wp:attachment":[{"href":"https:\/\/herbelegale.com\/fi\/wp-json\/wp\/v2\/media?parent=1347"}],"wp:term":[{"taxonomy":"product_brand","embeddable":true,"href":"https:\/\/herbelegale.com\/fi\/wp-json\/wp\/v2\/product_brand?post=1347"},{"taxonomy":"product_cat","embeddable":true,"href":"https:\/\/herbelegale.com\/fi\/wp-json\/wp\/v2\/product_cat?post=1347"},{"taxonomy":"product_tag","embeddable":true,"href":"https:\/\/herbelegale.com\/fi\/wp-json\/wp\/v2\/product_tag?post=1347"}],"curies":[{"name":"wp","href":"https:\/\/api.w.org\/{rel}","templated":true}]}}