{"id":1346,"date":"2023-09-30T10:17:52","date_gmt":"2023-09-30T10:17:52","guid":{"rendered":"https:\/\/nembutalhouse.com\/weed\/?post_type=product&#038;p=1346"},"modified":"2025-07-19T05:09:06","modified_gmt":"2025-07-19T05:09:06","slug":"rolex-hash","status":"publish","type":"product","link":"https:\/\/herbelegale.com\/fi\/product\/rolex-hash\/","title":{"rendered":"Rolex Hash"},"content":{"rendered":"<h2><b>Rolex Hash \u2013 Huippuluokan hash-el\u00e4mys<\/b><\/h2>\n<h3><b>Johdanto Rolex Hash -kelloon<\/b><\/h3>\n<p>Le <a href=\"https:\/\/herbelegale.com\/fi\/product\/rolex-hash\/\">Rolex Hash<\/a> on enemm\u00e4n kuin pelkk\u00e4 kannabistiiviste \u2013 se on ensiluokkainen, hienostunut tuote, joka on suunniteltu vaativille harrastajille, jotka etsiv\u00e4t intensiivist\u00e4, puhdasta ja hienostunutta kokemusta. Tehokkuudestaan, rikkaasta koostumuksestaan ja syvist\u00e4 aromeistaan tunnettu Rolex Hash on vertailukohta ensiluokkaisten hartsien maailmassa.<\/p>\n<h3><b>Mik\u00e4 on Rolex Hash?<\/b><\/h3>\n<p><a href=\"https:\/\/en.wikipedia.org\/wiki\/Hashish\">Le Rolex Hash<\/a> on k\u00e4sintehty kannabishartsi, joka on uutettu huolellisesti seulotuista trikomeista pikkutarkasti viljellyist\u00e4 kukista. Sen nimi tuo mieleen erinomaisuuden ja tarkkuuden, aivan kuten kuuluisa kellomerkki, eik\u00e4 se ole sattumaa: t\u00e4m\u00e4 hasis tarjoaa tasaista laatua, huomattavaa tehoa ja poikkeuksellista aromaattista hienostuneisuutta.<\/p>\n<p>Tummanruskealla tai mustalla ja usein pehme\u00e4ll\u00e4, \u00f6ljym\u00e4isell\u00e4 koostumuksellaan Rolex Hash huokuu mausteisia, maanl\u00e4heisi\u00e4 ja puisia vivahteita, joihin liittyy rentouttava ja euforinen vaikutus, joka kest\u00e4\u00e4 pitk\u00e4\u00e4n.<\/p>\n<h3><b>Rolex Hashin yleisi\u00e4 k\u00e4ytt\u00f6tarkoituksia ja vaikutuksia<\/b><\/h3>\n<p>Rolex Hash on arvostettu tehokkaiden ja tasapainoisten vaikutustensa ansiosta, jotka sopivat sek\u00e4 viihde- ett\u00e4 terapeuttiseen k\u00e4ytt\u00f6\u00f6n. K\u00e4ytt\u00e4j\u00e4t etsiv\u00e4t:<\/p>\n<ul>\n<li style=\"font-weight: 400;\" aria-level=\"1\">Dyb og \u00f8jeblikkelig afslapning&nbsp;<\/li>\n<li style=\"font-weight: 400;\" aria-level=\"1\">Stressin ja ahdistuksen v\u00e4heneminen&nbsp;<\/li>\n<li style=\"font-weight: 400;\" aria-level=\"1\">Luova stimulaatio ja parempi keskittymiskyky&nbsp;<\/li>\n<li style=\"font-weight: 400;\" aria-level=\"1\">Lepsza jako\u015b\u0107 snu&nbsp;<\/li>\n<li style=\"font-weight: 400;\" aria-level=\"1\">Lempe\u00e4n ja kest\u00e4v\u00e4n euforian tunne&nbsp;<\/li>\n<\/ul>\n<h3><b>Kulutusmenetelm\u00e4t:<\/b><\/h3>\n<ul>\n<li style=\"font-weight: 400;\" aria-level=\"1\"><span style=\"font-weight: 400;\">Savustettu jointissa, piipussa tai vesipiippussa<\/span>&nbsp;<\/li>\n<li style=\"font-weight: 400;\" aria-level=\"1\"><span style=\"font-weight: 400;\">Suihkuta sopivalla laitteella<\/span>&nbsp;<\/li>\n<li style=\"font-weight: 400;\" aria-level=\"1\"><span style=\"font-weight: 400;\">Kuumaan juomaan rasvan kera infusoituna<\/span>&nbsp;<\/li>\n<\/ul>\n<h3><b>Oikeudellinen asema: yleiskatsaus<\/b><\/h3>\n<p>Rolex Hashin laillinen asema riippuu maastasi tai alueestasi. Joissakin paikoissa sen hallussapito tai k\u00e4ytt\u00f6 voi olla ehdottomasti kielletty\u00e4, kun taas toisissa sen viihde- tai l\u00e4\u00e4ketieteellisen k\u00e4yt\u00f6n sallitaan tietyin ehdoin.<\/p>\n<p>T\u00e4rke\u00e4\u00e4: Tarkista aina paikalliset m\u00e4\u00e4r\u00e4ykset ennen tilaamista tai nauttimista.<\/p>\n<h3><b>Miksi ostaa Rolex Hash netist\u00e4?<\/b><\/h3>\n<p>Tilaaminen verkossa antaa sinun ohittaa maantieteelliset rajoitukset ja hankkia Rolex Hashin kilpailukykyiseen hintaan poistumatta kotoa.<\/p>\n<p><b>\u00a0Erilaisia myyji\u00e4<\/b><\/p>\n<p>Internet tarjoaa sinulle laajan valikoiman erikoistuneita myyji\u00e4, jotka tarjoavat erilaisia laatuja, alkuper\u00e4maita ja hintoja. Etsitp\u00e4 sitten edullista Rolex Hashia tai premium-versiota, vaihtoehtoja on lukuisia.<\/p>\n<p><b>Huomaamaton toimitus<\/b><\/p>\n<p>Parhaat sivustot takaavat nopean, huomaamattoman ja turvallisen toimituksen, ja niiden pakkaukset ovat yksinkertaisia ja seurantanumero takaa t\u00e4ydellisen mielenrauhan.<\/p>\n<h3><b>Kuinka valita luotettava myyj\u00e4 ostaaksesi Rolex Hashin verkossa?<\/b><\/h3>\n<p><span style=\"font-weight: 400;\">Ennen tilaamista varmista, ett\u00e4 sivusto tarjoaa:<\/span><\/p>\n<ul>\n<li style=\"font-weight: 400;\" aria-level=\"1\">Aitoja ja positiivisia asiakasarvosteluja&nbsp;<\/li>\n<li style=\"font-weight: 400;\" aria-level=\"1\">L\u00e4pin\u00e4kyvyys hasis-tiedoston laadun ja alkuper\u00e4n osalta&nbsp;<\/li>\n<li style=\"font-weight: 400;\" aria-level=\"1\">Turvalliset maksutavat (kryptovaluutat, kortit jne.)&nbsp;<\/li>\n<li style=\"font-weight: 400;\" aria-level=\"1\">Selke\u00e4t toimitus- ja palautusk\u00e4yt\u00e4nn\u00f6t&nbsp;<\/li>\n<li style=\"font-weight: 400;\" aria-level=\"1\">Reagoiva ja ammattitaitoinen asiakaspalvelu&nbsp;<\/li>\n<\/ul>\n<h3><b>Vinkki: Paras paikka ostaa Rolex Hashia verkosta on usein hyv\u00e4maineinen alusta, joka on erikoistunut kannabistuotteisiin.<\/b><\/h3>\n<h3><b>Toimitusk\u00e4yt\u00e4nn\u00f6t<\/b><\/h3>\n<p><span style=\"font-weight: 400;\">Un bon vendeur propose :<\/span><\/p>\n<ul>\n<li style=\"font-weight: 400;\" aria-level=\"1\">Nopeat toimitusvaihtoehdot seurannalla&nbsp;<\/li>\n<li style=\"font-weight: 400;\" aria-level=\"1\">Pakkaus, joka takaa tuotteen tuoreuden ja eheyden.&nbsp;<\/li>\n<li style=\"font-weight: 400;\" aria-level=\"1\">Tiukka salassapitok\u00e4yt\u00e4nt\u00f6 asiakkaan anonymiteetin varmistamiseksi&nbsp;<\/li>\n<\/ul>\n<h3><b>Riskit ja varotoimet<\/b><\/h3>\n<p><b>Terveysriskit<\/b><\/p>\n<p><span style=\"font-weight: 400;\">Kuten kaikki THC-pitoiset tuotteet, Rolex Hash voi aiheuttaa sivuvaikutuksia:<\/span><\/p>\n<ul>\n<li style=\"font-weight: 400;\" aria-level=\"1\"><span style=\"font-weight: 400;\">Uneliaisuus, suun kuivuminen<\/span>&nbsp;<\/li>\n<li style=\"font-weight: 400;\" aria-level=\"1\"><span style=\"font-weight: 400;\">Ahdistus tai vainoharhaisuus tietyiss\u00e4 profiileissa<\/span>&nbsp;<\/li>\n<li style=\"font-weight: 400;\" aria-level=\"1\"><span style=\"font-weight: 400;\">Interaktion med visse l\u00e6gemidler<\/span>&nbsp;<\/li>\n<\/ul>\n<h3><b>Suositellut varotoimet:<\/b><\/h3>\n<ul>\n<li style=\"font-weight: 400;\" aria-level=\"1\"><span style=\"font-weight: 400;\">Aloita pienell\u00e4 annoksella, varsinkin jos olet aloittelija<\/span>&nbsp;<\/li>\n<li style=\"font-weight: 400;\" aria-level=\"1\"><span style=\"font-weight: 400;\">\u00c9vitez la conduite ou les machines lourdes apr\u00e8s consommation<\/span>&nbsp;<\/li>\n<li style=\"font-weight: 400;\" aria-level=\"1\"><span style=\"font-weight: 400;\">Nicht einnehmen, wenn Sie schwanger sind oder sich einer speziellen Behandlung unterziehen.<\/span>&nbsp;<\/li>\n<li style=\"font-weight: 400;\" aria-level=\"1\"><span style=\"font-weight: 400;\">Im Zweifelsfall einen Arzt konsultieren<\/span>&nbsp;<\/li>\n<\/ul>\n<h3><b>Yhteenveto: Hemmottele itse\u00e4si erinomaisella tavalla \u2013 poistumatta kotoa<\/b><\/h3>\n<p>Rolex Hashin tilaaminen verkosta tarkoittaa tyylikkyyden ja tehon valitsemista t\u00e4ysin harkintavaltaa hy\u00f6dynt\u00e4en. Laajan valikoiman, luotettavien myyjien ja nimett\u00f6mien toimituspalveluiden ansiosta n\u00e4in halutun tuotteen l\u00f6yt\u00e4minen ei ole koskaan ollut helpompaa.<\/p>\n<p>Avant tout achat, v\u00e9rifiez les lois de votre pays, et prenez vos pr\u00e9cautions pour un usage s\u00e9curis\u00e9, l\u00e9gal et responsable.<\/p>","protected":false},"excerpt":{"rendered":"<p>Rolex Hash \u2013 L\u2019exp\u00e9rience ultime du hash haut de gamme Introduction au Rolex Hash Le Rolex Hash est bien plus qu\u2019un simple concentr\u00e9 de cannabis \u2014 c\u2019est un produit haut de gamme, raffin\u00e9, con\u00e7u pour les amateurs exigeants \u00e0 la recherche d\u2019une exp\u00e9rience intense, pure et sophistiqu\u00e9e. Reconnu pour sa puissance, sa texture riche et&#8230;<\/p>","protected":false},"featured_media":1468,"comment_status":"open","ping_status":"closed","template":"","meta":{"_kadence_starter_templates_imported_post":false,"_kad_post_transparent":"default","_kad_post_title":"","_kad_post_layout":"default","_kad_post_sidebar_id":"","_kad_post_content_style":"default","_kad_post_vertical_padding":"default","_kad_post_feature":"","_kad_post_feature_position":"","_kad_post_header":false,"_kad_post_footer":false,"_joinchat":[]},"product_brand":[],"product_cat":[31],"product_tag":[],"class_list":{"0":"post-1346","1":"product","2":"type-product","3":"status-publish","4":"has-post-thumbnail","6":"product_cat-haschisch","8":"first","9":"instock","10":"shipping-taxable","11":"purchasable","12":"product-type-variable","13":"entry","14":"content-bg","15":"loop-entry"},"yoast_head":"<!-- This site is optimized with the Yoast SEO plugin v23.5 - https:\/\/yoast.com\/wordpress\/plugins\/seo\/ -->\n<title>Achetez du hachage Rolex en ligne - Vente de hachage Rolex - Commandez du hachage Rolex 5Ca<\/title>\n<meta name=\"description\" content=\"Vous pouvez entrer en contact avec notre boutique en ligne Herbelegale et acheter du Rolex Hash en ligne. Vous pouvez obtenir du Rolex Hash \u00e0 vendre \u00e0 des prix bon march\u00e9. Passez commande tout de suite !\" \/>\n<meta name=\"robots\" content=\"index, follow, max-snippet:-1, max-image-preview:large, max-video-preview:-1\" \/>\n<link rel=\"canonical\" href=\"https:\/\/herbelegale.com\/fi\/product\/rolex-hash\/\" \/>\n<meta property=\"og:locale\" content=\"fi_FI\" \/>\n<meta property=\"og:type\" content=\"article\" \/>\n<meta property=\"og:title\" content=\"Achetez du hachage Rolex en ligne - Vente de hachage Rolex - Commandez du hachage Rolex 5Ca\" \/>\n<meta property=\"og:description\" content=\"Vous pouvez entrer en contact avec notre boutique en ligne Herbelegale et acheter du Rolex Hash en ligne. Vous pouvez obtenir du Rolex Hash \u00e0 vendre \u00e0 des prix bon march\u00e9. Passez commande tout de suite !\" \/>\n<meta property=\"og:url\" content=\"https:\/\/herbelegale.com\/fi\/product\/rolex-hash\/\" \/>\n<meta property=\"og:site_name\" content=\"Herbe L\u00e9gale\" \/>\n<meta property=\"article:modified_time\" content=\"2025-07-19T05:09:06+00:00\" \/>\n<meta property=\"og:image\" content=\"https:\/\/herbelegale.com\/wp-content\/uploads\/2023\/09\/Rolex-Hash-1.jpg\" \/>\n\t<meta property=\"og:image:width\" content=\"600\" \/>\n\t<meta property=\"og:image:height\" content=\"600\" \/>\n\t<meta property=\"og:image:type\" content=\"image\/jpeg\" \/>\n<meta name=\"twitter:card\" content=\"summary_large_image\" \/>\n<meta name=\"twitter:label1\" content=\"Arvioitu lukuaika\" \/>\n\t<meta name=\"twitter:data1\" content=\"4 minuuttia\" \/>\n<script type=\"application\/ld+json\" class=\"yoast-schema-graph\">{\"@context\":\"https:\/\/schema.org\",\"@graph\":[{\"@type\":\"WebPage\",\"@id\":\"https:\/\/herbelegale.com\/product\/rolex-hash\/\",\"url\":\"https:\/\/herbelegale.com\/product\/rolex-hash\/\",\"name\":\"Achetez du hachage Rolex en ligne - Vente de hachage Rolex - Commandez du hachage Rolex 5Ca\",\"isPartOf\":{\"@id\":\"https:\/\/herbelegale.com\/#website\"},\"primaryImageOfPage\":{\"@id\":\"https:\/\/herbelegale.com\/product\/rolex-hash\/#primaryimage\"},\"image\":{\"@id\":\"https:\/\/herbelegale.com\/product\/rolex-hash\/#primaryimage\"},\"thumbnailUrl\":\"https:\/\/herbelegale.com\/wp-content\/uploads\/2023\/09\/Rolex-Hash-1.jpg\",\"datePublished\":\"2023-09-30T10:17:52+00:00\",\"dateModified\":\"2025-07-19T05:09:06+00:00\",\"description\":\"Vous pouvez entrer en contact avec notre boutique en ligne Herbelegale et acheter du Rolex Hash en ligne. Vous pouvez obtenir du Rolex Hash \u00e0 vendre \u00e0 des prix bon march\u00e9. Passez commande tout de suite !\",\"breadcrumb\":{\"@id\":\"https:\/\/herbelegale.com\/product\/rolex-hash\/#breadcrumb\"},\"inLanguage\":\"fi\",\"potentialAction\":[{\"@type\":\"ReadAction\",\"target\":[\"https:\/\/herbelegale.com\/product\/rolex-hash\/\"]}]},{\"@type\":\"ImageObject\",\"inLanguage\":\"fi\",\"@id\":\"https:\/\/herbelegale.com\/product\/rolex-hash\/#primaryimage\",\"url\":\"https:\/\/herbelegale.com\/wp-content\/uploads\/2023\/09\/Rolex-Hash-1.jpg\",\"contentUrl\":\"https:\/\/herbelegale.com\/wp-content\/uploads\/2023\/09\/Rolex-Hash-1.jpg\",\"width\":600,\"height\":600,\"caption\":\"Rolex Hash\"},{\"@type\":\"BreadcrumbList\",\"@id\":\"https:\/\/herbelegale.com\/product\/rolex-hash\/#breadcrumb\",\"itemListElement\":[{\"@type\":\"ListItem\",\"position\":1,\"name\":\"Home\",\"item\":\"https:\/\/herbelegale.com\/\"},{\"@type\":\"ListItem\",\"position\":2,\"name\":\"Boutique\",\"item\":\"https:\/\/herbelegale.com\/boutique\/\"},{\"@type\":\"ListItem\",\"position\":3,\"name\":\"Rolex Hash\"}]},{\"@type\":\"WebSite\",\"@id\":\"https:\/\/herbelegale.com\/#website\",\"url\":\"https:\/\/herbelegale.com\/\",\"name\":\"Herbe L\u00e9gale\",\"description\":\"Acheter de l&#039;herbe en ligne\",\"publisher\":{\"@id\":\"https:\/\/herbelegale.com\/#organization\"},\"potentialAction\":[{\"@type\":\"SearchAction\",\"target\":{\"@type\":\"EntryPoint\",\"urlTemplate\":\"https:\/\/herbelegale.com\/?s={search_term_string}\"},\"query-input\":{\"@type\":\"PropertyValueSpecification\",\"valueRequired\":true,\"valueName\":\"search_term_string\"}}],\"inLanguage\":\"fi\"},{\"@type\":\"Organization\",\"@id\":\"https:\/\/herbelegale.com\/#organization\",\"name\":\"Herbe L\u00e9gale\",\"url\":\"https:\/\/herbelegale.com\/\",\"logo\":{\"@type\":\"ImageObject\",\"inLanguage\":\"fi\",\"@id\":\"https:\/\/herbelegale.com\/#\/schema\/logo\/image\/\",\"url\":\"https:\/\/herbelegale.com\/wp-content\/uploads\/2023\/10\/logo-1.png\",\"contentUrl\":\"https:\/\/herbelegale.com\/wp-content\/uploads\/2023\/10\/logo-1.png\",\"width\":400,\"height\":120,\"caption\":\"Herbe L\u00e9gale\"},\"image\":{\"@id\":\"https:\/\/herbelegale.com\/#\/schema\/logo\/image\/\"}}]}<\/script>\n<!-- \/ Yoast SEO plugin. -->","yoast_head_json":{"title":"Achetez du hachage Rolex en ligne - Vente de hachage Rolex - Commandez du hachage Rolex 5Ca","description":"Vous pouvez entrer en contact avec notre boutique en ligne Herbelegale et acheter du Rolex Hash en ligne. Vous pouvez obtenir du Rolex Hash \u00e0 vendre \u00e0 des prix bon march\u00e9. Passez commande tout de suite !","robots":{"index":"index","follow":"follow","max-snippet":"max-snippet:-1","max-image-preview":"max-image-preview:large","max-video-preview":"max-video-preview:-1"},"canonical":"https:\/\/herbelegale.com\/fi\/product\/rolex-hash\/","og_locale":"fi_FI","og_type":"article","og_title":"Achetez du hachage Rolex en ligne - Vente de hachage Rolex - Commandez du hachage Rolex 5Ca","og_description":"Vous pouvez entrer en contact avec notre boutique en ligne Herbelegale et acheter du Rolex Hash en ligne. Vous pouvez obtenir du Rolex Hash \u00e0 vendre \u00e0 des prix bon march\u00e9. Passez commande tout de suite !","og_url":"https:\/\/herbelegale.com\/fi\/product\/rolex-hash\/","og_site_name":"Herbe L\u00e9gale","article_modified_time":"2025-07-19T05:09:06+00:00","og_image":[{"width":600,"height":600,"url":"https:\/\/herbelegale.com\/wp-content\/uploads\/2023\/09\/Rolex-Hash-1.jpg","type":"image\/jpeg"}],"twitter_card":"summary_large_image","twitter_misc":{"Arvioitu lukuaika":"4 minuuttia"},"schema":{"@context":"https:\/\/schema.org","@graph":[{"@type":"WebPage","@id":"https:\/\/herbelegale.com\/product\/rolex-hash\/","url":"https:\/\/herbelegale.com\/product\/rolex-hash\/","name":"Achetez du hachage Rolex en ligne - Vente de hachage Rolex - Commandez du hachage Rolex 5Ca","isPartOf":{"@id":"https:\/\/herbelegale.com\/#website"},"primaryImageOfPage":{"@id":"https:\/\/herbelegale.com\/product\/rolex-hash\/#primaryimage"},"image":{"@id":"https:\/\/herbelegale.com\/product\/rolex-hash\/#primaryimage"},"thumbnailUrl":"https:\/\/herbelegale.com\/wp-content\/uploads\/2023\/09\/Rolex-Hash-1.jpg","datePublished":"2023-09-30T10:17:52+00:00","dateModified":"2025-07-19T05:09:06+00:00","description":"Vous pouvez entrer en contact avec notre boutique en ligne Herbelegale et acheter du Rolex Hash en ligne. Vous pouvez obtenir du Rolex Hash \u00e0 vendre \u00e0 des prix bon march\u00e9. Passez commande tout de suite !","breadcrumb":{"@id":"https:\/\/herbelegale.com\/product\/rolex-hash\/#breadcrumb"},"inLanguage":"fi","potentialAction":[{"@type":"ReadAction","target":["https:\/\/herbelegale.com\/product\/rolex-hash\/"]}]},{"@type":"ImageObject","inLanguage":"fi","@id":"https:\/\/herbelegale.com\/product\/rolex-hash\/#primaryimage","url":"https:\/\/herbelegale.com\/wp-content\/uploads\/2023\/09\/Rolex-Hash-1.jpg","contentUrl":"https:\/\/herbelegale.com\/wp-content\/uploads\/2023\/09\/Rolex-Hash-1.jpg","width":600,"height":600,"caption":"Rolex Hash"},{"@type":"BreadcrumbList","@id":"https:\/\/herbelegale.com\/product\/rolex-hash\/#breadcrumb","itemListElement":[{"@type":"ListItem","position":1,"name":"Home","item":"https:\/\/herbelegale.com\/"},{"@type":"ListItem","position":2,"name":"Boutique","item":"https:\/\/herbelegale.com\/boutique\/"},{"@type":"ListItem","position":3,"name":"Rolex Hash"}]},{"@type":"WebSite","@id":"https:\/\/herbelegale.com\/#website","url":"https:\/\/herbelegale.com\/","name":"Herbe L\u00e9gale","description":"Acheter de l&#039;herbe en ligne","publisher":{"@id":"https:\/\/herbelegale.com\/#organization"},"potentialAction":[{"@type":"SearchAction","target":{"@type":"EntryPoint","urlTemplate":"https:\/\/herbelegale.com\/?s={search_term_string}"},"query-input":{"@type":"PropertyValueSpecification","valueRequired":true,"valueName":"search_term_string"}}],"inLanguage":"fi"},{"@type":"Organization","@id":"https:\/\/herbelegale.com\/#organization","name":"Herbe L\u00e9gale","url":"https:\/\/herbelegale.com\/","logo":{"@type":"ImageObject","inLanguage":"fi","@id":"https:\/\/herbelegale.com\/#\/schema\/logo\/image\/","url":"https:\/\/herbelegale.com\/wp-content\/uploads\/2023\/10\/logo-1.png","contentUrl":"https:\/\/herbelegale.com\/wp-content\/uploads\/2023\/10\/logo-1.png","width":400,"height":120,"caption":"Herbe L\u00e9gale"},"image":{"@id":"https:\/\/herbelegale.com\/#\/schema\/logo\/image\/"}}]}},"_links":{"self":[{"href":"https:\/\/herbelegale.com\/fi\/wp-json\/wp\/v2\/product\/1346","targetHints":{"allow":["GET"]}}],"collection":[{"href":"https:\/\/herbelegale.com\/fi\/wp-json\/wp\/v2\/product"}],"about":[{"href":"https:\/\/herbelegale.com\/fi\/wp-json\/wp\/v2\/types\/product"}],"replies":[{"embeddable":true,"href":"https:\/\/herbelegale.com\/fi\/wp-json\/wp\/v2\/comments?post=1346"}],"wp:featuredmedia":[{"embeddable":true,"href":"https:\/\/herbelegale.com\/fi\/wp-json\/wp\/v2\/media\/1468"}],"wp:attachment":[{"href":"https:\/\/herbelegale.com\/fi\/wp-json\/wp\/v2\/media?parent=1346"}],"wp:term":[{"taxonomy":"product_brand","embeddable":true,"href":"https:\/\/herbelegale.com\/fi\/wp-json\/wp\/v2\/product_brand?post=1346"},{"taxonomy":"product_cat","embeddable":true,"href":"https:\/\/herbelegale.com\/fi\/wp-json\/wp\/v2\/product_cat?post=1346"},{"taxonomy":"product_tag","embeddable":true,"href":"https:\/\/herbelegale.com\/fi\/wp-json\/wp\/v2\/product_tag?post=1346"}],"curies":[{"name":"wp","href":"https:\/\/api.w.org\/{rel}","templated":true}]}}