{"id":1345,"date":"2023-09-30T10:17:48","date_gmt":"2023-09-30T10:17:48","guid":{"rendered":"https:\/\/nembutalhouse.com\/weed\/?post_type=product&#038;p=1345"},"modified":"2025-07-18T11:22:57","modified_gmt":"2025-07-18T11:22:57","slug":"amnesia-hash","status":"publish","type":"product","link":"https:\/\/herbelegale.com\/fi\/product\/amnesia-hash\/","title":{"rendered":"Amnesia Hash"},"content":{"rendered":"<h2><b>Johdatus Amnesia Hashiin<\/b><\/h2>\n<p>Si vous recherchez un hash puissant et riche en ar\u00f4mes, <a href=\"https:\/\/herbelegale.com\/fi\/product\/amnesia-hash\/\">l\u2019Amnesia Hash<\/a> on pakollinen hankinta. Kuuluisasta Amnesia-kannabisesta johdettu hartsimainen tiiviste tarjoaa intensiivisen kokemuksen j\u00e4nnityst\u00e4 etsiville. Sen maine perustuu voimakkaisiin aivoihin kohdistuviin vaikutuksiin ja erottuvaan mausteiseen sitruunaiseen makuun. Ota selv\u00e4\u00e4, miksi niin monet k\u00e4ytt\u00e4j\u00e4t ostavat Amnesia Hashia verkosta parantaakseen kannabiskokemustaan.<\/p>\n<h3><b>Mik\u00e4 on Amnesia Hash?<\/b><\/h3>\n<p><a href=\"https:\/\/en.wikipedia.org\/wiki\/Amnesia\">L\u2019Amnesia Hash<\/a> on kannabistiiviste, joka on valmistettu Amnesia-kannan trikomien hartsista. Kyseess\u00e4 on maailmanlaajuisesti eritt\u00e4in arvostettu genetiikka. Hartsi on huolellisesti valmistettu pehme\u00e4n koostumuksen ja kullanruskean v\u00e4rin saavuttamiseksi. THC-pitoinen hartsi vapauttaa poltettaessa Amnesia-kannalle ominaisia maanl\u00e4heisi\u00e4 ja sitrushedelmien aromeja.<\/p>\n<p><span style=\"font-weight: 400;\">T\u00e4m\u00e4 hasis tunnetaan voimakkuudestaan, jolla on nopeat ja pitk\u00e4kestoiset psykotrooppiset vaikutukset. Se sopii erityisesti kokeneille k\u00e4ytt\u00e4jille, jotka etsiv\u00e4t energist\u00e4 ja euforista nautintoa.<\/span><\/p>\n<h3><b>Yleisi\u00e4 k\u00e4ytt\u00f6tarkoituksia ja vaikutuksia<\/b><\/h3>\n<p>Amnesia Hash -harrastajat k\u00e4ytt\u00e4v\u00e4t sit\u00e4 p\u00e4\u00e4asiassa:<\/p>\n<ul>\n<li style=\"font-weight: 400;\" aria-level=\"1\"><span style=\"font-weight: 400;\">Stimuloi luovuutta ja inspiraatiota<\/span>&nbsp;<\/li>\n<li style=\"font-weight: 400;\" aria-level=\"1\"><span style=\"font-weight: 400;\">Voimakkaan henkisen euforian tunne<\/span>&nbsp;<\/li>\n<li style=\"font-weight: 400;\" aria-level=\"1\"><span style=\"font-weight: 400;\">Torju stressi\u00e4 ja paranna mielialaa<\/span>&nbsp;<\/li>\n<li style=\"font-weight: 400;\" aria-level=\"1\"><span style=\"font-weight: 400;\">Lievitt\u00e4\u00e4 tiettyj\u00e4 fyysisi\u00e4 ep\u00e4mukavuuksia tai lievi\u00e4 j\u00e4nnityksi\u00e4<\/span>&nbsp;<\/li>\n<\/ul>\n<p><span style=\"font-weight: 400;\">Sativa-dominanttien vaikutustensa vuoksi t\u00e4t\u00e4 hasista k\u00e4ytet\u00e4\u00e4n yleisemmin p\u00e4iv\u00e4ll\u00e4 tai sosiaalisten aktiviteettien aikana.<\/span><\/p>\n<h3><b>Oikeudellinen asema (alueesta riippuen)<\/b><\/h3>\n<p>Amnesia Hashin oikeudellinen asema riippuu t\u00e4ysin paikallisesta kannabistuotteita koskevasta lains\u00e4\u00e4d\u00e4nn\u00f6st\u00e4. Joissakin Euroopan maissa tai esimerkiksi Kanadassa tiivisteet ovat sallittuja tietyin edellytyksin. Ennen kuin tilaat Amnesia Hashia verkosta, muista tarkistaa maasi tai alueesi lait.<\/p>\n<h3><b>Pourquoi acheter Amnesia Hash en ligne ?<\/b><\/h3>\n<h3><b>Esteett\u00f6myys<\/b><\/h3>\n<p>Fendi OG Hashin ostaminen verkosta tarjoaa helpon p\u00e4\u00e4syn korkealaatuisiin tuotteisiin, joita on usein vaikea l\u00f6yt\u00e4\u00e4 perinteisist\u00e4 kanavista.<\/p>\n<h3><b>Erilaisia myyji\u00e4<\/b><\/h3>\n<p>Monet erikoistuneet sivustot tarjoavat nyt Amnesia Hashia myyt\u00e4v\u00e4n\u00e4. Voit vertailla hintoja, ominaisuuksia ja valita parhaan vaihtoehdon tarpeidesi mukaan.<\/p>\n<h3><b>Huomaamaton toimitus<\/b><\/h3>\n<p>Luotettavat myyj\u00e4t takaavat huomaamattoman toimituksen huolellisella ja neutraalilla pakkauksella. Tilauksesi saapuvat luottamuksellisesti suoraan kotiisi.<\/p>\n<h3><b>Come scegliere un venditore affidabile?<\/b><\/h3>\n<p>Parhaan paikan l\u00f6yt\u00e4minen Amnesia Hashin ostamiseen verkossa vaatii hieman tutkimusta. T\u00e4ss\u00e4 on joitakin olennaisia kriteerej\u00e4:<\/p>\n<ul>\n<li style=\"font-weight: 400;\" aria-level=\"1\"><span style=\"font-weight: 400;\">Tarkat ja l\u00e4pin\u00e4kyv\u00e4t tuotekuvaukset<\/span>&nbsp;<\/li>\n<li style=\"font-weight: 400;\" aria-level=\"1\">Selke\u00e4 osoitus Amnesia Hashin hinnasta&nbsp;<\/li>\n<li style=\"font-weight: 400;\" aria-level=\"1\"><span style=\"font-weight: 400;\">Aitoja ja positiivisia asiakasarvosteluja<\/span>&nbsp;<\/li>\n<li style=\"font-weight: 400;\" aria-level=\"1\"><span style=\"font-weight: 400;\">Laboratorioanalyysitodistukset, jos saatavilla<\/span>&nbsp;<\/li>\n<li style=\"font-weight: 400;\" aria-level=\"1\"><span style=\"font-weight: 400;\">Reagoiva ja ammattitaitoinen asiakaspalvelu<\/span>&nbsp;<\/li>\n<li style=\"font-weight: 400;\" aria-level=\"1\"><span style=\"font-weight: 400;\">Selke\u00e4t toimitus- ja palautusk\u00e4yt\u00e4nn\u00f6t<\/span>&nbsp;<\/li>\n<\/ul>\n<h3><b>Toimitusk\u00e4yt\u00e4nn\u00f6t<\/b><\/h3>\n<p><span style=\"font-weight: 400;\">Varmista, ett\u00e4 sivusto tarjoaa:<\/span><\/p>\n<ul>\n<li style=\"font-weight: 400;\" aria-level=\"1\"><span style=\"font-weight: 400;\">Kohtuulliset toimitusajat<\/span>&nbsp;<\/li>\n<li style=\"font-weight: 400;\" aria-level=\"1\"><span style=\"font-weight: 400;\">Paketin seuranta saatavilla<\/span>&nbsp;<\/li>\n<li style=\"font-weight: 400;\" aria-level=\"1\"><span style=\"font-weight: 400;\">Hyvitys- tai palautusvaihtoehdot ongelmatilanteissa<\/span>&nbsp;<\/li>\n<\/ul>\n<h3><b>Riskit ja huomioon otettavat asiat<\/b><\/h3>\n<h3><b>Terveysriskit<\/b><\/h3>\n<p>Amnesia Hash on voimakas. Aloittelijoille on suositeltavaa aloittaa pienill\u00e4 m\u00e4\u00e4rill\u00e4. Liiallinen k\u00e4ytt\u00f6 voi aiheuttaa joillekin ihmisille h\u00e4mmennyst\u00e4 tai ahdistusta. On t\u00e4rke\u00e4\u00e4 ostaa tuotteita vain luotettavilta myyjilt\u00e4, jotta v\u00e4ltyt\u00e4\u00e4n v\u00e4\u00e4rennetyilt\u00e4 tuotteilta.<\/p>\n<h3><b>Johtop\u00e4\u00e4t\u00f6s<\/b><\/h3>\n<p>Amnesia Hash viettelee intensiivisill\u00e4 aromeillaan, voimakkailla vaikutuksillaan ja legendaarisella perinn\u00f6ll\u00e4\u00e4n. Parhaan kokemuksen saavuttamiseksi valitse aina hyv\u00e4maineisia myyji\u00e4 ostaessasi Amnesia Hashia verkossa.<\/p>","protected":false},"excerpt":{"rendered":"<p>Introduction \u00e0 l\u2019Amnesia Hash Si vous recherchez un hash puissant et riche en ar\u00f4mes, l\u2019Amnesia Hash est une r\u00e9f\u00e9rence incontournable. Issu de la c\u00e9l\u00e8bre vari\u00e9t\u00e9 Amnesia, ce concentr\u00e9 r\u00e9sineux offre une exp\u00e9rience intense aux amateurs de sensations fortes. Sa r\u00e9putation repose sur des effets c\u00e9r\u00e9braux marqu\u00e9s et un go\u00fbt citronn\u00e9 \u00e9pic\u00e9 reconnaissable entre mille. D\u00e9couvrez&#8230;<\/p>","protected":false},"featured_media":1467,"comment_status":"open","ping_status":"closed","template":"","meta":{"_kadence_starter_templates_imported_post":false,"_kad_post_transparent":"default","_kad_post_title":"","_kad_post_layout":"default","_kad_post_sidebar_id":"","_kad_post_content_style":"default","_kad_post_vertical_padding":"default","_kad_post_feature":"","_kad_post_feature_position":"","_kad_post_header":false,"_kad_post_footer":false,"_joinchat":[]},"product_brand":[],"product_cat":[31],"product_tag":[],"class_list":{"0":"post-1345","1":"product","2":"type-product","3":"status-publish","4":"has-post-thumbnail","6":"product_cat-haschisch","8":"first","9":"instock","10":"shipping-taxable","11":"purchasable","12":"product-type-variable","13":"entry","14":"content-bg","15":"loop-entry"},"yoast_head":"<!-- This site is optimized with the Yoast SEO plugin v23.5 - https:\/\/yoast.com\/wordpress\/plugins\/seo\/ -->\n<title>Acheter du haschisch Amnesia en ligne - Vente de haschisch Amnesia<\/title>\n<meta name=\"description\" content=\"Achetez Amnesia Hash \u00e0 des prix abordables dans notre boutique en ligne. Nous vous aiderons \u00e0 acheter Amnesia Hash en ligne. Acceptez votre commande et livrez-la chez vous bient\u00f4t !\" \/>\n<meta name=\"robots\" content=\"index, follow, max-snippet:-1, max-image-preview:large, max-video-preview:-1\" \/>\n<link rel=\"canonical\" href=\"https:\/\/herbelegale.com\/fi\/product\/amnesia-hash\/\" \/>\n<meta property=\"og:locale\" content=\"fi_FI\" \/>\n<meta property=\"og:type\" content=\"article\" \/>\n<meta property=\"og:title\" content=\"Acheter du haschisch Amnesia en ligne - Vente de haschisch Amnesia\" \/>\n<meta property=\"og:description\" content=\"Achetez Amnesia Hash \u00e0 des prix abordables dans notre boutique en ligne. Nous vous aiderons \u00e0 acheter Amnesia Hash en ligne. Acceptez votre commande et livrez-la chez vous bient\u00f4t !\" \/>\n<meta property=\"og:url\" content=\"https:\/\/herbelegale.com\/fi\/product\/amnesia-hash\/\" \/>\n<meta property=\"og:site_name\" content=\"Herbe L\u00e9gale\" \/>\n<meta property=\"article:modified_time\" content=\"2025-07-18T11:22:57+00:00\" \/>\n<meta property=\"og:image\" content=\"https:\/\/herbelegale.com\/wp-content\/uploads\/2023\/09\/AMNESIA-HASH-1.jpg\" \/>\n\t<meta property=\"og:image:width\" content=\"600\" \/>\n\t<meta property=\"og:image:height\" content=\"600\" \/>\n\t<meta property=\"og:image:type\" content=\"image\/jpeg\" \/>\n<meta name=\"twitter:card\" content=\"summary_large_image\" \/>\n<meta name=\"twitter:label1\" content=\"Arvioitu lukuaika\" \/>\n\t<meta name=\"twitter:data1\" content=\"3 minuuttia\" \/>\n<script type=\"application\/ld+json\" class=\"yoast-schema-graph\">{\"@context\":\"https:\/\/schema.org\",\"@graph\":[{\"@type\":\"WebPage\",\"@id\":\"https:\/\/herbelegale.com\/product\/amnesia-hash\/\",\"url\":\"https:\/\/herbelegale.com\/product\/amnesia-hash\/\",\"name\":\"Acheter du haschisch Amnesia en ligne - Vente de haschisch Amnesia\",\"isPartOf\":{\"@id\":\"https:\/\/herbelegale.com\/#website\"},\"primaryImageOfPage\":{\"@id\":\"https:\/\/herbelegale.com\/product\/amnesia-hash\/#primaryimage\"},\"image\":{\"@id\":\"https:\/\/herbelegale.com\/product\/amnesia-hash\/#primaryimage\"},\"thumbnailUrl\":\"https:\/\/herbelegale.com\/wp-content\/uploads\/2023\/09\/AMNESIA-HASH-1.jpg\",\"datePublished\":\"2023-09-30T10:17:48+00:00\",\"dateModified\":\"2025-07-18T11:22:57+00:00\",\"description\":\"Achetez Amnesia Hash \u00e0 des prix abordables dans notre boutique en ligne. Nous vous aiderons \u00e0 acheter Amnesia Hash en ligne. Acceptez votre commande et livrez-la chez vous bient\u00f4t !\",\"breadcrumb\":{\"@id\":\"https:\/\/herbelegale.com\/product\/amnesia-hash\/#breadcrumb\"},\"inLanguage\":\"fi\",\"potentialAction\":[{\"@type\":\"ReadAction\",\"target\":[\"https:\/\/herbelegale.com\/product\/amnesia-hash\/\"]}]},{\"@type\":\"ImageObject\",\"inLanguage\":\"fi\",\"@id\":\"https:\/\/herbelegale.com\/product\/amnesia-hash\/#primaryimage\",\"url\":\"https:\/\/herbelegale.com\/wp-content\/uploads\/2023\/09\/AMNESIA-HASH-1.jpg\",\"contentUrl\":\"https:\/\/herbelegale.com\/wp-content\/uploads\/2023\/09\/AMNESIA-HASH-1.jpg\",\"width\":600,\"height\":600,\"caption\":\"AMNESIA HASH\"},{\"@type\":\"BreadcrumbList\",\"@id\":\"https:\/\/herbelegale.com\/product\/amnesia-hash\/#breadcrumb\",\"itemListElement\":[{\"@type\":\"ListItem\",\"position\":1,\"name\":\"Home\",\"item\":\"https:\/\/herbelegale.com\/\"},{\"@type\":\"ListItem\",\"position\":2,\"name\":\"Boutique\",\"item\":\"https:\/\/herbelegale.com\/boutique\/\"},{\"@type\":\"ListItem\",\"position\":3,\"name\":\"Amnesia Hash\"}]},{\"@type\":\"WebSite\",\"@id\":\"https:\/\/herbelegale.com\/#website\",\"url\":\"https:\/\/herbelegale.com\/\",\"name\":\"Herbe L\u00e9gale\",\"description\":\"Acheter de l&#039;herbe en ligne\",\"publisher\":{\"@id\":\"https:\/\/herbelegale.com\/#organization\"},\"potentialAction\":[{\"@type\":\"SearchAction\",\"target\":{\"@type\":\"EntryPoint\",\"urlTemplate\":\"https:\/\/herbelegale.com\/?s={search_term_string}\"},\"query-input\":{\"@type\":\"PropertyValueSpecification\",\"valueRequired\":true,\"valueName\":\"search_term_string\"}}],\"inLanguage\":\"fi\"},{\"@type\":\"Organization\",\"@id\":\"https:\/\/herbelegale.com\/#organization\",\"name\":\"Herbe L\u00e9gale\",\"url\":\"https:\/\/herbelegale.com\/\",\"logo\":{\"@type\":\"ImageObject\",\"inLanguage\":\"fi\",\"@id\":\"https:\/\/herbelegale.com\/#\/schema\/logo\/image\/\",\"url\":\"https:\/\/herbelegale.com\/wp-content\/uploads\/2023\/10\/logo-1.png\",\"contentUrl\":\"https:\/\/herbelegale.com\/wp-content\/uploads\/2023\/10\/logo-1.png\",\"width\":400,\"height\":120,\"caption\":\"Herbe L\u00e9gale\"},\"image\":{\"@id\":\"https:\/\/herbelegale.com\/#\/schema\/logo\/image\/\"}}]}<\/script>\n<!-- \/ Yoast SEO plugin. -->","yoast_head_json":{"title":"Acheter du haschisch Amnesia en ligne - Vente de haschisch Amnesia","description":"Achetez Amnesia Hash \u00e0 des prix abordables dans notre boutique en ligne. Nous vous aiderons \u00e0 acheter Amnesia Hash en ligne. Acceptez votre commande et livrez-la chez vous bient\u00f4t !","robots":{"index":"index","follow":"follow","max-snippet":"max-snippet:-1","max-image-preview":"max-image-preview:large","max-video-preview":"max-video-preview:-1"},"canonical":"https:\/\/herbelegale.com\/fi\/product\/amnesia-hash\/","og_locale":"fi_FI","og_type":"article","og_title":"Acheter du haschisch Amnesia en ligne - Vente de haschisch Amnesia","og_description":"Achetez Amnesia Hash \u00e0 des prix abordables dans notre boutique en ligne. Nous vous aiderons \u00e0 acheter Amnesia Hash en ligne. Acceptez votre commande et livrez-la chez vous bient\u00f4t !","og_url":"https:\/\/herbelegale.com\/fi\/product\/amnesia-hash\/","og_site_name":"Herbe L\u00e9gale","article_modified_time":"2025-07-18T11:22:57+00:00","og_image":[{"width":600,"height":600,"url":"https:\/\/herbelegale.com\/wp-content\/uploads\/2023\/09\/AMNESIA-HASH-1.jpg","type":"image\/jpeg"}],"twitter_card":"summary_large_image","twitter_misc":{"Arvioitu lukuaika":"3 minuuttia"},"schema":{"@context":"https:\/\/schema.org","@graph":[{"@type":"WebPage","@id":"https:\/\/herbelegale.com\/product\/amnesia-hash\/","url":"https:\/\/herbelegale.com\/product\/amnesia-hash\/","name":"Acheter du haschisch Amnesia en ligne - Vente de haschisch Amnesia","isPartOf":{"@id":"https:\/\/herbelegale.com\/#website"},"primaryImageOfPage":{"@id":"https:\/\/herbelegale.com\/product\/amnesia-hash\/#primaryimage"},"image":{"@id":"https:\/\/herbelegale.com\/product\/amnesia-hash\/#primaryimage"},"thumbnailUrl":"https:\/\/herbelegale.com\/wp-content\/uploads\/2023\/09\/AMNESIA-HASH-1.jpg","datePublished":"2023-09-30T10:17:48+00:00","dateModified":"2025-07-18T11:22:57+00:00","description":"Achetez Amnesia Hash \u00e0 des prix abordables dans notre boutique en ligne. Nous vous aiderons \u00e0 acheter Amnesia Hash en ligne. Acceptez votre commande et livrez-la chez vous bient\u00f4t !","breadcrumb":{"@id":"https:\/\/herbelegale.com\/product\/amnesia-hash\/#breadcrumb"},"inLanguage":"fi","potentialAction":[{"@type":"ReadAction","target":["https:\/\/herbelegale.com\/product\/amnesia-hash\/"]}]},{"@type":"ImageObject","inLanguage":"fi","@id":"https:\/\/herbelegale.com\/product\/amnesia-hash\/#primaryimage","url":"https:\/\/herbelegale.com\/wp-content\/uploads\/2023\/09\/AMNESIA-HASH-1.jpg","contentUrl":"https:\/\/herbelegale.com\/wp-content\/uploads\/2023\/09\/AMNESIA-HASH-1.jpg","width":600,"height":600,"caption":"AMNESIA HASH"},{"@type":"BreadcrumbList","@id":"https:\/\/herbelegale.com\/product\/amnesia-hash\/#breadcrumb","itemListElement":[{"@type":"ListItem","position":1,"name":"Home","item":"https:\/\/herbelegale.com\/"},{"@type":"ListItem","position":2,"name":"Boutique","item":"https:\/\/herbelegale.com\/boutique\/"},{"@type":"ListItem","position":3,"name":"Amnesia Hash"}]},{"@type":"WebSite","@id":"https:\/\/herbelegale.com\/#website","url":"https:\/\/herbelegale.com\/","name":"Herbe L\u00e9gale","description":"Acheter de l&#039;herbe en ligne","publisher":{"@id":"https:\/\/herbelegale.com\/#organization"},"potentialAction":[{"@type":"SearchAction","target":{"@type":"EntryPoint","urlTemplate":"https:\/\/herbelegale.com\/?s={search_term_string}"},"query-input":{"@type":"PropertyValueSpecification","valueRequired":true,"valueName":"search_term_string"}}],"inLanguage":"fi"},{"@type":"Organization","@id":"https:\/\/herbelegale.com\/#organization","name":"Herbe L\u00e9gale","url":"https:\/\/herbelegale.com\/","logo":{"@type":"ImageObject","inLanguage":"fi","@id":"https:\/\/herbelegale.com\/#\/schema\/logo\/image\/","url":"https:\/\/herbelegale.com\/wp-content\/uploads\/2023\/10\/logo-1.png","contentUrl":"https:\/\/herbelegale.com\/wp-content\/uploads\/2023\/10\/logo-1.png","width":400,"height":120,"caption":"Herbe L\u00e9gale"},"image":{"@id":"https:\/\/herbelegale.com\/#\/schema\/logo\/image\/"}}]}},"_links":{"self":[{"href":"https:\/\/herbelegale.com\/fi\/wp-json\/wp\/v2\/product\/1345","targetHints":{"allow":["GET"]}}],"collection":[{"href":"https:\/\/herbelegale.com\/fi\/wp-json\/wp\/v2\/product"}],"about":[{"href":"https:\/\/herbelegale.com\/fi\/wp-json\/wp\/v2\/types\/product"}],"replies":[{"embeddable":true,"href":"https:\/\/herbelegale.com\/fi\/wp-json\/wp\/v2\/comments?post=1345"}],"wp:featuredmedia":[{"embeddable":true,"href":"https:\/\/herbelegale.com\/fi\/wp-json\/wp\/v2\/media\/1467"}],"wp:attachment":[{"href":"https:\/\/herbelegale.com\/fi\/wp-json\/wp\/v2\/media?parent=1345"}],"wp:term":[{"taxonomy":"product_brand","embeddable":true,"href":"https:\/\/herbelegale.com\/fi\/wp-json\/wp\/v2\/product_brand?post=1345"},{"taxonomy":"product_cat","embeddable":true,"href":"https:\/\/herbelegale.com\/fi\/wp-json\/wp\/v2\/product_cat?post=1345"},{"taxonomy":"product_tag","embeddable":true,"href":"https:\/\/herbelegale.com\/fi\/wp-json\/wp\/v2\/product_tag?post=1345"}],"curies":[{"name":"wp","href":"https:\/\/api.w.org\/{rel}","templated":true}]}}