{"id":1344,"date":"2023-09-30T10:15:01","date_gmt":"2023-09-30T10:15:01","guid":{"rendered":"https:\/\/nembutalhouse.com\/weed\/?post_type=product&#038;p=1344"},"modified":"2025-07-19T05:03:31","modified_gmt":"2025-07-19T05:03:31","slug":"fendi-og-hash","status":"publish","type":"product","link":"https:\/\/herbelegale.com\/fi\/product\/fendi-og-hash\/","title":{"rendered":"Fendi OG Hash"},"content":{"rendered":"<h2><b>Johdatus Fendi OG Hashiin<\/b><\/h2>\n<p>Le <a href=\"https:\/\/herbelegale.com\/fi\/product\/fendi-og-hash\/\">Fendi OG Hash<\/a> on ensiluokkainen kannabishartsi, jota halutaan syv\u00e4n maunsa, t\u00e4ytel\u00e4isen koostumuksensa ja voimakkaiden vaikutustensa vuoksi. T\u00e4m\u00e4 hienostunut tiiviste ilment\u00e4\u00e4 artesaanikannabiksen eleganssia yhdistettyn\u00e4 ikonisten OG-lajikkeiden voimaan. Se on ihanteellinen intensiivist\u00e4 kokemusta etsiville harrastajille, ja se viettelee tunnusomaisilla maanl\u00e4heisill\u00e4 ja mausteisilla aromeillaan.<\/p>\n<p>Nyky\u00e4\u00e4n verkkokaupan ansiosta on helpompaa kuin koskaan <a href=\"https:\/\/en.wikipedia.org\/wiki\/Fendi\">tilaa Fendi OG Hash netist\u00e4<\/a> ja nauti t\u00e4st\u00e4 ainutlaatuisesta kokemuksesta suoraan kotona.<\/p>\n<h3><b>Mik\u00e4 on Fendi OG Hash?<\/b><\/h3>\n<p>Huolellisesti valituista OG Kush -kannoista valmistettu Fendi OG Hash on hartsimainen tiiviste, joka on valmistettu aikaa kunnioitetuilla k\u00e4sity\u00f6menetelmill\u00e4, mik\u00e4 antaa sille muovautuvan rakenteen ja tummanruskean v\u00e4rin.<\/p>\n<p><span style=\"font-weight: 400;\">T\u00e4m\u00e4 on eritt\u00e4in korkealaatuinen hasis, joka on suunniteltu antamaan nopean ja voimakkaan vaikutuksen. Korkea THC-pitoisuus tekee siit\u00e4 tunnetun maan, mausteiden ja m\u00e4nnyn aromeista, joita korostaa hieman makeus uloshengityksess\u00e4.<\/span><\/p>\n<h3><b>Yleisi\u00e4 k\u00e4ytt\u00f6tarkoituksia ja vaikutuksia<\/b><\/h3>\n<p>Kokeneet kuluttajat arvostavat Fendi OG Hashia seuraavista syist\u00e4:<\/p>\n<ul>\n<li style=\"font-weight: 400;\" aria-level=\"1\"><span style=\"font-weight: 400;\">Voimakas rentouttava vaikutus kehoon ja mieleen<\/span>&nbsp;<\/li>\n<li style=\"font-weight: 400;\" aria-level=\"1\"><span style=\"font-weight: 400;\">Lempe\u00e4n ja kest\u00e4v\u00e4n euforian tunne<\/span>&nbsp;<\/li>\n<li style=\"font-weight: 400;\" aria-level=\"1\"><span style=\"font-weight: 400;\">Apua stressinhallintaan tai unih\u00e4iri\u00f6ihin<\/span>&nbsp;<\/li>\n<li style=\"font-weight: 400;\" aria-level=\"1\"><span style=\"font-weight: 400;\">Rikas ja moniulotteinen tuoksu, joka ilahduttaa vaativaakin makuaistia<\/span>&nbsp;<\/li>\n<\/ul>\n<p><span style=\"font-weight: 400;\">Se kulutetaan yleens\u00e4 polttamalla, sekoitettuna kukkiin tai k\u00e4ytettyn\u00e4 sopivissa h\u00f6yrystimiss\u00e4.<\/span><\/p>\n<h3><b>Oikeudellinen asema (alueesta riippuen)<\/b><\/h3>\n<p>Fendi OG Hashin laillinen asema vaihtelee maittain. Joillakin alueilla sen k\u00e4ytt\u00f6 on sallittua tietyin ehdoin, kun taas toisilla se on ehdottomasti kielletty. Ennen Fendi OG Hashin ostamista verkosta on t\u00e4rke\u00e4\u00e4 tarkistaa maasi m\u00e4\u00e4r\u00e4ykset.<\/p>\n<h3><b>Pourquoi acheter Fendi OG Hash en ligne ?<\/b><\/h3>\n<h3><b>Esteett\u00f6myys<\/b><\/h3>\n<p>Fendi OG Hashin ostaminen verkosta tarjoaa helpon p\u00e4\u00e4syn korkealaatuisiin tuotteisiin, joita on usein vaikea l\u00f6yt\u00e4\u00e4 perinteisist\u00e4 kanavista.<\/p>\n<h3><b>Erilaisia myyji\u00e4<\/b><\/h3>\n<p>Internetist\u00e4 l\u00f6yd\u00e4t laajan valikoiman Fendi OG Hashia myynniss\u00e4, eri alkuper\u00e4mailla, pitoisuuksilla ja hinnoilla, tyydytt\u00e4\u00e4ksesi kaikki kuluttajaprofiilit.<\/p>\n<h3><b>Huomaamaton toimitus<\/b><\/h3>\n<p>Parhaat erikoissivustot takaavat huomaamattoman ja turvallisen toimituksen, joten voit vastaanottaa tilauksesi t\u00e4ysin luottamuksellisesti.<\/p>\n<h3><b>Come scegliere un venditore affidabile?<\/b><\/h3>\n<p>L\u00f6yt\u00e4\u00e4ksesi parhaan paikan ostaa Amnesia Jelly Hashia verkossa, t\u00e4ss\u00e4 on muutamia t\u00e4rkeit\u00e4 vinkkej\u00e4:<\/p>\n<ul>\n<li style=\"font-weight: 400;\" aria-level=\"1\">Vertaa eri myyjien tarjoamia Fendi OG Hashin hintoja&nbsp;<\/li>\n<li style=\"font-weight: 400;\" aria-level=\"1\"><span style=\"font-weight: 400;\">Suosi sivustoja, joilla on vahvistettuja asiakasarvosteluja<\/span>&nbsp;<\/li>\n<li style=\"font-weight: 400;\" aria-level=\"1\"><span style=\"font-weight: 400;\">Tarkista analyysitodistukset, jotka takaavat laadun ja puhtauden<\/span>&nbsp;<\/li>\n<li style=\"font-weight: 400;\" aria-level=\"1\"><span style=\"font-weight: 400;\">Reagoiva ja ammattitaitoinen asiakaspalvelu<\/span>&nbsp;<\/li>\n<li style=\"font-weight: 400;\" aria-level=\"1\"><span style=\"font-weight: 400;\">Tutki toimitus- ja palautusehdot<\/span>&nbsp;<\/li>\n<\/ul>\n<h3><b>Toimitusk\u00e4yt\u00e4nn\u00f6t<\/b><\/h3>\n<p><span style=\"font-weight: 400;\">Luotettava sivusto tarjoaa:<\/span><\/p>\n<ul>\n<li style=\"font-weight: 400;\" aria-level=\"1\"><span style=\"font-weight: 400;\">Toimitusaikatauluja noudatettu<\/span>&nbsp;<\/li>\n<li style=\"font-weight: 400;\" aria-level=\"1\"><span style=\"font-weight: 400;\">Een duidelijk trackingsysteem voor uw bestelling<\/span>&nbsp;<\/li>\n<li style=\"font-weight: 400;\" aria-level=\"1\"><span style=\"font-weight: 400;\">Uma garantia ou reembolso em caso de problema<\/span>&nbsp;<\/li>\n<\/ul>\n<h3><b>Riskit ja huomioon otettavat asiat <\/b><b>Terveysriskit<\/b><\/h3>\n<p>Fendi OG Hash on tiivistetty tuote, jossa on korkea THC-pitoisuus. Aloittelijoille on suositeltavaa aloittaa pienill\u00e4 m\u00e4\u00e4rill\u00e4. Vastuullinen ostaminen tarkoittaa my\u00f6s luotettavien myyjien valitsemista, jotta varmistetaan puhdas tuote, joka on vapaa haitallisista lis\u00e4aineista.<\/p>\n<h3><b>Johtop\u00e4\u00e4t\u00f6s<\/b><\/h3>\n<p>Fendi OG Hash on huippulaatuinen tuote rikasten, voimakkaiden ja aitojen hartsien yst\u00e4ville. Erikoistuneiden alustojen ansiosta Fendi OG Hashin ostaminen verkosta luotettavilta myyjilt\u00e4 on nyt helpompaa ja turvallisempaa.<\/p>","protected":false},"excerpt":{"rendered":"<p>Introduction au Fendi OG Hash Le Fendi OG Hash est une r\u00e9sine de cannabis haut de gamme, recherch\u00e9e pour son go\u00fbt profond, sa texture riche et ses effets puissants. Ce concentr\u00e9 raffin\u00e9 incarne l\u2019\u00e9l\u00e9gance du haschich artisanal alli\u00e9e \u00e0 la puissance des vari\u00e9t\u00e9s OG embl\u00e9matiques. Id\u00e9al pour les amateurs \u00e0 la recherche d&rsquo;une exp\u00e9rience intense,&#8230;<\/p>","protected":false},"featured_media":1466,"comment_status":"open","ping_status":"closed","template":"","meta":{"_kadence_starter_templates_imported_post":false,"_kad_post_transparent":"default","_kad_post_title":"","_kad_post_layout":"default","_kad_post_sidebar_id":"","_kad_post_content_style":"default","_kad_post_vertical_padding":"default","_kad_post_feature":"","_kad_post_feature_position":"","_kad_post_header":false,"_kad_post_footer":false,"_joinchat":[]},"product_brand":[],"product_cat":[31],"product_tag":[],"class_list":{"0":"post-1344","1":"product","2":"type-product","3":"status-publish","4":"has-post-thumbnail","6":"product_cat-haschisch","8":"first","9":"instock","10":"shipping-taxable","11":"purchasable","12":"product-type-variable","13":"entry","14":"content-bg","15":"loop-entry"},"yoast_head":"<!-- This site is optimized with the Yoast SEO plugin v23.5 - https:\/\/yoast.com\/wordpress\/plugins\/seo\/ -->\n<title>Achetez Fendi OG Hash en ligne - Fendi OG Hash \u00e0 vendre<\/title>\n<meta name=\"description\" content=\"Vous pouvez acheter Fendi OG Hash en vente dans notre magasin herebelegale et le recevoir \u00e0 votre porte sans aucun probl\u00e8me. Nous vous aidons \u00e0 acheter Fendi OG Hash en ligne. Commandez maintenant !\" \/>\n<meta name=\"robots\" content=\"index, follow, max-snippet:-1, max-image-preview:large, max-video-preview:-1\" \/>\n<link rel=\"canonical\" href=\"https:\/\/herbelegale.com\/fi\/product\/fendi-og-hash\/\" \/>\n<meta property=\"og:locale\" content=\"fi_FI\" \/>\n<meta property=\"og:type\" content=\"article\" \/>\n<meta property=\"og:title\" content=\"Achetez Fendi OG Hash en ligne - Fendi OG Hash \u00e0 vendre\" \/>\n<meta property=\"og:description\" content=\"Vous pouvez acheter Fendi OG Hash en vente dans notre magasin herebelegale et le recevoir \u00e0 votre porte sans aucun probl\u00e8me. Nous vous aidons \u00e0 acheter Fendi OG Hash en ligne. Commandez maintenant !\" \/>\n<meta property=\"og:url\" content=\"https:\/\/herbelegale.com\/fi\/product\/fendi-og-hash\/\" \/>\n<meta property=\"og:site_name\" content=\"Herbe L\u00e9gale\" \/>\n<meta property=\"article:modified_time\" content=\"2025-07-19T05:03:31+00:00\" \/>\n<meta property=\"og:image\" content=\"https:\/\/herbelegale.com\/wp-content\/uploads\/2023\/09\/FENDI-OG-HASH-1.jpg\" \/>\n\t<meta property=\"og:image:width\" content=\"600\" \/>\n\t<meta property=\"og:image:height\" content=\"600\" \/>\n\t<meta property=\"og:image:type\" content=\"image\/jpeg\" \/>\n<meta name=\"twitter:card\" content=\"summary_large_image\" \/>\n<meta name=\"twitter:label1\" content=\"Arvioitu lukuaika\" \/>\n\t<meta name=\"twitter:data1\" content=\"3 minuuttia\" \/>\n<script type=\"application\/ld+json\" class=\"yoast-schema-graph\">{\"@context\":\"https:\/\/schema.org\",\"@graph\":[{\"@type\":\"WebPage\",\"@id\":\"https:\/\/herbelegale.com\/product\/fendi-og-hash\/\",\"url\":\"https:\/\/herbelegale.com\/product\/fendi-og-hash\/\",\"name\":\"Achetez Fendi OG Hash en ligne - Fendi OG Hash \u00e0 vendre\",\"isPartOf\":{\"@id\":\"https:\/\/herbelegale.com\/#website\"},\"primaryImageOfPage\":{\"@id\":\"https:\/\/herbelegale.com\/product\/fendi-og-hash\/#primaryimage\"},\"image\":{\"@id\":\"https:\/\/herbelegale.com\/product\/fendi-og-hash\/#primaryimage\"},\"thumbnailUrl\":\"https:\/\/herbelegale.com\/wp-content\/uploads\/2023\/09\/FENDI-OG-HASH-1.jpg\",\"datePublished\":\"2023-09-30T10:15:01+00:00\",\"dateModified\":\"2025-07-19T05:03:31+00:00\",\"description\":\"Vous pouvez acheter Fendi OG Hash en vente dans notre magasin herebelegale et le recevoir \u00e0 votre porte sans aucun probl\u00e8me. Nous vous aidons \u00e0 acheter Fendi OG Hash en ligne. Commandez maintenant !\",\"breadcrumb\":{\"@id\":\"https:\/\/herbelegale.com\/product\/fendi-og-hash\/#breadcrumb\"},\"inLanguage\":\"fi\",\"potentialAction\":[{\"@type\":\"ReadAction\",\"target\":[\"https:\/\/herbelegale.com\/product\/fendi-og-hash\/\"]}]},{\"@type\":\"ImageObject\",\"inLanguage\":\"fi\",\"@id\":\"https:\/\/herbelegale.com\/product\/fendi-og-hash\/#primaryimage\",\"url\":\"https:\/\/herbelegale.com\/wp-content\/uploads\/2023\/09\/FENDI-OG-HASH-1.jpg\",\"contentUrl\":\"https:\/\/herbelegale.com\/wp-content\/uploads\/2023\/09\/FENDI-OG-HASH-1.jpg\",\"width\":600,\"height\":600,\"caption\":\"FENDI-OG-HASH\"},{\"@type\":\"BreadcrumbList\",\"@id\":\"https:\/\/herbelegale.com\/product\/fendi-og-hash\/#breadcrumb\",\"itemListElement\":[{\"@type\":\"ListItem\",\"position\":1,\"name\":\"Home\",\"item\":\"https:\/\/herbelegale.com\/\"},{\"@type\":\"ListItem\",\"position\":2,\"name\":\"Boutique\",\"item\":\"https:\/\/herbelegale.com\/boutique\/\"},{\"@type\":\"ListItem\",\"position\":3,\"name\":\"Fendi OG Hash\"}]},{\"@type\":\"WebSite\",\"@id\":\"https:\/\/herbelegale.com\/#website\",\"url\":\"https:\/\/herbelegale.com\/\",\"name\":\"Herbe L\u00e9gale\",\"description\":\"Acheter de l&#039;herbe en ligne\",\"publisher\":{\"@id\":\"https:\/\/herbelegale.com\/#organization\"},\"potentialAction\":[{\"@type\":\"SearchAction\",\"target\":{\"@type\":\"EntryPoint\",\"urlTemplate\":\"https:\/\/herbelegale.com\/?s={search_term_string}\"},\"query-input\":{\"@type\":\"PropertyValueSpecification\",\"valueRequired\":true,\"valueName\":\"search_term_string\"}}],\"inLanguage\":\"fi\"},{\"@type\":\"Organization\",\"@id\":\"https:\/\/herbelegale.com\/#organization\",\"name\":\"Herbe L\u00e9gale\",\"url\":\"https:\/\/herbelegale.com\/\",\"logo\":{\"@type\":\"ImageObject\",\"inLanguage\":\"fi\",\"@id\":\"https:\/\/herbelegale.com\/#\/schema\/logo\/image\/\",\"url\":\"https:\/\/herbelegale.com\/wp-content\/uploads\/2023\/10\/logo-1.png\",\"contentUrl\":\"https:\/\/herbelegale.com\/wp-content\/uploads\/2023\/10\/logo-1.png\",\"width\":400,\"height\":120,\"caption\":\"Herbe L\u00e9gale\"},\"image\":{\"@id\":\"https:\/\/herbelegale.com\/#\/schema\/logo\/image\/\"}}]}<\/script>\n<!-- \/ Yoast SEO plugin. -->","yoast_head_json":{"title":"Achetez Fendi OG Hash en ligne - Fendi OG Hash \u00e0 vendre","description":"Vous pouvez acheter Fendi OG Hash en vente dans notre magasin herebelegale et le recevoir \u00e0 votre porte sans aucun probl\u00e8me. Nous vous aidons \u00e0 acheter Fendi OG Hash en ligne. Commandez maintenant !","robots":{"index":"index","follow":"follow","max-snippet":"max-snippet:-1","max-image-preview":"max-image-preview:large","max-video-preview":"max-video-preview:-1"},"canonical":"https:\/\/herbelegale.com\/fi\/product\/fendi-og-hash\/","og_locale":"fi_FI","og_type":"article","og_title":"Achetez Fendi OG Hash en ligne - Fendi OG Hash \u00e0 vendre","og_description":"Vous pouvez acheter Fendi OG Hash en vente dans notre magasin herebelegale et le recevoir \u00e0 votre porte sans aucun probl\u00e8me. Nous vous aidons \u00e0 acheter Fendi OG Hash en ligne. Commandez maintenant !","og_url":"https:\/\/herbelegale.com\/fi\/product\/fendi-og-hash\/","og_site_name":"Herbe L\u00e9gale","article_modified_time":"2025-07-19T05:03:31+00:00","og_image":[{"width":600,"height":600,"url":"https:\/\/herbelegale.com\/wp-content\/uploads\/2023\/09\/FENDI-OG-HASH-1.jpg","type":"image\/jpeg"}],"twitter_card":"summary_large_image","twitter_misc":{"Arvioitu lukuaika":"3 minuuttia"},"schema":{"@context":"https:\/\/schema.org","@graph":[{"@type":"WebPage","@id":"https:\/\/herbelegale.com\/product\/fendi-og-hash\/","url":"https:\/\/herbelegale.com\/product\/fendi-og-hash\/","name":"Achetez Fendi OG Hash en ligne - Fendi OG Hash \u00e0 vendre","isPartOf":{"@id":"https:\/\/herbelegale.com\/#website"},"primaryImageOfPage":{"@id":"https:\/\/herbelegale.com\/product\/fendi-og-hash\/#primaryimage"},"image":{"@id":"https:\/\/herbelegale.com\/product\/fendi-og-hash\/#primaryimage"},"thumbnailUrl":"https:\/\/herbelegale.com\/wp-content\/uploads\/2023\/09\/FENDI-OG-HASH-1.jpg","datePublished":"2023-09-30T10:15:01+00:00","dateModified":"2025-07-19T05:03:31+00:00","description":"Vous pouvez acheter Fendi OG Hash en vente dans notre magasin herebelegale et le recevoir \u00e0 votre porte sans aucun probl\u00e8me. Nous vous aidons \u00e0 acheter Fendi OG Hash en ligne. Commandez maintenant !","breadcrumb":{"@id":"https:\/\/herbelegale.com\/product\/fendi-og-hash\/#breadcrumb"},"inLanguage":"fi","potentialAction":[{"@type":"ReadAction","target":["https:\/\/herbelegale.com\/product\/fendi-og-hash\/"]}]},{"@type":"ImageObject","inLanguage":"fi","@id":"https:\/\/herbelegale.com\/product\/fendi-og-hash\/#primaryimage","url":"https:\/\/herbelegale.com\/wp-content\/uploads\/2023\/09\/FENDI-OG-HASH-1.jpg","contentUrl":"https:\/\/herbelegale.com\/wp-content\/uploads\/2023\/09\/FENDI-OG-HASH-1.jpg","width":600,"height":600,"caption":"FENDI-OG-HASH"},{"@type":"BreadcrumbList","@id":"https:\/\/herbelegale.com\/product\/fendi-og-hash\/#breadcrumb","itemListElement":[{"@type":"ListItem","position":1,"name":"Home","item":"https:\/\/herbelegale.com\/"},{"@type":"ListItem","position":2,"name":"Boutique","item":"https:\/\/herbelegale.com\/boutique\/"},{"@type":"ListItem","position":3,"name":"Fendi OG Hash"}]},{"@type":"WebSite","@id":"https:\/\/herbelegale.com\/#website","url":"https:\/\/herbelegale.com\/","name":"Herbe L\u00e9gale","description":"Acheter de l&#039;herbe en ligne","publisher":{"@id":"https:\/\/herbelegale.com\/#organization"},"potentialAction":[{"@type":"SearchAction","target":{"@type":"EntryPoint","urlTemplate":"https:\/\/herbelegale.com\/?s={search_term_string}"},"query-input":{"@type":"PropertyValueSpecification","valueRequired":true,"valueName":"search_term_string"}}],"inLanguage":"fi"},{"@type":"Organization","@id":"https:\/\/herbelegale.com\/#organization","name":"Herbe L\u00e9gale","url":"https:\/\/herbelegale.com\/","logo":{"@type":"ImageObject","inLanguage":"fi","@id":"https:\/\/herbelegale.com\/#\/schema\/logo\/image\/","url":"https:\/\/herbelegale.com\/wp-content\/uploads\/2023\/10\/logo-1.png","contentUrl":"https:\/\/herbelegale.com\/wp-content\/uploads\/2023\/10\/logo-1.png","width":400,"height":120,"caption":"Herbe L\u00e9gale"},"image":{"@id":"https:\/\/herbelegale.com\/#\/schema\/logo\/image\/"}}]}},"_links":{"self":[{"href":"https:\/\/herbelegale.com\/fi\/wp-json\/wp\/v2\/product\/1344","targetHints":{"allow":["GET"]}}],"collection":[{"href":"https:\/\/herbelegale.com\/fi\/wp-json\/wp\/v2\/product"}],"about":[{"href":"https:\/\/herbelegale.com\/fi\/wp-json\/wp\/v2\/types\/product"}],"replies":[{"embeddable":true,"href":"https:\/\/herbelegale.com\/fi\/wp-json\/wp\/v2\/comments?post=1344"}],"wp:featuredmedia":[{"embeddable":true,"href":"https:\/\/herbelegale.com\/fi\/wp-json\/wp\/v2\/media\/1466"}],"wp:attachment":[{"href":"https:\/\/herbelegale.com\/fi\/wp-json\/wp\/v2\/media?parent=1344"}],"wp:term":[{"taxonomy":"product_brand","embeddable":true,"href":"https:\/\/herbelegale.com\/fi\/wp-json\/wp\/v2\/product_brand?post=1344"},{"taxonomy":"product_cat","embeddable":true,"href":"https:\/\/herbelegale.com\/fi\/wp-json\/wp\/v2\/product_cat?post=1344"},{"taxonomy":"product_tag","embeddable":true,"href":"https:\/\/herbelegale.com\/fi\/wp-json\/wp\/v2\/product_tag?post=1344"}],"curies":[{"name":"wp","href":"https:\/\/api.w.org\/{rel}","templated":true}]}}