{"id":114,"date":"2023-09-22T11:06:43","date_gmt":"2023-09-22T11:06:43","guid":{"rendered":"https:\/\/nembutalhouse.com\/weed\/?post_type=product&#038;p=114"},"modified":"2025-06-14T11:27:08","modified_gmt":"2025-06-14T11:27:08","slug":"jet-fuel","status":"publish","type":"product","link":"https:\/\/herbelegale.com\/fi\/product\/jet-fuel\/","title":{"rendered":"Lentopetroli"},"content":{"rendered":"<h2><b>Osta lentopolttoainetta netist\u00e4: Nopea piristysruiske ja taattu mielen selkeys<\/b><\/h2>\n<p><span style=\"font-weight: 400;\"><a href=\"https:\/\/herbelegale.com\/fi\/product\/jet-fuel\/\">Jet Fuel,<\/a> Tunnetaan my\u00f6s nimell\u00e4 G6, ja se on tehokas kannabislajike, joka on johdettu Aspen OG:n ja High Country Dieselin risteytyksest\u00e4. Intensiivisen diesel-arominsa ja euforisten vaikutustensa ansiosta arvostettu lajike sopii t\u00e4ydellisesti sativan yst\u00e4ville. Nyky\u00e4\u00e4n digitaalisten apteekkien suosion kasvaessa, <\/span><b>osta lentopolttoainetta netist\u00e4<\/b><span style=\"font-weight: 400;\"> devient un choix de plus en plus courant pour les consommateurs recherchant la qualit\u00e9, la commodit\u00e9 et la discr\u00e9tion.<\/span><\/p>\n<h3><b>Kannabiksen verkkotoimitusten nousu: maanviljelij\u00f6iden torilta kotiovelle<\/b><\/h3>\n<p><span style=\"font-weight: 400;\">Kannabiksen asteittaisen laillistamisen my\u00f6t\u00e4 monissa maissa kotiinkuljetusvaihtoehdot ovat moninkertaistuneet. Nyt voit <\/span><a href=\"https:\/\/en.wikipedia.org\/wiki\/Jet_fuel\"><b>tilaa lentopolttoainetta verkossa<\/b><\/a><span style=\"font-weight: 400;\"> ja saat tuotteen kotiisi ilman matkustamista.<\/span><\/p>\n<p><b>Miksi se on trendik\u00e4s:<\/b><\/p>\n<ul>\n<li style=\"font-weight: 400;\" aria-level=\"1\"><span style=\"font-weight: 400;\">P\u00e4\u00e4sy tarjouksiin osoitteesta <\/span><b>Jet Fuel \u00e0 vendre<\/b><span style=\"font-weight: 400;\"> dans diff\u00e9rentes r\u00e9gions<\/span><span style=\"font-weight: 400;\">\n<p><\/span><\/li>\n<li style=\"font-weight: 400;\" aria-level=\"1\"><span style=\"font-weight: 400;\">Mahdollisuus vertailla <\/span><b>prix Jet Fuel pas chers<\/b><b>\n<p><\/b><\/li>\n<li style=\"font-weight: 400;\" aria-level=\"1\"><span style=\"font-weight: 400;\">Enemm\u00e4n valinnanvaraa kuin fyysisiss\u00e4 myym\u00e4l\u00f6iss\u00e4<\/span><span style=\"font-weight: 400;\">\n<p><\/span><\/li>\n<li style=\"font-weight: 400;\" aria-level=\"1\"><span style=\"font-weight: 400;\">Huomaamaton, nopea ja turvallinen toimitus<\/span><span style=\"font-weight: 400;\">\n<p><\/span><\/li>\n<\/ul>\n<h3><b>Mik\u00e4 tekee hyv\u00e4\u00e4 lentopolttoainetta?<\/b><\/h3>\n<p><span style=\"font-weight: 400;\">Jet Fuel on haluttu tuote ainutlaatuisen terpeeniprofiilinsa ja energisten vaikutustensa vuoksi. Laadukkaan kukan tunnistamiseksi ota huomioon:<\/span><\/p>\n<ul>\n<li style=\"font-weight: 400;\" aria-level=\"1\"><b>Ulkon\u00e4k\u00f6<\/b><span style=\"font-weight: 400;\"> Tihe\u00e4t, hartsimaiset p\u00e4\u00e4t, joissa tummanoranssit emit<\/span><span style=\"font-weight: 400;\">\n<p><\/span><\/li>\n<li style=\"font-weight: 400;\" aria-level=\"1\"><b>Aromi<\/b><span style=\"font-weight: 400;\"> Voimakas polttoaineen\/dieselin tuoksu, jossa on vivahteita m\u00e4nnyst\u00e4 ja sitruksesta<\/span><span style=\"font-weight: 400;\">\n<p><\/span><\/li>\n<li style=\"font-weight: 400;\" aria-level=\"1\"><b>Vaikutukset<\/b><span style=\"font-weight: 400;\"> Henkinen euforia, selkeys, luova energia<\/span><span style=\"font-weight: 400;\">\n<p><\/span><\/li>\n<li style=\"font-weight: 400;\" aria-level=\"1\"><b>Qualit\u00e9 de culture<\/b><span style=\"font-weight: 400;\"> Valitse sis\u00e4ll\u00e4 kasvatettuja kukkia, joissa ei ole torjunta-aineita<\/span><span style=\"font-weight: 400;\">\n<p><\/span><\/li>\n<li style=\"font-weight: 400;\" aria-level=\"1\"><b>Profil terp\u00e9nique<\/b><span style=\"font-weight: 400;\"> Runsaasti myrseeni\u00e4, limoneenia ja karyofylleeni\u00e4<\/span><span style=\"font-weight: 400;\">\n<p><\/span><\/li>\n<\/ul>\n<h3><b>K\u00e4sity\u00f6n\u00e4 tehty kukka vs. teollinen tuotanto<\/b><\/h3>\n<p><b>K\u00e4sity\u00f6l\u00e4inen:<\/b><b><br \/>\n<\/b><span style=\"font-weight: 400;\"> \u2705 Terp\u00e8nes mieux pr\u00e9serv\u00e9s<\/span><span style=\"font-weight: 400;\"><br \/>\n<\/span><span style=\"font-weight: 400;\"> \u2705 Saveurs plus riches<\/span><span style=\"font-weight: 400;\"><br \/>\n<\/span><span style=\"font-weight: 400;\"> \u2705 Exp\u00e9rience plus personnalis\u00e9e<\/span><\/p>\n<p><b>Teollisuus:<\/b><b><br \/>\n<\/b><span style=\"font-weight: 400;\"> \u274c Risque de s\u00e9chage excessif<\/span><span style=\"font-weight: 400;\"><br \/>\n<\/span><span style=\"font-weight: 400;\"> \u274c Perte d\u2019ar\u00f4mes lors de l\u2019entreposage<\/span><\/p>\n<h3><b>Top 5 bedste steder at k\u00f8be jetbr\u00e6ndstof online (med fordele og ulemper)<\/b><\/h3>\n<ol>\n<li style=\"font-weight: 400;\" aria-level=\"1\"><b>Leafly (Ranska ja muu maailma)<\/b><b><br \/>\n<\/b><span style=\"font-weight: 400;\"> \u2705 Informations v\u00e9rifi\u00e9es, tests de laboratoire<\/span><span style=\"font-weight: 400;\"><br \/>\n<\/span><span style=\"font-weight: 400;\"> \u274c Achat direct pas toujours disponible<\/span><span style=\"font-weight: 400;\"><\/p>\n<p><\/span><\/li>\n<li style=\"font-weight: 400;\" aria-level=\"1\"><b>Verkkoj\u00e4lleenmyyj\u00e4t (Ranska, Belgia, Kanada)<\/b><b><br \/>\n<\/b><span style=\"font-weight: 400;\"> \u2705 Produits labellis\u00e9s, promotions fr\u00e9quentes<\/span><span style=\"font-weight: 400;\"><br \/>\n<\/span><span style=\"font-weight: 400;\"> \u274c Documents d\u2019\u00e2ge ou justificatifs parfois n\u00e9cessaires<\/span><span style=\"font-weight: 400;\"><\/p>\n<p><\/span><\/li>\n<li style=\"font-weight: 400;\" aria-level=\"1\"><b>K\u00e4sity\u00f6l\u00e4istuottajien sivustot<\/b><b><br \/>\n<\/b><span style=\"font-weight: 400;\"> \u2705 Cannabis de qualit\u00e9 sup\u00e9rieure, frais<\/span><span style=\"font-weight: 400;\"><br \/>\n<\/span><span style=\"font-weight: 400;\"> \u274c Quantit\u00e9s limit\u00e9es, plus chers<\/span><span style=\"font-weight: 400;\"><\/p>\n<p><\/span><\/li>\n<li style=\"font-weight: 400;\" aria-level=\"1\"><b>Erikoistuneet kuukausilaatikot (rikkaruoholaatikko)<\/b><b><br \/>\n<\/b><span style=\"font-weight: 400;\"> \u2705 Surprise et d\u00e9couverte<\/span><span style=\"font-weight: 400;\"><br \/>\n<\/span><span style=\"font-weight: 400;\"> \u274c Jet Fuel non garanti \u00e0 chaque livraison<\/span><span style=\"font-weight: 400;\"><\/p>\n<p><\/span><\/li>\n<li style=\"font-weight: 400;\" aria-level=\"1\"><b>Rynki specjalistyczne (platformy Canna lub CBD)<\/b><b><br \/>\n<\/b><span style=\"font-weight: 400;\"> \u2705 Navigation facile, large gamme<\/span><span style=\"font-weight: 400;\"><br \/>\n<\/span><span style=\"font-weight: 400;\"> \u274c D\u00e9lais de livraison variables<\/span><span style=\"font-weight: 400;\"><\/p>\n<p><\/span><\/li>\n<\/ol>\n<h3><b>Mit\u00e4 tarkistaa ennen tilaamista<\/b><\/h3>\n<ul>\n<li style=\"font-weight: 400;\" aria-level=\"1\"><b>Toimitusehdot<\/b><span style=\"font-weight: 400;\"> : Discr\u00e9tion et emballage herm\u00e9tique<\/span><span style=\"font-weight: 400;\">\n<p><\/span><\/li>\n<li style=\"font-weight: 400;\" aria-level=\"1\"><b>Tuoreustakuu<\/b><span style=\"font-weight: 400;\"> : Date de r\u00e9colte ou d\u2019emballage visible<\/span><span style=\"font-weight: 400;\">\n<p><\/span><\/li>\n<li style=\"font-weight: 400;\" aria-level=\"1\"><b>Politique de retour\/remboursement<\/b><b>\n<p><\/b><\/li>\n<li style=\"font-weight: 400;\" aria-level=\"1\"><b>Ainesosien l\u00e4pin\u00e4kyvyys<\/b><span style=\"font-weight: 400;\"> : R\u00e9sultats d\u2019analyses en laboratoire<\/span><span style=\"font-weight: 400;\">\n<p><\/span><\/li>\n<li style=\"font-weight: 400;\" aria-level=\"1\"><b>(4 asiakasarvostelua)<\/b><span style=\"font-weight: 400;\"> : T\u00e9moignages v\u00e9rifi\u00e9s pour \u00e9valuer la qualit\u00e9<\/span><span style=\"font-weight: 400;\">\n<p><\/span><\/li>\n<\/ul>\n<h3><b>Kuinka s\u00e4ilytt\u00e4\u00e4 ja k\u00e4ytt\u00e4\u00e4 lentopolttoainetta<\/b><\/h3>\n<ul>\n<li style=\"font-weight: 400;\" aria-level=\"1\"><b>Suojelu<\/b><span style=\"font-weight: 400;\"> S\u00e4ilyt\u00e4 valolta ja kosteudelta suojattuna ilmatiiviiss\u00e4 lasipurkissa<\/span><span style=\"font-weight: 400;\">\n<p><\/span><\/li>\n<li style=\"font-weight: 400;\" aria-level=\"1\"><b>Utilisation<\/b><span style=\"font-weight: 400;\"> Ruiskutusta suositellaan aromien s\u00e4ilytt\u00e4miseksi<\/span><span style=\"font-weight: 400;\">\n<p><\/span><\/li>\n<li style=\"font-weight: 400;\" aria-level=\"1\"><b>Moments id\u00e9aux<\/b><span style=\"font-weight: 400;\"> Luova aamu, urheiluhetki tai tuottava p\u00e4iv\u00e4<\/span><span style=\"font-weight: 400;\">\n<p><\/span><\/li>\n<\/ul>\n<h3><b>Yhteenveto: Tankkaa Jet Fuelilla nousematta sohvaltasi<\/b><\/h3>\n<p><span style=\"font-weight: 400;\">Jet Fuel on pakollinen sativa-lajike niille, jotka etsiv\u00e4t <\/span><b>henkinen piristysruiske, keskittymiskyky ja pysyv\u00e4 vaikutus<\/b><span style=\"font-weight: 400;\">Monien digitaalisten apteekkien ansiosta on nyt helppoa ja turvallista<\/span><b>osta lentopolttoainetta netist\u00e4<\/b><span style=\"font-weight: 400;\">, nauttien parhaista hinnoista ja luotettavasta toimituksesta.<\/span><\/p>","protected":false},"excerpt":{"rendered":"<p>Acheter Jet Fuel en ligne : Une mont\u00e9e rapide et une clart\u00e9 mentale garantie Jet Fuel, aussi connu sous le nom de G6, est une vari\u00e9t\u00e9 de cannabis puissante issue d\u2019un croisement entre Aspen OG et High Country Diesel. Appr\u00e9ci\u00e9e pour son ar\u00f4me intense de diesel et ses effets euphorisants, cette souche est parfaite pour&#8230;<\/p>","protected":false},"featured_media":115,"comment_status":"open","ping_status":"closed","template":"","meta":{"_kadence_starter_templates_imported_post":false,"_kad_post_transparent":"default","_kad_post_title":"","_kad_post_layout":"default","_kad_post_sidebar_id":"","_kad_post_content_style":"default","_kad_post_vertical_padding":"default","_kad_post_feature":"","_kad_post_feature_position":"","_kad_post_header":false,"_kad_post_footer":false,"_joinchat":[]},"product_brand":[],"product_cat":[17],"product_tag":[],"class_list":{"0":"post-114","1":"product","2":"type-product","3":"status-publish","4":"has-post-thumbnail","6":"product_cat-canabis-en-ligne","8":"first","9":"instock","10":"shipping-taxable","11":"purchasable","12":"product-type-variable","13":"entry","14":"content-bg","15":"loop-entry"},"yoast_head":"<!-- This site is optimized with the Yoast SEO plugin v23.5 - https:\/\/yoast.com\/wordpress\/plugins\/seo\/ -->\n<title>Acheter du carburant pour avions en ligne \u2013 Vente de carburant pour avions<\/title>\n<meta name=\"description\" content=\"Si vous souhaitez acheter du carburant pour avions en ligne, notre magasin herebelagle peut vous aider. Nous avons du carburant pour avions en vente aux meilleurs prix ici. Passez votre commande maintenant !\" \/>\n<meta name=\"robots\" content=\"index, follow, max-snippet:-1, max-image-preview:large, max-video-preview:-1\" \/>\n<link rel=\"canonical\" href=\"https:\/\/herbelegale.com\/fi\/product\/jet-fuel\/\" \/>\n<meta property=\"og:locale\" content=\"fi_FI\" \/>\n<meta property=\"og:type\" content=\"article\" \/>\n<meta property=\"og:title\" content=\"Acheter du carburant pour avions en ligne \u2013 Vente de carburant pour avions\" \/>\n<meta property=\"og:description\" content=\"Si vous souhaitez acheter du carburant pour avions en ligne, notre magasin herebelagle peut vous aider. Nous avons du carburant pour avions en vente aux meilleurs prix ici. Passez votre commande maintenant !\" \/>\n<meta property=\"og:url\" content=\"https:\/\/herbelegale.com\/fi\/product\/jet-fuel\/\" \/>\n<meta property=\"og:site_name\" content=\"Herbe L\u00e9gale\" \/>\n<meta property=\"article:modified_time\" content=\"2025-06-14T11:27:08+00:00\" \/>\n<meta property=\"og:image\" content=\"https:\/\/herbelegale.com\/wp-content\/uploads\/2023\/09\/Jet-Fuel.jpg\" \/>\n\t<meta property=\"og:image:width\" content=\"960\" \/>\n\t<meta property=\"og:image:height\" content=\"1280\" \/>\n\t<meta property=\"og:image:type\" content=\"image\/jpeg\" \/>\n<meta name=\"twitter:card\" content=\"summary_large_image\" \/>\n<meta name=\"twitter:label1\" content=\"Arvioitu lukuaika\" \/>\n\t<meta name=\"twitter:data1\" content=\"3 minuuttia\" \/>\n<script type=\"application\/ld+json\" class=\"yoast-schema-graph\">{\"@context\":\"https:\/\/schema.org\",\"@graph\":[{\"@type\":\"WebPage\",\"@id\":\"https:\/\/herbelegale.com\/product\/jet-fuel\/\",\"url\":\"https:\/\/herbelegale.com\/product\/jet-fuel\/\",\"name\":\"Acheter du carburant pour avions en ligne \u2013 Vente de carburant pour avions\",\"isPartOf\":{\"@id\":\"https:\/\/herbelegale.com\/#website\"},\"primaryImageOfPage\":{\"@id\":\"https:\/\/herbelegale.com\/product\/jet-fuel\/#primaryimage\"},\"image\":{\"@id\":\"https:\/\/herbelegale.com\/product\/jet-fuel\/#primaryimage\"},\"thumbnailUrl\":\"https:\/\/herbelegale.com\/wp-content\/uploads\/2023\/09\/Jet-Fuel.jpg\",\"datePublished\":\"2023-09-22T11:06:43+00:00\",\"dateModified\":\"2025-06-14T11:27:08+00:00\",\"description\":\"Si vous souhaitez acheter du carburant pour avions en ligne, notre magasin herebelagle peut vous aider. Nous avons du carburant pour avions en vente aux meilleurs prix ici. Passez votre commande maintenant !\",\"breadcrumb\":{\"@id\":\"https:\/\/herbelegale.com\/product\/jet-fuel\/#breadcrumb\"},\"inLanguage\":\"fi\",\"potentialAction\":[{\"@type\":\"ReadAction\",\"target\":[\"https:\/\/herbelegale.com\/product\/jet-fuel\/\"]}]},{\"@type\":\"ImageObject\",\"inLanguage\":\"fi\",\"@id\":\"https:\/\/herbelegale.com\/product\/jet-fuel\/#primaryimage\",\"url\":\"https:\/\/herbelegale.com\/wp-content\/uploads\/2023\/09\/Jet-Fuel.jpg\",\"contentUrl\":\"https:\/\/herbelegale.com\/wp-content\/uploads\/2023\/09\/Jet-Fuel.jpg\",\"width\":960,\"height\":1280,\"caption\":\"Jet Fuel\"},{\"@type\":\"BreadcrumbList\",\"@id\":\"https:\/\/herbelegale.com\/product\/jet-fuel\/#breadcrumb\",\"itemListElement\":[{\"@type\":\"ListItem\",\"position\":1,\"name\":\"Home\",\"item\":\"https:\/\/herbelegale.com\/\"},{\"@type\":\"ListItem\",\"position\":2,\"name\":\"Boutique\",\"item\":\"https:\/\/herbelegale.com\/boutique\/\"},{\"@type\":\"ListItem\",\"position\":3,\"name\":\"Jet Fuel\"}]},{\"@type\":\"WebSite\",\"@id\":\"https:\/\/herbelegale.com\/#website\",\"url\":\"https:\/\/herbelegale.com\/\",\"name\":\"Herbe L\u00e9gale\",\"description\":\"Acheter de l&#039;herbe en ligne\",\"publisher\":{\"@id\":\"https:\/\/herbelegale.com\/#organization\"},\"potentialAction\":[{\"@type\":\"SearchAction\",\"target\":{\"@type\":\"EntryPoint\",\"urlTemplate\":\"https:\/\/herbelegale.com\/?s={search_term_string}\"},\"query-input\":{\"@type\":\"PropertyValueSpecification\",\"valueRequired\":true,\"valueName\":\"search_term_string\"}}],\"inLanguage\":\"fi\"},{\"@type\":\"Organization\",\"@id\":\"https:\/\/herbelegale.com\/#organization\",\"name\":\"Herbe L\u00e9gale\",\"url\":\"https:\/\/herbelegale.com\/\",\"logo\":{\"@type\":\"ImageObject\",\"inLanguage\":\"fi\",\"@id\":\"https:\/\/herbelegale.com\/#\/schema\/logo\/image\/\",\"url\":\"https:\/\/herbelegale.com\/wp-content\/uploads\/2023\/10\/logo-1.png\",\"contentUrl\":\"https:\/\/herbelegale.com\/wp-content\/uploads\/2023\/10\/logo-1.png\",\"width\":400,\"height\":120,\"caption\":\"Herbe L\u00e9gale\"},\"image\":{\"@id\":\"https:\/\/herbelegale.com\/#\/schema\/logo\/image\/\"}}]}<\/script>\n<!-- \/ Yoast SEO plugin. -->","yoast_head_json":{"title":"Acheter du carburant pour avions en ligne \u2013 Vente de carburant pour avions","description":"Si vous souhaitez acheter du carburant pour avions en ligne, notre magasin herebelagle peut vous aider. Nous avons du carburant pour avions en vente aux meilleurs prix ici. Passez votre commande maintenant !","robots":{"index":"index","follow":"follow","max-snippet":"max-snippet:-1","max-image-preview":"max-image-preview:large","max-video-preview":"max-video-preview:-1"},"canonical":"https:\/\/herbelegale.com\/fi\/product\/jet-fuel\/","og_locale":"fi_FI","og_type":"article","og_title":"Acheter du carburant pour avions en ligne \u2013 Vente de carburant pour avions","og_description":"Si vous souhaitez acheter du carburant pour avions en ligne, notre magasin herebelagle peut vous aider. Nous avons du carburant pour avions en vente aux meilleurs prix ici. Passez votre commande maintenant !","og_url":"https:\/\/herbelegale.com\/fi\/product\/jet-fuel\/","og_site_name":"Herbe L\u00e9gale","article_modified_time":"2025-06-14T11:27:08+00:00","og_image":[{"width":960,"height":1280,"url":"https:\/\/herbelegale.com\/wp-content\/uploads\/2023\/09\/Jet-Fuel.jpg","type":"image\/jpeg"}],"twitter_card":"summary_large_image","twitter_misc":{"Arvioitu lukuaika":"3 minuuttia"},"schema":{"@context":"https:\/\/schema.org","@graph":[{"@type":"WebPage","@id":"https:\/\/herbelegale.com\/product\/jet-fuel\/","url":"https:\/\/herbelegale.com\/product\/jet-fuel\/","name":"Acheter du carburant pour avions en ligne \u2013 Vente de carburant pour avions","isPartOf":{"@id":"https:\/\/herbelegale.com\/#website"},"primaryImageOfPage":{"@id":"https:\/\/herbelegale.com\/product\/jet-fuel\/#primaryimage"},"image":{"@id":"https:\/\/herbelegale.com\/product\/jet-fuel\/#primaryimage"},"thumbnailUrl":"https:\/\/herbelegale.com\/wp-content\/uploads\/2023\/09\/Jet-Fuel.jpg","datePublished":"2023-09-22T11:06:43+00:00","dateModified":"2025-06-14T11:27:08+00:00","description":"Si vous souhaitez acheter du carburant pour avions en ligne, notre magasin herebelagle peut vous aider. Nous avons du carburant pour avions en vente aux meilleurs prix ici. Passez votre commande maintenant !","breadcrumb":{"@id":"https:\/\/herbelegale.com\/product\/jet-fuel\/#breadcrumb"},"inLanguage":"fi","potentialAction":[{"@type":"ReadAction","target":["https:\/\/herbelegale.com\/product\/jet-fuel\/"]}]},{"@type":"ImageObject","inLanguage":"fi","@id":"https:\/\/herbelegale.com\/product\/jet-fuel\/#primaryimage","url":"https:\/\/herbelegale.com\/wp-content\/uploads\/2023\/09\/Jet-Fuel.jpg","contentUrl":"https:\/\/herbelegale.com\/wp-content\/uploads\/2023\/09\/Jet-Fuel.jpg","width":960,"height":1280,"caption":"Jet Fuel"},{"@type":"BreadcrumbList","@id":"https:\/\/herbelegale.com\/product\/jet-fuel\/#breadcrumb","itemListElement":[{"@type":"ListItem","position":1,"name":"Home","item":"https:\/\/herbelegale.com\/"},{"@type":"ListItem","position":2,"name":"Boutique","item":"https:\/\/herbelegale.com\/boutique\/"},{"@type":"ListItem","position":3,"name":"Jet Fuel"}]},{"@type":"WebSite","@id":"https:\/\/herbelegale.com\/#website","url":"https:\/\/herbelegale.com\/","name":"Herbe L\u00e9gale","description":"Acheter de l&#039;herbe en ligne","publisher":{"@id":"https:\/\/herbelegale.com\/#organization"},"potentialAction":[{"@type":"SearchAction","target":{"@type":"EntryPoint","urlTemplate":"https:\/\/herbelegale.com\/?s={search_term_string}"},"query-input":{"@type":"PropertyValueSpecification","valueRequired":true,"valueName":"search_term_string"}}],"inLanguage":"fi"},{"@type":"Organization","@id":"https:\/\/herbelegale.com\/#organization","name":"Herbe L\u00e9gale","url":"https:\/\/herbelegale.com\/","logo":{"@type":"ImageObject","inLanguage":"fi","@id":"https:\/\/herbelegale.com\/#\/schema\/logo\/image\/","url":"https:\/\/herbelegale.com\/wp-content\/uploads\/2023\/10\/logo-1.png","contentUrl":"https:\/\/herbelegale.com\/wp-content\/uploads\/2023\/10\/logo-1.png","width":400,"height":120,"caption":"Herbe L\u00e9gale"},"image":{"@id":"https:\/\/herbelegale.com\/#\/schema\/logo\/image\/"}}]}},"_links":{"self":[{"href":"https:\/\/herbelegale.com\/fi\/wp-json\/wp\/v2\/product\/114","targetHints":{"allow":["GET"]}}],"collection":[{"href":"https:\/\/herbelegale.com\/fi\/wp-json\/wp\/v2\/product"}],"about":[{"href":"https:\/\/herbelegale.com\/fi\/wp-json\/wp\/v2\/types\/product"}],"replies":[{"embeddable":true,"href":"https:\/\/herbelegale.com\/fi\/wp-json\/wp\/v2\/comments?post=114"}],"wp:featuredmedia":[{"embeddable":true,"href":"https:\/\/herbelegale.com\/fi\/wp-json\/wp\/v2\/media\/115"}],"wp:attachment":[{"href":"https:\/\/herbelegale.com\/fi\/wp-json\/wp\/v2\/media?parent=114"}],"wp:term":[{"taxonomy":"product_brand","embeddable":true,"href":"https:\/\/herbelegale.com\/fi\/wp-json\/wp\/v2\/product_brand?post=114"},{"taxonomy":"product_cat","embeddable":true,"href":"https:\/\/herbelegale.com\/fi\/wp-json\/wp\/v2\/product_cat?post=114"},{"taxonomy":"product_tag","embeddable":true,"href":"https:\/\/herbelegale.com\/fi\/wp-json\/wp\/v2\/product_tag?post=114"}],"curies":[{"name":"wp","href":"https:\/\/api.w.org\/{rel}","templated":true}]}}