{"id":55,"date":"2023-09-22T08:56:42","date_gmt":"2023-09-22T08:56:42","guid":{"rendered":"https:\/\/nembutalhouse.com\/weed\/?post_type=product&#038;p=55"},"modified":"2025-06-17T06:27:18","modified_gmt":"2025-06-17T06:27:18","slug":"red-velvet","status":"publish","type":"product","link":"https:\/\/herbelegale.com\/es\/product\/red-velvet\/","title":{"rendered":"Terciopelo rojo"},"content":{"rendered":"<h2><b>Comprar Red Velvet online: \u00bfPor qu\u00e9 es tan popular?<\/b><\/h2>\n<h3><b>Introducci\u00f3n: \u00bfQu\u00e9 es Red Velvet y por qu\u00e9 tiene tanta demanda?<\/b><\/h3>\n<p><span style=\"font-weight: 400;\">Le <\/span><a href=\"https:\/\/herbelegale.com\/es\/product\/red-velvet\/\"><b>Terciopelo rojo<\/b><\/a><span style=\"font-weight: 400;\"> Es m\u00e1s que un simple pastel rojo brillante. Ya sea un postre ic\u00f3nico, un producto tem\u00e1tico o un art\u00edculo inspirado en este sabor cl\u00e1sico, Red Velvet seduce con su sabor \u00fanico y su suave textura. Su sutil mezcla de cacao dulce y vainilla, combinada con un distintivo color rojo, lo convierte en un imprescindible.<\/span><\/p>\n<p><span style=\"font-weight: 400;\">Hoy en d\u00eda, el <a href=\"https:\/\/en.wikipedia.org\/wiki\/Red_Velvet_(group)\">Terciopelo rojo<\/a> Est\u00e1 experimentando un resurgimiento del inter\u00e9s en internet, impulsado por la popularidad de las exquisiteces refinadas y la facilidad de acceso gracias a las ventas en l\u00ednea. Cada vez m\u00e1s consumidores optan por... <\/span><b>Comprar Red Velvet en l\u00ednea<\/b><span style=\"font-weight: 400;\"> Para disfrutar de productos frescos y variados entregados directamente en tu domicilio.<\/span><\/p>\n<h3><b>\u00bfPor qu\u00e9 comprar Red Velvet online?<\/b><\/h3>\n<p><span style=\"font-weight: 400;\">Compra algo <\/span><b>Red Velvet en ligne<\/b><span style=\"font-weight: 400;\"> ofrece varias ventajas importantes:<\/span><\/p>\n<ul>\n<li style=\"font-weight: 400;\" aria-level=\"1\"><b>Livraison discr\u00e8te et rapide<\/b><span style=\"font-weight: 400;\">, souvent avec des options sp\u00e9cialis\u00e9es pour conserver la fra\u00eecheur du produit.<\/span><span style=\"font-weight: 400;\">\n<p><\/span><\/li>\n<li style=\"font-weight: 400;\" aria-level=\"1\"><b>Acc\u00e8s \u00e0 une large gamme<\/b><span style=\"font-weight: 400;\"> de produits : du g\u00e2teau traditionnel aux p\u00e2tisseries innovantes, voire aux articles th\u00e9matiques autour du Red Velvet.<\/span><span style=\"font-weight: 400;\">\n<p><\/span><\/li>\n<li style=\"font-weight: 400;\" aria-level=\"1\"><b>Confort d\u2019achat<\/b><span style=\"font-weight: 400;\"> : plus besoin de se d\u00e9placer, vous recevez votre commande directement chez vous.<\/span><span style=\"font-weight: 400;\">\n<p><\/span><\/li>\n<li style=\"font-weight: 400;\" aria-level=\"1\"><b>Offres et prix comp\u00e9titifs<\/b><span style=\"font-weight: 400;\">, avec des promotions exclusives aux boutiques en ligne.<\/span><span style=\"font-weight: 400;\">\n<p><\/span><\/li>\n<\/ul>\n<h3><b>\u00bfQu\u00e9 hace que un producto Red Velvet sea excelente?<\/b><\/h3>\n<p><span style=\"font-weight: 400;\">Para elegir un Red Velvet de calidad, estos son los criterios a tener en cuenta:<\/span><\/p>\n<ul>\n<li style=\"font-weight: 400;\" aria-level=\"1\"><b>Texture moelleuse et l\u00e9g\u00e8re<\/b><span style=\"font-weight: 400;\">, signe d\u2019une recette bien ma\u00eetris\u00e9e.<\/span><span style=\"font-weight: 400;\">\n<p><\/span><\/li>\n<li style=\"font-weight: 400;\" aria-level=\"1\"><b>Couleur rouge intense et app\u00e9tissante<\/b><span style=\"font-weight: 400;\">, mais naturelle.<\/span><span style=\"font-weight: 400;\">\n<p><\/span><\/li>\n<li style=\"font-weight: 400;\" aria-level=\"1\"><b>Sabor equilibrado<\/b><span style=\"font-weight: 400;\"> entre douceur, cacao et vanille, sans exc\u00e8s sucr\u00e9.<\/span><span style=\"font-weight: 400;\">\n<p><\/span><\/li>\n<li style=\"font-weight: 400;\" aria-level=\"1\"><b>Finitions soign\u00e9es<\/b><span style=\"font-weight: 400;\">, notamment la cr\u00e8me au fromage qui accompagne souvent ce dessert.<\/span><span style=\"font-weight: 400;\">\n<p><\/span><\/li>\n<li style=\"font-weight: 400;\" aria-level=\"1\"><b>Produits faits maison ou en petites s\u00e9ries<\/b><span style=\"font-weight: 400;\"> pour une meilleure fra\u00eecheur et authenticit\u00e9.<\/span><span style=\"font-weight: 400;\">\n<p><\/span><\/li>\n<\/ul>\n<h3><b>Las mejores plataformas para comprar Red Velvet en l\u00ednea<\/b><\/h3>\n<ul>\n<li style=\"font-weight: 400;\" aria-level=\"1\"><b>Boulangeries locales avec livraison nationale<\/b><span style=\"font-weight: 400;\"> : souvent gages de fra\u00eecheur et savoir-faire.<\/span><span style=\"font-weight: 400;\">\n<p><\/span><\/li>\n<li style=\"font-weight: 400;\" aria-level=\"1\"><b>Sites sp\u00e9cialis\u00e9s en p\u00e2tisserie en ligne<\/b><span style=\"font-weight: 400;\"> : large choix et qualit\u00e9 garantie.<\/span><span style=\"font-weight: 400;\">\n<p><\/span><\/li>\n<li style=\"font-weight: 400;\" aria-level=\"1\"><b>Plateformes de dessert et gourmandises<\/b><span style=\"font-weight: 400;\"> : pour d\u00e9couvrir des cr\u00e9ations originales autour du Red Velvet.<\/span><span style=\"font-weight: 400;\">\n<p><\/span><\/li>\n<li style=\"font-weight: 400;\" aria-level=\"1\"><b>March\u00e9s artisanaux et Etsy<\/b><span style=\"font-weight: 400;\"> : produits faits main et personnalisables.<\/span><span style=\"font-weight: 400;\">\n<p><\/span><\/li>\n<\/ul>\n<h3><b>\u00bfC\u00f3mo elegir el producto o vendedor adecuado?<\/b><\/h3>\n<ul>\n<li style=\"font-weight: 400;\" aria-level=\"1\"><b>Lisez les avis clients<\/b><span style=\"font-weight: 400;\"> pour v\u00e9rifier la satisfaction et la qualit\u00e9.<\/span><span style=\"font-weight: 400;\">\n<p><\/span><\/li>\n<li style=\"font-weight: 400;\" aria-level=\"1\"><b>V\u00e9rifiez les conditions de livraison<\/b><span style=\"font-weight: 400;\"> et la garantie de fra\u00eecheur.<\/span><span style=\"font-weight: 400;\">\n<p><\/span><\/li>\n<li style=\"font-weight: 400;\" aria-level=\"1\"><b>Comparez les prix<\/b><span style=\"font-weight: 400;\"> pour trouver un Red Velvet au meilleur rapport qualit\u00e9\/prix.<\/span><span style=\"font-weight: 400;\">\n<p><\/span><\/li>\n<li style=\"font-weight: 400;\" aria-level=\"1\"><b>Privil\u00e9giez la transparence<\/b><span style=\"font-weight: 400;\"> sur les ingr\u00e9dients et la fabrication.<\/span><span style=\"font-weight: 400;\">\n<p><\/span><\/li>\n<\/ul>\n<h3><b>Conclusi\u00f3n: \u00bfPor qu\u00e9 vale la pena probar Red Velvet?<\/b><\/h3>\n<p><span style=\"font-weight: 400;\">Red Velvet es una experiencia gourmet en s\u00ed misma, que fusiona tradici\u00f3n y modernidad. Comprar <\/span><b>Red Velvet en ligne<\/b><span style=\"font-weight: 400;\"> Es la mejor manera de acceder a productos frescos, deliciosos y variados, con una gran simplicidad. Ya sea para una ocasi\u00f3n especial o para un capricho diario, Red Velvet satisfar\u00e1 tus antojos dulces.<\/span><\/p>\n<h3><b>Palabras clave SEO integradas:<\/b><\/h3>\n<p><b>Comprar Red Velvet en l\u00ednea, pedir Red Velvet en l\u00ednea, Red Velvet en venta, precio barato de Red Velvet, el mejor lugar para comprar Red Velvet en l\u00ednea<\/b><b><br \/>\n<\/b><span style=\"font-weight: 400;\"> (en espa\u00f1ol: comprar Red Velvet online, pedir Red Velvet online, Red Velvet en venta, Red Velvet a precio barato, el mejor lugar para comprar Red Velvet online)<\/span><\/p>","protected":false},"excerpt":{"rendered":"<p>Acheter Red Velvet en ligne : Pourquoi ce produit est si pris\u00e9 Introduction : Qu\u2019est-ce que le Red Velvet et pourquoi est-il en demande ? Le Red Velvet est bien plus qu\u2019un simple g\u00e2teau rouge vif. Que ce soit un dessert iconique, un produit th\u00e9matique ou un article inspir\u00e9 par cette saveur classique, le Red&#8230;<\/p>","protected":false},"featured_media":363,"comment_status":"open","ping_status":"closed","template":"","meta":{"_kadence_starter_templates_imported_post":false,"_kad_post_transparent":"default","_kad_post_title":"","_kad_post_layout":"default","_kad_post_sidebar_id":"","_kad_post_content_style":"default","_kad_post_vertical_padding":"default","_kad_post_feature":"","_kad_post_feature_position":"","_kad_post_header":false,"_kad_post_footer":false,"_joinchat":[]},"product_brand":[],"product_cat":[17],"product_tag":[],"class_list":{"0":"post-55","1":"product","2":"type-product","3":"status-publish","4":"has-post-thumbnail","6":"product_cat-canabis-en-ligne","8":"first","9":"instock","10":"shipping-taxable","11":"purchasable","12":"product-type-variable","13":"entry","14":"content-bg","15":"loop-entry"},"yoast_head":"<!-- This site is optimized with the Yoast SEO plugin v23.5 - https:\/\/yoast.com\/wordpress\/plugins\/seo\/ -->\n<title>Achetez Red Velvet en ligne - Red Velvet en vente en ligne<\/title>\n<meta name=\"description\" content=\"Si vous n&#039;avez pas encore essay\u00e9 Red Velvet dans notre magasin, vous manquez beaucoup de choses. Nous vous aiderons \u00e0 acheter Red Velvet en ligne \u00e0 des prix avantageux. Achetez Red Velvet en vente d\u00e8s aujourd&#039;hui !\" \/>\n<meta name=\"robots\" content=\"index, follow, max-snippet:-1, max-image-preview:large, max-video-preview:-1\" \/>\n<link rel=\"canonical\" href=\"https:\/\/herbelegale.com\/es\/product\/red-velvet\/\" \/>\n<meta property=\"og:locale\" content=\"es_ES\" \/>\n<meta property=\"og:type\" content=\"article\" \/>\n<meta property=\"og:title\" content=\"Achetez Red Velvet en ligne - Red Velvet en vente en ligne\" \/>\n<meta property=\"og:description\" content=\"Si vous n&#039;avez pas encore essay\u00e9 Red Velvet dans notre magasin, vous manquez beaucoup de choses. Nous vous aiderons \u00e0 acheter Red Velvet en ligne \u00e0 des prix avantageux. Achetez Red Velvet en vente d\u00e8s aujourd&#039;hui !\" \/>\n<meta property=\"og:url\" content=\"https:\/\/herbelegale.com\/es\/product\/red-velvet\/\" \/>\n<meta property=\"og:site_name\" content=\"Herbe L\u00e9gale\" \/>\n<meta property=\"article:modified_time\" content=\"2025-06-17T06:27:18+00:00\" \/>\n<meta property=\"og:image\" content=\"https:\/\/herbelegale.com\/wp-content\/uploads\/2023\/09\/Red-Velvet.jpg\" \/>\n\t<meta property=\"og:image:width\" content=\"960\" \/>\n\t<meta property=\"og:image:height\" content=\"1280\" \/>\n\t<meta property=\"og:image:type\" content=\"image\/jpeg\" \/>\n<meta name=\"twitter:card\" content=\"summary_large_image\" \/>\n<meta name=\"twitter:label1\" content=\"Tiempo de lectura\" \/>\n\t<meta name=\"twitter:data1\" content=\"3 minutos\" \/>\n<script type=\"application\/ld+json\" class=\"yoast-schema-graph\">{\"@context\":\"https:\/\/schema.org\",\"@graph\":[{\"@type\":\"WebPage\",\"@id\":\"https:\/\/herbelegale.com\/product\/red-velvet\/\",\"url\":\"https:\/\/herbelegale.com\/product\/red-velvet\/\",\"name\":\"Achetez Red Velvet en ligne - Red Velvet en vente en ligne\",\"isPartOf\":{\"@id\":\"https:\/\/herbelegale.com\/#website\"},\"primaryImageOfPage\":{\"@id\":\"https:\/\/herbelegale.com\/product\/red-velvet\/#primaryimage\"},\"image\":{\"@id\":\"https:\/\/herbelegale.com\/product\/red-velvet\/#primaryimage\"},\"thumbnailUrl\":\"https:\/\/herbelegale.com\/wp-content\/uploads\/2023\/09\/Red-Velvet.jpg\",\"datePublished\":\"2023-09-22T08:56:42+00:00\",\"dateModified\":\"2025-06-17T06:27:18+00:00\",\"description\":\"Si vous n'avez pas encore essay\u00e9 Red Velvet dans notre magasin, vous manquez beaucoup de choses. Nous vous aiderons \u00e0 acheter Red Velvet en ligne \u00e0 des prix avantageux. Achetez Red Velvet en vente d\u00e8s aujourd'hui !\",\"breadcrumb\":{\"@id\":\"https:\/\/herbelegale.com\/product\/red-velvet\/#breadcrumb\"},\"inLanguage\":\"es\",\"potentialAction\":[{\"@type\":\"ReadAction\",\"target\":[\"https:\/\/herbelegale.com\/product\/red-velvet\/\"]}]},{\"@type\":\"ImageObject\",\"inLanguage\":\"es\",\"@id\":\"https:\/\/herbelegale.com\/product\/red-velvet\/#primaryimage\",\"url\":\"https:\/\/herbelegale.com\/wp-content\/uploads\/2023\/09\/Red-Velvet.jpg\",\"contentUrl\":\"https:\/\/herbelegale.com\/wp-content\/uploads\/2023\/09\/Red-Velvet.jpg\",\"width\":960,\"height\":1280,\"caption\":\"Red Velvet\"},{\"@type\":\"BreadcrumbList\",\"@id\":\"https:\/\/herbelegale.com\/product\/red-velvet\/#breadcrumb\",\"itemListElement\":[{\"@type\":\"ListItem\",\"position\":1,\"name\":\"Home\",\"item\":\"https:\/\/herbelegale.com\/\"},{\"@type\":\"ListItem\",\"position\":2,\"name\":\"Boutique\",\"item\":\"https:\/\/herbelegale.com\/boutique\/\"},{\"@type\":\"ListItem\",\"position\":3,\"name\":\"Red Velvet\"}]},{\"@type\":\"WebSite\",\"@id\":\"https:\/\/herbelegale.com\/#website\",\"url\":\"https:\/\/herbelegale.com\/\",\"name\":\"Herbe L\u00e9gale\",\"description\":\"Acheter de l&#039;herbe en ligne\",\"publisher\":{\"@id\":\"https:\/\/herbelegale.com\/#organization\"},\"potentialAction\":[{\"@type\":\"SearchAction\",\"target\":{\"@type\":\"EntryPoint\",\"urlTemplate\":\"https:\/\/herbelegale.com\/?s={search_term_string}\"},\"query-input\":{\"@type\":\"PropertyValueSpecification\",\"valueRequired\":true,\"valueName\":\"search_term_string\"}}],\"inLanguage\":\"es\"},{\"@type\":\"Organization\",\"@id\":\"https:\/\/herbelegale.com\/#organization\",\"name\":\"Herbe L\u00e9gale\",\"url\":\"https:\/\/herbelegale.com\/\",\"logo\":{\"@type\":\"ImageObject\",\"inLanguage\":\"es\",\"@id\":\"https:\/\/herbelegale.com\/#\/schema\/logo\/image\/\",\"url\":\"https:\/\/herbelegale.com\/wp-content\/uploads\/2023\/10\/logo-1.png\",\"contentUrl\":\"https:\/\/herbelegale.com\/wp-content\/uploads\/2023\/10\/logo-1.png\",\"width\":400,\"height\":120,\"caption\":\"Herbe L\u00e9gale\"},\"image\":{\"@id\":\"https:\/\/herbelegale.com\/#\/schema\/logo\/image\/\"}}]}<\/script>\n<!-- \/ Yoast SEO plugin. -->","yoast_head_json":{"title":"Achetez Red Velvet en ligne - Red Velvet en vente en ligne","description":"Si vous n'avez pas encore essay\u00e9 Red Velvet dans notre magasin, vous manquez beaucoup de choses. Nous vous aiderons \u00e0 acheter Red Velvet en ligne \u00e0 des prix avantageux. Achetez Red Velvet en vente d\u00e8s aujourd'hui !","robots":{"index":"index","follow":"follow","max-snippet":"max-snippet:-1","max-image-preview":"max-image-preview:large","max-video-preview":"max-video-preview:-1"},"canonical":"https:\/\/herbelegale.com\/es\/product\/red-velvet\/","og_locale":"es_ES","og_type":"article","og_title":"Achetez Red Velvet en ligne - Red Velvet en vente en ligne","og_description":"Si vous n'avez pas encore essay\u00e9 Red Velvet dans notre magasin, vous manquez beaucoup de choses. Nous vous aiderons \u00e0 acheter Red Velvet en ligne \u00e0 des prix avantageux. Achetez Red Velvet en vente d\u00e8s aujourd'hui !","og_url":"https:\/\/herbelegale.com\/es\/product\/red-velvet\/","og_site_name":"Herbe L\u00e9gale","article_modified_time":"2025-06-17T06:27:18+00:00","og_image":[{"width":960,"height":1280,"url":"https:\/\/herbelegale.com\/wp-content\/uploads\/2023\/09\/Red-Velvet.jpg","type":"image\/jpeg"}],"twitter_card":"summary_large_image","twitter_misc":{"Tiempo de lectura":"3 minutos"},"schema":{"@context":"https:\/\/schema.org","@graph":[{"@type":"WebPage","@id":"https:\/\/herbelegale.com\/product\/red-velvet\/","url":"https:\/\/herbelegale.com\/product\/red-velvet\/","name":"Achetez Red Velvet en ligne - Red Velvet en vente en ligne","isPartOf":{"@id":"https:\/\/herbelegale.com\/#website"},"primaryImageOfPage":{"@id":"https:\/\/herbelegale.com\/product\/red-velvet\/#primaryimage"},"image":{"@id":"https:\/\/herbelegale.com\/product\/red-velvet\/#primaryimage"},"thumbnailUrl":"https:\/\/herbelegale.com\/wp-content\/uploads\/2023\/09\/Red-Velvet.jpg","datePublished":"2023-09-22T08:56:42+00:00","dateModified":"2025-06-17T06:27:18+00:00","description":"Si vous n'avez pas encore essay\u00e9 Red Velvet dans notre magasin, vous manquez beaucoup de choses. Nous vous aiderons \u00e0 acheter Red Velvet en ligne \u00e0 des prix avantageux. Achetez Red Velvet en vente d\u00e8s aujourd'hui !","breadcrumb":{"@id":"https:\/\/herbelegale.com\/product\/red-velvet\/#breadcrumb"},"inLanguage":"es","potentialAction":[{"@type":"ReadAction","target":["https:\/\/herbelegale.com\/product\/red-velvet\/"]}]},{"@type":"ImageObject","inLanguage":"es","@id":"https:\/\/herbelegale.com\/product\/red-velvet\/#primaryimage","url":"https:\/\/herbelegale.com\/wp-content\/uploads\/2023\/09\/Red-Velvet.jpg","contentUrl":"https:\/\/herbelegale.com\/wp-content\/uploads\/2023\/09\/Red-Velvet.jpg","width":960,"height":1280,"caption":"Red Velvet"},{"@type":"BreadcrumbList","@id":"https:\/\/herbelegale.com\/product\/red-velvet\/#breadcrumb","itemListElement":[{"@type":"ListItem","position":1,"name":"Home","item":"https:\/\/herbelegale.com\/"},{"@type":"ListItem","position":2,"name":"Boutique","item":"https:\/\/herbelegale.com\/boutique\/"},{"@type":"ListItem","position":3,"name":"Red Velvet"}]},{"@type":"WebSite","@id":"https:\/\/herbelegale.com\/#website","url":"https:\/\/herbelegale.com\/","name":"Herbe L\u00e9gale","description":"Acheter de l&#039;herbe en ligne","publisher":{"@id":"https:\/\/herbelegale.com\/#organization"},"potentialAction":[{"@type":"SearchAction","target":{"@type":"EntryPoint","urlTemplate":"https:\/\/herbelegale.com\/?s={search_term_string}"},"query-input":{"@type":"PropertyValueSpecification","valueRequired":true,"valueName":"search_term_string"}}],"inLanguage":"es"},{"@type":"Organization","@id":"https:\/\/herbelegale.com\/#organization","name":"Herbe L\u00e9gale","url":"https:\/\/herbelegale.com\/","logo":{"@type":"ImageObject","inLanguage":"es","@id":"https:\/\/herbelegale.com\/#\/schema\/logo\/image\/","url":"https:\/\/herbelegale.com\/wp-content\/uploads\/2023\/10\/logo-1.png","contentUrl":"https:\/\/herbelegale.com\/wp-content\/uploads\/2023\/10\/logo-1.png","width":400,"height":120,"caption":"Herbe L\u00e9gale"},"image":{"@id":"https:\/\/herbelegale.com\/#\/schema\/logo\/image\/"}}]}},"_links":{"self":[{"href":"https:\/\/herbelegale.com\/es\/wp-json\/wp\/v2\/product\/55","targetHints":{"allow":["GET"]}}],"collection":[{"href":"https:\/\/herbelegale.com\/es\/wp-json\/wp\/v2\/product"}],"about":[{"href":"https:\/\/herbelegale.com\/es\/wp-json\/wp\/v2\/types\/product"}],"replies":[{"embeddable":true,"href":"https:\/\/herbelegale.com\/es\/wp-json\/wp\/v2\/comments?post=55"}],"wp:featuredmedia":[{"embeddable":true,"href":"https:\/\/herbelegale.com\/es\/wp-json\/wp\/v2\/media\/363"}],"wp:attachment":[{"href":"https:\/\/herbelegale.com\/es\/wp-json\/wp\/v2\/media?parent=55"}],"wp:term":[{"taxonomy":"product_brand","embeddable":true,"href":"https:\/\/herbelegale.com\/es\/wp-json\/wp\/v2\/product_brand?post=55"},{"taxonomy":"product_cat","embeddable":true,"href":"https:\/\/herbelegale.com\/es\/wp-json\/wp\/v2\/product_cat?post=55"},{"taxonomy":"product_tag","embeddable":true,"href":"https:\/\/herbelegale.com\/es\/wp-json\/wp\/v2\/product_tag?post=55"}],"curies":[{"name":"wp","href":"https:\/\/api.w.org\/{rel}","templated":true}]}}