{"id":54,"date":"2023-09-22T08:56:41","date_gmt":"2023-09-22T08:56:41","guid":{"rendered":"https:\/\/nembutalhouse.com\/weed\/?post_type=product&#038;p=54"},"modified":"2025-07-21T11:18:25","modified_gmt":"2025-07-21T11:18:25","slug":"london-pound-cake","status":"publish","type":"product","link":"https:\/\/herbelegale.com\/es\/product\/london-pound-cake\/","title":{"rendered":"London Pound Cake"},"content":{"rendered":"<h2><b>Compre London Pound Cake en l\u00ednea: calidad superior y entrega conveniente<\/b><\/h2>\n<p><a href=\"https:\/\/herbelegale.com\/es\/product\/london-pound-cake\/\">El London Pound Cake es un producto \u00fanico<\/a>Famoso por su rico sabor y excepcional calidad. Ya sea que busques un delicioso pastel o un producto especial inspirado en el famoso bizcocho londinense, este producto es todo un \u00e9xito en l\u00ednea. Su sabor distintivo, su elaboraci\u00f3n artesanal y su creciente popularidad lo convierten en un favorito tanto para entendidos como para nuevos aficionados.<\/p>\n<p>Con la facilidad de las compras en l\u00ednea, cada vez m\u00e1s personas prefieren <a href=\"https:\/\/en.wikipedia.org\/wiki\/Pound_cake\">Comprar London Pound Cake online<\/a> Disfrute de productos frescos y aut\u00e9nticos entregados directamente a su hogar. La demanda crece gracias al f\u00e1cil acceso, la entrega discreta y una selecci\u00f3n m\u00e1s amplia que la de la mayor\u00eda de las tiendas locales.<\/p>\n<h3><b>\u00bfPor qu\u00e9 comprar London Pound Cake online?<\/b><\/h3>\n<p><span style=\"font-weight: 400;\">Comprar London Pound Cake online tiene varias ventajas:<\/span><\/p>\n<ul>\n<li style=\"font-weight: 400;\" aria-level=\"1\">Entrega discreta y especializada<span style=\"font-weight: 400;\"> Niezale\u017cnie od tego, czy kupujesz prezent, czy robisz to dla siebie, sklepy internetowe gwarantuj\u0105 bezpieczne i dyskretne opakowanie.<\/span>&nbsp;<\/li>\n<li style=\"font-weight: 400;\" aria-level=\"1\">Acc\u00e8s \u00e0 des produits authentiques :<span style=\"font-weight: 400;\"> Sprzedawcy internetowi cz\u0119sto oferuj\u0105 r\u0119cznie robione lub specjalne ciasta londy\u0144skie, kt\u00f3rych nie mo\u017cna kupi\u0107 lokalnie.<\/span>&nbsp;<\/li>\n<li style=\"font-weight: 400;\" aria-level=\"1\">Commodit\u00e9 :<span style=\"font-weight: 400;\"> Z\u0142\u00f3\u017c zam\u00f3wienie w dowolnej chwili i odbierz przesy\u0142k\u0119 bezpo\u015brednio w domu.<\/span>&nbsp;<\/li>\n<li style=\"font-weight: 400;\" aria-level=\"1\">Precios competitivos: Las tiendas en l\u00ednea ofrecen con frecuencia promociones y precios atractivos, lo que facilita la compra de London Pound Cake asequible sin sacrificar la calidad.&nbsp;<\/li>\n<\/ul>\n<h3><b>Qu\u2019est-ce qui fait un excellent London Pound Cake ?<\/b><\/h3>\n<p><span style=\"font-weight: 400;\">Los mejores pasteles de libra de Londres se distinguen por:<\/span><\/p>\n<ul>\n<li style=\"font-weight: 400;\" aria-level=\"1\">Des ingr\u00e9dients de haute qualit\u00e9 :<span style=\"font-weight: 400;\"> \u015awie\u017ce i naturalne sk\u0142adniki na mi\u0119kkie i smaczne ciasto.<\/span>&nbsp;<\/li>\n<li style=\"font-weight: 400;\" aria-level=\"1\">Une texture parfaite :<span style=\"font-weight: 400;\"> Tasapaino pehme\u00e4n ja rapean v\u00e4lill\u00e4, t\u00e4ytel\u00e4isill\u00e4 voisilla vivahteilla.<\/span>&nbsp;<\/li>\n<li style=\"font-weight: 400;\" aria-level=\"1\">Une touche artisanale :<span style=\"font-weight: 400;\"> Produkty wytwarzane r\u0119cznie lub w ma\u0142ych seriach s\u0105 gwarancj\u0105 szczeg\u00f3lnej troski.<\/span>&nbsp;<\/li>\n<li style=\"font-weight: 400;\" aria-level=\"1\">Un emballage attractif :<span style=\"font-weight: 400;\"> Garantit la fra\u00eecheur et pr\u00eate \u00e0 offrir ou d\u00e9guster.<\/span>&nbsp;<\/li>\n<\/ul>\n<h3><b>Las mejores plataformas para comprar London Pound Cake online<\/b><\/h3>\n<ul>\n<li style=\"font-weight: 400;\" aria-level=\"1\">Paikallisia leivonnaisia ja toimitus koko maahan<span style=\"font-weight: 400;\"> Taattu tuoreus ja tuki paikallisille k\u00e4sity\u00f6l\u00e4isille.<\/span>&nbsp;<\/li>\n<li style=\"font-weight: 400;\" aria-level=\"1\">Krajowe Punkty Dostawy Deser\u00f3w<span style=\"font-weight: 400;\"> : Large choix et fiabilit\u00e9 des exp\u00e9ditions.<\/span>&nbsp;<\/li>\n<li style=\"font-weight: 400;\" aria-level=\"1\">Boutiques artisanales sur Etsy ou places de march\u00e9 sp\u00e9cialis\u00e9es<span style=\"font-weight: 400;\"> :Produkty niepowtarzalne i spersonalizowane.<\/span>&nbsp;<\/li>\n<\/ul>\n<h3><b>\u00bfC\u00f3mo elegir el producto o vendedor adecuado?<\/b><\/h3>\n<ul>\n<li style=\"font-weight: 400;\" aria-level=\"1\"><span style=\"font-weight: 400;\">Consulte las condiciones de entrega y garant\u00edas de frescura.<\/span>&nbsp;<\/li>\n<li style=\"font-weight: 400;\" aria-level=\"1\"><span style=\"font-weight: 400;\">Consulte las opiniones de los clientes para juzgar la calidad real.<\/span>&nbsp;<\/li>\n<li style=\"font-weight: 400;\" aria-level=\"1\"><span style=\"font-weight: 400;\">Aseg\u00farese de que el vendedor muestre claramente la composici\u00f3n del producto.<\/span>&nbsp;<\/li>\n<li style=\"font-weight: 400;\" aria-level=\"1\"><span style=\"font-weight: 400;\">Consulte las pol\u00edticas de devoluci\u00f3n y reembolso.<\/span>&nbsp;<\/li>\n<\/ul>\n<h3><b>Conclusi\u00f3n: \u00bfPor qu\u00e9 vale la pena probar el London Pound Cake?<\/b><\/h3>\n<p>F\u00e1cil de pedir y con entrega segura a domicilio, el London Pound Cake es un imprescindible para los m\u00e1s golosos. Ya sea para una ocasi\u00f3n especial o para un capricho diario, este es el mejor lugar para comprar London Pound Cake online a un precio excelente.<\/p>","protected":false},"excerpt":{"rendered":"<p>Acheter London Pound Cake en ligne : Qualit\u00e9 Premium et Livraison Pratique Le London Pound Cake est un produit unique, reconnu pour sa saveur riche et sa qualit\u00e9 exceptionnelle. Que vous recherchiez un d\u00e9licieux g\u00e2teau ou un produit sp\u00e9cial inspir\u00e9 du c\u00e9l\u00e8bre \u00ab London Pound Cake \u00bb, ce produit conna\u00eet un grand succ\u00e8s en ligne&#8230;.<\/p>","protected":false},"featured_media":362,"comment_status":"open","ping_status":"closed","template":"","meta":{"_kadence_starter_templates_imported_post":false,"_kad_post_transparent":"default","_kad_post_title":"","_kad_post_layout":"default","_kad_post_sidebar_id":"","_kad_post_content_style":"default","_kad_post_vertical_padding":"default","_kad_post_feature":"","_kad_post_feature_position":"","_kad_post_header":false,"_kad_post_footer":false,"_joinchat":[]},"product_brand":[],"product_cat":[17],"product_tag":[],"class_list":{"0":"post-54","1":"product","2":"type-product","3":"status-publish","4":"has-post-thumbnail","6":"product_cat-canabis-en-ligne","8":"first","9":"instock","10":"shipping-taxable","11":"purchasable","12":"product-type-variable","13":"entry","14":"content-bg","15":"loop-entry"},"yoast_head":"<!-- This site is optimized with the Yoast SEO plugin v23.5 - https:\/\/yoast.com\/wordpress\/plugins\/seo\/ -->\n<title>Achetez du London Pound Cake en ligne - London Pound Cake \u00e0 vendre<\/title>\n<meta name=\"description\" content=\"Ne manquez aucune occasion d&#039;acheter du London Pound Cake en ligne dans notre boutique. Nous vendons exclusivement du London Pound Cake \u00e0 des prix avantageux. Nous sommes l\u00e0 pour vous aider. Commandez maintenant !\" \/>\n<meta name=\"robots\" content=\"index, follow, max-snippet:-1, max-image-preview:large, max-video-preview:-1\" \/>\n<link rel=\"canonical\" href=\"https:\/\/herbelegale.com\/es\/product\/london-pound-cake\/\" \/>\n<meta property=\"og:locale\" content=\"es_ES\" \/>\n<meta property=\"og:type\" content=\"article\" \/>\n<meta property=\"og:title\" content=\"Achetez du London Pound Cake en ligne - London Pound Cake \u00e0 vendre\" \/>\n<meta property=\"og:description\" content=\"Ne manquez aucune occasion d&#039;acheter du London Pound Cake en ligne dans notre boutique. Nous vendons exclusivement du London Pound Cake \u00e0 des prix avantageux. Nous sommes l\u00e0 pour vous aider. Commandez maintenant !\" \/>\n<meta property=\"og:url\" content=\"https:\/\/herbelegale.com\/es\/product\/london-pound-cake\/\" \/>\n<meta property=\"og:site_name\" content=\"Herbe L\u00e9gale\" \/>\n<meta property=\"article:modified_time\" content=\"2025-07-21T11:18:25+00:00\" \/>\n<meta property=\"og:image\" content=\"https:\/\/herbelegale.com\/wp-content\/uploads\/2023\/09\/London-Pound-Cake.jpg\" \/>\n\t<meta property=\"og:image:width\" content=\"960\" \/>\n\t<meta property=\"og:image:height\" content=\"1280\" \/>\n\t<meta property=\"og:image:type\" content=\"image\/jpeg\" \/>\n<meta name=\"twitter:card\" content=\"summary_large_image\" \/>\n<meta name=\"twitter:label1\" content=\"Tiempo de lectura\" \/>\n\t<meta name=\"twitter:data1\" content=\"3 minutos\" \/>\n<script type=\"application\/ld+json\" class=\"yoast-schema-graph\">{\"@context\":\"https:\/\/schema.org\",\"@graph\":[{\"@type\":\"WebPage\",\"@id\":\"https:\/\/herbelegale.com\/product\/london-pound-cake\/\",\"url\":\"https:\/\/herbelegale.com\/product\/london-pound-cake\/\",\"name\":\"Achetez du London Pound Cake en ligne - London Pound Cake \u00e0 vendre\",\"isPartOf\":{\"@id\":\"https:\/\/herbelegale.com\/#website\"},\"primaryImageOfPage\":{\"@id\":\"https:\/\/herbelegale.com\/product\/london-pound-cake\/#primaryimage\"},\"image\":{\"@id\":\"https:\/\/herbelegale.com\/product\/london-pound-cake\/#primaryimage\"},\"thumbnailUrl\":\"https:\/\/herbelegale.com\/wp-content\/uploads\/2023\/09\/London-Pound-Cake.jpg\",\"datePublished\":\"2023-09-22T08:56:41+00:00\",\"dateModified\":\"2025-07-21T11:18:25+00:00\",\"description\":\"Ne manquez aucune occasion d'acheter du London Pound Cake en ligne dans notre boutique. Nous vendons exclusivement du London Pound Cake \u00e0 des prix avantageux. Nous sommes l\u00e0 pour vous aider. Commandez maintenant !\",\"breadcrumb\":{\"@id\":\"https:\/\/herbelegale.com\/product\/london-pound-cake\/#breadcrumb\"},\"inLanguage\":\"es\",\"potentialAction\":[{\"@type\":\"ReadAction\",\"target\":[\"https:\/\/herbelegale.com\/product\/london-pound-cake\/\"]}]},{\"@type\":\"ImageObject\",\"inLanguage\":\"es\",\"@id\":\"https:\/\/herbelegale.com\/product\/london-pound-cake\/#primaryimage\",\"url\":\"https:\/\/herbelegale.com\/wp-content\/uploads\/2023\/09\/London-Pound-Cake.jpg\",\"contentUrl\":\"https:\/\/herbelegale.com\/wp-content\/uploads\/2023\/09\/London-Pound-Cake.jpg\",\"width\":960,\"height\":1280,\"caption\":\"London Pound Cake\"},{\"@type\":\"BreadcrumbList\",\"@id\":\"https:\/\/herbelegale.com\/product\/london-pound-cake\/#breadcrumb\",\"itemListElement\":[{\"@type\":\"ListItem\",\"position\":1,\"name\":\"Home\",\"item\":\"https:\/\/herbelegale.com\/\"},{\"@type\":\"ListItem\",\"position\":2,\"name\":\"Boutique\",\"item\":\"https:\/\/herbelegale.com\/boutique\/\"},{\"@type\":\"ListItem\",\"position\":3,\"name\":\"London Pound Cake\"}]},{\"@type\":\"WebSite\",\"@id\":\"https:\/\/herbelegale.com\/#website\",\"url\":\"https:\/\/herbelegale.com\/\",\"name\":\"Herbe L\u00e9gale\",\"description\":\"Acheter de l&#039;herbe en ligne\",\"publisher\":{\"@id\":\"https:\/\/herbelegale.com\/#organization\"},\"potentialAction\":[{\"@type\":\"SearchAction\",\"target\":{\"@type\":\"EntryPoint\",\"urlTemplate\":\"https:\/\/herbelegale.com\/?s={search_term_string}\"},\"query-input\":{\"@type\":\"PropertyValueSpecification\",\"valueRequired\":true,\"valueName\":\"search_term_string\"}}],\"inLanguage\":\"es\"},{\"@type\":\"Organization\",\"@id\":\"https:\/\/herbelegale.com\/#organization\",\"name\":\"Herbe L\u00e9gale\",\"url\":\"https:\/\/herbelegale.com\/\",\"logo\":{\"@type\":\"ImageObject\",\"inLanguage\":\"es\",\"@id\":\"https:\/\/herbelegale.com\/#\/schema\/logo\/image\/\",\"url\":\"https:\/\/herbelegale.com\/wp-content\/uploads\/2023\/10\/logo-1.png\",\"contentUrl\":\"https:\/\/herbelegale.com\/wp-content\/uploads\/2023\/10\/logo-1.png\",\"width\":400,\"height\":120,\"caption\":\"Herbe L\u00e9gale\"},\"image\":{\"@id\":\"https:\/\/herbelegale.com\/#\/schema\/logo\/image\/\"}}]}<\/script>\n<!-- \/ Yoast SEO plugin. -->","yoast_head_json":{"title":"Achetez du London Pound Cake en ligne - London Pound Cake \u00e0 vendre","description":"Ne manquez aucune occasion d'acheter du London Pound Cake en ligne dans notre boutique. Nous vendons exclusivement du London Pound Cake \u00e0 des prix avantageux. Nous sommes l\u00e0 pour vous aider. Commandez maintenant !","robots":{"index":"index","follow":"follow","max-snippet":"max-snippet:-1","max-image-preview":"max-image-preview:large","max-video-preview":"max-video-preview:-1"},"canonical":"https:\/\/herbelegale.com\/es\/product\/london-pound-cake\/","og_locale":"es_ES","og_type":"article","og_title":"Achetez du London Pound Cake en ligne - London Pound Cake \u00e0 vendre","og_description":"Ne manquez aucune occasion d'acheter du London Pound Cake en ligne dans notre boutique. Nous vendons exclusivement du London Pound Cake \u00e0 des prix avantageux. Nous sommes l\u00e0 pour vous aider. Commandez maintenant !","og_url":"https:\/\/herbelegale.com\/es\/product\/london-pound-cake\/","og_site_name":"Herbe L\u00e9gale","article_modified_time":"2025-07-21T11:18:25+00:00","og_image":[{"width":960,"height":1280,"url":"https:\/\/herbelegale.com\/wp-content\/uploads\/2023\/09\/London-Pound-Cake.jpg","type":"image\/jpeg"}],"twitter_card":"summary_large_image","twitter_misc":{"Tiempo de lectura":"3 minutos"},"schema":{"@context":"https:\/\/schema.org","@graph":[{"@type":"WebPage","@id":"https:\/\/herbelegale.com\/product\/london-pound-cake\/","url":"https:\/\/herbelegale.com\/product\/london-pound-cake\/","name":"Achetez du London Pound Cake en ligne - London Pound Cake \u00e0 vendre","isPartOf":{"@id":"https:\/\/herbelegale.com\/#website"},"primaryImageOfPage":{"@id":"https:\/\/herbelegale.com\/product\/london-pound-cake\/#primaryimage"},"image":{"@id":"https:\/\/herbelegale.com\/product\/london-pound-cake\/#primaryimage"},"thumbnailUrl":"https:\/\/herbelegale.com\/wp-content\/uploads\/2023\/09\/London-Pound-Cake.jpg","datePublished":"2023-09-22T08:56:41+00:00","dateModified":"2025-07-21T11:18:25+00:00","description":"Ne manquez aucune occasion d'acheter du London Pound Cake en ligne dans notre boutique. Nous vendons exclusivement du London Pound Cake \u00e0 des prix avantageux. Nous sommes l\u00e0 pour vous aider. Commandez maintenant !","breadcrumb":{"@id":"https:\/\/herbelegale.com\/product\/london-pound-cake\/#breadcrumb"},"inLanguage":"es","potentialAction":[{"@type":"ReadAction","target":["https:\/\/herbelegale.com\/product\/london-pound-cake\/"]}]},{"@type":"ImageObject","inLanguage":"es","@id":"https:\/\/herbelegale.com\/product\/london-pound-cake\/#primaryimage","url":"https:\/\/herbelegale.com\/wp-content\/uploads\/2023\/09\/London-Pound-Cake.jpg","contentUrl":"https:\/\/herbelegale.com\/wp-content\/uploads\/2023\/09\/London-Pound-Cake.jpg","width":960,"height":1280,"caption":"London Pound Cake"},{"@type":"BreadcrumbList","@id":"https:\/\/herbelegale.com\/product\/london-pound-cake\/#breadcrumb","itemListElement":[{"@type":"ListItem","position":1,"name":"Home","item":"https:\/\/herbelegale.com\/"},{"@type":"ListItem","position":2,"name":"Boutique","item":"https:\/\/herbelegale.com\/boutique\/"},{"@type":"ListItem","position":3,"name":"London Pound Cake"}]},{"@type":"WebSite","@id":"https:\/\/herbelegale.com\/#website","url":"https:\/\/herbelegale.com\/","name":"Herbe L\u00e9gale","description":"Acheter de l&#039;herbe en ligne","publisher":{"@id":"https:\/\/herbelegale.com\/#organization"},"potentialAction":[{"@type":"SearchAction","target":{"@type":"EntryPoint","urlTemplate":"https:\/\/herbelegale.com\/?s={search_term_string}"},"query-input":{"@type":"PropertyValueSpecification","valueRequired":true,"valueName":"search_term_string"}}],"inLanguage":"es"},{"@type":"Organization","@id":"https:\/\/herbelegale.com\/#organization","name":"Herbe L\u00e9gale","url":"https:\/\/herbelegale.com\/","logo":{"@type":"ImageObject","inLanguage":"es","@id":"https:\/\/herbelegale.com\/#\/schema\/logo\/image\/","url":"https:\/\/herbelegale.com\/wp-content\/uploads\/2023\/10\/logo-1.png","contentUrl":"https:\/\/herbelegale.com\/wp-content\/uploads\/2023\/10\/logo-1.png","width":400,"height":120,"caption":"Herbe L\u00e9gale"},"image":{"@id":"https:\/\/herbelegale.com\/#\/schema\/logo\/image\/"}}]}},"_links":{"self":[{"href":"https:\/\/herbelegale.com\/es\/wp-json\/wp\/v2\/product\/54","targetHints":{"allow":["GET"]}}],"collection":[{"href":"https:\/\/herbelegale.com\/es\/wp-json\/wp\/v2\/product"}],"about":[{"href":"https:\/\/herbelegale.com\/es\/wp-json\/wp\/v2\/types\/product"}],"replies":[{"embeddable":true,"href":"https:\/\/herbelegale.com\/es\/wp-json\/wp\/v2\/comments?post=54"}],"wp:featuredmedia":[{"embeddable":true,"href":"https:\/\/herbelegale.com\/es\/wp-json\/wp\/v2\/media\/362"}],"wp:attachment":[{"href":"https:\/\/herbelegale.com\/es\/wp-json\/wp\/v2\/media?parent=54"}],"wp:term":[{"taxonomy":"product_brand","embeddable":true,"href":"https:\/\/herbelegale.com\/es\/wp-json\/wp\/v2\/product_brand?post=54"},{"taxonomy":"product_cat","embeddable":true,"href":"https:\/\/herbelegale.com\/es\/wp-json\/wp\/v2\/product_cat?post=54"},{"taxonomy":"product_tag","embeddable":true,"href":"https:\/\/herbelegale.com\/es\/wp-json\/wp\/v2\/product_tag?post=54"}],"curies":[{"name":"wp","href":"https:\/\/api.w.org\/{rel}","templated":true}]}}