{"id":53,"date":"2023-09-22T08:56:29","date_gmt":"2023-09-22T08:56:29","guid":{"rendered":"https:\/\/nembutalhouse.com\/weed\/?post_type=product&#038;p=53"},"modified":"2025-06-14T11:07:41","modified_gmt":"2025-06-14T11:07:41","slug":"apple-fritter","status":"publish","type":"product","link":"https:\/\/herbelegale.com\/es\/product\/apple-fritter\/","title":{"rendered":"Bu\u00f1uelo de manzana"},"content":{"rendered":"<h2><b>Comprar bu\u00f1uelos de manzana online: \u00bfPor qu\u00e9 este cl\u00e1sico es tan popular?<\/b><\/h2>\n<h3><b>Introducci\u00f3n: \u00bfQu\u00e9 es un bu\u00f1uelo de manzana y por qu\u00e9 tiene tanta demanda?<\/b><\/h3>\n<p><span style=\"font-weight: 400;\">Le <\/span><a href=\"https:\/\/herbelegale.com\/es\/product\/apple-fritter\/\"><b>beignet aux pommes<\/b><\/a><span style=\"font-weight: 400;\"> Los bu\u00f1uelos de manzana son un postre delicioso y reconfortante, conocido por su corteza suave y esponjosa y su relleno de manzana dulce y picante. A menudo glaseados o espolvoreados con az\u00facar, estos productos son apreciados por su sabor y su exquisitez. Hoy en d\u00eda, los bu\u00f1uelos de manzana se est\u00e1n extendiendo m\u00e1s all\u00e1 de los mercados y panader\u00edas locales para convertirse en un producto b\u00e1sico en las plataformas en l\u00ednea.<\/span><\/p>\n<p><span style=\"font-weight: 400;\">Su creciente popularidad online se debe al creciente inter\u00e9s por los dulces artesanales accesibles en cualquier lugar, sin necesidad de desplazarse, as\u00ed como al auge de las compras de alimentos online.<\/span><\/p>\n<h3><b>Comprar bu\u00f1uelos de manzana online: \u00bfPor qu\u00e9 este cl\u00e1sico es tan popular?<\/b><\/h3>\n<p><span style=\"font-weight: 400;\">Compre uno <\/span><b>bu\u00f1uelos de manzana en l\u00ednea<\/b><span style=\"font-weight: 400;\"> ofrece varias ventajas importantes:<\/span><\/p>\n<ul>\n<li style=\"font-weight: 400;\" aria-level=\"1\"><b>Entrega discreta y especializada<\/b><span style=\"font-weight: 400;\"> :Su pedido llega directamente a usted en un embalaje cuidadoso, garantizando frescura y confidencialidad.<\/span><span style=\"font-weight: 400;\">\n<p><\/span><\/li>\n<li style=\"font-weight: 400;\" aria-level=\"1\"><b>Accesibilidad<\/b><span style=\"font-weight: 400;\"> :Incluso si no vives cerca de una panader\u00eda famosa, podr\u00e1s degustar excelentes productos artesanales.<\/span><span style=\"font-weight: 400;\">\n<p><\/span><\/li>\n<li style=\"font-weight: 400;\" aria-level=\"1\"><b>Conveniencia<\/b><span style=\"font-weight: 400;\"> No m\u00e1s viajes ni colas: tus delicias favoritas est\u00e1n a solo unos clics de distancia.<\/span><span style=\"font-weight: 400;\">\n<p><\/span><\/li>\n<\/ul>\n<h3><b>\u00bfQu\u00e9 hace que un bu\u00f1uelo de manzana sea delicioso?<\/b><\/h3>\n<p><span style=\"font-weight: 400;\">Para elegir un bu\u00f1uelo de manzana de calidad, preste atenci\u00f3n a estos criterios:<\/span><\/p>\n<ul>\n<li style=\"font-weight: 400;\" aria-level=\"1\"><b>Frescura impecable<\/b><span style=\"font-weight: 400;\"> :Un producto fresco, reci\u00e9n preparado y enviado r\u00e1pidamente.<\/span><span style=\"font-weight: 400;\">\n<p><\/span><\/li>\n<li style=\"font-weight: 400;\" aria-level=\"1\"><b>Texture parfaite<\/b><span style=\"font-weight: 400;\"> :Una masa crujiente por fuera y suave por dentro, con manzanas en trozos, no machacadas.<\/span><span style=\"font-weight: 400;\">\n<p><\/span><\/li>\n<li style=\"font-weight: 400;\" aria-level=\"1\"><b>Sabor equilibrado<\/b><span style=\"font-weight: 400;\"> :Un buen equilibrio entre el az\u00facar, la canela y la acidez natural de la manzana.<\/span><span style=\"font-weight: 400;\">\n<p><\/span><\/li>\n<li style=\"font-weight: 400;\" aria-level=\"1\"><b>Glaseado delicado<\/b><span style=\"font-weight: 400;\"> :Una fina capa dulce que realza la dona sin enmascarar sus sabores.<\/span><span style=\"font-weight: 400;\">\n<p><\/span><\/li>\n<\/ul>\n<h3><b>Las mejores plataformas para pedir bu\u00f1uelos de manzana online<\/b><\/h3>\n<p><span style=\"font-weight: 400;\">Aqu\u00ed hay algunas plataformas confiables para <\/span><b>comprar <a href=\"https:\/\/en.wikipedia.org\/wiki\/Fritter\">des beignets aux pommes<\/a> en ligne<\/b><span style=\"font-weight: 400;\"> :<\/span><\/p>\n<ul>\n<li style=\"font-weight: 400;\" aria-level=\"1\"><b>Farmhouse Bakes<\/b><span style=\"font-weight: 400;\"> :Ingredientes org\u00e1nicos, env\u00edo r\u00e1pido a toda Francia.<\/span><span style=\"font-weight: 400;\">\n<p><\/span><\/li>\n<li style=\"font-weight: 400;\" aria-level=\"1\"><b>Golden Glaze Co.<\/b><span style=\"font-weight: 400;\"> :Amplia selecci\u00f3n de reposter\u00eda gourmet.<\/span><span style=\"font-weight: 400;\">\n<p><\/span><\/li>\n<li style=\"font-weight: 400;\" aria-level=\"1\"><b>Etsy (Fritter &amp; Co.)<\/b><span style=\"font-weight: 400;\"> :Serie peque\u00f1a, artesanal y personalizable.<\/span><span style=\"font-weight: 400;\">\n<p><\/span><\/li>\n<li style=\"font-weight: 400;\" aria-level=\"1\"><b>Crumb &amp; Core Box<\/b><span style=\"font-weight: 400;\"> :Suscripciones mensuales de reposter\u00eda de temporada.<\/span><span style=\"font-weight: 400;\">\n<p><\/span><\/li>\n<li style=\"font-weight: 400;\" aria-level=\"1\"><b>AppleDelight Local Bakehouse<\/b><span style=\"font-weight: 400;\"> :Precios asequibles con buena calidad regional.<\/span><span style=\"font-weight: 400;\">\n<p><\/span><\/li>\n<\/ul>\n<h3><b>\u00bfC\u00f3mo elegir el producto o vendedor adecuado?<\/b><\/h3>\n<p><span style=\"font-weight: 400;\">Antes de realizar el pedido, verifique:<\/span><\/p>\n<ul>\n<li style=\"font-weight: 400;\" aria-level=\"1\"><b>Conditions d\u2019exp\u00e9dition<\/b><span style=\"font-weight: 400;\"> :Preferir envases que garanticen la frescura (envasado al vac\u00edo, en fr\u00edo).<\/span><span style=\"font-weight: 400;\">\n<p><\/span><\/li>\n<li style=\"font-weight: 400;\" aria-level=\"1\"><b>(4 opiniones de clientes)<\/b><span style=\"font-weight: 400;\"> :La retroalimentaci\u00f3n real es un buen indicador de calidad.<\/span><span style=\"font-weight: 400;\">\n<p><\/span><\/li>\n<li style=\"font-weight: 400;\" aria-level=\"1\"><b>Satisfacci\u00f3n garantizada<\/b><span style=\"font-weight: 400;\"> : Elija un vendedor que ofrezca un reembolso o cambio en caso de problema.<\/span><span style=\"font-weight: 400;\">\n<p><\/span><\/li>\n<li style=\"font-weight: 400;\" aria-level=\"1\"><b>Transparencia de los ingredientes<\/b><span style=\"font-weight: 400;\"> :Prefiera productos sin conservantes y con ingredientes naturales.<\/span><span style=\"font-weight: 400;\">\n<p><\/span><\/li>\n<\/ul>\n<h3><b>Conclusi\u00f3n: \u00bfPor qu\u00e9 vale la pena probar los bu\u00f1uelos de manzana y d\u00f3nde comprarlos?<\/b><\/h3>\n<p><span style=\"font-weight: 400;\">Le <\/span><b>beignet aux pommes<\/b><span style=\"font-weight: 400;\"> Es un producto imprescindible para el placer dulce, que ofrece una experiencia de sabor c\u00e1lida y placentera. Con la posibilidad de<\/span><b>acheter des beignets aux pommes en ligne<\/b><span style=\"font-weight: 400;\">Puedes disfrutar de este cl\u00e1sico en casa, en cualquier momento, sin sacrificar la calidad. Ya sea que busques un producto... <\/span><b>prix abordable<\/b><span style=\"font-weight: 400;\"> ou une cr\u00e9ation artisanale exclusive, il existe un <\/span><b>El mejor lugar para comprar bu\u00f1uelos de manzana online<\/b><span style=\"font-weight: 400;\"> que cumplir\u00e1 con sus expectativas.<\/span><\/p>\n<h2><\/h2>","protected":false},"excerpt":{"rendered":"<p>Acheter des Beignets aux Pommes en Ligne : Pourquoi ce Classique est si Populaire Introduction : Qu\u2019est-ce qu\u2019un Beignet aux Pommes et Pourquoi est-il en Demande ? Le beignet aux pommes est une p\u00e2tisserie d\u00e9licieuse et r\u00e9confortante, connue pour sa p\u00e2te moelleuse et son c\u0153ur rempli de morceaux de pommes sucr\u00e9es et \u00e9pic\u00e9es. Souvent glac\u00e9&#8230;<\/p>","protected":false},"featured_media":361,"comment_status":"open","ping_status":"closed","template":"","meta":{"_kadence_starter_templates_imported_post":false,"_kad_post_transparent":"default","_kad_post_title":"","_kad_post_layout":"default","_kad_post_sidebar_id":"","_kad_post_content_style":"default","_kad_post_vertical_padding":"default","_kad_post_feature":"","_kad_post_feature_position":"","_kad_post_header":false,"_kad_post_footer":false,"_joinchat":[]},"product_brand":[],"product_cat":[17],"product_tag":[],"class_list":{"0":"post-53","1":"product","2":"type-product","3":"status-publish","4":"has-post-thumbnail","6":"product_cat-canabis-en-ligne","8":"first","9":"instock","10":"shipping-taxable","11":"purchasable","12":"product-type-variable","13":"entry","14":"content-bg","15":"loop-entry"},"yoast_head":"<!-- This site is optimized with the Yoast SEO plugin v23.5 - https:\/\/yoast.com\/wordpress\/plugins\/seo\/ -->\n<title>Vente de beignets aux pommes - Achetez des beignets aux pommes en ligne<\/title>\n<meta name=\"description\" content=\"Vous pouvez obtenir des beignets aux pommes en vente aux meilleurs prix dans notre boutique en ligne. Nous sommes l\u00e0 pour vous aider \u00e0 acheter des beignets aux pommes en ligne. Connectez-vous au meilleur magasin de la ville d\u00e8s aujourd&#039;hui\u00a0!\" \/>\n<meta name=\"robots\" content=\"index, follow, max-snippet:-1, max-image-preview:large, max-video-preview:-1\" \/>\n<link rel=\"canonical\" href=\"https:\/\/herbelegale.com\/es\/product\/apple-fritter\/\" \/>\n<meta property=\"og:locale\" content=\"es_ES\" \/>\n<meta property=\"og:type\" content=\"article\" \/>\n<meta property=\"og:title\" content=\"Vente de beignets aux pommes - Achetez des beignets aux pommes en ligne\" \/>\n<meta property=\"og:description\" content=\"Vous pouvez obtenir des beignets aux pommes en vente aux meilleurs prix dans notre boutique en ligne. Nous sommes l\u00e0 pour vous aider \u00e0 acheter des beignets aux pommes en ligne. Connectez-vous au meilleur magasin de la ville d\u00e8s aujourd&#039;hui\u00a0!\" \/>\n<meta property=\"og:url\" content=\"https:\/\/herbelegale.com\/es\/product\/apple-fritter\/\" \/>\n<meta property=\"og:site_name\" content=\"Herbe L\u00e9gale\" \/>\n<meta property=\"article:modified_time\" content=\"2025-06-14T11:07:41+00:00\" \/>\n<meta property=\"og:image\" content=\"https:\/\/herbelegale.com\/wp-content\/uploads\/2023\/09\/Apple-Fritter.jpg\" \/>\n\t<meta property=\"og:image:width\" content=\"960\" \/>\n\t<meta property=\"og:image:height\" content=\"1280\" \/>\n\t<meta property=\"og:image:type\" content=\"image\/jpeg\" \/>\n<meta name=\"twitter:card\" content=\"summary_large_image\" \/>\n<meta name=\"twitter:label1\" content=\"Tiempo de lectura\" \/>\n\t<meta name=\"twitter:data1\" content=\"3 minutos\" \/>\n<script type=\"application\/ld+json\" class=\"yoast-schema-graph\">{\"@context\":\"https:\/\/schema.org\",\"@graph\":[{\"@type\":\"WebPage\",\"@id\":\"https:\/\/herbelegale.com\/product\/apple-fritter\/\",\"url\":\"https:\/\/herbelegale.com\/product\/apple-fritter\/\",\"name\":\"Vente de beignets aux pommes - Achetez des beignets aux pommes en ligne\",\"isPartOf\":{\"@id\":\"https:\/\/herbelegale.com\/#website\"},\"primaryImageOfPage\":{\"@id\":\"https:\/\/herbelegale.com\/product\/apple-fritter\/#primaryimage\"},\"image\":{\"@id\":\"https:\/\/herbelegale.com\/product\/apple-fritter\/#primaryimage\"},\"thumbnailUrl\":\"https:\/\/herbelegale.com\/wp-content\/uploads\/2023\/09\/Apple-Fritter.jpg\",\"datePublished\":\"2023-09-22T08:56:29+00:00\",\"dateModified\":\"2025-06-14T11:07:41+00:00\",\"description\":\"Vous pouvez obtenir des beignets aux pommes en vente aux meilleurs prix dans notre boutique en ligne. Nous sommes l\u00e0 pour vous aider \u00e0 acheter des beignets aux pommes en ligne. Connectez-vous au meilleur magasin de la ville d\u00e8s aujourd'hui\u00a0!\",\"breadcrumb\":{\"@id\":\"https:\/\/herbelegale.com\/product\/apple-fritter\/#breadcrumb\"},\"inLanguage\":\"es\",\"potentialAction\":[{\"@type\":\"ReadAction\",\"target\":[\"https:\/\/herbelegale.com\/product\/apple-fritter\/\"]}]},{\"@type\":\"ImageObject\",\"inLanguage\":\"es\",\"@id\":\"https:\/\/herbelegale.com\/product\/apple-fritter\/#primaryimage\",\"url\":\"https:\/\/herbelegale.com\/wp-content\/uploads\/2023\/09\/Apple-Fritter.jpg\",\"contentUrl\":\"https:\/\/herbelegale.com\/wp-content\/uploads\/2023\/09\/Apple-Fritter.jpg\",\"width\":960,\"height\":1280,\"caption\":\"Apple Fritter\"},{\"@type\":\"BreadcrumbList\",\"@id\":\"https:\/\/herbelegale.com\/product\/apple-fritter\/#breadcrumb\",\"itemListElement\":[{\"@type\":\"ListItem\",\"position\":1,\"name\":\"Home\",\"item\":\"https:\/\/herbelegale.com\/\"},{\"@type\":\"ListItem\",\"position\":2,\"name\":\"Boutique\",\"item\":\"https:\/\/herbelegale.com\/boutique\/\"},{\"@type\":\"ListItem\",\"position\":3,\"name\":\"Apple Fritter\"}]},{\"@type\":\"WebSite\",\"@id\":\"https:\/\/herbelegale.com\/#website\",\"url\":\"https:\/\/herbelegale.com\/\",\"name\":\"Herbe L\u00e9gale\",\"description\":\"Acheter de l&#039;herbe en ligne\",\"publisher\":{\"@id\":\"https:\/\/herbelegale.com\/#organization\"},\"potentialAction\":[{\"@type\":\"SearchAction\",\"target\":{\"@type\":\"EntryPoint\",\"urlTemplate\":\"https:\/\/herbelegale.com\/?s={search_term_string}\"},\"query-input\":{\"@type\":\"PropertyValueSpecification\",\"valueRequired\":true,\"valueName\":\"search_term_string\"}}],\"inLanguage\":\"es\"},{\"@type\":\"Organization\",\"@id\":\"https:\/\/herbelegale.com\/#organization\",\"name\":\"Herbe L\u00e9gale\",\"url\":\"https:\/\/herbelegale.com\/\",\"logo\":{\"@type\":\"ImageObject\",\"inLanguage\":\"es\",\"@id\":\"https:\/\/herbelegale.com\/#\/schema\/logo\/image\/\",\"url\":\"https:\/\/herbelegale.com\/wp-content\/uploads\/2023\/10\/logo-1.png\",\"contentUrl\":\"https:\/\/herbelegale.com\/wp-content\/uploads\/2023\/10\/logo-1.png\",\"width\":400,\"height\":120,\"caption\":\"Herbe L\u00e9gale\"},\"image\":{\"@id\":\"https:\/\/herbelegale.com\/#\/schema\/logo\/image\/\"}}]}<\/script>\n<!-- \/ Yoast SEO plugin. -->","yoast_head_json":{"title":"Vente de beignets aux pommes - Achetez des beignets aux pommes en ligne","description":"Vous pouvez obtenir des beignets aux pommes en vente aux meilleurs prix dans notre boutique en ligne. Nous sommes l\u00e0 pour vous aider \u00e0 acheter des beignets aux pommes en ligne. Connectez-vous au meilleur magasin de la ville d\u00e8s aujourd'hui\u00a0!","robots":{"index":"index","follow":"follow","max-snippet":"max-snippet:-1","max-image-preview":"max-image-preview:large","max-video-preview":"max-video-preview:-1"},"canonical":"https:\/\/herbelegale.com\/es\/product\/apple-fritter\/","og_locale":"es_ES","og_type":"article","og_title":"Vente de beignets aux pommes - Achetez des beignets aux pommes en ligne","og_description":"Vous pouvez obtenir des beignets aux pommes en vente aux meilleurs prix dans notre boutique en ligne. Nous sommes l\u00e0 pour vous aider \u00e0 acheter des beignets aux pommes en ligne. Connectez-vous au meilleur magasin de la ville d\u00e8s aujourd'hui\u00a0!","og_url":"https:\/\/herbelegale.com\/es\/product\/apple-fritter\/","og_site_name":"Herbe L\u00e9gale","article_modified_time":"2025-06-14T11:07:41+00:00","og_image":[{"width":960,"height":1280,"url":"https:\/\/herbelegale.com\/wp-content\/uploads\/2023\/09\/Apple-Fritter.jpg","type":"image\/jpeg"}],"twitter_card":"summary_large_image","twitter_misc":{"Tiempo de lectura":"3 minutos"},"schema":{"@context":"https:\/\/schema.org","@graph":[{"@type":"WebPage","@id":"https:\/\/herbelegale.com\/product\/apple-fritter\/","url":"https:\/\/herbelegale.com\/product\/apple-fritter\/","name":"Vente de beignets aux pommes - Achetez des beignets aux pommes en ligne","isPartOf":{"@id":"https:\/\/herbelegale.com\/#website"},"primaryImageOfPage":{"@id":"https:\/\/herbelegale.com\/product\/apple-fritter\/#primaryimage"},"image":{"@id":"https:\/\/herbelegale.com\/product\/apple-fritter\/#primaryimage"},"thumbnailUrl":"https:\/\/herbelegale.com\/wp-content\/uploads\/2023\/09\/Apple-Fritter.jpg","datePublished":"2023-09-22T08:56:29+00:00","dateModified":"2025-06-14T11:07:41+00:00","description":"Vous pouvez obtenir des beignets aux pommes en vente aux meilleurs prix dans notre boutique en ligne. Nous sommes l\u00e0 pour vous aider \u00e0 acheter des beignets aux pommes en ligne. Connectez-vous au meilleur magasin de la ville d\u00e8s aujourd'hui\u00a0!","breadcrumb":{"@id":"https:\/\/herbelegale.com\/product\/apple-fritter\/#breadcrumb"},"inLanguage":"es","potentialAction":[{"@type":"ReadAction","target":["https:\/\/herbelegale.com\/product\/apple-fritter\/"]}]},{"@type":"ImageObject","inLanguage":"es","@id":"https:\/\/herbelegale.com\/product\/apple-fritter\/#primaryimage","url":"https:\/\/herbelegale.com\/wp-content\/uploads\/2023\/09\/Apple-Fritter.jpg","contentUrl":"https:\/\/herbelegale.com\/wp-content\/uploads\/2023\/09\/Apple-Fritter.jpg","width":960,"height":1280,"caption":"Apple Fritter"},{"@type":"BreadcrumbList","@id":"https:\/\/herbelegale.com\/product\/apple-fritter\/#breadcrumb","itemListElement":[{"@type":"ListItem","position":1,"name":"Home","item":"https:\/\/herbelegale.com\/"},{"@type":"ListItem","position":2,"name":"Boutique","item":"https:\/\/herbelegale.com\/boutique\/"},{"@type":"ListItem","position":3,"name":"Apple Fritter"}]},{"@type":"WebSite","@id":"https:\/\/herbelegale.com\/#website","url":"https:\/\/herbelegale.com\/","name":"Herbe L\u00e9gale","description":"Acheter de l&#039;herbe en ligne","publisher":{"@id":"https:\/\/herbelegale.com\/#organization"},"potentialAction":[{"@type":"SearchAction","target":{"@type":"EntryPoint","urlTemplate":"https:\/\/herbelegale.com\/?s={search_term_string}"},"query-input":{"@type":"PropertyValueSpecification","valueRequired":true,"valueName":"search_term_string"}}],"inLanguage":"es"},{"@type":"Organization","@id":"https:\/\/herbelegale.com\/#organization","name":"Herbe L\u00e9gale","url":"https:\/\/herbelegale.com\/","logo":{"@type":"ImageObject","inLanguage":"es","@id":"https:\/\/herbelegale.com\/#\/schema\/logo\/image\/","url":"https:\/\/herbelegale.com\/wp-content\/uploads\/2023\/10\/logo-1.png","contentUrl":"https:\/\/herbelegale.com\/wp-content\/uploads\/2023\/10\/logo-1.png","width":400,"height":120,"caption":"Herbe L\u00e9gale"},"image":{"@id":"https:\/\/herbelegale.com\/#\/schema\/logo\/image\/"}}]}},"_links":{"self":[{"href":"https:\/\/herbelegale.com\/es\/wp-json\/wp\/v2\/product\/53","targetHints":{"allow":["GET"]}}],"collection":[{"href":"https:\/\/herbelegale.com\/es\/wp-json\/wp\/v2\/product"}],"about":[{"href":"https:\/\/herbelegale.com\/es\/wp-json\/wp\/v2\/types\/product"}],"replies":[{"embeddable":true,"href":"https:\/\/herbelegale.com\/es\/wp-json\/wp\/v2\/comments?post=53"}],"wp:featuredmedia":[{"embeddable":true,"href":"https:\/\/herbelegale.com\/es\/wp-json\/wp\/v2\/media\/361"}],"wp:attachment":[{"href":"https:\/\/herbelegale.com\/es\/wp-json\/wp\/v2\/media?parent=53"}],"wp:term":[{"taxonomy":"product_brand","embeddable":true,"href":"https:\/\/herbelegale.com\/es\/wp-json\/wp\/v2\/product_brand?post=53"},{"taxonomy":"product_cat","embeddable":true,"href":"https:\/\/herbelegale.com\/es\/wp-json\/wp\/v2\/product_cat?post=53"},{"taxonomy":"product_tag","embeddable":true,"href":"https:\/\/herbelegale.com\/es\/wp-json\/wp\/v2\/product_tag?post=53"}],"curies":[{"name":"wp","href":"https:\/\/api.w.org\/{rel}","templated":true}]}}