{"id":1391,"date":"2023-09-30T10:46:42","date_gmt":"2023-09-30T10:46:42","guid":{"rendered":"https:\/\/nembutalhouse.com\/weed\/?post_type=product&#038;p=1391"},"modified":"2025-07-19T12:31:13","modified_gmt":"2025-07-19T12:31:13","slug":"sour-diesel-cannabis-oil","status":"publish","type":"product","link":"https:\/\/herbelegale.com\/es\/product\/sour-diesel-cannabis-oil\/","title":{"rendered":"Aceite de cannabis Sour Diesel"},"content":{"rendered":"<h2><b>Aceite de cannabis Sour Diesel: energ\u00eda pura y alivio instant\u00e1neo<\/b><\/h2>\n<p><a href=\"https:\/\/herbelegale.com\/es\/product\/sour-diesel-cannabis-oil\/\">L&rsquo;Huile de Cannabis Sour Diesel<\/a> Es un extracto de cannabis concentrado de alta calidad de la popular cepa Sour Diesel, conocida por sus efectos energizantes y que mejoran el estado de \u00e1nimo. Este aceite es una soluci\u00f3n ideal para quienes buscan combinar un efecto energ\u00e9tico a la vez que se benefician de las virtudes terap\u00e9uticas del cannabis, especialmente para combatir el estr\u00e9s, la fatiga y otras dolencias cotidianas. Tanto si es usted un consumidor ocasional como un conocedor experimentado, el aceite Sour Diesel cumplir\u00e1 sus expectativas con su potencia y beneficios.<\/p>\n<h3><b>\u00bfQu\u00e9 es el aceite de cannabis Sour Diesel?<\/b><\/h3>\n<p><a href=\"https:\/\/en.wikipedia.org\/wiki\/Sour_Diesel\">L&rsquo;huile Sour Diesel<\/a> es un extracto concentrado de la cepa Sour Diesel, una variedad sativa muy valorada en el mundo cann\u00e1bico por su sabor a lim\u00f3n y su efecto estimulante. Este aceite se extrae de los tricomas del cannabis, lo que permite una alta concentraci\u00f3n de THC y CBD, proporcionando efectos potentes y duraderos. Es ideal para quienes buscan una experiencia energizante y una mejor concentraci\u00f3n. El aceite Sour Diesel se puede utilizar de distintas maneras, incluso por v\u00eda sublingual, en c\u00e1psulas o incluso en un vaporizador.<\/p>\n<h3><b>Usos y efectos comunes del aceite di\u00e9sel agrio<\/b><\/h3>\n<p><b>Efectos t\u00edpicos:<\/b><\/p>\n<ul>\n<li style=\"font-weight: 400;\" aria-level=\"1\">Energiboost og hum\u00f8rforbedring&nbsp;<\/li>\n<li style=\"font-weight: 400;\" aria-level=\"1\">Stressin ja ahdistuksen v\u00e4heneminen&nbsp;<\/li>\n<li style=\"font-weight: 400;\" aria-level=\"1\">Poprawa koncentracji i produktywno\u015bci&nbsp;<\/li>\n<li style=\"font-weight: 400;\" aria-level=\"1\">Soulagement des douleurs chroniques (articulaires, musculaires)&nbsp;<\/li>\n<li style=\"font-weight: 400;\" aria-level=\"1\">Euforisk og forfriskende effekt&nbsp;<\/li>\n<\/ul>\n<h3><b>M\u00e9todos de consumo:<\/b><\/h3>\n<ul>\n<li style=\"font-weight: 400;\" aria-level=\"1\">Pod j\u0119zyk (dla szybkiego wch\u0142aniania)&nbsp;<\/li>\n<li style=\"font-weight: 400;\" aria-level=\"1\">Blandet med mad eller drikke&nbsp;<\/li>\n<li style=\"font-weight: 400;\" aria-level=\"1\">Vaporisation (utilisation d'un vaporisateur kompatibel)&nbsp;<\/li>\n<li style=\"font-weight: 400;\" aria-level=\"1\">Kapselissa (helppo annostelu)&nbsp;<\/li>\n<\/ul>\n<h3><b>Estatuto jur\u00eddico: un marco que var\u00eda seg\u00fan la regi\u00f3n<\/b><\/h3>\n<p>El estatus legal del aceite de cannabis Sour Diesel var\u00eda mucho seg\u00fan la regi\u00f3n o el pa\u00eds. En algunas jurisdicciones, el uso del aceite es completamente legal, mientras que en otras est\u00e1 estrictamente regulado. Por tanto, la compra, venta y consumo de cannabis est\u00e1n sujetos a leyes locales espec\u00edficas.<\/p>\n<p>Consejo: antes de comprar aceite Sour Diesel en l\u00ednea, aseg\u00farese de conocer las leyes locales con respecto a la venta y el consumo de cannabis.<\/p>\n<h3><b>\u00bfPor qu\u00e9 comprar aceite de cannabis Sour Diesel online?<\/b><\/h3>\n<p><b>Accesibilidad<\/b><\/p>\n<p>Comprar aceite Sour Diesel en l\u00ednea le ofrece una comodidad incomparable. Podr\u00e1s acceder a productos de calidad sin salir de casa, pudiendo comparar f\u00e1cilmente precios y calidades. Tambi\u00e9n es una excelente manera de evitar las limitaciones geogr\u00e1ficas para obtener productos premium.<\/p>\n<p><b>Diversidad de vendedores<\/b><\/p>\n<p>En Internet encontrar\u00e1 una amplia gama de vendedores especializados que ofrecen aceite de cannabis Sour Diesel, con productos de diferente calidad y precio. Esto le permite encontrar el aceite Sour Diesel ideal a un precio que se ajuste a su presupuesto, y al mismo tiempo tener acceso a informaci\u00f3n detallada sobre el origen y la composici\u00f3n del producto.<\/p>\n<p><b>Entrega discreta y segura<\/b><\/p>\n<p>Las mejores plataformas ofrecen entregas discretas, con embalaje sencillo, lo que garantiza que sus compras permanezcan privadas. Adem\u00e1s, muchos sitios ofrecen opciones de entrega expr\u00e9s, as\u00ed como un seguimiento preciso de los pedidos.<\/p>\n<h3><b>\u00bfC\u00f3mo elegir un vendedor confiable para pedir aceite de cannabis Sour Diesel en l\u00ednea?<\/b><\/h3>\n<p>Para garantizar una experiencia de compra exitosa y evitar sorpresas desagradables, aqu\u00ed hay algunos criterios a tener en cuenta al elegir a su vendedor en l\u00ednea:<\/p>\n<ol>\n<li style=\"font-weight: 400;\" aria-level=\"1\">Verifique la reputaci\u00f3n del vendedor, lea las opiniones de los clientes y busque recomendaciones en foros o grupos de consumidores.&nbsp;<\/li>\n<li style=\"font-weight: 400;\" aria-level=\"1\">Transparencia del producto: aseg\u00farese de que el vendedor proporcione informaci\u00f3n detallada sobre la fuente del aceite, el contenido de THC y CBD y el proceso de extracci\u00f3n.&nbsp;<\/li>\n<li style=\"font-weight: 400;\" aria-level=\"1\">Seguridad de pago: elige sitios con seguridad de pago para proteger tus datos bancarios.&nbsp;<\/li>\n<li style=\"font-weight: 400;\" aria-level=\"1\">Pol\u00edtica de env\u00edo y devoluci\u00f3n: Consulte las pol\u00edticas de devoluci\u00f3n y las opciones de entrega discreta.<span style=\"font-weight: 400;\"> pour garantir un achat sans tracas.<\/span><\/li>\n<\/ol>\n<h3><b>Pol\u00edticas de env\u00edo<\/b><\/h3>\n<p>Los sitios confiables ofrecen env\u00edos r\u00e1pidos con seguimiento detallado del pedido. Tambi\u00e9n puedes elegir opciones de env\u00edo discretas, garantizando la confidencialidad de tus compras. Algunos vendedores incluso ofrecen env\u00edo reducido o gratuito, dependiendo del monto de su pedido.<\/p>\n<h3><b>Riesgos y precauciones a tomar<\/b><\/h3>\n<p>Aunque el aceite Sour Diesel es un producto natural, existen algunos riesgos asociados con su consumo excesivo, entre ellos:<\/p>\n<ul>\n<li style=\"font-weight: 400;\" aria-level=\"1\">Overdreven s\u00f8vnighed eller tr\u00e6thed&nbsp;<\/li>\n<li style=\"font-weight: 400;\" aria-level=\"1\">Ansiedad o paranoia en personas sensibles&nbsp;<\/li>\n<li style=\"font-weight: 400;\" aria-level=\"1\">Wechselwirkungen mit bestimmten Medikamenten<span style=\"font-weight: 400;\"> (especialmente para personas sometidas a tratamiento m\u00e9dico)<\/span>&nbsp;<\/li>\n<\/ul>\n<h3><b>Precauciones a tomar:<\/b><\/h3>\n<ul>\n<li style=\"font-weight: 400;\" aria-level=\"1\">Comience con una dosis peque\u00f1a, especialmente si es principiante.&nbsp;<\/li>\n<li style=\"font-weight: 400;\" aria-level=\"1\">No conduzca despu\u00e9s de beber&nbsp;<\/li>\n<li style=\"font-weight: 400;\" aria-level=\"1\">Consulte con un profesional de la salud si tiene alguna inquietud sobre el uso de productos de cannabis, especialmente si est\u00e1 embarazada, amamantando o tomando medicamentos.&nbsp;<\/li>\n<\/ul>\n<h3><b>Conclusi\u00f3n: Dale energ\u00eda a tu d\u00eda con Sour Diesel Oil<\/b><\/h3>\n<p>El aceite de cannabis Sour Diesel es una gran opci\u00f3n para quienes buscan una experiencia energizante, con efectos inmediatos y duraderos. Gracias a su eficacia y beneficios terap\u00e9uticos, es ideal para aliviar el estr\u00e9s y potenciar la concentraci\u00f3n. Comprar aceite Sour Diesel en l\u00ednea le brinda f\u00e1cil acceso a un producto de calidad, entregado directamente en su puerta en un embalaje discreto.<\/p>","protected":false},"excerpt":{"rendered":"<p>Huile de Cannabis Sour Diesel \u2013 Pour une \u00c9nergie Pure et un Soulagement Instantan\u00e9 L&rsquo;Huile de Cannabis Sour Diesel est un extrait de cannabis concentr\u00e9 de haute qualit\u00e9, provenant de la c\u00e9l\u00e8bre vari\u00e9t\u00e9 Sour Diesel, connue pour ses effets \u00e9nergisants et stimulateurs d&rsquo;humeur. Cette huile est une solution id\u00e9ale pour ceux qui cherchent \u00e0 combiner&#8230;<\/p>","protected":false},"featured_media":1410,"comment_status":"open","ping_status":"closed","template":"","meta":{"_kadence_starter_templates_imported_post":false,"_kad_post_transparent":"default","_kad_post_title":"","_kad_post_layout":"default","_kad_post_sidebar_id":"","_kad_post_content_style":"default","_kad_post_vertical_padding":"default","_kad_post_feature":"","_kad_post_feature_position":"","_kad_post_header":false,"_kad_post_footer":false,"_joinchat":[]},"product_brand":[],"product_cat":[30],"product_tag":[],"class_list":{"0":"post-1391","1":"product","2":"type-product","3":"status-publish","4":"has-post-thumbnail","6":"product_cat-huile-de-cannabis-thc","8":"first","9":"instock","10":"shipping-taxable","11":"purchasable","12":"product-type-variable","13":"entry","14":"content-bg","15":"loop-entry"},"yoast_head":"<!-- This site is optimized with the Yoast SEO plugin v23.5 - https:\/\/yoast.com\/wordpress\/plugins\/seo\/ -->\n<title>Acheter de l&#039;huile de cannabis Skywalker OG en ligne<\/title>\n<meta name=\"description\" content=\"Vous souhaitez acheter de l&#039;huile de cannabis Skywalker OG en ligne \u00e0 un prix raisonnable ? Visitez notre magasin de produits chimiques en ligne r\u00e9put\u00e9 et achetez de l&#039;huile de cannabis Skywalker OG en vente d\u00e8s aujourd&#039;hui. Passez une commande maintenant et obtenez le meilleur tarif dans notre magasin.\" \/>\n<meta name=\"robots\" content=\"index, follow, max-snippet:-1, max-image-preview:large, max-video-preview:-1\" \/>\n<link rel=\"canonical\" href=\"https:\/\/herbelegale.com\/es\/product\/sour-diesel-cannabis-oil\/\" \/>\n<meta property=\"og:locale\" content=\"es_ES\" \/>\n<meta property=\"og:type\" content=\"article\" \/>\n<meta property=\"og:title\" content=\"Acheter de l&#039;huile de cannabis Skywalker OG en ligne\" \/>\n<meta property=\"og:description\" content=\"Vous souhaitez acheter de l&#039;huile de cannabis Skywalker OG en ligne \u00e0 un prix raisonnable ? Visitez notre magasin de produits chimiques en ligne r\u00e9put\u00e9 et achetez de l&#039;huile de cannabis Skywalker OG en vente d\u00e8s aujourd&#039;hui. Passez une commande maintenant et obtenez le meilleur tarif dans notre magasin.\" \/>\n<meta property=\"og:url\" content=\"https:\/\/herbelegale.com\/es\/product\/sour-diesel-cannabis-oil\/\" \/>\n<meta property=\"og:site_name\" content=\"Herbe L\u00e9gale\" \/>\n<meta property=\"article:modified_time\" content=\"2025-07-19T12:31:13+00:00\" \/>\n<meta property=\"og:image\" content=\"https:\/\/herbelegale.com\/wp-content\/uploads\/2023\/09\/Sour-Diesel-Cannabis-Oil.jpg\" \/>\n\t<meta property=\"og:image:width\" content=\"600\" \/>\n\t<meta property=\"og:image:height\" content=\"600\" \/>\n\t<meta property=\"og:image:type\" content=\"image\/jpeg\" \/>\n<meta name=\"twitter:card\" content=\"summary_large_image\" \/>\n<meta name=\"twitter:label1\" content=\"Tiempo de lectura\" \/>\n\t<meta name=\"twitter:data1\" content=\"5 minutos\" \/>\n<script type=\"application\/ld+json\" class=\"yoast-schema-graph\">{\"@context\":\"https:\/\/schema.org\",\"@graph\":[{\"@type\":\"WebPage\",\"@id\":\"https:\/\/herbelegale.com\/product\/sour-diesel-cannabis-oil\/\",\"url\":\"https:\/\/herbelegale.com\/product\/sour-diesel-cannabis-oil\/\",\"name\":\"Acheter de l'huile de cannabis Skywalker OG en ligne\",\"isPartOf\":{\"@id\":\"https:\/\/herbelegale.com\/#website\"},\"primaryImageOfPage\":{\"@id\":\"https:\/\/herbelegale.com\/product\/sour-diesel-cannabis-oil\/#primaryimage\"},\"image\":{\"@id\":\"https:\/\/herbelegale.com\/product\/sour-diesel-cannabis-oil\/#primaryimage\"},\"thumbnailUrl\":\"https:\/\/herbelegale.com\/wp-content\/uploads\/2023\/09\/Sour-Diesel-Cannabis-Oil.jpg\",\"datePublished\":\"2023-09-30T10:46:42+00:00\",\"dateModified\":\"2025-07-19T12:31:13+00:00\",\"description\":\"Vous souhaitez acheter de l'huile de cannabis Skywalker OG en ligne \u00e0 un prix raisonnable ? Visitez notre magasin de produits chimiques en ligne r\u00e9put\u00e9 et achetez de l'huile de cannabis Skywalker OG en vente d\u00e8s aujourd'hui. Passez une commande maintenant et obtenez le meilleur tarif dans notre magasin.\",\"breadcrumb\":{\"@id\":\"https:\/\/herbelegale.com\/product\/sour-diesel-cannabis-oil\/#breadcrumb\"},\"inLanguage\":\"es\",\"potentialAction\":[{\"@type\":\"ReadAction\",\"target\":[\"https:\/\/herbelegale.com\/product\/sour-diesel-cannabis-oil\/\"]}]},{\"@type\":\"ImageObject\",\"inLanguage\":\"es\",\"@id\":\"https:\/\/herbelegale.com\/product\/sour-diesel-cannabis-oil\/#primaryimage\",\"url\":\"https:\/\/herbelegale.com\/wp-content\/uploads\/2023\/09\/Sour-Diesel-Cannabis-Oil.jpg\",\"contentUrl\":\"https:\/\/herbelegale.com\/wp-content\/uploads\/2023\/09\/Sour-Diesel-Cannabis-Oil.jpg\",\"width\":600,\"height\":600,\"caption\":\"Sour-Diesel-Cannabis-Oil\"},{\"@type\":\"BreadcrumbList\",\"@id\":\"https:\/\/herbelegale.com\/product\/sour-diesel-cannabis-oil\/#breadcrumb\",\"itemListElement\":[{\"@type\":\"ListItem\",\"position\":1,\"name\":\"Home\",\"item\":\"https:\/\/herbelegale.com\/\"},{\"@type\":\"ListItem\",\"position\":2,\"name\":\"Boutique\",\"item\":\"https:\/\/herbelegale.com\/boutique\/\"},{\"@type\":\"ListItem\",\"position\":3,\"name\":\"Sour Diesel Cannabis Oil\"}]},{\"@type\":\"WebSite\",\"@id\":\"https:\/\/herbelegale.com\/#website\",\"url\":\"https:\/\/herbelegale.com\/\",\"name\":\"Herbe L\u00e9gale\",\"description\":\"Acheter de l&#039;herbe en ligne\",\"publisher\":{\"@id\":\"https:\/\/herbelegale.com\/#organization\"},\"potentialAction\":[{\"@type\":\"SearchAction\",\"target\":{\"@type\":\"EntryPoint\",\"urlTemplate\":\"https:\/\/herbelegale.com\/?s={search_term_string}\"},\"query-input\":{\"@type\":\"PropertyValueSpecification\",\"valueRequired\":true,\"valueName\":\"search_term_string\"}}],\"inLanguage\":\"es\"},{\"@type\":\"Organization\",\"@id\":\"https:\/\/herbelegale.com\/#organization\",\"name\":\"Herbe L\u00e9gale\",\"url\":\"https:\/\/herbelegale.com\/\",\"logo\":{\"@type\":\"ImageObject\",\"inLanguage\":\"es\",\"@id\":\"https:\/\/herbelegale.com\/#\/schema\/logo\/image\/\",\"url\":\"https:\/\/herbelegale.com\/wp-content\/uploads\/2023\/10\/logo-1.png\",\"contentUrl\":\"https:\/\/herbelegale.com\/wp-content\/uploads\/2023\/10\/logo-1.png\",\"width\":400,\"height\":120,\"caption\":\"Herbe L\u00e9gale\"},\"image\":{\"@id\":\"https:\/\/herbelegale.com\/#\/schema\/logo\/image\/\"}}]}<\/script>\n<!-- \/ Yoast SEO plugin. -->","yoast_head_json":{"title":"Acheter de l'huile de cannabis Skywalker OG en ligne","description":"Vous souhaitez acheter de l'huile de cannabis Skywalker OG en ligne \u00e0 un prix raisonnable ? Visitez notre magasin de produits chimiques en ligne r\u00e9put\u00e9 et achetez de l'huile de cannabis Skywalker OG en vente d\u00e8s aujourd'hui. Passez une commande maintenant et obtenez le meilleur tarif dans notre magasin.","robots":{"index":"index","follow":"follow","max-snippet":"max-snippet:-1","max-image-preview":"max-image-preview:large","max-video-preview":"max-video-preview:-1"},"canonical":"https:\/\/herbelegale.com\/es\/product\/sour-diesel-cannabis-oil\/","og_locale":"es_ES","og_type":"article","og_title":"Acheter de l'huile de cannabis Skywalker OG en ligne","og_description":"Vous souhaitez acheter de l'huile de cannabis Skywalker OG en ligne \u00e0 un prix raisonnable ? Visitez notre magasin de produits chimiques en ligne r\u00e9put\u00e9 et achetez de l'huile de cannabis Skywalker OG en vente d\u00e8s aujourd'hui. Passez une commande maintenant et obtenez le meilleur tarif dans notre magasin.","og_url":"https:\/\/herbelegale.com\/es\/product\/sour-diesel-cannabis-oil\/","og_site_name":"Herbe L\u00e9gale","article_modified_time":"2025-07-19T12:31:13+00:00","og_image":[{"width":600,"height":600,"url":"https:\/\/herbelegale.com\/wp-content\/uploads\/2023\/09\/Sour-Diesel-Cannabis-Oil.jpg","type":"image\/jpeg"}],"twitter_card":"summary_large_image","twitter_misc":{"Tiempo de lectura":"5 minutos"},"schema":{"@context":"https:\/\/schema.org","@graph":[{"@type":"WebPage","@id":"https:\/\/herbelegale.com\/product\/sour-diesel-cannabis-oil\/","url":"https:\/\/herbelegale.com\/product\/sour-diesel-cannabis-oil\/","name":"Acheter de l'huile de cannabis Skywalker OG en ligne","isPartOf":{"@id":"https:\/\/herbelegale.com\/#website"},"primaryImageOfPage":{"@id":"https:\/\/herbelegale.com\/product\/sour-diesel-cannabis-oil\/#primaryimage"},"image":{"@id":"https:\/\/herbelegale.com\/product\/sour-diesel-cannabis-oil\/#primaryimage"},"thumbnailUrl":"https:\/\/herbelegale.com\/wp-content\/uploads\/2023\/09\/Sour-Diesel-Cannabis-Oil.jpg","datePublished":"2023-09-30T10:46:42+00:00","dateModified":"2025-07-19T12:31:13+00:00","description":"Vous souhaitez acheter de l'huile de cannabis Skywalker OG en ligne \u00e0 un prix raisonnable ? Visitez notre magasin de produits chimiques en ligne r\u00e9put\u00e9 et achetez de l'huile de cannabis Skywalker OG en vente d\u00e8s aujourd'hui. Passez une commande maintenant et obtenez le meilleur tarif dans notre magasin.","breadcrumb":{"@id":"https:\/\/herbelegale.com\/product\/sour-diesel-cannabis-oil\/#breadcrumb"},"inLanguage":"es","potentialAction":[{"@type":"ReadAction","target":["https:\/\/herbelegale.com\/product\/sour-diesel-cannabis-oil\/"]}]},{"@type":"ImageObject","inLanguage":"es","@id":"https:\/\/herbelegale.com\/product\/sour-diesel-cannabis-oil\/#primaryimage","url":"https:\/\/herbelegale.com\/wp-content\/uploads\/2023\/09\/Sour-Diesel-Cannabis-Oil.jpg","contentUrl":"https:\/\/herbelegale.com\/wp-content\/uploads\/2023\/09\/Sour-Diesel-Cannabis-Oil.jpg","width":600,"height":600,"caption":"Sour-Diesel-Cannabis-Oil"},{"@type":"BreadcrumbList","@id":"https:\/\/herbelegale.com\/product\/sour-diesel-cannabis-oil\/#breadcrumb","itemListElement":[{"@type":"ListItem","position":1,"name":"Home","item":"https:\/\/herbelegale.com\/"},{"@type":"ListItem","position":2,"name":"Boutique","item":"https:\/\/herbelegale.com\/boutique\/"},{"@type":"ListItem","position":3,"name":"Sour Diesel Cannabis Oil"}]},{"@type":"WebSite","@id":"https:\/\/herbelegale.com\/#website","url":"https:\/\/herbelegale.com\/","name":"Herbe L\u00e9gale","description":"Acheter de l&#039;herbe en ligne","publisher":{"@id":"https:\/\/herbelegale.com\/#organization"},"potentialAction":[{"@type":"SearchAction","target":{"@type":"EntryPoint","urlTemplate":"https:\/\/herbelegale.com\/?s={search_term_string}"},"query-input":{"@type":"PropertyValueSpecification","valueRequired":true,"valueName":"search_term_string"}}],"inLanguage":"es"},{"@type":"Organization","@id":"https:\/\/herbelegale.com\/#organization","name":"Herbe L\u00e9gale","url":"https:\/\/herbelegale.com\/","logo":{"@type":"ImageObject","inLanguage":"es","@id":"https:\/\/herbelegale.com\/#\/schema\/logo\/image\/","url":"https:\/\/herbelegale.com\/wp-content\/uploads\/2023\/10\/logo-1.png","contentUrl":"https:\/\/herbelegale.com\/wp-content\/uploads\/2023\/10\/logo-1.png","width":400,"height":120,"caption":"Herbe L\u00e9gale"},"image":{"@id":"https:\/\/herbelegale.com\/#\/schema\/logo\/image\/"}}]}},"_links":{"self":[{"href":"https:\/\/herbelegale.com\/es\/wp-json\/wp\/v2\/product\/1391","targetHints":{"allow":["GET"]}}],"collection":[{"href":"https:\/\/herbelegale.com\/es\/wp-json\/wp\/v2\/product"}],"about":[{"href":"https:\/\/herbelegale.com\/es\/wp-json\/wp\/v2\/types\/product"}],"replies":[{"embeddable":true,"href":"https:\/\/herbelegale.com\/es\/wp-json\/wp\/v2\/comments?post=1391"}],"wp:featuredmedia":[{"embeddable":true,"href":"https:\/\/herbelegale.com\/es\/wp-json\/wp\/v2\/media\/1410"}],"wp:attachment":[{"href":"https:\/\/herbelegale.com\/es\/wp-json\/wp\/v2\/media?parent=1391"}],"wp:term":[{"taxonomy":"product_brand","embeddable":true,"href":"https:\/\/herbelegale.com\/es\/wp-json\/wp\/v2\/product_brand?post=1391"},{"taxonomy":"product_cat","embeddable":true,"href":"https:\/\/herbelegale.com\/es\/wp-json\/wp\/v2\/product_cat?post=1391"},{"taxonomy":"product_tag","embeddable":true,"href":"https:\/\/herbelegale.com\/es\/wp-json\/wp\/v2\/product_tag?post=1391"}],"curies":[{"name":"wp","href":"https:\/\/api.w.org\/{rel}","templated":true}]}}