{"id":1347,"date":"2023-09-30T10:18:33","date_gmt":"2023-09-30T10:18:33","guid":{"rendered":"https:\/\/nembutalhouse.com\/weed\/?post_type=product&#038;p=1347"},"modified":"2025-07-19T05:02:49","modified_gmt":"2025-07-19T05:02:49","slug":"bubble-hash","status":"publish","type":"product","link":"https:\/\/herbelegale.com\/es\/product\/bubble-hash\/","title":{"rendered":"Hash de burbujas"},"content":{"rendered":"<h2><b>Introducci\u00f3n a Bubble Hash<\/b><\/h2>\n<p>Et koncentrat, der er v\u00e6rdsat af kendere verden over. <a href=\"https:\/\/herbelegale.com\/es\/product\/bubble-hash\/\">Hash de burbujas<\/a> Es reconocido por su excepcional pureza, potencia y m\u00e9todo de extracci\u00f3n artesanal. Gracias a un proceso espec\u00edfico a base de agua helada, esta resina cristalina ofrece un resultado limpio, sabroso y rico en cannabinoides.<\/p>\n<p>Aujourd\u2019hui, de nombreux consommateurs choisissent d\u2019<a href=\"https:\/\/en.wikipedia.org\/wiki\/Hashish\">comprar hach\u00eds de burbuja en l\u00ednea<\/a> pour d\u00e9couvrir ou red\u00e9couvrir cette merveille du monde du cannabis sous sa forme la plus pure.<\/p>\n<h3><b>\u00bfQu\u00e9 es Bubble Hash?<\/b><\/h3>\n<p>El hach\u00eds de burbujas, tambi\u00e9n conocido como \"Ice-O-Lator\" o \"Ice Hash\", se obtiene mediante extracci\u00f3n mec\u00e1nica con agua helada y mallas finas. Este proceso natural separa los tricomas de la planta de cannabis, creando una resina concentrada sin disolventes ni aditivos qu\u00edmicos.<\/p>\n<p>Su nombre se debe a que, al calentarse, burbujea al derretirse, un sello distintivo de calidad y pureza. Cuanto m\u00e1s puro sea el producto, m\u00e1s burbujas producir\u00e1 el Bubble Hash al quemarse.<\/p>\n<h3><b>Usos y efectos comunes<\/b><\/h3>\n<p>Bubble Hash on erityisen arvostettu seuraavista syist\u00e4:<\/p>\n<ul>\n<li style=\"font-weight: 400;\" aria-level=\"1\"><span style=\"font-weight: 400;\">Sen voimakkaat, v\u00e4litt\u00f6m\u00e4t ja pitk\u00e4aikaiset vaikutukset<\/span>&nbsp;<\/li>\n<li style=\"font-weight: 400;\" aria-level=\"1\"><span style=\"font-weight: 400;\">Jego czysty, naturalny i intensywny smak<\/span>&nbsp;<\/li>\n<li style=\"font-weight: 400;\" aria-level=\"1\"><span style=\"font-weight: 400;\">Sus propiedades relajantes a largo plazo<\/span>&nbsp;<\/li>\n<li style=\"font-weight: 400;\" aria-level=\"1\"><span style=\"font-weight: 400;\">Sen potentiaali stimuloida luovuutta tai henkist\u00e4 euforiaa (riippuen alkuper\u00e4isest\u00e4 kannasta)<\/span>&nbsp;<\/li>\n<\/ul>\n<p><span style=\"font-weight: 400;\">Det kan indtages alene, blandes med blomster eller inkorporeres i cannabisbaserede f\u00f8devarer.<\/span><\/p>\n<h3><b>Juridisk status (afh\u00e6ngigt af region)<\/b><\/h3>\n<p>Como todos los productos ricos en THC, la legalidad del hach\u00eds de burbujas depende completamente de las regulaciones locales. En algunos pa\u00edses, est\u00e1 estrictamente prohibido, mientras que en otros, se tolera o es legal bajo ciertas condiciones. Antes de comprar hach\u00eds de burbujas en l\u00ednea, aseg\u00farese de consultar las leyes aplicables en su pa\u00eds o regi\u00f3n.<\/p>\n<h3><b>Pourquoi acheter Bubble Hash en ligne ?<\/b><\/h3>\n<h3><b>Accesibilidad<\/b><\/h3>\n<p>Comprar Bubble Hash online facilita encontrar resinas de alta calidad que a veces no est\u00e1n disponibles en las tiendas locales.<\/p>\n<h3><b>Variedad de vendedores<\/b><\/h3>\n<p>Muchos vendedores especializados ofrecen ahora Bubble Hash a la venta en diferentes calidades, concentraciones y tipos de cepas (sativa, indica, h\u00edbrida, etc.).<\/p>\n<h3><b>Env\u00edo discreto<\/b><\/h3>\n<p>Los mejores sitios de compras en l\u00ednea garantizan un env\u00edo discreto en un embalaje sencillo para proteger su privacidad y garantizar una entrega sin problemas.<\/p>\n<h3><b>Come scegliere un venditore affidabile?<\/b><\/h3>\n<p>Encontrar el mejor lugar para comprar Amnesia Hash en l\u00ednea requiere un poco de investigaci\u00f3n. A continuaci\u00f3n se presentan algunos criterios esenciales:<\/p>\n<ul>\n<li style=\"font-weight: 400;\" aria-level=\"1\">Tarkista Bubble Hashin hinta vertaillaksesi laatua\/hintaa useiden myyjien v\u00e4lill\u00e4&nbsp;<\/li>\n<li style=\"font-weight: 400;\" aria-level=\"1\"><span style=\"font-weight: 400;\">Tarkista sivuston maine varmennettujen asiakasarvostelujen avulla<\/span>&nbsp;<\/li>\n<li style=\"font-weight: 400;\" aria-level=\"1\"><span style=\"font-weight: 400;\">Se efter laboratoriecertifikater, der garanterer kvalitet og renhed<\/span>&nbsp;<\/li>\n<li style=\"font-weight: 400;\" aria-level=\"1\"><span style=\"font-weight: 400;\">Wybieraj sprzedawc\u00f3w, kt\u00f3rzy oferuj\u0105 dost\u0119pn\u0105 i profesjonaln\u0105 obs\u0142ug\u0119 klienta.<\/span>&nbsp;<\/li>\n<li style=\"font-weight: 400;\" aria-level=\"1\"><span style=\"font-weight: 400;\">Zapoznaj si\u0119 z warunkami dostawy i zwrotu<\/span>&nbsp;<\/li>\n<\/ul>\n<h3><b>Pol\u00edticas de entrega<\/b><\/h3>\n<p><span style=\"font-weight: 400;\">Hyv\u00e4n verkkokauppasivuston on tarjottava:<\/span><\/p>\n<ul>\n<li style=\"font-weight: 400;\" aria-level=\"1\"><span style=\"font-weight: 400;\">Plazos de entrega razonables<\/span>&nbsp;<\/li>\n<li style=\"font-weight: 400;\" aria-level=\"1\"><span style=\"font-weight: 400;\">Et sporingsnummer til din ordre<\/span>&nbsp;<\/li>\n<li style=\"font-weight: 400;\" aria-level=\"1\"><span style=\"font-weight: 400;\">Garant\u00edas en caso de problema (paquete perdido o da\u00f1ado)<\/span>&nbsp;<\/li>\n<\/ul>\n<h3><b>Riesgos y consideraciones<\/b><\/h3>\n<h3><b>Riesgos para la salud<\/b><\/h3>\n<p>O Bubble Hash \u00e9 um produto com THC altamente concentrado. Para os principiantes, recomenda-se come\u00e7ar com pequenas quantidades. Comprar a fornecedores de confian\u00e7a garante um produto puro, livre de contaminantes qu\u00edmicos e solventes.<\/p>\n<h3><b>Conclusi\u00f3n<\/b><\/h3>\n<p>El hach\u00eds de burbujas es imprescindible para los amantes del hach\u00eds premium. Su sabor puro, su textura fina y sus potentes efectos lo convierten en un producto codiciado por los expertos de todo el mundo. Para disfrutar de la mejor experiencia, compra siempre hach\u00eds de burbujas online a trav\u00e9s de plataformas de confianza.<\/p>","protected":false},"excerpt":{"rendered":"<p>Introduction au Bubble Hash Concentr\u00e9 pris\u00e9 par les connaisseurs du monde entier, le Bubble Hash est r\u00e9put\u00e9 pour sa puret\u00e9 exceptionnelle, sa puissance, et sa m\u00e9thode d\u2019extraction artisanale. Gr\u00e2ce \u00e0 un processus sp\u00e9cifique \u00e0 base d\u2019eau glac\u00e9e, cette r\u00e9sine cristalline offre un r\u00e9sultat propre, savoureux, et riche en cannabino\u00efdes. Aujourd\u2019hui, de nombreux consommateurs choisissent d\u2019acheter&#8230;<\/p>","protected":false},"featured_media":1469,"comment_status":"open","ping_status":"closed","template":"","meta":{"_kadence_starter_templates_imported_post":false,"_kad_post_transparent":"default","_kad_post_title":"","_kad_post_layout":"default","_kad_post_sidebar_id":"","_kad_post_content_style":"default","_kad_post_vertical_padding":"default","_kad_post_feature":"","_kad_post_feature_position":"","_kad_post_header":false,"_kad_post_footer":false,"_joinchat":[]},"product_brand":[],"product_cat":[31],"product_tag":[],"class_list":{"0":"post-1347","1":"product","2":"type-product","3":"status-publish","4":"has-post-thumbnail","6":"product_cat-haschisch","8":"first","9":"instock","10":"shipping-taxable","11":"purchasable","12":"product-type-variable","13":"entry","14":"content-bg","15":"loop-entry"},"yoast_head":"<!-- This site is optimized with the Yoast SEO plugin v23.5 - https:\/\/yoast.com\/wordpress\/plugins\/seo\/ -->\n<title>Achetez du Bubble Hash en ligne - Bubble Hash \u00e0 vendre - Commandez du Bubble Hash<\/title>\n<meta name=\"description\" content=\"Vous cherchez \u00e0 acheter du Bubble Hash en ligne \u00e0 un prix raisonnable ? Visitez notre boutique en ligne Herbelegale r\u00e9put\u00e9e et obtenez du Bubble Hash en vente d\u00e8s aujourd&#039;hui. Passez commande maintenant !\" \/>\n<meta name=\"robots\" content=\"index, follow, max-snippet:-1, max-image-preview:large, max-video-preview:-1\" \/>\n<link rel=\"canonical\" href=\"https:\/\/herbelegale.com\/es\/product\/bubble-hash\/\" \/>\n<meta property=\"og:locale\" content=\"es_ES\" \/>\n<meta property=\"og:type\" content=\"article\" \/>\n<meta property=\"og:title\" content=\"Achetez du Bubble Hash en ligne - Bubble Hash \u00e0 vendre - Commandez du Bubble Hash\" \/>\n<meta property=\"og:description\" content=\"Vous cherchez \u00e0 acheter du Bubble Hash en ligne \u00e0 un prix raisonnable ? Visitez notre boutique en ligne Herbelegale r\u00e9put\u00e9e et obtenez du Bubble Hash en vente d\u00e8s aujourd&#039;hui. Passez commande maintenant !\" \/>\n<meta property=\"og:url\" content=\"https:\/\/herbelegale.com\/es\/product\/bubble-hash\/\" \/>\n<meta property=\"og:site_name\" content=\"Herbe L\u00e9gale\" \/>\n<meta property=\"article:modified_time\" content=\"2025-07-19T05:02:49+00:00\" \/>\n<meta property=\"og:image\" content=\"https:\/\/herbelegale.com\/wp-content\/uploads\/2023\/09\/Bubble-Hash-1.jpg\" \/>\n\t<meta property=\"og:image:width\" content=\"600\" \/>\n\t<meta property=\"og:image:height\" content=\"600\" \/>\n\t<meta property=\"og:image:type\" content=\"image\/jpeg\" \/>\n<meta name=\"twitter:card\" content=\"summary_large_image\" \/>\n<meta name=\"twitter:label1\" content=\"Tiempo de lectura\" \/>\n\t<meta name=\"twitter:data1\" content=\"3 minutos\" \/>\n<script type=\"application\/ld+json\" class=\"yoast-schema-graph\">{\"@context\":\"https:\/\/schema.org\",\"@graph\":[{\"@type\":\"WebPage\",\"@id\":\"https:\/\/herbelegale.com\/product\/bubble-hash\/\",\"url\":\"https:\/\/herbelegale.com\/product\/bubble-hash\/\",\"name\":\"Achetez du Bubble Hash en ligne - Bubble Hash \u00e0 vendre - Commandez du Bubble Hash\",\"isPartOf\":{\"@id\":\"https:\/\/herbelegale.com\/#website\"},\"primaryImageOfPage\":{\"@id\":\"https:\/\/herbelegale.com\/product\/bubble-hash\/#primaryimage\"},\"image\":{\"@id\":\"https:\/\/herbelegale.com\/product\/bubble-hash\/#primaryimage\"},\"thumbnailUrl\":\"https:\/\/herbelegale.com\/wp-content\/uploads\/2023\/09\/Bubble-Hash-1.jpg\",\"datePublished\":\"2023-09-30T10:18:33+00:00\",\"dateModified\":\"2025-07-19T05:02:49+00:00\",\"description\":\"Vous cherchez \u00e0 acheter du Bubble Hash en ligne \u00e0 un prix raisonnable ? Visitez notre boutique en ligne Herbelegale r\u00e9put\u00e9e et obtenez du Bubble Hash en vente d\u00e8s aujourd'hui. Passez commande maintenant !\",\"breadcrumb\":{\"@id\":\"https:\/\/herbelegale.com\/product\/bubble-hash\/#breadcrumb\"},\"inLanguage\":\"es\",\"potentialAction\":[{\"@type\":\"ReadAction\",\"target\":[\"https:\/\/herbelegale.com\/product\/bubble-hash\/\"]}]},{\"@type\":\"ImageObject\",\"inLanguage\":\"es\",\"@id\":\"https:\/\/herbelegale.com\/product\/bubble-hash\/#primaryimage\",\"url\":\"https:\/\/herbelegale.com\/wp-content\/uploads\/2023\/09\/Bubble-Hash-1.jpg\",\"contentUrl\":\"https:\/\/herbelegale.com\/wp-content\/uploads\/2023\/09\/Bubble-Hash-1.jpg\",\"width\":600,\"height\":600,\"caption\":\"Bubble Hash\"},{\"@type\":\"BreadcrumbList\",\"@id\":\"https:\/\/herbelegale.com\/product\/bubble-hash\/#breadcrumb\",\"itemListElement\":[{\"@type\":\"ListItem\",\"position\":1,\"name\":\"Home\",\"item\":\"https:\/\/herbelegale.com\/\"},{\"@type\":\"ListItem\",\"position\":2,\"name\":\"Boutique\",\"item\":\"https:\/\/herbelegale.com\/boutique\/\"},{\"@type\":\"ListItem\",\"position\":3,\"name\":\"Bubble Hash\"}]},{\"@type\":\"WebSite\",\"@id\":\"https:\/\/herbelegale.com\/#website\",\"url\":\"https:\/\/herbelegale.com\/\",\"name\":\"Herbe L\u00e9gale\",\"description\":\"Acheter de l&#039;herbe en ligne\",\"publisher\":{\"@id\":\"https:\/\/herbelegale.com\/#organization\"},\"potentialAction\":[{\"@type\":\"SearchAction\",\"target\":{\"@type\":\"EntryPoint\",\"urlTemplate\":\"https:\/\/herbelegale.com\/?s={search_term_string}\"},\"query-input\":{\"@type\":\"PropertyValueSpecification\",\"valueRequired\":true,\"valueName\":\"search_term_string\"}}],\"inLanguage\":\"es\"},{\"@type\":\"Organization\",\"@id\":\"https:\/\/herbelegale.com\/#organization\",\"name\":\"Herbe L\u00e9gale\",\"url\":\"https:\/\/herbelegale.com\/\",\"logo\":{\"@type\":\"ImageObject\",\"inLanguage\":\"es\",\"@id\":\"https:\/\/herbelegale.com\/#\/schema\/logo\/image\/\",\"url\":\"https:\/\/herbelegale.com\/wp-content\/uploads\/2023\/10\/logo-1.png\",\"contentUrl\":\"https:\/\/herbelegale.com\/wp-content\/uploads\/2023\/10\/logo-1.png\",\"width\":400,\"height\":120,\"caption\":\"Herbe L\u00e9gale\"},\"image\":{\"@id\":\"https:\/\/herbelegale.com\/#\/schema\/logo\/image\/\"}}]}<\/script>\n<!-- \/ Yoast SEO plugin. -->","yoast_head_json":{"title":"Achetez du Bubble Hash en ligne - Bubble Hash \u00e0 vendre - Commandez du Bubble Hash","description":"Vous cherchez \u00e0 acheter du Bubble Hash en ligne \u00e0 un prix raisonnable ? Visitez notre boutique en ligne Herbelegale r\u00e9put\u00e9e et obtenez du Bubble Hash en vente d\u00e8s aujourd'hui. Passez commande maintenant !","robots":{"index":"index","follow":"follow","max-snippet":"max-snippet:-1","max-image-preview":"max-image-preview:large","max-video-preview":"max-video-preview:-1"},"canonical":"https:\/\/herbelegale.com\/es\/product\/bubble-hash\/","og_locale":"es_ES","og_type":"article","og_title":"Achetez du Bubble Hash en ligne - Bubble Hash \u00e0 vendre - Commandez du Bubble Hash","og_description":"Vous cherchez \u00e0 acheter du Bubble Hash en ligne \u00e0 un prix raisonnable ? Visitez notre boutique en ligne Herbelegale r\u00e9put\u00e9e et obtenez du Bubble Hash en vente d\u00e8s aujourd'hui. Passez commande maintenant !","og_url":"https:\/\/herbelegale.com\/es\/product\/bubble-hash\/","og_site_name":"Herbe L\u00e9gale","article_modified_time":"2025-07-19T05:02:49+00:00","og_image":[{"width":600,"height":600,"url":"https:\/\/herbelegale.com\/wp-content\/uploads\/2023\/09\/Bubble-Hash-1.jpg","type":"image\/jpeg"}],"twitter_card":"summary_large_image","twitter_misc":{"Tiempo de lectura":"3 minutos"},"schema":{"@context":"https:\/\/schema.org","@graph":[{"@type":"WebPage","@id":"https:\/\/herbelegale.com\/product\/bubble-hash\/","url":"https:\/\/herbelegale.com\/product\/bubble-hash\/","name":"Achetez du Bubble Hash en ligne - Bubble Hash \u00e0 vendre - Commandez du Bubble Hash","isPartOf":{"@id":"https:\/\/herbelegale.com\/#website"},"primaryImageOfPage":{"@id":"https:\/\/herbelegale.com\/product\/bubble-hash\/#primaryimage"},"image":{"@id":"https:\/\/herbelegale.com\/product\/bubble-hash\/#primaryimage"},"thumbnailUrl":"https:\/\/herbelegale.com\/wp-content\/uploads\/2023\/09\/Bubble-Hash-1.jpg","datePublished":"2023-09-30T10:18:33+00:00","dateModified":"2025-07-19T05:02:49+00:00","description":"Vous cherchez \u00e0 acheter du Bubble Hash en ligne \u00e0 un prix raisonnable ? Visitez notre boutique en ligne Herbelegale r\u00e9put\u00e9e et obtenez du Bubble Hash en vente d\u00e8s aujourd'hui. Passez commande maintenant !","breadcrumb":{"@id":"https:\/\/herbelegale.com\/product\/bubble-hash\/#breadcrumb"},"inLanguage":"es","potentialAction":[{"@type":"ReadAction","target":["https:\/\/herbelegale.com\/product\/bubble-hash\/"]}]},{"@type":"ImageObject","inLanguage":"es","@id":"https:\/\/herbelegale.com\/product\/bubble-hash\/#primaryimage","url":"https:\/\/herbelegale.com\/wp-content\/uploads\/2023\/09\/Bubble-Hash-1.jpg","contentUrl":"https:\/\/herbelegale.com\/wp-content\/uploads\/2023\/09\/Bubble-Hash-1.jpg","width":600,"height":600,"caption":"Bubble Hash"},{"@type":"BreadcrumbList","@id":"https:\/\/herbelegale.com\/product\/bubble-hash\/#breadcrumb","itemListElement":[{"@type":"ListItem","position":1,"name":"Home","item":"https:\/\/herbelegale.com\/"},{"@type":"ListItem","position":2,"name":"Boutique","item":"https:\/\/herbelegale.com\/boutique\/"},{"@type":"ListItem","position":3,"name":"Bubble Hash"}]},{"@type":"WebSite","@id":"https:\/\/herbelegale.com\/#website","url":"https:\/\/herbelegale.com\/","name":"Herbe L\u00e9gale","description":"Acheter de l&#039;herbe en ligne","publisher":{"@id":"https:\/\/herbelegale.com\/#organization"},"potentialAction":[{"@type":"SearchAction","target":{"@type":"EntryPoint","urlTemplate":"https:\/\/herbelegale.com\/?s={search_term_string}"},"query-input":{"@type":"PropertyValueSpecification","valueRequired":true,"valueName":"search_term_string"}}],"inLanguage":"es"},{"@type":"Organization","@id":"https:\/\/herbelegale.com\/#organization","name":"Herbe L\u00e9gale","url":"https:\/\/herbelegale.com\/","logo":{"@type":"ImageObject","inLanguage":"es","@id":"https:\/\/herbelegale.com\/#\/schema\/logo\/image\/","url":"https:\/\/herbelegale.com\/wp-content\/uploads\/2023\/10\/logo-1.png","contentUrl":"https:\/\/herbelegale.com\/wp-content\/uploads\/2023\/10\/logo-1.png","width":400,"height":120,"caption":"Herbe L\u00e9gale"},"image":{"@id":"https:\/\/herbelegale.com\/#\/schema\/logo\/image\/"}}]}},"_links":{"self":[{"href":"https:\/\/herbelegale.com\/es\/wp-json\/wp\/v2\/product\/1347","targetHints":{"allow":["GET"]}}],"collection":[{"href":"https:\/\/herbelegale.com\/es\/wp-json\/wp\/v2\/product"}],"about":[{"href":"https:\/\/herbelegale.com\/es\/wp-json\/wp\/v2\/types\/product"}],"replies":[{"embeddable":true,"href":"https:\/\/herbelegale.com\/es\/wp-json\/wp\/v2\/comments?post=1347"}],"wp:featuredmedia":[{"embeddable":true,"href":"https:\/\/herbelegale.com\/es\/wp-json\/wp\/v2\/media\/1469"}],"wp:attachment":[{"href":"https:\/\/herbelegale.com\/es\/wp-json\/wp\/v2\/media?parent=1347"}],"wp:term":[{"taxonomy":"product_brand","embeddable":true,"href":"https:\/\/herbelegale.com\/es\/wp-json\/wp\/v2\/product_brand?post=1347"},{"taxonomy":"product_cat","embeddable":true,"href":"https:\/\/herbelegale.com\/es\/wp-json\/wp\/v2\/product_cat?post=1347"},{"taxonomy":"product_tag","embeddable":true,"href":"https:\/\/herbelegale.com\/es\/wp-json\/wp\/v2\/product_tag?post=1347"}],"curies":[{"name":"wp","href":"https:\/\/api.w.org\/{rel}","templated":true}]}}