{"id":1344,"date":"2023-09-30T10:15:01","date_gmt":"2023-09-30T10:15:01","guid":{"rendered":"https:\/\/nembutalhouse.com\/weed\/?post_type=product&#038;p=1344"},"modified":"2025-07-19T05:03:31","modified_gmt":"2025-07-19T05:03:31","slug":"fendi-og-hash","status":"publish","type":"product","link":"https:\/\/herbelegale.com\/es\/product\/fendi-og-hash\/","title":{"rendered":"Fendi OG Hash"},"content":{"rendered":"<h2><b>Introducci\u00f3n a Fendi OG Hash<\/b><\/h2>\n<p>Le <a href=\"https:\/\/herbelegale.com\/es\/product\/fendi-og-hash\/\">Fendi OG Hash<\/a> Es una resina de cannabis premium, apreciada por su sabor intenso, rica textura y potentes efectos. Este concentrado refinado encarna la elegancia del hach\u00eds artesanal combinada con la potencia de las ic\u00f3nicas variedades OG. Ideal para quienes buscan una experiencia intensa, seduce con sus distintivos aromas terrosos y especiados.<\/p>\n<p>Hoy en d\u00eda, gracias a las compras online, es m\u00e1s f\u00e1cil que nunca <a href=\"https:\/\/en.wikipedia.org\/wiki\/Fendi\">Comprar Fendi OG Hash en l\u00ednea<\/a> y disfruta de esta experiencia \u00fanica directamente en casa.<\/p>\n<h3><b>\u00bfQu\u00e9 es Fendi OG Hash?<\/b><\/h3>\n<p>Elaborado a partir de cepas OG Kush cuidadosamente seleccionadas, Fendi OG Hash es un concentrado resinoso elaborado mediante m\u00e9todos artesanales consagrados, lo que le da una textura maleable y un color marr\u00f3n oscuro.<\/p>\n<p><span style=\"font-weight: 400;\">Este hach\u00eds de muy alta calidad, dise\u00f1ado para ofrecer un efecto r\u00e1pido y potente. Alto en THC, es conocido por sus aromas terrosos, especiados y a pino, realzados por un ligero dulzor al exhalar.<\/span><\/p>\n<h3><b>Usos y efectos comunes<\/b><\/h3>\n<p>Los consumidores experimentados aprecian Fendi OG Hash por:<\/p>\n<ul>\n<li style=\"font-weight: 400;\" aria-level=\"1\"><span style=\"font-weight: 400;\">Silny efekt relaksuj\u0105cy dla cia\u0142a i umys\u0142u<\/span>&nbsp;<\/li>\n<li style=\"font-weight: 400;\" aria-level=\"1\"><span style=\"font-weight: 400;\">En f\u00f8lelse af blid og vedvarende eufori<\/span>&nbsp;<\/li>\n<li style=\"font-weight: 400;\" aria-level=\"1\"><span style=\"font-weight: 400;\">Hj\u00e6lp med stressh\u00e5ndtering eller s\u00f8vnforstyrrelser<\/span>&nbsp;<\/li>\n<li style=\"font-weight: 400;\" aria-level=\"1\"><span style=\"font-weight: 400;\">En rig og kompleks duft, der vil gl\u00e6de kr\u00e6sne ganer<\/span>&nbsp;<\/li>\n<\/ul>\n<p><span style=\"font-weight: 400;\">Generalmente se consume por combusti\u00f3n, mezclado con flores o utilizado en vaporizadores adecuados.<\/span><\/p>\n<h3><b>Juridisk status (afh\u00e6ngigt af region)<\/b><\/h3>\n<p>La legalidad del Fendi OG Hash var\u00eda seg\u00fan el pa\u00eds. En algunos territorios, su consumo est\u00e1 permitido bajo ciertas condiciones, mientras que en otros est\u00e1 estrictamente prohibido. Antes de comprar Fendi OG Hash en l\u00ednea, es fundamental consultar la normativa vigente en su pa\u00eds.<\/p>\n<h3><b>Pourquoi acheter Fendi OG Hash en ligne ?<\/b><\/h3>\n<h3><b>Accesibilidad<\/b><\/h3>\n<p>Comprar Fendi OG Hash en l\u00ednea proporciona acceso f\u00e1cil a productos de primera calidad que a menudo son dif\u00edciles de encontrar en los canales tradicionales.<\/p>\n<h3><b>Variedad de vendedores<\/b><\/h3>\n<p>En Internet encontrar\u00e1s una amplia selecci\u00f3n de Fendi OG Hash a la venta, con diferentes or\u00edgenes, concentraciones y precios, para satisfacer todos los perfiles de consumidores.<\/p>\n<h3><b>Env\u00edo discreto<\/b><\/h3>\n<p>Los mejores sitios especializados garantizan una entrega discreta y segura, para que puedas recibir tu pedido con total confidencialidad.<\/p>\n<h3><b>Come scegliere un venditore affidabile?<\/b><\/h3>\n<p>Encontrar el mejor lugar para comprar Amnesia Hash en l\u00ednea requiere un poco de investigaci\u00f3n. A continuaci\u00f3n se presentan algunos criterios esenciales:<\/p>\n<ul>\n<li style=\"font-weight: 400;\" aria-level=\"1\">Vertaa eri myyjien tarjoamia Fendi OG Hashin hintoja&nbsp;<\/li>\n<li style=\"font-weight: 400;\" aria-level=\"1\"><span style=\"font-weight: 400;\">Foretr\u00e6k websteder med verificerede kundeanmeldelser<\/span>&nbsp;<\/li>\n<li style=\"font-weight: 400;\" aria-level=\"1\"><span style=\"font-weight: 400;\">Sprawd\u017a certyfikaty analiz gwarantuj\u0105ce jako\u015b\u0107 i czysto\u015b\u0107<\/span>&nbsp;<\/li>\n<li style=\"font-weight: 400;\" aria-level=\"1\"><span style=\"font-weight: 400;\">Responsiv og professionel kundeservice<\/span>&nbsp;<\/li>\n<li style=\"font-weight: 400;\" aria-level=\"1\"><span style=\"font-weight: 400;\">Zapoznaj si\u0119 z warunkami dostawy i zwrotu<\/span>&nbsp;<\/li>\n<\/ul>\n<h3><b>Pol\u00edticas de entrega<\/b><\/h3>\n<p><span style=\"font-weight: 400;\">En p\u00e5lidelig hjemmeside vil tilbyde:<\/span><\/p>\n<ul>\n<li style=\"font-weight: 400;\" aria-level=\"1\"><span style=\"font-weight: 400;\">Forsendelsesfrister overholdes<\/span>&nbsp;<\/li>\n<li style=\"font-weight: 400;\" aria-level=\"1\"><span style=\"font-weight: 400;\">Een duidelijk trackingsysteem voor uw bestelling<\/span>&nbsp;<\/li>\n<li style=\"font-weight: 400;\" aria-level=\"1\"><span style=\"font-weight: 400;\">Uma garantia ou reembolso em caso de problema<\/span>&nbsp;<\/li>\n<\/ul>\n<h3><b>Riesgos y consideraciones <\/b><b>Riesgos para la salud<\/b><\/h3>\n<p>El hach\u00eds Fendi OG es un producto concentrado con un alto contenido de THC. Para principiantes, se recomienda empezar con peque\u00f1as cantidades. Una compra responsable tambi\u00e9n implica elegir vendedores confiables para garantizar un producto puro y sin aditivos da\u00f1inos.<\/p>\n<h3><b>Conclusi\u00f3n<\/b><\/h3>\n<p>Fendi OG Hash es un producto de alta calidad para los amantes de las resinas ricas, potentes y aut\u00e9nticas. Gracias a plataformas especializadas, ahora es m\u00e1s f\u00e1cil y seguro comprar Fendi OG Hash en l\u00ednea a vendedores de confianza.<\/p>","protected":false},"excerpt":{"rendered":"<p>Introduction au Fendi OG Hash Le Fendi OG Hash est une r\u00e9sine de cannabis haut de gamme, recherch\u00e9e pour son go\u00fbt profond, sa texture riche et ses effets puissants. Ce concentr\u00e9 raffin\u00e9 incarne l\u2019\u00e9l\u00e9gance du haschich artisanal alli\u00e9e \u00e0 la puissance des vari\u00e9t\u00e9s OG embl\u00e9matiques. Id\u00e9al pour les amateurs \u00e0 la recherche d&rsquo;une exp\u00e9rience intense,&#8230;<\/p>","protected":false},"featured_media":1466,"comment_status":"open","ping_status":"closed","template":"","meta":{"_kadence_starter_templates_imported_post":false,"_kad_post_transparent":"default","_kad_post_title":"","_kad_post_layout":"default","_kad_post_sidebar_id":"","_kad_post_content_style":"default","_kad_post_vertical_padding":"default","_kad_post_feature":"","_kad_post_feature_position":"","_kad_post_header":false,"_kad_post_footer":false,"_joinchat":[]},"product_brand":[],"product_cat":[31],"product_tag":[],"class_list":{"0":"post-1344","1":"product","2":"type-product","3":"status-publish","4":"has-post-thumbnail","6":"product_cat-haschisch","8":"first","9":"instock","10":"shipping-taxable","11":"purchasable","12":"product-type-variable","13":"entry","14":"content-bg","15":"loop-entry"},"yoast_head":"<!-- This site is optimized with the Yoast SEO plugin v23.5 - https:\/\/yoast.com\/wordpress\/plugins\/seo\/ -->\n<title>Achetez Fendi OG Hash en ligne - Fendi OG Hash \u00e0 vendre<\/title>\n<meta name=\"description\" content=\"Vous pouvez acheter Fendi OG Hash en vente dans notre magasin herebelegale et le recevoir \u00e0 votre porte sans aucun probl\u00e8me. Nous vous aidons \u00e0 acheter Fendi OG Hash en ligne. Commandez maintenant !\" \/>\n<meta name=\"robots\" content=\"index, follow, max-snippet:-1, max-image-preview:large, max-video-preview:-1\" \/>\n<link rel=\"canonical\" href=\"https:\/\/herbelegale.com\/es\/product\/fendi-og-hash\/\" \/>\n<meta property=\"og:locale\" content=\"es_ES\" \/>\n<meta property=\"og:type\" content=\"article\" \/>\n<meta property=\"og:title\" content=\"Achetez Fendi OG Hash en ligne - Fendi OG Hash \u00e0 vendre\" \/>\n<meta property=\"og:description\" content=\"Vous pouvez acheter Fendi OG Hash en vente dans notre magasin herebelegale et le recevoir \u00e0 votre porte sans aucun probl\u00e8me. Nous vous aidons \u00e0 acheter Fendi OG Hash en ligne. Commandez maintenant !\" \/>\n<meta property=\"og:url\" content=\"https:\/\/herbelegale.com\/es\/product\/fendi-og-hash\/\" \/>\n<meta property=\"og:site_name\" content=\"Herbe L\u00e9gale\" \/>\n<meta property=\"article:modified_time\" content=\"2025-07-19T05:03:31+00:00\" \/>\n<meta property=\"og:image\" content=\"https:\/\/herbelegale.com\/wp-content\/uploads\/2023\/09\/FENDI-OG-HASH-1.jpg\" \/>\n\t<meta property=\"og:image:width\" content=\"600\" \/>\n\t<meta property=\"og:image:height\" content=\"600\" \/>\n\t<meta property=\"og:image:type\" content=\"image\/jpeg\" \/>\n<meta name=\"twitter:card\" content=\"summary_large_image\" \/>\n<meta name=\"twitter:label1\" content=\"Tiempo de lectura\" \/>\n\t<meta name=\"twitter:data1\" content=\"3 minutos\" \/>\n<script type=\"application\/ld+json\" class=\"yoast-schema-graph\">{\"@context\":\"https:\/\/schema.org\",\"@graph\":[{\"@type\":\"WebPage\",\"@id\":\"https:\/\/herbelegale.com\/product\/fendi-og-hash\/\",\"url\":\"https:\/\/herbelegale.com\/product\/fendi-og-hash\/\",\"name\":\"Achetez Fendi OG Hash en ligne - Fendi OG Hash \u00e0 vendre\",\"isPartOf\":{\"@id\":\"https:\/\/herbelegale.com\/#website\"},\"primaryImageOfPage\":{\"@id\":\"https:\/\/herbelegale.com\/product\/fendi-og-hash\/#primaryimage\"},\"image\":{\"@id\":\"https:\/\/herbelegale.com\/product\/fendi-og-hash\/#primaryimage\"},\"thumbnailUrl\":\"https:\/\/herbelegale.com\/wp-content\/uploads\/2023\/09\/FENDI-OG-HASH-1.jpg\",\"datePublished\":\"2023-09-30T10:15:01+00:00\",\"dateModified\":\"2025-07-19T05:03:31+00:00\",\"description\":\"Vous pouvez acheter Fendi OG Hash en vente dans notre magasin herebelegale et le recevoir \u00e0 votre porte sans aucun probl\u00e8me. Nous vous aidons \u00e0 acheter Fendi OG Hash en ligne. Commandez maintenant !\",\"breadcrumb\":{\"@id\":\"https:\/\/herbelegale.com\/product\/fendi-og-hash\/#breadcrumb\"},\"inLanguage\":\"es\",\"potentialAction\":[{\"@type\":\"ReadAction\",\"target\":[\"https:\/\/herbelegale.com\/product\/fendi-og-hash\/\"]}]},{\"@type\":\"ImageObject\",\"inLanguage\":\"es\",\"@id\":\"https:\/\/herbelegale.com\/product\/fendi-og-hash\/#primaryimage\",\"url\":\"https:\/\/herbelegale.com\/wp-content\/uploads\/2023\/09\/FENDI-OG-HASH-1.jpg\",\"contentUrl\":\"https:\/\/herbelegale.com\/wp-content\/uploads\/2023\/09\/FENDI-OG-HASH-1.jpg\",\"width\":600,\"height\":600,\"caption\":\"FENDI-OG-HASH\"},{\"@type\":\"BreadcrumbList\",\"@id\":\"https:\/\/herbelegale.com\/product\/fendi-og-hash\/#breadcrumb\",\"itemListElement\":[{\"@type\":\"ListItem\",\"position\":1,\"name\":\"Home\",\"item\":\"https:\/\/herbelegale.com\/\"},{\"@type\":\"ListItem\",\"position\":2,\"name\":\"Boutique\",\"item\":\"https:\/\/herbelegale.com\/boutique\/\"},{\"@type\":\"ListItem\",\"position\":3,\"name\":\"Fendi OG Hash\"}]},{\"@type\":\"WebSite\",\"@id\":\"https:\/\/herbelegale.com\/#website\",\"url\":\"https:\/\/herbelegale.com\/\",\"name\":\"Herbe L\u00e9gale\",\"description\":\"Acheter de l&#039;herbe en ligne\",\"publisher\":{\"@id\":\"https:\/\/herbelegale.com\/#organization\"},\"potentialAction\":[{\"@type\":\"SearchAction\",\"target\":{\"@type\":\"EntryPoint\",\"urlTemplate\":\"https:\/\/herbelegale.com\/?s={search_term_string}\"},\"query-input\":{\"@type\":\"PropertyValueSpecification\",\"valueRequired\":true,\"valueName\":\"search_term_string\"}}],\"inLanguage\":\"es\"},{\"@type\":\"Organization\",\"@id\":\"https:\/\/herbelegale.com\/#organization\",\"name\":\"Herbe L\u00e9gale\",\"url\":\"https:\/\/herbelegale.com\/\",\"logo\":{\"@type\":\"ImageObject\",\"inLanguage\":\"es\",\"@id\":\"https:\/\/herbelegale.com\/#\/schema\/logo\/image\/\",\"url\":\"https:\/\/herbelegale.com\/wp-content\/uploads\/2023\/10\/logo-1.png\",\"contentUrl\":\"https:\/\/herbelegale.com\/wp-content\/uploads\/2023\/10\/logo-1.png\",\"width\":400,\"height\":120,\"caption\":\"Herbe L\u00e9gale\"},\"image\":{\"@id\":\"https:\/\/herbelegale.com\/#\/schema\/logo\/image\/\"}}]}<\/script>\n<!-- \/ Yoast SEO plugin. -->","yoast_head_json":{"title":"Achetez Fendi OG Hash en ligne - Fendi OG Hash \u00e0 vendre","description":"Vous pouvez acheter Fendi OG Hash en vente dans notre magasin herebelegale et le recevoir \u00e0 votre porte sans aucun probl\u00e8me. Nous vous aidons \u00e0 acheter Fendi OG Hash en ligne. Commandez maintenant !","robots":{"index":"index","follow":"follow","max-snippet":"max-snippet:-1","max-image-preview":"max-image-preview:large","max-video-preview":"max-video-preview:-1"},"canonical":"https:\/\/herbelegale.com\/es\/product\/fendi-og-hash\/","og_locale":"es_ES","og_type":"article","og_title":"Achetez Fendi OG Hash en ligne - Fendi OG Hash \u00e0 vendre","og_description":"Vous pouvez acheter Fendi OG Hash en vente dans notre magasin herebelegale et le recevoir \u00e0 votre porte sans aucun probl\u00e8me. Nous vous aidons \u00e0 acheter Fendi OG Hash en ligne. Commandez maintenant !","og_url":"https:\/\/herbelegale.com\/es\/product\/fendi-og-hash\/","og_site_name":"Herbe L\u00e9gale","article_modified_time":"2025-07-19T05:03:31+00:00","og_image":[{"width":600,"height":600,"url":"https:\/\/herbelegale.com\/wp-content\/uploads\/2023\/09\/FENDI-OG-HASH-1.jpg","type":"image\/jpeg"}],"twitter_card":"summary_large_image","twitter_misc":{"Tiempo de lectura":"3 minutos"},"schema":{"@context":"https:\/\/schema.org","@graph":[{"@type":"WebPage","@id":"https:\/\/herbelegale.com\/product\/fendi-og-hash\/","url":"https:\/\/herbelegale.com\/product\/fendi-og-hash\/","name":"Achetez Fendi OG Hash en ligne - Fendi OG Hash \u00e0 vendre","isPartOf":{"@id":"https:\/\/herbelegale.com\/#website"},"primaryImageOfPage":{"@id":"https:\/\/herbelegale.com\/product\/fendi-og-hash\/#primaryimage"},"image":{"@id":"https:\/\/herbelegale.com\/product\/fendi-og-hash\/#primaryimage"},"thumbnailUrl":"https:\/\/herbelegale.com\/wp-content\/uploads\/2023\/09\/FENDI-OG-HASH-1.jpg","datePublished":"2023-09-30T10:15:01+00:00","dateModified":"2025-07-19T05:03:31+00:00","description":"Vous pouvez acheter Fendi OG Hash en vente dans notre magasin herebelegale et le recevoir \u00e0 votre porte sans aucun probl\u00e8me. Nous vous aidons \u00e0 acheter Fendi OG Hash en ligne. Commandez maintenant !","breadcrumb":{"@id":"https:\/\/herbelegale.com\/product\/fendi-og-hash\/#breadcrumb"},"inLanguage":"es","potentialAction":[{"@type":"ReadAction","target":["https:\/\/herbelegale.com\/product\/fendi-og-hash\/"]}]},{"@type":"ImageObject","inLanguage":"es","@id":"https:\/\/herbelegale.com\/product\/fendi-og-hash\/#primaryimage","url":"https:\/\/herbelegale.com\/wp-content\/uploads\/2023\/09\/FENDI-OG-HASH-1.jpg","contentUrl":"https:\/\/herbelegale.com\/wp-content\/uploads\/2023\/09\/FENDI-OG-HASH-1.jpg","width":600,"height":600,"caption":"FENDI-OG-HASH"},{"@type":"BreadcrumbList","@id":"https:\/\/herbelegale.com\/product\/fendi-og-hash\/#breadcrumb","itemListElement":[{"@type":"ListItem","position":1,"name":"Home","item":"https:\/\/herbelegale.com\/"},{"@type":"ListItem","position":2,"name":"Boutique","item":"https:\/\/herbelegale.com\/boutique\/"},{"@type":"ListItem","position":3,"name":"Fendi OG Hash"}]},{"@type":"WebSite","@id":"https:\/\/herbelegale.com\/#website","url":"https:\/\/herbelegale.com\/","name":"Herbe L\u00e9gale","description":"Acheter de l&#039;herbe en ligne","publisher":{"@id":"https:\/\/herbelegale.com\/#organization"},"potentialAction":[{"@type":"SearchAction","target":{"@type":"EntryPoint","urlTemplate":"https:\/\/herbelegale.com\/?s={search_term_string}"},"query-input":{"@type":"PropertyValueSpecification","valueRequired":true,"valueName":"search_term_string"}}],"inLanguage":"es"},{"@type":"Organization","@id":"https:\/\/herbelegale.com\/#organization","name":"Herbe L\u00e9gale","url":"https:\/\/herbelegale.com\/","logo":{"@type":"ImageObject","inLanguage":"es","@id":"https:\/\/herbelegale.com\/#\/schema\/logo\/image\/","url":"https:\/\/herbelegale.com\/wp-content\/uploads\/2023\/10\/logo-1.png","contentUrl":"https:\/\/herbelegale.com\/wp-content\/uploads\/2023\/10\/logo-1.png","width":400,"height":120,"caption":"Herbe L\u00e9gale"},"image":{"@id":"https:\/\/herbelegale.com\/#\/schema\/logo\/image\/"}}]}},"_links":{"self":[{"href":"https:\/\/herbelegale.com\/es\/wp-json\/wp\/v2\/product\/1344","targetHints":{"allow":["GET"]}}],"collection":[{"href":"https:\/\/herbelegale.com\/es\/wp-json\/wp\/v2\/product"}],"about":[{"href":"https:\/\/herbelegale.com\/es\/wp-json\/wp\/v2\/types\/product"}],"replies":[{"embeddable":true,"href":"https:\/\/herbelegale.com\/es\/wp-json\/wp\/v2\/comments?post=1344"}],"wp:featuredmedia":[{"embeddable":true,"href":"https:\/\/herbelegale.com\/es\/wp-json\/wp\/v2\/media\/1466"}],"wp:attachment":[{"href":"https:\/\/herbelegale.com\/es\/wp-json\/wp\/v2\/media?parent=1344"}],"wp:term":[{"taxonomy":"product_brand","embeddable":true,"href":"https:\/\/herbelegale.com\/es\/wp-json\/wp\/v2\/product_brand?post=1344"},{"taxonomy":"product_cat","embeddable":true,"href":"https:\/\/herbelegale.com\/es\/wp-json\/wp\/v2\/product_cat?post=1344"},{"taxonomy":"product_tag","embeddable":true,"href":"https:\/\/herbelegale.com\/es\/wp-json\/wp\/v2\/product_tag?post=1344"}],"curies":[{"name":"wp","href":"https:\/\/api.w.org\/{rel}","templated":true}]}}