{"id":114,"date":"2023-09-22T11:06:43","date_gmt":"2023-09-22T11:06:43","guid":{"rendered":"https:\/\/nembutalhouse.com\/weed\/?post_type=product&#038;p=114"},"modified":"2025-06-14T11:27:08","modified_gmt":"2025-06-14T11:27:08","slug":"jet-fuel","status":"publish","type":"product","link":"https:\/\/herbelegale.com\/es\/product\/jet-fuel\/","title":{"rendered":"Combustible para aviones"},"content":{"rendered":"<h2><b>Compre combustible para aviones en l\u00ednea: un impulso r\u00e1pido y claridad mental garantizada<\/b><\/h2>\n<p><span style=\"font-weight: 400;\"><a href=\"https:\/\/herbelegale.com\/es\/product\/jet-fuel\/\">Jet Fuel,<\/a> \u0422\u0430\u043a\u043e\u0452\u0435 \u043f\u043e\u0437\u043d\u0430\u0442\u0430 \u043a\u0430\u043e G6, \u0458\u0435 \u0441\u043d\u0430\u0436\u043d\u0430 \u0441\u043e\u0440\u0442\u0430 \u043a\u0430\u043d\u0430\u0431\u0438\u0441\u0430 \u0434\u043e\u0431\u0438\u0458\u0435\u043d\u0430 \u0443\u043a\u0440\u0448\u0442\u0430\u045a\u0435\u043c Aspen OG \u0438 High Country Diesel. \u0426\u0435\u045a\u0435\u043d\u0430 \u0437\u0431\u043e\u0433 \u0441\u0432\u043e\u0458\u0435 \u0438\u043d\u0442\u0435\u043d\u0437\u0438\u0432\u043d\u0435 \u0430\u0440\u043e\u043c\u0435 \u0434\u0438\u0437\u0435\u043b\u0430 \u0438 \u0435\u0443\u0444\u043e\u0440\u0438\u0447\u043d\u0438\u0445 \u0435\u0444\u0435\u043a\u0430\u0442\u0430, \u043e\u0432\u0430 \u0441\u043e\u0440\u0442\u0430 \u0458\u0435 \u0441\u0430\u0432\u0440\u0448\u0435\u043d\u0430 \u0437\u0430 \u0459\u0443\u0431\u0438\u0442\u0435\u0459\u0435 \u0441\u0430\u0442\u0438\u0432\u0435. \u0414\u0430\u043d\u0430\u0441, \u0441\u0430 \u0441\u0432\u0435 \u0432\u0435\u045b\u043e\u043c \u043f\u043e\u043f\u0443\u043b\u0430\u0440\u043d\u043e\u0448\u045b\u0443 \u0434\u0438\u0433\u0438\u0442\u0430\u043b\u043d\u0438\u0445 \u0430\u043f\u043e\u0442\u0435\u043a\u0430, <\/span><b>Compre combustible para aviones en l\u00ednea<\/b><span style=\"font-weight: 400;\"> devient un choix de plus en plus courant pour les consommateurs recherchant la qualit\u00e9, la commodit\u00e9 et la discr\u00e9tion.<\/span><\/p>\n<h3><b>El auge de la entrega de cannabis en l\u00ednea: de los mercados agr\u00edcolas a domicilio<\/b><\/h3>\n<p><span style=\"font-weight: 400;\">Con la legalizaci\u00f3n gradual del cannabis en muchos pa\u00edses, las opciones de entrega a domicilio se han multiplicado. Ahora puedes... <\/span><a href=\"https:\/\/en.wikipedia.org\/wiki\/Jet_fuel\"><b>Ordene combustible para aviones en l\u00ednea<\/b><\/a><span style=\"font-weight: 400;\"> y recibe tu producto en casa, sin necesidad de desplazarte.<\/span><\/p>\n<p><b>\u00bfPor qu\u00e9 es tendencia?<\/b><\/p>\n<ul>\n<li style=\"font-weight: 400;\" aria-level=\"1\"><span style=\"font-weight: 400;\">Acceso a ofertas de <\/span><b>Jet Fuel \u00e0 vendre<\/b><span style=\"font-weight: 400;\"> dans diff\u00e9rentes r\u00e9gions<\/span><span style=\"font-weight: 400;\">\n<p><\/span><\/li>\n<li style=\"font-weight: 400;\" aria-level=\"1\"><span style=\"font-weight: 400;\">Posibilidad de comparar el <\/span><b>prix Jet Fuel pas chers<\/b><b>\n<p><\/b><\/li>\n<li style=\"font-weight: 400;\" aria-level=\"1\"><span style=\"font-weight: 400;\">M\u00e1s opciones que en las tiendas f\u00edsicas<\/span><span style=\"font-weight: 400;\">\n<p><\/span><\/li>\n<li style=\"font-weight: 400;\" aria-level=\"1\"><span style=\"font-weight: 400;\">Entrega discreta, r\u00e1pida y segura<\/span><span style=\"font-weight: 400;\">\n<p><\/span><\/li>\n<\/ul>\n<h3><b>\u00bfQu\u00e9 hace que un combustible para aviones sea bueno?<\/b><\/h3>\n<p><span style=\"font-weight: 400;\">Jet Fuel es muy apreciado por su perfil \u00fanico de terpenos y sus efectos energ\u00e9ticos. Para reconocer la calidad de una flor, considere:<\/span><\/p>\n<ul>\n<li style=\"font-weight: 400;\" aria-level=\"1\"><b>Apariencia<\/b><span style=\"font-weight: 400;\"> : Cabezas densas y resinosas con pistilos de color naranja oscuro.<\/span><span style=\"font-weight: 400;\">\n<p><\/span><\/li>\n<li style=\"font-weight: 400;\" aria-level=\"1\"><b>Aroma<\/b><span style=\"font-weight: 400;\"> : Fuerte olor a combustible\/diesel, con notas de pino y c\u00edtricos.<\/span><span style=\"font-weight: 400;\">\n<p><\/span><\/li>\n<li style=\"font-weight: 400;\" aria-level=\"1\"><b>Efectos<\/b><span style=\"font-weight: 400;\"> :Euforia mental, claridad, energ\u00eda creativa.<\/span><span style=\"font-weight: 400;\">\n<p><\/span><\/li>\n<li style=\"font-weight: 400;\" aria-level=\"1\"><b>Qualit\u00e9 de culture<\/b><span style=\"font-weight: 400;\"> :Elija flores cultivadas en interiores, sin pesticidas.<\/span><span style=\"font-weight: 400;\">\n<p><\/span><\/li>\n<li style=\"font-weight: 400;\" aria-level=\"1\"><b>Profil terp\u00e9nique<\/b><span style=\"font-weight: 400;\"> :Rico en mirceno, limoneno y cariofileno.<\/span><span style=\"font-weight: 400;\">\n<p><\/span><\/li>\n<\/ul>\n<h3><b>Flor artesanal vs. producci\u00f3n industrial<\/b><\/h3>\n<p><b>Artesanal:<\/b><b><br \/>\n<\/b><span style=\"font-weight: 400;\"> \u2705 Terp\u00e8nes mieux pr\u00e9serv\u00e9s<\/span><span style=\"font-weight: 400;\"><br \/>\n<\/span><span style=\"font-weight: 400;\"> \u2705 Saveurs plus riches<\/span><span style=\"font-weight: 400;\"><br \/>\n<\/span><span style=\"font-weight: 400;\"> \u2705 Exp\u00e9rience plus personnalis\u00e9e<\/span><\/p>\n<p><b>Industriell:<\/b><b><br \/>\n<\/b><span style=\"font-weight: 400;\"> \u274c Risque de s\u00e9chage excessif<\/span><span style=\"font-weight: 400;\"><br \/>\n<\/span><span style=\"font-weight: 400;\"> \u274c Perte d\u2019ar\u00f4mes lors de l\u2019entreposage<\/span><\/p>\n<h3><b>I 5 migliori posti dove acquistare carburante per aerei online (con pro e contro)<\/b><\/h3>\n<ol>\n<li style=\"font-weight: 400;\" aria-level=\"1\"><b>Leafly (Francia e internacional)<\/b><b><br \/>\n<\/b><span style=\"font-weight: 400;\"> \u2705 Informations v\u00e9rifi\u00e9es, tests de laboratoire<\/span><span style=\"font-weight: 400;\"><br \/>\n<\/span><span style=\"font-weight: 400;\"> \u274c Achat direct pas toujours disponible<\/span><span style=\"font-weight: 400;\"><\/p>\n<p><\/span><\/li>\n<li style=\"font-weight: 400;\" aria-level=\"1\"><b>Distribuidores online (Francia, B\u00e9lgica, Canad\u00e1)<\/b><b><br \/>\n<\/b><span style=\"font-weight: 400;\"> \u2705 Produits labellis\u00e9s, promotions fr\u00e9quentes<\/span><span style=\"font-weight: 400;\"><br \/>\n<\/span><span style=\"font-weight: 400;\"> \u274c Documents d\u2019\u00e2ge ou justificatifs parfois n\u00e9cessaires<\/span><span style=\"font-weight: 400;\"><\/p>\n<p><\/span><\/li>\n<li style=\"font-weight: 400;\" aria-level=\"1\"><b>Sitios de productores artesanales<\/b><b><br \/>\n<\/b><span style=\"font-weight: 400;\"> \u2705 Cannabis de qualit\u00e9 sup\u00e9rieure, frais<\/span><span style=\"font-weight: 400;\"><br \/>\n<\/span><span style=\"font-weight: 400;\"> \u274c Quantit\u00e9s limit\u00e9es, plus chers<\/span><span style=\"font-weight: 400;\"><\/p>\n<p><\/span><\/li>\n<li style=\"font-weight: 400;\" aria-level=\"1\"><b>Cajas mensuales especializadas (caja de marihuana)<\/b><b><br \/>\n<\/b><span style=\"font-weight: 400;\"> \u2705 Surprise et d\u00e9couverte<\/span><span style=\"font-weight: 400;\"><br \/>\n<\/span><span style=\"font-weight: 400;\"> \u274c Jet Fuel non garanti \u00e0 chaque livraison<\/span><span style=\"font-weight: 400;\"><\/p>\n<p><\/span><\/li>\n<li style=\"font-weight: 400;\" aria-level=\"1\"><b>Mercados especializados (plataformas Canna o CBD)<\/b><b><br \/>\n<\/b><span style=\"font-weight: 400;\"> \u2705 Navigation facile, large gamme<\/span><span style=\"font-weight: 400;\"><br \/>\n<\/span><span style=\"font-weight: 400;\"> \u274c D\u00e9lais de livraison variables<\/span><span style=\"font-weight: 400;\"><\/p>\n<p><\/span><\/li>\n<\/ol>\n<h3><b>Qu\u00e9 comprobar antes de realizar el pedido<\/b><\/h3>\n<ul>\n<li style=\"font-weight: 400;\" aria-level=\"1\"><b>Condiciones de entrega<\/b><span style=\"font-weight: 400;\"> : Discr\u00e9tion et emballage herm\u00e9tique<\/span><span style=\"font-weight: 400;\">\n<p><\/span><\/li>\n<li style=\"font-weight: 400;\" aria-level=\"1\"><b>Gwarancja \u015bwie\u017co\u015bci<\/b><span style=\"font-weight: 400;\"> : Date de r\u00e9colte ou d\u2019emballage visible<\/span><span style=\"font-weight: 400;\">\n<p><\/span><\/li>\n<li style=\"font-weight: 400;\" aria-level=\"1\"><b>Politique de retour\/remboursement<\/b><b>\n<p><\/b><\/li>\n<li style=\"font-weight: 400;\" aria-level=\"1\"><b>Transparencia de los ingredientes<\/b><span style=\"font-weight: 400;\"> : R\u00e9sultats d\u2019analyses en laboratoire<\/span><span style=\"font-weight: 400;\">\n<p><\/span><\/li>\n<li style=\"font-weight: 400;\" aria-level=\"1\"><b>(4 opiniones de clientes)<\/b><span style=\"font-weight: 400;\"> : T\u00e9moignages v\u00e9rifi\u00e9s pour \u00e9valuer la qualit\u00e9<\/span><span style=\"font-weight: 400;\">\n<p><\/span><\/li>\n<\/ul>\n<h3><b>C\u00f3mo almacenar y consumir su combustible para aviones<\/b><\/h3>\n<ul>\n<li style=\"font-weight: 400;\" aria-level=\"1\"><b>Bevarelse<\/b><span style=\"font-weight: 400;\"> : Conservar alejado de la luz y la humedad, en un frasco de vidrio herm\u00e9tico.<\/span><span style=\"font-weight: 400;\">\n<p><\/span><\/li>\n<li style=\"font-weight: 400;\" aria-level=\"1\"><b>Utilisation<\/b><span style=\"font-weight: 400;\"> :Se recomienda pulverizar para conservar los aromas.<\/span><span style=\"font-weight: 400;\">\n<p><\/span><\/li>\n<li style=\"font-weight: 400;\" aria-level=\"1\"><b>Moments id\u00e9aux<\/b><span style=\"font-weight: 400;\"> :Ma\u00f1ana creativa, sesi\u00f3n deportiva o jornada productiva.<\/span><span style=\"font-weight: 400;\">\n<p><\/span><\/li>\n<\/ul>\n<h3><b>Fazit: Tanken Sie Jet Fuel, ohne Ihr Sofa zu verlassen<\/b><\/h3>\n<p><span style=\"font-weight: 400;\">Jet Fuel es una variedad sativa que quienes buscan... <\/span><b>Un impulso mental, concentraci\u00f3n y un efecto duradero.<\/b><span style=\"font-weight: 400;\">Gracias a los numerosos dispensarios digitales, ahora es f\u00e1cil y seguro<\/span><b>Compre combustible para aviones en l\u00ednea<\/b><span style=\"font-weight: 400;\">, beneficiando al contempo dei prezzi migliori e di una consegna affidabile.<\/span><\/p>","protected":false},"excerpt":{"rendered":"<p>Acheter Jet Fuel en ligne : Une mont\u00e9e rapide et une clart\u00e9 mentale garantie Jet Fuel, aussi connu sous le nom de G6, est une vari\u00e9t\u00e9 de cannabis puissante issue d\u2019un croisement entre Aspen OG et High Country Diesel. Appr\u00e9ci\u00e9e pour son ar\u00f4me intense de diesel et ses effets euphorisants, cette souche est parfaite pour&#8230;<\/p>","protected":false},"featured_media":115,"comment_status":"open","ping_status":"closed","template":"","meta":{"_kadence_starter_templates_imported_post":false,"_kad_post_transparent":"default","_kad_post_title":"","_kad_post_layout":"default","_kad_post_sidebar_id":"","_kad_post_content_style":"default","_kad_post_vertical_padding":"default","_kad_post_feature":"","_kad_post_feature_position":"","_kad_post_header":false,"_kad_post_footer":false,"_joinchat":[]},"product_brand":[],"product_cat":[17],"product_tag":[],"class_list":{"0":"post-114","1":"product","2":"type-product","3":"status-publish","4":"has-post-thumbnail","6":"product_cat-canabis-en-ligne","8":"first","9":"instock","10":"shipping-taxable","11":"purchasable","12":"product-type-variable","13":"entry","14":"content-bg","15":"loop-entry"},"yoast_head":"<!-- This site is optimized with the Yoast SEO plugin v23.5 - https:\/\/yoast.com\/wordpress\/plugins\/seo\/ -->\n<title>Acheter du carburant pour avions en ligne \u2013 Vente de carburant pour avions<\/title>\n<meta name=\"description\" content=\"Si vous souhaitez acheter du carburant pour avions en ligne, notre magasin herebelagle peut vous aider. Nous avons du carburant pour avions en vente aux meilleurs prix ici. Passez votre commande maintenant !\" \/>\n<meta name=\"robots\" content=\"index, follow, max-snippet:-1, max-image-preview:large, max-video-preview:-1\" \/>\n<link rel=\"canonical\" href=\"https:\/\/herbelegale.com\/es\/product\/jet-fuel\/\" \/>\n<meta property=\"og:locale\" content=\"es_ES\" \/>\n<meta property=\"og:type\" content=\"article\" \/>\n<meta property=\"og:title\" content=\"Acheter du carburant pour avions en ligne \u2013 Vente de carburant pour avions\" \/>\n<meta property=\"og:description\" content=\"Si vous souhaitez acheter du carburant pour avions en ligne, notre magasin herebelagle peut vous aider. Nous avons du carburant pour avions en vente aux meilleurs prix ici. Passez votre commande maintenant !\" \/>\n<meta property=\"og:url\" content=\"https:\/\/herbelegale.com\/es\/product\/jet-fuel\/\" \/>\n<meta property=\"og:site_name\" content=\"Herbe L\u00e9gale\" \/>\n<meta property=\"article:modified_time\" content=\"2025-06-14T11:27:08+00:00\" \/>\n<meta property=\"og:image\" content=\"https:\/\/herbelegale.com\/wp-content\/uploads\/2023\/09\/Jet-Fuel.jpg\" \/>\n\t<meta property=\"og:image:width\" content=\"960\" \/>\n\t<meta property=\"og:image:height\" content=\"1280\" \/>\n\t<meta property=\"og:image:type\" content=\"image\/jpeg\" \/>\n<meta name=\"twitter:card\" content=\"summary_large_image\" \/>\n<meta name=\"twitter:label1\" content=\"Tiempo de lectura\" \/>\n\t<meta name=\"twitter:data1\" content=\"3 minutos\" \/>\n<script type=\"application\/ld+json\" class=\"yoast-schema-graph\">{\"@context\":\"https:\/\/schema.org\",\"@graph\":[{\"@type\":\"WebPage\",\"@id\":\"https:\/\/herbelegale.com\/product\/jet-fuel\/\",\"url\":\"https:\/\/herbelegale.com\/product\/jet-fuel\/\",\"name\":\"Acheter du carburant pour avions en ligne \u2013 Vente de carburant pour avions\",\"isPartOf\":{\"@id\":\"https:\/\/herbelegale.com\/#website\"},\"primaryImageOfPage\":{\"@id\":\"https:\/\/herbelegale.com\/product\/jet-fuel\/#primaryimage\"},\"image\":{\"@id\":\"https:\/\/herbelegale.com\/product\/jet-fuel\/#primaryimage\"},\"thumbnailUrl\":\"https:\/\/herbelegale.com\/wp-content\/uploads\/2023\/09\/Jet-Fuel.jpg\",\"datePublished\":\"2023-09-22T11:06:43+00:00\",\"dateModified\":\"2025-06-14T11:27:08+00:00\",\"description\":\"Si vous souhaitez acheter du carburant pour avions en ligne, notre magasin herebelagle peut vous aider. Nous avons du carburant pour avions en vente aux meilleurs prix ici. Passez votre commande maintenant !\",\"breadcrumb\":{\"@id\":\"https:\/\/herbelegale.com\/product\/jet-fuel\/#breadcrumb\"},\"inLanguage\":\"es\",\"potentialAction\":[{\"@type\":\"ReadAction\",\"target\":[\"https:\/\/herbelegale.com\/product\/jet-fuel\/\"]}]},{\"@type\":\"ImageObject\",\"inLanguage\":\"es\",\"@id\":\"https:\/\/herbelegale.com\/product\/jet-fuel\/#primaryimage\",\"url\":\"https:\/\/herbelegale.com\/wp-content\/uploads\/2023\/09\/Jet-Fuel.jpg\",\"contentUrl\":\"https:\/\/herbelegale.com\/wp-content\/uploads\/2023\/09\/Jet-Fuel.jpg\",\"width\":960,\"height\":1280,\"caption\":\"Jet Fuel\"},{\"@type\":\"BreadcrumbList\",\"@id\":\"https:\/\/herbelegale.com\/product\/jet-fuel\/#breadcrumb\",\"itemListElement\":[{\"@type\":\"ListItem\",\"position\":1,\"name\":\"Home\",\"item\":\"https:\/\/herbelegale.com\/\"},{\"@type\":\"ListItem\",\"position\":2,\"name\":\"Boutique\",\"item\":\"https:\/\/herbelegale.com\/boutique\/\"},{\"@type\":\"ListItem\",\"position\":3,\"name\":\"Jet Fuel\"}]},{\"@type\":\"WebSite\",\"@id\":\"https:\/\/herbelegale.com\/#website\",\"url\":\"https:\/\/herbelegale.com\/\",\"name\":\"Herbe L\u00e9gale\",\"description\":\"Acheter de l&#039;herbe en ligne\",\"publisher\":{\"@id\":\"https:\/\/herbelegale.com\/#organization\"},\"potentialAction\":[{\"@type\":\"SearchAction\",\"target\":{\"@type\":\"EntryPoint\",\"urlTemplate\":\"https:\/\/herbelegale.com\/?s={search_term_string}\"},\"query-input\":{\"@type\":\"PropertyValueSpecification\",\"valueRequired\":true,\"valueName\":\"search_term_string\"}}],\"inLanguage\":\"es\"},{\"@type\":\"Organization\",\"@id\":\"https:\/\/herbelegale.com\/#organization\",\"name\":\"Herbe L\u00e9gale\",\"url\":\"https:\/\/herbelegale.com\/\",\"logo\":{\"@type\":\"ImageObject\",\"inLanguage\":\"es\",\"@id\":\"https:\/\/herbelegale.com\/#\/schema\/logo\/image\/\",\"url\":\"https:\/\/herbelegale.com\/wp-content\/uploads\/2023\/10\/logo-1.png\",\"contentUrl\":\"https:\/\/herbelegale.com\/wp-content\/uploads\/2023\/10\/logo-1.png\",\"width\":400,\"height\":120,\"caption\":\"Herbe L\u00e9gale\"},\"image\":{\"@id\":\"https:\/\/herbelegale.com\/#\/schema\/logo\/image\/\"}}]}<\/script>\n<!-- \/ Yoast SEO plugin. -->","yoast_head_json":{"title":"Acheter du carburant pour avions en ligne \u2013 Vente de carburant pour avions","description":"Si vous souhaitez acheter du carburant pour avions en ligne, notre magasin herebelagle peut vous aider. Nous avons du carburant pour avions en vente aux meilleurs prix ici. Passez votre commande maintenant !","robots":{"index":"index","follow":"follow","max-snippet":"max-snippet:-1","max-image-preview":"max-image-preview:large","max-video-preview":"max-video-preview:-1"},"canonical":"https:\/\/herbelegale.com\/es\/product\/jet-fuel\/","og_locale":"es_ES","og_type":"article","og_title":"Acheter du carburant pour avions en ligne \u2013 Vente de carburant pour avions","og_description":"Si vous souhaitez acheter du carburant pour avions en ligne, notre magasin herebelagle peut vous aider. Nous avons du carburant pour avions en vente aux meilleurs prix ici. Passez votre commande maintenant !","og_url":"https:\/\/herbelegale.com\/es\/product\/jet-fuel\/","og_site_name":"Herbe L\u00e9gale","article_modified_time":"2025-06-14T11:27:08+00:00","og_image":[{"width":960,"height":1280,"url":"https:\/\/herbelegale.com\/wp-content\/uploads\/2023\/09\/Jet-Fuel.jpg","type":"image\/jpeg"}],"twitter_card":"summary_large_image","twitter_misc":{"Tiempo de lectura":"3 minutos"},"schema":{"@context":"https:\/\/schema.org","@graph":[{"@type":"WebPage","@id":"https:\/\/herbelegale.com\/product\/jet-fuel\/","url":"https:\/\/herbelegale.com\/product\/jet-fuel\/","name":"Acheter du carburant pour avions en ligne \u2013 Vente de carburant pour avions","isPartOf":{"@id":"https:\/\/herbelegale.com\/#website"},"primaryImageOfPage":{"@id":"https:\/\/herbelegale.com\/product\/jet-fuel\/#primaryimage"},"image":{"@id":"https:\/\/herbelegale.com\/product\/jet-fuel\/#primaryimage"},"thumbnailUrl":"https:\/\/herbelegale.com\/wp-content\/uploads\/2023\/09\/Jet-Fuel.jpg","datePublished":"2023-09-22T11:06:43+00:00","dateModified":"2025-06-14T11:27:08+00:00","description":"Si vous souhaitez acheter du carburant pour avions en ligne, notre magasin herebelagle peut vous aider. Nous avons du carburant pour avions en vente aux meilleurs prix ici. Passez votre commande maintenant !","breadcrumb":{"@id":"https:\/\/herbelegale.com\/product\/jet-fuel\/#breadcrumb"},"inLanguage":"es","potentialAction":[{"@type":"ReadAction","target":["https:\/\/herbelegale.com\/product\/jet-fuel\/"]}]},{"@type":"ImageObject","inLanguage":"es","@id":"https:\/\/herbelegale.com\/product\/jet-fuel\/#primaryimage","url":"https:\/\/herbelegale.com\/wp-content\/uploads\/2023\/09\/Jet-Fuel.jpg","contentUrl":"https:\/\/herbelegale.com\/wp-content\/uploads\/2023\/09\/Jet-Fuel.jpg","width":960,"height":1280,"caption":"Jet Fuel"},{"@type":"BreadcrumbList","@id":"https:\/\/herbelegale.com\/product\/jet-fuel\/#breadcrumb","itemListElement":[{"@type":"ListItem","position":1,"name":"Home","item":"https:\/\/herbelegale.com\/"},{"@type":"ListItem","position":2,"name":"Boutique","item":"https:\/\/herbelegale.com\/boutique\/"},{"@type":"ListItem","position":3,"name":"Jet Fuel"}]},{"@type":"WebSite","@id":"https:\/\/herbelegale.com\/#website","url":"https:\/\/herbelegale.com\/","name":"Herbe L\u00e9gale","description":"Acheter de l&#039;herbe en ligne","publisher":{"@id":"https:\/\/herbelegale.com\/#organization"},"potentialAction":[{"@type":"SearchAction","target":{"@type":"EntryPoint","urlTemplate":"https:\/\/herbelegale.com\/?s={search_term_string}"},"query-input":{"@type":"PropertyValueSpecification","valueRequired":true,"valueName":"search_term_string"}}],"inLanguage":"es"},{"@type":"Organization","@id":"https:\/\/herbelegale.com\/#organization","name":"Herbe L\u00e9gale","url":"https:\/\/herbelegale.com\/","logo":{"@type":"ImageObject","inLanguage":"es","@id":"https:\/\/herbelegale.com\/#\/schema\/logo\/image\/","url":"https:\/\/herbelegale.com\/wp-content\/uploads\/2023\/10\/logo-1.png","contentUrl":"https:\/\/herbelegale.com\/wp-content\/uploads\/2023\/10\/logo-1.png","width":400,"height":120,"caption":"Herbe L\u00e9gale"},"image":{"@id":"https:\/\/herbelegale.com\/#\/schema\/logo\/image\/"}}]}},"_links":{"self":[{"href":"https:\/\/herbelegale.com\/es\/wp-json\/wp\/v2\/product\/114","targetHints":{"allow":["GET"]}}],"collection":[{"href":"https:\/\/herbelegale.com\/es\/wp-json\/wp\/v2\/product"}],"about":[{"href":"https:\/\/herbelegale.com\/es\/wp-json\/wp\/v2\/types\/product"}],"replies":[{"embeddable":true,"href":"https:\/\/herbelegale.com\/es\/wp-json\/wp\/v2\/comments?post=114"}],"wp:featuredmedia":[{"embeddable":true,"href":"https:\/\/herbelegale.com\/es\/wp-json\/wp\/v2\/media\/115"}],"wp:attachment":[{"href":"https:\/\/herbelegale.com\/es\/wp-json\/wp\/v2\/media?parent=114"}],"wp:term":[{"taxonomy":"product_brand","embeddable":true,"href":"https:\/\/herbelegale.com\/es\/wp-json\/wp\/v2\/product_brand?post=114"},{"taxonomy":"product_cat","embeddable":true,"href":"https:\/\/herbelegale.com\/es\/wp-json\/wp\/v2\/product_cat?post=114"},{"taxonomy":"product_tag","embeddable":true,"href":"https:\/\/herbelegale.com\/es\/wp-json\/wp\/v2\/product_tag?post=114"}],"curies":[{"name":"wp","href":"https:\/\/api.w.org\/{rel}","templated":true}]}}