{"id":110,"date":"2023-09-22T11:06:27","date_gmt":"2023-09-22T11:06:27","guid":{"rendered":"https:\/\/nembutalhouse.com\/weed\/?post_type=product&#038;p=110"},"modified":"2025-06-14T11:09:53","modified_gmt":"2025-06-14T11:09:53","slug":"grand-daddy-purple","status":"publish","type":"product","link":"https:\/\/herbelegale.com\/es\/product\/grand-daddy-purple\/","title":{"rendered":"Grand Daddy Purple"},"content":{"rendered":"<h2><b>Compra Grand Daddy Purple online: relajaci\u00f3n legendaria a domicilio.<\/b><\/h2>\n<p><span style=\"font-weight: 400;\">Pocas variedades de cannabis son tan ic\u00f3nicas como <\/span><a href=\"https:\/\/herbelegale.com\/es\/product\/grand-daddy-purple\/\"><b>Grand Daddy Purple<\/b><\/a><span style=\"font-weight: 400;\"> (tambi\u00e9n conocida como GDP). Famosa por sus intensos tonos morados, sus potentes efectos corporales y su dulce aroma a uva y bayas, esta legendaria variedad \u00edndica se ha convertido en una opci\u00f3n predilecta para quienes buscan relajaci\u00f3n. Hoy en d\u00eda, con el auge de las plataformas en l\u00ednea, cada vez m\u00e1s consumidores optan por...<\/span><b>acheter Grand Daddy Purple en ligne<\/b><span style=\"font-weight: 400;\">, et de recevoir cette vari\u00e9t\u00e9 premium directement \u00e0 domicile.<\/span><\/p>\n<h3><b>El auge de la entrega de cannabis en l\u00ednea: de los mercados agr\u00edcolas a domicilio<\/b><\/h3>\n<p><span style=\"font-weight: 400;\">Antes reservada para los dispensarios locales, la experiencia de compra de cannabis ahora es completamente digital. Ya sea que est\u00e9s en una gran ciudad o en una zona rural, comprar en l\u00ednea nunca ha sido tan f\u00e1cil. \u00bfA qu\u00e9 se debe este cambio?<\/span><\/p>\n<ul>\n<li style=\"font-weight: 400;\" aria-level=\"1\"><span style=\"font-weight: 400;\">Entrega <\/span><b>discreto y confidencial<\/b><b>\n<p><\/b><\/li>\n<li style=\"font-weight: 400;\" aria-level=\"1\"><b>M\u00e1s opciones<\/b><span style=\"font-weight: 400;\"> entre las variedades disponibles<\/span><span style=\"font-weight: 400;\">\n<p><\/span><\/li>\n<li style=\"font-weight: 400;\" aria-level=\"1\"><span style=\"font-weight: 400;\">Acceso a <\/span><b>Grand Daddy Purple en venta<\/b><span style=\"font-weight: 400;\"> de productores de confianza<\/span><span style=\"font-weight: 400;\">\n<p><\/span><\/li>\n<\/ul>\n<h3><b>\u00bfPor qu\u00e9 cada vez m\u00e1s personas compran Grand Daddy Purple online?<\/b><\/h3>\n<p><span style=\"font-weight: 400;\">La explosi\u00f3n del comercio electr\u00f3nico ha hecho que el cannabis sea m\u00e1s accesible que nunca. La gente ahora prefiere <\/span><a href=\"https:\/\/en.wikipedia.org\/wiki\/Talk%3AGranddaddy_Purple_(GDP)?redirect=no\"><b>Ordene Grand Daddy Purple en l\u00ednea<\/b><\/a><span style=\"font-weight: 400;\"> por varias razones:<\/span><\/p>\n<ul>\n<li style=\"font-weight: 400;\" aria-level=\"1\"><span style=\"font-weight: 400;\">Alivio del dolor cr\u00f3nico o insomnio.<\/span><span style=\"font-weight: 400;\">\n<p><\/span><\/li>\n<li style=\"font-weight: 400;\" aria-level=\"1\"><span style=\"font-weight: 400;\">Alivio del dolor cr\u00f3nico o insomnio.<\/span><span style=\"font-weight: 400;\">\n<p><\/span><\/li>\n<li style=\"font-weight: 400;\" aria-level=\"1\"><span style=\"font-weight: 400;\">Acceso a una <\/span><b>Precio econ\u00f3mico de Grand Daddy Purple<\/b><span style=\"font-weight: 400;\"> con calidad controlada<\/span><span style=\"font-weight: 400;\">\n<p><\/span><\/li>\n<\/ul>\n<h3><b>\u00bfQu\u00e9 hace que un bisabuelo sea morado?<\/b><\/h3>\n<p><span style=\"font-weight: 400;\">No todos los PIB son iguales. A continuaci\u00f3n, se detallan los factores a considerar:<\/span><\/p>\n<ul>\n<li style=\"font-weight: 400;\" aria-level=\"1\"><b>Apariencia y tricomas<\/b><span style=\"font-weight: 400;\"> :Flores de color p\u00farpura intenso, cubiertas de cristales.<\/span><span style=\"font-weight: 400;\">\n<p><\/span><\/li>\n<li style=\"font-weight: 400;\" aria-level=\"1\"><b>Aroma<\/b><span style=\"font-weight: 400;\"> :Notas dulces de uva, bayas, con un toque terroso.<\/span><span style=\"font-weight: 400;\">\n<p><\/span><\/li>\n<li style=\"font-weight: 400;\" aria-level=\"1\"><b>Efectos<\/b><span style=\"font-weight: 400;\"> : Tiefe K\u00f6rperentspannung ohne \u00fcberm\u00e4\u00dfige Sedierung<\/span><span style=\"font-weight: 400;\">\n<p><\/span><\/li>\n<li style=\"font-weight: 400;\" aria-level=\"1\"><b>Frescura<\/b><span style=\"font-weight: 400;\"> : Cogollos pegajosos y de olor dulce, nunca secos ni rancios.<\/span><span style=\"font-weight: 400;\">\n<p><\/span><\/li>\n<\/ul>\n<h3><b>Los 5 mejores sitios para comprar Gelato 41 online (con ventajas y desventajas)<\/b><\/h3>\n<ol>\n<li style=\"font-weight: 400;\" aria-level=\"1\"><b>Red Leafly<\/b><b><br \/>\n<\/b><span style=\"font-weight: 400;\"> \u2705 Vendedores certificados, productos probados en laboratorio<\/span><span style=\"font-weight: 400;\"><br \/>\n<\/span><span style=\"font-weight: 400;\"> \u274c Depende de las leyes locales<\/span><span style=\"font-weight: 400;\"><\/p>\n<p><\/span><\/li>\n<li style=\"font-weight: 400;\" aria-level=\"1\"><b>Tiendas Weedmaps<\/b><b><br \/>\n<\/b><span style=\"font-weight: 400;\"> \u2705 Opiniones de clientes y men\u00fas de dispensarios locales<\/span><span style=\"font-weight: 400;\"><br \/>\n<\/span><span style=\"font-weight: 400;\"> \u274c No se realizan env\u00edos nacionales<\/span><span style=\"font-weight: 400;\"><\/p>\n<p><\/span><\/li>\n<li style=\"font-weight: 400;\" aria-level=\"1\"><b>Budmail (Canad\u00e1)<\/b><b><br \/>\n<\/b><span style=\"font-weight: 400;\"> \u2705 Entrega r\u00e1pida y discreta<\/span><span style=\"font-weight: 400;\"><br \/>\n<\/span><span style=\"font-weight: 400;\"> \u274c Reservado para el mercado canadiense<\/span><span style=\"font-weight: 400;\"><\/p>\n<p><\/span><\/li>\n<li style=\"font-weight: 400;\" aria-level=\"1\"><b>Mercados estilo Etsy (estados legales)<\/b><b><br \/>\n<\/b><span style=\"font-weight: 400;\"> \u2705 Peque\u00f1os productores artesanales<\/span><span style=\"font-weight: 400;\"><br \/>\n<\/span><span style=\"font-weight: 400;\"> \u274c Protecci\u00f3n variable del comprador<\/span><span style=\"font-weight: 400;\"><\/p>\n<p><\/span><\/li>\n<li style=\"font-weight: 400;\" aria-level=\"1\"><b>Sitios privados aprobados (por ejemplo, GrandDaddyPurp.com)<\/b><b><br \/>\n<\/b><span style=\"font-weight: 400;\"> \u2705 Directamente del productor, a menudo m\u00e1s fresco<\/span><span style=\"font-weight: 400;\"><br \/>\n<\/span><span style=\"font-weight: 400;\"> \u274c El pedido m\u00ednimo a veces es alto<\/span><span style=\"font-weight: 400;\"><\/p>\n<p><\/span><\/li>\n<\/ol>\n<p><span style=\"font-weight: 400;\">Est\u00e1s buscando el <\/span><b>meilleur endroit pour acheter Grand Daddy Purple en ligne<\/b><span style=\"font-weight: 400;\"> Elija siempre fuentes con pruebas de laboratorio y rese\u00f1as verificadas.<\/span><\/p>\n<h3><b>Qu\u00e9 comprobar antes de realizar el pedido<\/b><\/h3>\n<ul>\n<li style=\"font-weight: 400;\" aria-level=\"1\"><span style=\"font-weight: 400;\">\u2705 <\/span><b>Condiciones de entrega<\/b><span style=\"font-weight: 400;\"> :Envasado al vac\u00edo y protecci\u00f3n t\u00e9rmica<\/span><span style=\"font-weight: 400;\">\n<p><\/span><\/li>\n<li style=\"font-weight: 400;\" aria-level=\"1\"><span style=\"font-weight: 400;\">\u2705 <\/span><b>Gwarancja \u015bwie\u017co\u015bci<\/b><span style=\"font-weight: 400;\"> :Los m\u00e1s vendidos garantizan su producto.<\/span><span style=\"font-weight: 400;\">\n<p><\/span><\/li>\n<li style=\"font-weight: 400;\" aria-level=\"1\"><span style=\"font-weight: 400;\">\u2705 <\/span><b>Transparencia de los ingredientes<\/b><span style=\"font-weight: 400;\"> : Cerca fiori privi di pesticidi e testati in laboratorio<\/span><span style=\"font-weight: 400;\">\n<p><\/span><\/li>\n<li style=\"font-weight: 400;\" aria-level=\"1\"><span style=\"font-weight: 400;\">\u2705 <\/span><b>(4 opiniones de clientes)<\/b><span style=\"font-weight: 400;\"> : Les retours authentiques sont essentiels pour juger la qualit\u00e9<\/span><span style=\"font-weight: 400;\">\n<p><\/span><\/li>\n<\/ul>\n<h3><b>C\u00f3mo almacenar, consumir y disfrutar Grand Daddy Purple<\/b><\/h3>\n<ul>\n<li style=\"font-weight: 400;\" aria-level=\"1\"><b>Bevarelse<\/b><span style=\"font-weight: 400;\"> : Conservar alejado de la luz y la humedad, en un frasco de vidrio herm\u00e9tico.<\/span><span style=\"font-weight: 400;\">\n<p><\/span><\/li>\n<li style=\"font-weight: 400;\" aria-level=\"1\"><b>Mode de consommation<\/b><span style=\"font-weight: 400;\"> : Ideal en vaporizador, pipa o enrollado.<\/span><span style=\"font-weight: 400;\">\n<p><\/span><\/li>\n<li style=\"font-weight: 400;\" aria-level=\"1\"><b>Conseil d\u2019usage<\/b><span style=\"font-weight: 400;\"> :Perfecto para pasar una tarde o para relajarse despu\u00e9s de un d\u00eda estresante.<\/span><span style=\"font-weight: 400;\">\n<p><\/span><\/li>\n<\/ul>\n<h3><b>Conclusi\u00f3n: Reg\u00e1late un relax de alto nivel sin salir de casa.<\/b><\/h3>\n<p><span style=\"font-weight: 400;\">Pedir Grand Daddy Purple en l\u00ednea significa disfrutar de una variedad de culto con acceso sencillo, r\u00e1pido y seguro. Tanto si eres un consumidor experimentado como principiante, esta legendaria \u00edndica promete un momento de absoluta calma, con entrega a domicilio.<\/span><\/p>","protected":false},"excerpt":{"rendered":"<p>Acheter Grand Daddy Purple en ligne : Une relaxation l\u00e9gendaire livr\u00e9e chez vous Peu de vari\u00e9t\u00e9s de cannabis sont aussi embl\u00e9matiques que Grand Daddy Purple (aussi appel\u00e9 GDP). C\u00e9l\u00e8bre pour ses teintes violettes profondes, ses effets puissants sur le corps et son ar\u00f4me sucr\u00e9 de raisin et de baies, cette vari\u00e9t\u00e9 indica l\u00e9gendaire est devenue&#8230;<\/p>","protected":false},"featured_media":1449,"comment_status":"open","ping_status":"closed","template":"","meta":{"_kadence_starter_templates_imported_post":false,"_kad_post_transparent":"default","_kad_post_title":"","_kad_post_layout":"default","_kad_post_sidebar_id":"","_kad_post_content_style":"default","_kad_post_vertical_padding":"default","_kad_post_feature":"","_kad_post_feature_position":"","_kad_post_header":false,"_kad_post_footer":false,"_joinchat":[]},"product_brand":[],"product_cat":[17],"product_tag":[],"class_list":{"0":"post-110","1":"product","2":"type-product","3":"status-publish","4":"has-post-thumbnail","6":"product_cat-canabis-en-ligne","8":"first","9":"instock","10":"shipping-taxable","11":"purchasable","12":"product-type-variable","13":"entry","14":"content-bg","15":"loop-entry"},"yoast_head":"<!-- This site is optimized with the Yoast SEO plugin v23.5 - https:\/\/yoast.com\/wordpress\/plugins\/seo\/ -->\n<title>Achetez Grand Daddy Purple en ligne - Grand Daddy Purple \u00e0 vendre<\/title>\n<meta name=\"description\" content=\"C&#039;est le meilleur moment pour visiter notre boutique en ligne d&#039;herbelegale et acheter Grand Daddy Purple en ligne. Nous avons Grand Daddy Purple \u00e0 vendre ici. Rencontrez-nous en ligne et passez votre commande d\u00e8s aujourd&#039;hui !\" \/>\n<meta name=\"robots\" content=\"index, follow, max-snippet:-1, max-image-preview:large, max-video-preview:-1\" \/>\n<link rel=\"canonical\" href=\"https:\/\/herbelegale.com\/es\/product\/grand-daddy-purple\/\" \/>\n<meta property=\"og:locale\" content=\"es_ES\" \/>\n<meta property=\"og:type\" content=\"article\" \/>\n<meta property=\"og:title\" content=\"Achetez Grand Daddy Purple en ligne - Grand Daddy Purple \u00e0 vendre\" \/>\n<meta property=\"og:description\" content=\"C&#039;est le meilleur moment pour visiter notre boutique en ligne d&#039;herbelegale et acheter Grand Daddy Purple en ligne. Nous avons Grand Daddy Purple \u00e0 vendre ici. Rencontrez-nous en ligne et passez votre commande d\u00e8s aujourd&#039;hui !\" \/>\n<meta property=\"og:url\" content=\"https:\/\/herbelegale.com\/es\/product\/grand-daddy-purple\/\" \/>\n<meta property=\"og:site_name\" content=\"Herbe L\u00e9gale\" \/>\n<meta property=\"article:modified_time\" content=\"2025-06-14T11:09:53+00:00\" \/>\n<meta property=\"og:image\" content=\"https:\/\/herbelegale.com\/wp-content\/uploads\/2023\/09\/Grand-Daddy-Purple.jpg\" \/>\n\t<meta property=\"og:image:width\" content=\"960\" \/>\n\t<meta property=\"og:image:height\" content=\"1280\" \/>\n\t<meta property=\"og:image:type\" content=\"image\/jpeg\" \/>\n<meta name=\"twitter:card\" content=\"summary_large_image\" \/>\n<meta name=\"twitter:label1\" content=\"Tiempo de lectura\" \/>\n\t<meta name=\"twitter:data1\" content=\"3 minutos\" \/>\n<script type=\"application\/ld+json\" class=\"yoast-schema-graph\">{\"@context\":\"https:\/\/schema.org\",\"@graph\":[{\"@type\":\"WebPage\",\"@id\":\"https:\/\/herbelegale.com\/product\/grand-daddy-purple\/\",\"url\":\"https:\/\/herbelegale.com\/product\/grand-daddy-purple\/\",\"name\":\"Achetez Grand Daddy Purple en ligne - Grand Daddy Purple \u00e0 vendre\",\"isPartOf\":{\"@id\":\"https:\/\/herbelegale.com\/#website\"},\"primaryImageOfPage\":{\"@id\":\"https:\/\/herbelegale.com\/product\/grand-daddy-purple\/#primaryimage\"},\"image\":{\"@id\":\"https:\/\/herbelegale.com\/product\/grand-daddy-purple\/#primaryimage\"},\"thumbnailUrl\":\"https:\/\/herbelegale.com\/wp-content\/uploads\/2023\/09\/Grand-Daddy-Purple.jpg\",\"datePublished\":\"2023-09-22T11:06:27+00:00\",\"dateModified\":\"2025-06-14T11:09:53+00:00\",\"description\":\"C'est le meilleur moment pour visiter notre boutique en ligne d'herbelegale et acheter Grand Daddy Purple en ligne. Nous avons Grand Daddy Purple \u00e0 vendre ici. Rencontrez-nous en ligne et passez votre commande d\u00e8s aujourd'hui !\",\"breadcrumb\":{\"@id\":\"https:\/\/herbelegale.com\/product\/grand-daddy-purple\/#breadcrumb\"},\"inLanguage\":\"es\",\"potentialAction\":[{\"@type\":\"ReadAction\",\"target\":[\"https:\/\/herbelegale.com\/product\/grand-daddy-purple\/\"]}]},{\"@type\":\"ImageObject\",\"inLanguage\":\"es\",\"@id\":\"https:\/\/herbelegale.com\/product\/grand-daddy-purple\/#primaryimage\",\"url\":\"https:\/\/herbelegale.com\/wp-content\/uploads\/2023\/09\/Grand-Daddy-Purple.jpg\",\"contentUrl\":\"https:\/\/herbelegale.com\/wp-content\/uploads\/2023\/09\/Grand-Daddy-Purple.jpg\",\"width\":960,\"height\":1280,\"caption\":\"Grand Daddy Purple\"},{\"@type\":\"BreadcrumbList\",\"@id\":\"https:\/\/herbelegale.com\/product\/grand-daddy-purple\/#breadcrumb\",\"itemListElement\":[{\"@type\":\"ListItem\",\"position\":1,\"name\":\"Home\",\"item\":\"https:\/\/herbelegale.com\/\"},{\"@type\":\"ListItem\",\"position\":2,\"name\":\"Boutique\",\"item\":\"https:\/\/herbelegale.com\/boutique\/\"},{\"@type\":\"ListItem\",\"position\":3,\"name\":\"Grand Daddy Purple\"}]},{\"@type\":\"WebSite\",\"@id\":\"https:\/\/herbelegale.com\/#website\",\"url\":\"https:\/\/herbelegale.com\/\",\"name\":\"Herbe L\u00e9gale\",\"description\":\"Acheter de l&#039;herbe en ligne\",\"publisher\":{\"@id\":\"https:\/\/herbelegale.com\/#organization\"},\"potentialAction\":[{\"@type\":\"SearchAction\",\"target\":{\"@type\":\"EntryPoint\",\"urlTemplate\":\"https:\/\/herbelegale.com\/?s={search_term_string}\"},\"query-input\":{\"@type\":\"PropertyValueSpecification\",\"valueRequired\":true,\"valueName\":\"search_term_string\"}}],\"inLanguage\":\"es\"},{\"@type\":\"Organization\",\"@id\":\"https:\/\/herbelegale.com\/#organization\",\"name\":\"Herbe L\u00e9gale\",\"url\":\"https:\/\/herbelegale.com\/\",\"logo\":{\"@type\":\"ImageObject\",\"inLanguage\":\"es\",\"@id\":\"https:\/\/herbelegale.com\/#\/schema\/logo\/image\/\",\"url\":\"https:\/\/herbelegale.com\/wp-content\/uploads\/2023\/10\/logo-1.png\",\"contentUrl\":\"https:\/\/herbelegale.com\/wp-content\/uploads\/2023\/10\/logo-1.png\",\"width\":400,\"height\":120,\"caption\":\"Herbe L\u00e9gale\"},\"image\":{\"@id\":\"https:\/\/herbelegale.com\/#\/schema\/logo\/image\/\"}}]}<\/script>\n<!-- \/ Yoast SEO plugin. -->","yoast_head_json":{"title":"Achetez Grand Daddy Purple en ligne - Grand Daddy Purple \u00e0 vendre","description":"C'est le meilleur moment pour visiter notre boutique en ligne d'herbelegale et acheter Grand Daddy Purple en ligne. Nous avons Grand Daddy Purple \u00e0 vendre ici. Rencontrez-nous en ligne et passez votre commande d\u00e8s aujourd'hui !","robots":{"index":"index","follow":"follow","max-snippet":"max-snippet:-1","max-image-preview":"max-image-preview:large","max-video-preview":"max-video-preview:-1"},"canonical":"https:\/\/herbelegale.com\/es\/product\/grand-daddy-purple\/","og_locale":"es_ES","og_type":"article","og_title":"Achetez Grand Daddy Purple en ligne - Grand Daddy Purple \u00e0 vendre","og_description":"C'est le meilleur moment pour visiter notre boutique en ligne d'herbelegale et acheter Grand Daddy Purple en ligne. Nous avons Grand Daddy Purple \u00e0 vendre ici. Rencontrez-nous en ligne et passez votre commande d\u00e8s aujourd'hui !","og_url":"https:\/\/herbelegale.com\/es\/product\/grand-daddy-purple\/","og_site_name":"Herbe L\u00e9gale","article_modified_time":"2025-06-14T11:09:53+00:00","og_image":[{"width":960,"height":1280,"url":"https:\/\/herbelegale.com\/wp-content\/uploads\/2023\/09\/Grand-Daddy-Purple.jpg","type":"image\/jpeg"}],"twitter_card":"summary_large_image","twitter_misc":{"Tiempo de lectura":"3 minutos"},"schema":{"@context":"https:\/\/schema.org","@graph":[{"@type":"WebPage","@id":"https:\/\/herbelegale.com\/product\/grand-daddy-purple\/","url":"https:\/\/herbelegale.com\/product\/grand-daddy-purple\/","name":"Achetez Grand Daddy Purple en ligne - Grand Daddy Purple \u00e0 vendre","isPartOf":{"@id":"https:\/\/herbelegale.com\/#website"},"primaryImageOfPage":{"@id":"https:\/\/herbelegale.com\/product\/grand-daddy-purple\/#primaryimage"},"image":{"@id":"https:\/\/herbelegale.com\/product\/grand-daddy-purple\/#primaryimage"},"thumbnailUrl":"https:\/\/herbelegale.com\/wp-content\/uploads\/2023\/09\/Grand-Daddy-Purple.jpg","datePublished":"2023-09-22T11:06:27+00:00","dateModified":"2025-06-14T11:09:53+00:00","description":"C'est le meilleur moment pour visiter notre boutique en ligne d'herbelegale et acheter Grand Daddy Purple en ligne. Nous avons Grand Daddy Purple \u00e0 vendre ici. Rencontrez-nous en ligne et passez votre commande d\u00e8s aujourd'hui !","breadcrumb":{"@id":"https:\/\/herbelegale.com\/product\/grand-daddy-purple\/#breadcrumb"},"inLanguage":"es","potentialAction":[{"@type":"ReadAction","target":["https:\/\/herbelegale.com\/product\/grand-daddy-purple\/"]}]},{"@type":"ImageObject","inLanguage":"es","@id":"https:\/\/herbelegale.com\/product\/grand-daddy-purple\/#primaryimage","url":"https:\/\/herbelegale.com\/wp-content\/uploads\/2023\/09\/Grand-Daddy-Purple.jpg","contentUrl":"https:\/\/herbelegale.com\/wp-content\/uploads\/2023\/09\/Grand-Daddy-Purple.jpg","width":960,"height":1280,"caption":"Grand Daddy Purple"},{"@type":"BreadcrumbList","@id":"https:\/\/herbelegale.com\/product\/grand-daddy-purple\/#breadcrumb","itemListElement":[{"@type":"ListItem","position":1,"name":"Home","item":"https:\/\/herbelegale.com\/"},{"@type":"ListItem","position":2,"name":"Boutique","item":"https:\/\/herbelegale.com\/boutique\/"},{"@type":"ListItem","position":3,"name":"Grand Daddy Purple"}]},{"@type":"WebSite","@id":"https:\/\/herbelegale.com\/#website","url":"https:\/\/herbelegale.com\/","name":"Herbe L\u00e9gale","description":"Acheter de l&#039;herbe en ligne","publisher":{"@id":"https:\/\/herbelegale.com\/#organization"},"potentialAction":[{"@type":"SearchAction","target":{"@type":"EntryPoint","urlTemplate":"https:\/\/herbelegale.com\/?s={search_term_string}"},"query-input":{"@type":"PropertyValueSpecification","valueRequired":true,"valueName":"search_term_string"}}],"inLanguage":"es"},{"@type":"Organization","@id":"https:\/\/herbelegale.com\/#organization","name":"Herbe L\u00e9gale","url":"https:\/\/herbelegale.com\/","logo":{"@type":"ImageObject","inLanguage":"es","@id":"https:\/\/herbelegale.com\/#\/schema\/logo\/image\/","url":"https:\/\/herbelegale.com\/wp-content\/uploads\/2023\/10\/logo-1.png","contentUrl":"https:\/\/herbelegale.com\/wp-content\/uploads\/2023\/10\/logo-1.png","width":400,"height":120,"caption":"Herbe L\u00e9gale"},"image":{"@id":"https:\/\/herbelegale.com\/#\/schema\/logo\/image\/"}}]}},"_links":{"self":[{"href":"https:\/\/herbelegale.com\/es\/wp-json\/wp\/v2\/product\/110","targetHints":{"allow":["GET"]}}],"collection":[{"href":"https:\/\/herbelegale.com\/es\/wp-json\/wp\/v2\/product"}],"about":[{"href":"https:\/\/herbelegale.com\/es\/wp-json\/wp\/v2\/types\/product"}],"replies":[{"embeddable":true,"href":"https:\/\/herbelegale.com\/es\/wp-json\/wp\/v2\/comments?post=110"}],"wp:featuredmedia":[{"embeddable":true,"href":"https:\/\/herbelegale.com\/es\/wp-json\/wp\/v2\/media\/1449"}],"wp:attachment":[{"href":"https:\/\/herbelegale.com\/es\/wp-json\/wp\/v2\/media?parent=110"}],"wp:term":[{"taxonomy":"product_brand","embeddable":true,"href":"https:\/\/herbelegale.com\/es\/wp-json\/wp\/v2\/product_brand?post=110"},{"taxonomy":"product_cat","embeddable":true,"href":"https:\/\/herbelegale.com\/es\/wp-json\/wp\/v2\/product_cat?post=110"},{"taxonomy":"product_tag","embeddable":true,"href":"https:\/\/herbelegale.com\/es\/wp-json\/wp\/v2\/product_tag?post=110"}],"curies":[{"name":"wp","href":"https:\/\/api.w.org\/{rel}","templated":true}]}}