{"id":5,"date":"2022-02-22T23:42:26","date_gmt":"2022-02-22T23:42:26","guid":{"rendered":"https:\/\/startertemplatecloud.com\/g38\/shop\/"},"modified":"2023-10-25T09:25:49","modified_gmt":"2023-10-25T09:25:49","slug":"boutique","status":"publish","type":"page","link":"https:\/\/herbelegale.com\/es\/boutique\/","title":{"rendered":"Tienda"},"content":{"rendered":"<p class=\"has-text-align-center\">Comprar flores de cannabis, \u00bfBuscas la hierba m\u00e1s fuerte? Entonces elige semillas de cannabis con un alto contenido en THC. Hemos seleccionado estas semillas de cannabis para usted a continuaci\u00f3n. Todas estas variedades con alto contenido en THC producir\u00e1n plantas de cannabis que te colocar\u00e1n. \u00bfQu\u00e9 m\u00e1s se puede pedir? C\u00f3mo comprar marihuana online , Hach\u00eds en venta, Comprar hierba<a href=\"https:\/\/herbelegale.com\/es\/\">.<\/a><\/p>","protected":false},"excerpt":{"rendered":"<p>Acheter de fleur de cannabis, Vous cherchez l&rsquo;herbe la plus forte ? Choisissez alors des graines de cannabis \u00e0 forte teneur en THC. Nous avons s\u00e9lectionn\u00e9 ces graines de cannabis pour vous ci-dessous. Ces vari\u00e9t\u00e9s \u00e0 haute teneur en THC produiront toutes des plantes de cannabis qui vous feront planer. Que demander de plus ?&#8230;<\/p>","protected":false},"author":1,"featured_media":1673,"parent":0,"menu_order":0,"comment_status":"closed","ping_status":"closed","template":"","meta":{"_kadence_starter_templates_imported_post":true,"_kad_post_transparent":"","_kad_post_title":"","_kad_post_layout":"","_kad_post_sidebar_id":"","_kad_post_content_style":"","_kad_post_vertical_padding":"","_kad_post_feature":"","_kad_post_feature_position":"","_kad_post_header":false,"_kad_post_footer":false,"_joinchat":[],"footnotes":""},"class_list":["post-5","page","type-page","status-publish","has-post-thumbnail","hentry"],"yoast_head":"<!-- This site is optimized with the Yoast SEO plugin v23.5 - https:\/\/yoast.com\/wordpress\/plugins\/seo\/ -->\n<title>Acheter de fleur de cannabis - Herbe L\u00e9gale<\/title>\n<meta name=\"description\" content=\"Acheter de fleur de cannabis, . Boutique de cannabis THC. acheter du hash. commander du hash en ligne, hash Achetez de l&#039;herbe.\" \/>\n<meta name=\"robots\" content=\"index, follow, max-snippet:-1, max-image-preview:large, max-video-preview:-1\" \/>\n<link rel=\"canonical\" href=\"https:\/\/herbelegale.com\/es\/boutique\/\" \/>\n<meta property=\"og:locale\" content=\"es_ES\" \/>\n<meta property=\"og:type\" content=\"article\" \/>\n<meta property=\"og:title\" content=\"Acheter de fleur de cannabis - Herbe L\u00e9gale\" \/>\n<meta property=\"og:description\" content=\"Acheter de fleur de cannabis, . Boutique de cannabis THC. acheter du hash. commander du hash en ligne, hash Achetez de l&#039;herbe.\" \/>\n<meta property=\"og:url\" content=\"https:\/\/herbelegale.com\/es\/boutique\/\" \/>\n<meta property=\"og:site_name\" content=\"Herbe L\u00e9gale\" \/>\n<meta property=\"article:modified_time\" content=\"2023-10-25T09:25:49+00:00\" \/>\n<meta property=\"og:image\" content=\"https:\/\/herbelegale.com\/wp-content\/uploads\/2023\/10\/logo-1.png\" \/>\n\t<meta property=\"og:image:width\" content=\"400\" \/>\n\t<meta property=\"og:image:height\" content=\"120\" \/>\n\t<meta property=\"og:image:type\" content=\"image\/png\" \/>\n<meta name=\"twitter:card\" content=\"summary_large_image\" \/>\n<meta name=\"twitter:label1\" content=\"Tiempo de lectura\" \/>\n\t<meta name=\"twitter:data1\" content=\"1 minuto\" \/>\n<script type=\"application\/ld+json\" class=\"yoast-schema-graph\">{\"@context\":\"https:\/\/schema.org\",\"@graph\":[{\"@type\":\"WebPage\",\"@id\":\"https:\/\/herbelegale.com\/boutique\/\",\"url\":\"https:\/\/herbelegale.com\/boutique\/\",\"name\":\"Acheter de fleur de cannabis - Herbe L\u00e9gale\",\"isPartOf\":{\"@id\":\"https:\/\/herbelegale.com\/#website\"},\"primaryImageOfPage\":{\"@id\":\"https:\/\/herbelegale.com\/boutique\/#primaryimage\"},\"image\":{\"@id\":\"https:\/\/herbelegale.com\/boutique\/#primaryimage\"},\"thumbnailUrl\":\"https:\/\/herbelegale.com\/wp-content\/uploads\/2023\/10\/logo-1.png\",\"datePublished\":\"2022-02-22T23:42:26+00:00\",\"dateModified\":\"2023-10-25T09:25:49+00:00\",\"description\":\"Acheter de fleur de cannabis, . Boutique de cannabis THC. acheter du hash. commander du hash en ligne, hash Achetez de l'herbe.\",\"breadcrumb\":{\"@id\":\"https:\/\/herbelegale.com\/boutique\/#breadcrumb\"},\"inLanguage\":\"es\",\"potentialAction\":[{\"@type\":\"ReadAction\",\"target\":[\"https:\/\/herbelegale.com\/boutique\/\"]}]},{\"@type\":\"ImageObject\",\"inLanguage\":\"es\",\"@id\":\"https:\/\/herbelegale.com\/boutique\/#primaryimage\",\"url\":\"https:\/\/herbelegale.com\/wp-content\/uploads\/2023\/10\/logo-1.png\",\"contentUrl\":\"https:\/\/herbelegale.com\/wp-content\/uploads\/2023\/10\/logo-1.png\",\"width\":400,\"height\":120,\"caption\":\"Herbe L\u00e9gale - Acheter de l'herbe en ligne\"},{\"@type\":\"BreadcrumbList\",\"@id\":\"https:\/\/herbelegale.com\/boutique\/#breadcrumb\",\"itemListElement\":[{\"@type\":\"ListItem\",\"position\":1,\"name\":\"Home\",\"item\":\"https:\/\/herbelegale.com\/\"},{\"@type\":\"ListItem\",\"position\":2,\"name\":\"Boutique\"}]},{\"@type\":\"WebSite\",\"@id\":\"https:\/\/herbelegale.com\/#website\",\"url\":\"https:\/\/herbelegale.com\/\",\"name\":\"Herbe L\u00e9gale\",\"description\":\"Acheter de l&#039;herbe en ligne\",\"publisher\":{\"@id\":\"https:\/\/herbelegale.com\/#organization\"},\"potentialAction\":[{\"@type\":\"SearchAction\",\"target\":{\"@type\":\"EntryPoint\",\"urlTemplate\":\"https:\/\/herbelegale.com\/?s={search_term_string}\"},\"query-input\":{\"@type\":\"PropertyValueSpecification\",\"valueRequired\":true,\"valueName\":\"search_term_string\"}}],\"inLanguage\":\"es\"},{\"@type\":\"Organization\",\"@id\":\"https:\/\/herbelegale.com\/#organization\",\"name\":\"Herbe L\u00e9gale\",\"url\":\"https:\/\/herbelegale.com\/\",\"logo\":{\"@type\":\"ImageObject\",\"inLanguage\":\"es\",\"@id\":\"https:\/\/herbelegale.com\/#\/schema\/logo\/image\/\",\"url\":\"https:\/\/herbelegale.com\/wp-content\/uploads\/2023\/10\/logo-1.png\",\"contentUrl\":\"https:\/\/herbelegale.com\/wp-content\/uploads\/2023\/10\/logo-1.png\",\"width\":400,\"height\":120,\"caption\":\"Herbe L\u00e9gale\"},\"image\":{\"@id\":\"https:\/\/herbelegale.com\/#\/schema\/logo\/image\/\"}}]}<\/script>\n<!-- \/ Yoast SEO plugin. -->","yoast_head_json":{"title":"Acheter de fleur de cannabis - Herbe L\u00e9gale","description":"Acheter de fleur de cannabis, . Boutique de cannabis THC. acheter du hash. commander du hash en ligne, hash Achetez de l'herbe.","robots":{"index":"index","follow":"follow","max-snippet":"max-snippet:-1","max-image-preview":"max-image-preview:large","max-video-preview":"max-video-preview:-1"},"canonical":"https:\/\/herbelegale.com\/es\/boutique\/","og_locale":"es_ES","og_type":"article","og_title":"Acheter de fleur de cannabis - Herbe L\u00e9gale","og_description":"Acheter de fleur de cannabis, . Boutique de cannabis THC. acheter du hash. commander du hash en ligne, hash Achetez de l'herbe.","og_url":"https:\/\/herbelegale.com\/es\/boutique\/","og_site_name":"Herbe L\u00e9gale","article_modified_time":"2023-10-25T09:25:49+00:00","og_image":[{"width":400,"height":120,"url":"https:\/\/herbelegale.com\/wp-content\/uploads\/2023\/10\/logo-1.png","type":"image\/png"}],"twitter_card":"summary_large_image","twitter_misc":{"Tiempo de lectura":"1 minuto"},"schema":{"@context":"https:\/\/schema.org","@graph":[{"@type":"WebPage","@id":"https:\/\/herbelegale.com\/boutique\/","url":"https:\/\/herbelegale.com\/boutique\/","name":"Acheter de fleur de cannabis - Herbe L\u00e9gale","isPartOf":{"@id":"https:\/\/herbelegale.com\/#website"},"primaryImageOfPage":{"@id":"https:\/\/herbelegale.com\/boutique\/#primaryimage"},"image":{"@id":"https:\/\/herbelegale.com\/boutique\/#primaryimage"},"thumbnailUrl":"https:\/\/herbelegale.com\/wp-content\/uploads\/2023\/10\/logo-1.png","datePublished":"2022-02-22T23:42:26+00:00","dateModified":"2023-10-25T09:25:49+00:00","description":"Acheter de fleur de cannabis, . Boutique de cannabis THC. acheter du hash. commander du hash en ligne, hash Achetez de l'herbe.","breadcrumb":{"@id":"https:\/\/herbelegale.com\/boutique\/#breadcrumb"},"inLanguage":"es","potentialAction":[{"@type":"ReadAction","target":["https:\/\/herbelegale.com\/boutique\/"]}]},{"@type":"ImageObject","inLanguage":"es","@id":"https:\/\/herbelegale.com\/boutique\/#primaryimage","url":"https:\/\/herbelegale.com\/wp-content\/uploads\/2023\/10\/logo-1.png","contentUrl":"https:\/\/herbelegale.com\/wp-content\/uploads\/2023\/10\/logo-1.png","width":400,"height":120,"caption":"Herbe L\u00e9gale - Acheter de l'herbe en ligne"},{"@type":"BreadcrumbList","@id":"https:\/\/herbelegale.com\/boutique\/#breadcrumb","itemListElement":[{"@type":"ListItem","position":1,"name":"Home","item":"https:\/\/herbelegale.com\/"},{"@type":"ListItem","position":2,"name":"Boutique"}]},{"@type":"WebSite","@id":"https:\/\/herbelegale.com\/#website","url":"https:\/\/herbelegale.com\/","name":"Herbe L\u00e9gale","description":"Acheter de l&#039;herbe en ligne","publisher":{"@id":"https:\/\/herbelegale.com\/#organization"},"potentialAction":[{"@type":"SearchAction","target":{"@type":"EntryPoint","urlTemplate":"https:\/\/herbelegale.com\/?s={search_term_string}"},"query-input":{"@type":"PropertyValueSpecification","valueRequired":true,"valueName":"search_term_string"}}],"inLanguage":"es"},{"@type":"Organization","@id":"https:\/\/herbelegale.com\/#organization","name":"Herbe L\u00e9gale","url":"https:\/\/herbelegale.com\/","logo":{"@type":"ImageObject","inLanguage":"es","@id":"https:\/\/herbelegale.com\/#\/schema\/logo\/image\/","url":"https:\/\/herbelegale.com\/wp-content\/uploads\/2023\/10\/logo-1.png","contentUrl":"https:\/\/herbelegale.com\/wp-content\/uploads\/2023\/10\/logo-1.png","width":400,"height":120,"caption":"Herbe L\u00e9gale"},"image":{"@id":"https:\/\/herbelegale.com\/#\/schema\/logo\/image\/"}}]}},"_links":{"self":[{"href":"https:\/\/herbelegale.com\/es\/wp-json\/wp\/v2\/pages\/5","targetHints":{"allow":["GET"]}}],"collection":[{"href":"https:\/\/herbelegale.com\/es\/wp-json\/wp\/v2\/pages"}],"about":[{"href":"https:\/\/herbelegale.com\/es\/wp-json\/wp\/v2\/types\/page"}],"author":[{"embeddable":true,"href":"https:\/\/herbelegale.com\/es\/wp-json\/wp\/v2\/users\/1"}],"replies":[{"embeddable":true,"href":"https:\/\/herbelegale.com\/es\/wp-json\/wp\/v2\/comments?post=5"}],"version-history":[{"count":0,"href":"https:\/\/herbelegale.com\/es\/wp-json\/wp\/v2\/pages\/5\/revisions"}],"wp:featuredmedia":[{"embeddable":true,"href":"https:\/\/herbelegale.com\/es\/wp-json\/wp\/v2\/media\/1673"}],"wp:attachment":[{"href":"https:\/\/herbelegale.com\/es\/wp-json\/wp\/v2\/media?parent=5"}],"curies":[{"name":"wp","href":"https:\/\/api.w.org\/{rel}","templated":true}]}}