{"id":91,"date":"2023-09-22T09:42:34","date_gmt":"2023-09-22T09:42:34","guid":{"rendered":"https:\/\/nembutalhouse.com\/weed\/?post_type=product&#038;p=91"},"modified":"2025-06-14T11:09:23","modified_gmt":"2025-06-14T11:09:23","slug":"gelato-41","status":"publish","type":"product","link":"https:\/\/herbelegale.com\/de\/product\/gelato-41\/","title":{"rendered":"Gelato 41"},"content":{"rendered":"<h2><b>Kaufen Sie Gelato 41 online: Ein erstklassiges Cannabis-Erlebnis nur einen Klick entfernt<\/b><\/h2>\n<p><span style=\"font-weight: 400;\"><a href=\"https:\/\/herbelegale.com\/de\/product\/gelato-41\/\">Gelato 41<\/a> ist eine beliebte Cannabis-Hybridsorte, die aus der Kreuzung von Sunset Sherbet und Thin Mint Girl Scout Cookies entstanden ist. Ihre wachsende Beliebtheit verdankt sie ihrer ausgewogenen Wirkung, ihrem reichhaltigen Terpenprofil und dem einfachen Online-Kauf. Dank des zunehmenden E-Commerce ist es nun m\u00f6glich, Gelato 41 online zu kaufen, was den Verbrauchern einen unvergleichlichen Komfort bietet.<\/span><\/p>\n<h3><b>Der Aufstieg der Online-Cannabislieferung: Vom Bauernmarkt bis an die Haust\u00fcr<\/b><\/h3>\n<p><span style=\"font-weight: 400;\">Der wachsende Cannabismarkt erm\u00f6glicht es Verbrauchern, von zu Hause aus auf eine Vielzahl hochwertiger Produkte zuzugreifen. Spezialisierte Online-Plattformen bieten eine breite Produktpalette, darunter auch Gelato 41, mit diskreten und schnellen Lieferoptionen.<\/span><\/p>\n<h3><b>Warum immer mehr Menschen Gelato 41 online kaufen<\/b><\/h3>\n<ul>\n<li style=\"font-weight: 400;\" aria-level=\"1\"><b>Zug\u00e4nglichkeit<\/b><span style=\"font-weight: 400;\"> : Einfacher Zugriff auf eine Vielzahl von Premiumprodukten.<\/span><span style=\"font-weight: 400;\">\n<p><\/span><\/li>\n<li style=\"font-weight: 400;\" aria-level=\"1\"><b>Bequemlichkeit<\/b><span style=\"font-weight: 400;\"> : Direkte Lieferung nach Hause, sodass der Gang ins Gesch\u00e4ft nicht mehr n\u00f6tig ist.<\/span><span style=\"font-weight: 400;\">\n<p><\/span><\/li>\n<li style=\"font-weight: 400;\" aria-level=\"1\"><b>Auswahl<\/b><span style=\"font-weight: 400;\"> : M\u00f6glichkeit, verschiedene Anbieter und Produkte zu vergleichen.<\/span><span style=\"font-weight: 400;\">\n<p><\/span><\/li>\n<\/ul>\n<h3><b>Was ein gro\u00dfartiges Gelato ausmacht 41<\/b><\/h3>\n<ul>\n<li style=\"font-weight: 400;\" aria-level=\"1\"><b>Frische<\/b><span style=\"font-weight: 400;\"> : Dichte, harzige Knospen, reich an Trichomen.<\/span><span style=\"font-weight: 400;\">\n<p><\/span><\/li>\n<li style=\"font-weight: 400;\" aria-level=\"1\"><b>Aroma<\/b><span style=\"font-weight: 400;\"> : Eine s\u00fc\u00dfe Mischung aus Vanille, Beeren und erdigen Noten.<\/span><span style=\"font-weight: 400;\">\n<p><\/span><\/li>\n<li style=\"font-weight: 400;\" aria-level=\"1\"><b>Auswirkungen<\/b><span style=\"font-weight: 400;\"> : Ein Gleichgewicht zwischen k\u00f6rperlicher Entspannung und geistiger Anregung, ideal f\u00fcr den abendlichen Gebrauch oder zur F\u00f6rderung der Kreativit\u00e4t.<\/span><span style=\"font-weight: 400;\">\n<p><\/span><\/li>\n<\/ul>\n<h3><b>Top 5 Orte, um Gelato 41 online zu kaufen (mit Vor- und Nachteilen)<\/b><\/h3>\n<ol>\n<li style=\"font-weight: 400;\" aria-level=\"1\"><b>Prohibitionsfarmen<\/b><b>\n<p><\/b><\/p>\n<ul>\n<li style=\"font-weight: 400;\" aria-level=\"2\"><i><span style=\"font-weight: 400;\">Vorteile<\/span><\/i><span style=\"font-weight: 400;\"> : Hochwertige Produkte, diskreter Versand.<\/span><span style=\"font-weight: 400;\">\n<p><\/span><\/li>\n<li style=\"font-weight: 400;\" aria-level=\"2\"><i><span style=\"font-weight: 400;\">Nachteile<\/span><\/i><span style=\"font-weight: 400;\"> : Je nach Region eingeschr\u00e4nkte Verf\u00fcgbarkeit.<\/span><span style=\"font-weight: 400;\">\n<p><\/span><\/li>\n<\/ul>\n<\/li>\n<li style=\"font-weight: 400;\" aria-level=\"1\"><b>Alien Labs<\/b><b>\n<p><\/b><\/p>\n<ul>\n<li style=\"font-weight: 400;\" aria-level=\"2\"><i><span style=\"font-weight: 400;\">Vorteile<\/span><\/i><span style=\"font-weight: 400;\"> : Ruf f\u00fcr Qualit\u00e4t, starke Wirkung.<\/span><span style=\"font-weight: 400;\">\n<p><\/span><\/li>\n<li style=\"font-weight: 400;\" aria-level=\"2\"><i><span style=\"font-weight: 400;\">Nachteile<\/span><\/i><span style=\"font-weight: 400;\"> : H\u00f6here Preise.<\/span><span style=\"font-weight: 400;\">\n<p><\/span><\/li>\n<\/ul>\n<\/li>\n<li style=\"font-weight: 400;\" aria-level=\"1\"><b>Connected Cannabis Co.<\/b><b>\n<p><\/b><\/p>\n<ul>\n<li style=\"font-weight: 400;\" aria-level=\"2\"><i><span style=\"font-weight: 400;\">Vorteile<\/span><\/i><span style=\"font-weight: 400;\"> : Produits prim\u00e9s, large gamme.<\/span><span style=\"font-weight: 400;\">\n<p><\/span><\/li>\n<li style=\"font-weight: 400;\" aria-level=\"2\"><i><span style=\"font-weight: 400;\">Nachteile<\/span><\/i><span style=\"font-weight: 400;\"> : N\u00e9cessite une v\u00e9rification d&rsquo;\u00e2ge.<\/span><span style=\"font-weight: 400;\">\n<p><\/span><\/li>\n<\/ul>\n<\/li>\n<li style=\"font-weight: 400;\" aria-level=\"1\"><b>Dr.Ganja<\/b><b>\n<p><\/b><\/p>\n<ul>\n<li style=\"font-weight: 400;\" aria-level=\"2\"><i><span style=\"font-weight: 400;\">Vorteile<\/span><\/i><span style=\"font-weight: 400;\"> : Livraison gratuite, large s\u00e9lection.<\/span><span style=\"font-weight: 400;\">\n<p><\/span><\/li>\n<li style=\"font-weight: 400;\" aria-level=\"2\"><i><span style=\"font-weight: 400;\">Nachteile<\/span><\/i><span style=\"font-weight: 400;\"> : Certaines options peuvent \u00eatre limit\u00e9es.<\/span><span style=\"font-weight: 400;\">\n<p><\/span><\/li>\n<\/ul>\n<\/li>\n<li style=\"font-weight: 400;\" aria-level=\"1\"><b>Budzburn<\/b><b>\n<p><\/b><\/p>\n<ul>\n<li style=\"font-weight: 400;\" aria-level=\"2\"><i><span style=\"font-weight: 400;\">Vorteile<\/span><\/i><span style=\"font-weight: 400;\"> : Produits biologiques, tests en laboratoire.<\/span><span style=\"font-weight: 400;\">\n<p><\/span><\/li>\n<li style=\"font-weight: 400;\" aria-level=\"2\"><i><span style=\"font-weight: 400;\">Nachteile<\/span><\/i><span style=\"font-weight: 400;\"> : Peut ne pas \u00eatre disponible dans toutes les r\u00e9gions.<\/span><span style=\"font-weight: 400;\">\n<p><\/span><\/li>\n<\/ul>\n<\/li>\n<\/ol>\n<h3><b>Worauf Sie vor der Bestellung achten sollten<\/b><\/h3>\n<ul>\n<li style=\"font-weight: 400;\" aria-level=\"1\"><b>Versandbedingungen<\/b><span style=\"font-weight: 400;\"> : Stellen Sie sicher, dass der Lieferant einen diskreten und schnellen Versand anbietet.<\/span><span style=\"font-weight: 400;\">\n<p><\/span><\/li>\n<li style=\"font-weight: 400;\" aria-level=\"1\"><b>Frischegarantien<\/b><span style=\"font-weight: 400;\"> : \u00dcberpr\u00fcfen Sie die R\u00fcckgabe- und Erstattungsrichtlinien.<\/span><span style=\"font-weight: 400;\">\n<p><\/span><\/li>\n<li style=\"font-weight: 400;\" aria-level=\"1\"><b>Transparenz der Inhaltsstoffe<\/b><span style=\"font-weight: 400;\"> : Suchen Sie nach Informationen zu Labortests und Terpenanalysen.<\/span><span style=\"font-weight: 400;\">\n<p><\/span><\/li>\n<\/ul>\n<h3><b>S\u00e5dan opbevarer, varmer og nyder du din Gelato 41<\/b><\/h3>\n<ul>\n<li style=\"font-weight: 400;\" aria-level=\"1\"><b>Lagerung<\/b><span style=\"font-weight: 400;\"> : In einem luftdichten Beh\u00e4lter an einem k\u00fchlen, dunklen Ort aufbewahren.<\/span><span style=\"font-weight: 400;\">\n<p><\/span><\/li>\n<li style=\"font-weight: 400;\" aria-level=\"1\"><b>Aufw\u00e4rmen<\/b><span style=\"font-weight: 400;\"> : F\u00fcr das beste Erlebnis verwenden Sie einen hochwertigen Verdampfer.<\/span><span style=\"font-weight: 400;\">\n<p><\/span><\/li>\n<li style=\"font-weight: 400;\" aria-level=\"1\"><b>Genie\u00dfen<\/b><span style=\"font-weight: 400;\"> : Genie\u00dfen Sie die komplexen Aromen und ausgewogenen Wirkungen von Gelato 41.<\/span><span style=\"font-weight: 400;\">\n<p><\/span><\/li>\n<\/ul>\n<h3><b>Fazit: Stillen Sie Ihren Wunsch nach Premium-Cannabis, ohne das Haus zu verlassen<\/b><\/h3>\n<p><span style=\"font-weight: 400;\"><a href=\"https:\/\/en.wikipedia.org\/wiki\/Gelato\">Acheter Gelato 41 en ligne<\/a> bietet au\u00dfergew\u00f6hnlichen Komfort und Qualit\u00e4t. Egal, ob Sie ein erfahrener Konsument oder ein Anf\u00e4nger sind, diese Hybridsorte bietet ein angenehmes und ausgewogenes Erlebnis.<\/span><\/p>\n<h3><b>Abschlie\u00dfende Tipps f\u00fcr ein sicheres, legales und zufriedenstellendes Einkaufserlebnis<\/b><\/h3>\n<ul>\n<li style=\"font-weight: 400;\" aria-level=\"1\"><b>\u00dcberpr\u00fcfen Sie die Rechtm\u00e4\u00dfigkeit<\/b><span style=\"font-weight: 400;\"> : Stellen Sie sicher, dass der Kauf von Cannabis in Ihrer Region legal ist.<\/span><span style=\"font-weight: 400;\">\n<p><\/span><\/li>\n<li style=\"font-weight: 400;\" aria-level=\"1\"><b>W\u00e4hlen Sie seri\u00f6se Lieferanten<\/b><span style=\"font-weight: 400;\"> : Entscheiden Sie sich f\u00fcr etablierte Plattformen mit guten Bewertungen.<\/span><span style=\"font-weight: 400;\">\n<p><\/span><\/li>\n<li style=\"font-weight: 400;\" aria-level=\"1\"><b>Informiert sein<\/b><span style=\"font-weight: 400;\"> : Erfahren Sie mehr \u00fcber die Wirkung und die richtige Dosierung.<\/span><\/li>\n<\/ul>","protected":false},"excerpt":{"rendered":"<p>Achetez Gelato 41 en ligne : Une exp\u00e9rience de cannabis haut de gamme \u00e0 port\u00e9e de clic Gelato 41 est une vari\u00e9t\u00e9 hybride de cannabis tr\u00e8s pris\u00e9e, n\u00e9e du croisement entre Sunset Sherbet et Thin Mint Girl Scout Cookies. Sa popularit\u00e9 croissante s&rsquo;explique par ses effets \u00e9quilibr\u00e9s, son profil terp\u00e9nique riche et sa facilit\u00e9 d&rsquo;achat&#8230;<\/p>","protected":false},"featured_media":1454,"comment_status":"open","ping_status":"closed","template":"","meta":{"_kadence_starter_templates_imported_post":false,"_kad_post_transparent":"default","_kad_post_title":"","_kad_post_layout":"default","_kad_post_sidebar_id":"","_kad_post_content_style":"default","_kad_post_vertical_padding":"default","_kad_post_feature":"","_kad_post_feature_position":"","_kad_post_header":false,"_kad_post_footer":false,"_joinchat":[]},"product_brand":[],"product_cat":[17],"product_tag":[],"class_list":{"0":"post-91","1":"product","2":"type-product","3":"status-publish","4":"has-post-thumbnail","6":"product_cat-canabis-en-ligne","8":"first","9":"instock","10":"shipping-taxable","11":"purchasable","12":"product-type-variable","13":"entry","14":"content-bg","15":"loop-entry"},"yoast_head":"<!-- This site is optimized with the Yoast SEO plugin v23.5 - https:\/\/yoast.com\/wordpress\/plugins\/seo\/ -->\n<title>Achetez Gelato 41 en ligne - Gelato 41 \u00e0 vendre<\/title>\n<meta name=\"description\" content=\"Vous pouvez acheter de la glace 41 en ligne aux meilleurs prix dans notre boutique en ligne. Nous proposons de la glace 41 bon march\u00e9 et de haute qualit\u00e9 \u00e0 la vente et proposons une livraison dans le monde entier. Vous pouvez commander \u00e0 tout moment et en tout lieu.\" \/>\n<meta name=\"robots\" content=\"index, follow, max-snippet:-1, max-image-preview:large, max-video-preview:-1\" \/>\n<link rel=\"canonical\" href=\"https:\/\/herbelegale.com\/de\/product\/gelato-41\/\" \/>\n<meta property=\"og:locale\" content=\"de_DE\" \/>\n<meta property=\"og:type\" content=\"article\" \/>\n<meta property=\"og:title\" content=\"Achetez Gelato 41 en ligne - Gelato 41 \u00e0 vendre\" \/>\n<meta property=\"og:description\" content=\"Vous pouvez acheter de la glace 41 en ligne aux meilleurs prix dans notre boutique en ligne. Nous proposons de la glace 41 bon march\u00e9 et de haute qualit\u00e9 \u00e0 la vente et proposons une livraison dans le monde entier. Vous pouvez commander \u00e0 tout moment et en tout lieu.\" \/>\n<meta property=\"og:url\" content=\"https:\/\/herbelegale.com\/de\/product\/gelato-41\/\" \/>\n<meta property=\"og:site_name\" content=\"Herbe L\u00e9gale\" \/>\n<meta property=\"article:modified_time\" content=\"2025-06-14T11:09:23+00:00\" \/>\n<meta property=\"og:image\" content=\"https:\/\/herbelegale.com\/wp-content\/uploads\/2023\/09\/Gelato-41.jpg\" \/>\n\t<meta property=\"og:image:width\" content=\"960\" \/>\n\t<meta property=\"og:image:height\" content=\"1280\" \/>\n\t<meta property=\"og:image:type\" content=\"image\/jpeg\" \/>\n<meta name=\"twitter:card\" content=\"summary_large_image\" \/>\n<meta name=\"twitter:label1\" content=\"Gesch\u00e4tzte Lesezeit\" \/>\n\t<meta name=\"twitter:data1\" content=\"3\u00a0Minuten\" \/>\n<script type=\"application\/ld+json\" class=\"yoast-schema-graph\">{\"@context\":\"https:\/\/schema.org\",\"@graph\":[{\"@type\":\"WebPage\",\"@id\":\"https:\/\/herbelegale.com\/product\/gelato-41\/\",\"url\":\"https:\/\/herbelegale.com\/product\/gelato-41\/\",\"name\":\"Achetez Gelato 41 en ligne - Gelato 41 \u00e0 vendre\",\"isPartOf\":{\"@id\":\"https:\/\/herbelegale.com\/#website\"},\"primaryImageOfPage\":{\"@id\":\"https:\/\/herbelegale.com\/product\/gelato-41\/#primaryimage\"},\"image\":{\"@id\":\"https:\/\/herbelegale.com\/product\/gelato-41\/#primaryimage\"},\"thumbnailUrl\":\"https:\/\/herbelegale.com\/wp-content\/uploads\/2023\/09\/Gelato-41.jpg\",\"datePublished\":\"2023-09-22T09:42:34+00:00\",\"dateModified\":\"2025-06-14T11:09:23+00:00\",\"description\":\"Vous pouvez acheter de la glace 41 en ligne aux meilleurs prix dans notre boutique en ligne. Nous proposons de la glace 41 bon march\u00e9 et de haute qualit\u00e9 \u00e0 la vente et proposons une livraison dans le monde entier. Vous pouvez commander \u00e0 tout moment et en tout lieu.\",\"breadcrumb\":{\"@id\":\"https:\/\/herbelegale.com\/product\/gelato-41\/#breadcrumb\"},\"inLanguage\":\"de\",\"potentialAction\":[{\"@type\":\"ReadAction\",\"target\":[\"https:\/\/herbelegale.com\/product\/gelato-41\/\"]}]},{\"@type\":\"ImageObject\",\"inLanguage\":\"de\",\"@id\":\"https:\/\/herbelegale.com\/product\/gelato-41\/#primaryimage\",\"url\":\"https:\/\/herbelegale.com\/wp-content\/uploads\/2023\/09\/Gelato-41.jpg\",\"contentUrl\":\"https:\/\/herbelegale.com\/wp-content\/uploads\/2023\/09\/Gelato-41.jpg\",\"width\":960,\"height\":1280,\"caption\":\"Gelato 41\"},{\"@type\":\"BreadcrumbList\",\"@id\":\"https:\/\/herbelegale.com\/product\/gelato-41\/#breadcrumb\",\"itemListElement\":[{\"@type\":\"ListItem\",\"position\":1,\"name\":\"Home\",\"item\":\"https:\/\/herbelegale.com\/\"},{\"@type\":\"ListItem\",\"position\":2,\"name\":\"Boutique\",\"item\":\"https:\/\/herbelegale.com\/boutique\/\"},{\"@type\":\"ListItem\",\"position\":3,\"name\":\"Gelato 41\"}]},{\"@type\":\"WebSite\",\"@id\":\"https:\/\/herbelegale.com\/#website\",\"url\":\"https:\/\/herbelegale.com\/\",\"name\":\"Herbe L\u00e9gale\",\"description\":\"Acheter de l&#039;herbe en ligne\",\"publisher\":{\"@id\":\"https:\/\/herbelegale.com\/#organization\"},\"potentialAction\":[{\"@type\":\"SearchAction\",\"target\":{\"@type\":\"EntryPoint\",\"urlTemplate\":\"https:\/\/herbelegale.com\/?s={search_term_string}\"},\"query-input\":{\"@type\":\"PropertyValueSpecification\",\"valueRequired\":true,\"valueName\":\"search_term_string\"}}],\"inLanguage\":\"de\"},{\"@type\":\"Organization\",\"@id\":\"https:\/\/herbelegale.com\/#organization\",\"name\":\"Herbe L\u00e9gale\",\"url\":\"https:\/\/herbelegale.com\/\",\"logo\":{\"@type\":\"ImageObject\",\"inLanguage\":\"de\",\"@id\":\"https:\/\/herbelegale.com\/#\/schema\/logo\/image\/\",\"url\":\"https:\/\/herbelegale.com\/wp-content\/uploads\/2023\/10\/logo-1.png\",\"contentUrl\":\"https:\/\/herbelegale.com\/wp-content\/uploads\/2023\/10\/logo-1.png\",\"width\":400,\"height\":120,\"caption\":\"Herbe L\u00e9gale\"},\"image\":{\"@id\":\"https:\/\/herbelegale.com\/#\/schema\/logo\/image\/\"}}]}<\/script>\n<!-- \/ Yoast SEO plugin. -->","yoast_head_json":{"title":"Achetez Gelato 41 en ligne - Gelato 41 \u00e0 vendre","description":"Vous pouvez acheter de la glace 41 en ligne aux meilleurs prix dans notre boutique en ligne. Nous proposons de la glace 41 bon march\u00e9 et de haute qualit\u00e9 \u00e0 la vente et proposons une livraison dans le monde entier. Vous pouvez commander \u00e0 tout moment et en tout lieu.","robots":{"index":"index","follow":"follow","max-snippet":"max-snippet:-1","max-image-preview":"max-image-preview:large","max-video-preview":"max-video-preview:-1"},"canonical":"https:\/\/herbelegale.com\/de\/product\/gelato-41\/","og_locale":"de_DE","og_type":"article","og_title":"Achetez Gelato 41 en ligne - Gelato 41 \u00e0 vendre","og_description":"Vous pouvez acheter de la glace 41 en ligne aux meilleurs prix dans notre boutique en ligne. Nous proposons de la glace 41 bon march\u00e9 et de haute qualit\u00e9 \u00e0 la vente et proposons une livraison dans le monde entier. Vous pouvez commander \u00e0 tout moment et en tout lieu.","og_url":"https:\/\/herbelegale.com\/de\/product\/gelato-41\/","og_site_name":"Herbe L\u00e9gale","article_modified_time":"2025-06-14T11:09:23+00:00","og_image":[{"width":960,"height":1280,"url":"https:\/\/herbelegale.com\/wp-content\/uploads\/2023\/09\/Gelato-41.jpg","type":"image\/jpeg"}],"twitter_card":"summary_large_image","twitter_misc":{"Gesch\u00e4tzte Lesezeit":"3\u00a0Minuten"},"schema":{"@context":"https:\/\/schema.org","@graph":[{"@type":"WebPage","@id":"https:\/\/herbelegale.com\/product\/gelato-41\/","url":"https:\/\/herbelegale.com\/product\/gelato-41\/","name":"Achetez Gelato 41 en ligne - Gelato 41 \u00e0 vendre","isPartOf":{"@id":"https:\/\/herbelegale.com\/#website"},"primaryImageOfPage":{"@id":"https:\/\/herbelegale.com\/product\/gelato-41\/#primaryimage"},"image":{"@id":"https:\/\/herbelegale.com\/product\/gelato-41\/#primaryimage"},"thumbnailUrl":"https:\/\/herbelegale.com\/wp-content\/uploads\/2023\/09\/Gelato-41.jpg","datePublished":"2023-09-22T09:42:34+00:00","dateModified":"2025-06-14T11:09:23+00:00","description":"Vous pouvez acheter de la glace 41 en ligne aux meilleurs prix dans notre boutique en ligne. Nous proposons de la glace 41 bon march\u00e9 et de haute qualit\u00e9 \u00e0 la vente et proposons une livraison dans le monde entier. Vous pouvez commander \u00e0 tout moment et en tout lieu.","breadcrumb":{"@id":"https:\/\/herbelegale.com\/product\/gelato-41\/#breadcrumb"},"inLanguage":"de","potentialAction":[{"@type":"ReadAction","target":["https:\/\/herbelegale.com\/product\/gelato-41\/"]}]},{"@type":"ImageObject","inLanguage":"de","@id":"https:\/\/herbelegale.com\/product\/gelato-41\/#primaryimage","url":"https:\/\/herbelegale.com\/wp-content\/uploads\/2023\/09\/Gelato-41.jpg","contentUrl":"https:\/\/herbelegale.com\/wp-content\/uploads\/2023\/09\/Gelato-41.jpg","width":960,"height":1280,"caption":"Gelato 41"},{"@type":"BreadcrumbList","@id":"https:\/\/herbelegale.com\/product\/gelato-41\/#breadcrumb","itemListElement":[{"@type":"ListItem","position":1,"name":"Home","item":"https:\/\/herbelegale.com\/"},{"@type":"ListItem","position":2,"name":"Boutique","item":"https:\/\/herbelegale.com\/boutique\/"},{"@type":"ListItem","position":3,"name":"Gelato 41"}]},{"@type":"WebSite","@id":"https:\/\/herbelegale.com\/#website","url":"https:\/\/herbelegale.com\/","name":"Herbe L\u00e9gale","description":"Acheter de l&#039;herbe en ligne","publisher":{"@id":"https:\/\/herbelegale.com\/#organization"},"potentialAction":[{"@type":"SearchAction","target":{"@type":"EntryPoint","urlTemplate":"https:\/\/herbelegale.com\/?s={search_term_string}"},"query-input":{"@type":"PropertyValueSpecification","valueRequired":true,"valueName":"search_term_string"}}],"inLanguage":"de"},{"@type":"Organization","@id":"https:\/\/herbelegale.com\/#organization","name":"Herbe L\u00e9gale","url":"https:\/\/herbelegale.com\/","logo":{"@type":"ImageObject","inLanguage":"de","@id":"https:\/\/herbelegale.com\/#\/schema\/logo\/image\/","url":"https:\/\/herbelegale.com\/wp-content\/uploads\/2023\/10\/logo-1.png","contentUrl":"https:\/\/herbelegale.com\/wp-content\/uploads\/2023\/10\/logo-1.png","width":400,"height":120,"caption":"Herbe L\u00e9gale"},"image":{"@id":"https:\/\/herbelegale.com\/#\/schema\/logo\/image\/"}}]}},"_links":{"self":[{"href":"https:\/\/herbelegale.com\/de\/wp-json\/wp\/v2\/product\/91","targetHints":{"allow":["GET"]}}],"collection":[{"href":"https:\/\/herbelegale.com\/de\/wp-json\/wp\/v2\/product"}],"about":[{"href":"https:\/\/herbelegale.com\/de\/wp-json\/wp\/v2\/types\/product"}],"replies":[{"embeddable":true,"href":"https:\/\/herbelegale.com\/de\/wp-json\/wp\/v2\/comments?post=91"}],"wp:featuredmedia":[{"embeddable":true,"href":"https:\/\/herbelegale.com\/de\/wp-json\/wp\/v2\/media\/1454"}],"wp:attachment":[{"href":"https:\/\/herbelegale.com\/de\/wp-json\/wp\/v2\/media?parent=91"}],"wp:term":[{"taxonomy":"product_brand","embeddable":true,"href":"https:\/\/herbelegale.com\/de\/wp-json\/wp\/v2\/product_brand?post=91"},{"taxonomy":"product_cat","embeddable":true,"href":"https:\/\/herbelegale.com\/de\/wp-json\/wp\/v2\/product_cat?post=91"},{"taxonomy":"product_tag","embeddable":true,"href":"https:\/\/herbelegale.com\/de\/wp-json\/wp\/v2\/product_tag?post=91"}],"curies":[{"name":"wp","href":"https:\/\/api.w.org\/{rel}","templated":true}]}}