{"id":61,"date":"2023-09-22T09:01:28","date_gmt":"2023-09-22T09:01:28","guid":{"rendered":"https:\/\/nembutalhouse.com\/weed\/?post_type=product&#038;p=61"},"modified":"2025-06-14T11:21:13","modified_gmt":"2025-06-14T11:21:13","slug":"jack-herer","status":"publish","type":"product","link":"https:\/\/herbelegale.com\/de\/product\/jack-herer\/","title":{"rendered":"Jack Herer"},"content":{"rendered":"<h2><b>Jack Herer online kaufen: Erwecken Sie Ihren Geist mit einer Cannabislegende<\/b><\/h2>\n<p><span style=\"font-weight: 400;\">Benannt nach dem legend\u00e4ren Cannabis-Aktivisten, <\/span><b>Jack Herer<\/b><span style=\"font-weight: 400;\"> ist eine Sativa-Sorte, die f\u00fcr ihre zerebrale Energie, geistige Klarheit und ihr einzigartiges w\u00fcrziges Aroma bekannt ist. Mit dem rasanten Wachstum des digitalen Cannabismarktes ist es heute einfacher denn je,<\/span><a href=\"https:\/\/herbelegale.com\/de\/product\/jack-herer\/\"><b>acheter Jack Herer en ligne<\/b><\/a><span style=\"font-weight: 400;\"> und diese au\u00dfergew\u00f6hnliche, mit Sorgfalt kultivierte Blume zu Hause zu erhalten.<\/span><\/p>\n<h3><b>Der Aufstieg der Online-Cannabislieferung: Vom Bauernmarkt bis an die Haust\u00fcr<\/b><\/h3>\n<p><span style=\"font-weight: 400;\">Autrefois r\u00e9serv\u00e9es aux boutiques physiques, les vari\u00e9t\u00e9s artisanales comme Jack Herer sont maintenant disponibles via des plateformes num\u00e9riques s\u00e9curis\u00e9es. R\u00e9sultat : les consommateurs peuvent <\/span><a href=\"https:\/\/en.wikipedia.org\/wiki\/Jack_Herer\"><b>Jack Herer online bestellen<\/b><\/a><span style=\"font-weight: 400;\"> mit mehr Leichtigkeit, Auswahl und Transparenz als je zuvor.<\/span><\/p>\n<h3><b>Warum immer mehr Menschen Jack Herer online kaufen<\/b><\/h3>\n<ul>\n<li style=\"font-weight: 400;\" aria-level=\"1\"><b>Schneller Zugriff auf Premium-Blumen<\/b><span style=\"font-weight: 400;\"> von \u00fcberall<\/span><span style=\"font-weight: 400;\">\n<p><\/span><\/li>\n<li style=\"font-weight: 400;\" aria-level=\"1\"><b>Bester Preisvergleich und Kundenrezensionen<\/b><b>\n<p><\/b><\/li>\n<li style=\"font-weight: 400;\" aria-level=\"1\"><b>Diskrete Lieferung<\/b><span style=\"font-weight: 400;\"> und manchmal sogar kostenlos<\/span><span style=\"font-weight: 400;\">\n<p><\/span><\/li>\n<li style=\"font-weight: 400;\" aria-level=\"1\"><span style=\"font-weight: 400;\">Recherche de <\/span><b>Jack Herer \u00e0 vendre<\/b><span style=\"font-weight: 400;\"> avec des offres comp\u00e9titives<\/span><span style=\"font-weight: 400;\">\n<p><\/span><\/li>\n<li style=\"font-weight: 400;\" aria-level=\"1\"><span style=\"font-weight: 400;\">Possibilit\u00e9 de trouver un <\/span><b>prix Jack Herer pas cher<\/b><span style=\"font-weight: 400;\"> sans sacrifier la qualit\u00e9<\/span><span style=\"font-weight: 400;\">\n<p><\/span><\/li>\n<\/ul>\n<h3><b>Was macht einen gro\u00dfartigen Jack Herer aus?<\/b><\/h3>\n<p><span style=\"font-weight: 400;\">Nicht alle Jack Herers sind gleich. Hier sind die wichtigsten Dinge, auf die Sie achten sollten:<\/span><\/p>\n<ul>\n<li style=\"font-weight: 400;\" aria-level=\"1\"><b>Aussehen<\/b><span style=\"font-weight: 400;\"> : Fleurs compactes aux pistils orange vif, trichomes abondants<\/span><span style=\"font-weight: 400;\">\n<p><\/span><\/li>\n<li style=\"font-weight: 400;\" aria-level=\"1\"><b>Aroma<\/b><span style=\"font-weight: 400;\"> : M\u00e9lange frais et piquant de pin, d&rsquo;agrumes et d&rsquo;\u00e9pices<\/span><span style=\"font-weight: 400;\">\n<p><\/span><\/li>\n<li style=\"font-weight: 400;\" aria-level=\"1\"><b>Auswirkungen<\/b><span style=\"font-weight: 400;\"> : Boost mental, cr\u00e9ativit\u00e9 et \u00e9nergie \u2014 id\u00e9al pour la journ\u00e9e<\/span><span style=\"font-weight: 400;\">\n<p><\/span><\/li>\n<li style=\"font-weight: 400;\" aria-level=\"1\"><b>Frische<\/b><span style=\"font-weight: 400;\"> : Fleurs collantes, bien s\u00e9ch\u00e9es, mais jamais friables<\/span><span style=\"font-weight: 400;\">\n<p><\/span><\/li>\n<li style=\"font-weight: 400;\" aria-level=\"1\"><b>Production artisanale<\/b><span style=\"font-weight: 400;\"> : Petites r\u00e9coltes souvent plus soign\u00e9es que les productions industrielles<\/span><span style=\"font-weight: 400;\">\n<p><\/span><\/li>\n<\/ul>\n<h3><b>Top 5 der besten Orte, um Grand Daddy Purple online zu kaufen (mit Vor- und Nachteilen)<\/b><\/h3>\n<h3><b>1. Weedmaps (Apothekennetzwerke)<\/b><\/h3>\n<p><b>\u2705<\/b><span style=\"font-weight: 400;\"> R\u00e9seau fiable, nombreuses vari\u00e9t\u00e9s locales<\/span><span style=\"font-weight: 400;\"><br \/>\n<\/span> <b>\u274c<\/b><span style=\"font-weight: 400;\"> Livraison non garantie selon la r\u00e9gion<\/span><\/p>\n<h3><b>2. Leafly<\/b><\/h3>\n<p><b>\u2705<\/b><span style=\"font-weight: 400;\"> Fiches d\u00e9taill\u00e9es, avis v\u00e9rifi\u00e9s, produits test\u00e9s en laboratoire<\/span><span style=\"font-weight: 400;\"><br \/>\n<\/span> <b>\u274c<\/b><span style=\"font-weight: 400;\"> Pas de vente directe sur le site<\/span><\/p>\n<h3><b>3.\u00ba BC Bud Supply (German)<\/b><\/h3>\n<p><b>\u2705<\/b><span style=\"font-weight: 400;\"> Livraison rapide, qualit\u00e9 constante<\/span><span style=\"font-weight: 400;\"><br \/>\n<\/span> <b>\u274c<\/b><span style=\"font-weight: 400;\"> Zone limit\u00e9e au Canada<\/span><\/p>\n<h3><b>4. Unabh\u00e4ngige Gesch\u00e4fte im Etsy-Stil<\/b><\/h3>\n<p><b>\u2705<\/b><span style=\"font-weight: 400;\"> Artisans passionn\u00e9s, options rares<\/span><span style=\"font-weight: 400;\"><br \/>\n<\/span> <b>\u274c<\/b><span style=\"font-weight: 400;\"> Moins de garantie sur les politiques de retour<\/span><\/p>\n<h3><b>5. Zertifizierte Produktionsstandorte (z. B. Herer Farms)<\/b><\/h3>\n<p><b>\u2705<\/b><span style=\"font-weight: 400;\"> Fleurs fra\u00eechement r\u00e9colt\u00e9es, tra\u00e7abilit\u00e9 compl\u00e8te<\/span><span style=\"font-weight: 400;\"><br \/>\n<\/span> <b>\u274c<\/b><span style=\"font-weight: 400;\"> Stock limit\u00e9 selon la demande<\/span><\/p>\n<p><span style=\"font-weight: 400;\">\ud83d\udc49 Pour trouver le <\/span><b>meilleur endroit pour acheter Jack Herer en ligne<\/b><span style=\"font-weight: 400;\">, suchen Sie nach Lieferanten, die Stammtransparenz, Labortests und sicheren Versand bieten.<\/span><\/p>\n<h3><b>Was Sie vor der Bestellung \u00fcberpr\u00fcfen sollten<\/b><\/h3>\n<ul>\n<li style=\"font-weight: 400;\" aria-level=\"1\"><b>Conditions de livraison<\/b><span style=\"font-weight: 400;\"> : Stellen Sie sicher, dass das Produkt gut verpackt, diskret und vor extremen Temperaturen gesch\u00fctzt ist<\/span><span style=\"font-weight: 400;\">\n<p><\/span><\/li>\n<li style=\"font-weight: 400;\" aria-level=\"1\"><b>Garantie fra\u00eecheur<\/b><span style=\"font-weight: 400;\"> : Frisch geerntete und gut konservierte Bl\u00fcten<\/span><span style=\"font-weight: 400;\">\n<p><\/span><\/li>\n<li style=\"font-weight: 400;\" aria-level=\"1\"><b>Politique de remboursement<\/b><span style=\"font-weight: 400;\"> : Seri\u00f6se Verk\u00e4ufer = klare Garantien<\/span><span style=\"font-weight: 400;\">\n<p><\/span><\/li>\n<li style=\"font-weight: 400;\" aria-level=\"1\"><b>Transparence sur les ingr\u00e9dients<\/b><span style=\"font-weight: 400;\"> : Detaillierte Informationen zu Terpenen, THC\/CBD und Anbaumethode<\/span><span style=\"font-weight: 400;\">\n<p><\/span><\/li>\n<li style=\"font-weight: 400;\" aria-level=\"1\"><b>(4 Kundenmeinungen)<\/b><span style=\"font-weight: 400;\"> : Lesen Sie vor der Bestellung immer die Bewertungen<\/span><span style=\"font-weight: 400;\">\n<p><\/span><\/li>\n<\/ul>\n<h3><b>Wie man Jack Herer lagert und konsumiert<\/b><\/h3>\n<ul>\n<li style=\"font-weight: 400;\" aria-level=\"1\"><b>Lagerung<\/b><span style=\"font-weight: 400;\"> : Vor Licht und Feuchtigkeit gesch\u00fctzt in einem luftdichten Glas aufbewahren<\/span><span style=\"font-weight: 400;\">\n<p><\/span><\/li>\n<li style=\"font-weight: 400;\" aria-level=\"1\"><b>Kulutus<\/b><span style=\"font-weight: 400;\"> : Perfekt zum Verdampfen, um die Aromen voll zu erleben, oder in einem Joint f\u00fcr eine allm\u00e4hliche Steigerung<\/span><span style=\"font-weight: 400;\">\n<p><\/span><\/li>\n<li style=\"font-weight: 400;\" aria-level=\"1\"><b>Moments id\u00e9aux<\/b><span style=\"font-weight: 400;\"> : Morgens oder nachmittags, um konzentriert und kreativ zu bleiben<\/span><span style=\"font-weight: 400;\">\n<p><\/span><\/li>\n<\/ul>\n<h3><b>Fazit: Genie\u00dfen Sie die Kraft von Jack Herer, ohne Ihr Sofa zu verlassen<\/b><\/h3>\n<p><span style=\"font-weight: 400;\">Mit dem Anstieg des Online-Verkaufs <\/span><b>Jack Herer online bestellen<\/b><span style=\"font-weight: 400;\"> ist ein einfacher, schneller und sicherer Weg, eine Kultsorte zu erhalten. Ob zur Steigerung Ihrer Produktivit\u00e4t, Anregung Ihrer Kreativit\u00e4t oder einfach zur Versch\u00f6nerung Ihres Tages \u2013 Jack Herer bietet Ihnen einen ausgewogenen und inspirierenden Energieschub \u2013 direkt nach Hause geliefert.<\/span><\/p>","protected":false},"excerpt":{"rendered":"<p>Acheter Jack Herer en ligne : \u00c9veillez votre esprit avec une l\u00e9gende cannabique Nomm\u00e9e d&rsquo;apr\u00e8s l\u2019activiste embl\u00e9matique du cannabis, Jack Herer est une vari\u00e9t\u00e9 sativa renomm\u00e9e pour son \u00e9nergie c\u00e9r\u00e9brale, sa clart\u00e9 mentale et son ar\u00f4me \u00e9pic\u00e9 unique. Avec la croissance rapide du march\u00e9 num\u00e9rique du cannabis, il est d\u00e9sormais plus facile que jamais d\u2019acheter&#8230;<\/p>","protected":false},"featured_media":371,"comment_status":"open","ping_status":"closed","template":"","meta":{"_kadence_starter_templates_imported_post":false,"_kad_post_transparent":"default","_kad_post_title":"","_kad_post_layout":"default","_kad_post_sidebar_id":"","_kad_post_content_style":"default","_kad_post_vertical_padding":"default","_kad_post_feature":"","_kad_post_feature_position":"","_kad_post_header":false,"_kad_post_footer":false,"_joinchat":[]},"product_brand":[],"product_cat":[17],"product_tag":[],"class_list":{"0":"post-61","1":"product","2":"type-product","3":"status-publish","4":"has-post-thumbnail","6":"product_cat-canabis-en-ligne","8":"first","9":"instock","10":"shipping-taxable","11":"purchasable","12":"product-type-variable","13":"entry","14":"content-bg","15":"loop-entry"},"yoast_head":"<!-- This site is optimized with the Yoast SEO plugin v23.5 - https:\/\/yoast.com\/wordpress\/plugins\/seo\/ -->\n<title>Acheter Jack Herer en ligne - Jack Herer \u00e0 vendre en ligne<\/title>\n<meta name=\"description\" content=\"Chez votre marchand de cannabis, vous pouvez acheter du Jack Herer \u00e0 des prix avantageux. Ici, vous pouvez acheter du Jack Herer en ligne avec une qualit\u00e9 sup\u00e9rieure dans notre magasin maintenant avec un service d&#039;exp\u00e9dition rapide et s\u00e9curis\u00e9. Commandez maintenant !\" \/>\n<meta name=\"robots\" content=\"index, follow, max-snippet:-1, max-image-preview:large, max-video-preview:-1\" \/>\n<link rel=\"canonical\" href=\"https:\/\/herbelegale.com\/de\/product\/jack-herer\/\" \/>\n<meta property=\"og:locale\" content=\"de_DE\" \/>\n<meta property=\"og:type\" content=\"article\" \/>\n<meta property=\"og:title\" content=\"Acheter Jack Herer en ligne - Jack Herer \u00e0 vendre en ligne\" \/>\n<meta property=\"og:description\" content=\"Chez votre marchand de cannabis, vous pouvez acheter du Jack Herer \u00e0 des prix avantageux. Ici, vous pouvez acheter du Jack Herer en ligne avec une qualit\u00e9 sup\u00e9rieure dans notre magasin maintenant avec un service d&#039;exp\u00e9dition rapide et s\u00e9curis\u00e9. Commandez maintenant !\" \/>\n<meta property=\"og:url\" content=\"https:\/\/herbelegale.com\/de\/product\/jack-herer\/\" \/>\n<meta property=\"og:site_name\" content=\"Herbe L\u00e9gale\" \/>\n<meta property=\"article:modified_time\" content=\"2025-06-14T11:21:13+00:00\" \/>\n<meta property=\"og:image\" content=\"https:\/\/herbelegale.com\/wp-content\/uploads\/2023\/09\/Jack-Herer-1.jpg\" \/>\n\t<meta property=\"og:image:width\" content=\"960\" \/>\n\t<meta property=\"og:image:height\" content=\"1280\" \/>\n\t<meta property=\"og:image:type\" content=\"image\/jpeg\" \/>\n<meta name=\"twitter:card\" content=\"summary_large_image\" \/>\n<meta name=\"twitter:label1\" content=\"Gesch\u00e4tzte Lesezeit\" \/>\n\t<meta name=\"twitter:data1\" content=\"3\u00a0Minuten\" \/>\n<script type=\"application\/ld+json\" class=\"yoast-schema-graph\">{\"@context\":\"https:\/\/schema.org\",\"@graph\":[{\"@type\":\"WebPage\",\"@id\":\"https:\/\/herbelegale.com\/product\/jack-herer\/\",\"url\":\"https:\/\/herbelegale.com\/product\/jack-herer\/\",\"name\":\"Acheter Jack Herer en ligne - Jack Herer \u00e0 vendre en ligne\",\"isPartOf\":{\"@id\":\"https:\/\/herbelegale.com\/#website\"},\"primaryImageOfPage\":{\"@id\":\"https:\/\/herbelegale.com\/product\/jack-herer\/#primaryimage\"},\"image\":{\"@id\":\"https:\/\/herbelegale.com\/product\/jack-herer\/#primaryimage\"},\"thumbnailUrl\":\"https:\/\/herbelegale.com\/wp-content\/uploads\/2023\/09\/Jack-Herer-1.jpg\",\"datePublished\":\"2023-09-22T09:01:28+00:00\",\"dateModified\":\"2025-06-14T11:21:13+00:00\",\"description\":\"Chez votre marchand de cannabis, vous pouvez acheter du Jack Herer \u00e0 des prix avantageux. Ici, vous pouvez acheter du Jack Herer en ligne avec une qualit\u00e9 sup\u00e9rieure dans notre magasin maintenant avec un service d'exp\u00e9dition rapide et s\u00e9curis\u00e9. Commandez maintenant !\",\"breadcrumb\":{\"@id\":\"https:\/\/herbelegale.com\/product\/jack-herer\/#breadcrumb\"},\"inLanguage\":\"de\",\"potentialAction\":[{\"@type\":\"ReadAction\",\"target\":[\"https:\/\/herbelegale.com\/product\/jack-herer\/\"]}]},{\"@type\":\"ImageObject\",\"inLanguage\":\"de\",\"@id\":\"https:\/\/herbelegale.com\/product\/jack-herer\/#primaryimage\",\"url\":\"https:\/\/herbelegale.com\/wp-content\/uploads\/2023\/09\/Jack-Herer-1.jpg\",\"contentUrl\":\"https:\/\/herbelegale.com\/wp-content\/uploads\/2023\/09\/Jack-Herer-1.jpg\",\"width\":960,\"height\":1280,\"caption\":\"Jack Herer\"},{\"@type\":\"BreadcrumbList\",\"@id\":\"https:\/\/herbelegale.com\/product\/jack-herer\/#breadcrumb\",\"itemListElement\":[{\"@type\":\"ListItem\",\"position\":1,\"name\":\"Home\",\"item\":\"https:\/\/herbelegale.com\/\"},{\"@type\":\"ListItem\",\"position\":2,\"name\":\"Boutique\",\"item\":\"https:\/\/herbelegale.com\/boutique\/\"},{\"@type\":\"ListItem\",\"position\":3,\"name\":\"Jack Herer\"}]},{\"@type\":\"WebSite\",\"@id\":\"https:\/\/herbelegale.com\/#website\",\"url\":\"https:\/\/herbelegale.com\/\",\"name\":\"Herbe L\u00e9gale\",\"description\":\"Acheter de l&#039;herbe en ligne\",\"publisher\":{\"@id\":\"https:\/\/herbelegale.com\/#organization\"},\"potentialAction\":[{\"@type\":\"SearchAction\",\"target\":{\"@type\":\"EntryPoint\",\"urlTemplate\":\"https:\/\/herbelegale.com\/?s={search_term_string}\"},\"query-input\":{\"@type\":\"PropertyValueSpecification\",\"valueRequired\":true,\"valueName\":\"search_term_string\"}}],\"inLanguage\":\"de\"},{\"@type\":\"Organization\",\"@id\":\"https:\/\/herbelegale.com\/#organization\",\"name\":\"Herbe L\u00e9gale\",\"url\":\"https:\/\/herbelegale.com\/\",\"logo\":{\"@type\":\"ImageObject\",\"inLanguage\":\"de\",\"@id\":\"https:\/\/herbelegale.com\/#\/schema\/logo\/image\/\",\"url\":\"https:\/\/herbelegale.com\/wp-content\/uploads\/2023\/10\/logo-1.png\",\"contentUrl\":\"https:\/\/herbelegale.com\/wp-content\/uploads\/2023\/10\/logo-1.png\",\"width\":400,\"height\":120,\"caption\":\"Herbe L\u00e9gale\"},\"image\":{\"@id\":\"https:\/\/herbelegale.com\/#\/schema\/logo\/image\/\"}}]}<\/script>\n<!-- \/ Yoast SEO plugin. -->","yoast_head_json":{"title":"Acheter Jack Herer en ligne - Jack Herer \u00e0 vendre en ligne","description":"Chez votre marchand de cannabis, vous pouvez acheter du Jack Herer \u00e0 des prix avantageux. Ici, vous pouvez acheter du Jack Herer en ligne avec une qualit\u00e9 sup\u00e9rieure dans notre magasin maintenant avec un service d'exp\u00e9dition rapide et s\u00e9curis\u00e9. Commandez maintenant !","robots":{"index":"index","follow":"follow","max-snippet":"max-snippet:-1","max-image-preview":"max-image-preview:large","max-video-preview":"max-video-preview:-1"},"canonical":"https:\/\/herbelegale.com\/de\/product\/jack-herer\/","og_locale":"de_DE","og_type":"article","og_title":"Acheter Jack Herer en ligne - Jack Herer \u00e0 vendre en ligne","og_description":"Chez votre marchand de cannabis, vous pouvez acheter du Jack Herer \u00e0 des prix avantageux. Ici, vous pouvez acheter du Jack Herer en ligne avec une qualit\u00e9 sup\u00e9rieure dans notre magasin maintenant avec un service d'exp\u00e9dition rapide et s\u00e9curis\u00e9. Commandez maintenant !","og_url":"https:\/\/herbelegale.com\/de\/product\/jack-herer\/","og_site_name":"Herbe L\u00e9gale","article_modified_time":"2025-06-14T11:21:13+00:00","og_image":[{"width":960,"height":1280,"url":"https:\/\/herbelegale.com\/wp-content\/uploads\/2023\/09\/Jack-Herer-1.jpg","type":"image\/jpeg"}],"twitter_card":"summary_large_image","twitter_misc":{"Gesch\u00e4tzte Lesezeit":"3\u00a0Minuten"},"schema":{"@context":"https:\/\/schema.org","@graph":[{"@type":"WebPage","@id":"https:\/\/herbelegale.com\/product\/jack-herer\/","url":"https:\/\/herbelegale.com\/product\/jack-herer\/","name":"Acheter Jack Herer en ligne - Jack Herer \u00e0 vendre en ligne","isPartOf":{"@id":"https:\/\/herbelegale.com\/#website"},"primaryImageOfPage":{"@id":"https:\/\/herbelegale.com\/product\/jack-herer\/#primaryimage"},"image":{"@id":"https:\/\/herbelegale.com\/product\/jack-herer\/#primaryimage"},"thumbnailUrl":"https:\/\/herbelegale.com\/wp-content\/uploads\/2023\/09\/Jack-Herer-1.jpg","datePublished":"2023-09-22T09:01:28+00:00","dateModified":"2025-06-14T11:21:13+00:00","description":"Chez votre marchand de cannabis, vous pouvez acheter du Jack Herer \u00e0 des prix avantageux. Ici, vous pouvez acheter du Jack Herer en ligne avec une qualit\u00e9 sup\u00e9rieure dans notre magasin maintenant avec un service d'exp\u00e9dition rapide et s\u00e9curis\u00e9. Commandez maintenant !","breadcrumb":{"@id":"https:\/\/herbelegale.com\/product\/jack-herer\/#breadcrumb"},"inLanguage":"de","potentialAction":[{"@type":"ReadAction","target":["https:\/\/herbelegale.com\/product\/jack-herer\/"]}]},{"@type":"ImageObject","inLanguage":"de","@id":"https:\/\/herbelegale.com\/product\/jack-herer\/#primaryimage","url":"https:\/\/herbelegale.com\/wp-content\/uploads\/2023\/09\/Jack-Herer-1.jpg","contentUrl":"https:\/\/herbelegale.com\/wp-content\/uploads\/2023\/09\/Jack-Herer-1.jpg","width":960,"height":1280,"caption":"Jack Herer"},{"@type":"BreadcrumbList","@id":"https:\/\/herbelegale.com\/product\/jack-herer\/#breadcrumb","itemListElement":[{"@type":"ListItem","position":1,"name":"Home","item":"https:\/\/herbelegale.com\/"},{"@type":"ListItem","position":2,"name":"Boutique","item":"https:\/\/herbelegale.com\/boutique\/"},{"@type":"ListItem","position":3,"name":"Jack Herer"}]},{"@type":"WebSite","@id":"https:\/\/herbelegale.com\/#website","url":"https:\/\/herbelegale.com\/","name":"Herbe L\u00e9gale","description":"Acheter de l&#039;herbe en ligne","publisher":{"@id":"https:\/\/herbelegale.com\/#organization"},"potentialAction":[{"@type":"SearchAction","target":{"@type":"EntryPoint","urlTemplate":"https:\/\/herbelegale.com\/?s={search_term_string}"},"query-input":{"@type":"PropertyValueSpecification","valueRequired":true,"valueName":"search_term_string"}}],"inLanguage":"de"},{"@type":"Organization","@id":"https:\/\/herbelegale.com\/#organization","name":"Herbe L\u00e9gale","url":"https:\/\/herbelegale.com\/","logo":{"@type":"ImageObject","inLanguage":"de","@id":"https:\/\/herbelegale.com\/#\/schema\/logo\/image\/","url":"https:\/\/herbelegale.com\/wp-content\/uploads\/2023\/10\/logo-1.png","contentUrl":"https:\/\/herbelegale.com\/wp-content\/uploads\/2023\/10\/logo-1.png","width":400,"height":120,"caption":"Herbe L\u00e9gale"},"image":{"@id":"https:\/\/herbelegale.com\/#\/schema\/logo\/image\/"}}]}},"_links":{"self":[{"href":"https:\/\/herbelegale.com\/de\/wp-json\/wp\/v2\/product\/61","targetHints":{"allow":["GET"]}}],"collection":[{"href":"https:\/\/herbelegale.com\/de\/wp-json\/wp\/v2\/product"}],"about":[{"href":"https:\/\/herbelegale.com\/de\/wp-json\/wp\/v2\/types\/product"}],"replies":[{"embeddable":true,"href":"https:\/\/herbelegale.com\/de\/wp-json\/wp\/v2\/comments?post=61"}],"wp:featuredmedia":[{"embeddable":true,"href":"https:\/\/herbelegale.com\/de\/wp-json\/wp\/v2\/media\/371"}],"wp:attachment":[{"href":"https:\/\/herbelegale.com\/de\/wp-json\/wp\/v2\/media?parent=61"}],"wp:term":[{"taxonomy":"product_brand","embeddable":true,"href":"https:\/\/herbelegale.com\/de\/wp-json\/wp\/v2\/product_brand?post=61"},{"taxonomy":"product_cat","embeddable":true,"href":"https:\/\/herbelegale.com\/de\/wp-json\/wp\/v2\/product_cat?post=61"},{"taxonomy":"product_tag","embeddable":true,"href":"https:\/\/herbelegale.com\/de\/wp-json\/wp\/v2\/product_tag?post=61"}],"curies":[{"name":"wp","href":"https:\/\/api.w.org\/{rel}","templated":true}]}}