{"id":58,"date":"2023-09-22T08:57:00","date_gmt":"2023-09-22T08:57:00","guid":{"rendered":"https:\/\/nembutalhouse.com\/weed\/?post_type=product&#038;p=58"},"modified":"2025-06-14T11:08:27","modified_gmt":"2025-06-14T11:08:27","slug":"cherry-pie","status":"publish","type":"product","link":"https:\/\/herbelegale.com\/de\/product\/cherry-pie\/","title":{"rendered":"Cherry Pie"},"content":{"rendered":"<h2><b>Kaufen Sie eine Torte <\/b><span style=\"font-weight: 400;\">Cherry Pie<\/span><b> Online: Warum dieser Klassiker so beliebt ist<\/b><\/h2>\n<p><a href=\"https:\/\/herbelegale.com\/de\/product\/cherry-pie\/\"><span style=\"font-weight: 400;\">La <\/span><b>Kirschkuchen<\/b><\/a><span style=\"font-weight: 400;\"> ist ein traditionelles Geb\u00e4ck, beliebt f\u00fcr seine knusprige Kruste und den k\u00f6stlich fruchtigen Kern, gro\u00dfz\u00fcgig gef\u00fcllt mit frischen oder gelierten Kirschen. Dieses klassische Dessert begeistert Naschkatzen dank seiner perfekten Balance aus nat\u00fcrlicher S\u00e4ure und s\u00fc\u00dfer S\u00fc\u00dfe. Kirschkuchen erlebt derzeit ein Comeback im Internet und ist zu einem trendigen Produkt geworden.<\/span><\/p>\n<p><span style=\"font-weight: 400;\">Dieser Online-Erfolg erkl\u00e4rt sich durch die zunehmende Suche nach leicht zug\u00e4nglichen handwerklichen Produkten sowie durch die Zunahme von Gourmet-K\u00e4ufen \u00fcber digitale Plattformen, die ein Geschmackserlebnis bieten, ohne das Haus verlassen zu m\u00fcssen.<\/span><\/p>\n<h3><b>Warum einen Kirschkuchen online kaufen?<\/b><\/h3>\n<p><span style=\"font-weight: 400;\">Kaufen Sie ein <\/span><a href=\"https:\/\/en.wikipedia.org\/wiki\/Cherry_pie\"><b>tarte aux cerises en ligne<\/b><\/a><span style=\"font-weight: 400;\"> hat viele Vorteile:<\/span><\/p>\n<ul>\n<li style=\"font-weight: 400;\" aria-level=\"1\"><b>Diskrete und sichere Lieferung<\/b><span style=\"font-weight: 400;\"> : Ihre Bestellung kommt in sorgf\u00e4ltiger Verpackung direkt bei Ihnen an, wodurch Frische und Vertraulichkeit garantiert sind.<\/span>&nbsp;<\/li>\n<li style=\"font-weight: 400;\" aria-level=\"1\"><b>Facilit\u00e9 et confort<\/b><span style=\"font-weight: 400;\"> : Sie m\u00fcssen nicht reisen oder warten, der Kuchen wird direkt an Ihre T\u00fcr geliefert.<\/span>&nbsp;<\/li>\n<li style=\"font-weight: 400;\" aria-level=\"1\"><b>Acc\u00e8s \u00e0 des produits rares ou artisanaux<\/b><span style=\"font-weight: 400;\"> : Sie k\u00f6nnen aus handwerklich hergestelltem Geb\u00e4ck w\u00e4hlen, das in den Gesch\u00e4ften in Ihrer N\u00e4he oft nicht erh\u00e4ltlich ist.<\/span>&nbsp;<\/li>\n<\/ul>\n<h3><b>Was macht einen tollen Kirschkuchen aus?<\/b><\/h3>\n<p><span style=\"font-weight: 400;\">Um einen hochwertigen Kirschkuchen zu genie\u00dfen, sind hier die wesentlichen Kriterien:<\/span><\/p>\n<ul>\n<li style=\"font-weight: 400;\" aria-level=\"1\"><b>Frische<\/b><span style=\"font-weight: 400;\"> : Frischer Teig, gro\u00dfz\u00fcgige F\u00fcllung zubereitet mit saisonalen Kirschen.<\/span>&nbsp;<\/li>\n<li style=\"font-weight: 400;\" aria-level=\"1\"><b>Texture<\/b><span style=\"font-weight: 400;\"> : Knuspriger und weicher Teig zugleich, mit saftiger und leicht s\u00e4uerlicher F\u00fcllung.<\/span>&nbsp;<\/li>\n<li style=\"font-weight: 400;\" aria-level=\"1\"><b>Go\u00fbt naturel<\/b><span style=\"font-weight: 400;\"> : Mit echten Kirschen, keine k\u00fcnstlichen Aromen.<\/span>&nbsp;<\/li>\n<li style=\"font-weight: 400;\" aria-level=\"1\"><b>Visueller Aspekt<\/b><span style=\"font-weight: 400;\"> : Eine goldene, appetitliche und saubere Torte.<\/span>&nbsp;<\/li>\n<\/ul>\n<h3><b>Die besten Plattformen, um Kirschkuchen online zu bestellen<\/b><\/h3>\n<p><span style=\"font-weight: 400;\">Hier sind einige anerkannte Plattformen, auf denen Sie <\/span><b>acheter une tarte aux cerises en ligne<\/b><span style=\"font-weight: 400;\"> :<\/span><\/p>\n<ul>\n<li style=\"font-weight: 400;\" aria-level=\"1\"><b>P\u00e2tisserie Fine<\/b><span style=\"font-weight: 400;\"> : Spezialisiert auf handwerklich hergestellte Kuchen, schneller und sorgf\u00e4ltiger Versand.<\/span>&nbsp;<\/li>\n<li style=\"font-weight: 400;\" aria-level=\"1\"><b>Gourmet Market<\/b><span style=\"font-weight: 400;\"> : Gro\u00dfe Auswahl an traditionellen und modernen Desserts.<\/span>&nbsp;<\/li>\n<li style=\"font-weight: 400;\" aria-level=\"1\"><b>Etsy (Artisanat P\u00e2tissier)<\/b><span style=\"font-weight: 400;\"> : Kleine, handwerkliche und individualisierbare Serien.<\/span>&nbsp;<\/li>\n<li style=\"font-weight: 400;\" aria-level=\"1\"><b>Box P\u00e2tisserie<\/b><span style=\"font-weight: 400;\"> : Monatsabonnement mit saisonaler Auswahl.<\/span>&nbsp;<\/li>\n<li style=\"font-weight: 400;\" aria-level=\"1\"><b>Boulangeries Locales avec livraison<\/b><span style=\"font-weight: 400;\"> : G\u00fcnstige Preise und garantierte N\u00e4he.<\/span>&nbsp;<\/li>\n<\/ul>\n<h3><b>Wie w\u00e4hlt man das richtige Produkt oder den richtigen Verk\u00e4ufer aus?<\/b><\/h3>\n<p><span style=\"font-weight: 400;\">Bevor Sie Ihren Kirschkuchen bestellen, denken Sie daran:<\/span><\/p>\n<ul>\n<li style=\"font-weight: 400;\" aria-level=\"1\"><b>V\u00e9rifier les conditions de livraison<\/b><span style=\"font-weight: 400;\"> : Isolierte oder k\u00fchle Verpackung zur Gew\u00e4hrleistung der Frische.<\/span>&nbsp;<\/li>\n<li style=\"font-weight: 400;\" aria-level=\"1\"><b>Consulter les avis clients<\/b><span style=\"font-weight: 400;\"> : Authentisches Feedback zu Geschmack, Textur und Liefergeschwindigkeit.<\/span>&nbsp;<\/li>\n<li style=\"font-weight: 400;\" aria-level=\"1\"><b>Rechercher la transparence<\/b><span style=\"font-weight: 400;\"> : Nat\u00fcrliche Inhaltsstoffe und keine chemischen Konservierungsstoffe.<\/span>&nbsp;<\/li>\n<li style=\"font-weight: 400;\" aria-level=\"1\"><b>S\u2019assurer d\u2019une politique de satisfaction<\/b><span style=\"font-weight: 400;\"> : Geld-zur\u00fcck- oder Umtauschgarantie, wenn Ihnen das Produkt nicht zusagt.<\/span>&nbsp;<\/li>\n<\/ul>\n<h3><b>Fazit: Warum es sich lohnt, Kirschkuchen zu probieren und wo man ihn kaufen kann<\/b><\/h3>\n<p><span style=\"font-weight: 400;\">La <\/span><b>Kirschkuchen<\/b><span style=\"font-weight: 400;\"> ist ein Dessert, das alle Generationen anspricht, perfekt f\u00fcr einen Moment authentischer S\u00fc\u00dfe. Dank der M\u00f6glichkeit von<\/span><b>acheter des tartes aux cerises en ligne<\/b><span style=\"font-weight: 400;\">k\u00f6nnen Sie diese K\u00f6stlichkeit \u00fcberall genie\u00dfen, mit der Garantie eines Qualit\u00e4tsprodukts, frisch und zu Ihnen nach Hause geliefert.<\/span><\/p>\n<p><span style=\"font-weight: 400;\">F\u00fcr eine <\/span><b>prix abordable<\/b><span style=\"font-weight: 400;\">, ohne Kompromisse beim Geschmack, gibt es jetzt die <\/span><b>Der beste Ort, um Kirschkuchen online zu kaufen<\/b><span style=\"font-weight: 400;\"> das Ihre Naschsucht befriedigen wird.<\/span><\/p>\n<h3><b>Abschlie\u00dfende Tipps f\u00fcr einen erfolgreichen und sicheren Online-Kauf:<\/b><\/h3>\n<ul>\n<li style=\"font-weight: 400;\" aria-level=\"1\"><span style=\"font-weight: 400;\">Bevorzugen Sie zuverl\u00e4ssige und seri\u00f6se Websites.<\/span>&nbsp;<\/li>\n<li style=\"font-weight: 400;\" aria-level=\"1\"><span style=\"font-weight: 400;\">\u00dcberpr\u00fcfen Sie die Rechtskonformit\u00e4t der Produkte.<\/span>&nbsp;<\/li>\n<li style=\"font-weight: 400;\" aria-level=\"1\"><span style=\"font-weight: 400;\">Sorgen Sie f\u00fcr eine schnelle und diskrete Lieferung.<\/span>&nbsp;<\/li>\n<\/ul>","protected":false},"excerpt":{"rendered":"<p>Acheter une Tarte aux Cherry Pie en Ligne : Pourquoi ce Classique est si Pris\u00e9 La tarte aux cerises est une p\u00e2tisserie traditionnelle appr\u00e9ci\u00e9e pour sa p\u00e2te croustillante et son d\u00e9licieux c\u0153ur fruit\u00e9, g\u00e9n\u00e9reusement garni de cerises fra\u00eeches ou g\u00e9lifi\u00e9es. Ce dessert classique s\u00e9duit les amateurs de douceurs gr\u00e2ce \u00e0 son \u00e9quilibre parfait entre acidit\u00e9&#8230;<\/p>","protected":false},"featured_media":366,"comment_status":"open","ping_status":"closed","template":"","meta":{"_kadence_starter_templates_imported_post":false,"_kad_post_transparent":"default","_kad_post_title":"","_kad_post_layout":"default","_kad_post_sidebar_id":"","_kad_post_content_style":"default","_kad_post_vertical_padding":"default","_kad_post_feature":"","_kad_post_feature_position":"","_kad_post_header":false,"_kad_post_footer":false,"_joinchat":[]},"product_brand":[],"product_cat":[17],"product_tag":[],"class_list":{"0":"post-58","1":"product","2":"type-product","3":"status-publish","4":"has-post-thumbnail","6":"product_cat-canabis-en-ligne","8":"first","9":"instock","10":"shipping-taxable","11":"purchasable","12":"product-type-variable","13":"entry","14":"content-bg","15":"loop-entry"},"yoast_head":"<!-- This site is optimized with the Yoast SEO plugin v23.5 - https:\/\/yoast.com\/wordpress\/plugins\/seo\/ -->\n<title>Tarte aux cerises \u00e0 vendre - Achetez une tarte aux cerises en ligne - Commandez une tarte aux cerises<\/title>\n<meta name=\"description\" content=\"Vous pouvez d\u00e9sormais vous procurer Cherry Pie en vente dans notre meilleur magasin herbelegale. Notre personnel vous aidera \u00e0 acheter Cherry Pie en ligne aux meilleurs prix.\" \/>\n<meta name=\"robots\" content=\"index, follow, max-snippet:-1, max-image-preview:large, max-video-preview:-1\" \/>\n<link rel=\"canonical\" href=\"https:\/\/herbelegale.com\/de\/product\/cherry-pie\/\" \/>\n<meta property=\"og:locale\" content=\"de_DE\" \/>\n<meta property=\"og:type\" content=\"article\" \/>\n<meta property=\"og:title\" content=\"Tarte aux cerises \u00e0 vendre - Achetez une tarte aux cerises en ligne - Commandez une tarte aux cerises\" \/>\n<meta property=\"og:description\" content=\"Vous pouvez d\u00e9sormais vous procurer Cherry Pie en vente dans notre meilleur magasin herbelegale. Notre personnel vous aidera \u00e0 acheter Cherry Pie en ligne aux meilleurs prix.\" \/>\n<meta property=\"og:url\" content=\"https:\/\/herbelegale.com\/de\/product\/cherry-pie\/\" \/>\n<meta property=\"og:site_name\" content=\"Herbe L\u00e9gale\" \/>\n<meta property=\"article:modified_time\" content=\"2025-06-14T11:08:27+00:00\" \/>\n<meta property=\"og:image\" content=\"https:\/\/herbelegale.com\/wp-content\/uploads\/2023\/09\/Cherry-Pie.jpg\" \/>\n\t<meta property=\"og:image:width\" content=\"960\" \/>\n\t<meta property=\"og:image:height\" content=\"1280\" \/>\n\t<meta property=\"og:image:type\" content=\"image\/jpeg\" \/>\n<meta name=\"twitter:card\" content=\"summary_large_image\" \/>\n<meta name=\"twitter:label1\" content=\"Gesch\u00e4tzte Lesezeit\" \/>\n\t<meta name=\"twitter:data1\" content=\"3\u00a0Minuten\" \/>\n<script type=\"application\/ld+json\" class=\"yoast-schema-graph\">{\"@context\":\"https:\/\/schema.org\",\"@graph\":[{\"@type\":\"WebPage\",\"@id\":\"https:\/\/herbelegale.com\/product\/cherry-pie\/\",\"url\":\"https:\/\/herbelegale.com\/product\/cherry-pie\/\",\"name\":\"Tarte aux cerises \u00e0 vendre - Achetez une tarte aux cerises en ligne - Commandez une tarte aux cerises\",\"isPartOf\":{\"@id\":\"https:\/\/herbelegale.com\/#website\"},\"primaryImageOfPage\":{\"@id\":\"https:\/\/herbelegale.com\/product\/cherry-pie\/#primaryimage\"},\"image\":{\"@id\":\"https:\/\/herbelegale.com\/product\/cherry-pie\/#primaryimage\"},\"thumbnailUrl\":\"https:\/\/herbelegale.com\/wp-content\/uploads\/2023\/09\/Cherry-Pie.jpg\",\"datePublished\":\"2023-09-22T08:57:00+00:00\",\"dateModified\":\"2025-06-14T11:08:27+00:00\",\"description\":\"Vous pouvez d\u00e9sormais vous procurer Cherry Pie en vente dans notre meilleur magasin herbelegale. Notre personnel vous aidera \u00e0 acheter Cherry Pie en ligne aux meilleurs prix.\",\"breadcrumb\":{\"@id\":\"https:\/\/herbelegale.com\/product\/cherry-pie\/#breadcrumb\"},\"inLanguage\":\"de\",\"potentialAction\":[{\"@type\":\"ReadAction\",\"target\":[\"https:\/\/herbelegale.com\/product\/cherry-pie\/\"]}]},{\"@type\":\"ImageObject\",\"inLanguage\":\"de\",\"@id\":\"https:\/\/herbelegale.com\/product\/cherry-pie\/#primaryimage\",\"url\":\"https:\/\/herbelegale.com\/wp-content\/uploads\/2023\/09\/Cherry-Pie.jpg\",\"contentUrl\":\"https:\/\/herbelegale.com\/wp-content\/uploads\/2023\/09\/Cherry-Pie.jpg\",\"width\":960,\"height\":1280,\"caption\":\"Cherry Pie\"},{\"@type\":\"BreadcrumbList\",\"@id\":\"https:\/\/herbelegale.com\/product\/cherry-pie\/#breadcrumb\",\"itemListElement\":[{\"@type\":\"ListItem\",\"position\":1,\"name\":\"Home\",\"item\":\"https:\/\/herbelegale.com\/\"},{\"@type\":\"ListItem\",\"position\":2,\"name\":\"Boutique\",\"item\":\"https:\/\/herbelegale.com\/boutique\/\"},{\"@type\":\"ListItem\",\"position\":3,\"name\":\"Cherry Pie\"}]},{\"@type\":\"WebSite\",\"@id\":\"https:\/\/herbelegale.com\/#website\",\"url\":\"https:\/\/herbelegale.com\/\",\"name\":\"Herbe L\u00e9gale\",\"description\":\"Acheter de l&#039;herbe en ligne\",\"publisher\":{\"@id\":\"https:\/\/herbelegale.com\/#organization\"},\"potentialAction\":[{\"@type\":\"SearchAction\",\"target\":{\"@type\":\"EntryPoint\",\"urlTemplate\":\"https:\/\/herbelegale.com\/?s={search_term_string}\"},\"query-input\":{\"@type\":\"PropertyValueSpecification\",\"valueRequired\":true,\"valueName\":\"search_term_string\"}}],\"inLanguage\":\"de\"},{\"@type\":\"Organization\",\"@id\":\"https:\/\/herbelegale.com\/#organization\",\"name\":\"Herbe L\u00e9gale\",\"url\":\"https:\/\/herbelegale.com\/\",\"logo\":{\"@type\":\"ImageObject\",\"inLanguage\":\"de\",\"@id\":\"https:\/\/herbelegale.com\/#\/schema\/logo\/image\/\",\"url\":\"https:\/\/herbelegale.com\/wp-content\/uploads\/2023\/10\/logo-1.png\",\"contentUrl\":\"https:\/\/herbelegale.com\/wp-content\/uploads\/2023\/10\/logo-1.png\",\"width\":400,\"height\":120,\"caption\":\"Herbe L\u00e9gale\"},\"image\":{\"@id\":\"https:\/\/herbelegale.com\/#\/schema\/logo\/image\/\"}}]}<\/script>\n<!-- \/ Yoast SEO plugin. -->","yoast_head_json":{"title":"Tarte aux cerises \u00e0 vendre - Achetez une tarte aux cerises en ligne - Commandez une tarte aux cerises","description":"Vous pouvez d\u00e9sormais vous procurer Cherry Pie en vente dans notre meilleur magasin herbelegale. Notre personnel vous aidera \u00e0 acheter Cherry Pie en ligne aux meilleurs prix.","robots":{"index":"index","follow":"follow","max-snippet":"max-snippet:-1","max-image-preview":"max-image-preview:large","max-video-preview":"max-video-preview:-1"},"canonical":"https:\/\/herbelegale.com\/de\/product\/cherry-pie\/","og_locale":"de_DE","og_type":"article","og_title":"Tarte aux cerises \u00e0 vendre - Achetez une tarte aux cerises en ligne - Commandez une tarte aux cerises","og_description":"Vous pouvez d\u00e9sormais vous procurer Cherry Pie en vente dans notre meilleur magasin herbelegale. Notre personnel vous aidera \u00e0 acheter Cherry Pie en ligne aux meilleurs prix.","og_url":"https:\/\/herbelegale.com\/de\/product\/cherry-pie\/","og_site_name":"Herbe L\u00e9gale","article_modified_time":"2025-06-14T11:08:27+00:00","og_image":[{"width":960,"height":1280,"url":"https:\/\/herbelegale.com\/wp-content\/uploads\/2023\/09\/Cherry-Pie.jpg","type":"image\/jpeg"}],"twitter_card":"summary_large_image","twitter_misc":{"Gesch\u00e4tzte Lesezeit":"3\u00a0Minuten"},"schema":{"@context":"https:\/\/schema.org","@graph":[{"@type":"WebPage","@id":"https:\/\/herbelegale.com\/product\/cherry-pie\/","url":"https:\/\/herbelegale.com\/product\/cherry-pie\/","name":"Tarte aux cerises \u00e0 vendre - Achetez une tarte aux cerises en ligne - Commandez une tarte aux cerises","isPartOf":{"@id":"https:\/\/herbelegale.com\/#website"},"primaryImageOfPage":{"@id":"https:\/\/herbelegale.com\/product\/cherry-pie\/#primaryimage"},"image":{"@id":"https:\/\/herbelegale.com\/product\/cherry-pie\/#primaryimage"},"thumbnailUrl":"https:\/\/herbelegale.com\/wp-content\/uploads\/2023\/09\/Cherry-Pie.jpg","datePublished":"2023-09-22T08:57:00+00:00","dateModified":"2025-06-14T11:08:27+00:00","description":"Vous pouvez d\u00e9sormais vous procurer Cherry Pie en vente dans notre meilleur magasin herbelegale. Notre personnel vous aidera \u00e0 acheter Cherry Pie en ligne aux meilleurs prix.","breadcrumb":{"@id":"https:\/\/herbelegale.com\/product\/cherry-pie\/#breadcrumb"},"inLanguage":"de","potentialAction":[{"@type":"ReadAction","target":["https:\/\/herbelegale.com\/product\/cherry-pie\/"]}]},{"@type":"ImageObject","inLanguage":"de","@id":"https:\/\/herbelegale.com\/product\/cherry-pie\/#primaryimage","url":"https:\/\/herbelegale.com\/wp-content\/uploads\/2023\/09\/Cherry-Pie.jpg","contentUrl":"https:\/\/herbelegale.com\/wp-content\/uploads\/2023\/09\/Cherry-Pie.jpg","width":960,"height":1280,"caption":"Cherry Pie"},{"@type":"BreadcrumbList","@id":"https:\/\/herbelegale.com\/product\/cherry-pie\/#breadcrumb","itemListElement":[{"@type":"ListItem","position":1,"name":"Home","item":"https:\/\/herbelegale.com\/"},{"@type":"ListItem","position":2,"name":"Boutique","item":"https:\/\/herbelegale.com\/boutique\/"},{"@type":"ListItem","position":3,"name":"Cherry Pie"}]},{"@type":"WebSite","@id":"https:\/\/herbelegale.com\/#website","url":"https:\/\/herbelegale.com\/","name":"Herbe L\u00e9gale","description":"Acheter de l&#039;herbe en ligne","publisher":{"@id":"https:\/\/herbelegale.com\/#organization"},"potentialAction":[{"@type":"SearchAction","target":{"@type":"EntryPoint","urlTemplate":"https:\/\/herbelegale.com\/?s={search_term_string}"},"query-input":{"@type":"PropertyValueSpecification","valueRequired":true,"valueName":"search_term_string"}}],"inLanguage":"de"},{"@type":"Organization","@id":"https:\/\/herbelegale.com\/#organization","name":"Herbe L\u00e9gale","url":"https:\/\/herbelegale.com\/","logo":{"@type":"ImageObject","inLanguage":"de","@id":"https:\/\/herbelegale.com\/#\/schema\/logo\/image\/","url":"https:\/\/herbelegale.com\/wp-content\/uploads\/2023\/10\/logo-1.png","contentUrl":"https:\/\/herbelegale.com\/wp-content\/uploads\/2023\/10\/logo-1.png","width":400,"height":120,"caption":"Herbe L\u00e9gale"},"image":{"@id":"https:\/\/herbelegale.com\/#\/schema\/logo\/image\/"}}]}},"_links":{"self":[{"href":"https:\/\/herbelegale.com\/de\/wp-json\/wp\/v2\/product\/58","targetHints":{"allow":["GET"]}}],"collection":[{"href":"https:\/\/herbelegale.com\/de\/wp-json\/wp\/v2\/product"}],"about":[{"href":"https:\/\/herbelegale.com\/de\/wp-json\/wp\/v2\/types\/product"}],"replies":[{"embeddable":true,"href":"https:\/\/herbelegale.com\/de\/wp-json\/wp\/v2\/comments?post=58"}],"wp:featuredmedia":[{"embeddable":true,"href":"https:\/\/herbelegale.com\/de\/wp-json\/wp\/v2\/media\/366"}],"wp:attachment":[{"href":"https:\/\/herbelegale.com\/de\/wp-json\/wp\/v2\/media?parent=58"}],"wp:term":[{"taxonomy":"product_brand","embeddable":true,"href":"https:\/\/herbelegale.com\/de\/wp-json\/wp\/v2\/product_brand?post=58"},{"taxonomy":"product_cat","embeddable":true,"href":"https:\/\/herbelegale.com\/de\/wp-json\/wp\/v2\/product_cat?post=58"},{"taxonomy":"product_tag","embeddable":true,"href":"https:\/\/herbelegale.com\/de\/wp-json\/wp\/v2\/product_tag?post=58"}],"curies":[{"name":"wp","href":"https:\/\/api.w.org\/{rel}","templated":true}]}}