{"id":57,"date":"2023-09-22T08:56:50","date_gmt":"2023-09-22T08:56:50","guid":{"rendered":"https:\/\/nembutalhouse.com\/weed\/?post_type=product&#038;p=57"},"modified":"2025-06-14T11:08:49","modified_gmt":"2025-06-14T11:08:49","slug":"cookies-cream","status":"publish","type":"product","link":"https:\/\/herbelegale.com\/de\/product\/cookies-cream\/","title":{"rendered":"Cookies &amp; Cream"},"content":{"rendered":"<h2><b>Cookies &amp; Cream online kaufen: Ein klassischer Geschmack, der jetzt im Trend liegt<\/b><\/h2>\n<p><span style=\"font-weight: 400;\">Der Begriff <\/span><a href=\"https:\/\/herbelegale.com\/de\/product\/cookies-cream\/\"><b>Cookies &amp; Cream<\/b><\/a><span style=\"font-weight: 400;\"> bezeichnet einen Gourmetgeschmack, der die cremige S\u00fc\u00dfe von Vanille oder Milch mit knusprigen Schokoladenkeksen, oft Oreo oder \u00e4hnlichen Keksen, kombiniert. Cookies &amp; Cream ist in verschiedenen Formen erh\u00e4ltlich \u2013 als Eiscreme, Desserts, Geb\u00e4ck oder sogar als Themenprodukt \u2013 und begeistert dank seiner perfekten Balance aus Cremigkeit und Knusprigkeit ein breites Publikum.<\/span><\/p>\n<p><span style=\"font-weight: 400;\">Dieser zeitlose Geschmack ist derzeit im Internet sehr gefragt, was auf die starke Nachfrage nach handwerklich hergestellten und personalisierten Leckereien sowie den Anstieg des Online-Lebensmitteleinkaufs zur\u00fcckzuf\u00fchren ist.<\/span><\/p>\n<h3><b>Warum Cookies &amp; Cream online kaufen?<\/b><\/h3>\n<p><span style=\"font-weight: 400;\">Bestellen <\/span><a href=\"https:\/\/en.wikipedia.org\/wiki\/Cookies_and_cream\"><b>Cookies &amp; Cream en ligne<\/b><\/a><span style=\"font-weight: 400;\"> bietet viele Vorteile:<\/span><\/p>\n<ul>\n<li style=\"font-weight: 400;\" aria-level=\"1\"><b>Diskrete und sorgf\u00e4ltige Lieferung<\/b><span style=\"font-weight: 400;\"> : Die Produkte werden sorgf\u00e4ltig verpackt geliefert, wodurch Frische und Diskretion garantiert sind.<\/span><span style=\"font-weight: 400;\">\n<p><\/span><\/li>\n<li style=\"font-weight: 400;\" aria-level=\"1\"><b>Praktikabilit\u00e4t<\/b><span style=\"font-weight: 400;\"> : Sie m\u00fcssen nicht in den Laden gehen, Sie bestellen direkt von zu Hause aus.<\/span><span style=\"font-weight: 400;\">\n<p><\/span><\/li>\n<li style=\"font-weight: 400;\" aria-level=\"1\"><b>Zugang zu einer gro\u00dfen Vielfalt<\/b><span style=\"font-weight: 400;\"> : Handgefertigte Kreationen, limitierte Editionen oder exklusive Versionen, die oft nicht im Handel erh\u00e4ltlich sind.<\/span><span style=\"font-weight: 400;\">\n<p><\/span><\/li>\n<\/ul>\n<h3><b>Was macht ein Cookies &amp; Cream-Produkt gro\u00dfartig?<\/b><\/h3>\n<p><span style=\"font-weight: 400;\">Um ein gro\u00dfartiges Cookies &amp; Cream-Produkt auszuw\u00e4hlen, sollten Sie auf Folgendes achten:<\/span><\/p>\n<ul>\n<li style=\"font-weight: 400;\" aria-level=\"1\"><b>Qualit\u00e4t der Zutaten<\/b><span style=\"font-weight: 400;\"> : Zarte Sahne, frische, knusprige Kekse, keine unn\u00f6tigen Zus\u00e4tze.<\/span><span style=\"font-weight: 400;\">\n<p><\/span><\/li>\n<li style=\"font-weight: 400;\" aria-level=\"1\"><b>: Zarte Sahne, frische, knusprige Kekse, keine unn\u00f6tigen Zus\u00e4tze.<\/b><span style=\"font-weight: 400;\"> : Eine perfekte Harmonie zwischen weich und knusprig.<\/span><span style=\"font-weight: 400;\">\n<p><\/span><\/li>\n<li style=\"font-weight: 400;\" aria-level=\"1\"><b>Authentischer Geschmack<\/b><span style=\"font-weight: 400;\"> : Nat\u00fcrlicher Keksgeschmack, weder zu s\u00fc\u00df noch fad.<\/span><span style=\"font-weight: 400;\">\n<p><\/span><\/li>\n<li style=\"font-weight: 400;\" aria-level=\"1\"><b>Visueller Aspekt<\/b><span style=\"font-weight: 400;\"> : Ein appetitanregendes Produkt, gut pr\u00e4sentiert mit sichtbaren Keksst\u00fccken.<\/span><span style=\"font-weight: 400;\">\n<p><\/span><\/li>\n<\/ul>\n<h3><b>Beste Plattformen, um Cookies &amp; Cream online zu bestellen<\/b><\/h3>\n<p><span style=\"font-weight: 400;\">Her er nogle af de p\u00e5lidelige platforme til <\/span><b>acheter Cookies &amp; Cream en ligne<\/b><span style=\"font-weight: 400;\"> :<\/span><\/p>\n<ul>\n<li style=\"font-weight: 400;\" aria-level=\"1\"><b>GourmetDelights.fr<\/b><span style=\"font-weight: 400;\"> : Spezialist f\u00fcr handwerklich hergestellte Desserts.<\/span><span style=\"font-weight: 400;\">\n<p><\/span><\/li>\n<li style=\"font-weight: 400;\" aria-level=\"1\"><b>SweetBox-Markt<\/b><span style=\"font-weight: 400;\"> : Vielf\u00e4ltige Auswahl, darunter auch exklusive Cookies &amp; Cream Produkte.<\/span><span style=\"font-weight: 400;\">\n<p><\/span><\/li>\n<li style=\"font-weight: 400;\" aria-level=\"1\"><b>Etsy \u2013 Gourmeth\u00e5ndv\u00e6rkere<\/b><span style=\"font-weight: 400;\"> : Handgefertigte, anpassbare Produkte.<\/span><span style=\"font-weight: 400;\">\n<p><\/span><\/li>\n<li style=\"font-weight: 400;\" aria-level=\"1\"><b>Eiscreme-Express<\/b><span style=\"font-weight: 400;\"> : Schnelle Lieferung von Premium-Cookies &amp; Cream-Eis.<\/span><span style=\"font-weight: 400;\">\n<p><\/span><\/li>\n<li style=\"font-weight: 400;\" aria-level=\"1\"><b>Lokales Geb\u00e4ck mit Online-Shop<\/b><span style=\"font-weight: 400;\"> : Lokale Qualit\u00e4t, wettbewerbsf\u00e4hige Preise.<\/span><span style=\"font-weight: 400;\">\n<p><\/span><\/li>\n<\/ul>\n<h3><b>Wie w\u00e4hlt man das richtige Produkt oder den richtigen Verk\u00e4ufer aus?<\/b><\/h3>\n<p><span style=\"font-weight: 400;\">\u00dcberpr\u00fcfen Sie vor der Bestellung:<\/span><\/p>\n<ul>\n<li style=\"font-weight: 400;\" aria-level=\"1\"><b>Conditions de livraison<\/b><span style=\"font-weight: 400;\"> : Verpackung, die die Frische und Unversehrtheit des Produkts garantiert.<\/span><span style=\"font-weight: 400;\">\n<p><\/span><\/li>\n<li style=\"font-weight: 400;\" aria-level=\"1\"><b>(4 Kundenmeinungen)<\/b><span style=\"font-weight: 400;\"> : Erfahrungsberichte zu Geschmack, Konsistenz und Liefergeschwindigkeit.<\/span><span style=\"font-weight: 400;\">\n<p><\/span><\/li>\n<li style=\"font-weight: 400;\" aria-level=\"1\"><b>Transparenz der Inhaltsstoffe<\/b><span style=\"font-weight: 400;\"> : Bevorzugen Sie Verk\u00e4ufer, die Wert auf die Qualit\u00e4t der Komponenten legen.<\/span><span style=\"font-weight: 400;\">\n<p><\/span><\/li>\n<li style=\"font-weight: 400;\" aria-level=\"1\"><b>Zufriedenheit garantiert<\/b><span style=\"font-weight: 400;\"> : Geld-zur\u00fcck- oder Umtauschgarantie, wenn Ihnen das Produkt nicht zusagt.<\/span><span style=\"font-weight: 400;\">\n<p><\/span><\/li>\n<\/ul>\n<h3><b>Fazit: Warum es sich lohnt, Apfelk\u00fcchlein zu probieren und wo man sie kaufen kann<\/b><\/h3>\n<p><span style=\"font-weight: 400;\">Der Geschmack <\/span><b>Cookies &amp; Cream<\/b><span style=\"font-weight: 400;\"> ist eine sichere Wahl f\u00fcr alle s\u00fc\u00dfen Liebhaber, eine perfekte Balance zwischen cremiger S\u00fc\u00dfe und unwiderstehlichem Knusper. Dank der M\u00f6glichkeit von <\/span><b>acheter Cookies &amp; Cream en ligne<\/b><span style=\"font-weight: 400;\">, vous pouvez savourer cette gourmandise chez vous, en toute simplicit\u00e9.<\/span><\/p>\n<p><span style=\"font-weight: 400;\">Ob Sie auf der Suche nach einem <\/span><b>erschwingliches Produkt<\/b><span style=\"font-weight: 400;\"> oder eine exklusive handgefertigte Kreation, heute gibt es die <\/span><b>bester Ort, um Cookies &amp; Cream online zu kaufen<\/b><span style=\"font-weight: 400;\"> der Ihre W\u00fcnsche erf\u00fcllt.<\/span><\/p>\n<h3><b>Abschlie\u00dfende Tipps f\u00fcr sicheres und erfolgreiches Online-Shopping:<\/b><\/h3>\n<ul>\n<li style=\"font-weight: 400;\" aria-level=\"1\"><span style=\"font-weight: 400;\">Bevorzugen Sie anerkannte und zuverl\u00e4ssige Plattformen.<\/span><span style=\"font-weight: 400;\">\n<p><\/span><\/li>\n<li style=\"font-weight: 400;\" aria-level=\"1\"><span style=\"font-weight: 400;\">\u00dcberpr\u00fcfen Sie die Rechtm\u00e4\u00dfigkeit und Qualit\u00e4t der Produkte.<\/span><span style=\"font-weight: 400;\">\n<p><\/span><\/li>\n<li style=\"font-weight: 400;\" aria-level=\"1\"><span style=\"font-weight: 400;\">Sorgen Sie f\u00fcr eine schnelle und diskrete Lieferung.<\/span><\/li>\n<\/ul>","protected":false},"excerpt":{"rendered":"<p>Acheter Cookies &amp; Cream en Ligne : Un Go\u00fbt Classique en Pleine Tendance Le terme Cookies &amp; Cream d\u00e9signe une saveur gourmande m\u00ealant la douceur cr\u00e9meuse de la vanille ou du lait \u00e0 des \u00e9clats croustillants de biscuits chocolat\u00e9s, souvent des Oreo ou similaires. Pr\u00e9sent sous diverses formes \u2014 glaces, desserts, p\u00e2tisseries ou m\u00eame produits&#8230;<\/p>","protected":false},"featured_media":365,"comment_status":"open","ping_status":"closed","template":"","meta":{"_kadence_starter_templates_imported_post":false,"_kad_post_transparent":"default","_kad_post_title":"","_kad_post_layout":"default","_kad_post_sidebar_id":"","_kad_post_content_style":"default","_kad_post_vertical_padding":"default","_kad_post_feature":"","_kad_post_feature_position":"","_kad_post_header":false,"_kad_post_footer":false,"_joinchat":[]},"product_brand":[],"product_cat":[17],"product_tag":[],"class_list":{"0":"post-57","1":"product","2":"type-product","3":"status-publish","4":"has-post-thumbnail","6":"product_cat-canabis-en-ligne","8":"first","9":"instock","10":"shipping-taxable","11":"purchasable","12":"product-type-variable","13":"entry","14":"content-bg","15":"loop-entry"},"yoast_head":"<!-- This site is optimized with the Yoast SEO plugin v23.5 - https:\/\/yoast.com\/wordpress\/plugins\/seo\/ -->\n<title>Achetez des biscuits et de la cr\u00e8me en ligne - Biscuits et cr\u00e8me \u00e0 vendre<\/title>\n<meta name=\"description\" content=\"Chez Herbelegale, vous pouvez obtenir des Cookies &amp; Cream en vente \u00e0 des prix bon march\u00e9. Ici, vous pouvez acheter des Cookies &amp; Cream en ligne de haute qualit\u00e9 dans notre magasin maintenant avec un service d&#039;exp\u00e9dition rapide et s\u00e9curis\u00e9. Commandez maintenant !\" \/>\n<meta name=\"robots\" content=\"index, follow, max-snippet:-1, max-image-preview:large, max-video-preview:-1\" \/>\n<link rel=\"canonical\" href=\"https:\/\/herbelegale.com\/de\/product\/cookies-cream\/\" \/>\n<meta property=\"og:locale\" content=\"de_DE\" \/>\n<meta property=\"og:type\" content=\"article\" \/>\n<meta property=\"og:title\" content=\"Achetez des biscuits et de la cr\u00e8me en ligne - Biscuits et cr\u00e8me \u00e0 vendre\" \/>\n<meta property=\"og:description\" content=\"Chez Herbelegale, vous pouvez obtenir des Cookies &amp; Cream en vente \u00e0 des prix bon march\u00e9. Ici, vous pouvez acheter des Cookies &amp; Cream en ligne de haute qualit\u00e9 dans notre magasin maintenant avec un service d&#039;exp\u00e9dition rapide et s\u00e9curis\u00e9. Commandez maintenant !\" \/>\n<meta property=\"og:url\" content=\"https:\/\/herbelegale.com\/de\/product\/cookies-cream\/\" \/>\n<meta property=\"og:site_name\" content=\"Herbe L\u00e9gale\" \/>\n<meta property=\"article:modified_time\" content=\"2025-06-14T11:08:49+00:00\" \/>\n<meta property=\"og:image\" content=\"https:\/\/herbelegale.com\/wp-content\/uploads\/2023\/09\/Cookies-Cream.jpg\" \/>\n\t<meta property=\"og:image:width\" content=\"960\" \/>\n\t<meta property=\"og:image:height\" content=\"1280\" \/>\n\t<meta property=\"og:image:type\" content=\"image\/jpeg\" \/>\n<meta name=\"twitter:card\" content=\"summary_large_image\" \/>\n<meta name=\"twitter:label1\" content=\"Gesch\u00e4tzte Lesezeit\" \/>\n\t<meta name=\"twitter:data1\" content=\"3\u00a0Minuten\" \/>\n<script type=\"application\/ld+json\" class=\"yoast-schema-graph\">{\"@context\":\"https:\/\/schema.org\",\"@graph\":[{\"@type\":\"WebPage\",\"@id\":\"https:\/\/herbelegale.com\/product\/cookies-cream\/\",\"url\":\"https:\/\/herbelegale.com\/product\/cookies-cream\/\",\"name\":\"Achetez des biscuits et de la cr\u00e8me en ligne - Biscuits et cr\u00e8me \u00e0 vendre\",\"isPartOf\":{\"@id\":\"https:\/\/herbelegale.com\/#website\"},\"primaryImageOfPage\":{\"@id\":\"https:\/\/herbelegale.com\/product\/cookies-cream\/#primaryimage\"},\"image\":{\"@id\":\"https:\/\/herbelegale.com\/product\/cookies-cream\/#primaryimage\"},\"thumbnailUrl\":\"https:\/\/herbelegale.com\/wp-content\/uploads\/2023\/09\/Cookies-Cream.jpg\",\"datePublished\":\"2023-09-22T08:56:50+00:00\",\"dateModified\":\"2025-06-14T11:08:49+00:00\",\"description\":\"Chez Herbelegale, vous pouvez obtenir des Cookies & Cream en vente \u00e0 des prix bon march\u00e9. Ici, vous pouvez acheter des Cookies & Cream en ligne de haute qualit\u00e9 dans notre magasin maintenant avec un service d'exp\u00e9dition rapide et s\u00e9curis\u00e9. Commandez maintenant !\",\"breadcrumb\":{\"@id\":\"https:\/\/herbelegale.com\/product\/cookies-cream\/#breadcrumb\"},\"inLanguage\":\"de\",\"potentialAction\":[{\"@type\":\"ReadAction\",\"target\":[\"https:\/\/herbelegale.com\/product\/cookies-cream\/\"]}]},{\"@type\":\"ImageObject\",\"inLanguage\":\"de\",\"@id\":\"https:\/\/herbelegale.com\/product\/cookies-cream\/#primaryimage\",\"url\":\"https:\/\/herbelegale.com\/wp-content\/uploads\/2023\/09\/Cookies-Cream.jpg\",\"contentUrl\":\"https:\/\/herbelegale.com\/wp-content\/uploads\/2023\/09\/Cookies-Cream.jpg\",\"width\":960,\"height\":1280,\"caption\":\"Cookies & Cream\"},{\"@type\":\"BreadcrumbList\",\"@id\":\"https:\/\/herbelegale.com\/product\/cookies-cream\/#breadcrumb\",\"itemListElement\":[{\"@type\":\"ListItem\",\"position\":1,\"name\":\"Home\",\"item\":\"https:\/\/herbelegale.com\/\"},{\"@type\":\"ListItem\",\"position\":2,\"name\":\"Boutique\",\"item\":\"https:\/\/herbelegale.com\/boutique\/\"},{\"@type\":\"ListItem\",\"position\":3,\"name\":\"Cookies &#038; Cream\"}]},{\"@type\":\"WebSite\",\"@id\":\"https:\/\/herbelegale.com\/#website\",\"url\":\"https:\/\/herbelegale.com\/\",\"name\":\"Herbe L\u00e9gale\",\"description\":\"Acheter de l&#039;herbe en ligne\",\"publisher\":{\"@id\":\"https:\/\/herbelegale.com\/#organization\"},\"potentialAction\":[{\"@type\":\"SearchAction\",\"target\":{\"@type\":\"EntryPoint\",\"urlTemplate\":\"https:\/\/herbelegale.com\/?s={search_term_string}\"},\"query-input\":{\"@type\":\"PropertyValueSpecification\",\"valueRequired\":true,\"valueName\":\"search_term_string\"}}],\"inLanguage\":\"de\"},{\"@type\":\"Organization\",\"@id\":\"https:\/\/herbelegale.com\/#organization\",\"name\":\"Herbe L\u00e9gale\",\"url\":\"https:\/\/herbelegale.com\/\",\"logo\":{\"@type\":\"ImageObject\",\"inLanguage\":\"de\",\"@id\":\"https:\/\/herbelegale.com\/#\/schema\/logo\/image\/\",\"url\":\"https:\/\/herbelegale.com\/wp-content\/uploads\/2023\/10\/logo-1.png\",\"contentUrl\":\"https:\/\/herbelegale.com\/wp-content\/uploads\/2023\/10\/logo-1.png\",\"width\":400,\"height\":120,\"caption\":\"Herbe L\u00e9gale\"},\"image\":{\"@id\":\"https:\/\/herbelegale.com\/#\/schema\/logo\/image\/\"}}]}<\/script>\n<!-- \/ Yoast SEO plugin. -->","yoast_head_json":{"title":"Achetez des biscuits et de la cr\u00e8me en ligne - Biscuits et cr\u00e8me \u00e0 vendre","description":"Chez Herbelegale, vous pouvez obtenir des Cookies & Cream en vente \u00e0 des prix bon march\u00e9. Ici, vous pouvez acheter des Cookies & Cream en ligne de haute qualit\u00e9 dans notre magasin maintenant avec un service d'exp\u00e9dition rapide et s\u00e9curis\u00e9. Commandez maintenant !","robots":{"index":"index","follow":"follow","max-snippet":"max-snippet:-1","max-image-preview":"max-image-preview:large","max-video-preview":"max-video-preview:-1"},"canonical":"https:\/\/herbelegale.com\/de\/product\/cookies-cream\/","og_locale":"de_DE","og_type":"article","og_title":"Achetez des biscuits et de la cr\u00e8me en ligne - Biscuits et cr\u00e8me \u00e0 vendre","og_description":"Chez Herbelegale, vous pouvez obtenir des Cookies & Cream en vente \u00e0 des prix bon march\u00e9. Ici, vous pouvez acheter des Cookies & Cream en ligne de haute qualit\u00e9 dans notre magasin maintenant avec un service d'exp\u00e9dition rapide et s\u00e9curis\u00e9. Commandez maintenant !","og_url":"https:\/\/herbelegale.com\/de\/product\/cookies-cream\/","og_site_name":"Herbe L\u00e9gale","article_modified_time":"2025-06-14T11:08:49+00:00","og_image":[{"width":960,"height":1280,"url":"https:\/\/herbelegale.com\/wp-content\/uploads\/2023\/09\/Cookies-Cream.jpg","type":"image\/jpeg"}],"twitter_card":"summary_large_image","twitter_misc":{"Gesch\u00e4tzte Lesezeit":"3\u00a0Minuten"},"schema":{"@context":"https:\/\/schema.org","@graph":[{"@type":"WebPage","@id":"https:\/\/herbelegale.com\/product\/cookies-cream\/","url":"https:\/\/herbelegale.com\/product\/cookies-cream\/","name":"Achetez des biscuits et de la cr\u00e8me en ligne - Biscuits et cr\u00e8me \u00e0 vendre","isPartOf":{"@id":"https:\/\/herbelegale.com\/#website"},"primaryImageOfPage":{"@id":"https:\/\/herbelegale.com\/product\/cookies-cream\/#primaryimage"},"image":{"@id":"https:\/\/herbelegale.com\/product\/cookies-cream\/#primaryimage"},"thumbnailUrl":"https:\/\/herbelegale.com\/wp-content\/uploads\/2023\/09\/Cookies-Cream.jpg","datePublished":"2023-09-22T08:56:50+00:00","dateModified":"2025-06-14T11:08:49+00:00","description":"Chez Herbelegale, vous pouvez obtenir des Cookies & Cream en vente \u00e0 des prix bon march\u00e9. Ici, vous pouvez acheter des Cookies & Cream en ligne de haute qualit\u00e9 dans notre magasin maintenant avec un service d'exp\u00e9dition rapide et s\u00e9curis\u00e9. Commandez maintenant !","breadcrumb":{"@id":"https:\/\/herbelegale.com\/product\/cookies-cream\/#breadcrumb"},"inLanguage":"de","potentialAction":[{"@type":"ReadAction","target":["https:\/\/herbelegale.com\/product\/cookies-cream\/"]}]},{"@type":"ImageObject","inLanguage":"de","@id":"https:\/\/herbelegale.com\/product\/cookies-cream\/#primaryimage","url":"https:\/\/herbelegale.com\/wp-content\/uploads\/2023\/09\/Cookies-Cream.jpg","contentUrl":"https:\/\/herbelegale.com\/wp-content\/uploads\/2023\/09\/Cookies-Cream.jpg","width":960,"height":1280,"caption":"Cookies & Cream"},{"@type":"BreadcrumbList","@id":"https:\/\/herbelegale.com\/product\/cookies-cream\/#breadcrumb","itemListElement":[{"@type":"ListItem","position":1,"name":"Home","item":"https:\/\/herbelegale.com\/"},{"@type":"ListItem","position":2,"name":"Boutique","item":"https:\/\/herbelegale.com\/boutique\/"},{"@type":"ListItem","position":3,"name":"Cookies &#038; Cream"}]},{"@type":"WebSite","@id":"https:\/\/herbelegale.com\/#website","url":"https:\/\/herbelegale.com\/","name":"Herbe L\u00e9gale","description":"Acheter de l&#039;herbe en ligne","publisher":{"@id":"https:\/\/herbelegale.com\/#organization"},"potentialAction":[{"@type":"SearchAction","target":{"@type":"EntryPoint","urlTemplate":"https:\/\/herbelegale.com\/?s={search_term_string}"},"query-input":{"@type":"PropertyValueSpecification","valueRequired":true,"valueName":"search_term_string"}}],"inLanguage":"de"},{"@type":"Organization","@id":"https:\/\/herbelegale.com\/#organization","name":"Herbe L\u00e9gale","url":"https:\/\/herbelegale.com\/","logo":{"@type":"ImageObject","inLanguage":"de","@id":"https:\/\/herbelegale.com\/#\/schema\/logo\/image\/","url":"https:\/\/herbelegale.com\/wp-content\/uploads\/2023\/10\/logo-1.png","contentUrl":"https:\/\/herbelegale.com\/wp-content\/uploads\/2023\/10\/logo-1.png","width":400,"height":120,"caption":"Herbe L\u00e9gale"},"image":{"@id":"https:\/\/herbelegale.com\/#\/schema\/logo\/image\/"}}]}},"_links":{"self":[{"href":"https:\/\/herbelegale.com\/de\/wp-json\/wp\/v2\/product\/57","targetHints":{"allow":["GET"]}}],"collection":[{"href":"https:\/\/herbelegale.com\/de\/wp-json\/wp\/v2\/product"}],"about":[{"href":"https:\/\/herbelegale.com\/de\/wp-json\/wp\/v2\/types\/product"}],"replies":[{"embeddable":true,"href":"https:\/\/herbelegale.com\/de\/wp-json\/wp\/v2\/comments?post=57"}],"wp:featuredmedia":[{"embeddable":true,"href":"https:\/\/herbelegale.com\/de\/wp-json\/wp\/v2\/media\/365"}],"wp:attachment":[{"href":"https:\/\/herbelegale.com\/de\/wp-json\/wp\/v2\/media?parent=57"}],"wp:term":[{"taxonomy":"product_brand","embeddable":true,"href":"https:\/\/herbelegale.com\/de\/wp-json\/wp\/v2\/product_brand?post=57"},{"taxonomy":"product_cat","embeddable":true,"href":"https:\/\/herbelegale.com\/de\/wp-json\/wp\/v2\/product_cat?post=57"},{"taxonomy":"product_tag","embeddable":true,"href":"https:\/\/herbelegale.com\/de\/wp-json\/wp\/v2\/product_tag?post=57"}],"curies":[{"name":"wp","href":"https:\/\/api.w.org\/{rel}","templated":true}]}}