{"id":55,"date":"2023-09-22T08:56:42","date_gmt":"2023-09-22T08:56:42","guid":{"rendered":"https:\/\/nembutalhouse.com\/weed\/?post_type=product&#038;p=55"},"modified":"2025-06-17T06:27:18","modified_gmt":"2025-06-17T06:27:18","slug":"red-velvet","status":"publish","type":"product","link":"https:\/\/herbelegale.com\/de\/product\/red-velvet\/","title":{"rendered":"Red Velvet"},"content":{"rendered":"<h2><b>Red Velvet online kaufen: Warum dieses Produkt so beliebt ist<\/b><\/h2>\n<h3><b>Einleitung: Was ist Red Velvet und warum ist es so gefragt?<\/b><\/h3>\n<p><span style=\"font-weight: 400;\">Le <\/span><a href=\"https:\/\/herbelegale.com\/de\/product\/red-velvet\/\"><b>Red Velvet<\/b><\/a><span style=\"font-weight: 400;\"> ist mehr als nur ein leuchtend roter Kuchen. Ob kultiges Dessert, thematisches Produkt oder ein von diesem klassischen Geschmack inspiriertes Produkt \u2013 Red Velvet verf\u00fchrt mit seinem einzigartigen Geschmack und seiner weichen Textur. Die subtile Mischung aus s\u00fc\u00dfem Kakao und Vanille, kombiniert mit der unverwechselbaren roten Farbe, macht ihn zu einem Must-have.<\/span><\/p>\n<p><span style=\"font-weight: 400;\">Heute <a href=\"https:\/\/en.wikipedia.org\/wiki\/Red_Velvet_(group)\">Red Velvet<\/a> Das Interesse am Internet nimmt wieder zu, was auf die Beliebtheit raffinierter Delikatessen und den einfachen Zugang dank Online-Verkauf zur\u00fcckzuf\u00fchren ist. Immer mehr Verbraucher entscheiden sich f\u00fcr <\/span><b>Red Velvet online bestellen<\/b><span style=\"font-weight: 400;\"> Genie\u00dfen Sie frische, abwechslungsreiche Produkte, die direkt zu Ihnen nach Hause geliefert werden.<\/span><\/p>\n<h3><b>Warum Red Velvet online kaufen?<\/b><\/h3>\n<p><span style=\"font-weight: 400;\">Kaufen Sie einige <\/span><b>Red Velvet en ligne<\/b><span style=\"font-weight: 400;\"> bietet mehrere wesentliche Vorteile:<\/span><\/p>\n<ul>\n<li style=\"font-weight: 400;\" aria-level=\"1\"><b>Livraison discr\u00e8te et rapide<\/b><span style=\"font-weight: 400;\">, souvent avec des options sp\u00e9cialis\u00e9es pour conserver la fra\u00eecheur du produit.<\/span><span style=\"font-weight: 400;\">\n<p><\/span><\/li>\n<li style=\"font-weight: 400;\" aria-level=\"1\"><b>Acc\u00e8s \u00e0 une large gamme<\/b><span style=\"font-weight: 400;\"> de produits : du g\u00e2teau traditionnel aux p\u00e2tisseries innovantes, voire aux articles th\u00e9matiques autour du Red Velvet.<\/span><span style=\"font-weight: 400;\">\n<p><\/span><\/li>\n<li style=\"font-weight: 400;\" aria-level=\"1\"><b>Confort d\u2019achat<\/b><span style=\"font-weight: 400;\"> : plus besoin de se d\u00e9placer, vous recevez votre commande directement chez vous.<\/span><span style=\"font-weight: 400;\">\n<p><\/span><\/li>\n<li style=\"font-weight: 400;\" aria-level=\"1\"><b>Offres et prix comp\u00e9titifs<\/b><span style=\"font-weight: 400;\">, avec des promotions exclusives aux boutiques en ligne.<\/span><span style=\"font-weight: 400;\">\n<p><\/span><\/li>\n<\/ul>\n<h3><b>Was macht ein gro\u00dfartiges Red Velvet-Produkt aus?<\/b><\/h3>\n<p><span style=\"font-weight: 400;\">Um einen hochwertigen Red Velvet auszuw\u00e4hlen, sollten Sie die folgenden Kriterien ber\u00fccksichtigen:<\/span><\/p>\n<ul>\n<li style=\"font-weight: 400;\" aria-level=\"1\"><b>Texture moelleuse et l\u00e9g\u00e8re<\/b><span style=\"font-weight: 400;\">, signe d\u2019une recette bien ma\u00eetris\u00e9e.<\/span><span style=\"font-weight: 400;\">\n<p><\/span><\/li>\n<li style=\"font-weight: 400;\" aria-level=\"1\"><b>Couleur rouge intense et app\u00e9tissante<\/b><span style=\"font-weight: 400;\">, mais naturelle.<\/span><span style=\"font-weight: 400;\">\n<p><\/span><\/li>\n<li style=\"font-weight: 400;\" aria-level=\"1\"><b>Ausgewogener Geschmack<\/b><span style=\"font-weight: 400;\"> entre douceur, cacao et vanille, sans exc\u00e8s sucr\u00e9.<\/span><span style=\"font-weight: 400;\">\n<p><\/span><\/li>\n<li style=\"font-weight: 400;\" aria-level=\"1\"><b>Finitions soign\u00e9es<\/b><span style=\"font-weight: 400;\">, notamment la cr\u00e8me au fromage qui accompagne souvent ce dessert.<\/span><span style=\"font-weight: 400;\">\n<p><\/span><\/li>\n<li style=\"font-weight: 400;\" aria-level=\"1\"><b>Produits faits maison ou en petites s\u00e9ries<\/b><span style=\"font-weight: 400;\"> pour une meilleure fra\u00eecheur et authenticit\u00e9.<\/span><span style=\"font-weight: 400;\">\n<p><\/span><\/li>\n<\/ul>\n<h3><b>Beste Plattformen, um Red Velvet online zu bestellen<\/b><\/h3>\n<ul>\n<li style=\"font-weight: 400;\" aria-level=\"1\"><b>Boulangeries locales avec livraison nationale<\/b><span style=\"font-weight: 400;\"> : souvent gages de fra\u00eecheur et savoir-faire.<\/span><span style=\"font-weight: 400;\">\n<p><\/span><\/li>\n<li style=\"font-weight: 400;\" aria-level=\"1\"><b>Sites sp\u00e9cialis\u00e9s en p\u00e2tisserie en ligne<\/b><span style=\"font-weight: 400;\"> : large choix et qualit\u00e9 garantie.<\/span><span style=\"font-weight: 400;\">\n<p><\/span><\/li>\n<li style=\"font-weight: 400;\" aria-level=\"1\"><b>Plateformes de dessert et gourmandises<\/b><span style=\"font-weight: 400;\"> : pour d\u00e9couvrir des cr\u00e9ations originales autour du Red Velvet.<\/span><span style=\"font-weight: 400;\">\n<p><\/span><\/li>\n<li style=\"font-weight: 400;\" aria-level=\"1\"><b>March\u00e9s artisanaux et Etsy<\/b><span style=\"font-weight: 400;\"> : produits faits main et personnalisables.<\/span><span style=\"font-weight: 400;\">\n<p><\/span><\/li>\n<\/ul>\n<h3><b>Wie w\u00e4hlt man das richtige Produkt oder den richtigen Verk\u00e4ufer aus?<\/b><\/h3>\n<ul>\n<li style=\"font-weight: 400;\" aria-level=\"1\"><b>Lisez les avis clients<\/b><span style=\"font-weight: 400;\"> pour v\u00e9rifier la satisfaction et la qualit\u00e9.<\/span><span style=\"font-weight: 400;\">\n<p><\/span><\/li>\n<li style=\"font-weight: 400;\" aria-level=\"1\"><b>V\u00e9rifiez les conditions de livraison<\/b><span style=\"font-weight: 400;\"> et la garantie de fra\u00eecheur.<\/span><span style=\"font-weight: 400;\">\n<p><\/span><\/li>\n<li style=\"font-weight: 400;\" aria-level=\"1\"><b>Comparez les prix<\/b><span style=\"font-weight: 400;\"> pour trouver un Red Velvet au meilleur rapport qualit\u00e9\/prix.<\/span><span style=\"font-weight: 400;\">\n<p><\/span><\/li>\n<li style=\"font-weight: 400;\" aria-level=\"1\"><b>Privil\u00e9giez la transparence<\/b><span style=\"font-weight: 400;\"> sur les ingr\u00e9dients et la fabrication.<\/span><span style=\"font-weight: 400;\">\n<p><\/span><\/li>\n<\/ul>\n<h3><b>Fazit: Warum Red Velvet einen Versuch wert ist<\/b><\/h3>\n<p><span style=\"font-weight: 400;\">Red Velvet ist ein Gourmet-Erlebnis der besonderen Art, das Tradition und Moderne vereint. Kaufen <\/span><b>Red Velvet en ligne<\/b><span style=\"font-weight: 400;\"> ist der beste Weg, frische, k\u00f6stliche und abwechslungsreiche Produkte zu genie\u00dfen und dabei ganz einfach zu sein. Ob f\u00fcr einen besonderen Anlass oder als allt\u00e4glicher Leckerbissen \u2013 Red Velvet wird Ihre Naschsucht befriedigen.<\/span><\/p>\n<h3><b>Integrierte SEO-Keywords:<\/b><\/h3>\n<p><b>Red Velvet online kaufen, Red Velvet online bestellen, Red Velvet zu verkaufen, g\u00fcnstiger Red Velvet-Preis, der beste Ort, um Red Velvet online zu kaufen<\/b><b><br \/>\n<\/b><span style=\"font-weight: 400;\"> (auf Englisch: Red Velvet online kaufen, Red Velvet online bestellen, Red Velvet zu verkaufen, Red Velvet zu g\u00fcnstigen Preisen, der beste Ort, um Red Velvet online zu kaufen)<\/span><\/p>","protected":false},"excerpt":{"rendered":"<p>Acheter Red Velvet en ligne : Pourquoi ce produit est si pris\u00e9 Introduction : Qu\u2019est-ce que le Red Velvet et pourquoi est-il en demande ? Le Red Velvet est bien plus qu\u2019un simple g\u00e2teau rouge vif. Que ce soit un dessert iconique, un produit th\u00e9matique ou un article inspir\u00e9 par cette saveur classique, le Red&#8230;<\/p>","protected":false},"featured_media":363,"comment_status":"open","ping_status":"closed","template":"","meta":{"_kadence_starter_templates_imported_post":false,"_kad_post_transparent":"default","_kad_post_title":"","_kad_post_layout":"default","_kad_post_sidebar_id":"","_kad_post_content_style":"default","_kad_post_vertical_padding":"default","_kad_post_feature":"","_kad_post_feature_position":"","_kad_post_header":false,"_kad_post_footer":false,"_joinchat":[]},"product_brand":[],"product_cat":[17],"product_tag":[],"class_list":{"0":"post-55","1":"product","2":"type-product","3":"status-publish","4":"has-post-thumbnail","6":"product_cat-canabis-en-ligne","8":"first","9":"instock","10":"shipping-taxable","11":"purchasable","12":"product-type-variable","13":"entry","14":"content-bg","15":"loop-entry"},"yoast_head":"<!-- This site is optimized with the Yoast SEO plugin v23.5 - https:\/\/yoast.com\/wordpress\/plugins\/seo\/ -->\n<title>Achetez Red Velvet en ligne - Red Velvet en vente en ligne<\/title>\n<meta name=\"description\" content=\"Si vous n&#039;avez pas encore essay\u00e9 Red Velvet dans notre magasin, vous manquez beaucoup de choses. Nous vous aiderons \u00e0 acheter Red Velvet en ligne \u00e0 des prix avantageux. Achetez Red Velvet en vente d\u00e8s aujourd&#039;hui !\" \/>\n<meta name=\"robots\" content=\"index, follow, max-snippet:-1, max-image-preview:large, max-video-preview:-1\" \/>\n<link rel=\"canonical\" href=\"https:\/\/herbelegale.com\/de\/product\/red-velvet\/\" \/>\n<meta property=\"og:locale\" content=\"de_DE\" \/>\n<meta property=\"og:type\" content=\"article\" \/>\n<meta property=\"og:title\" content=\"Achetez Red Velvet en ligne - Red Velvet en vente en ligne\" \/>\n<meta property=\"og:description\" content=\"Si vous n&#039;avez pas encore essay\u00e9 Red Velvet dans notre magasin, vous manquez beaucoup de choses. Nous vous aiderons \u00e0 acheter Red Velvet en ligne \u00e0 des prix avantageux. Achetez Red Velvet en vente d\u00e8s aujourd&#039;hui !\" \/>\n<meta property=\"og:url\" content=\"https:\/\/herbelegale.com\/de\/product\/red-velvet\/\" \/>\n<meta property=\"og:site_name\" content=\"Herbe L\u00e9gale\" \/>\n<meta property=\"article:modified_time\" content=\"2025-06-17T06:27:18+00:00\" \/>\n<meta property=\"og:image\" content=\"https:\/\/herbelegale.com\/wp-content\/uploads\/2023\/09\/Red-Velvet.jpg\" \/>\n\t<meta property=\"og:image:width\" content=\"960\" \/>\n\t<meta property=\"og:image:height\" content=\"1280\" \/>\n\t<meta property=\"og:image:type\" content=\"image\/jpeg\" \/>\n<meta name=\"twitter:card\" content=\"summary_large_image\" \/>\n<meta name=\"twitter:label1\" content=\"Gesch\u00e4tzte Lesezeit\" \/>\n\t<meta name=\"twitter:data1\" content=\"3\u00a0Minuten\" \/>\n<script type=\"application\/ld+json\" class=\"yoast-schema-graph\">{\"@context\":\"https:\/\/schema.org\",\"@graph\":[{\"@type\":\"WebPage\",\"@id\":\"https:\/\/herbelegale.com\/product\/red-velvet\/\",\"url\":\"https:\/\/herbelegale.com\/product\/red-velvet\/\",\"name\":\"Achetez Red Velvet en ligne - Red Velvet en vente en ligne\",\"isPartOf\":{\"@id\":\"https:\/\/herbelegale.com\/#website\"},\"primaryImageOfPage\":{\"@id\":\"https:\/\/herbelegale.com\/product\/red-velvet\/#primaryimage\"},\"image\":{\"@id\":\"https:\/\/herbelegale.com\/product\/red-velvet\/#primaryimage\"},\"thumbnailUrl\":\"https:\/\/herbelegale.com\/wp-content\/uploads\/2023\/09\/Red-Velvet.jpg\",\"datePublished\":\"2023-09-22T08:56:42+00:00\",\"dateModified\":\"2025-06-17T06:27:18+00:00\",\"description\":\"Si vous n'avez pas encore essay\u00e9 Red Velvet dans notre magasin, vous manquez beaucoup de choses. Nous vous aiderons \u00e0 acheter Red Velvet en ligne \u00e0 des prix avantageux. Achetez Red Velvet en vente d\u00e8s aujourd'hui !\",\"breadcrumb\":{\"@id\":\"https:\/\/herbelegale.com\/product\/red-velvet\/#breadcrumb\"},\"inLanguage\":\"de\",\"potentialAction\":[{\"@type\":\"ReadAction\",\"target\":[\"https:\/\/herbelegale.com\/product\/red-velvet\/\"]}]},{\"@type\":\"ImageObject\",\"inLanguage\":\"de\",\"@id\":\"https:\/\/herbelegale.com\/product\/red-velvet\/#primaryimage\",\"url\":\"https:\/\/herbelegale.com\/wp-content\/uploads\/2023\/09\/Red-Velvet.jpg\",\"contentUrl\":\"https:\/\/herbelegale.com\/wp-content\/uploads\/2023\/09\/Red-Velvet.jpg\",\"width\":960,\"height\":1280,\"caption\":\"Red Velvet\"},{\"@type\":\"BreadcrumbList\",\"@id\":\"https:\/\/herbelegale.com\/product\/red-velvet\/#breadcrumb\",\"itemListElement\":[{\"@type\":\"ListItem\",\"position\":1,\"name\":\"Home\",\"item\":\"https:\/\/herbelegale.com\/\"},{\"@type\":\"ListItem\",\"position\":2,\"name\":\"Boutique\",\"item\":\"https:\/\/herbelegale.com\/boutique\/\"},{\"@type\":\"ListItem\",\"position\":3,\"name\":\"Red Velvet\"}]},{\"@type\":\"WebSite\",\"@id\":\"https:\/\/herbelegale.com\/#website\",\"url\":\"https:\/\/herbelegale.com\/\",\"name\":\"Herbe L\u00e9gale\",\"description\":\"Acheter de l&#039;herbe en ligne\",\"publisher\":{\"@id\":\"https:\/\/herbelegale.com\/#organization\"},\"potentialAction\":[{\"@type\":\"SearchAction\",\"target\":{\"@type\":\"EntryPoint\",\"urlTemplate\":\"https:\/\/herbelegale.com\/?s={search_term_string}\"},\"query-input\":{\"@type\":\"PropertyValueSpecification\",\"valueRequired\":true,\"valueName\":\"search_term_string\"}}],\"inLanguage\":\"de\"},{\"@type\":\"Organization\",\"@id\":\"https:\/\/herbelegale.com\/#organization\",\"name\":\"Herbe L\u00e9gale\",\"url\":\"https:\/\/herbelegale.com\/\",\"logo\":{\"@type\":\"ImageObject\",\"inLanguage\":\"de\",\"@id\":\"https:\/\/herbelegale.com\/#\/schema\/logo\/image\/\",\"url\":\"https:\/\/herbelegale.com\/wp-content\/uploads\/2023\/10\/logo-1.png\",\"contentUrl\":\"https:\/\/herbelegale.com\/wp-content\/uploads\/2023\/10\/logo-1.png\",\"width\":400,\"height\":120,\"caption\":\"Herbe L\u00e9gale\"},\"image\":{\"@id\":\"https:\/\/herbelegale.com\/#\/schema\/logo\/image\/\"}}]}<\/script>\n<!-- \/ Yoast SEO plugin. -->","yoast_head_json":{"title":"Achetez Red Velvet en ligne - Red Velvet en vente en ligne","description":"Si vous n'avez pas encore essay\u00e9 Red Velvet dans notre magasin, vous manquez beaucoup de choses. Nous vous aiderons \u00e0 acheter Red Velvet en ligne \u00e0 des prix avantageux. Achetez Red Velvet en vente d\u00e8s aujourd'hui !","robots":{"index":"index","follow":"follow","max-snippet":"max-snippet:-1","max-image-preview":"max-image-preview:large","max-video-preview":"max-video-preview:-1"},"canonical":"https:\/\/herbelegale.com\/de\/product\/red-velvet\/","og_locale":"de_DE","og_type":"article","og_title":"Achetez Red Velvet en ligne - Red Velvet en vente en ligne","og_description":"Si vous n'avez pas encore essay\u00e9 Red Velvet dans notre magasin, vous manquez beaucoup de choses. Nous vous aiderons \u00e0 acheter Red Velvet en ligne \u00e0 des prix avantageux. Achetez Red Velvet en vente d\u00e8s aujourd'hui !","og_url":"https:\/\/herbelegale.com\/de\/product\/red-velvet\/","og_site_name":"Herbe L\u00e9gale","article_modified_time":"2025-06-17T06:27:18+00:00","og_image":[{"width":960,"height":1280,"url":"https:\/\/herbelegale.com\/wp-content\/uploads\/2023\/09\/Red-Velvet.jpg","type":"image\/jpeg"}],"twitter_card":"summary_large_image","twitter_misc":{"Gesch\u00e4tzte Lesezeit":"3\u00a0Minuten"},"schema":{"@context":"https:\/\/schema.org","@graph":[{"@type":"WebPage","@id":"https:\/\/herbelegale.com\/product\/red-velvet\/","url":"https:\/\/herbelegale.com\/product\/red-velvet\/","name":"Achetez Red Velvet en ligne - Red Velvet en vente en ligne","isPartOf":{"@id":"https:\/\/herbelegale.com\/#website"},"primaryImageOfPage":{"@id":"https:\/\/herbelegale.com\/product\/red-velvet\/#primaryimage"},"image":{"@id":"https:\/\/herbelegale.com\/product\/red-velvet\/#primaryimage"},"thumbnailUrl":"https:\/\/herbelegale.com\/wp-content\/uploads\/2023\/09\/Red-Velvet.jpg","datePublished":"2023-09-22T08:56:42+00:00","dateModified":"2025-06-17T06:27:18+00:00","description":"Si vous n'avez pas encore essay\u00e9 Red Velvet dans notre magasin, vous manquez beaucoup de choses. Nous vous aiderons \u00e0 acheter Red Velvet en ligne \u00e0 des prix avantageux. Achetez Red Velvet en vente d\u00e8s aujourd'hui !","breadcrumb":{"@id":"https:\/\/herbelegale.com\/product\/red-velvet\/#breadcrumb"},"inLanguage":"de","potentialAction":[{"@type":"ReadAction","target":["https:\/\/herbelegale.com\/product\/red-velvet\/"]}]},{"@type":"ImageObject","inLanguage":"de","@id":"https:\/\/herbelegale.com\/product\/red-velvet\/#primaryimage","url":"https:\/\/herbelegale.com\/wp-content\/uploads\/2023\/09\/Red-Velvet.jpg","contentUrl":"https:\/\/herbelegale.com\/wp-content\/uploads\/2023\/09\/Red-Velvet.jpg","width":960,"height":1280,"caption":"Red Velvet"},{"@type":"BreadcrumbList","@id":"https:\/\/herbelegale.com\/product\/red-velvet\/#breadcrumb","itemListElement":[{"@type":"ListItem","position":1,"name":"Home","item":"https:\/\/herbelegale.com\/"},{"@type":"ListItem","position":2,"name":"Boutique","item":"https:\/\/herbelegale.com\/boutique\/"},{"@type":"ListItem","position":3,"name":"Red Velvet"}]},{"@type":"WebSite","@id":"https:\/\/herbelegale.com\/#website","url":"https:\/\/herbelegale.com\/","name":"Herbe L\u00e9gale","description":"Acheter de l&#039;herbe en ligne","publisher":{"@id":"https:\/\/herbelegale.com\/#organization"},"potentialAction":[{"@type":"SearchAction","target":{"@type":"EntryPoint","urlTemplate":"https:\/\/herbelegale.com\/?s={search_term_string}"},"query-input":{"@type":"PropertyValueSpecification","valueRequired":true,"valueName":"search_term_string"}}],"inLanguage":"de"},{"@type":"Organization","@id":"https:\/\/herbelegale.com\/#organization","name":"Herbe L\u00e9gale","url":"https:\/\/herbelegale.com\/","logo":{"@type":"ImageObject","inLanguage":"de","@id":"https:\/\/herbelegale.com\/#\/schema\/logo\/image\/","url":"https:\/\/herbelegale.com\/wp-content\/uploads\/2023\/10\/logo-1.png","contentUrl":"https:\/\/herbelegale.com\/wp-content\/uploads\/2023\/10\/logo-1.png","width":400,"height":120,"caption":"Herbe L\u00e9gale"},"image":{"@id":"https:\/\/herbelegale.com\/#\/schema\/logo\/image\/"}}]}},"_links":{"self":[{"href":"https:\/\/herbelegale.com\/de\/wp-json\/wp\/v2\/product\/55","targetHints":{"allow":["GET"]}}],"collection":[{"href":"https:\/\/herbelegale.com\/de\/wp-json\/wp\/v2\/product"}],"about":[{"href":"https:\/\/herbelegale.com\/de\/wp-json\/wp\/v2\/types\/product"}],"replies":[{"embeddable":true,"href":"https:\/\/herbelegale.com\/de\/wp-json\/wp\/v2\/comments?post=55"}],"wp:featuredmedia":[{"embeddable":true,"href":"https:\/\/herbelegale.com\/de\/wp-json\/wp\/v2\/media\/363"}],"wp:attachment":[{"href":"https:\/\/herbelegale.com\/de\/wp-json\/wp\/v2\/media?parent=55"}],"wp:term":[{"taxonomy":"product_brand","embeddable":true,"href":"https:\/\/herbelegale.com\/de\/wp-json\/wp\/v2\/product_brand?post=55"},{"taxonomy":"product_cat","embeddable":true,"href":"https:\/\/herbelegale.com\/de\/wp-json\/wp\/v2\/product_cat?post=55"},{"taxonomy":"product_tag","embeddable":true,"href":"https:\/\/herbelegale.com\/de\/wp-json\/wp\/v2\/product_tag?post=55"}],"curies":[{"name":"wp","href":"https:\/\/api.w.org\/{rel}","templated":true}]}}