{"id":43,"date":"2023-09-22T08:50:01","date_gmt":"2023-09-22T08:50:01","guid":{"rendered":"https:\/\/nembutalhouse.com\/weed\/?post_type=product&#038;p=43"},"modified":"2025-07-21T12:28:21","modified_gmt":"2025-07-21T12:28:21","slug":"pina-colada","status":"publish","type":"product","link":"https:\/\/herbelegale.com\/de\/product\/pina-colada\/","title":{"rendered":"Pina Colada"},"content":{"rendered":"<h2><b>Pina Colada online kaufen: Frische und exotische Aromen nur einen Klick entfernt<\/b><\/h2>\n<p>La <a href=\"https:\/\/herbelegale.com\/de\/product\/pina-colada\/\">Pina Colada<\/a> Pi\u00f1a Colada ist weit mehr als ein tropischer Cocktail, der weltweit beliebt ist. Der Begriff kann auch abgeleitete Produkte, Themeneditionen oder sogar S\u00fc\u00dfigkeiten und Getr\u00e4nke bezeichnen, die von diesem Klassiker inspiriert sind. Mit ihrer unwiderstehlichen Kombination aus Ananas, Kokosnuss und Rum \u00fcberzeugt die Pi\u00f1a Colada immer mehr Verbraucher.<\/p>\n<p>Actuellement, la <a href=\"https:\/\/en.wikipedia.org\/wiki\/Pi%C3%B1a_colada\">Pina Colada ist online voll im Trend<\/a> : Die Nachfrage explodiert dank der M\u00f6glichkeit, Themen- und Gourmetprodukte bequem direkt von zu Hause aus zu bestellen, insbesondere in einem Umfeld, in dem die Lieferung nach Hause bevorzugt wird.<\/p>\n<h3><b>Warum Pina Colada online kaufen?<\/b><\/h3>\n<p>Der Online-Kauf dieses Produkts bietet mehrere gro\u00dfe Vorteile:<\/p>\n<ul>\n<li style=\"font-weight: 400;\" aria-level=\"1\">Diskrete und fachgerechte Lieferung: ideal, um Ihre Lieblingsprodukte absolut vertraulich zu erhalten.<\/li>\n<li style=\"font-weight: 400;\" aria-level=\"1\">Gro\u00dfe Auswahl und Exklusivit\u00e4t: Zugriff auf originelle oder handwerklich gefertigte Varianten, die im Handel nur schwer zu finden sind.<\/li>\n<li style=\"font-weight: 400;\" aria-level=\"1\">Sparen Sie Zeit: Bestellen Sie bequem vom Sofa aus und lassen Sie sich Ihre Ware schnell nach Hause liefern.<\/li>\n<li style=\"font-weight: 400;\" aria-level=\"1\">Bestpreisgarantie: Profitieren Sie von h\u00e4ufigen Aktionen und g\u00fcnstigen Preisen, insbesondere bei Qualit\u00e4tsprodukten.<\/li>\n<\/ul>\n<h3><b>Was macht eine gro\u00dfartige Pi\u00f1a Colada aus?<\/b><\/h3>\n<p><span style=\"font-weight: 400;\">F\u00fcr eine gelungene Pina Colada sind mehrere Kriterien entscheidend:<\/span><\/p>\n<ul>\n<li style=\"font-weight: 400;\" aria-level=\"1\">Frische und nat\u00fcrliche Zutaten: reife Ananas, authentische Kokoscreme und hochwertiger Rum.<\/li>\n<li style=\"font-weight: 400;\" aria-level=\"1\">Perfekte Geschmacksbalance: nicht zu s\u00fc\u00df, nicht zu stark, mit einer weichen und erfrischenden Textur.<\/li>\n<li style=\"font-weight: 400;\" aria-level=\"1\">Sorgf\u00e4ltige Pr\u00e4sentation: Attraktive Verpackungen garantieren Frische und Funktionalit\u00e4t.<\/li>\n<li style=\"font-weight: 400;\" aria-level=\"1\">Handwerkliche oder Premium-Varianten: Handgemachte oder in Kleinserie hergestellte Produkte bieten ein \u00fcberragendes Geschmackserlebnis.<\/li>\n<\/ul>\n<h3><b>Beste Plattformen, um Pina Colada online zu bestellen<\/b><\/h3>\n<ul>\n<li style=\"font-weight: 400;\" aria-level=\"1\">Online-Shops, die auf Getr\u00e4nke und Cocktails spezialisiert sind: oft mit Label und Qualit\u00e4tsgarantie.<\/li>\n<li style=\"font-weight: 400;\" aria-level=\"1\">Kunsthandwerksmarktpl\u00e4tze (Etsy usw.): einzigartige und handgefertigte Produkte.<\/li>\n<li style=\"font-weight: 400;\" aria-level=\"1\">Allgemeine Websites f\u00fcr die Lieferung von Lebensmitteln: Schnelligkeit und einfacher Kauf.<\/li>\n<li style=\"font-weight: 400;\" aria-level=\"1\">Bars und Destillerien mit Direktlieferung: Frische und Authentizit\u00e4t garantiert.<\/li>\n<\/ul>\n<h3><b>Wie w\u00e4hlt man das richtige Produkt oder den richtigen Verk\u00e4ufer aus?<\/b><\/h3>\n<ul>\n<li style=\"font-weight: 400;\" aria-level=\"1\">Lesen Sie die Kundenbewertungen: Sie spiegeln die tats\u00e4chliche Qualit\u00e4t und das Einkaufserlebnis wider.<\/li>\n<li style=\"font-weight: 400;\" aria-level=\"1\">Informieren Sie sich \u00fcber Herkunft und Inhaltsstoffe: Transparenz ist das A und O.<\/li>\n<li style=\"font-weight: 400;\" aria-level=\"1\">Pr\u00fcfen Sie Lieferbedingungen und Frischegarantien.<\/li>\n<li style=\"font-weight: 400;\" aria-level=\"1\">Bevorzugen Sie Verk\u00e4ufer, die einen klaren Kundendienst und R\u00fcckerstattungsm\u00f6glichkeiten anbieten.<\/li>\n<\/ul>\n<h3><b>Fazit: Warum es sich lohnt, Pina Colada auszuprobieren und wo man sie kaufen kann<\/b><\/h3>\n<p>Pi\u00f1a Colada l\u00e4dt zum Reisen und Entspannen ein und ist bequem online erh\u00e4ltlich. Ob zum Aperitif, zur Mottoparty oder einfach zum Genie\u00dfen \u2013 hier k\u00f6nnen Sie Pi\u00f1a Colada dank Vielfalt, Qualit\u00e4t und bequemer Lieferung am besten online kaufen.<\/p>\n<p>&nbsp;<\/p>","protected":false},"excerpt":{"rendered":"<p>Acheter Pina Colada en ligne : Fra\u00eecheur et Saveurs Exotiques \u00e0 Port\u00e9e de Clic La Pina Colada est bien plus qu\u2019un cocktail tropical appr\u00e9ci\u00e9 dans le monde entier. Ce terme peut aussi d\u00e9signer des produits d\u00e9riv\u00e9s, des \u00e9ditions th\u00e9matiques, ou m\u00eame des douceurs et boissons inspir\u00e9es de ce classique. Avec sa combinaison irr\u00e9sistible d\u2019ananas, de&#8230;<\/p>","protected":false},"featured_media":352,"comment_status":"open","ping_status":"closed","template":"","meta":{"_kadence_starter_templates_imported_post":false,"_kad_post_transparent":"default","_kad_post_title":"","_kad_post_layout":"default","_kad_post_sidebar_id":"","_kad_post_content_style":"default","_kad_post_vertical_padding":"default","_kad_post_feature":"","_kad_post_feature_position":"","_kad_post_header":false,"_kad_post_footer":false,"_joinchat":[]},"product_brand":[],"product_cat":[17],"product_tag":[],"class_list":{"0":"post-43","1":"product","2":"type-product","3":"status-publish","4":"has-post-thumbnail","6":"product_cat-canabis-en-ligne","8":"first","9":"instock","10":"shipping-taxable","11":"purchasable","12":"product-type-variable","13":"entry","14":"content-bg","15":"loop-entry"},"yoast_head":"<!-- This site is optimized with the Yoast SEO plugin v23.5 - https:\/\/yoast.com\/wordpress\/plugins\/seo\/ -->\n<title>Achetez Pina Colada en ligne - Pina Colada \u00e0 vendre - Commandez Pina Colada<\/title>\n<meta name=\"description\" content=\"Si vous souhaitez acheter de la Pina Colada, nous sommes le bon choix pour vous. Notre personnel vous aidera \u00e0 acheter de la Pina Colada en ligne \u00e0 des prix avantageux. Passez votre commande chez nous !\" \/>\n<meta name=\"robots\" content=\"index, follow, max-snippet:-1, max-image-preview:large, max-video-preview:-1\" \/>\n<link rel=\"canonical\" href=\"https:\/\/herbelegale.com\/de\/product\/pina-colada\/\" \/>\n<meta property=\"og:locale\" content=\"de_DE\" \/>\n<meta property=\"og:type\" content=\"article\" \/>\n<meta property=\"og:title\" content=\"Achetez Pina Colada en ligne - Pina Colada \u00e0 vendre - Commandez Pina Colada\" \/>\n<meta property=\"og:description\" content=\"Si vous souhaitez acheter de la Pina Colada, nous sommes le bon choix pour vous. Notre personnel vous aidera \u00e0 acheter de la Pina Colada en ligne \u00e0 des prix avantageux. Passez votre commande chez nous !\" \/>\n<meta property=\"og:url\" content=\"https:\/\/herbelegale.com\/de\/product\/pina-colada\/\" \/>\n<meta property=\"og:site_name\" content=\"Herbe L\u00e9gale\" \/>\n<meta property=\"article:modified_time\" content=\"2025-07-21T12:28:21+00:00\" \/>\n<meta property=\"og:image\" content=\"https:\/\/herbelegale.com\/wp-content\/uploads\/2023\/09\/Pina-Colada.jpg\" \/>\n\t<meta property=\"og:image:width\" content=\"960\" \/>\n\t<meta property=\"og:image:height\" content=\"1280\" \/>\n\t<meta property=\"og:image:type\" content=\"image\/jpeg\" \/>\n<meta name=\"twitter:card\" content=\"summary_large_image\" \/>\n<meta name=\"twitter:label1\" content=\"Gesch\u00e4tzte Lesezeit\" \/>\n\t<meta name=\"twitter:data1\" content=\"3\u00a0Minuten\" \/>\n<script type=\"application\/ld+json\" class=\"yoast-schema-graph\">{\"@context\":\"https:\/\/schema.org\",\"@graph\":[{\"@type\":\"WebPage\",\"@id\":\"https:\/\/herbelegale.com\/product\/pina-colada\/\",\"url\":\"https:\/\/herbelegale.com\/product\/pina-colada\/\",\"name\":\"Achetez Pina Colada en ligne - Pina Colada \u00e0 vendre - Commandez Pina Colada\",\"isPartOf\":{\"@id\":\"https:\/\/herbelegale.com\/#website\"},\"primaryImageOfPage\":{\"@id\":\"https:\/\/herbelegale.com\/product\/pina-colada\/#primaryimage\"},\"image\":{\"@id\":\"https:\/\/herbelegale.com\/product\/pina-colada\/#primaryimage\"},\"thumbnailUrl\":\"https:\/\/herbelegale.com\/wp-content\/uploads\/2023\/09\/Pina-Colada.jpg\",\"datePublished\":\"2023-09-22T08:50:01+00:00\",\"dateModified\":\"2025-07-21T12:28:21+00:00\",\"description\":\"Si vous souhaitez acheter de la Pina Colada, nous sommes le bon choix pour vous. Notre personnel vous aidera \u00e0 acheter de la Pina Colada en ligne \u00e0 des prix avantageux. Passez votre commande chez nous !\",\"breadcrumb\":{\"@id\":\"https:\/\/herbelegale.com\/product\/pina-colada\/#breadcrumb\"},\"inLanguage\":\"de\",\"potentialAction\":[{\"@type\":\"ReadAction\",\"target\":[\"https:\/\/herbelegale.com\/product\/pina-colada\/\"]}]},{\"@type\":\"ImageObject\",\"inLanguage\":\"de\",\"@id\":\"https:\/\/herbelegale.com\/product\/pina-colada\/#primaryimage\",\"url\":\"https:\/\/herbelegale.com\/wp-content\/uploads\/2023\/09\/Pina-Colada.jpg\",\"contentUrl\":\"https:\/\/herbelegale.com\/wp-content\/uploads\/2023\/09\/Pina-Colada.jpg\",\"width\":960,\"height\":1280,\"caption\":\"Pina Colada\"},{\"@type\":\"BreadcrumbList\",\"@id\":\"https:\/\/herbelegale.com\/product\/pina-colada\/#breadcrumb\",\"itemListElement\":[{\"@type\":\"ListItem\",\"position\":1,\"name\":\"Home\",\"item\":\"https:\/\/herbelegale.com\/\"},{\"@type\":\"ListItem\",\"position\":2,\"name\":\"Boutique\",\"item\":\"https:\/\/herbelegale.com\/boutique\/\"},{\"@type\":\"ListItem\",\"position\":3,\"name\":\"Pina Colada\"}]},{\"@type\":\"WebSite\",\"@id\":\"https:\/\/herbelegale.com\/#website\",\"url\":\"https:\/\/herbelegale.com\/\",\"name\":\"Herbe L\u00e9gale\",\"description\":\"Acheter de l&#039;herbe en ligne\",\"publisher\":{\"@id\":\"https:\/\/herbelegale.com\/#organization\"},\"potentialAction\":[{\"@type\":\"SearchAction\",\"target\":{\"@type\":\"EntryPoint\",\"urlTemplate\":\"https:\/\/herbelegale.com\/?s={search_term_string}\"},\"query-input\":{\"@type\":\"PropertyValueSpecification\",\"valueRequired\":true,\"valueName\":\"search_term_string\"}}],\"inLanguage\":\"de\"},{\"@type\":\"Organization\",\"@id\":\"https:\/\/herbelegale.com\/#organization\",\"name\":\"Herbe L\u00e9gale\",\"url\":\"https:\/\/herbelegale.com\/\",\"logo\":{\"@type\":\"ImageObject\",\"inLanguage\":\"de\",\"@id\":\"https:\/\/herbelegale.com\/#\/schema\/logo\/image\/\",\"url\":\"https:\/\/herbelegale.com\/wp-content\/uploads\/2023\/10\/logo-1.png\",\"contentUrl\":\"https:\/\/herbelegale.com\/wp-content\/uploads\/2023\/10\/logo-1.png\",\"width\":400,\"height\":120,\"caption\":\"Herbe L\u00e9gale\"},\"image\":{\"@id\":\"https:\/\/herbelegale.com\/#\/schema\/logo\/image\/\"}}]}<\/script>\n<!-- \/ Yoast SEO plugin. -->","yoast_head_json":{"title":"Achetez Pina Colada en ligne - Pina Colada \u00e0 vendre - Commandez Pina Colada","description":"Si vous souhaitez acheter de la Pina Colada, nous sommes le bon choix pour vous. Notre personnel vous aidera \u00e0 acheter de la Pina Colada en ligne \u00e0 des prix avantageux. Passez votre commande chez nous !","robots":{"index":"index","follow":"follow","max-snippet":"max-snippet:-1","max-image-preview":"max-image-preview:large","max-video-preview":"max-video-preview:-1"},"canonical":"https:\/\/herbelegale.com\/de\/product\/pina-colada\/","og_locale":"de_DE","og_type":"article","og_title":"Achetez Pina Colada en ligne - Pina Colada \u00e0 vendre - Commandez Pina Colada","og_description":"Si vous souhaitez acheter de la Pina Colada, nous sommes le bon choix pour vous. Notre personnel vous aidera \u00e0 acheter de la Pina Colada en ligne \u00e0 des prix avantageux. Passez votre commande chez nous !","og_url":"https:\/\/herbelegale.com\/de\/product\/pina-colada\/","og_site_name":"Herbe L\u00e9gale","article_modified_time":"2025-07-21T12:28:21+00:00","og_image":[{"width":960,"height":1280,"url":"https:\/\/herbelegale.com\/wp-content\/uploads\/2023\/09\/Pina-Colada.jpg","type":"image\/jpeg"}],"twitter_card":"summary_large_image","twitter_misc":{"Gesch\u00e4tzte Lesezeit":"3\u00a0Minuten"},"schema":{"@context":"https:\/\/schema.org","@graph":[{"@type":"WebPage","@id":"https:\/\/herbelegale.com\/product\/pina-colada\/","url":"https:\/\/herbelegale.com\/product\/pina-colada\/","name":"Achetez Pina Colada en ligne - Pina Colada \u00e0 vendre - Commandez Pina Colada","isPartOf":{"@id":"https:\/\/herbelegale.com\/#website"},"primaryImageOfPage":{"@id":"https:\/\/herbelegale.com\/product\/pina-colada\/#primaryimage"},"image":{"@id":"https:\/\/herbelegale.com\/product\/pina-colada\/#primaryimage"},"thumbnailUrl":"https:\/\/herbelegale.com\/wp-content\/uploads\/2023\/09\/Pina-Colada.jpg","datePublished":"2023-09-22T08:50:01+00:00","dateModified":"2025-07-21T12:28:21+00:00","description":"Si vous souhaitez acheter de la Pina Colada, nous sommes le bon choix pour vous. Notre personnel vous aidera \u00e0 acheter de la Pina Colada en ligne \u00e0 des prix avantageux. Passez votre commande chez nous !","breadcrumb":{"@id":"https:\/\/herbelegale.com\/product\/pina-colada\/#breadcrumb"},"inLanguage":"de","potentialAction":[{"@type":"ReadAction","target":["https:\/\/herbelegale.com\/product\/pina-colada\/"]}]},{"@type":"ImageObject","inLanguage":"de","@id":"https:\/\/herbelegale.com\/product\/pina-colada\/#primaryimage","url":"https:\/\/herbelegale.com\/wp-content\/uploads\/2023\/09\/Pina-Colada.jpg","contentUrl":"https:\/\/herbelegale.com\/wp-content\/uploads\/2023\/09\/Pina-Colada.jpg","width":960,"height":1280,"caption":"Pina Colada"},{"@type":"BreadcrumbList","@id":"https:\/\/herbelegale.com\/product\/pina-colada\/#breadcrumb","itemListElement":[{"@type":"ListItem","position":1,"name":"Home","item":"https:\/\/herbelegale.com\/"},{"@type":"ListItem","position":2,"name":"Boutique","item":"https:\/\/herbelegale.com\/boutique\/"},{"@type":"ListItem","position":3,"name":"Pina Colada"}]},{"@type":"WebSite","@id":"https:\/\/herbelegale.com\/#website","url":"https:\/\/herbelegale.com\/","name":"Herbe L\u00e9gale","description":"Acheter de l&#039;herbe en ligne","publisher":{"@id":"https:\/\/herbelegale.com\/#organization"},"potentialAction":[{"@type":"SearchAction","target":{"@type":"EntryPoint","urlTemplate":"https:\/\/herbelegale.com\/?s={search_term_string}"},"query-input":{"@type":"PropertyValueSpecification","valueRequired":true,"valueName":"search_term_string"}}],"inLanguage":"de"},{"@type":"Organization","@id":"https:\/\/herbelegale.com\/#organization","name":"Herbe L\u00e9gale","url":"https:\/\/herbelegale.com\/","logo":{"@type":"ImageObject","inLanguage":"de","@id":"https:\/\/herbelegale.com\/#\/schema\/logo\/image\/","url":"https:\/\/herbelegale.com\/wp-content\/uploads\/2023\/10\/logo-1.png","contentUrl":"https:\/\/herbelegale.com\/wp-content\/uploads\/2023\/10\/logo-1.png","width":400,"height":120,"caption":"Herbe L\u00e9gale"},"image":{"@id":"https:\/\/herbelegale.com\/#\/schema\/logo\/image\/"}}]}},"_links":{"self":[{"href":"https:\/\/herbelegale.com\/de\/wp-json\/wp\/v2\/product\/43","targetHints":{"allow":["GET"]}}],"collection":[{"href":"https:\/\/herbelegale.com\/de\/wp-json\/wp\/v2\/product"}],"about":[{"href":"https:\/\/herbelegale.com\/de\/wp-json\/wp\/v2\/types\/product"}],"replies":[{"embeddable":true,"href":"https:\/\/herbelegale.com\/de\/wp-json\/wp\/v2\/comments?post=43"}],"wp:featuredmedia":[{"embeddable":true,"href":"https:\/\/herbelegale.com\/de\/wp-json\/wp\/v2\/media\/352"}],"wp:attachment":[{"href":"https:\/\/herbelegale.com\/de\/wp-json\/wp\/v2\/media?parent=43"}],"wp:term":[{"taxonomy":"product_brand","embeddable":true,"href":"https:\/\/herbelegale.com\/de\/wp-json\/wp\/v2\/product_brand?post=43"},{"taxonomy":"product_cat","embeddable":true,"href":"https:\/\/herbelegale.com\/de\/wp-json\/wp\/v2\/product_cat?post=43"},{"taxonomy":"product_tag","embeddable":true,"href":"https:\/\/herbelegale.com\/de\/wp-json\/wp\/v2\/product_tag?post=43"}],"curies":[{"name":"wp","href":"https:\/\/api.w.org\/{rel}","templated":true}]}}