{"id":1391,"date":"2023-09-30T10:46:42","date_gmt":"2023-09-30T10:46:42","guid":{"rendered":"https:\/\/nembutalhouse.com\/weed\/?post_type=product&#038;p=1391"},"modified":"2025-07-19T12:31:13","modified_gmt":"2025-07-19T12:31:13","slug":"sour-diesel-cannabis-oil","status":"publish","type":"product","link":"https:\/\/herbelegale.com\/de\/product\/sour-diesel-cannabis-oil\/","title":{"rendered":"Sour Diesel Cannabis Oil"},"content":{"rendered":"<h2><b>Sour Diesel Cannabis\u00f6l \u2013 F\u00fcr pure Energie und sofortige Linderung<\/b><\/h2>\n<p><a href=\"https:\/\/herbelegale.com\/de\/product\/sour-diesel-cannabis-oil\/\">L&rsquo;Huile de Cannabis Sour Diesel<\/a> ist ein hochwertiger konzentrierter Cannabisextrakt aus der beliebten Sorte Sour Diesel, die f\u00fcr ihre energetisierende und stimmungsaufhellende Wirkung bekannt ist. Dieses \u00d6l ist eine ideale L\u00f6sung f\u00fcr alle, die eine energetisierende Wirkung mit den therapeutischen Vorz\u00fcgen von Cannabis kombinieren m\u00f6chten, insbesondere zur Bek\u00e4mpfung von Stress, M\u00fcdigkeit und anderen allt\u00e4glichen Beschwerden. Egal, ob Sie gelegentlicher Konsument oder erfahrener Kenner sind, Sour Diesel-\u00d6l wird Ihre Erwartungen mit seiner Kraft und seinen Vorteilen erf\u00fcllen.<\/p>\n<h3><b>Was ist Sour Diesel Cannabis\u00f6l?<\/b><\/h3>\n<p><a href=\"https:\/\/en.wikipedia.org\/wiki\/Sour_Diesel\">L&rsquo;huile Sour Diesel<\/a> ist ein konzentrierter Extrakt der Sorte Sour Diesel, einer Sativa-Sorte, die in der Cannabiswelt wegen ihres zitronigen Geschmacks und ihrer stimulierenden Wirkung hoch gesch\u00e4tzt wird. Dieses \u00d6l wird aus Cannabistrichomen gewonnen, was eine hohe Konzentration an THC und CBD erm\u00f6glicht und so f\u00fcr starke und langanhaltende Wirkungen sorgt. Es ist ideal f\u00fcr alle, die ein energetisierendes Erlebnis und eine verbesserte Konzentration suchen. Sour Diesel-\u00d6l kann auf verschiedene Weise verwendet werden, unter anderem sublingual, in Kapseln oder sogar in einem Verdampfer.<\/p>\n<h3><b>G\u00e4ngige Verwendungen und Wirkungen von saurem Diesel\u00f6l<\/b><\/h3>\n<p><b>Typische Effekte:<\/b><\/p>\n<ul>\n<li style=\"font-weight: 400;\" aria-level=\"1\">Energianlis\u00e4ys ja mielialan kohentuminen&nbsp;<\/li>\n<li style=\"font-weight: 400;\" aria-level=\"1\">Redukcja stresu i l\u0119ku&nbsp;<\/li>\n<li style=\"font-weight: 400;\" aria-level=\"1\">Parempi keskittymiskyky ja tuottavuus&nbsp;<\/li>\n<li style=\"font-weight: 400;\" aria-level=\"1\">Soulagement des douleurs chroniques (articulaires, musculaires)&nbsp;<\/li>\n<li style=\"font-weight: 400;\" aria-level=\"1\">Efekt euforyczny i orze\u017awiaj\u0105cy&nbsp;<\/li>\n<\/ul>\n<h3><b>Konsummethoden:<\/b><\/h3>\n<ul>\n<li style=\"font-weight: 400;\" aria-level=\"1\">Kielen alle (nopeaan imeytymiseen)&nbsp;<\/li>\n<li style=\"font-weight: 400;\" aria-level=\"1\">Zmieszane z jedzeniem lub napojem&nbsp;<\/li>\n<li style=\"font-weight: 400;\" aria-level=\"1\">Waporyzacja (kompatybilna z wykorzystaniem parownika)&nbsp;<\/li>\n<li style=\"font-weight: 400;\" aria-level=\"1\">W kapsu\u0142kach (dla \u0142atwego zarz\u0105dzania dawk\u0105)&nbsp;<\/li>\n<\/ul>\n<h3><b>Rechtsstatus: ein Rahmen, der je nach Region unterschiedlich ist<\/b><\/h3>\n<p>Der Rechtsstatus von Sour Diesel-Cannabis\u00f6l variiert je nach Region oder Land erheblich. In manchen Rechtsr\u00e4umen ist die Verwendung des \u00d6ls v\u00f6llig legal, w\u00e4hrend sie in anderen streng reglementiert ist. Der Kauf, Verkauf und Konsum von Cannabis unterliegen daher spezifischen lokalen Gesetzen.<\/p>\n<p>Tipp: Informieren Sie sich vor der Online-Bestellung von Sour Diesel-\u00d6l \u00fcber die \u00f6rtlichen Gesetze zum Verkauf und Konsum von Cannabis.<\/p>\n<h3><b>Warum Sour Diesel Cannabis\u00f6l online kaufen?<\/b><\/h3>\n<p><b>Zug\u00e4nglichkeit<\/b><\/p>\n<p>Der Online-Kauf von Sour Diesel-\u00d6l bietet Ihnen unvergleichlichen Komfort. Sie k\u00f6nnen auf Qualit\u00e4tsprodukte zugreifen, ohne Ihr Zuhause zu verlassen, und dabei Preise und Qualit\u00e4t einfach vergleichen. Dar\u00fcber hinaus ist es eine gro\u00dfartige M\u00f6glichkeit, geografische Beschr\u00e4nkungen zu umgehen und Premiumprodukte zu erhalten.<\/p>\n<p><b>Vielfalt der Verk\u00e4ufer<\/b><\/p>\n<p>Im Internet finden Sie eine gro\u00dfe Auswahl an Fachh\u00e4ndlern, die Sour Diesel Cannabis\u00f6l anbieten, mit Produkten unterschiedlicher Qualit\u00e4t und Preise. So finden Sie das ideale Sour Diesel \u00d6l zu einem Preis, der zu Ihrem Budget passt und haben gleichzeitig Zugriff auf detaillierte Informationen zur Herkunft und Zusammensetzung des Produkts.<\/p>\n<p><b>Diskrete und sichere Lieferung<\/b><\/p>\n<p>Die besten Plattformen bieten eine diskrete Lieferung mit neutraler Verpackung, sodass Ihre Eink\u00e4ufe vertraulich bleiben. Dar\u00fcber hinaus bieten viele Websites Expressversandoptionen sowie eine genaue Sendungsverfolgung an.<\/p>\n<h3><b>Wie w\u00e4hlt man einen zuverl\u00e4ssigen Verk\u00e4ufer aus, um Sour Diesel Cannabis\u00f6l online zu bestellen?<\/b><\/h3>\n<p>Damit Ihr Einkauf ein Erfolg wird und Sie keine b\u00f6sen \u00dcberraschungen erleben, sollten Sie bei der Auswahl Ihres Online-H\u00e4ndlers folgende Kriterien ber\u00fccksichtigen:<\/p>\n<ol>\n<li style=\"font-weight: 400;\" aria-level=\"1\">\u00dcberpr\u00fcfen Sie den Ruf des Verk\u00e4ufers, lesen Sie Kundenbewertungen und suchen Sie in Foren oder Verbrauchergruppen nach Empfehlungen.&nbsp;<\/li>\n<li style=\"font-weight: 400;\" aria-level=\"1\">Produkttransparenz: Stellen Sie sicher, dass der Verk\u00e4ufer detaillierte Informationen zur Herkunft des \u00d6ls, zum THC- und CBD-Gehalt und zum Extraktionsprozess bereitstellt.&nbsp;<\/li>\n<li style=\"font-weight: 400;\" aria-level=\"1\">Zahlungssicherheit: W\u00e4hlen Sie Websites mit Zahlungssicherheit, um Ihre Bankdaten zu sch\u00fctzen.&nbsp;<\/li>\n<li style=\"font-weight: 400;\" aria-level=\"1\">Versand- und R\u00fcckgabebedingungen: \u00dcberpr\u00fcfen Sie die R\u00fcckgabebedingungen und diskreten Lieferoptionen<span style=\"font-weight: 400;\"> pour garantir un achat sans tracas.<\/span><\/li>\n<\/ol>\n<h3><b>Versandrichtlinien<\/b><\/h3>\n<p>Seri\u00f6se Websites bieten schnellen Versand mit detaillierter Sendungsverfolgung. Sie k\u00f6nnen auch diskrete Lieferoptionen w\u00e4hlen, um die Vertraulichkeit Ihrer Eink\u00e4ufe zu gew\u00e4hrleisten. Einige Verk\u00e4ufer bieten je nach Bestellwert sogar erm\u00e4\u00dfigte oder kostenlose Versandkosten an.<\/p>\n<h3><b>Risiken und Vorsichtsma\u00dfnahmen<\/b><\/h3>\n<p>Obwohl Sour Diesel ein Naturprodukt ist, sind mit \u00fcberm\u00e4\u00dfigem Konsum einige Risiken verbunden, darunter:<\/p>\n<ul>\n<li style=\"font-weight: 400;\" aria-level=\"1\">Nadmierna senno\u015b\u0107 lub uczucie zm\u0119czenia&nbsp;<\/li>\n<li style=\"font-weight: 400;\" aria-level=\"1\">Angst oder Paranoia bei sensiblen Menschen&nbsp;<\/li>\n<li style=\"font-weight: 400;\" aria-level=\"1\">Interacciones con ciertos medicamentos<span style=\"font-weight: 400;\"> (insbesondere f\u00fcr Personen in medizinischer Behandlung)<\/span>&nbsp;<\/li>\n<\/ul>\n<h3><b>Zu treffende Vorsichtsma\u00dfnahmen:<\/b><\/h3>\n<ul>\n<li style=\"font-weight: 400;\" aria-level=\"1\">Beginnen Sie mit einer kleinen Dosis, insbesondere wenn Sie Anf\u00e4nger sind&nbsp;<\/li>\n<li style=\"font-weight: 400;\" aria-level=\"1\">Fahren Sie nicht nach dem Trinken&nbsp;<\/li>\n<li style=\"font-weight: 400;\" aria-level=\"1\">Wenden Sie sich an einen Arzt, wenn Sie Bedenken hinsichtlich der Verwendung von Cannabisprodukten haben, insbesondere wenn Sie schwanger sind, stillen oder Medikamente einnehmen.&nbsp;<\/li>\n<\/ul>\n<h3><b>Fazit: Energie f\u00fcr den Tag mit Sour Diesel Oil<\/b><\/h3>\n<p>Sour Diesel Cannabis\u00f6l ist eine gro\u00dfartige Option f\u00fcr alle, die ein energetisierendes Erlebnis mit sofortiger und langanhaltender Wirkung suchen. Dank seiner Wirksamkeit und therapeutischen Vorteile ist es ideal zum Stressabbau und zur Steigerung der Konzentration. Wenn Sie Sour Diesel-\u00d6l online kaufen, haben Sie einfachen Zugang zu einem Qualit\u00e4tsprodukt, das in diskreter Verpackung direkt an Ihre T\u00fcr geliefert wird.<\/p>","protected":false},"excerpt":{"rendered":"<p>Huile de Cannabis Sour Diesel \u2013 Pour une \u00c9nergie Pure et un Soulagement Instantan\u00e9 L&rsquo;Huile de Cannabis Sour Diesel est un extrait de cannabis concentr\u00e9 de haute qualit\u00e9, provenant de la c\u00e9l\u00e8bre vari\u00e9t\u00e9 Sour Diesel, connue pour ses effets \u00e9nergisants et stimulateurs d&rsquo;humeur. Cette huile est une solution id\u00e9ale pour ceux qui cherchent \u00e0 combiner&#8230;<\/p>","protected":false},"featured_media":1410,"comment_status":"open","ping_status":"closed","template":"","meta":{"_kadence_starter_templates_imported_post":false,"_kad_post_transparent":"default","_kad_post_title":"","_kad_post_layout":"default","_kad_post_sidebar_id":"","_kad_post_content_style":"default","_kad_post_vertical_padding":"default","_kad_post_feature":"","_kad_post_feature_position":"","_kad_post_header":false,"_kad_post_footer":false,"_joinchat":[]},"product_brand":[],"product_cat":[30],"product_tag":[],"class_list":{"0":"post-1391","1":"product","2":"type-product","3":"status-publish","4":"has-post-thumbnail","6":"product_cat-huile-de-cannabis-thc","8":"first","9":"instock","10":"shipping-taxable","11":"purchasable","12":"product-type-variable","13":"entry","14":"content-bg","15":"loop-entry"},"yoast_head":"<!-- This site is optimized with the Yoast SEO plugin v23.5 - https:\/\/yoast.com\/wordpress\/plugins\/seo\/ -->\n<title>Acheter de l&#039;huile de cannabis Skywalker OG en ligne<\/title>\n<meta name=\"description\" content=\"Vous souhaitez acheter de l&#039;huile de cannabis Skywalker OG en ligne \u00e0 un prix raisonnable ? Visitez notre magasin de produits chimiques en ligne r\u00e9put\u00e9 et achetez de l&#039;huile de cannabis Skywalker OG en vente d\u00e8s aujourd&#039;hui. Passez une commande maintenant et obtenez le meilleur tarif dans notre magasin.\" \/>\n<meta name=\"robots\" content=\"index, follow, max-snippet:-1, max-image-preview:large, max-video-preview:-1\" \/>\n<link rel=\"canonical\" href=\"https:\/\/herbelegale.com\/de\/product\/sour-diesel-cannabis-oil\/\" \/>\n<meta property=\"og:locale\" content=\"de_DE\" \/>\n<meta property=\"og:type\" content=\"article\" \/>\n<meta property=\"og:title\" content=\"Acheter de l&#039;huile de cannabis Skywalker OG en ligne\" \/>\n<meta property=\"og:description\" content=\"Vous souhaitez acheter de l&#039;huile de cannabis Skywalker OG en ligne \u00e0 un prix raisonnable ? Visitez notre magasin de produits chimiques en ligne r\u00e9put\u00e9 et achetez de l&#039;huile de cannabis Skywalker OG en vente d\u00e8s aujourd&#039;hui. Passez une commande maintenant et obtenez le meilleur tarif dans notre magasin.\" \/>\n<meta property=\"og:url\" content=\"https:\/\/herbelegale.com\/de\/product\/sour-diesel-cannabis-oil\/\" \/>\n<meta property=\"og:site_name\" content=\"Herbe L\u00e9gale\" \/>\n<meta property=\"article:modified_time\" content=\"2025-07-19T12:31:13+00:00\" \/>\n<meta property=\"og:image\" content=\"https:\/\/herbelegale.com\/wp-content\/uploads\/2023\/09\/Sour-Diesel-Cannabis-Oil.jpg\" \/>\n\t<meta property=\"og:image:width\" content=\"600\" \/>\n\t<meta property=\"og:image:height\" content=\"600\" \/>\n\t<meta property=\"og:image:type\" content=\"image\/jpeg\" \/>\n<meta name=\"twitter:card\" content=\"summary_large_image\" \/>\n<meta name=\"twitter:label1\" content=\"Gesch\u00e4tzte Lesezeit\" \/>\n\t<meta name=\"twitter:data1\" content=\"5\u00a0Minuten\" \/>\n<script type=\"application\/ld+json\" class=\"yoast-schema-graph\">{\"@context\":\"https:\/\/schema.org\",\"@graph\":[{\"@type\":\"WebPage\",\"@id\":\"https:\/\/herbelegale.com\/product\/sour-diesel-cannabis-oil\/\",\"url\":\"https:\/\/herbelegale.com\/product\/sour-diesel-cannabis-oil\/\",\"name\":\"Acheter de l'huile de cannabis Skywalker OG en ligne\",\"isPartOf\":{\"@id\":\"https:\/\/herbelegale.com\/#website\"},\"primaryImageOfPage\":{\"@id\":\"https:\/\/herbelegale.com\/product\/sour-diesel-cannabis-oil\/#primaryimage\"},\"image\":{\"@id\":\"https:\/\/herbelegale.com\/product\/sour-diesel-cannabis-oil\/#primaryimage\"},\"thumbnailUrl\":\"https:\/\/herbelegale.com\/wp-content\/uploads\/2023\/09\/Sour-Diesel-Cannabis-Oil.jpg\",\"datePublished\":\"2023-09-30T10:46:42+00:00\",\"dateModified\":\"2025-07-19T12:31:13+00:00\",\"description\":\"Vous souhaitez acheter de l'huile de cannabis Skywalker OG en ligne \u00e0 un prix raisonnable ? Visitez notre magasin de produits chimiques en ligne r\u00e9put\u00e9 et achetez de l'huile de cannabis Skywalker OG en vente d\u00e8s aujourd'hui. Passez une commande maintenant et obtenez le meilleur tarif dans notre magasin.\",\"breadcrumb\":{\"@id\":\"https:\/\/herbelegale.com\/product\/sour-diesel-cannabis-oil\/#breadcrumb\"},\"inLanguage\":\"de\",\"potentialAction\":[{\"@type\":\"ReadAction\",\"target\":[\"https:\/\/herbelegale.com\/product\/sour-diesel-cannabis-oil\/\"]}]},{\"@type\":\"ImageObject\",\"inLanguage\":\"de\",\"@id\":\"https:\/\/herbelegale.com\/product\/sour-diesel-cannabis-oil\/#primaryimage\",\"url\":\"https:\/\/herbelegale.com\/wp-content\/uploads\/2023\/09\/Sour-Diesel-Cannabis-Oil.jpg\",\"contentUrl\":\"https:\/\/herbelegale.com\/wp-content\/uploads\/2023\/09\/Sour-Diesel-Cannabis-Oil.jpg\",\"width\":600,\"height\":600,\"caption\":\"Sour-Diesel-Cannabis-Oil\"},{\"@type\":\"BreadcrumbList\",\"@id\":\"https:\/\/herbelegale.com\/product\/sour-diesel-cannabis-oil\/#breadcrumb\",\"itemListElement\":[{\"@type\":\"ListItem\",\"position\":1,\"name\":\"Home\",\"item\":\"https:\/\/herbelegale.com\/\"},{\"@type\":\"ListItem\",\"position\":2,\"name\":\"Boutique\",\"item\":\"https:\/\/herbelegale.com\/boutique\/\"},{\"@type\":\"ListItem\",\"position\":3,\"name\":\"Sour Diesel Cannabis Oil\"}]},{\"@type\":\"WebSite\",\"@id\":\"https:\/\/herbelegale.com\/#website\",\"url\":\"https:\/\/herbelegale.com\/\",\"name\":\"Herbe L\u00e9gale\",\"description\":\"Acheter de l&#039;herbe en ligne\",\"publisher\":{\"@id\":\"https:\/\/herbelegale.com\/#organization\"},\"potentialAction\":[{\"@type\":\"SearchAction\",\"target\":{\"@type\":\"EntryPoint\",\"urlTemplate\":\"https:\/\/herbelegale.com\/?s={search_term_string}\"},\"query-input\":{\"@type\":\"PropertyValueSpecification\",\"valueRequired\":true,\"valueName\":\"search_term_string\"}}],\"inLanguage\":\"de\"},{\"@type\":\"Organization\",\"@id\":\"https:\/\/herbelegale.com\/#organization\",\"name\":\"Herbe L\u00e9gale\",\"url\":\"https:\/\/herbelegale.com\/\",\"logo\":{\"@type\":\"ImageObject\",\"inLanguage\":\"de\",\"@id\":\"https:\/\/herbelegale.com\/#\/schema\/logo\/image\/\",\"url\":\"https:\/\/herbelegale.com\/wp-content\/uploads\/2023\/10\/logo-1.png\",\"contentUrl\":\"https:\/\/herbelegale.com\/wp-content\/uploads\/2023\/10\/logo-1.png\",\"width\":400,\"height\":120,\"caption\":\"Herbe L\u00e9gale\"},\"image\":{\"@id\":\"https:\/\/herbelegale.com\/#\/schema\/logo\/image\/\"}}]}<\/script>\n<!-- \/ Yoast SEO plugin. -->","yoast_head_json":{"title":"Acheter de l'huile de cannabis Skywalker OG en ligne","description":"Vous souhaitez acheter de l'huile de cannabis Skywalker OG en ligne \u00e0 un prix raisonnable ? Visitez notre magasin de produits chimiques en ligne r\u00e9put\u00e9 et achetez de l'huile de cannabis Skywalker OG en vente d\u00e8s aujourd'hui. Passez une commande maintenant et obtenez le meilleur tarif dans notre magasin.","robots":{"index":"index","follow":"follow","max-snippet":"max-snippet:-1","max-image-preview":"max-image-preview:large","max-video-preview":"max-video-preview:-1"},"canonical":"https:\/\/herbelegale.com\/de\/product\/sour-diesel-cannabis-oil\/","og_locale":"de_DE","og_type":"article","og_title":"Acheter de l'huile de cannabis Skywalker OG en ligne","og_description":"Vous souhaitez acheter de l'huile de cannabis Skywalker OG en ligne \u00e0 un prix raisonnable ? Visitez notre magasin de produits chimiques en ligne r\u00e9put\u00e9 et achetez de l'huile de cannabis Skywalker OG en vente d\u00e8s aujourd'hui. Passez une commande maintenant et obtenez le meilleur tarif dans notre magasin.","og_url":"https:\/\/herbelegale.com\/de\/product\/sour-diesel-cannabis-oil\/","og_site_name":"Herbe L\u00e9gale","article_modified_time":"2025-07-19T12:31:13+00:00","og_image":[{"width":600,"height":600,"url":"https:\/\/herbelegale.com\/wp-content\/uploads\/2023\/09\/Sour-Diesel-Cannabis-Oil.jpg","type":"image\/jpeg"}],"twitter_card":"summary_large_image","twitter_misc":{"Gesch\u00e4tzte Lesezeit":"5\u00a0Minuten"},"schema":{"@context":"https:\/\/schema.org","@graph":[{"@type":"WebPage","@id":"https:\/\/herbelegale.com\/product\/sour-diesel-cannabis-oil\/","url":"https:\/\/herbelegale.com\/product\/sour-diesel-cannabis-oil\/","name":"Acheter de l'huile de cannabis Skywalker OG en ligne","isPartOf":{"@id":"https:\/\/herbelegale.com\/#website"},"primaryImageOfPage":{"@id":"https:\/\/herbelegale.com\/product\/sour-diesel-cannabis-oil\/#primaryimage"},"image":{"@id":"https:\/\/herbelegale.com\/product\/sour-diesel-cannabis-oil\/#primaryimage"},"thumbnailUrl":"https:\/\/herbelegale.com\/wp-content\/uploads\/2023\/09\/Sour-Diesel-Cannabis-Oil.jpg","datePublished":"2023-09-30T10:46:42+00:00","dateModified":"2025-07-19T12:31:13+00:00","description":"Vous souhaitez acheter de l'huile de cannabis Skywalker OG en ligne \u00e0 un prix raisonnable ? Visitez notre magasin de produits chimiques en ligne r\u00e9put\u00e9 et achetez de l'huile de cannabis Skywalker OG en vente d\u00e8s aujourd'hui. Passez une commande maintenant et obtenez le meilleur tarif dans notre magasin.","breadcrumb":{"@id":"https:\/\/herbelegale.com\/product\/sour-diesel-cannabis-oil\/#breadcrumb"},"inLanguage":"de","potentialAction":[{"@type":"ReadAction","target":["https:\/\/herbelegale.com\/product\/sour-diesel-cannabis-oil\/"]}]},{"@type":"ImageObject","inLanguage":"de","@id":"https:\/\/herbelegale.com\/product\/sour-diesel-cannabis-oil\/#primaryimage","url":"https:\/\/herbelegale.com\/wp-content\/uploads\/2023\/09\/Sour-Diesel-Cannabis-Oil.jpg","contentUrl":"https:\/\/herbelegale.com\/wp-content\/uploads\/2023\/09\/Sour-Diesel-Cannabis-Oil.jpg","width":600,"height":600,"caption":"Sour-Diesel-Cannabis-Oil"},{"@type":"BreadcrumbList","@id":"https:\/\/herbelegale.com\/product\/sour-diesel-cannabis-oil\/#breadcrumb","itemListElement":[{"@type":"ListItem","position":1,"name":"Home","item":"https:\/\/herbelegale.com\/"},{"@type":"ListItem","position":2,"name":"Boutique","item":"https:\/\/herbelegale.com\/boutique\/"},{"@type":"ListItem","position":3,"name":"Sour Diesel Cannabis Oil"}]},{"@type":"WebSite","@id":"https:\/\/herbelegale.com\/#website","url":"https:\/\/herbelegale.com\/","name":"Herbe L\u00e9gale","description":"Acheter de l&#039;herbe en ligne","publisher":{"@id":"https:\/\/herbelegale.com\/#organization"},"potentialAction":[{"@type":"SearchAction","target":{"@type":"EntryPoint","urlTemplate":"https:\/\/herbelegale.com\/?s={search_term_string}"},"query-input":{"@type":"PropertyValueSpecification","valueRequired":true,"valueName":"search_term_string"}}],"inLanguage":"de"},{"@type":"Organization","@id":"https:\/\/herbelegale.com\/#organization","name":"Herbe L\u00e9gale","url":"https:\/\/herbelegale.com\/","logo":{"@type":"ImageObject","inLanguage":"de","@id":"https:\/\/herbelegale.com\/#\/schema\/logo\/image\/","url":"https:\/\/herbelegale.com\/wp-content\/uploads\/2023\/10\/logo-1.png","contentUrl":"https:\/\/herbelegale.com\/wp-content\/uploads\/2023\/10\/logo-1.png","width":400,"height":120,"caption":"Herbe L\u00e9gale"},"image":{"@id":"https:\/\/herbelegale.com\/#\/schema\/logo\/image\/"}}]}},"_links":{"self":[{"href":"https:\/\/herbelegale.com\/de\/wp-json\/wp\/v2\/product\/1391","targetHints":{"allow":["GET"]}}],"collection":[{"href":"https:\/\/herbelegale.com\/de\/wp-json\/wp\/v2\/product"}],"about":[{"href":"https:\/\/herbelegale.com\/de\/wp-json\/wp\/v2\/types\/product"}],"replies":[{"embeddable":true,"href":"https:\/\/herbelegale.com\/de\/wp-json\/wp\/v2\/comments?post=1391"}],"wp:featuredmedia":[{"embeddable":true,"href":"https:\/\/herbelegale.com\/de\/wp-json\/wp\/v2\/media\/1410"}],"wp:attachment":[{"href":"https:\/\/herbelegale.com\/de\/wp-json\/wp\/v2\/media?parent=1391"}],"wp:term":[{"taxonomy":"product_brand","embeddable":true,"href":"https:\/\/herbelegale.com\/de\/wp-json\/wp\/v2\/product_brand?post=1391"},{"taxonomy":"product_cat","embeddable":true,"href":"https:\/\/herbelegale.com\/de\/wp-json\/wp\/v2\/product_cat?post=1391"},{"taxonomy":"product_tag","embeddable":true,"href":"https:\/\/herbelegale.com\/de\/wp-json\/wp\/v2\/product_tag?post=1391"}],"curies":[{"name":"wp","href":"https:\/\/api.w.org\/{rel}","templated":true}]}}