{"id":1388,"date":"2023-09-30T10:46:38","date_gmt":"2023-09-30T10:46:38","guid":{"rendered":"https:\/\/nembutalhouse.com\/weed\/?post_type=product&#038;p=1388"},"modified":"2025-07-19T12:28:04","modified_gmt":"2025-07-19T12:28:04","slug":"og-kush-cannabis-oil","status":"publish","type":"product","link":"https:\/\/herbelegale.com\/de\/product\/og-kush-cannabis-oil\/","title":{"rendered":"OG Kush Cannabis\u00f6l"},"content":{"rendered":"<h2><b>OG Kush Cannabis\u00f6l \u2013 Eine kraftvolle und wohltuende Erfahrung<\/b><\/h2>\n<p><b>Einf\u00fchrung in OG Kush Cannabis\u00f6l<\/b><\/p>\n<p><a href=\"https:\/\/herbelegale.com\/de\/product\/og-kush-cannabis-oil\/\">OG Kush Cannabis\u00f6l<\/a> ist aufgrund seiner entspannenden, schmerzstillenden und euphorisierenden Eigenschaften eines der gefragtesten Produkte. Dieses \u00d6l stammt aus der Sorte OG Kush, einer Legende unter den Cannabissorten, und wird sorgf\u00e4ltig extrahiert, um ein reines und wirksames Konzentrat aus Cannabinoiden, haupts\u00e4chlich THC und CBD, zu liefern. Egal, ob Sie Anf\u00e4nger oder erfahrener Benutzer sind, dieses \u00d6l bietet Ihnen ein einzigartiges Erlebnis.<\/p>\n<h3><b>Was ist OG Kush Cannabis\u00f6l?<\/b><\/h3>\n<p><a href=\"https:\/\/en.wikipedia.org\/wiki\/Kush_(cannabis)\">OG Kush Cannabis\u00f6l<\/a> wird aus der Sorte OG Kush hergestellt, einer legend\u00e4ren Cannabispflanze, die f\u00fcr ihr intensives Terpenaroma und ihre starke Wirkung bekannt ist. Nach sorgf\u00e4ltiger Extraktion ist das resultierende \u00d6l reich an Cannabinoiden (haupts\u00e4chlich THC) und Terpenen, die therapeutische und freizeitliche Vorteile bieten.<\/p>\n<p>OG Kush-\u00d6l ist ideal f\u00fcr alle, die ein Premiumprodukt suchen, das sowohl wegen seiner medizinischen Eigenschaften als auch zu Freizeitzwecken verwendet werden kann. Es kann oral oder in Tropfenform verabreicht oder Nahrungsmittelzubereitungen zugesetzt werden.<\/p>\n<h3><b>H\u00e4ufige Verwendungen und Wirkungen von OG Kush Cannabis\u00f6l<\/b><\/h3>\n<p>OG Kush Cannabis\u00f6l wird f\u00fcr seine entspannende, stressl\u00f6sende und euphorisierende Wirkung hoch gesch\u00e4tzt. Es wird besonders empfohlen f\u00fcr:<\/p>\n<p><b>Typische Effekte:<\/b><\/p>\n<ul>\n<li style=\"font-weight: 400;\" aria-level=\"1\">Entspannung und Stressabbau :&nbsp;<\/li>\n<li style=\"font-weight: 400;\" aria-level=\"1\">Soulagement des douleurs chroniques (articulaires, musculaires)&nbsp;<\/li>\n<li style=\"font-weight: 400;\" aria-level=\"1\">Am\u00e9lioration du sommeil (anti-unettomuus)&nbsp;<\/li>\n<li style=\"font-weight: 400;\" aria-level=\"1\">Ruokahalun stimulointi&nbsp;<\/li>\n<li style=\"font-weight: 400;\" aria-level=\"1\">Sensation de bien-\u00eatre g\u00e9n\u00e9ral et d\u2019euphorie l\u00e9g\u00e8re&nbsp;<\/li>\n<\/ul>\n<h3><b>Konsummethoden:<\/b><\/h3>\n<ul>\n<li style=\"font-weight: 400;\" aria-level=\"1\">In Tropfenform: direkt unter die Zunge oder in Getr\u00e4nke gegeben&nbsp;<\/li>\n<li style=\"font-weight: 400;\" aria-level=\"1\">Mit Lebensmitteln vermischt (z. B. in einem Smoothie, Tee)&nbsp;<\/li>\n<li style=\"font-weight: 400;\" aria-level=\"1\">In einer Spr\u00fchflasche aufgespr\u00fcht (sofern es sich um ein geeignetes Produkt handelt)&nbsp;<\/li>\n<\/ul>\n<h3><b>Rechtsstatus: ein Rahmen, der je nach Region unterschiedlich ist<\/b><\/h3>\n<p>Der Rechtsstatus von OG Kush Cannabis\u00f6l h\u00e4ngt stark von den \u00f6rtlichen Gesetzen ab. In einigen L\u00e4ndern unterliegt THC strengen Vorschriften, was die Verf\u00fcgbarkeit und den Kauf dieses \u00d6ls beeintr\u00e4chtigen kann. In anderen L\u00e4ndern kann es unter bestimmten Bedingungen f\u00fcr medizinische oder Freizeitzwecke legal sein.<\/p>\n<p>Tipp: Bevor Sie OG Kush-\u00d6l online bestellen, informieren Sie sich \u00fcber die \u00f6rtlichen Gesetze zum Kauf, Verkauf und Konsum von Cannabisprodukten in Ihrer Region.<\/p>\n<h3><b>Warum OG Kush Cannabis\u00f6l online kaufen?<\/b><\/h3>\n<p><b>Zugang zu einem Premiumprodukt<\/b><\/p>\n<p>Wenn Sie OG Kush Cannabis\u00f6l online kaufen, haben Sie einfachen Zugang zu diesem kraftvollen Konzentrat, das Sie nicht immer im Handel finden. Online-Verkaufsplattformen bieten detaillierte Informationen zur Zusammensetzung, Herkunft und Gewinnung des \u00d6ls und gew\u00e4hrleisten so eine optimale Qualit\u00e4t.<\/p>\n<p><b>Vielzahl von Anbietern<\/b><\/p>\n<p>Beim Online-Shopping haben Sie die Wahl zwischen zahlreichen Fachh\u00e4ndlern, die unterschiedliche THC- und CBD-Konzentrationen sowie Bio-Optionen anbieten, die auf Ihre Vorlieben und Bed\u00fcrfnisse zugeschnitten sind.<\/p>\n<p><b>Diskrete und sichere Lieferung<\/b><\/p>\n<p>Seri\u00f6se Online-Shops garantieren eine diskrete Lieferung in neutraler Verpackung zum Schutz Ihrer Privatsph\u00e4re. Einige Websites bieten auch eine genaue Sendungsverfolgung an, um eine schnelle und sichere Lieferung zu gew\u00e4hrleisten.<\/p>\n<h3><b>Wie w\u00e4hlt man einen zuverl\u00e4ssigen Verk\u00e4ufer aus, um OG Kush Cannabis\u00f6l online zu bestellen?<\/b><\/h3>\n<p>Auswahlkriterien f\u00fcr einen sicheren Kauf:<\/p>\n<ol>\n<li style=\"font-weight: 400;\" aria-level=\"1\">Sprawd\u017a opinie klient\u00f3w, aby zweryfikowa\u0107 jako\u015b\u0107 us\u0142ug i produkt\u00f3w&nbsp;<\/li>\n<li style=\"font-weight: 400;\" aria-level=\"1\">Transparenz: Der Verk\u00e4ufer muss detaillierte Informationen zu Extraktion, THC- und CBD-Gehalt bereitstellen.&nbsp;<\/li>\n<li style=\"font-weight: 400;\" aria-level=\"1\">Sichere Zahlungsmethoden: \u00dcberpr\u00fcfen Sie, ob die Site sichere Zahlungsmethoden wie Kreditkarten oder Kryptow\u00e4hrungen verwendet.&nbsp;<\/li>\n<li style=\"font-weight: 400;\" aria-level=\"1\">R\u00fcckgaberecht: Stellen Sie sicher, dass der Verk\u00e4ufer im Falle von Problemen eine Geld-zur\u00fcck-Garantie anbietet.<\/li>\n<\/ol>\n<h3><b>Versandrichtlinien<\/b><\/h3>\n<p>Die besten Online-H\u00e4ndler bieten schnelle Lieferungen mit pr\u00e4ziser Sendungsverfolgung. Sie sorgen au\u00dferdem daf\u00fcr, dass das Produkt w\u00e4hrend des Versands gut gesch\u00fctzt ist, und verwenden diskrete und robuste Verpackungen. Einige Plattformen bieten je nach Bestellwert auch kostenlosen oder erm\u00e4\u00dfigten Versand an.<\/p>\n<h3><b>Risiken und Vorsichtsma\u00dfnahmen<\/b><\/h3>\n<p><b>Gesundheitsrisiken<\/b><\/p>\n<p>Obwohl es nat\u00fcrlich ist, kann das Cannabis\u00f6l OG Kush bei \u00fcberm\u00e4\u00dfigem Konsum Nebenwirkungen haben. Zu den Risiken geh\u00f6ren:<\/p>\n<ul>\n<li style=\"font-weight: 400;\" aria-level=\"1\">Troubles de m\u00e9moire \u00e0 court terme&nbsp;<\/li>\n<li style=\"font-weight: 400;\" aria-level=\"1\">Nadmierna senno\u015b\u0107&nbsp;<\/li>\n<li style=\"font-weight: 400;\" aria-level=\"1\">Wechselwirkungen mit Medikamenten (konsultieren Sie einen Arzt, wenn Sie Medikamente einnehmen)<\/li>\n<\/ul>\n<h3><b>Zu treffende Vorsichtsma\u00dfnahmen:<\/b><\/h3>\n<ul>\n<li style=\"font-weight: 400;\" aria-level=\"1\">Aloita pienell\u00e4 annoksella, jos olet aloittelija&nbsp;<\/li>\n<li style=\"font-weight: 400;\" aria-level=\"1\">Fahren Sie nicht nach dem Trinken&nbsp;<\/li>\n<li style=\"font-weight: 400;\" aria-level=\"1\">Konsultieren Sie vor der Anwendung einen Arzt, wenn Sie schwanger sind, stillen oder Medikamente einnehmen.&nbsp;<\/li>\n<\/ul>\n<h3><b>Fazit: G\u00f6nnen Sie sich ein wohltuendes und therapeutisches Erlebnis \u2013 direkt bei Ihnen zu Hause!<\/b><\/h3>\n<p>OG Kush Cannabis\u00f6l ist ideal f\u00fcr alle, die nach einer wirksamen und nat\u00fcrlichen L\u00f6sung gegen Stress, Schmerzen oder Schlaflosigkeit suchen. Durch Online-Shopping k\u00f6nnen Sie OG Kush-\u00d6l einfach bestellen und sich \u00fcber eine diskrete und schnelle Lieferung freuen.<\/p>","protected":false},"excerpt":{"rendered":"<p>Huile de Cannabis OG Kush \u2013 Une Exp\u00e9rience Puissante et Apaisante Introduction \u00e0 l&rsquo;Huile de Cannabis OG Kush L&rsquo;Huile de Cannabis OG Kush est l&rsquo;un des produits les plus recherch\u00e9s pour ses propri\u00e9t\u00e9s relaxantes, analg\u00e9siques et \u00e9uphorisantes. Originaire de la vari\u00e9t\u00e9 OG Kush, une l\u00e9gende parmi les souches de cannabis, cette huile est extraite avec&#8230;<\/p>","protected":false},"featured_media":1408,"comment_status":"open","ping_status":"closed","template":"","meta":{"_kadence_starter_templates_imported_post":false,"_kad_post_transparent":"default","_kad_post_title":"","_kad_post_layout":"default","_kad_post_sidebar_id":"","_kad_post_content_style":"default","_kad_post_vertical_padding":"default","_kad_post_feature":"","_kad_post_feature_position":"","_kad_post_header":false,"_kad_post_footer":false,"_joinchat":[]},"product_brand":[],"product_cat":[30],"product_tag":[],"class_list":{"0":"post-1388","1":"product","2":"type-product","3":"status-publish","4":"has-post-thumbnail","6":"product_cat-huile-de-cannabis-thc","8":"first","9":"instock","10":"shipping-taxable","11":"purchasable","12":"product-type-variable","13":"entry","14":"content-bg","15":"loop-entry"},"yoast_head":"<!-- This site is optimized with the Yoast SEO plugin v23.5 - https:\/\/yoast.com\/wordpress\/plugins\/seo\/ -->\n<title>Acheter de l&#039;huile de cannabis OG Kush en ligne - Huile de cannabis OG Kush \u00e0 vendre<\/title>\n<meta name=\"description\" content=\"Vous pouvez entrer en contact avec notre boutique en ligne et acheter de l&#039;huile de cannabis OG Kush en ligne. Nous avons de l&#039;huile de cannabis OG Kush \u00e0 vendre \u00e0 des prix bon march\u00e9. Procurez-vous la v\u00f4tre chez vous tout de suite !\" \/>\n<meta name=\"robots\" content=\"index, follow, max-snippet:-1, max-image-preview:large, max-video-preview:-1\" \/>\n<link rel=\"canonical\" href=\"https:\/\/herbelegale.com\/de\/product\/og-kush-cannabis-oil\/\" \/>\n<meta property=\"og:locale\" content=\"de_DE\" \/>\n<meta property=\"og:type\" content=\"article\" \/>\n<meta property=\"og:title\" content=\"Acheter de l&#039;huile de cannabis OG Kush en ligne - Huile de cannabis OG Kush \u00e0 vendre\" \/>\n<meta property=\"og:description\" content=\"Vous pouvez entrer en contact avec notre boutique en ligne et acheter de l&#039;huile de cannabis OG Kush en ligne. Nous avons de l&#039;huile de cannabis OG Kush \u00e0 vendre \u00e0 des prix bon march\u00e9. Procurez-vous la v\u00f4tre chez vous tout de suite !\" \/>\n<meta property=\"og:url\" content=\"https:\/\/herbelegale.com\/de\/product\/og-kush-cannabis-oil\/\" \/>\n<meta property=\"og:site_name\" content=\"Herbe L\u00e9gale\" \/>\n<meta property=\"article:modified_time\" content=\"2025-07-19T12:28:04+00:00\" \/>\n<meta property=\"og:image\" content=\"https:\/\/herbelegale.com\/wp-content\/uploads\/2023\/09\/OG-Kush-Cannabisolja.jpg\" \/>\n\t<meta property=\"og:image:width\" content=\"600\" \/>\n\t<meta property=\"og:image:height\" content=\"600\" \/>\n\t<meta property=\"og:image:type\" content=\"image\/jpeg\" \/>\n<meta name=\"twitter:card\" content=\"summary_large_image\" \/>\n<meta name=\"twitter:label1\" content=\"Gesch\u00e4tzte Lesezeit\" \/>\n\t<meta name=\"twitter:data1\" content=\"4\u00a0Minuten\" \/>\n<script type=\"application\/ld+json\" class=\"yoast-schema-graph\">{\"@context\":\"https:\/\/schema.org\",\"@graph\":[{\"@type\":\"WebPage\",\"@id\":\"https:\/\/herbelegale.com\/product\/og-kush-cannabis-oil\/\",\"url\":\"https:\/\/herbelegale.com\/product\/og-kush-cannabis-oil\/\",\"name\":\"Acheter de l'huile de cannabis OG Kush en ligne - Huile de cannabis OG Kush \u00e0 vendre\",\"isPartOf\":{\"@id\":\"https:\/\/herbelegale.com\/#website\"},\"primaryImageOfPage\":{\"@id\":\"https:\/\/herbelegale.com\/product\/og-kush-cannabis-oil\/#primaryimage\"},\"image\":{\"@id\":\"https:\/\/herbelegale.com\/product\/og-kush-cannabis-oil\/#primaryimage\"},\"thumbnailUrl\":\"https:\/\/herbelegale.com\/wp-content\/uploads\/2023\/09\/OG-Kush-Cannabisolja.jpg\",\"datePublished\":\"2023-09-30T10:46:38+00:00\",\"dateModified\":\"2025-07-19T12:28:04+00:00\",\"description\":\"Vous pouvez entrer en contact avec notre boutique en ligne et acheter de l'huile de cannabis OG Kush en ligne. Nous avons de l'huile de cannabis OG Kush \u00e0 vendre \u00e0 des prix bon march\u00e9. Procurez-vous la v\u00f4tre chez vous tout de suite !\",\"breadcrumb\":{\"@id\":\"https:\/\/herbelegale.com\/product\/og-kush-cannabis-oil\/#breadcrumb\"},\"inLanguage\":\"de\",\"potentialAction\":[{\"@type\":\"ReadAction\",\"target\":[\"https:\/\/herbelegale.com\/product\/og-kush-cannabis-oil\/\"]}]},{\"@type\":\"ImageObject\",\"inLanguage\":\"de\",\"@id\":\"https:\/\/herbelegale.com\/product\/og-kush-cannabis-oil\/#primaryimage\",\"url\":\"https:\/\/herbelegale.com\/wp-content\/uploads\/2023\/09\/OG-Kush-Cannabisolja.jpg\",\"contentUrl\":\"https:\/\/herbelegale.com\/wp-content\/uploads\/2023\/09\/OG-Kush-Cannabisolja.jpg\",\"width\":600,\"height\":600,\"caption\":\"OG-Kush-Cannabisolja\"},{\"@type\":\"BreadcrumbList\",\"@id\":\"https:\/\/herbelegale.com\/product\/og-kush-cannabis-oil\/#breadcrumb\",\"itemListElement\":[{\"@type\":\"ListItem\",\"position\":1,\"name\":\"Home\",\"item\":\"https:\/\/herbelegale.com\/\"},{\"@type\":\"ListItem\",\"position\":2,\"name\":\"Boutique\",\"item\":\"https:\/\/herbelegale.com\/boutique\/\"},{\"@type\":\"ListItem\",\"position\":3,\"name\":\"OG Kush Cannabis Oil\"}]},{\"@type\":\"WebSite\",\"@id\":\"https:\/\/herbelegale.com\/#website\",\"url\":\"https:\/\/herbelegale.com\/\",\"name\":\"Herbe L\u00e9gale\",\"description\":\"Acheter de l&#039;herbe en ligne\",\"publisher\":{\"@id\":\"https:\/\/herbelegale.com\/#organization\"},\"potentialAction\":[{\"@type\":\"SearchAction\",\"target\":{\"@type\":\"EntryPoint\",\"urlTemplate\":\"https:\/\/herbelegale.com\/?s={search_term_string}\"},\"query-input\":{\"@type\":\"PropertyValueSpecification\",\"valueRequired\":true,\"valueName\":\"search_term_string\"}}],\"inLanguage\":\"de\"},{\"@type\":\"Organization\",\"@id\":\"https:\/\/herbelegale.com\/#organization\",\"name\":\"Herbe L\u00e9gale\",\"url\":\"https:\/\/herbelegale.com\/\",\"logo\":{\"@type\":\"ImageObject\",\"inLanguage\":\"de\",\"@id\":\"https:\/\/herbelegale.com\/#\/schema\/logo\/image\/\",\"url\":\"https:\/\/herbelegale.com\/wp-content\/uploads\/2023\/10\/logo-1.png\",\"contentUrl\":\"https:\/\/herbelegale.com\/wp-content\/uploads\/2023\/10\/logo-1.png\",\"width\":400,\"height\":120,\"caption\":\"Herbe L\u00e9gale\"},\"image\":{\"@id\":\"https:\/\/herbelegale.com\/#\/schema\/logo\/image\/\"}}]}<\/script>\n<!-- \/ Yoast SEO plugin. -->","yoast_head_json":{"title":"Acheter de l'huile de cannabis OG Kush en ligne - Huile de cannabis OG Kush \u00e0 vendre","description":"Vous pouvez entrer en contact avec notre boutique en ligne et acheter de l'huile de cannabis OG Kush en ligne. Nous avons de l'huile de cannabis OG Kush \u00e0 vendre \u00e0 des prix bon march\u00e9. Procurez-vous la v\u00f4tre chez vous tout de suite !","robots":{"index":"index","follow":"follow","max-snippet":"max-snippet:-1","max-image-preview":"max-image-preview:large","max-video-preview":"max-video-preview:-1"},"canonical":"https:\/\/herbelegale.com\/de\/product\/og-kush-cannabis-oil\/","og_locale":"de_DE","og_type":"article","og_title":"Acheter de l'huile de cannabis OG Kush en ligne - Huile de cannabis OG Kush \u00e0 vendre","og_description":"Vous pouvez entrer en contact avec notre boutique en ligne et acheter de l'huile de cannabis OG Kush en ligne. Nous avons de l'huile de cannabis OG Kush \u00e0 vendre \u00e0 des prix bon march\u00e9. Procurez-vous la v\u00f4tre chez vous tout de suite !","og_url":"https:\/\/herbelegale.com\/de\/product\/og-kush-cannabis-oil\/","og_site_name":"Herbe L\u00e9gale","article_modified_time":"2025-07-19T12:28:04+00:00","og_image":[{"width":600,"height":600,"url":"https:\/\/herbelegale.com\/wp-content\/uploads\/2023\/09\/OG-Kush-Cannabisolja.jpg","type":"image\/jpeg"}],"twitter_card":"summary_large_image","twitter_misc":{"Gesch\u00e4tzte Lesezeit":"4\u00a0Minuten"},"schema":{"@context":"https:\/\/schema.org","@graph":[{"@type":"WebPage","@id":"https:\/\/herbelegale.com\/product\/og-kush-cannabis-oil\/","url":"https:\/\/herbelegale.com\/product\/og-kush-cannabis-oil\/","name":"Acheter de l'huile de cannabis OG Kush en ligne - Huile de cannabis OG Kush \u00e0 vendre","isPartOf":{"@id":"https:\/\/herbelegale.com\/#website"},"primaryImageOfPage":{"@id":"https:\/\/herbelegale.com\/product\/og-kush-cannabis-oil\/#primaryimage"},"image":{"@id":"https:\/\/herbelegale.com\/product\/og-kush-cannabis-oil\/#primaryimage"},"thumbnailUrl":"https:\/\/herbelegale.com\/wp-content\/uploads\/2023\/09\/OG-Kush-Cannabisolja.jpg","datePublished":"2023-09-30T10:46:38+00:00","dateModified":"2025-07-19T12:28:04+00:00","description":"Vous pouvez entrer en contact avec notre boutique en ligne et acheter de l'huile de cannabis OG Kush en ligne. Nous avons de l'huile de cannabis OG Kush \u00e0 vendre \u00e0 des prix bon march\u00e9. Procurez-vous la v\u00f4tre chez vous tout de suite !","breadcrumb":{"@id":"https:\/\/herbelegale.com\/product\/og-kush-cannabis-oil\/#breadcrumb"},"inLanguage":"de","potentialAction":[{"@type":"ReadAction","target":["https:\/\/herbelegale.com\/product\/og-kush-cannabis-oil\/"]}]},{"@type":"ImageObject","inLanguage":"de","@id":"https:\/\/herbelegale.com\/product\/og-kush-cannabis-oil\/#primaryimage","url":"https:\/\/herbelegale.com\/wp-content\/uploads\/2023\/09\/OG-Kush-Cannabisolja.jpg","contentUrl":"https:\/\/herbelegale.com\/wp-content\/uploads\/2023\/09\/OG-Kush-Cannabisolja.jpg","width":600,"height":600,"caption":"OG-Kush-Cannabisolja"},{"@type":"BreadcrumbList","@id":"https:\/\/herbelegale.com\/product\/og-kush-cannabis-oil\/#breadcrumb","itemListElement":[{"@type":"ListItem","position":1,"name":"Home","item":"https:\/\/herbelegale.com\/"},{"@type":"ListItem","position":2,"name":"Boutique","item":"https:\/\/herbelegale.com\/boutique\/"},{"@type":"ListItem","position":3,"name":"OG Kush Cannabis Oil"}]},{"@type":"WebSite","@id":"https:\/\/herbelegale.com\/#website","url":"https:\/\/herbelegale.com\/","name":"Herbe L\u00e9gale","description":"Acheter de l&#039;herbe en ligne","publisher":{"@id":"https:\/\/herbelegale.com\/#organization"},"potentialAction":[{"@type":"SearchAction","target":{"@type":"EntryPoint","urlTemplate":"https:\/\/herbelegale.com\/?s={search_term_string}"},"query-input":{"@type":"PropertyValueSpecification","valueRequired":true,"valueName":"search_term_string"}}],"inLanguage":"de"},{"@type":"Organization","@id":"https:\/\/herbelegale.com\/#organization","name":"Herbe L\u00e9gale","url":"https:\/\/herbelegale.com\/","logo":{"@type":"ImageObject","inLanguage":"de","@id":"https:\/\/herbelegale.com\/#\/schema\/logo\/image\/","url":"https:\/\/herbelegale.com\/wp-content\/uploads\/2023\/10\/logo-1.png","contentUrl":"https:\/\/herbelegale.com\/wp-content\/uploads\/2023\/10\/logo-1.png","width":400,"height":120,"caption":"Herbe L\u00e9gale"},"image":{"@id":"https:\/\/herbelegale.com\/#\/schema\/logo\/image\/"}}]}},"_links":{"self":[{"href":"https:\/\/herbelegale.com\/de\/wp-json\/wp\/v2\/product\/1388","targetHints":{"allow":["GET"]}}],"collection":[{"href":"https:\/\/herbelegale.com\/de\/wp-json\/wp\/v2\/product"}],"about":[{"href":"https:\/\/herbelegale.com\/de\/wp-json\/wp\/v2\/types\/product"}],"replies":[{"embeddable":true,"href":"https:\/\/herbelegale.com\/de\/wp-json\/wp\/v2\/comments?post=1388"}],"wp:featuredmedia":[{"embeddable":true,"href":"https:\/\/herbelegale.com\/de\/wp-json\/wp\/v2\/media\/1408"}],"wp:attachment":[{"href":"https:\/\/herbelegale.com\/de\/wp-json\/wp\/v2\/media?parent=1388"}],"wp:term":[{"taxonomy":"product_brand","embeddable":true,"href":"https:\/\/herbelegale.com\/de\/wp-json\/wp\/v2\/product_brand?post=1388"},{"taxonomy":"product_cat","embeddable":true,"href":"https:\/\/herbelegale.com\/de\/wp-json\/wp\/v2\/product_cat?post=1388"},{"taxonomy":"product_tag","embeddable":true,"href":"https:\/\/herbelegale.com\/de\/wp-json\/wp\/v2\/product_tag?post=1388"}],"curies":[{"name":"wp","href":"https:\/\/api.w.org\/{rel}","templated":true}]}}