{"id":1387,"date":"2023-09-30T10:46:25","date_gmt":"2023-09-30T10:46:25","guid":{"rendered":"https:\/\/nembutalhouse.com\/weed\/?post_type=product&#038;p=1387"},"modified":"2025-07-19T05:12:13","modified_gmt":"2025-07-19T05:12:13","slug":"zero-zero-pollen","status":"publish","type":"product","link":"https:\/\/herbelegale.com\/de\/product\/zero-zero-pollen\/","title":{"rendered":"Zero Zero Pollen"},"content":{"rendered":"<h2><b>Zero Zero Pollen \u2013 Premium-Pollen f\u00fcr ein reines Cannabis-Erlebnis<\/b><\/h2>\n<p>Le <a href=\"https:\/\/herbelegale.com\/de\/product\/zero-zero-pollen\/\">Zero Zero Pollen<\/a> ist ein hochwertiger Cannabispollen, der f\u00fcr seine Reinheit, sein reiches Aroma und seine intensive Wirkung gesch\u00e4tzt wird. Dieser Pollen wird aus den besten Cannabispflanzen gewonnen und durch Trockenfilterung gewonnen, ein Verfahren, das den Reichtum an Trichomen und Terpenen bewahrt. Wenn Sie ein authentisches und kraftvolles Cannabiserlebnis suchen, ist Zero Zero Pollen das richtige Produkt f\u00fcr Sie.<\/p>\n<h3><b>Was ist Zero Zero Pollen?<\/b><\/h3>\n<p><a href=\"https:\/\/en.wikipedia.org\/wiki\/Pollen\">Le Zero Zero Pollen<\/a> ist ein Cannabispollenkonzentrat, das aus den Trichomen der Bl\u00fcten gewonnen wird. Durch das Trockenfiltrationsverfahren werden nur die reinsten Kristalle extrahiert, ohne Zusatz von Fetten oder anderen Substanzen, wodurch au\u00dfergew\u00f6hnliche Reinheit gew\u00e4hrleistet wird. Dieser Pollen hat oft eine goldbraune bis braune Farbe und eine Textur, die je nach Qualit\u00e4t von kr\u00fcmelig bis leicht klebrig variieren kann.<\/p>\n<p>Gr\u00e2ce \u00e0 sa haute concentration en THC et en terp\u00e8nes, le Zero Zero Pollen procure une puissante exp\u00e9rience sensorielle. Son ar\u00f4me riche et complexe est parfait pour ceux qui recherchent des effets apaisants, euphorisants et stimulant en m\u00eame temps.<\/p>\n<h3><b>H\u00e4ufige Verwendung und Wirkung von Zero Zero Pollen<\/b><\/h3>\n<p>Zero Zero Pollen wird f\u00fcr seine vielf\u00e4ltigen Wirkungen gesch\u00e4tzt und ist daher ein vielseitiges Produkt, das sich sowohl zur Entspannung als auch zur kreativen oder anregenden Anwendung eignet.<\/p>\n<p><b>Typische Effekte:<\/b><\/p>\n<ul>\n<li style=\"font-weight: 400;\" aria-level=\"1\">Entspannung und Stressabbau<\/li>\n<li style=\"font-weight: 400;\" aria-level=\"1\">Uczucie euforii i dobrego samopoczucia psychicznego<\/li>\n<li style=\"font-weight: 400;\" aria-level=\"1\">Stimuloi luovuutta ja parantaa keskittymiskyky\u00e4<\/li>\n<li style=\"font-weight: 400;\" aria-level=\"1\">Lihasten rentoutuminen ja kohtalaisen kivun lievitys<\/li>\n<li style=\"font-weight: 400;\" aria-level=\"1\">Parempi mieliala ja sosiaalisuus<\/li>\n<\/ul>\n<p><b>Konsummethoden:<\/b><\/p>\n<ul>\n<li style=\"font-weight: 400;\" aria-level=\"1\"><span style=\"font-weight: 400;\">Geraucht (in einem Joint oder einer Pfeife)<\/span><\/li>\n<li style=\"font-weight: 400;\" aria-level=\"1\"><span style=\"font-weight: 400;\">Spryskiwa\u0107 przy u\u017cyciu odpowiedniej butelki ze spryskiwaczem<\/span><\/li>\n<li style=\"font-weight: 400;\" aria-level=\"1\"><span style=\"font-weight: 400;\">Kuumaan juomaan rasvan kera infusoituna<\/span><\/li>\n<li style=\"font-weight: 400;\" aria-level=\"1\"><span style=\"font-weight: 400;\">Lis\u00e4t\u00e4\u00e4n elintarvikkeisiin (esim. kannabisvoi)<\/span><\/li>\n<\/ul>\n<h3><b>Rechtsstatus: ein Rahmen, der je nach Region unterschiedlich ist<\/b><\/h3>\n<p>Zero Zero Pollen unterliegt je nach Land und Gerichtsbarkeit strengen Vorschriften. In einigen Regionen sind Verkauf und Konsum verboten, w\u00e4hrend er in anderen zu therapeutischen oder Freizeitzwecken erlaubt sein kann.<\/p>\n<p>Tipp: Bevor Sie Zero Zero Pollen online kaufen, stellen Sie sicher, dass Sie die \u00f6rtlichen Gesetze zu Cannabis und seinen Derivaten in Ihrer Region verstehen.<\/p>\n<h3><b>Warum Zero Zero Pollen online kaufen?<\/b><\/h3>\n<p><b>Accessibilit\u00e9 et confort<\/b><\/p>\n<p>Wenn Sie Zero Zero Pollen online kaufen, erhalten Sie ein hochwertiges Produkt, das im station\u00e4ren Handel oft schwer zu finden ist. Au\u00dferdem profitieren Sie vom Komfort der Bestellung von zu Hause aus und profitieren von diskreten und sicheren Lieferoptionen.<\/p>\n<p><b>Vielfalt der Verk\u00e4ufer<\/b><\/p>\n<p>Im Internet finden Sie eine gro\u00dfe Auswahl an spezialisierten Anbietern von Zero Zero Pollen in unterschiedlichen Preisen und Qualit\u00e4ten. So k\u00f6nnen Sie vergleichen und das beste Preis-Leistungs-Verh\u00e4ltnis basierend auf Ihren Pr\u00e4ferenzen finden.<\/p>\n<p><b>Diskrete Lieferung<\/b><\/p>\n<p>Zuverl\u00e4ssige Plattformen bieten eine schnelle und anonyme Lieferung und gew\u00e4hrleisten die Vertraulichkeit Ihrer Eink\u00e4ufe. Sie erhalten Ihren Pollen in einer neutralen Verpackung, um \u00c4rger zu vermeiden.<\/p>\n<h3><b>Wie w\u00e4hlt man einen zuverl\u00e4ssigen Verk\u00e4ufer aus, um Zero Zero Pollen online zu bestellen?<\/b><\/h3>\n<p>Bevor Sie Zero Zero Pollen online bestellen, sollten Sie einige Dinge \u00fcberpr\u00fcfen, um die Zuverl\u00e4ssigkeit des Verk\u00e4ufers sicherzustellen:<\/p>\n<ul>\n<li style=\"font-weight: 400;\" aria-level=\"1\">Sprawd\u017a opinie klient\u00f3w, aby zweryfikowa\u0107 jako\u015b\u0107 us\u0142ug i produkt\u00f3w<\/li>\n<li style=\"font-weight: 400;\" aria-level=\"1\">Stellen Sie sicher, dass der Verk\u00e4ufer Informationen \u00fcber die Herkunft und die Extraktionsmethode bereitstellt<\/li>\n<li style=\"font-weight: 400;\" aria-level=\"1\">Turvalliset maksutavat (kryptovaluutat, kortit jne.)<\/li>\n<li style=\"font-weight: 400;\" aria-level=\"1\">W\u00e4hlen Sie einen Verk\u00e4ufer mit reaktionsschnellem Kundenservice und klaren R\u00fcckerstattungsrichtlinien<\/li>\n<\/ul>\n<p>Tipp: Recherchieren Sie online anhand von Empfehlungen und Expertenforen, wo Sie Zero Zero Pollen am besten kaufen k\u00f6nnen.<\/p>\n<h3><b>Versandrichtlinien<\/b><\/h3>\n<p>Die besten Online-H\u00e4ndler bieten schnelle Lieferungen mit pr\u00e4ziser Sendungsverfolgung. Sie sorgen au\u00dferdem daf\u00fcr, dass das Produkt w\u00e4hrend des Versands gut gesch\u00fctzt ist, und verwenden diskrete und robuste Verpackungen. Einige Plattformen bieten je nach Bestellwert auch kostenlosen oder erm\u00e4\u00dfigten Versand an.<\/p>\n<h3><b>Risiken und Vorsichtsma\u00dfnahmen<\/b><\/h3>\n<p><b>Gesundheitsrisiken<\/b><\/p>\n<p>Obwohl Zero Zero Pollen ein Naturprodukt ist, kann \u00fcberm\u00e4\u00dfiger Konsum zu Nebenwirkungen f\u00fchren wie:<\/p>\n<ul>\n<li style=\"font-weight: 400;\" aria-level=\"1\">Troubles de la m\u00e9moire \u00e0 court terme<\/li>\n<li style=\"font-weight: 400;\" aria-level=\"1\">Angst oder Paranoia bei sensiblen Menschen<\/li>\n<li style=\"font-weight: 400;\" aria-level=\"1\">Sonnolenza, diminuzione della motivazione<\/li>\n<li style=\"font-weight: 400;\" aria-level=\"1\">Interactions m\u00e9dicamenteuses possibles<\/li>\n<\/ul>\n<h3><b>Empfohlene Vorsichtsma\u00dfnahmen:<\/b><\/h3>\n<ul>\n<li style=\"font-weight: 400;\" aria-level=\"1\">Aloita pienell\u00e4 annoksella, jos olet aloittelija<\/li>\n<li style=\"font-weight: 400;\" aria-level=\"1\">Fahren Sie nicht nach dem Trinken<\/li>\n<li style=\"font-weight: 400;\" aria-level=\"1\">\u00c4l\u00e4 k\u00e4yt\u00e4, jos olet raskaana tai olet l\u00e4\u00e4ketieteellisen hoidon alla<\/li>\n<li style=\"font-weight: 400;\" aria-level=\"1\">Im Zweifelsfall einen Arzt konsultieren<\/li>\n<\/ul>\n<h3><b>Fazit: Stillen Sie Ihr Verlangen nach Cannabis \u2013 ohne das Haus zu verlassen<\/b><\/h3>\n<p>Zero Zero Pollen ist die ideale Wahl f\u00fcr alle, die ein Premium-Cannabisprodukt mit einem reinen und hochwertigen Erlebnis suchen. Dank der Online-Verf\u00fcgbarkeit k\u00f6nnen Sie Zero Zero Pollen ganz einfach bestellen und erhalten garantiert eine schnelle und diskrete Lieferung.<\/p>","protected":false},"excerpt":{"rendered":"<p>Zero Zero Pollen \u2013 Le Pollen Premium Pour Une Exp\u00e9rience Cannabique Pure Le Zero Zero Pollen est un pollen de cannabis haut de gamme, appr\u00e9ci\u00e9 pour sa puret\u00e9, sa richesse en ar\u00f4mes et ses effets profonds. Originaire des meilleures cultures de cannabis, ce pollen est obtenu par filtrage \u00e0 sec, une m\u00e9thode qui conserve intacte&#8230;<\/p>","protected":false},"featured_media":1475,"comment_status":"open","ping_status":"closed","template":"","meta":{"_kadence_starter_templates_imported_post":false,"_kad_post_transparent":"default","_kad_post_title":"","_kad_post_layout":"default","_kad_post_sidebar_id":"","_kad_post_content_style":"default","_kad_post_vertical_padding":"default","_kad_post_feature":"","_kad_post_feature_position":"","_kad_post_header":false,"_kad_post_footer":false,"_joinchat":[]},"product_brand":[],"product_cat":[31],"product_tag":[],"class_list":{"0":"post-1387","1":"product","2":"type-product","3":"status-publish","4":"has-post-thumbnail","6":"product_cat-haschisch","8":"first","9":"instock","10":"shipping-taxable","11":"purchasable","12":"product-type-variable","13":"entry","14":"content-bg","15":"loop-entry"},"yoast_head":"<!-- This site is optimized with the Yoast SEO plugin v23.5 - https:\/\/yoast.com\/wordpress\/plugins\/seo\/ -->\n<title>Zero Zero Pollen - Herbe L\u00e9gale<\/title>\n<meta name=\"robots\" content=\"index, follow, max-snippet:-1, max-image-preview:large, max-video-preview:-1\" \/>\n<link rel=\"canonical\" href=\"https:\/\/herbelegale.com\/de\/product\/zero-zero-pollen\/\" \/>\n<meta property=\"og:locale\" content=\"de_DE\" \/>\n<meta property=\"og:type\" content=\"article\" \/>\n<meta property=\"og:title\" content=\"Zero Zero Pollen - Herbe L\u00e9gale\" \/>\n<meta property=\"og:description\" content=\"Zero Zero Pollen \u2013 Le Pollen Premium Pour Une Exp\u00e9rience Cannabique Pure Le Zero Zero Pollen est un pollen de cannabis haut de gamme, appr\u00e9ci\u00e9 pour sa puret\u00e9, sa richesse en ar\u00f4mes et ses effets profonds. Originaire des meilleures cultures de cannabis, ce pollen est obtenu par filtrage \u00e0 sec, une m\u00e9thode qui conserve intacte...\" \/>\n<meta property=\"og:url\" content=\"https:\/\/herbelegale.com\/de\/product\/zero-zero-pollen\/\" \/>\n<meta property=\"og:site_name\" content=\"Herbe L\u00e9gale\" \/>\n<meta property=\"article:modified_time\" content=\"2025-07-19T05:12:13+00:00\" \/>\n<meta property=\"og:image\" content=\"https:\/\/herbelegale.com\/wp-content\/uploads\/2023\/09\/Zero-Zero-Pollen-1.jpg\" \/>\n\t<meta property=\"og:image:width\" content=\"600\" \/>\n\t<meta property=\"og:image:height\" content=\"600\" \/>\n\t<meta property=\"og:image:type\" content=\"image\/jpeg\" \/>\n<meta name=\"twitter:card\" content=\"summary_large_image\" \/>\n<meta name=\"twitter:label1\" content=\"Gesch\u00e4tzte Lesezeit\" \/>\n\t<meta name=\"twitter:data1\" content=\"4\u00a0Minuten\" \/>\n<script type=\"application\/ld+json\" class=\"yoast-schema-graph\">{\"@context\":\"https:\/\/schema.org\",\"@graph\":[{\"@type\":\"WebPage\",\"@id\":\"https:\/\/herbelegale.com\/product\/zero-zero-pollen\/\",\"url\":\"https:\/\/herbelegale.com\/product\/zero-zero-pollen\/\",\"name\":\"Zero Zero Pollen - Herbe L\u00e9gale\",\"isPartOf\":{\"@id\":\"https:\/\/herbelegale.com\/#website\"},\"primaryImageOfPage\":{\"@id\":\"https:\/\/herbelegale.com\/product\/zero-zero-pollen\/#primaryimage\"},\"image\":{\"@id\":\"https:\/\/herbelegale.com\/product\/zero-zero-pollen\/#primaryimage\"},\"thumbnailUrl\":\"https:\/\/herbelegale.com\/wp-content\/uploads\/2023\/09\/Zero-Zero-Pollen-1.jpg\",\"datePublished\":\"2023-09-30T10:46:25+00:00\",\"dateModified\":\"2025-07-19T05:12:13+00:00\",\"breadcrumb\":{\"@id\":\"https:\/\/herbelegale.com\/product\/zero-zero-pollen\/#breadcrumb\"},\"inLanguage\":\"de\",\"potentialAction\":[{\"@type\":\"ReadAction\",\"target\":[\"https:\/\/herbelegale.com\/product\/zero-zero-pollen\/\"]}]},{\"@type\":\"ImageObject\",\"inLanguage\":\"de\",\"@id\":\"https:\/\/herbelegale.com\/product\/zero-zero-pollen\/#primaryimage\",\"url\":\"https:\/\/herbelegale.com\/wp-content\/uploads\/2023\/09\/Zero-Zero-Pollen-1.jpg\",\"contentUrl\":\"https:\/\/herbelegale.com\/wp-content\/uploads\/2023\/09\/Zero-Zero-Pollen-1.jpg\",\"width\":600,\"height\":600,\"caption\":\"Zero Zero Pollen\"},{\"@type\":\"BreadcrumbList\",\"@id\":\"https:\/\/herbelegale.com\/product\/zero-zero-pollen\/#breadcrumb\",\"itemListElement\":[{\"@type\":\"ListItem\",\"position\":1,\"name\":\"Home\",\"item\":\"https:\/\/herbelegale.com\/\"},{\"@type\":\"ListItem\",\"position\":2,\"name\":\"Boutique\",\"item\":\"https:\/\/herbelegale.com\/boutique\/\"},{\"@type\":\"ListItem\",\"position\":3,\"name\":\"Zero Zero Pollen\"}]},{\"@type\":\"WebSite\",\"@id\":\"https:\/\/herbelegale.com\/#website\",\"url\":\"https:\/\/herbelegale.com\/\",\"name\":\"Herbe L\u00e9gale\",\"description\":\"Acheter de l&#039;herbe en ligne\",\"publisher\":{\"@id\":\"https:\/\/herbelegale.com\/#organization\"},\"potentialAction\":[{\"@type\":\"SearchAction\",\"target\":{\"@type\":\"EntryPoint\",\"urlTemplate\":\"https:\/\/herbelegale.com\/?s={search_term_string}\"},\"query-input\":{\"@type\":\"PropertyValueSpecification\",\"valueRequired\":true,\"valueName\":\"search_term_string\"}}],\"inLanguage\":\"de\"},{\"@type\":\"Organization\",\"@id\":\"https:\/\/herbelegale.com\/#organization\",\"name\":\"Herbe L\u00e9gale\",\"url\":\"https:\/\/herbelegale.com\/\",\"logo\":{\"@type\":\"ImageObject\",\"inLanguage\":\"de\",\"@id\":\"https:\/\/herbelegale.com\/#\/schema\/logo\/image\/\",\"url\":\"https:\/\/herbelegale.com\/wp-content\/uploads\/2023\/10\/logo-1.png\",\"contentUrl\":\"https:\/\/herbelegale.com\/wp-content\/uploads\/2023\/10\/logo-1.png\",\"width\":400,\"height\":120,\"caption\":\"Herbe L\u00e9gale\"},\"image\":{\"@id\":\"https:\/\/herbelegale.com\/#\/schema\/logo\/image\/\"}}]}<\/script>\n<!-- \/ Yoast SEO plugin. -->","yoast_head_json":{"title":"Zero Zero Pollen - Herbe L\u00e9gale","robots":{"index":"index","follow":"follow","max-snippet":"max-snippet:-1","max-image-preview":"max-image-preview:large","max-video-preview":"max-video-preview:-1"},"canonical":"https:\/\/herbelegale.com\/de\/product\/zero-zero-pollen\/","og_locale":"de_DE","og_type":"article","og_title":"Zero Zero Pollen - Herbe L\u00e9gale","og_description":"Zero Zero Pollen \u2013 Le Pollen Premium Pour Une Exp\u00e9rience Cannabique Pure Le Zero Zero Pollen est un pollen de cannabis haut de gamme, appr\u00e9ci\u00e9 pour sa puret\u00e9, sa richesse en ar\u00f4mes et ses effets profonds. Originaire des meilleures cultures de cannabis, ce pollen est obtenu par filtrage \u00e0 sec, une m\u00e9thode qui conserve intacte...","og_url":"https:\/\/herbelegale.com\/de\/product\/zero-zero-pollen\/","og_site_name":"Herbe L\u00e9gale","article_modified_time":"2025-07-19T05:12:13+00:00","og_image":[{"width":600,"height":600,"url":"https:\/\/herbelegale.com\/wp-content\/uploads\/2023\/09\/Zero-Zero-Pollen-1.jpg","type":"image\/jpeg"}],"twitter_card":"summary_large_image","twitter_misc":{"Gesch\u00e4tzte Lesezeit":"4\u00a0Minuten"},"schema":{"@context":"https:\/\/schema.org","@graph":[{"@type":"WebPage","@id":"https:\/\/herbelegale.com\/product\/zero-zero-pollen\/","url":"https:\/\/herbelegale.com\/product\/zero-zero-pollen\/","name":"Zero Zero Pollen - Herbe L\u00e9gale","isPartOf":{"@id":"https:\/\/herbelegale.com\/#website"},"primaryImageOfPage":{"@id":"https:\/\/herbelegale.com\/product\/zero-zero-pollen\/#primaryimage"},"image":{"@id":"https:\/\/herbelegale.com\/product\/zero-zero-pollen\/#primaryimage"},"thumbnailUrl":"https:\/\/herbelegale.com\/wp-content\/uploads\/2023\/09\/Zero-Zero-Pollen-1.jpg","datePublished":"2023-09-30T10:46:25+00:00","dateModified":"2025-07-19T05:12:13+00:00","breadcrumb":{"@id":"https:\/\/herbelegale.com\/product\/zero-zero-pollen\/#breadcrumb"},"inLanguage":"de","potentialAction":[{"@type":"ReadAction","target":["https:\/\/herbelegale.com\/product\/zero-zero-pollen\/"]}]},{"@type":"ImageObject","inLanguage":"de","@id":"https:\/\/herbelegale.com\/product\/zero-zero-pollen\/#primaryimage","url":"https:\/\/herbelegale.com\/wp-content\/uploads\/2023\/09\/Zero-Zero-Pollen-1.jpg","contentUrl":"https:\/\/herbelegale.com\/wp-content\/uploads\/2023\/09\/Zero-Zero-Pollen-1.jpg","width":600,"height":600,"caption":"Zero Zero Pollen"},{"@type":"BreadcrumbList","@id":"https:\/\/herbelegale.com\/product\/zero-zero-pollen\/#breadcrumb","itemListElement":[{"@type":"ListItem","position":1,"name":"Home","item":"https:\/\/herbelegale.com\/"},{"@type":"ListItem","position":2,"name":"Boutique","item":"https:\/\/herbelegale.com\/boutique\/"},{"@type":"ListItem","position":3,"name":"Zero Zero Pollen"}]},{"@type":"WebSite","@id":"https:\/\/herbelegale.com\/#website","url":"https:\/\/herbelegale.com\/","name":"Herbe L\u00e9gale","description":"Acheter de l&#039;herbe en ligne","publisher":{"@id":"https:\/\/herbelegale.com\/#organization"},"potentialAction":[{"@type":"SearchAction","target":{"@type":"EntryPoint","urlTemplate":"https:\/\/herbelegale.com\/?s={search_term_string}"},"query-input":{"@type":"PropertyValueSpecification","valueRequired":true,"valueName":"search_term_string"}}],"inLanguage":"de"},{"@type":"Organization","@id":"https:\/\/herbelegale.com\/#organization","name":"Herbe L\u00e9gale","url":"https:\/\/herbelegale.com\/","logo":{"@type":"ImageObject","inLanguage":"de","@id":"https:\/\/herbelegale.com\/#\/schema\/logo\/image\/","url":"https:\/\/herbelegale.com\/wp-content\/uploads\/2023\/10\/logo-1.png","contentUrl":"https:\/\/herbelegale.com\/wp-content\/uploads\/2023\/10\/logo-1.png","width":400,"height":120,"caption":"Herbe L\u00e9gale"},"image":{"@id":"https:\/\/herbelegale.com\/#\/schema\/logo\/image\/"}}]}},"_links":{"self":[{"href":"https:\/\/herbelegale.com\/de\/wp-json\/wp\/v2\/product\/1387","targetHints":{"allow":["GET"]}}],"collection":[{"href":"https:\/\/herbelegale.com\/de\/wp-json\/wp\/v2\/product"}],"about":[{"href":"https:\/\/herbelegale.com\/de\/wp-json\/wp\/v2\/types\/product"}],"replies":[{"embeddable":true,"href":"https:\/\/herbelegale.com\/de\/wp-json\/wp\/v2\/comments?post=1387"}],"wp:featuredmedia":[{"embeddable":true,"href":"https:\/\/herbelegale.com\/de\/wp-json\/wp\/v2\/media\/1475"}],"wp:attachment":[{"href":"https:\/\/herbelegale.com\/de\/wp-json\/wp\/v2\/media?parent=1387"}],"wp:term":[{"taxonomy":"product_brand","embeddable":true,"href":"https:\/\/herbelegale.com\/de\/wp-json\/wp\/v2\/product_brand?post=1387"},{"taxonomy":"product_cat","embeddable":true,"href":"https:\/\/herbelegale.com\/de\/wp-json\/wp\/v2\/product_cat?post=1387"},{"taxonomy":"product_tag","embeddable":true,"href":"https:\/\/herbelegale.com\/de\/wp-json\/wp\/v2\/product_tag?post=1387"}],"curies":[{"name":"wp","href":"https:\/\/api.w.org\/{rel}","templated":true}]}}