{"id":1366,"date":"2023-09-30T10:32:57","date_gmt":"2023-09-30T10:32:57","guid":{"rendered":"https:\/\/nembutalhouse.com\/weed\/?post_type=product&#038;p=1366"},"modified":"2025-07-19T04:48:55","modified_gmt":"2025-07-19T04:48:55","slug":"amnesia-jelly-hash","status":"publish","type":"product","link":"https:\/\/herbelegale.com\/de\/product\/amnesia-jelly-hash\/","title":{"rendered":"Amnesia Jelly Hash"},"content":{"rendered":"<h2><b>Einf\u00fchrung in Amnesia Jelly Hash<\/b><\/h2>\n<p>D\u00e9couvrez l\u2019<a href=\"https:\/\/herbelegale.com\/de\/product\/amnesia-jelly-hash\/\">Amnesia Jelly Hash<\/a>, ein hochwertiges Konzentrat, das von Kennern wegen seiner Kraft, seiner besonderen Textur und seiner intensiven Aromen gesch\u00e4tzt wird. Dieses cannabinoidreiche Gelee ist eine perfekte Mischung aus traditionellem Harz und moderner Extraktion und bietet ein einzigartiges Erlebnis, das St\u00e4rke und Geschmack vereint.<\/p>\n<p>Ob Sie ein Haschisch-Enthusiast sind oder neugierig auf hochwertige Konzentrate, der Kauf von Haschisch<a href=\"https:\/\/en.wikipedia.org\/wiki\/Hashish\">Amnesia Jelly Hash online<\/a> est une invitation \u00e0 un voyage sensoriel puissant.<\/p>\n<h3><b>Was ist Amnesia Jelly Hash?<\/b><\/h3>\n<p>, ein Premium-Konzentrat, das von Kennern f\u00fcr seine Wirksamkeit, seine unverwechselbare Textur und seine intensiven Aromen gesch\u00e4tzt wird. Dieses cannabinoidreiche Gelee ist eine perfekte Mischung aus traditionellem Harz und moderner Extraktion und bietet ein einzigartiges Erlebnis, das St\u00e4rke und Geschmack vereint.<\/p>\n<p>Dieses Hasch wird aus der Sorte Amnesia gewonnen, die f\u00fcr ihre energetisierende und zerebrale Wirkung bekannt ist, und bietet einen allm\u00e4hlichen Anstieg mit einem Duft von Zitrone, Gew\u00fcrzen und frischen Kr\u00e4utern.<\/p>\n<h3><b>H\u00e4ufige Verwendungen und Wirkungen<\/b><\/h3>\n<p>Erfahrene Benutzer genie\u00dfen Amnesia Jelly Hash aus folgenden Gr\u00fcnden:<\/p>\n<ul>\n<li style=\"font-weight: 400;\" aria-level=\"1\">Seine euphorisierende und stimulierende zerebrale Wirkung&nbsp;<\/li>\n<li style=\"font-weight: 400;\" aria-level=\"1\">Ein Energieschub und Konzentration&nbsp;<\/li>\n<li style=\"font-weight: 400;\" aria-level=\"1\">Sein Anti-Stress-Potenzial&nbsp;<\/li>\n<li style=\"font-weight: 400;\" aria-level=\"1\">Seine lang anhaltende entspannende Wirkung&nbsp;<\/li>\n<\/ul>\n<p><span style=\"font-weight: 400;\">Ideal f\u00fcr kreative Momente, gesellige Aktivit\u00e4ten oder einfach um tiefe Entspannung zu genie\u00dfen.<\/span><\/p>\n<h3><b>Juridisk status (afh\u00e6ngigt af region)<\/b><\/h3>\n<p>Der rechtliche Status von Amnesia Jelly Hash variiert je nach Land und Gerichtsbarkeit. In manchen Regionen sind THC-reiche Konzentrate toleriert oder legal, w\u00e4hrend ihr Konsum in anderen streng verboten ist. Bevor Sie Amnesia Jelly Hash online bestellen, informieren Sie sich unbedingt \u00fcber die Vorschriften in Ihrer Region.<\/p>\n<h3><b>Pourquoi acheter Amnesia Jelly Hash en ligne ?<\/b><\/h3>\n<h3><b>Zug\u00e4nglichkeit<\/b><\/h3>\n<p>Dank der besseren Verf\u00fcgbarkeit von Premiumprodukten ist die Online-Bestellung von Amnesia Jelly Hash mittlerweile die bevorzugte Option f\u00fcr anspruchsvolle Enthusiasten.<\/p>\n<h3><b>Vielzahl von Verk\u00e4ufern<\/b><\/h3>\n<p>Sur internet, vous trouverez une large s\u00e9lection d\u2019Amnesia Jelly Hash \u00e0 vendre, avec diff\u00e9rentes qualit\u00e9s, concentrations et pr\u00e9sentations selon les plateformes.<\/p>\n<h3><b>Diskreter Versand<\/b><\/h3>\n<p>Seri\u00f6se Online-Shops garantieren einen diskreten und sicheren Versand. Ihre Bestellung kommt in einer neutralen Verpackung bei Ihnen zu Hause an, ohne sichtbaren Hinweis auf den Inhalt.<\/p>\n<h3><b>Come scegliere un venditore affidabile?<\/b><\/h3>\n<p>Hier sind einige wichtige Tipps, um den besten Ort zum Online-Kauf von Amnesia Jelly Hash zu finden:<\/p>\n<ul>\n<li style=\"font-weight: 400;\" aria-level=\"1\">\u00dcberpr\u00fcfen Sie die Preise f\u00fcr Amnesia Jelly Hash, um allzu verlockende Angebote zu vermeiden, die oft ein Zeichen f\u00fcr minderwertige Qualit\u00e4t sind.&nbsp;<\/li>\n<li style=\"font-weight: 400;\" aria-level=\"1\"><span style=\"font-weight: 400;\">Lesen Sie Bewertungen und Erfahrungsberichte anderer K\u00e4ufer<\/span>&nbsp;<\/li>\n<li style=\"font-weight: 400;\" aria-level=\"1\"><span style=\"font-weight: 400;\">Bevorzugen Sie Verk\u00e4ufer, die Laboranalysezertifikate anbieten<\/span>&nbsp;<\/li>\n<li style=\"font-weight: 400;\" aria-level=\"1\"><span style=\"font-weight: 400;\">W\u00e4hlen Sie Websites mit zug\u00e4nglichem und professionellem Kundenservice<\/span>&nbsp;<\/li>\n<li style=\"font-weight: 400;\" aria-level=\"1\"><span style=\"font-weight: 400;\">Zapoznaj si\u0119 z warunkami dostawy i zwrotu<\/span>&nbsp;<\/li>\n<\/ul>\n<h3><b>Lieferbedingungen<\/b><\/h3>\n<p><span style=\"font-weight: 400;\">Wiarygodna strona internetowa oferuje:<\/span><\/p>\n<ul>\n<li style=\"font-weight: 400;\" aria-level=\"1\"><span style=\"font-weight: 400;\">Toimitusaikatauluja noudatettu<\/span>&nbsp;<\/li>\n<li style=\"font-weight: 400;\" aria-level=\"1\"><span style=\"font-weight: 400;\">Tehokas seurantaj\u00e4rjestelm\u00e4<\/span>&nbsp;<\/li>\n<li style=\"font-weight: 400;\" aria-level=\"1\"><span style=\"font-weight: 400;\">R\u00fcckerstattungs- oder R\u00fcckgabem\u00f6glichkeiten bei Problemen<\/span>&nbsp;<\/li>\n<\/ul>\n<h3><b>Risiken und \u00dcberlegungen<\/b><\/h3>\n<h3><b>Gesundheitsrisiken<\/b><\/h3>\n<p>Amnesia Jelly Hash ist ein Premiumprodukt, das Liebhaber von kraftvollem und aromatischem Haschisch begeistern wird. Um die Wirkung voll auszukosten und unangenehme \u00dcberraschungen zu vermeiden, kaufen Sie Amnesia Jelly Hash immer online bei seri\u00f6sen Anbietern.<\/p>\n<h3><b>Abschluss<\/b><\/h3>\n<p>Amnesia Jelly Hash ist ein Premiumprodukt, das Liebhaber von kraftvollem und aromatischem Haschisch begeistern wird. Um die Wirkung voll auszukosten und unangenehme \u00dcberraschungen zu vermeiden, kaufen Sie Amnesia Jelly Hash immer online bei seri\u00f6sen Anbietern.<\/p>\n<p>&nbsp;<\/p>","protected":false},"excerpt":{"rendered":"<p>Introduction \u00e0 l\u2019Amnesia Jelly Hash D\u00e9couvrez l\u2019Amnesia Jelly Hash, un concentr\u00e9 haut de gamme appr\u00e9ci\u00e9 par les connaisseurs pour sa puissance, sa texture particuli\u00e8re et ses ar\u00f4mes intenses. Fusion parfaite entre r\u00e9sine traditionnelle et extraction moderne, cette gel\u00e9e riche en cannabino\u00efdes offre une exp\u00e9rience unique, alliant force et saveurs. Que vous soyez un amateur de&#8230;<\/p>","protected":false},"featured_media":1472,"comment_status":"open","ping_status":"closed","template":"","meta":{"_kadence_starter_templates_imported_post":false,"_kad_post_transparent":"default","_kad_post_title":"","_kad_post_layout":"default","_kad_post_sidebar_id":"","_kad_post_content_style":"default","_kad_post_vertical_padding":"default","_kad_post_feature":"","_kad_post_feature_position":"","_kad_post_header":false,"_kad_post_footer":false,"_joinchat":[]},"product_brand":[],"product_cat":[31],"product_tag":[],"class_list":{"0":"post-1366","1":"product","2":"type-product","3":"status-publish","4":"has-post-thumbnail","6":"product_cat-haschisch","8":"first","9":"instock","10":"shipping-taxable","11":"purchasable","12":"product-type-variable","13":"entry","14":"content-bg","15":"loop-entry"},"yoast_head":"<!-- This site is optimized with the Yoast SEO plugin v23.5 - https:\/\/yoast.com\/wordpress\/plugins\/seo\/ -->\n<title>Achetez Amnesia Jelly Hash en ligne - Amnesia Jelly Hash \u00e0 vendre<\/title>\n<meta name=\"description\" content=\"Nous sommes le magasin leader proposant de la vente de Hash en gel\u00e9e Amnesia. Si vous souhaitez acheter du Hash en gel\u00e9e Amnesia, contactez-nous imm\u00e9diatement et faites livrer votre commande. Commandez maintenant !\" \/>\n<meta name=\"robots\" content=\"index, follow, max-snippet:-1, max-image-preview:large, max-video-preview:-1\" \/>\n<link rel=\"canonical\" href=\"https:\/\/herbelegale.com\/de\/product\/amnesia-jelly-hash\/\" \/>\n<meta property=\"og:locale\" content=\"de_DE\" \/>\n<meta property=\"og:type\" content=\"article\" \/>\n<meta property=\"og:title\" content=\"Achetez Amnesia Jelly Hash en ligne - Amnesia Jelly Hash \u00e0 vendre\" \/>\n<meta property=\"og:description\" content=\"Nous sommes le magasin leader proposant de la vente de Hash en gel\u00e9e Amnesia. Si vous souhaitez acheter du Hash en gel\u00e9e Amnesia, contactez-nous imm\u00e9diatement et faites livrer votre commande. Commandez maintenant !\" \/>\n<meta property=\"og:url\" content=\"https:\/\/herbelegale.com\/de\/product\/amnesia-jelly-hash\/\" \/>\n<meta property=\"og:site_name\" content=\"Herbe L\u00e9gale\" \/>\n<meta property=\"article:modified_time\" content=\"2025-07-19T04:48:55+00:00\" \/>\n<meta property=\"og:image\" content=\"https:\/\/herbelegale.com\/wp-content\/uploads\/2023\/09\/Amnesia-Jelly-Hash-1.jpg\" \/>\n\t<meta property=\"og:image:width\" content=\"600\" \/>\n\t<meta property=\"og:image:height\" content=\"600\" \/>\n\t<meta property=\"og:image:type\" content=\"image\/jpeg\" \/>\n<meta name=\"twitter:card\" content=\"summary_large_image\" \/>\n<meta name=\"twitter:label1\" content=\"Gesch\u00e4tzte Lesezeit\" \/>\n\t<meta name=\"twitter:data1\" content=\"3\u00a0Minuten\" \/>\n<script type=\"application\/ld+json\" class=\"yoast-schema-graph\">{\"@context\":\"https:\/\/schema.org\",\"@graph\":[{\"@type\":\"WebPage\",\"@id\":\"https:\/\/herbelegale.com\/product\/amnesia-jelly-hash\/\",\"url\":\"https:\/\/herbelegale.com\/product\/amnesia-jelly-hash\/\",\"name\":\"Achetez Amnesia Jelly Hash en ligne - Amnesia Jelly Hash \u00e0 vendre\",\"isPartOf\":{\"@id\":\"https:\/\/herbelegale.com\/#website\"},\"primaryImageOfPage\":{\"@id\":\"https:\/\/herbelegale.com\/product\/amnesia-jelly-hash\/#primaryimage\"},\"image\":{\"@id\":\"https:\/\/herbelegale.com\/product\/amnesia-jelly-hash\/#primaryimage\"},\"thumbnailUrl\":\"https:\/\/herbelegale.com\/wp-content\/uploads\/2023\/09\/Amnesia-Jelly-Hash-1.jpg\",\"datePublished\":\"2023-09-30T10:32:57+00:00\",\"dateModified\":\"2025-07-19T04:48:55+00:00\",\"description\":\"Nous sommes le magasin leader proposant de la vente de Hash en gel\u00e9e Amnesia. Si vous souhaitez acheter du Hash en gel\u00e9e Amnesia, contactez-nous imm\u00e9diatement et faites livrer votre commande. Commandez maintenant !\",\"breadcrumb\":{\"@id\":\"https:\/\/herbelegale.com\/product\/amnesia-jelly-hash\/#breadcrumb\"},\"inLanguage\":\"de\",\"potentialAction\":[{\"@type\":\"ReadAction\",\"target\":[\"https:\/\/herbelegale.com\/product\/amnesia-jelly-hash\/\"]}]},{\"@type\":\"ImageObject\",\"inLanguage\":\"de\",\"@id\":\"https:\/\/herbelegale.com\/product\/amnesia-jelly-hash\/#primaryimage\",\"url\":\"https:\/\/herbelegale.com\/wp-content\/uploads\/2023\/09\/Amnesia-Jelly-Hash-1.jpg\",\"contentUrl\":\"https:\/\/herbelegale.com\/wp-content\/uploads\/2023\/09\/Amnesia-Jelly-Hash-1.jpg\",\"width\":600,\"height\":600,\"caption\":\"Amnesia Jelly Hash\"},{\"@type\":\"BreadcrumbList\",\"@id\":\"https:\/\/herbelegale.com\/product\/amnesia-jelly-hash\/#breadcrumb\",\"itemListElement\":[{\"@type\":\"ListItem\",\"position\":1,\"name\":\"Home\",\"item\":\"https:\/\/herbelegale.com\/\"},{\"@type\":\"ListItem\",\"position\":2,\"name\":\"Boutique\",\"item\":\"https:\/\/herbelegale.com\/boutique\/\"},{\"@type\":\"ListItem\",\"position\":3,\"name\":\"Amnesia Jelly Hash\"}]},{\"@type\":\"WebSite\",\"@id\":\"https:\/\/herbelegale.com\/#website\",\"url\":\"https:\/\/herbelegale.com\/\",\"name\":\"Herbe L\u00e9gale\",\"description\":\"Acheter de l&#039;herbe en ligne\",\"publisher\":{\"@id\":\"https:\/\/herbelegale.com\/#organization\"},\"potentialAction\":[{\"@type\":\"SearchAction\",\"target\":{\"@type\":\"EntryPoint\",\"urlTemplate\":\"https:\/\/herbelegale.com\/?s={search_term_string}\"},\"query-input\":{\"@type\":\"PropertyValueSpecification\",\"valueRequired\":true,\"valueName\":\"search_term_string\"}}],\"inLanguage\":\"de\"},{\"@type\":\"Organization\",\"@id\":\"https:\/\/herbelegale.com\/#organization\",\"name\":\"Herbe L\u00e9gale\",\"url\":\"https:\/\/herbelegale.com\/\",\"logo\":{\"@type\":\"ImageObject\",\"inLanguage\":\"de\",\"@id\":\"https:\/\/herbelegale.com\/#\/schema\/logo\/image\/\",\"url\":\"https:\/\/herbelegale.com\/wp-content\/uploads\/2023\/10\/logo-1.png\",\"contentUrl\":\"https:\/\/herbelegale.com\/wp-content\/uploads\/2023\/10\/logo-1.png\",\"width\":400,\"height\":120,\"caption\":\"Herbe L\u00e9gale\"},\"image\":{\"@id\":\"https:\/\/herbelegale.com\/#\/schema\/logo\/image\/\"}}]}<\/script>\n<!-- \/ Yoast SEO plugin. -->","yoast_head_json":{"title":"Achetez Amnesia Jelly Hash en ligne - Amnesia Jelly Hash \u00e0 vendre","description":"Nous sommes le magasin leader proposant de la vente de Hash en gel\u00e9e Amnesia. Si vous souhaitez acheter du Hash en gel\u00e9e Amnesia, contactez-nous imm\u00e9diatement et faites livrer votre commande. Commandez maintenant !","robots":{"index":"index","follow":"follow","max-snippet":"max-snippet:-1","max-image-preview":"max-image-preview:large","max-video-preview":"max-video-preview:-1"},"canonical":"https:\/\/herbelegale.com\/de\/product\/amnesia-jelly-hash\/","og_locale":"de_DE","og_type":"article","og_title":"Achetez Amnesia Jelly Hash en ligne - Amnesia Jelly Hash \u00e0 vendre","og_description":"Nous sommes le magasin leader proposant de la vente de Hash en gel\u00e9e Amnesia. Si vous souhaitez acheter du Hash en gel\u00e9e Amnesia, contactez-nous imm\u00e9diatement et faites livrer votre commande. Commandez maintenant !","og_url":"https:\/\/herbelegale.com\/de\/product\/amnesia-jelly-hash\/","og_site_name":"Herbe L\u00e9gale","article_modified_time":"2025-07-19T04:48:55+00:00","og_image":[{"width":600,"height":600,"url":"https:\/\/herbelegale.com\/wp-content\/uploads\/2023\/09\/Amnesia-Jelly-Hash-1.jpg","type":"image\/jpeg"}],"twitter_card":"summary_large_image","twitter_misc":{"Gesch\u00e4tzte Lesezeit":"3\u00a0Minuten"},"schema":{"@context":"https:\/\/schema.org","@graph":[{"@type":"WebPage","@id":"https:\/\/herbelegale.com\/product\/amnesia-jelly-hash\/","url":"https:\/\/herbelegale.com\/product\/amnesia-jelly-hash\/","name":"Achetez Amnesia Jelly Hash en ligne - Amnesia Jelly Hash \u00e0 vendre","isPartOf":{"@id":"https:\/\/herbelegale.com\/#website"},"primaryImageOfPage":{"@id":"https:\/\/herbelegale.com\/product\/amnesia-jelly-hash\/#primaryimage"},"image":{"@id":"https:\/\/herbelegale.com\/product\/amnesia-jelly-hash\/#primaryimage"},"thumbnailUrl":"https:\/\/herbelegale.com\/wp-content\/uploads\/2023\/09\/Amnesia-Jelly-Hash-1.jpg","datePublished":"2023-09-30T10:32:57+00:00","dateModified":"2025-07-19T04:48:55+00:00","description":"Nous sommes le magasin leader proposant de la vente de Hash en gel\u00e9e Amnesia. Si vous souhaitez acheter du Hash en gel\u00e9e Amnesia, contactez-nous imm\u00e9diatement et faites livrer votre commande. Commandez maintenant !","breadcrumb":{"@id":"https:\/\/herbelegale.com\/product\/amnesia-jelly-hash\/#breadcrumb"},"inLanguage":"de","potentialAction":[{"@type":"ReadAction","target":["https:\/\/herbelegale.com\/product\/amnesia-jelly-hash\/"]}]},{"@type":"ImageObject","inLanguage":"de","@id":"https:\/\/herbelegale.com\/product\/amnesia-jelly-hash\/#primaryimage","url":"https:\/\/herbelegale.com\/wp-content\/uploads\/2023\/09\/Amnesia-Jelly-Hash-1.jpg","contentUrl":"https:\/\/herbelegale.com\/wp-content\/uploads\/2023\/09\/Amnesia-Jelly-Hash-1.jpg","width":600,"height":600,"caption":"Amnesia Jelly Hash"},{"@type":"BreadcrumbList","@id":"https:\/\/herbelegale.com\/product\/amnesia-jelly-hash\/#breadcrumb","itemListElement":[{"@type":"ListItem","position":1,"name":"Home","item":"https:\/\/herbelegale.com\/"},{"@type":"ListItem","position":2,"name":"Boutique","item":"https:\/\/herbelegale.com\/boutique\/"},{"@type":"ListItem","position":3,"name":"Amnesia Jelly Hash"}]},{"@type":"WebSite","@id":"https:\/\/herbelegale.com\/#website","url":"https:\/\/herbelegale.com\/","name":"Herbe L\u00e9gale","description":"Acheter de l&#039;herbe en ligne","publisher":{"@id":"https:\/\/herbelegale.com\/#organization"},"potentialAction":[{"@type":"SearchAction","target":{"@type":"EntryPoint","urlTemplate":"https:\/\/herbelegale.com\/?s={search_term_string}"},"query-input":{"@type":"PropertyValueSpecification","valueRequired":true,"valueName":"search_term_string"}}],"inLanguage":"de"},{"@type":"Organization","@id":"https:\/\/herbelegale.com\/#organization","name":"Herbe L\u00e9gale","url":"https:\/\/herbelegale.com\/","logo":{"@type":"ImageObject","inLanguage":"de","@id":"https:\/\/herbelegale.com\/#\/schema\/logo\/image\/","url":"https:\/\/herbelegale.com\/wp-content\/uploads\/2023\/10\/logo-1.png","contentUrl":"https:\/\/herbelegale.com\/wp-content\/uploads\/2023\/10\/logo-1.png","width":400,"height":120,"caption":"Herbe L\u00e9gale"},"image":{"@id":"https:\/\/herbelegale.com\/#\/schema\/logo\/image\/"}}]}},"_links":{"self":[{"href":"https:\/\/herbelegale.com\/de\/wp-json\/wp\/v2\/product\/1366","targetHints":{"allow":["GET"]}}],"collection":[{"href":"https:\/\/herbelegale.com\/de\/wp-json\/wp\/v2\/product"}],"about":[{"href":"https:\/\/herbelegale.com\/de\/wp-json\/wp\/v2\/types\/product"}],"replies":[{"embeddable":true,"href":"https:\/\/herbelegale.com\/de\/wp-json\/wp\/v2\/comments?post=1366"}],"wp:featuredmedia":[{"embeddable":true,"href":"https:\/\/herbelegale.com\/de\/wp-json\/wp\/v2\/media\/1472"}],"wp:attachment":[{"href":"https:\/\/herbelegale.com\/de\/wp-json\/wp\/v2\/media?parent=1366"}],"wp:term":[{"taxonomy":"product_brand","embeddable":true,"href":"https:\/\/herbelegale.com\/de\/wp-json\/wp\/v2\/product_brand?post=1366"},{"taxonomy":"product_cat","embeddable":true,"href":"https:\/\/herbelegale.com\/de\/wp-json\/wp\/v2\/product_cat?post=1366"},{"taxonomy":"product_tag","embeddable":true,"href":"https:\/\/herbelegale.com\/de\/wp-json\/wp\/v2\/product_tag?post=1366"}],"curies":[{"name":"wp","href":"https:\/\/api.w.org\/{rel}","templated":true}]}}