{"id":1365,"date":"2023-09-30T10:32:51","date_gmt":"2023-09-30T10:32:51","guid":{"rendered":"https:\/\/nembutalhouse.com\/weed\/?post_type=product&#038;p=1365"},"modified":"2025-07-18T10:54:40","modified_gmt":"2025-07-18T10:54:40","slug":"alaskan-ice-hash","status":"publish","type":"product","link":"https:\/\/herbelegale.com\/de\/product\/alaskan-ice-hash\/","title":{"rendered":"Alaskan Ice Hash"},"content":{"rendered":"<h2><b>Einf\u00fchrung in Alaskan Ice Hash<\/b><\/h2>\n<p>\u00c0 la recherche d\u2019une exp\u00e9rience cannabique premium ? <a href=\"https:\/\/herbelegale.com\/de\/product\/alaskan-ice-hash\/\">L&rsquo;Alaskan Ice Hash<\/a> ist bekannt f\u00fcr seine au\u00dfergew\u00f6hnliche Reinheit, seidige Textur und kraftvolle Wirkung. Mit seinem frostigen Aussehen und den intensiven Aromen richtet sich dieses Hasch an anspruchsvolle Liebhaber, die Wert auf h\u00f6chste Qualit\u00e4t legen. Egal, ob Sie erfahrener Anwender oder Neuling im Bereich Konzentrate sind, dieses Produkt verspricht ein einzigartiges Erlebnis.<\/p>\n<h3><b>Was ist Alaskan Ice Hash?<\/b><\/h3>\n<p><a href=\"https:\/\/en.wikipedia.org\/wiki\/Hashish\">L\u2019Alaskan Ice Hash<\/a> ist ein Cannabiskonzentrat, das aus den kristallinen Trichomen sorgf\u00e4ltig ausgew\u00e4hlter Sorten gewonnen wird. Dank der Eiswasserextraktion beh\u00e4lt dieses reine Harz alle Aromen (Terpene) und Wirkstoffe (Cannabinoide) und bietet so eine unvergleichliche Reinheit. Sein wei\u00dfes, frostiges Aussehen verdankt ihm den ausdrucksstarken Namen <i>Alaskan Ice<\/i>.<\/p>\n<h3><b>H\u00e4ufige Verwendungen und Wirkungen<\/b><\/h3>\n<p>Alaskan Ice Hash wird wegen seiner perfekten Balance aus geistiger Euphorie und k\u00f6rperlicher Entspannung hoch gesch\u00e4tzt und bietet typischerweise:<\/p>\n<ul>\n<li style=\"font-weight: 400;\" aria-level=\"1\"><span style=\"font-weight: 400;\">Eine anregende und kreative zerebrale Wirkung<\/span>&nbsp;<\/li>\n<li style=\"font-weight: 400;\" aria-level=\"1\"><span style=\"font-weight: 400;\">Sanfte Muskelentspannung<\/span>&nbsp;<\/li>\n<li style=\"font-weight: 400;\" aria-level=\"1\"><span style=\"font-weight: 400;\">M\u00f6gliche Linderung von Stress und Angst<\/span>&nbsp;<\/li>\n<li style=\"font-weight: 400;\" aria-level=\"1\"><span style=\"font-weight: 400;\">F\u00fcr manche Verbraucher eine Schlafhilfe<\/span>&nbsp;<\/li>\n<\/ul>\n<p><span style=\"font-weight: 400;\">Dieses Haschisch kann auf verschiedene Weise konsumiert werden: durch Verbrennung, Verdampfung oder als Teil kulinarischer Zubereitungen.<\/span><\/p>\n<h3><b>Juridisk status (afh\u00e6ngigt af region)<\/b><\/h3>\n<p>Der Rechtsstatus von Alaskan Ice Hash variiert je nach Land und Region. Mancherorts sind Cannabiskonzentrate erlaubt, w\u00e4hrend sie andernorts verboten bleiben. Bevor Sie Alaskan Ice Hash online bestellen, informieren Sie sich \u00fcber die \u00f6rtlichen Gesetze, um m\u00f6gliche Probleme zu vermeiden.<\/p>\n<h3><b>Warum Alaskan Ice Hash online kaufen?<\/b><\/h3>\n<h3><b>Zug\u00e4nglichkeit<\/b><\/h3>\n<p>Wenn Sie Alaskan Ice Hash online kaufen, erhalten Sie Zugriff auf eine vielf\u00e4ltige Auswahl, die im station\u00e4ren Handel oft schwer zu finden ist. Genie\u00dfen Sie eine erstklassige Auswahl bequem von zu Hause aus.<\/p>\n<h3><b>Vielzahl von Verk\u00e4ufern<\/b><\/h3>\n<p>Im Internet gibt es zahlreiche Websites, die Alaskan Ice Hash zum Verkauf anbieten und Ihnen so die M\u00f6glichkeit geben, Angebote, Preise und Kundenbewertungen einfach zu vergleichen.<\/p>\n<h3><b>Diskreter Versand<\/b><\/h3>\n<p>Ihre Privatsph\u00e4re ist uns wichtig. Vertrauensw\u00fcrdige Plattformen garantieren diskreten und sicheren Versand und stellen sicher, dass Ihre Bestellung Sie absolut vertraulich erreicht.<\/p>\n<h3><b>Come scegliere un venditore affidabile?<\/b><\/h3>\n<p>Um den besten Ort zum Online-Kauf von Alaskan Ice Hash zu finden, achten Sie auf:<\/p>\n<ul>\n<li style=\"font-weight: 400;\" aria-level=\"1\">Transparenz beim Preis von Alaskan Ice Hash&nbsp;<\/li>\n<li style=\"font-weight: 400;\" aria-level=\"1\"><span style=\"font-weight: 400;\">Die Qualit\u00e4t der Produktbeschreibungen und das m\u00f6gliche Vorhandensein von Laboranalysen<\/span>&nbsp;<\/li>\n<li style=\"font-weight: 400;\" aria-level=\"1\"><span style=\"font-weight: 400;\">Klare Versand- und R\u00fcckgaberichtlinien<\/span>&nbsp;<\/li>\n<li style=\"font-weight: 400;\" aria-level=\"1\"><span style=\"font-weight: 400;\">Klare Versand- und R\u00fcckgaberichtlinien<\/span>&nbsp;<\/li>\n<li style=\"font-weight: 400;\" aria-level=\"1\"><span style=\"font-weight: 400;\">Reaktionsf\u00e4higkeit des Kundendienstes<\/span>&nbsp;<\/li>\n<\/ul>\n<h3><b>Lieferbedingungen<\/b><\/h3>\n<p><span style=\"font-weight: 400;\">Eine gute Site sollte Folgendes bieten:<\/span><\/p>\n<ul>\n<li style=\"font-weight: 400;\" aria-level=\"1\"><span style=\"font-weight: 400;\">Angemessene Lieferzeiten<\/span>&nbsp;<\/li>\n<li style=\"font-weight: 400;\" aria-level=\"1\"><span style=\"font-weight: 400;\">Tracking-Optionen<\/span>&nbsp;<\/li>\n<li style=\"font-weight: 400;\" aria-level=\"1\"><span style=\"font-weight: 400;\">Garantien bei Verlust oder Nichterhalt<\/span>&nbsp;<\/li>\n<\/ul>\n<h3><b>Risiken und \u00dcberlegungen<\/b><\/h3>\n<h3><b>Gesundheitsrisiken<\/b><\/h3>\n<p><span style=\"font-weight: 400;\">Wie jedes Cannabiskonzentrat ist auch dieses Haschisch stark. Neuen Nutzern wird empfohlen, mit kleinen Dosen zu beginnen, um ihre Vertr\u00e4glichkeit einzusch\u00e4tzen. Vermeiden Sie unseri\u00f6se Anbieter, die m\u00f6glicherweise verunreinigte oder minderwertige Produkte anbieten.<\/span><\/p>\n<h3><b>Abschluss<\/b><\/h3>\n<p>Wer Alaskan Ice Hash online bestellt, entscheidet sich f\u00fcr ein Premium-Erlebnis, das die Erwartungen von Konzentratliebhabern erf\u00fcllt. Mit seiner reinen Textur, der ausgewogenen Wirkung und dem raffinierten Geschmack sticht dieses Hasch deutlich hervor.<\/p>\n<h3><b>Erinnerung: \u00dcberpr\u00fcfen Sie die \u00f6rtlichen Gesetze<\/b><\/h3>\n<p><span style=\"font-weight: 400;\">\u00dcberpr\u00fcfen Sie vor dem Kauf die Legalit\u00e4t in Ihrer Region. Kaufen Sie mit Bedacht, w\u00e4hlen Sie einen zuverl\u00e4ssigen Verk\u00e4ufer und genie\u00dfen Sie dieses Produkt verantwortungsbewusst.<\/span><\/p>","protected":false},"excerpt":{"rendered":"<p>Introduction \u00e0 l&rsquo;Alaskan Ice Hash \u00c0 la recherche d\u2019une exp\u00e9rience cannabique premium ? L&rsquo;Alaskan Ice Hash est reconnu pour sa puret\u00e9 exceptionnelle, sa texture soyeuse et ses effets puissants. Avec son aspect givr\u00e9 et ses ar\u00f4mes intenses, ce hash s\u2019adresse aux amateurs exigeants \u00e0 la recherche d\u2019une qualit\u00e9 sup\u00e9rieure. Que vous soyez un consommateur exp\u00e9riment\u00e9&#8230;<\/p>","protected":false},"featured_media":1471,"comment_status":"open","ping_status":"closed","template":"","meta":{"_kadence_starter_templates_imported_post":false,"_kad_post_transparent":"default","_kad_post_title":"","_kad_post_layout":"default","_kad_post_sidebar_id":"","_kad_post_content_style":"default","_kad_post_vertical_padding":"default","_kad_post_feature":"","_kad_post_feature_position":"","_kad_post_header":false,"_kad_post_footer":false,"_joinchat":[]},"product_brand":[],"product_cat":[31],"product_tag":[],"class_list":{"0":"post-1365","1":"product","2":"type-product","3":"status-publish","4":"has-post-thumbnail","6":"product_cat-haschisch","8":"first","9":"instock","10":"shipping-taxable","11":"purchasable","12":"product-type-variable","13":"entry","14":"content-bg","15":"loop-entry"},"yoast_head":"<!-- This site is optimized with the Yoast SEO plugin v23.5 - https:\/\/yoast.com\/wordpress\/plugins\/seo\/ -->\n<title>Achetez du haschisch glac\u00e9 d&#039;Alaska en ligne<\/title>\n<meta name=\"description\" content=\"C&#039;est le meilleur moment pour visiter notre boutique en ligne et acheter du haschisch de glace d&#039;Alaska en ligne. Nous avons du haschisch de glace d&#039;Alaska de haute qualit\u00e9 \u00e0 vendre ici au prix le plus abordable. Rencontrez-nous en ligne et passez votre commande d\u00e8s aujourd&#039;hui.\" \/>\n<meta name=\"robots\" content=\"index, follow, max-snippet:-1, max-image-preview:large, max-video-preview:-1\" \/>\n<link rel=\"canonical\" href=\"https:\/\/herbelegale.com\/de\/product\/alaskan-ice-hash\/\" \/>\n<meta property=\"og:locale\" content=\"de_DE\" \/>\n<meta property=\"og:type\" content=\"article\" \/>\n<meta property=\"og:title\" content=\"Achetez du haschisch glac\u00e9 d&#039;Alaska en ligne\" \/>\n<meta property=\"og:description\" content=\"C&#039;est le meilleur moment pour visiter notre boutique en ligne et acheter du haschisch de glace d&#039;Alaska en ligne. Nous avons du haschisch de glace d&#039;Alaska de haute qualit\u00e9 \u00e0 vendre ici au prix le plus abordable. Rencontrez-nous en ligne et passez votre commande d\u00e8s aujourd&#039;hui.\" \/>\n<meta property=\"og:url\" content=\"https:\/\/herbelegale.com\/de\/product\/alaskan-ice-hash\/\" \/>\n<meta property=\"og:site_name\" content=\"Herbe L\u00e9gale\" \/>\n<meta property=\"article:modified_time\" content=\"2025-07-18T10:54:40+00:00\" \/>\n<meta property=\"og:image\" content=\"https:\/\/herbelegale.com\/wp-content\/uploads\/2023\/09\/Alaskan-Ice-Hash-1.jpg\" \/>\n\t<meta property=\"og:image:width\" content=\"600\" \/>\n\t<meta property=\"og:image:height\" content=\"600\" \/>\n\t<meta property=\"og:image:type\" content=\"image\/jpeg\" \/>\n<meta name=\"twitter:card\" content=\"summary_large_image\" \/>\n<meta name=\"twitter:label1\" content=\"Gesch\u00e4tzte Lesezeit\" \/>\n\t<meta name=\"twitter:data1\" content=\"3\u00a0Minuten\" \/>\n<script type=\"application\/ld+json\" class=\"yoast-schema-graph\">{\"@context\":\"https:\/\/schema.org\",\"@graph\":[{\"@type\":\"WebPage\",\"@id\":\"https:\/\/herbelegale.com\/product\/alaskan-ice-hash\/\",\"url\":\"https:\/\/herbelegale.com\/product\/alaskan-ice-hash\/\",\"name\":\"Achetez du haschisch glac\u00e9 d'Alaska en ligne\",\"isPartOf\":{\"@id\":\"https:\/\/herbelegale.com\/#website\"},\"primaryImageOfPage\":{\"@id\":\"https:\/\/herbelegale.com\/product\/alaskan-ice-hash\/#primaryimage\"},\"image\":{\"@id\":\"https:\/\/herbelegale.com\/product\/alaskan-ice-hash\/#primaryimage\"},\"thumbnailUrl\":\"https:\/\/herbelegale.com\/wp-content\/uploads\/2023\/09\/Alaskan-Ice-Hash-1.jpg\",\"datePublished\":\"2023-09-30T10:32:51+00:00\",\"dateModified\":\"2025-07-18T10:54:40+00:00\",\"description\":\"C'est le meilleur moment pour visiter notre boutique en ligne et acheter du haschisch de glace d'Alaska en ligne. Nous avons du haschisch de glace d'Alaska de haute qualit\u00e9 \u00e0 vendre ici au prix le plus abordable. Rencontrez-nous en ligne et passez votre commande d\u00e8s aujourd'hui.\",\"breadcrumb\":{\"@id\":\"https:\/\/herbelegale.com\/product\/alaskan-ice-hash\/#breadcrumb\"},\"inLanguage\":\"de\",\"potentialAction\":[{\"@type\":\"ReadAction\",\"target\":[\"https:\/\/herbelegale.com\/product\/alaskan-ice-hash\/\"]}]},{\"@type\":\"ImageObject\",\"inLanguage\":\"de\",\"@id\":\"https:\/\/herbelegale.com\/product\/alaskan-ice-hash\/#primaryimage\",\"url\":\"https:\/\/herbelegale.com\/wp-content\/uploads\/2023\/09\/Alaskan-Ice-Hash-1.jpg\",\"contentUrl\":\"https:\/\/herbelegale.com\/wp-content\/uploads\/2023\/09\/Alaskan-Ice-Hash-1.jpg\",\"width\":600,\"height\":600,\"caption\":\"Alaskan Ice Hash\"},{\"@type\":\"BreadcrumbList\",\"@id\":\"https:\/\/herbelegale.com\/product\/alaskan-ice-hash\/#breadcrumb\",\"itemListElement\":[{\"@type\":\"ListItem\",\"position\":1,\"name\":\"Home\",\"item\":\"https:\/\/herbelegale.com\/\"},{\"@type\":\"ListItem\",\"position\":2,\"name\":\"Boutique\",\"item\":\"https:\/\/herbelegale.com\/boutique\/\"},{\"@type\":\"ListItem\",\"position\":3,\"name\":\"Alaskan Ice Hash\"}]},{\"@type\":\"WebSite\",\"@id\":\"https:\/\/herbelegale.com\/#website\",\"url\":\"https:\/\/herbelegale.com\/\",\"name\":\"Herbe L\u00e9gale\",\"description\":\"Acheter de l&#039;herbe en ligne\",\"publisher\":{\"@id\":\"https:\/\/herbelegale.com\/#organization\"},\"potentialAction\":[{\"@type\":\"SearchAction\",\"target\":{\"@type\":\"EntryPoint\",\"urlTemplate\":\"https:\/\/herbelegale.com\/?s={search_term_string}\"},\"query-input\":{\"@type\":\"PropertyValueSpecification\",\"valueRequired\":true,\"valueName\":\"search_term_string\"}}],\"inLanguage\":\"de\"},{\"@type\":\"Organization\",\"@id\":\"https:\/\/herbelegale.com\/#organization\",\"name\":\"Herbe L\u00e9gale\",\"url\":\"https:\/\/herbelegale.com\/\",\"logo\":{\"@type\":\"ImageObject\",\"inLanguage\":\"de\",\"@id\":\"https:\/\/herbelegale.com\/#\/schema\/logo\/image\/\",\"url\":\"https:\/\/herbelegale.com\/wp-content\/uploads\/2023\/10\/logo-1.png\",\"contentUrl\":\"https:\/\/herbelegale.com\/wp-content\/uploads\/2023\/10\/logo-1.png\",\"width\":400,\"height\":120,\"caption\":\"Herbe L\u00e9gale\"},\"image\":{\"@id\":\"https:\/\/herbelegale.com\/#\/schema\/logo\/image\/\"}}]}<\/script>\n<!-- \/ Yoast SEO plugin. -->","yoast_head_json":{"title":"Achetez du haschisch glac\u00e9 d'Alaska en ligne","description":"C'est le meilleur moment pour visiter notre boutique en ligne et acheter du haschisch de glace d'Alaska en ligne. Nous avons du haschisch de glace d'Alaska de haute qualit\u00e9 \u00e0 vendre ici au prix le plus abordable. Rencontrez-nous en ligne et passez votre commande d\u00e8s aujourd'hui.","robots":{"index":"index","follow":"follow","max-snippet":"max-snippet:-1","max-image-preview":"max-image-preview:large","max-video-preview":"max-video-preview:-1"},"canonical":"https:\/\/herbelegale.com\/de\/product\/alaskan-ice-hash\/","og_locale":"de_DE","og_type":"article","og_title":"Achetez du haschisch glac\u00e9 d'Alaska en ligne","og_description":"C'est le meilleur moment pour visiter notre boutique en ligne et acheter du haschisch de glace d'Alaska en ligne. Nous avons du haschisch de glace d'Alaska de haute qualit\u00e9 \u00e0 vendre ici au prix le plus abordable. Rencontrez-nous en ligne et passez votre commande d\u00e8s aujourd'hui.","og_url":"https:\/\/herbelegale.com\/de\/product\/alaskan-ice-hash\/","og_site_name":"Herbe L\u00e9gale","article_modified_time":"2025-07-18T10:54:40+00:00","og_image":[{"width":600,"height":600,"url":"https:\/\/herbelegale.com\/wp-content\/uploads\/2023\/09\/Alaskan-Ice-Hash-1.jpg","type":"image\/jpeg"}],"twitter_card":"summary_large_image","twitter_misc":{"Gesch\u00e4tzte Lesezeit":"3\u00a0Minuten"},"schema":{"@context":"https:\/\/schema.org","@graph":[{"@type":"WebPage","@id":"https:\/\/herbelegale.com\/product\/alaskan-ice-hash\/","url":"https:\/\/herbelegale.com\/product\/alaskan-ice-hash\/","name":"Achetez du haschisch glac\u00e9 d'Alaska en ligne","isPartOf":{"@id":"https:\/\/herbelegale.com\/#website"},"primaryImageOfPage":{"@id":"https:\/\/herbelegale.com\/product\/alaskan-ice-hash\/#primaryimage"},"image":{"@id":"https:\/\/herbelegale.com\/product\/alaskan-ice-hash\/#primaryimage"},"thumbnailUrl":"https:\/\/herbelegale.com\/wp-content\/uploads\/2023\/09\/Alaskan-Ice-Hash-1.jpg","datePublished":"2023-09-30T10:32:51+00:00","dateModified":"2025-07-18T10:54:40+00:00","description":"C'est le meilleur moment pour visiter notre boutique en ligne et acheter du haschisch de glace d'Alaska en ligne. Nous avons du haschisch de glace d'Alaska de haute qualit\u00e9 \u00e0 vendre ici au prix le plus abordable. Rencontrez-nous en ligne et passez votre commande d\u00e8s aujourd'hui.","breadcrumb":{"@id":"https:\/\/herbelegale.com\/product\/alaskan-ice-hash\/#breadcrumb"},"inLanguage":"de","potentialAction":[{"@type":"ReadAction","target":["https:\/\/herbelegale.com\/product\/alaskan-ice-hash\/"]}]},{"@type":"ImageObject","inLanguage":"de","@id":"https:\/\/herbelegale.com\/product\/alaskan-ice-hash\/#primaryimage","url":"https:\/\/herbelegale.com\/wp-content\/uploads\/2023\/09\/Alaskan-Ice-Hash-1.jpg","contentUrl":"https:\/\/herbelegale.com\/wp-content\/uploads\/2023\/09\/Alaskan-Ice-Hash-1.jpg","width":600,"height":600,"caption":"Alaskan Ice Hash"},{"@type":"BreadcrumbList","@id":"https:\/\/herbelegale.com\/product\/alaskan-ice-hash\/#breadcrumb","itemListElement":[{"@type":"ListItem","position":1,"name":"Home","item":"https:\/\/herbelegale.com\/"},{"@type":"ListItem","position":2,"name":"Boutique","item":"https:\/\/herbelegale.com\/boutique\/"},{"@type":"ListItem","position":3,"name":"Alaskan Ice Hash"}]},{"@type":"WebSite","@id":"https:\/\/herbelegale.com\/#website","url":"https:\/\/herbelegale.com\/","name":"Herbe L\u00e9gale","description":"Acheter de l&#039;herbe en ligne","publisher":{"@id":"https:\/\/herbelegale.com\/#organization"},"potentialAction":[{"@type":"SearchAction","target":{"@type":"EntryPoint","urlTemplate":"https:\/\/herbelegale.com\/?s={search_term_string}"},"query-input":{"@type":"PropertyValueSpecification","valueRequired":true,"valueName":"search_term_string"}}],"inLanguage":"de"},{"@type":"Organization","@id":"https:\/\/herbelegale.com\/#organization","name":"Herbe L\u00e9gale","url":"https:\/\/herbelegale.com\/","logo":{"@type":"ImageObject","inLanguage":"de","@id":"https:\/\/herbelegale.com\/#\/schema\/logo\/image\/","url":"https:\/\/herbelegale.com\/wp-content\/uploads\/2023\/10\/logo-1.png","contentUrl":"https:\/\/herbelegale.com\/wp-content\/uploads\/2023\/10\/logo-1.png","width":400,"height":120,"caption":"Herbe L\u00e9gale"},"image":{"@id":"https:\/\/herbelegale.com\/#\/schema\/logo\/image\/"}}]}},"_links":{"self":[{"href":"https:\/\/herbelegale.com\/de\/wp-json\/wp\/v2\/product\/1365","targetHints":{"allow":["GET"]}}],"collection":[{"href":"https:\/\/herbelegale.com\/de\/wp-json\/wp\/v2\/product"}],"about":[{"href":"https:\/\/herbelegale.com\/de\/wp-json\/wp\/v2\/types\/product"}],"replies":[{"embeddable":true,"href":"https:\/\/herbelegale.com\/de\/wp-json\/wp\/v2\/comments?post=1365"}],"wp:featuredmedia":[{"embeddable":true,"href":"https:\/\/herbelegale.com\/de\/wp-json\/wp\/v2\/media\/1471"}],"wp:attachment":[{"href":"https:\/\/herbelegale.com\/de\/wp-json\/wp\/v2\/media?parent=1365"}],"wp:term":[{"taxonomy":"product_brand","embeddable":true,"href":"https:\/\/herbelegale.com\/de\/wp-json\/wp\/v2\/product_brand?post=1365"},{"taxonomy":"product_cat","embeddable":true,"href":"https:\/\/herbelegale.com\/de\/wp-json\/wp\/v2\/product_cat?post=1365"},{"taxonomy":"product_tag","embeddable":true,"href":"https:\/\/herbelegale.com\/de\/wp-json\/wp\/v2\/product_tag?post=1365"}],"curies":[{"name":"wp","href":"https:\/\/api.w.org\/{rel}","templated":true}]}}