{"id":1344,"date":"2023-09-30T10:15:01","date_gmt":"2023-09-30T10:15:01","guid":{"rendered":"https:\/\/nembutalhouse.com\/weed\/?post_type=product&#038;p=1344"},"modified":"2025-07-19T05:03:31","modified_gmt":"2025-07-19T05:03:31","slug":"fendi-og-hash","status":"publish","type":"product","link":"https:\/\/herbelegale.com\/de\/product\/fendi-og-hash\/","title":{"rendered":"Fendi OG Hash"},"content":{"rendered":"<h2><b>Einf\u00fchrung in Fendi OG Hash<\/b><\/h2>\n<p>Le <a href=\"https:\/\/herbelegale.com\/de\/product\/fendi-og-hash\/\">Fendi OG Hash<\/a> ist ein hochwertiges Cannabisharz, das wegen seines intensiven Geschmacks, seiner reichhaltigen Textur und seiner kraftvollen Wirkung gesch\u00e4tzt wird. Dieses raffinierte Konzentrat vereint die Eleganz von handwerklich hergestelltem Haschisch mit der Kraft legend\u00e4rer OG-Sorten. Ideal f\u00fcr Liebhaber, die ein intensives Erlebnis suchen, verf\u00fchrt es mit seinen unverwechselbaren erdigen und w\u00fcrzigen Aromen.<\/p>\n<p>Dank Online-Shopping ist es heute einfacher denn je, <a href=\"https:\/\/en.wikipedia.org\/wiki\/Fendi\">Fendi OG Hash online bestellen<\/a> und genie\u00dfen Sie dieses einzigartige Erlebnis direkt zu Hause.<\/p>\n<h3><b>Was ist Fendi OG Hash?<\/b><\/h3>\n<p>Fendi OG Hash wird aus sorgf\u00e4ltig ausgew\u00e4hlten OG Kush-Sorten hergestellt und ist ein harziges Konzentrat, das nach altbew\u00e4hrten handwerklichen Methoden hergestellt wird, was ihm eine formbare Textur und eine dunkelbraune Farbe verleiht.<\/p>\n<p><span style=\"font-weight: 400;\">Dies ist ein sehr hochwertiges Haschisch, das eine schnelle Wirkung und eine starke Wirkung erzielt. Es ist reich an THC und bekannt f\u00fcr seine Aromen von Erde, Gew\u00fcrzen und Kiefer, die durch eine leichte S\u00fc\u00dfe beim Ausatmen verst\u00e4rkt werden.<\/span><\/p>\n<h3><b>H\u00e4ufige Verwendungen und Wirkungen<\/b><\/h3>\n<p>Erfahrene Verbraucher sch\u00e4tzen Fendi OG Hash f\u00fcr:<\/p>\n<ul>\n<li style=\"font-weight: 400;\" aria-level=\"1\"><span style=\"font-weight: 400;\">Voimakas rentouttava vaikutus kehoon ja mieleen<\/span>&nbsp;<\/li>\n<li style=\"font-weight: 400;\" aria-level=\"1\"><span style=\"font-weight: 400;\">Lempe\u00e4n ja kest\u00e4v\u00e4n euforian tunne<\/span>&nbsp;<\/li>\n<li style=\"font-weight: 400;\" aria-level=\"1\"><span style=\"font-weight: 400;\">Pomoc w radzeniu sobie ze stresem i zaburzeniami snu<\/span>&nbsp;<\/li>\n<li style=\"font-weight: 400;\" aria-level=\"1\"><span style=\"font-weight: 400;\">Rikas ja moniulotteinen tuoksu, joka ilahduttaa vaativaakin makuaistia<\/span>&nbsp;<\/li>\n<\/ul>\n<p><span style=\"font-weight: 400;\">Der Konsum erfolgt im Allgemeinen durch Verbrennung, gemischt mit Bl\u00fcten oder in geeigneten Verdampfern.<\/span><\/p>\n<h3><b>Juridisk status (afh\u00e6ngigt af region)<\/b><\/h3>\n<p>Der rechtliche Status von Fendi OG Hash variiert von Land zu Land. In einigen Gebieten ist der Konsum unter bestimmten Bedingungen erlaubt, w\u00e4hrend er in anderen streng verboten ist. Bevor Sie Fendi OG Hash online kaufen, sollten Sie unbedingt die Vorschriften in Ihrem Land pr\u00fcfen.<\/p>\n<h3><b>Pourquoi acheter Fendi OG Hash en ligne ?<\/b><\/h3>\n<h3><b>Zug\u00e4nglichkeit<\/b><\/h3>\n<p>Der Online-Kauf von Fendi OG Hash bietet einfachen Zugang zu Produkten h\u00f6chster Qualit\u00e4t, die \u00fcber herk\u00f6mmliche Kan\u00e4le oft schwer zu finden sind.<\/p>\n<h3><b>Vielzahl von Verk\u00e4ufern<\/b><\/h3>\n<p>Im Internet finden Sie eine gro\u00dfe Auswahl an Fendi OG Hash zum Verkauf, mit unterschiedlicher Herkunft, Konzentration und Preis, um alle Verbraucherprofile zufriedenzustellen.<\/p>\n<h3><b>Diskreter Versand<\/b><\/h3>\n<p>Die besten Fachseiten garantieren eine diskrete und sichere Lieferung, sodass Sie Ihre Bestellung absolut vertraulich erhalten.<\/p>\n<h3><b>Come scegliere un venditore affidabile?<\/b><\/h3>\n<p>Hier sind einige wichtige Tipps, um den besten Ort zum Online-Kauf von Amnesia Jelly Hash zu finden:<\/p>\n<ul>\n<li style=\"font-weight: 400;\" aria-level=\"1\">Por\u00f3wnaj cen\u0119 Fendi OG Hash oferowan\u0105 przez r\u00f3\u017cnych sprzedawc\u00f3w&nbsp;<\/li>\n<li style=\"font-weight: 400;\" aria-level=\"1\"><span style=\"font-weight: 400;\">Suosi sivustoja, joilla on vahvistettuja asiakasarvosteluja<\/span>&nbsp;<\/li>\n<li style=\"font-weight: 400;\" aria-level=\"1\"><span style=\"font-weight: 400;\">Tarkista analyysitodistukset, jotka takaavat laadun ja puhtauden<\/span>&nbsp;<\/li>\n<li style=\"font-weight: 400;\" aria-level=\"1\"><span style=\"font-weight: 400;\">Szybka i profesjonalna obs\u0142uga klienta<\/span>&nbsp;<\/li>\n<li style=\"font-weight: 400;\" aria-level=\"1\"><span style=\"font-weight: 400;\">Zapoznaj si\u0119 z warunkami dostawy i zwrotu<\/span>&nbsp;<\/li>\n<\/ul>\n<h3><b>Lieferbedingungen<\/b><\/h3>\n<p><span style=\"font-weight: 400;\">Wiarygodna strona internetowa oferuje:<\/span><\/p>\n<ul>\n<li style=\"font-weight: 400;\" aria-level=\"1\"><span style=\"font-weight: 400;\">Toimitusaikatauluja noudatettu<\/span>&nbsp;<\/li>\n<li style=\"font-weight: 400;\" aria-level=\"1\"><span style=\"font-weight: 400;\">Een duidelijk trackingsysteem voor uw bestelling<\/span>&nbsp;<\/li>\n<li style=\"font-weight: 400;\" aria-level=\"1\"><span style=\"font-weight: 400;\">Uma garantia ou reembolso em caso de problema<\/span>&nbsp;<\/li>\n<\/ul>\n<h3><b>Risiken und \u00dcberlegungen <\/b><b>Gesundheitsrisiken<\/b><\/h3>\n<p>Fendi OG Hash ist ein konzentriertes Produkt mit hohem THC-Gehalt. Anf\u00e4ngern empfiehlt es sich, mit kleinen Mengen zu beginnen. Verantwortungsvoller Einkauf bedeutet auch, zuverl\u00e4ssige Verk\u00e4ufer zu w\u00e4hlen, um ein reines Produkt ohne sch\u00e4dliche Zusatzstoffe zu gew\u00e4hrleisten.<\/p>\n<h3><b>Abschluss<\/b><\/h3>\n<p>Fendi OG Hash ist ein hochwertiges Produkt f\u00fcr Liebhaber reichhaltiger, potenter und authentischer Harze. Dank spezialisierter Plattformen ist es jetzt einfacher und sicherer, Fendi OG Hash online bei seri\u00f6sen Anbietern zu kaufen.<\/p>","protected":false},"excerpt":{"rendered":"<p>Introduction au Fendi OG Hash Le Fendi OG Hash est une r\u00e9sine de cannabis haut de gamme, recherch\u00e9e pour son go\u00fbt profond, sa texture riche et ses effets puissants. Ce concentr\u00e9 raffin\u00e9 incarne l\u2019\u00e9l\u00e9gance du haschich artisanal alli\u00e9e \u00e0 la puissance des vari\u00e9t\u00e9s OG embl\u00e9matiques. Id\u00e9al pour les amateurs \u00e0 la recherche d&rsquo;une exp\u00e9rience intense,&#8230;<\/p>","protected":false},"featured_media":1466,"comment_status":"open","ping_status":"closed","template":"","meta":{"_kadence_starter_templates_imported_post":false,"_kad_post_transparent":"default","_kad_post_title":"","_kad_post_layout":"default","_kad_post_sidebar_id":"","_kad_post_content_style":"default","_kad_post_vertical_padding":"default","_kad_post_feature":"","_kad_post_feature_position":"","_kad_post_header":false,"_kad_post_footer":false,"_joinchat":[]},"product_brand":[],"product_cat":[31],"product_tag":[],"class_list":{"0":"post-1344","1":"product","2":"type-product","3":"status-publish","4":"has-post-thumbnail","6":"product_cat-haschisch","8":"first","9":"instock","10":"shipping-taxable","11":"purchasable","12":"product-type-variable","13":"entry","14":"content-bg","15":"loop-entry"},"yoast_head":"<!-- This site is optimized with the Yoast SEO plugin v23.5 - https:\/\/yoast.com\/wordpress\/plugins\/seo\/ -->\n<title>Achetez Fendi OG Hash en ligne - Fendi OG Hash \u00e0 vendre<\/title>\n<meta name=\"description\" content=\"Vous pouvez acheter Fendi OG Hash en vente dans notre magasin herebelegale et le recevoir \u00e0 votre porte sans aucun probl\u00e8me. Nous vous aidons \u00e0 acheter Fendi OG Hash en ligne. Commandez maintenant !\" \/>\n<meta name=\"robots\" content=\"index, follow, max-snippet:-1, max-image-preview:large, max-video-preview:-1\" \/>\n<link rel=\"canonical\" href=\"https:\/\/herbelegale.com\/de\/product\/fendi-og-hash\/\" \/>\n<meta property=\"og:locale\" content=\"de_DE\" \/>\n<meta property=\"og:type\" content=\"article\" \/>\n<meta property=\"og:title\" content=\"Achetez Fendi OG Hash en ligne - Fendi OG Hash \u00e0 vendre\" \/>\n<meta property=\"og:description\" content=\"Vous pouvez acheter Fendi OG Hash en vente dans notre magasin herebelegale et le recevoir \u00e0 votre porte sans aucun probl\u00e8me. Nous vous aidons \u00e0 acheter Fendi OG Hash en ligne. Commandez maintenant !\" \/>\n<meta property=\"og:url\" content=\"https:\/\/herbelegale.com\/de\/product\/fendi-og-hash\/\" \/>\n<meta property=\"og:site_name\" content=\"Herbe L\u00e9gale\" \/>\n<meta property=\"article:modified_time\" content=\"2025-07-19T05:03:31+00:00\" \/>\n<meta property=\"og:image\" content=\"https:\/\/herbelegale.com\/wp-content\/uploads\/2023\/09\/FENDI-OG-HASH-1.jpg\" \/>\n\t<meta property=\"og:image:width\" content=\"600\" \/>\n\t<meta property=\"og:image:height\" content=\"600\" \/>\n\t<meta property=\"og:image:type\" content=\"image\/jpeg\" \/>\n<meta name=\"twitter:card\" content=\"summary_large_image\" \/>\n<meta name=\"twitter:label1\" content=\"Gesch\u00e4tzte Lesezeit\" \/>\n\t<meta name=\"twitter:data1\" content=\"3\u00a0Minuten\" \/>\n<script type=\"application\/ld+json\" class=\"yoast-schema-graph\">{\"@context\":\"https:\/\/schema.org\",\"@graph\":[{\"@type\":\"WebPage\",\"@id\":\"https:\/\/herbelegale.com\/product\/fendi-og-hash\/\",\"url\":\"https:\/\/herbelegale.com\/product\/fendi-og-hash\/\",\"name\":\"Achetez Fendi OG Hash en ligne - Fendi OG Hash \u00e0 vendre\",\"isPartOf\":{\"@id\":\"https:\/\/herbelegale.com\/#website\"},\"primaryImageOfPage\":{\"@id\":\"https:\/\/herbelegale.com\/product\/fendi-og-hash\/#primaryimage\"},\"image\":{\"@id\":\"https:\/\/herbelegale.com\/product\/fendi-og-hash\/#primaryimage\"},\"thumbnailUrl\":\"https:\/\/herbelegale.com\/wp-content\/uploads\/2023\/09\/FENDI-OG-HASH-1.jpg\",\"datePublished\":\"2023-09-30T10:15:01+00:00\",\"dateModified\":\"2025-07-19T05:03:31+00:00\",\"description\":\"Vous pouvez acheter Fendi OG Hash en vente dans notre magasin herebelegale et le recevoir \u00e0 votre porte sans aucun probl\u00e8me. Nous vous aidons \u00e0 acheter Fendi OG Hash en ligne. Commandez maintenant !\",\"breadcrumb\":{\"@id\":\"https:\/\/herbelegale.com\/product\/fendi-og-hash\/#breadcrumb\"},\"inLanguage\":\"de\",\"potentialAction\":[{\"@type\":\"ReadAction\",\"target\":[\"https:\/\/herbelegale.com\/product\/fendi-og-hash\/\"]}]},{\"@type\":\"ImageObject\",\"inLanguage\":\"de\",\"@id\":\"https:\/\/herbelegale.com\/product\/fendi-og-hash\/#primaryimage\",\"url\":\"https:\/\/herbelegale.com\/wp-content\/uploads\/2023\/09\/FENDI-OG-HASH-1.jpg\",\"contentUrl\":\"https:\/\/herbelegale.com\/wp-content\/uploads\/2023\/09\/FENDI-OG-HASH-1.jpg\",\"width\":600,\"height\":600,\"caption\":\"FENDI-OG-HASH\"},{\"@type\":\"BreadcrumbList\",\"@id\":\"https:\/\/herbelegale.com\/product\/fendi-og-hash\/#breadcrumb\",\"itemListElement\":[{\"@type\":\"ListItem\",\"position\":1,\"name\":\"Home\",\"item\":\"https:\/\/herbelegale.com\/\"},{\"@type\":\"ListItem\",\"position\":2,\"name\":\"Boutique\",\"item\":\"https:\/\/herbelegale.com\/boutique\/\"},{\"@type\":\"ListItem\",\"position\":3,\"name\":\"Fendi OG Hash\"}]},{\"@type\":\"WebSite\",\"@id\":\"https:\/\/herbelegale.com\/#website\",\"url\":\"https:\/\/herbelegale.com\/\",\"name\":\"Herbe L\u00e9gale\",\"description\":\"Acheter de l&#039;herbe en ligne\",\"publisher\":{\"@id\":\"https:\/\/herbelegale.com\/#organization\"},\"potentialAction\":[{\"@type\":\"SearchAction\",\"target\":{\"@type\":\"EntryPoint\",\"urlTemplate\":\"https:\/\/herbelegale.com\/?s={search_term_string}\"},\"query-input\":{\"@type\":\"PropertyValueSpecification\",\"valueRequired\":true,\"valueName\":\"search_term_string\"}}],\"inLanguage\":\"de\"},{\"@type\":\"Organization\",\"@id\":\"https:\/\/herbelegale.com\/#organization\",\"name\":\"Herbe L\u00e9gale\",\"url\":\"https:\/\/herbelegale.com\/\",\"logo\":{\"@type\":\"ImageObject\",\"inLanguage\":\"de\",\"@id\":\"https:\/\/herbelegale.com\/#\/schema\/logo\/image\/\",\"url\":\"https:\/\/herbelegale.com\/wp-content\/uploads\/2023\/10\/logo-1.png\",\"contentUrl\":\"https:\/\/herbelegale.com\/wp-content\/uploads\/2023\/10\/logo-1.png\",\"width\":400,\"height\":120,\"caption\":\"Herbe L\u00e9gale\"},\"image\":{\"@id\":\"https:\/\/herbelegale.com\/#\/schema\/logo\/image\/\"}}]}<\/script>\n<!-- \/ Yoast SEO plugin. -->","yoast_head_json":{"title":"Achetez Fendi OG Hash en ligne - Fendi OG Hash \u00e0 vendre","description":"Vous pouvez acheter Fendi OG Hash en vente dans notre magasin herebelegale et le recevoir \u00e0 votre porte sans aucun probl\u00e8me. Nous vous aidons \u00e0 acheter Fendi OG Hash en ligne. Commandez maintenant !","robots":{"index":"index","follow":"follow","max-snippet":"max-snippet:-1","max-image-preview":"max-image-preview:large","max-video-preview":"max-video-preview:-1"},"canonical":"https:\/\/herbelegale.com\/de\/product\/fendi-og-hash\/","og_locale":"de_DE","og_type":"article","og_title":"Achetez Fendi OG Hash en ligne - Fendi OG Hash \u00e0 vendre","og_description":"Vous pouvez acheter Fendi OG Hash en vente dans notre magasin herebelegale et le recevoir \u00e0 votre porte sans aucun probl\u00e8me. Nous vous aidons \u00e0 acheter Fendi OG Hash en ligne. Commandez maintenant !","og_url":"https:\/\/herbelegale.com\/de\/product\/fendi-og-hash\/","og_site_name":"Herbe L\u00e9gale","article_modified_time":"2025-07-19T05:03:31+00:00","og_image":[{"width":600,"height":600,"url":"https:\/\/herbelegale.com\/wp-content\/uploads\/2023\/09\/FENDI-OG-HASH-1.jpg","type":"image\/jpeg"}],"twitter_card":"summary_large_image","twitter_misc":{"Gesch\u00e4tzte Lesezeit":"3\u00a0Minuten"},"schema":{"@context":"https:\/\/schema.org","@graph":[{"@type":"WebPage","@id":"https:\/\/herbelegale.com\/product\/fendi-og-hash\/","url":"https:\/\/herbelegale.com\/product\/fendi-og-hash\/","name":"Achetez Fendi OG Hash en ligne - Fendi OG Hash \u00e0 vendre","isPartOf":{"@id":"https:\/\/herbelegale.com\/#website"},"primaryImageOfPage":{"@id":"https:\/\/herbelegale.com\/product\/fendi-og-hash\/#primaryimage"},"image":{"@id":"https:\/\/herbelegale.com\/product\/fendi-og-hash\/#primaryimage"},"thumbnailUrl":"https:\/\/herbelegale.com\/wp-content\/uploads\/2023\/09\/FENDI-OG-HASH-1.jpg","datePublished":"2023-09-30T10:15:01+00:00","dateModified":"2025-07-19T05:03:31+00:00","description":"Vous pouvez acheter Fendi OG Hash en vente dans notre magasin herebelegale et le recevoir \u00e0 votre porte sans aucun probl\u00e8me. Nous vous aidons \u00e0 acheter Fendi OG Hash en ligne. Commandez maintenant !","breadcrumb":{"@id":"https:\/\/herbelegale.com\/product\/fendi-og-hash\/#breadcrumb"},"inLanguage":"de","potentialAction":[{"@type":"ReadAction","target":["https:\/\/herbelegale.com\/product\/fendi-og-hash\/"]}]},{"@type":"ImageObject","inLanguage":"de","@id":"https:\/\/herbelegale.com\/product\/fendi-og-hash\/#primaryimage","url":"https:\/\/herbelegale.com\/wp-content\/uploads\/2023\/09\/FENDI-OG-HASH-1.jpg","contentUrl":"https:\/\/herbelegale.com\/wp-content\/uploads\/2023\/09\/FENDI-OG-HASH-1.jpg","width":600,"height":600,"caption":"FENDI-OG-HASH"},{"@type":"BreadcrumbList","@id":"https:\/\/herbelegale.com\/product\/fendi-og-hash\/#breadcrumb","itemListElement":[{"@type":"ListItem","position":1,"name":"Home","item":"https:\/\/herbelegale.com\/"},{"@type":"ListItem","position":2,"name":"Boutique","item":"https:\/\/herbelegale.com\/boutique\/"},{"@type":"ListItem","position":3,"name":"Fendi OG Hash"}]},{"@type":"WebSite","@id":"https:\/\/herbelegale.com\/#website","url":"https:\/\/herbelegale.com\/","name":"Herbe L\u00e9gale","description":"Acheter de l&#039;herbe en ligne","publisher":{"@id":"https:\/\/herbelegale.com\/#organization"},"potentialAction":[{"@type":"SearchAction","target":{"@type":"EntryPoint","urlTemplate":"https:\/\/herbelegale.com\/?s={search_term_string}"},"query-input":{"@type":"PropertyValueSpecification","valueRequired":true,"valueName":"search_term_string"}}],"inLanguage":"de"},{"@type":"Organization","@id":"https:\/\/herbelegale.com\/#organization","name":"Herbe L\u00e9gale","url":"https:\/\/herbelegale.com\/","logo":{"@type":"ImageObject","inLanguage":"de","@id":"https:\/\/herbelegale.com\/#\/schema\/logo\/image\/","url":"https:\/\/herbelegale.com\/wp-content\/uploads\/2023\/10\/logo-1.png","contentUrl":"https:\/\/herbelegale.com\/wp-content\/uploads\/2023\/10\/logo-1.png","width":400,"height":120,"caption":"Herbe L\u00e9gale"},"image":{"@id":"https:\/\/herbelegale.com\/#\/schema\/logo\/image\/"}}]}},"_links":{"self":[{"href":"https:\/\/herbelegale.com\/de\/wp-json\/wp\/v2\/product\/1344","targetHints":{"allow":["GET"]}}],"collection":[{"href":"https:\/\/herbelegale.com\/de\/wp-json\/wp\/v2\/product"}],"about":[{"href":"https:\/\/herbelegale.com\/de\/wp-json\/wp\/v2\/types\/product"}],"replies":[{"embeddable":true,"href":"https:\/\/herbelegale.com\/de\/wp-json\/wp\/v2\/comments?post=1344"}],"wp:featuredmedia":[{"embeddable":true,"href":"https:\/\/herbelegale.com\/de\/wp-json\/wp\/v2\/media\/1466"}],"wp:attachment":[{"href":"https:\/\/herbelegale.com\/de\/wp-json\/wp\/v2\/media?parent=1344"}],"wp:term":[{"taxonomy":"product_brand","embeddable":true,"href":"https:\/\/herbelegale.com\/de\/wp-json\/wp\/v2\/product_brand?post=1344"},{"taxonomy":"product_cat","embeddable":true,"href":"https:\/\/herbelegale.com\/de\/wp-json\/wp\/v2\/product_cat?post=1344"},{"taxonomy":"product_tag","embeddable":true,"href":"https:\/\/herbelegale.com\/de\/wp-json\/wp\/v2\/product_tag?post=1344"}],"curies":[{"name":"wp","href":"https:\/\/api.w.org\/{rel}","templated":true}]}}