{"id":112,"date":"2023-09-22T11:06:39","date_gmt":"2023-09-22T11:06:39","guid":{"rendered":"https:\/\/nembutalhouse.com\/weed\/?post_type=product&#038;p=112"},"modified":"2025-06-14T11:29:09","modified_gmt":"2025-06-14T11:29:09","slug":"pink-rose","status":"publish","type":"product","link":"https:\/\/herbelegale.com\/de\/product\/pink-rose\/","title":{"rendered":"Pink Rose"},"content":{"rendered":"<h1><b>Rosa Rosen online kaufen: Eleganz und Frische nur einen Klick entfernt<\/b><\/h1>\n<p><a href=\"https:\/\/herbelegale.com\/de\/product\/pink-rose\/\"><span style=\"font-weight: 400;\">Der Begriff <\/span><b>Pink Rose<\/b><\/a><span style=\"font-weight: 400;\"><a href=\"https:\/\/herbelegale.com\/de\/product\/pink-rose\/\"> peut<\/a> Der Begriff kann sich auf die zarte und romantische Blume, ein Rosenprodukt (wie Kosmetik, Tee oder Parf\u00fcm) oder auch auf einen thematischen Artikel beziehen, der von dieser Sch\u00f6nheitsikone inspiriert ist. Die rosa Rose erfreut sich derzeit einer starken Online-Nachfrage aufgrund ihrer raffinierten \u00c4sthetik und ihrer vielf\u00e4ltigen Anwendungsm\u00f6glichkeiten \u2013 ob dekorativ, kulinarisch oder im Wellnessbereich.<\/span><\/p>\n<p><span style=\"font-weight: 400;\">Mit dem Aufstieg des digitalen Einkaufens entscheiden sich viele jetzt f\u00fcr <\/span><a href=\"https:\/\/en.wikipedia.org\/wiki\/Rose\"><b>Pink Rose online bestellen<\/b><\/a><span style=\"font-weight: 400;\"> um von einer bequemen, schnellen und oft diskreten Lieferung zu profitieren.<\/span><\/p>\n<h3><b>Warum Pink Rose online kaufen?<\/b><\/h3>\n<p><span style=\"font-weight: 400;\">Kaufen Sie eins <\/span><b>Pink Rose online bestellen<\/b><span style=\"font-weight: 400;\"> pr\u00e9sente plusieurs avantages majeurs :<\/span><\/p>\n<ul>\n<li style=\"font-weight: 400;\" aria-level=\"1\"><b>Diskrete und sorgf\u00e4ltige Lieferung<\/b><span style=\"font-weight: 400;\"> : elegante Verpackung, perfekt zum Verschenken oder zum Eigenkonsum.<\/span><span style=\"font-weight: 400;\">\n<p><\/span><\/li>\n<li style=\"font-weight: 400;\" aria-level=\"1\"><b>Acc\u00e8s \u00e0 un large choix<\/b><span style=\"font-weight: 400;\"> : vari\u00e9t\u00e9s rares, \u00e9ditions limit\u00e9es, produits artisanaux ou de grandes marques.<\/span><span style=\"font-weight: 400;\">\n<p><\/span><\/li>\n<li style=\"font-weight: 400;\" aria-level=\"1\"><b>Confort d\u2019achat<\/b><span style=\"font-weight: 400;\"> : commandez o\u00f9 que vous soyez, \u00e0 tout moment, avec la possibilit\u00e9 de comparer facilement.<\/span><span style=\"font-weight: 400;\">\n<p><\/span><\/li>\n<li style=\"font-weight: 400;\" aria-level=\"1\"><b>Prix comp\u00e9titifs<\/b><span style=\"font-weight: 400;\"> : souvent moins cher que dans les boutiques physiques, avec des offres exclusives en ligne.<\/span><span style=\"font-weight: 400;\">\n<p><\/span><\/li>\n<\/ul>\n<h3><b>Was macht ein gro\u00dfartiges Pink Rose-Produkt aus?<\/b><\/h3>\n<p><span style=\"font-weight: 400;\">Pour garantir la qualit\u00e9 du Pink Rose, qu\u2019il s\u2019agisse de fleurs fra\u00eeches ou de produits d\u00e9riv\u00e9s, voici les crit\u00e8res essentiels :<\/span><\/p>\n<ul>\n<li style=\"font-weight: 400;\" aria-level=\"1\"><b>Fra\u00eecheur et qualit\u00e9<\/b><span style=\"font-weight: 400;\"> : rose naturelle, r\u00e9colt\u00e9e avec soin ou ingr\u00e9dients purs dans les produits.<\/span><span style=\"font-weight: 400;\">\n<p><\/span><\/li>\n<li style=\"font-weight: 400;\" aria-level=\"1\"><b>Aspect esth\u00e9tique<\/b><span style=\"font-weight: 400;\"> : couleur rose \u00e9clatante et forme parfaite pour les fleurs, design soign\u00e9 pour les articles th\u00e9matiques.<\/span><span style=\"font-weight: 400;\">\n<p><\/span><\/li>\n<li style=\"font-weight: 400;\" aria-level=\"1\"><b>Authenticit\u00e9<\/b><span style=\"font-weight: 400;\"> : transparence sur l\u2019origine et la fabrication.<\/span><span style=\"font-weight: 400;\">\n<p><\/span><\/li>\n<li style=\"font-weight: 400;\" aria-level=\"1\"><b>Efficacit\u00e9 et parfum<\/b><span style=\"font-weight: 400;\"> : pour les cosm\u00e9tiques et parfums, une senteur d\u00e9licate et durable.<\/span><span style=\"font-weight: 400;\">\n<p><\/span><\/li>\n<\/ul>\n<h3><b>Beste Plattformen, um rosa Rosen online zu bestellen<\/b><\/h3>\n<ul>\n<li style=\"font-weight: 400;\" aria-level=\"1\"><b>Fleuristes en ligne sp\u00e9cialis\u00e9s<\/b><span style=\"font-weight: 400;\"> : offrent des roses fra\u00eeches et livr\u00e9es sous 24h.<\/span><span style=\"font-weight: 400;\">\n<p><\/span><\/li>\n<li style=\"font-weight: 400;\" aria-level=\"1\"><b>Boutiques de cosm\u00e9tiques bio et naturels<\/b><span style=\"font-weight: 400;\"> : avec produits \u00e0 base d\u2019essence de rose.<\/span><span style=\"font-weight: 400;\">\n<p><\/span><\/li>\n<li style=\"font-weight: 400;\" aria-level=\"1\"><b>March\u00e9s artisanaux et plateformes comme Etsy<\/b><span style=\"font-weight: 400;\"> : produits uniques et faits main.<\/span><span style=\"font-weight: 400;\">\n<p><\/span><\/li>\n<li style=\"font-weight: 400;\" aria-level=\"1\"><b>Grands sites e-commerce<\/b><span style=\"font-weight: 400;\"> : s\u00e9lection vari\u00e9e et livraison rapide.<\/span><span style=\"font-weight: 400;\">\n<p><\/span><\/li>\n<\/ul>\n<h3><b>Wie w\u00e4hlt man das richtige Produkt oder den richtigen Verk\u00e4ufer aus?<\/b><\/h3>\n<ul>\n<li style=\"font-weight: 400;\" aria-level=\"1\"><b>Lisez les avis clients<\/b><span style=\"font-weight: 400;\"> : ils sont gage de fiabilit\u00e9 et qualit\u00e9.<\/span><span style=\"font-weight: 400;\">\n<p><\/span><\/li>\n<li style=\"font-weight: 400;\" aria-level=\"1\"><b>V\u00e9rifiez la politique de livraison et fra\u00eecheur<\/b><span style=\"font-weight: 400;\"> : surtout pour les fleurs fra\u00eeches.<\/span><span style=\"font-weight: 400;\">\n<p><\/span><\/li>\n<li style=\"font-weight: 400;\" aria-level=\"1\"><b>Privil\u00e9giez les vendeurs transparents sur les ingr\u00e9dients ou provenance<\/b><span style=\"font-weight: 400;\">.<\/span><span style=\"font-weight: 400;\">\n<p><\/span><\/li>\n<li style=\"font-weight: 400;\" aria-level=\"1\"><b>Assurez-vous d\u2019avoir une garantie de remboursement en cas d\u2019insatisfaction<\/b><span style=\"font-weight: 400;\">.<\/span><span style=\"font-weight: 400;\">\n<p><\/span><\/li>\n<\/ul>\n<h3><b>Fazit: Warum Red Velvet einen Versuch wert ist<\/b><\/h3>\n<p><span style=\"font-weight: 400;\">Le <\/span><b>Pink Rose est un incontournable<\/b><span style=\"font-weight: 400;\">, ein Symbol f\u00fcr Eleganz, Weichheit und Nat\u00fcrlichkeit. Ob zum Verschenken, Dekorieren oder Benutzen, jetzt ist es einfach und sicher, <\/span><b>Pink Rose online bestellen<\/b><span style=\"font-weight: 400;\">Genie\u00dfen Sie Komfort, Qualit\u00e4t und Auswahl, ohne Ihr Zuhause zu verlassen.<\/span><\/p>\n<p>&nbsp;<\/p>","protected":false},"excerpt":{"rendered":"<p>Acheter Pink Rose en ligne : \u00c9l\u00e9gance et fra\u00eecheur \u00e0 port\u00e9e de clic Le terme Pink Rose peut d\u00e9signer aussi bien la fleur d\u00e9licate et romantique, un produit \u00e0 base de rose (comme des cosm\u00e9tiques, th\u00e9s, ou parfums), ou encore un article th\u00e9matique inspir\u00e9 par cette ic\u00f4ne de beaut\u00e9. Actuellement, le Pink Rose conna\u00eet une&#8230;<\/p>","protected":false},"featured_media":1448,"comment_status":"open","ping_status":"closed","template":"","meta":{"_kadence_starter_templates_imported_post":false,"_kad_post_transparent":"default","_kad_post_title":"","_kad_post_layout":"default","_kad_post_sidebar_id":"","_kad_post_content_style":"default","_kad_post_vertical_padding":"default","_kad_post_feature":"","_kad_post_feature_position":"","_kad_post_header":false,"_kad_post_footer":false,"_joinchat":[]},"product_brand":[],"product_cat":[17],"product_tag":[],"class_list":{"0":"post-112","1":"product","2":"type-product","3":"status-publish","4":"has-post-thumbnail","6":"product_cat-canabis-en-ligne","8":"first","9":"instock","10":"shipping-taxable","11":"purchasable","12":"product-type-variable","13":"entry","14":"content-bg","15":"loop-entry"},"yoast_head":"<!-- This site is optimized with the Yoast SEO plugin v23.5 - https:\/\/yoast.com\/wordpress\/plugins\/seo\/ -->\n<title>Acheter des roses roses en ligne - Roses roses \u00e0 vendre en ligne<\/title>\n<meta name=\"description\" content=\"Nous sommes le magasin leader proposant des roses roses \u00e0 la vente. Si vous souhaitez acheter des roses roses en ligne, contactez-nous imm\u00e9diatement et faites livrer votre commande. Commandez maintenant !\" \/>\n<meta name=\"robots\" content=\"index, follow, max-snippet:-1, max-image-preview:large, max-video-preview:-1\" \/>\n<link rel=\"canonical\" href=\"https:\/\/herbelegale.com\/de\/product\/pink-rose\/\" \/>\n<meta property=\"og:locale\" content=\"de_DE\" \/>\n<meta property=\"og:type\" content=\"article\" \/>\n<meta property=\"og:title\" content=\"Acheter des roses roses en ligne - Roses roses \u00e0 vendre en ligne\" \/>\n<meta property=\"og:description\" content=\"Nous sommes le magasin leader proposant des roses roses \u00e0 la vente. Si vous souhaitez acheter des roses roses en ligne, contactez-nous imm\u00e9diatement et faites livrer votre commande. Commandez maintenant !\" \/>\n<meta property=\"og:url\" content=\"https:\/\/herbelegale.com\/de\/product\/pink-rose\/\" \/>\n<meta property=\"og:site_name\" content=\"Herbe L\u00e9gale\" \/>\n<meta property=\"article:modified_time\" content=\"2025-06-14T11:29:09+00:00\" \/>\n<meta property=\"og:image\" content=\"https:\/\/herbelegale.com\/wp-content\/uploads\/2023\/09\/Pink-Rose-2.jpg\" \/>\n\t<meta property=\"og:image:width\" content=\"960\" \/>\n\t<meta property=\"og:image:height\" content=\"1280\" \/>\n\t<meta property=\"og:image:type\" content=\"image\/jpeg\" \/>\n<meta name=\"twitter:card\" content=\"summary_large_image\" \/>\n<meta name=\"twitter:label1\" content=\"Gesch\u00e4tzte Lesezeit\" \/>\n\t<meta name=\"twitter:data1\" content=\"3\u00a0Minuten\" \/>\n<script type=\"application\/ld+json\" class=\"yoast-schema-graph\">{\"@context\":\"https:\/\/schema.org\",\"@graph\":[{\"@type\":\"WebPage\",\"@id\":\"https:\/\/herbelegale.com\/product\/pink-rose\/\",\"url\":\"https:\/\/herbelegale.com\/product\/pink-rose\/\",\"name\":\"Acheter des roses roses en ligne - Roses roses \u00e0 vendre en ligne\",\"isPartOf\":{\"@id\":\"https:\/\/herbelegale.com\/#website\"},\"primaryImageOfPage\":{\"@id\":\"https:\/\/herbelegale.com\/product\/pink-rose\/#primaryimage\"},\"image\":{\"@id\":\"https:\/\/herbelegale.com\/product\/pink-rose\/#primaryimage\"},\"thumbnailUrl\":\"https:\/\/herbelegale.com\/wp-content\/uploads\/2023\/09\/Pink-Rose-2.jpg\",\"datePublished\":\"2023-09-22T11:06:39+00:00\",\"dateModified\":\"2025-06-14T11:29:09+00:00\",\"description\":\"Nous sommes le magasin leader proposant des roses roses \u00e0 la vente. Si vous souhaitez acheter des roses roses en ligne, contactez-nous imm\u00e9diatement et faites livrer votre commande. Commandez maintenant !\",\"breadcrumb\":{\"@id\":\"https:\/\/herbelegale.com\/product\/pink-rose\/#breadcrumb\"},\"inLanguage\":\"de\",\"potentialAction\":[{\"@type\":\"ReadAction\",\"target\":[\"https:\/\/herbelegale.com\/product\/pink-rose\/\"]}]},{\"@type\":\"ImageObject\",\"inLanguage\":\"de\",\"@id\":\"https:\/\/herbelegale.com\/product\/pink-rose\/#primaryimage\",\"url\":\"https:\/\/herbelegale.com\/wp-content\/uploads\/2023\/09\/Pink-Rose-2.jpg\",\"contentUrl\":\"https:\/\/herbelegale.com\/wp-content\/uploads\/2023\/09\/Pink-Rose-2.jpg\",\"width\":960,\"height\":1280,\"caption\":\"Pink Rose\"},{\"@type\":\"BreadcrumbList\",\"@id\":\"https:\/\/herbelegale.com\/product\/pink-rose\/#breadcrumb\",\"itemListElement\":[{\"@type\":\"ListItem\",\"position\":1,\"name\":\"Home\",\"item\":\"https:\/\/herbelegale.com\/\"},{\"@type\":\"ListItem\",\"position\":2,\"name\":\"Boutique\",\"item\":\"https:\/\/herbelegale.com\/boutique\/\"},{\"@type\":\"ListItem\",\"position\":3,\"name\":\"Pink Rose\"}]},{\"@type\":\"WebSite\",\"@id\":\"https:\/\/herbelegale.com\/#website\",\"url\":\"https:\/\/herbelegale.com\/\",\"name\":\"Herbe L\u00e9gale\",\"description\":\"Acheter de l&#039;herbe en ligne\",\"publisher\":{\"@id\":\"https:\/\/herbelegale.com\/#organization\"},\"potentialAction\":[{\"@type\":\"SearchAction\",\"target\":{\"@type\":\"EntryPoint\",\"urlTemplate\":\"https:\/\/herbelegale.com\/?s={search_term_string}\"},\"query-input\":{\"@type\":\"PropertyValueSpecification\",\"valueRequired\":true,\"valueName\":\"search_term_string\"}}],\"inLanguage\":\"de\"},{\"@type\":\"Organization\",\"@id\":\"https:\/\/herbelegale.com\/#organization\",\"name\":\"Herbe L\u00e9gale\",\"url\":\"https:\/\/herbelegale.com\/\",\"logo\":{\"@type\":\"ImageObject\",\"inLanguage\":\"de\",\"@id\":\"https:\/\/herbelegale.com\/#\/schema\/logo\/image\/\",\"url\":\"https:\/\/herbelegale.com\/wp-content\/uploads\/2023\/10\/logo-1.png\",\"contentUrl\":\"https:\/\/herbelegale.com\/wp-content\/uploads\/2023\/10\/logo-1.png\",\"width\":400,\"height\":120,\"caption\":\"Herbe L\u00e9gale\"},\"image\":{\"@id\":\"https:\/\/herbelegale.com\/#\/schema\/logo\/image\/\"}}]}<\/script>\n<!-- \/ Yoast SEO plugin. -->","yoast_head_json":{"title":"Acheter des roses roses en ligne - Roses roses \u00e0 vendre en ligne","description":"Nous sommes le magasin leader proposant des roses roses \u00e0 la vente. Si vous souhaitez acheter des roses roses en ligne, contactez-nous imm\u00e9diatement et faites livrer votre commande. Commandez maintenant !","robots":{"index":"index","follow":"follow","max-snippet":"max-snippet:-1","max-image-preview":"max-image-preview:large","max-video-preview":"max-video-preview:-1"},"canonical":"https:\/\/herbelegale.com\/de\/product\/pink-rose\/","og_locale":"de_DE","og_type":"article","og_title":"Acheter des roses roses en ligne - Roses roses \u00e0 vendre en ligne","og_description":"Nous sommes le magasin leader proposant des roses roses \u00e0 la vente. Si vous souhaitez acheter des roses roses en ligne, contactez-nous imm\u00e9diatement et faites livrer votre commande. Commandez maintenant !","og_url":"https:\/\/herbelegale.com\/de\/product\/pink-rose\/","og_site_name":"Herbe L\u00e9gale","article_modified_time":"2025-06-14T11:29:09+00:00","og_image":[{"width":960,"height":1280,"url":"https:\/\/herbelegale.com\/wp-content\/uploads\/2023\/09\/Pink-Rose-2.jpg","type":"image\/jpeg"}],"twitter_card":"summary_large_image","twitter_misc":{"Gesch\u00e4tzte Lesezeit":"3\u00a0Minuten"},"schema":{"@context":"https:\/\/schema.org","@graph":[{"@type":"WebPage","@id":"https:\/\/herbelegale.com\/product\/pink-rose\/","url":"https:\/\/herbelegale.com\/product\/pink-rose\/","name":"Acheter des roses roses en ligne - Roses roses \u00e0 vendre en ligne","isPartOf":{"@id":"https:\/\/herbelegale.com\/#website"},"primaryImageOfPage":{"@id":"https:\/\/herbelegale.com\/product\/pink-rose\/#primaryimage"},"image":{"@id":"https:\/\/herbelegale.com\/product\/pink-rose\/#primaryimage"},"thumbnailUrl":"https:\/\/herbelegale.com\/wp-content\/uploads\/2023\/09\/Pink-Rose-2.jpg","datePublished":"2023-09-22T11:06:39+00:00","dateModified":"2025-06-14T11:29:09+00:00","description":"Nous sommes le magasin leader proposant des roses roses \u00e0 la vente. Si vous souhaitez acheter des roses roses en ligne, contactez-nous imm\u00e9diatement et faites livrer votre commande. Commandez maintenant !","breadcrumb":{"@id":"https:\/\/herbelegale.com\/product\/pink-rose\/#breadcrumb"},"inLanguage":"de","potentialAction":[{"@type":"ReadAction","target":["https:\/\/herbelegale.com\/product\/pink-rose\/"]}]},{"@type":"ImageObject","inLanguage":"de","@id":"https:\/\/herbelegale.com\/product\/pink-rose\/#primaryimage","url":"https:\/\/herbelegale.com\/wp-content\/uploads\/2023\/09\/Pink-Rose-2.jpg","contentUrl":"https:\/\/herbelegale.com\/wp-content\/uploads\/2023\/09\/Pink-Rose-2.jpg","width":960,"height":1280,"caption":"Pink Rose"},{"@type":"BreadcrumbList","@id":"https:\/\/herbelegale.com\/product\/pink-rose\/#breadcrumb","itemListElement":[{"@type":"ListItem","position":1,"name":"Home","item":"https:\/\/herbelegale.com\/"},{"@type":"ListItem","position":2,"name":"Boutique","item":"https:\/\/herbelegale.com\/boutique\/"},{"@type":"ListItem","position":3,"name":"Pink Rose"}]},{"@type":"WebSite","@id":"https:\/\/herbelegale.com\/#website","url":"https:\/\/herbelegale.com\/","name":"Herbe L\u00e9gale","description":"Acheter de l&#039;herbe en ligne","publisher":{"@id":"https:\/\/herbelegale.com\/#organization"},"potentialAction":[{"@type":"SearchAction","target":{"@type":"EntryPoint","urlTemplate":"https:\/\/herbelegale.com\/?s={search_term_string}"},"query-input":{"@type":"PropertyValueSpecification","valueRequired":true,"valueName":"search_term_string"}}],"inLanguage":"de"},{"@type":"Organization","@id":"https:\/\/herbelegale.com\/#organization","name":"Herbe L\u00e9gale","url":"https:\/\/herbelegale.com\/","logo":{"@type":"ImageObject","inLanguage":"de","@id":"https:\/\/herbelegale.com\/#\/schema\/logo\/image\/","url":"https:\/\/herbelegale.com\/wp-content\/uploads\/2023\/10\/logo-1.png","contentUrl":"https:\/\/herbelegale.com\/wp-content\/uploads\/2023\/10\/logo-1.png","width":400,"height":120,"caption":"Herbe L\u00e9gale"},"image":{"@id":"https:\/\/herbelegale.com\/#\/schema\/logo\/image\/"}}]}},"_links":{"self":[{"href":"https:\/\/herbelegale.com\/de\/wp-json\/wp\/v2\/product\/112","targetHints":{"allow":["GET"]}}],"collection":[{"href":"https:\/\/herbelegale.com\/de\/wp-json\/wp\/v2\/product"}],"about":[{"href":"https:\/\/herbelegale.com\/de\/wp-json\/wp\/v2\/types\/product"}],"replies":[{"embeddable":true,"href":"https:\/\/herbelegale.com\/de\/wp-json\/wp\/v2\/comments?post=112"}],"wp:featuredmedia":[{"embeddable":true,"href":"https:\/\/herbelegale.com\/de\/wp-json\/wp\/v2\/media\/1448"}],"wp:attachment":[{"href":"https:\/\/herbelegale.com\/de\/wp-json\/wp\/v2\/media?parent=112"}],"wp:term":[{"taxonomy":"product_brand","embeddable":true,"href":"https:\/\/herbelegale.com\/de\/wp-json\/wp\/v2\/product_brand?post=112"},{"taxonomy":"product_cat","embeddable":true,"href":"https:\/\/herbelegale.com\/de\/wp-json\/wp\/v2\/product_cat?post=112"},{"taxonomy":"product_tag","embeddable":true,"href":"https:\/\/herbelegale.com\/de\/wp-json\/wp\/v2\/product_tag?post=112"}],"curies":[{"name":"wp","href":"https:\/\/api.w.org\/{rel}","templated":true}]}}