{"id":106,"date":"2023-09-22T11:06:16","date_gmt":"2023-09-22T11:06:16","guid":{"rendered":"https:\/\/nembutalhouse.com\/weed\/?post_type=product&#038;p=106"},"modified":"2025-06-17T06:28:09","modified_gmt":"2025-06-17T06:28:09","slug":"tropical-cherry","status":"publish","type":"product","link":"https:\/\/herbelegale.com\/de\/product\/tropical-cherry\/","title":{"rendered":"Tropical Cherry"},"content":{"rendered":"<h2><b>Tropical Cherry online kaufen: Warum dieses Produkt ein Hit ist<\/b><\/h2>\n<p><a href=\"https:\/\/herbelegale.com\/de\/product\/tropical-cherry\/\"><span style=\"font-weight: 400;\">Der Begriff <\/span><b>Tropical Cherry<\/b><\/a><span style=\"font-weight: 400;\"> Se refiere a un producto \u00fanico y muy apreciado, ya sea una fruta ex\u00f3tica, un producto tem\u00e1tico o un producto derivado con sabores tropicales y a cereza. Esta original combinaci\u00f3n atrae cada vez a m\u00e1s consumidores por su sabor refrescante, su aspecto gourmet y su versatilidad.<\/span><\/p>\n<p><span style=\"font-weight: 400;\">Heute, <\/span><a href=\"https:\/\/en.wikipedia.org\/wiki\/Cherry\"><b>Tropical Cherry<\/b><\/a><span style=\"font-weight: 400;\"> Online erfreut sich gro\u00dfer Beliebtheit. Dieser Trend wird durch den Anstieg des digitalen Einkaufs, den einfachen Zugang zu seltenen oder Nischenprodukten sowie die steigende Nachfrage nach innovativen und authentischen Aromen vorangetrieben. Deshalb entscheiden sich immer mehr Kunden f\u00fcr <\/span><b>acheter Tropical Cherry en ligne<\/b><span style=\"font-weight: 400;\">.<\/span><\/p>\n<h3><b>Warum Tropical Cherry online kaufen?<\/b><\/h3>\n<p><span style=\"font-weight: 400;\">Bestellen <\/span><b>Tropical Cherry<\/b><span style=\"font-weight: 400;\"> sur internet pr\u00e9sente plusieurs avantages :<\/span><\/p>\n<ul>\n<li style=\"font-weight: 400;\" aria-level=\"1\"><b>Diskrete und sorgf\u00e4ltige Lieferung<\/b><span style=\"font-weight: 400;\">, id\u00e9ale pour pr\u00e9server la fra\u00eecheur et la qualit\u00e9.<\/span><span style=\"font-weight: 400;\">\n<p><\/span><\/li>\n<li style=\"font-weight: 400;\" aria-level=\"1\"><b>Options de livraison sp\u00e9cialis\u00e9es<\/b><span style=\"font-weight: 400;\"> adapt\u00e9es aux produits p\u00e9rissables ou d\u00e9licats.<\/span><span style=\"font-weight: 400;\">\n<p><\/span><\/li>\n<li style=\"font-weight: 400;\" aria-level=\"1\"><b>Large choix de vendeurs et d\u2019offres exclusives<\/b><span style=\"font-weight: 400;\"> souvent introuvables en boutique physique.<\/span><span style=\"font-weight: 400;\">\n<p><\/span><\/li>\n<li style=\"font-weight: 400;\" aria-level=\"1\"><b>Confort et rapidit\u00e9 d\u2019achat<\/b><span style=\"font-weight: 400;\"> depuis chez soi, avec suivi en temps r\u00e9el.<\/span><span style=\"font-weight: 400;\">\n<p><\/span><\/li>\n<\/ul>\n<h3><b>Was macht ein gro\u00dfartiges Tropical Cherry-Produkt aus?<\/b><\/h3>\n<p><span style=\"font-weight: 400;\">Um ein Qualit\u00e4tsprodukt von Tropical Cherry zu erkennen, sind hier die wesentlichen Kriterien:<\/span><\/p>\n<ul>\n<li style=\"font-weight: 400;\" aria-level=\"1\"><b>Fra\u00eecheur et go\u00fbt authentique<\/b><span style=\"font-weight: 400;\"> : une saveur bien \u00e9quilibr\u00e9e entre la douceur de la cerise et les notes tropicales.<\/span><span style=\"font-weight: 400;\">\n<p><\/span><\/li>\n<li style=\"font-weight: 400;\" aria-level=\"1\"><b>Qualit\u00e4t der Zutaten<\/b><span style=\"font-weight: 400;\"> ou de la composition (pour les produits transform\u00e9s).<\/span><span style=\"font-weight: 400;\">\n<p><\/span><\/li>\n<li style=\"font-weight: 400;\" aria-level=\"1\"><b>Pr\u00e9sentation soign\u00e9e et emballage adapt\u00e9<\/b><span style=\"font-weight: 400;\"> garantissant conservation optimale.<\/span><span style=\"font-weight: 400;\">\n<p><\/span><\/li>\n<li style=\"font-weight: 400;\" aria-level=\"1\"><b>Avis positifs des consommateurs<\/b><span style=\"font-weight: 400;\"> soulignant la satisfaction et la constance du produit.<\/span><span style=\"font-weight: 400;\">\n<p><\/span><\/li>\n<\/ul>\n<h3><b>Beste Plattformen, um tropische Kirschen online zu bestellen<\/b><\/h3>\n<ul>\n<li style=\"font-weight: 400;\" aria-level=\"1\"><b>Sites sp\u00e9cialis\u00e9s en produits exotiques ou gourmets<\/b><span style=\"font-weight: 400;\"> qui assurent tra\u00e7abilit\u00e9 et qualit\u00e9.<\/span><span style=\"font-weight: 400;\">\n<p><\/span><\/li>\n<li style=\"font-weight: 400;\" aria-level=\"1\"><b>March\u00e9s en ligne reconnus<\/b><span style=\"font-weight: 400;\"> proposant un large \u00e9ventail d\u2019options et promotions.<\/span><span style=\"font-weight: 400;\">\n<p><\/span><\/li>\n<li style=\"font-weight: 400;\" aria-level=\"1\"><b>Boutiques artisanales ou niches<\/b><span style=\"font-weight: 400;\"> offrant souvent des versions bio ou originales.<\/span><span style=\"font-weight: 400;\">\n<p><\/span><\/li>\n<li style=\"font-weight: 400;\" aria-level=\"1\"><b>Plateformes avec garanties de livraison rapide et conditions optimales de conservation<\/b><span style=\"font-weight: 400;\">.<\/span><span style=\"font-weight: 400;\">\n<p><\/span><\/li>\n<\/ul>\n<h3><b>Wie w\u00e4hlt man das richtige Produkt oder den richtigen Verk\u00e4ufer aus?<\/b><\/h3>\n<ul>\n<li style=\"font-weight: 400;\" aria-level=\"1\"><span style=\"font-weight: 400;\">V\u00e9rifiez les <\/span><b>commentaires et notes des clients<\/b><span style=\"font-weight: 400;\"> pour \u00e9valuer la fiabilit\u00e9.<\/span><span style=\"font-weight: 400;\">\n<p><\/span><\/li>\n<li style=\"font-weight: 400;\" aria-level=\"1\"><span style=\"font-weight: 400;\">Comparez les <\/span><b>prix pour d\u00e9nicher un Tropical Cherry pas cher<\/b><span style=\"font-weight: 400;\"> sans sacrifier la qualit\u00e9.<\/span><span style=\"font-weight: 400;\">\n<p><\/span><\/li>\n<li style=\"font-weight: 400;\" aria-level=\"1\"><span style=\"font-weight: 400;\">Assurez-vous que le vendeur propose des <\/span><b>conditions de retour ou remboursement claires<\/b><span style=\"font-weight: 400;\">.<\/span><span style=\"font-weight: 400;\">\n<p><\/span><\/li>\n<li style=\"font-weight: 400;\" aria-level=\"1\"><span style=\"font-weight: 400;\">Choisissez un vendeur transparent sur la <\/span><b>provenance et les m\u00e9thodes de production<\/b><span style=\"font-weight: 400;\">.<\/span><span style=\"font-weight: 400;\">\n<p><\/span><\/li>\n<\/ul>\n<h3><b>Fazit: Warum Tropical Cherry einen Versuch wert ist<\/b><\/h3>\n<p><span style=\"font-weight: 400;\">Tropical Cherry ist mehr als nur ein Produkt: Es l\u00e4dt Sie ein, eine Explosion fruchtiger, exotischer und s\u00fc\u00dfer Aromen zu entdecken. Einfach online bestellen und genie\u00dfen Sie einen frischen und originellen Genuss, der direkt zu Ihnen nach Hause geliefert wird.<\/span><\/p>\n<p>&nbsp;<\/p>","protected":false},"excerpt":{"rendered":"<p>Acheter Tropical Cherry en ligne : Pourquoi ce produit fait sensation Le terme Tropical Cherry d\u00e9signe un produit unique et tr\u00e8s appr\u00e9ci\u00e9, qu\u2019il s\u2019agisse d\u2019un fruit exotique, d\u2019un produit th\u00e9matique, ou d\u2019un article d\u00e9riv\u00e9 aux saveurs tropicales et cerise. Cette combinaison originale s\u00e9duit de plus en plus de consommateurs pour son go\u00fbt rafra\u00eechissant, son aspect&#8230;<\/p>","protected":false},"featured_media":1451,"comment_status":"open","ping_status":"closed","template":"","meta":{"_kadence_starter_templates_imported_post":false,"_kad_post_transparent":"default","_kad_post_title":"","_kad_post_layout":"default","_kad_post_sidebar_id":"","_kad_post_content_style":"default","_kad_post_vertical_padding":"default","_kad_post_feature":"","_kad_post_feature_position":"","_kad_post_header":false,"_kad_post_footer":false,"_joinchat":[]},"product_brand":[],"product_cat":[17],"product_tag":[],"class_list":{"0":"post-106","1":"product","2":"type-product","3":"status-publish","4":"has-post-thumbnail","6":"product_cat-canabis-en-ligne","8":"first","9":"instock","10":"shipping-taxable","11":"purchasable","12":"product-type-variable","13":"entry","14":"content-bg","15":"loop-entry"},"yoast_head":"<!-- This site is optimized with the Yoast SEO plugin v23.5 - https:\/\/yoast.com\/wordpress\/plugins\/seo\/ -->\n<title>Acheter des cerises tropicales en ligne - Pilules de cerises tropicales \u00e0 vendre<\/title>\n<meta name=\"description\" content=\"Notre magasin propose \u00e0 la vente des pilules de cerises tropicales de qualit\u00e9 sup\u00e9rieure. Vous ne pourrez jamais vous passer de la qualit\u00e9 de nos produits. Si vous en avez besoin, vous pouvez acheter des cerises tropicales en ligne imm\u00e9diatement. Commandez maintenant !\" \/>\n<meta name=\"robots\" content=\"index, follow, max-snippet:-1, max-image-preview:large, max-video-preview:-1\" \/>\n<link rel=\"canonical\" href=\"https:\/\/herbelegale.com\/de\/product\/tropical-cherry\/\" \/>\n<meta property=\"og:locale\" content=\"de_DE\" \/>\n<meta property=\"og:type\" content=\"article\" \/>\n<meta property=\"og:title\" content=\"Acheter des cerises tropicales en ligne - Pilules de cerises tropicales \u00e0 vendre\" \/>\n<meta property=\"og:description\" content=\"Notre magasin propose \u00e0 la vente des pilules de cerises tropicales de qualit\u00e9 sup\u00e9rieure. Vous ne pourrez jamais vous passer de la qualit\u00e9 de nos produits. Si vous en avez besoin, vous pouvez acheter des cerises tropicales en ligne imm\u00e9diatement. Commandez maintenant !\" \/>\n<meta property=\"og:url\" content=\"https:\/\/herbelegale.com\/de\/product\/tropical-cherry\/\" \/>\n<meta property=\"og:site_name\" content=\"Herbe L\u00e9gale\" \/>\n<meta property=\"article:modified_time\" content=\"2025-06-17T06:28:09+00:00\" \/>\n<meta property=\"og:image\" content=\"https:\/\/herbelegale.com\/wp-content\/uploads\/2023\/09\/Tropical-Cherry-1.jpg\" \/>\n\t<meta property=\"og:image:width\" content=\"960\" \/>\n\t<meta property=\"og:image:height\" content=\"1280\" \/>\n\t<meta property=\"og:image:type\" content=\"image\/jpeg\" \/>\n<meta name=\"twitter:card\" content=\"summary_large_image\" \/>\n<meta name=\"twitter:label1\" content=\"Gesch\u00e4tzte Lesezeit\" \/>\n\t<meta name=\"twitter:data1\" content=\"2\u00a0Minuten\" \/>\n<script type=\"application\/ld+json\" class=\"yoast-schema-graph\">{\"@context\":\"https:\/\/schema.org\",\"@graph\":[{\"@type\":\"WebPage\",\"@id\":\"https:\/\/herbelegale.com\/product\/tropical-cherry\/\",\"url\":\"https:\/\/herbelegale.com\/product\/tropical-cherry\/\",\"name\":\"Acheter des cerises tropicales en ligne - Pilules de cerises tropicales \u00e0 vendre\",\"isPartOf\":{\"@id\":\"https:\/\/herbelegale.com\/#website\"},\"primaryImageOfPage\":{\"@id\":\"https:\/\/herbelegale.com\/product\/tropical-cherry\/#primaryimage\"},\"image\":{\"@id\":\"https:\/\/herbelegale.com\/product\/tropical-cherry\/#primaryimage\"},\"thumbnailUrl\":\"https:\/\/herbelegale.com\/wp-content\/uploads\/2023\/09\/Tropical-Cherry-1.jpg\",\"datePublished\":\"2023-09-22T11:06:16+00:00\",\"dateModified\":\"2025-06-17T06:28:09+00:00\",\"description\":\"Notre magasin propose \u00e0 la vente des pilules de cerises tropicales de qualit\u00e9 sup\u00e9rieure. Vous ne pourrez jamais vous passer de la qualit\u00e9 de nos produits. Si vous en avez besoin, vous pouvez acheter des cerises tropicales en ligne imm\u00e9diatement. Commandez maintenant !\",\"breadcrumb\":{\"@id\":\"https:\/\/herbelegale.com\/product\/tropical-cherry\/#breadcrumb\"},\"inLanguage\":\"de\",\"potentialAction\":[{\"@type\":\"ReadAction\",\"target\":[\"https:\/\/herbelegale.com\/product\/tropical-cherry\/\"]}]},{\"@type\":\"ImageObject\",\"inLanguage\":\"de\",\"@id\":\"https:\/\/herbelegale.com\/product\/tropical-cherry\/#primaryimage\",\"url\":\"https:\/\/herbelegale.com\/wp-content\/uploads\/2023\/09\/Tropical-Cherry-1.jpg\",\"contentUrl\":\"https:\/\/herbelegale.com\/wp-content\/uploads\/2023\/09\/Tropical-Cherry-1.jpg\",\"width\":960,\"height\":1280,\"caption\":\"Tropical Cherry\"},{\"@type\":\"BreadcrumbList\",\"@id\":\"https:\/\/herbelegale.com\/product\/tropical-cherry\/#breadcrumb\",\"itemListElement\":[{\"@type\":\"ListItem\",\"position\":1,\"name\":\"Home\",\"item\":\"https:\/\/herbelegale.com\/\"},{\"@type\":\"ListItem\",\"position\":2,\"name\":\"Boutique\",\"item\":\"https:\/\/herbelegale.com\/boutique\/\"},{\"@type\":\"ListItem\",\"position\":3,\"name\":\"Tropical Cherry\"}]},{\"@type\":\"WebSite\",\"@id\":\"https:\/\/herbelegale.com\/#website\",\"url\":\"https:\/\/herbelegale.com\/\",\"name\":\"Herbe L\u00e9gale\",\"description\":\"Acheter de l&#039;herbe en ligne\",\"publisher\":{\"@id\":\"https:\/\/herbelegale.com\/#organization\"},\"potentialAction\":[{\"@type\":\"SearchAction\",\"target\":{\"@type\":\"EntryPoint\",\"urlTemplate\":\"https:\/\/herbelegale.com\/?s={search_term_string}\"},\"query-input\":{\"@type\":\"PropertyValueSpecification\",\"valueRequired\":true,\"valueName\":\"search_term_string\"}}],\"inLanguage\":\"de\"},{\"@type\":\"Organization\",\"@id\":\"https:\/\/herbelegale.com\/#organization\",\"name\":\"Herbe L\u00e9gale\",\"url\":\"https:\/\/herbelegale.com\/\",\"logo\":{\"@type\":\"ImageObject\",\"inLanguage\":\"de\",\"@id\":\"https:\/\/herbelegale.com\/#\/schema\/logo\/image\/\",\"url\":\"https:\/\/herbelegale.com\/wp-content\/uploads\/2023\/10\/logo-1.png\",\"contentUrl\":\"https:\/\/herbelegale.com\/wp-content\/uploads\/2023\/10\/logo-1.png\",\"width\":400,\"height\":120,\"caption\":\"Herbe L\u00e9gale\"},\"image\":{\"@id\":\"https:\/\/herbelegale.com\/#\/schema\/logo\/image\/\"}}]}<\/script>\n<!-- \/ Yoast SEO plugin. -->","yoast_head_json":{"title":"Acheter des cerises tropicales en ligne - Pilules de cerises tropicales \u00e0 vendre","description":"Notre magasin propose \u00e0 la vente des pilules de cerises tropicales de qualit\u00e9 sup\u00e9rieure. Vous ne pourrez jamais vous passer de la qualit\u00e9 de nos produits. Si vous en avez besoin, vous pouvez acheter des cerises tropicales en ligne imm\u00e9diatement. Commandez maintenant !","robots":{"index":"index","follow":"follow","max-snippet":"max-snippet:-1","max-image-preview":"max-image-preview:large","max-video-preview":"max-video-preview:-1"},"canonical":"https:\/\/herbelegale.com\/de\/product\/tropical-cherry\/","og_locale":"de_DE","og_type":"article","og_title":"Acheter des cerises tropicales en ligne - Pilules de cerises tropicales \u00e0 vendre","og_description":"Notre magasin propose \u00e0 la vente des pilules de cerises tropicales de qualit\u00e9 sup\u00e9rieure. Vous ne pourrez jamais vous passer de la qualit\u00e9 de nos produits. Si vous en avez besoin, vous pouvez acheter des cerises tropicales en ligne imm\u00e9diatement. Commandez maintenant !","og_url":"https:\/\/herbelegale.com\/de\/product\/tropical-cherry\/","og_site_name":"Herbe L\u00e9gale","article_modified_time":"2025-06-17T06:28:09+00:00","og_image":[{"width":960,"height":1280,"url":"https:\/\/herbelegale.com\/wp-content\/uploads\/2023\/09\/Tropical-Cherry-1.jpg","type":"image\/jpeg"}],"twitter_card":"summary_large_image","twitter_misc":{"Gesch\u00e4tzte Lesezeit":"2\u00a0Minuten"},"schema":{"@context":"https:\/\/schema.org","@graph":[{"@type":"WebPage","@id":"https:\/\/herbelegale.com\/product\/tropical-cherry\/","url":"https:\/\/herbelegale.com\/product\/tropical-cherry\/","name":"Acheter des cerises tropicales en ligne - Pilules de cerises tropicales \u00e0 vendre","isPartOf":{"@id":"https:\/\/herbelegale.com\/#website"},"primaryImageOfPage":{"@id":"https:\/\/herbelegale.com\/product\/tropical-cherry\/#primaryimage"},"image":{"@id":"https:\/\/herbelegale.com\/product\/tropical-cherry\/#primaryimage"},"thumbnailUrl":"https:\/\/herbelegale.com\/wp-content\/uploads\/2023\/09\/Tropical-Cherry-1.jpg","datePublished":"2023-09-22T11:06:16+00:00","dateModified":"2025-06-17T06:28:09+00:00","description":"Notre magasin propose \u00e0 la vente des pilules de cerises tropicales de qualit\u00e9 sup\u00e9rieure. Vous ne pourrez jamais vous passer de la qualit\u00e9 de nos produits. Si vous en avez besoin, vous pouvez acheter des cerises tropicales en ligne imm\u00e9diatement. Commandez maintenant !","breadcrumb":{"@id":"https:\/\/herbelegale.com\/product\/tropical-cherry\/#breadcrumb"},"inLanguage":"de","potentialAction":[{"@type":"ReadAction","target":["https:\/\/herbelegale.com\/product\/tropical-cherry\/"]}]},{"@type":"ImageObject","inLanguage":"de","@id":"https:\/\/herbelegale.com\/product\/tropical-cherry\/#primaryimage","url":"https:\/\/herbelegale.com\/wp-content\/uploads\/2023\/09\/Tropical-Cherry-1.jpg","contentUrl":"https:\/\/herbelegale.com\/wp-content\/uploads\/2023\/09\/Tropical-Cherry-1.jpg","width":960,"height":1280,"caption":"Tropical Cherry"},{"@type":"BreadcrumbList","@id":"https:\/\/herbelegale.com\/product\/tropical-cherry\/#breadcrumb","itemListElement":[{"@type":"ListItem","position":1,"name":"Home","item":"https:\/\/herbelegale.com\/"},{"@type":"ListItem","position":2,"name":"Boutique","item":"https:\/\/herbelegale.com\/boutique\/"},{"@type":"ListItem","position":3,"name":"Tropical Cherry"}]},{"@type":"WebSite","@id":"https:\/\/herbelegale.com\/#website","url":"https:\/\/herbelegale.com\/","name":"Herbe L\u00e9gale","description":"Acheter de l&#039;herbe en ligne","publisher":{"@id":"https:\/\/herbelegale.com\/#organization"},"potentialAction":[{"@type":"SearchAction","target":{"@type":"EntryPoint","urlTemplate":"https:\/\/herbelegale.com\/?s={search_term_string}"},"query-input":{"@type":"PropertyValueSpecification","valueRequired":true,"valueName":"search_term_string"}}],"inLanguage":"de"},{"@type":"Organization","@id":"https:\/\/herbelegale.com\/#organization","name":"Herbe L\u00e9gale","url":"https:\/\/herbelegale.com\/","logo":{"@type":"ImageObject","inLanguage":"de","@id":"https:\/\/herbelegale.com\/#\/schema\/logo\/image\/","url":"https:\/\/herbelegale.com\/wp-content\/uploads\/2023\/10\/logo-1.png","contentUrl":"https:\/\/herbelegale.com\/wp-content\/uploads\/2023\/10\/logo-1.png","width":400,"height":120,"caption":"Herbe L\u00e9gale"},"image":{"@id":"https:\/\/herbelegale.com\/#\/schema\/logo\/image\/"}}]}},"_links":{"self":[{"href":"https:\/\/herbelegale.com\/de\/wp-json\/wp\/v2\/product\/106","targetHints":{"allow":["GET"]}}],"collection":[{"href":"https:\/\/herbelegale.com\/de\/wp-json\/wp\/v2\/product"}],"about":[{"href":"https:\/\/herbelegale.com\/de\/wp-json\/wp\/v2\/types\/product"}],"replies":[{"embeddable":true,"href":"https:\/\/herbelegale.com\/de\/wp-json\/wp\/v2\/comments?post=106"}],"wp:featuredmedia":[{"embeddable":true,"href":"https:\/\/herbelegale.com\/de\/wp-json\/wp\/v2\/media\/1451"}],"wp:attachment":[{"href":"https:\/\/herbelegale.com\/de\/wp-json\/wp\/v2\/media?parent=106"}],"wp:term":[{"taxonomy":"product_brand","embeddable":true,"href":"https:\/\/herbelegale.com\/de\/wp-json\/wp\/v2\/product_brand?post=106"},{"taxonomy":"product_cat","embeddable":true,"href":"https:\/\/herbelegale.com\/de\/wp-json\/wp\/v2\/product_cat?post=106"},{"taxonomy":"product_tag","embeddable":true,"href":"https:\/\/herbelegale.com\/de\/wp-json\/wp\/v2\/product_tag?post=106"}],"curies":[{"name":"wp","href":"https:\/\/api.w.org\/{rel}","templated":true}]}}