{"id":91,"date":"2023-09-22T09:42:34","date_gmt":"2023-09-22T09:42:34","guid":{"rendered":"https:\/\/nembutalhouse.com\/weed\/?post_type=product&#038;p=91"},"modified":"2025-06-14T11:09:23","modified_gmt":"2025-06-14T11:09:23","slug":"gelato-41","status":"publish","type":"product","link":"https:\/\/herbelegale.com\/da\/product\/gelato-41\/","title":{"rendered":"Gelato 41"},"content":{"rendered":"<h2><b>K\u00f8b Gelato 41 online: En f\u00f8rsteklasses cannabisoplevelse kun et klik v\u00e6k<\/b><\/h2>\n<p><span style=\"font-weight: 400;\"><a href=\"https:\/\/herbelegale.com\/da\/product\/gelato-41\/\">Gelato 41<\/a> er en popul\u00e6r hybrid cannabis-sort, skabt ved at krydse Sunset Sherbet og Thin Mint Girl Scout Cookies. Dens voksende popularitet skyldes dens afbalancerede effekter, rige terpenprofil og nemme onlinek\u00f8b. Takket v\u00e6re den stigende e-handel er det nu muligt at k\u00f8be Gelato 41 online, hvilket tilbyder forbrugerne uovertruffen bekvemmelighed.<\/span><\/p>\n<h3><b>Fremkomsten af online cannabislevering: Fra landm\u00e6ndsmarkeder til d\u00f8rtrin<\/b><\/h3>\n<p><span style=\"font-weight: 400;\">Det udviklende cannabismarked har givet forbrugerne adgang til en r\u00e6kke produkter af h\u00f8j kvalitet uden at forlade hjemmet. Specialiserede onlineplatforme tilbyder en bred vifte af produkter, herunder Gelato 41, med diskrete og hurtige leveringsmuligheder.<\/span><\/p>\n<h3><b>Hvorfor flere og flere mennesker k\u00f8ber Gelato 41 online<\/b><\/h3>\n<ul>\n<li style=\"font-weight: 400;\" aria-level=\"1\"><b>Tilg\u00e6ngelighed<\/b><span style=\"font-weight: 400;\"> Nem adgang til en r\u00e6kke premiumprodukter.<\/span><span style=\"font-weight: 400;\">\n<p><\/span><\/li>\n<li style=\"font-weight: 400;\" aria-level=\"1\"><b>Bekvemmelighed<\/b><span style=\"font-weight: 400;\"> Direkte hjemmelevering, hvilket eliminerer behovet for at g\u00e5 til butikken.<\/span><span style=\"font-weight: 400;\">\n<p><\/span><\/li>\n<li style=\"font-weight: 400;\" aria-level=\"1\"><b>Udv\u00e6lgelse<\/b><span style=\"font-weight: 400;\"> Mulighed for at sammenligne forskellige leverand\u00f8rer og produkter.<\/span><span style=\"font-weight: 400;\">\n<p><\/span><\/li>\n<\/ul>\n<h3><b>Hvad g\u00f8r en god gelato 41<\/b><\/h3>\n<ul>\n<li style=\"font-weight: 400;\" aria-level=\"1\"><b>Friskhed<\/b><span style=\"font-weight: 400;\"> T\u00e6tte, harpiksholdige knopper, rige p\u00e5 trichomer.<\/span><span style=\"font-weight: 400;\">\n<p><\/span><\/li>\n<li style=\"font-weight: 400;\" aria-level=\"1\"><b>Aroma<\/b><span style=\"font-weight: 400;\"> En s\u00f8d blanding af vanilje, b\u00e6r og jordnoter.<\/span><span style=\"font-weight: 400;\">\n<p><\/span><\/li>\n<li style=\"font-weight: 400;\" aria-level=\"1\"><b>Effekter<\/b><span style=\"font-weight: 400;\"> En balance mellem kropslig afslapning og mental stimulering, ideel til brug om aftenen eller til at fremme kreativitet.<\/span><span style=\"font-weight: 400;\">\n<p><\/span><\/li>\n<\/ul>\n<h3><b>Top 5 steder at k\u00f8be Gelato 41 online (med fordele og ulemper)<\/b><\/h3>\n<ol>\n<li style=\"font-weight: 400;\" aria-level=\"1\"><b>Forbudsg\u00e5rde<\/b><b>\n<p><\/b><\/p>\n<ul>\n<li style=\"font-weight: 400;\" aria-level=\"2\"><i><span style=\"font-weight: 400;\">Fordele<\/span><\/i><span style=\"font-weight: 400;\"> Produkter af h\u00f8j kvalitet, diskret forsendelse.<\/span><span style=\"font-weight: 400;\">\n<p><\/span><\/li>\n<li style=\"font-weight: 400;\" aria-level=\"2\"><i><span style=\"font-weight: 400;\">Ulemper<\/span><\/i><span style=\"font-weight: 400;\"> Begr\u00e6nset tilg\u00e6ngelighed afh\u00e6ngigt af regionen.<\/span><span style=\"font-weight: 400;\">\n<p><\/span><\/li>\n<\/ul>\n<\/li>\n<li style=\"font-weight: 400;\" aria-level=\"1\"><b>Alien Labs<\/b><b>\n<p><\/b><\/p>\n<ul>\n<li style=\"font-weight: 400;\" aria-level=\"2\"><i><span style=\"font-weight: 400;\">Fordele<\/span><\/i><span style=\"font-weight: 400;\"> Ry for kvalitet, kraftfulde effekter.<\/span><span style=\"font-weight: 400;\">\n<p><\/span><\/li>\n<li style=\"font-weight: 400;\" aria-level=\"2\"><i><span style=\"font-weight: 400;\">Ulemper<\/span><\/i><span style=\"font-weight: 400;\"> Korkeammat hinnat.<\/span><span style=\"font-weight: 400;\">\n<p><\/span><\/li>\n<\/ul>\n<\/li>\n<li style=\"font-weight: 400;\" aria-level=\"1\"><b>Connected Cannabis Co.<\/b><b>\n<p><\/b><\/p>\n<ul>\n<li style=\"font-weight: 400;\" aria-level=\"2\"><i><span style=\"font-weight: 400;\">Fordele<\/span><\/i><span style=\"font-weight: 400;\"> : Produits prim\u00e9s, large gamme.<\/span><span style=\"font-weight: 400;\">\n<p><\/span><\/li>\n<li style=\"font-weight: 400;\" aria-level=\"2\"><i><span style=\"font-weight: 400;\">Ulemper<\/span><\/i><span style=\"font-weight: 400;\"> : N\u00e9cessite une v\u00e9rification d&rsquo;\u00e2ge.<\/span><span style=\"font-weight: 400;\">\n<p><\/span><\/li>\n<\/ul>\n<\/li>\n<li style=\"font-weight: 400;\" aria-level=\"1\"><b>Dr.Ganja<\/b><b>\n<p><\/b><\/p>\n<ul>\n<li style=\"font-weight: 400;\" aria-level=\"2\"><i><span style=\"font-weight: 400;\">Fordele<\/span><\/i><span style=\"font-weight: 400;\"> : Livraison gratuite, large s\u00e9lection.<\/span><span style=\"font-weight: 400;\">\n<p><\/span><\/li>\n<li style=\"font-weight: 400;\" aria-level=\"2\"><i><span style=\"font-weight: 400;\">Ulemper<\/span><\/i><span style=\"font-weight: 400;\"> : Certaines options peuvent \u00eatre limit\u00e9es.<\/span><span style=\"font-weight: 400;\">\n<p><\/span><\/li>\n<\/ul>\n<\/li>\n<li style=\"font-weight: 400;\" aria-level=\"1\"><b>Budzburn<\/b><b>\n<p><\/b><\/p>\n<ul>\n<li style=\"font-weight: 400;\" aria-level=\"2\"><i><span style=\"font-weight: 400;\">Fordele<\/span><\/i><span style=\"font-weight: 400;\"> : Produits biologiques, tests en laboratoire.<\/span><span style=\"font-weight: 400;\">\n<p><\/span><\/li>\n<li style=\"font-weight: 400;\" aria-level=\"2\"><i><span style=\"font-weight: 400;\">Ulemper<\/span><\/i><span style=\"font-weight: 400;\"> : Peut ne pas \u00eatre disponible dans toutes les r\u00e9gions.<\/span><span style=\"font-weight: 400;\">\n<p><\/span><\/li>\n<\/ul>\n<\/li>\n<\/ol>\n<h3><b>Hvad skal man kigge efter, f\u00f8r man bestiller<\/b><\/h3>\n<ul>\n<li style=\"font-weight: 400;\" aria-level=\"1\"><b>Forsendelsesbetingelser<\/b><span style=\"font-weight: 400;\"> S\u00f8rg for, at leverand\u00f8ren tilbyder diskret og hurtig levering.<\/span><span style=\"font-weight: 400;\">\n<p><\/span><\/li>\n<li style=\"font-weight: 400;\" aria-level=\"1\"><b>Friskhed garanteret<\/b><span style=\"font-weight: 400;\"> Tjek retur- og refunderingspolitikker.<\/span><span style=\"font-weight: 400;\">\n<p><\/span><\/li>\n<li style=\"font-weight: 400;\" aria-level=\"1\"><b>Ingrediensgennemsigtighed<\/b><span style=\"font-weight: 400;\"> S\u00f8g efter oplysninger om laboratorietest og terpenanalyse.<\/span><span style=\"font-weight: 400;\">\n<p><\/span><\/li>\n<\/ul>\n<h3><b>S\u00e5dan opbevarer, varmer og nyder du din Gelato 41<\/b><\/h3>\n<ul>\n<li style=\"font-weight: 400;\" aria-level=\"1\"><b>Opbevaring<\/b><span style=\"font-weight: 400;\"> Opbevares k\u00f8ligt og m\u00f8rkt i en luftt\u00e6t beholder.<\/span><span style=\"font-weight: 400;\">\n<p><\/span><\/li>\n<li style=\"font-weight: 400;\" aria-level=\"1\"><b>Genopvarmning<\/b><span style=\"font-weight: 400;\"> For den bedste oplevelse, brug en vaporizer af god kvalitet.<\/span><span style=\"font-weight: 400;\">\n<p><\/span><\/li>\n<li style=\"font-weight: 400;\" aria-level=\"1\"><b>Nyde<\/b><span style=\"font-weight: 400;\"> Nyd de komplekse aromaer og afbalancerede effekter af Gelato 41.<\/span><span style=\"font-weight: 400;\">\n<p><\/span><\/li>\n<\/ul>\n<h3><b>Konklusion: Tilfredsstil dit \u00f8nske om premium cannabis uden at forlade hjemmet<\/b><\/h3>\n<p><span style=\"font-weight: 400;\"><a href=\"https:\/\/en.wikipedia.org\/wiki\/Gelato\">Acheter Gelato 41 en ligne<\/a> tilbyder exceptionel bekvemmelighed og kvalitet. Uanset om du er en erfaren forbruger eller en nybegynder, tilbyder denne hybridsort en behagelig og afbalanceret oplevelse.<\/span><\/p>\n<h3><b>Sidste tips til en sikker, lovlig og tilfredsstillende shoppingoplevelse<\/b><\/h3>\n<ul>\n<li style=\"font-weight: 400;\" aria-level=\"1\"><b>Tjek lovligheden<\/b><span style=\"font-weight: 400;\"> S\u00f8rg for, at det er lovligt at k\u00f8be cannabis i dit omr\u00e5de.<\/span><span style=\"font-weight: 400;\">\n<p><\/span><\/li>\n<li style=\"font-weight: 400;\" aria-level=\"1\"><b>V\u00e6lg velrenommerede leverand\u00f8rer<\/b><span style=\"font-weight: 400;\"> V\u00e6lg veletablerede platforme med gode anmeldelser.<\/span><span style=\"font-weight: 400;\">\n<p><\/span><\/li>\n<li style=\"font-weight: 400;\" aria-level=\"1\"><b>V\u00e6r informeret<\/b><span style=\"font-weight: 400;\"> L\u00e6r om virkningerne og den korrekte dosering.<\/span><\/li>\n<\/ul>","protected":false},"excerpt":{"rendered":"<p>Achetez Gelato 41 en ligne : Une exp\u00e9rience de cannabis haut de gamme \u00e0 port\u00e9e de clic Gelato 41 est une vari\u00e9t\u00e9 hybride de cannabis tr\u00e8s pris\u00e9e, n\u00e9e du croisement entre Sunset Sherbet et Thin Mint Girl Scout Cookies. Sa popularit\u00e9 croissante s&rsquo;explique par ses effets \u00e9quilibr\u00e9s, son profil terp\u00e9nique riche et sa facilit\u00e9 d&rsquo;achat&#8230;<\/p>","protected":false},"featured_media":1454,"comment_status":"open","ping_status":"closed","template":"","meta":{"_kadence_starter_templates_imported_post":false,"_kad_post_transparent":"default","_kad_post_title":"","_kad_post_layout":"default","_kad_post_sidebar_id":"","_kad_post_content_style":"default","_kad_post_vertical_padding":"default","_kad_post_feature":"","_kad_post_feature_position":"","_kad_post_header":false,"_kad_post_footer":false,"_joinchat":[]},"product_brand":[],"product_cat":[17],"product_tag":[],"class_list":{"0":"post-91","1":"product","2":"type-product","3":"status-publish","4":"has-post-thumbnail","6":"product_cat-canabis-en-ligne","8":"first","9":"instock","10":"shipping-taxable","11":"purchasable","12":"product-type-variable","13":"entry","14":"content-bg","15":"loop-entry"},"yoast_head":"<!-- This site is optimized with the Yoast SEO plugin v23.5 - https:\/\/yoast.com\/wordpress\/plugins\/seo\/ -->\n<title>Achetez Gelato 41 en ligne - Gelato 41 \u00e0 vendre<\/title>\n<meta name=\"description\" content=\"Vous pouvez acheter de la glace 41 en ligne aux meilleurs prix dans notre boutique en ligne. Nous proposons de la glace 41 bon march\u00e9 et de haute qualit\u00e9 \u00e0 la vente et proposons une livraison dans le monde entier. Vous pouvez commander \u00e0 tout moment et en tout lieu.\" \/>\n<meta name=\"robots\" content=\"index, follow, max-snippet:-1, max-image-preview:large, max-video-preview:-1\" \/>\n<link rel=\"canonical\" href=\"https:\/\/herbelegale.com\/da\/product\/gelato-41\/\" \/>\n<meta property=\"og:locale\" content=\"da_DK\" \/>\n<meta property=\"og:type\" content=\"article\" \/>\n<meta property=\"og:title\" content=\"Achetez Gelato 41 en ligne - Gelato 41 \u00e0 vendre\" \/>\n<meta property=\"og:description\" content=\"Vous pouvez acheter de la glace 41 en ligne aux meilleurs prix dans notre boutique en ligne. Nous proposons de la glace 41 bon march\u00e9 et de haute qualit\u00e9 \u00e0 la vente et proposons une livraison dans le monde entier. Vous pouvez commander \u00e0 tout moment et en tout lieu.\" \/>\n<meta property=\"og:url\" content=\"https:\/\/herbelegale.com\/da\/product\/gelato-41\/\" \/>\n<meta property=\"og:site_name\" content=\"Herbe L\u00e9gale\" \/>\n<meta property=\"article:modified_time\" content=\"2025-06-14T11:09:23+00:00\" \/>\n<meta property=\"og:image\" content=\"https:\/\/herbelegale.com\/wp-content\/uploads\/2023\/09\/Gelato-41.jpg\" \/>\n\t<meta property=\"og:image:width\" content=\"960\" \/>\n\t<meta property=\"og:image:height\" content=\"1280\" \/>\n\t<meta property=\"og:image:type\" content=\"image\/jpeg\" \/>\n<meta name=\"twitter:card\" content=\"summary_large_image\" \/>\n<meta name=\"twitter:label1\" content=\"Estimeret l\u00e6setid\" \/>\n\t<meta name=\"twitter:data1\" content=\"3 minutter\" \/>\n<script type=\"application\/ld+json\" class=\"yoast-schema-graph\">{\"@context\":\"https:\/\/schema.org\",\"@graph\":[{\"@type\":\"WebPage\",\"@id\":\"https:\/\/herbelegale.com\/product\/gelato-41\/\",\"url\":\"https:\/\/herbelegale.com\/product\/gelato-41\/\",\"name\":\"Achetez Gelato 41 en ligne - Gelato 41 \u00e0 vendre\",\"isPartOf\":{\"@id\":\"https:\/\/herbelegale.com\/#website\"},\"primaryImageOfPage\":{\"@id\":\"https:\/\/herbelegale.com\/product\/gelato-41\/#primaryimage\"},\"image\":{\"@id\":\"https:\/\/herbelegale.com\/product\/gelato-41\/#primaryimage\"},\"thumbnailUrl\":\"https:\/\/herbelegale.com\/wp-content\/uploads\/2023\/09\/Gelato-41.jpg\",\"datePublished\":\"2023-09-22T09:42:34+00:00\",\"dateModified\":\"2025-06-14T11:09:23+00:00\",\"description\":\"Vous pouvez acheter de la glace 41 en ligne aux meilleurs prix dans notre boutique en ligne. Nous proposons de la glace 41 bon march\u00e9 et de haute qualit\u00e9 \u00e0 la vente et proposons une livraison dans le monde entier. Vous pouvez commander \u00e0 tout moment et en tout lieu.\",\"breadcrumb\":{\"@id\":\"https:\/\/herbelegale.com\/product\/gelato-41\/#breadcrumb\"},\"inLanguage\":\"da-DK\",\"potentialAction\":[{\"@type\":\"ReadAction\",\"target\":[\"https:\/\/herbelegale.com\/product\/gelato-41\/\"]}]},{\"@type\":\"ImageObject\",\"inLanguage\":\"da-DK\",\"@id\":\"https:\/\/herbelegale.com\/product\/gelato-41\/#primaryimage\",\"url\":\"https:\/\/herbelegale.com\/wp-content\/uploads\/2023\/09\/Gelato-41.jpg\",\"contentUrl\":\"https:\/\/herbelegale.com\/wp-content\/uploads\/2023\/09\/Gelato-41.jpg\",\"width\":960,\"height\":1280,\"caption\":\"Gelato 41\"},{\"@type\":\"BreadcrumbList\",\"@id\":\"https:\/\/herbelegale.com\/product\/gelato-41\/#breadcrumb\",\"itemListElement\":[{\"@type\":\"ListItem\",\"position\":1,\"name\":\"Home\",\"item\":\"https:\/\/herbelegale.com\/\"},{\"@type\":\"ListItem\",\"position\":2,\"name\":\"Boutique\",\"item\":\"https:\/\/herbelegale.com\/boutique\/\"},{\"@type\":\"ListItem\",\"position\":3,\"name\":\"Gelato 41\"}]},{\"@type\":\"WebSite\",\"@id\":\"https:\/\/herbelegale.com\/#website\",\"url\":\"https:\/\/herbelegale.com\/\",\"name\":\"Herbe L\u00e9gale\",\"description\":\"Acheter de l&#039;herbe en ligne\",\"publisher\":{\"@id\":\"https:\/\/herbelegale.com\/#organization\"},\"potentialAction\":[{\"@type\":\"SearchAction\",\"target\":{\"@type\":\"EntryPoint\",\"urlTemplate\":\"https:\/\/herbelegale.com\/?s={search_term_string}\"},\"query-input\":{\"@type\":\"PropertyValueSpecification\",\"valueRequired\":true,\"valueName\":\"search_term_string\"}}],\"inLanguage\":\"da-DK\"},{\"@type\":\"Organization\",\"@id\":\"https:\/\/herbelegale.com\/#organization\",\"name\":\"Herbe L\u00e9gale\",\"url\":\"https:\/\/herbelegale.com\/\",\"logo\":{\"@type\":\"ImageObject\",\"inLanguage\":\"da-DK\",\"@id\":\"https:\/\/herbelegale.com\/#\/schema\/logo\/image\/\",\"url\":\"https:\/\/herbelegale.com\/wp-content\/uploads\/2023\/10\/logo-1.png\",\"contentUrl\":\"https:\/\/herbelegale.com\/wp-content\/uploads\/2023\/10\/logo-1.png\",\"width\":400,\"height\":120,\"caption\":\"Herbe L\u00e9gale\"},\"image\":{\"@id\":\"https:\/\/herbelegale.com\/#\/schema\/logo\/image\/\"}}]}<\/script>\n<!-- \/ Yoast SEO plugin. -->","yoast_head_json":{"title":"Achetez Gelato 41 en ligne - Gelato 41 \u00e0 vendre","description":"Vous pouvez acheter de la glace 41 en ligne aux meilleurs prix dans notre boutique en ligne. Nous proposons de la glace 41 bon march\u00e9 et de haute qualit\u00e9 \u00e0 la vente et proposons une livraison dans le monde entier. Vous pouvez commander \u00e0 tout moment et en tout lieu.","robots":{"index":"index","follow":"follow","max-snippet":"max-snippet:-1","max-image-preview":"max-image-preview:large","max-video-preview":"max-video-preview:-1"},"canonical":"https:\/\/herbelegale.com\/da\/product\/gelato-41\/","og_locale":"da_DK","og_type":"article","og_title":"Achetez Gelato 41 en ligne - Gelato 41 \u00e0 vendre","og_description":"Vous pouvez acheter de la glace 41 en ligne aux meilleurs prix dans notre boutique en ligne. Nous proposons de la glace 41 bon march\u00e9 et de haute qualit\u00e9 \u00e0 la vente et proposons une livraison dans le monde entier. Vous pouvez commander \u00e0 tout moment et en tout lieu.","og_url":"https:\/\/herbelegale.com\/da\/product\/gelato-41\/","og_site_name":"Herbe L\u00e9gale","article_modified_time":"2025-06-14T11:09:23+00:00","og_image":[{"width":960,"height":1280,"url":"https:\/\/herbelegale.com\/wp-content\/uploads\/2023\/09\/Gelato-41.jpg","type":"image\/jpeg"}],"twitter_card":"summary_large_image","twitter_misc":{"Estimeret l\u00e6setid":"3 minutter"},"schema":{"@context":"https:\/\/schema.org","@graph":[{"@type":"WebPage","@id":"https:\/\/herbelegale.com\/product\/gelato-41\/","url":"https:\/\/herbelegale.com\/product\/gelato-41\/","name":"Achetez Gelato 41 en ligne - Gelato 41 \u00e0 vendre","isPartOf":{"@id":"https:\/\/herbelegale.com\/#website"},"primaryImageOfPage":{"@id":"https:\/\/herbelegale.com\/product\/gelato-41\/#primaryimage"},"image":{"@id":"https:\/\/herbelegale.com\/product\/gelato-41\/#primaryimage"},"thumbnailUrl":"https:\/\/herbelegale.com\/wp-content\/uploads\/2023\/09\/Gelato-41.jpg","datePublished":"2023-09-22T09:42:34+00:00","dateModified":"2025-06-14T11:09:23+00:00","description":"Vous pouvez acheter de la glace 41 en ligne aux meilleurs prix dans notre boutique en ligne. Nous proposons de la glace 41 bon march\u00e9 et de haute qualit\u00e9 \u00e0 la vente et proposons une livraison dans le monde entier. Vous pouvez commander \u00e0 tout moment et en tout lieu.","breadcrumb":{"@id":"https:\/\/herbelegale.com\/product\/gelato-41\/#breadcrumb"},"inLanguage":"da-DK","potentialAction":[{"@type":"ReadAction","target":["https:\/\/herbelegale.com\/product\/gelato-41\/"]}]},{"@type":"ImageObject","inLanguage":"da-DK","@id":"https:\/\/herbelegale.com\/product\/gelato-41\/#primaryimage","url":"https:\/\/herbelegale.com\/wp-content\/uploads\/2023\/09\/Gelato-41.jpg","contentUrl":"https:\/\/herbelegale.com\/wp-content\/uploads\/2023\/09\/Gelato-41.jpg","width":960,"height":1280,"caption":"Gelato 41"},{"@type":"BreadcrumbList","@id":"https:\/\/herbelegale.com\/product\/gelato-41\/#breadcrumb","itemListElement":[{"@type":"ListItem","position":1,"name":"Home","item":"https:\/\/herbelegale.com\/"},{"@type":"ListItem","position":2,"name":"Boutique","item":"https:\/\/herbelegale.com\/boutique\/"},{"@type":"ListItem","position":3,"name":"Gelato 41"}]},{"@type":"WebSite","@id":"https:\/\/herbelegale.com\/#website","url":"https:\/\/herbelegale.com\/","name":"Herbe L\u00e9gale","description":"Acheter de l&#039;herbe en ligne","publisher":{"@id":"https:\/\/herbelegale.com\/#organization"},"potentialAction":[{"@type":"SearchAction","target":{"@type":"EntryPoint","urlTemplate":"https:\/\/herbelegale.com\/?s={search_term_string}"},"query-input":{"@type":"PropertyValueSpecification","valueRequired":true,"valueName":"search_term_string"}}],"inLanguage":"da-DK"},{"@type":"Organization","@id":"https:\/\/herbelegale.com\/#organization","name":"Herbe L\u00e9gale","url":"https:\/\/herbelegale.com\/","logo":{"@type":"ImageObject","inLanguage":"da-DK","@id":"https:\/\/herbelegale.com\/#\/schema\/logo\/image\/","url":"https:\/\/herbelegale.com\/wp-content\/uploads\/2023\/10\/logo-1.png","contentUrl":"https:\/\/herbelegale.com\/wp-content\/uploads\/2023\/10\/logo-1.png","width":400,"height":120,"caption":"Herbe L\u00e9gale"},"image":{"@id":"https:\/\/herbelegale.com\/#\/schema\/logo\/image\/"}}]}},"_links":{"self":[{"href":"https:\/\/herbelegale.com\/da\/wp-json\/wp\/v2\/product\/91","targetHints":{"allow":["GET"]}}],"collection":[{"href":"https:\/\/herbelegale.com\/da\/wp-json\/wp\/v2\/product"}],"about":[{"href":"https:\/\/herbelegale.com\/da\/wp-json\/wp\/v2\/types\/product"}],"replies":[{"embeddable":true,"href":"https:\/\/herbelegale.com\/da\/wp-json\/wp\/v2\/comments?post=91"}],"wp:featuredmedia":[{"embeddable":true,"href":"https:\/\/herbelegale.com\/da\/wp-json\/wp\/v2\/media\/1454"}],"wp:attachment":[{"href":"https:\/\/herbelegale.com\/da\/wp-json\/wp\/v2\/media?parent=91"}],"wp:term":[{"taxonomy":"product_brand","embeddable":true,"href":"https:\/\/herbelegale.com\/da\/wp-json\/wp\/v2\/product_brand?post=91"},{"taxonomy":"product_cat","embeddable":true,"href":"https:\/\/herbelegale.com\/da\/wp-json\/wp\/v2\/product_cat?post=91"},{"taxonomy":"product_tag","embeddable":true,"href":"https:\/\/herbelegale.com\/da\/wp-json\/wp\/v2\/product_tag?post=91"}],"curies":[{"name":"wp","href":"https:\/\/api.w.org\/{rel}","templated":true}]}}