{"id":61,"date":"2023-09-22T09:01:28","date_gmt":"2023-09-22T09:01:28","guid":{"rendered":"https:\/\/nembutalhouse.com\/weed\/?post_type=product&#038;p=61"},"modified":"2025-06-14T11:21:13","modified_gmt":"2025-06-14T11:21:13","slug":"jack-herer","status":"publish","type":"product","link":"https:\/\/herbelegale.com\/da\/product\/jack-herer\/","title":{"rendered":"Jack Herer"},"content":{"rendered":"<h2><b>K\u00f8b Jack Herer online: V\u00e6k dit sind med en cannabislegende<\/b><\/h2>\n<p><span style=\"font-weight: 400;\">Nimetty ikonisen kannabisaktivistin mukaan, <\/span><b>Jack Herer<\/b><span style=\"font-weight: 400;\"> er en sativa-sort kendt for sin cerebrale energi, mentale klarhed og unikke krydrede aroma. Med den hurtige v\u00e6kst p\u00e5 det digitale cannabismarked er det nu nemmere end nogensinde f\u00f8r at<\/span><a href=\"https:\/\/herbelegale.com\/da\/product\/jack-herer\/\"><b>acheter Jack Herer en ligne<\/b><\/a><span style=\"font-weight: 400;\"> og at modtage denne enest\u00e5ende blomst, dyrket med omhu, derhjemme.<\/span><\/p>\n<h3><b>Fremkomsten af online cannabislevering: Fra landm\u00e6ndsmarkeder til d\u00f8rtrin<\/b><\/h3>\n<p><span style=\"font-weight: 400;\">Autrefois r\u00e9serv\u00e9es aux boutiques physiques, les vari\u00e9t\u00e9s artisanales comme Jack Herer sont maintenant disponibles via des plateformes num\u00e9riques s\u00e9curis\u00e9es. R\u00e9sultat : les consommateurs peuvent <\/span><a href=\"https:\/\/en.wikipedia.org\/wiki\/Jack_Herer\"><b>commander Jack Herer en ligne<\/b><\/a><span style=\"font-weight: 400;\"> med mere lethed, valgfrihed og gennemsigtighed end nogensinde f\u00f8r.<\/span><\/p>\n<h3><b>Hvorfor flere og flere mennesker k\u00f8ber Jack Herer online<\/b><\/h3>\n<ul>\n<li style=\"font-weight: 400;\" aria-level=\"1\"><b>Hurtig adgang til premium blomster<\/b><span style=\"font-weight: 400;\"> hvor som helst fra<\/span><span style=\"font-weight: 400;\">\n<p><\/span><\/li>\n<li style=\"font-weight: 400;\" aria-level=\"1\"><b>Bedste prissammenligning og kundeanmeldelser<\/b><b>\n<p><\/b><\/li>\n<li style=\"font-weight: 400;\" aria-level=\"1\"><b>Diskret levering<\/b><span style=\"font-weight: 400;\"> og nogle gange endda gratis<\/span><span style=\"font-weight: 400;\">\n<p><\/span><\/li>\n<li style=\"font-weight: 400;\" aria-level=\"1\"><span style=\"font-weight: 400;\">Recherche de <\/span><b>Jack Herer \u00e0 vendre<\/b><span style=\"font-weight: 400;\"> avec des offres comp\u00e9titives<\/span><span style=\"font-weight: 400;\">\n<p><\/span><\/li>\n<li style=\"font-weight: 400;\" aria-level=\"1\"><span style=\"font-weight: 400;\">Possibilit\u00e9 de trouver un <\/span><b>prix Jack Herer pas cher<\/b><span style=\"font-weight: 400;\"> sans sacrifier la qualit\u00e9<\/span><span style=\"font-weight: 400;\">\n<p><\/span><\/li>\n<\/ul>\n<h3><b>Hvad g\u00f8r en god Jack Herer<\/b><\/h3>\n<p><span style=\"font-weight: 400;\">Ikke alle Jack Herers er skabt lige. Her er de vigtigste ting at se efter:<\/span><\/p>\n<ul>\n<li style=\"font-weight: 400;\" aria-level=\"1\"><b>Udseende<\/b><span style=\"font-weight: 400;\"> : Fleurs compactes aux pistils orange vif, trichomes abondants<\/span><span style=\"font-weight: 400;\">\n<p><\/span><\/li>\n<li style=\"font-weight: 400;\" aria-level=\"1\"><b>Aroma<\/b><span style=\"font-weight: 400;\"> : M\u00e9lange frais et piquant de pin, d&rsquo;agrumes et d&rsquo;\u00e9pices<\/span><span style=\"font-weight: 400;\">\n<p><\/span><\/li>\n<li style=\"font-weight: 400;\" aria-level=\"1\"><b>Effekter<\/b><span style=\"font-weight: 400;\"> : Boost mental, cr\u00e9ativit\u00e9 et \u00e9nergie \u2014 id\u00e9al pour la journ\u00e9e<\/span><span style=\"font-weight: 400;\">\n<p><\/span><\/li>\n<li style=\"font-weight: 400;\" aria-level=\"1\"><b>Friskhed<\/b><span style=\"font-weight: 400;\"> : Fleurs collantes, bien s\u00e9ch\u00e9es, mais jamais friables<\/span><span style=\"font-weight: 400;\">\n<p><\/span><\/li>\n<li style=\"font-weight: 400;\" aria-level=\"1\"><b>Production artisanale<\/b><span style=\"font-weight: 400;\"> : Petites r\u00e9coltes souvent plus soign\u00e9es que les productions industrielles<\/span><span style=\"font-weight: 400;\">\n<p><\/span><\/li>\n<\/ul>\n<h3><b>Top 5 bedste steder at k\u00f8be Grand Daddy Purple online (med fordele og ulemper)<\/b><\/h3>\n<h3><b>1. Ukrudtskort (apoteksnetv\u00e6rk)<\/b><\/h3>\n<p><b>\u2705<\/b><span style=\"font-weight: 400;\"> R\u00e9seau fiable, nombreuses vari\u00e9t\u00e9s locales<\/span><span style=\"font-weight: 400;\"><br \/>\n<\/span> <b>\u274c<\/b><span style=\"font-weight: 400;\"> Livraison non garantie selon la r\u00e9gion<\/span><\/p>\n<h3><b>2. Bladlignende<\/b><\/h3>\n<p><b>\u2705<\/b><span style=\"font-weight: 400;\"> Fiches d\u00e9taill\u00e9es, avis v\u00e9rifi\u00e9s, produits test\u00e9s en laboratoire<\/span><span style=\"font-weight: 400;\"><br \/>\n<\/span> <b>\u274c<\/b><span style=\"font-weight: 400;\"> Pas de vente directe sur le site<\/span><\/p>\n<h3><b>3.\u00ba BC Bud Supply (Danish)<\/b><\/h3>\n<p><b>\u2705<\/b><span style=\"font-weight: 400;\"> Livraison rapide, qualit\u00e9 constante<\/span><span style=\"font-weight: 400;\"><br \/>\n<\/span> <b>\u274c<\/b><span style=\"font-weight: 400;\"> Zone limit\u00e9e au Canada<\/span><\/p>\n<h3><b>4. Uafh\u00e6ngige butikker i Etsy-stil<\/b><\/h3>\n<p><b>\u2705<\/b><span style=\"font-weight: 400;\"> Artisans passionn\u00e9s, options rares<\/span><span style=\"font-weight: 400;\"><br \/>\n<\/span> <b>\u274c<\/b><span style=\"font-weight: 400;\"> Moins de garantie sur les politiques de retour<\/span><\/p>\n<h3><b>5. Sertifioidut tuotantopaikat (esim. Herer Farms)<\/b><\/h3>\n<p><b>\u2705<\/b><span style=\"font-weight: 400;\"> Fleurs fra\u00eechement r\u00e9colt\u00e9es, tra\u00e7abilit\u00e9 compl\u00e8te<\/span><span style=\"font-weight: 400;\"><br \/>\n<\/span> <b>\u274c<\/b><span style=\"font-weight: 400;\"> Stock limit\u00e9 selon la demande<\/span><\/p>\n<p><span style=\"font-weight: 400;\">\ud83d\udc49 Pour trouver le <\/span><b>meilleur endroit pour acheter Jack Herer en ligne<\/b><span style=\"font-weight: 400;\">, kig efter leverand\u00f8rer, der tilbyder gennemsigtighed i belastninger, laboratorietestning og sikker forsendelse.<\/span><\/p>\n<h3><b>Hvad skal man kontrollere f\u00f8r bestilling<\/b><\/h3>\n<ul>\n<li style=\"font-weight: 400;\" aria-level=\"1\"><b>Leveringsbetingelser<\/b><span style=\"font-weight: 400;\"> S\u00f8rg for, at produktet er godt pakket, diskret og beskyttet mod ekstreme temperaturer<\/span><span style=\"font-weight: 400;\">\n<p><\/span><\/li>\n<li style=\"font-weight: 400;\" aria-level=\"1\"><b>Garantie fra\u00eecheur<\/b><span style=\"font-weight: 400;\"> Nyligt h\u00f8stede og velbevarede blomster<\/span><span style=\"font-weight: 400;\">\n<p><\/span><\/li>\n<li style=\"font-weight: 400;\" aria-level=\"1\"><b>Politique de remboursement<\/b><span style=\"font-weight: 400;\"> Seri\u00f8se s\u00e6lgere = klare garantier<\/span><span style=\"font-weight: 400;\">\n<p><\/span><\/li>\n<li style=\"font-weight: 400;\" aria-level=\"1\"><b>Transparence sur les ingr\u00e9dients<\/b><span style=\"font-weight: 400;\"> Detaljeret information om terpener, THC\/CBD og dyrkningsmetoder<\/span><span style=\"font-weight: 400;\">\n<p><\/span><\/li>\n<li style=\"font-weight: 400;\" aria-level=\"1\"><b>(4 kundeanmeldelser)<\/b><span style=\"font-weight: 400;\"> L\u00e6s altid anmeldelser f\u00f8r du bestiller<\/span><span style=\"font-weight: 400;\">\n<p><\/span><\/li>\n<\/ul>\n<h3><b>S\u00e5dan opbevares og indtages Jack Herer<\/b><\/h3>\n<ul>\n<li style=\"font-weight: 400;\" aria-level=\"1\"><b>Opbevaring<\/b><span style=\"font-weight: 400;\"> Opbevares v\u00e6k fra lys og fugtighed i en luftt\u00e6t glasbeholder<\/span><span style=\"font-weight: 400;\">\n<p><\/span><\/li>\n<li style=\"font-weight: 400;\" aria-level=\"1\"><b>Forbrug<\/b><span style=\"font-weight: 400;\"> Perfekt til fordampning for fuldt ud at opleve aromaerne, eller i en joint for en gradvis \u00f8gning<\/span><span style=\"font-weight: 400;\">\n<p><\/span><\/li>\n<li style=\"font-weight: 400;\" aria-level=\"1\"><b>Moments id\u00e9aux<\/b><span style=\"font-weight: 400;\"> Morgen eller eftermiddag for at forblive fokuseret og kreativ<\/span><span style=\"font-weight: 400;\">\n<p><\/span><\/li>\n<\/ul>\n<h3><b>Konklusion: Nyd Jack Herers kraft uden at forlade sofaen<\/b><\/h3>\n<p><span style=\"font-weight: 400;\">Med stigningen i onlinesalg, <\/span><b>commander Jack Herer en ligne<\/b><span style=\"font-weight: 400;\"> er blevet en simpel, hurtig og sikker m\u00e5de at f\u00e5 adgang til en ikonisk variant. Uanset om det er for at \u00f8ge din produktivitet, stimulere din kreativitet eller blot forbedre din dag, tilbyder Jack Herer et afbalanceret og inspirerende boost \u2013 leveret direkte til din d\u00f8r.<\/span><\/p>","protected":false},"excerpt":{"rendered":"<p>Acheter Jack Herer en ligne : \u00c9veillez votre esprit avec une l\u00e9gende cannabique Nomm\u00e9e d&rsquo;apr\u00e8s l\u2019activiste embl\u00e9matique du cannabis, Jack Herer est une vari\u00e9t\u00e9 sativa renomm\u00e9e pour son \u00e9nergie c\u00e9r\u00e9brale, sa clart\u00e9 mentale et son ar\u00f4me \u00e9pic\u00e9 unique. Avec la croissance rapide du march\u00e9 num\u00e9rique du cannabis, il est d\u00e9sormais plus facile que jamais d\u2019acheter&#8230;<\/p>","protected":false},"featured_media":371,"comment_status":"open","ping_status":"closed","template":"","meta":{"_kadence_starter_templates_imported_post":false,"_kad_post_transparent":"default","_kad_post_title":"","_kad_post_layout":"default","_kad_post_sidebar_id":"","_kad_post_content_style":"default","_kad_post_vertical_padding":"default","_kad_post_feature":"","_kad_post_feature_position":"","_kad_post_header":false,"_kad_post_footer":false,"_joinchat":[]},"product_brand":[],"product_cat":[17],"product_tag":[],"class_list":{"0":"post-61","1":"product","2":"type-product","3":"status-publish","4":"has-post-thumbnail","6":"product_cat-canabis-en-ligne","8":"first","9":"instock","10":"shipping-taxable","11":"purchasable","12":"product-type-variable","13":"entry","14":"content-bg","15":"loop-entry"},"yoast_head":"<!-- This site is optimized with the Yoast SEO plugin v23.5 - https:\/\/yoast.com\/wordpress\/plugins\/seo\/ -->\n<title>Acheter Jack Herer en ligne - Jack Herer \u00e0 vendre en ligne<\/title>\n<meta name=\"description\" content=\"Chez votre marchand de cannabis, vous pouvez acheter du Jack Herer \u00e0 des prix avantageux. Ici, vous pouvez acheter du Jack Herer en ligne avec une qualit\u00e9 sup\u00e9rieure dans notre magasin maintenant avec un service d&#039;exp\u00e9dition rapide et s\u00e9curis\u00e9. Commandez maintenant !\" \/>\n<meta name=\"robots\" content=\"index, follow, max-snippet:-1, max-image-preview:large, max-video-preview:-1\" \/>\n<link rel=\"canonical\" href=\"https:\/\/herbelegale.com\/da\/product\/jack-herer\/\" \/>\n<meta property=\"og:locale\" content=\"da_DK\" \/>\n<meta property=\"og:type\" content=\"article\" \/>\n<meta property=\"og:title\" content=\"Acheter Jack Herer en ligne - Jack Herer \u00e0 vendre en ligne\" \/>\n<meta property=\"og:description\" content=\"Chez votre marchand de cannabis, vous pouvez acheter du Jack Herer \u00e0 des prix avantageux. Ici, vous pouvez acheter du Jack Herer en ligne avec une qualit\u00e9 sup\u00e9rieure dans notre magasin maintenant avec un service d&#039;exp\u00e9dition rapide et s\u00e9curis\u00e9. Commandez maintenant !\" \/>\n<meta property=\"og:url\" content=\"https:\/\/herbelegale.com\/da\/product\/jack-herer\/\" \/>\n<meta property=\"og:site_name\" content=\"Herbe L\u00e9gale\" \/>\n<meta property=\"article:modified_time\" content=\"2025-06-14T11:21:13+00:00\" \/>\n<meta property=\"og:image\" content=\"https:\/\/herbelegale.com\/wp-content\/uploads\/2023\/09\/Jack-Herer-1.jpg\" \/>\n\t<meta property=\"og:image:width\" content=\"960\" \/>\n\t<meta property=\"og:image:height\" content=\"1280\" \/>\n\t<meta property=\"og:image:type\" content=\"image\/jpeg\" \/>\n<meta name=\"twitter:card\" content=\"summary_large_image\" \/>\n<meta name=\"twitter:label1\" content=\"Estimeret l\u00e6setid\" \/>\n\t<meta name=\"twitter:data1\" content=\"3 minutter\" \/>\n<script type=\"application\/ld+json\" class=\"yoast-schema-graph\">{\"@context\":\"https:\/\/schema.org\",\"@graph\":[{\"@type\":\"WebPage\",\"@id\":\"https:\/\/herbelegale.com\/product\/jack-herer\/\",\"url\":\"https:\/\/herbelegale.com\/product\/jack-herer\/\",\"name\":\"Acheter Jack Herer en ligne - Jack Herer \u00e0 vendre en ligne\",\"isPartOf\":{\"@id\":\"https:\/\/herbelegale.com\/#website\"},\"primaryImageOfPage\":{\"@id\":\"https:\/\/herbelegale.com\/product\/jack-herer\/#primaryimage\"},\"image\":{\"@id\":\"https:\/\/herbelegale.com\/product\/jack-herer\/#primaryimage\"},\"thumbnailUrl\":\"https:\/\/herbelegale.com\/wp-content\/uploads\/2023\/09\/Jack-Herer-1.jpg\",\"datePublished\":\"2023-09-22T09:01:28+00:00\",\"dateModified\":\"2025-06-14T11:21:13+00:00\",\"description\":\"Chez votre marchand de cannabis, vous pouvez acheter du Jack Herer \u00e0 des prix avantageux. Ici, vous pouvez acheter du Jack Herer en ligne avec une qualit\u00e9 sup\u00e9rieure dans notre magasin maintenant avec un service d'exp\u00e9dition rapide et s\u00e9curis\u00e9. Commandez maintenant !\",\"breadcrumb\":{\"@id\":\"https:\/\/herbelegale.com\/product\/jack-herer\/#breadcrumb\"},\"inLanguage\":\"da-DK\",\"potentialAction\":[{\"@type\":\"ReadAction\",\"target\":[\"https:\/\/herbelegale.com\/product\/jack-herer\/\"]}]},{\"@type\":\"ImageObject\",\"inLanguage\":\"da-DK\",\"@id\":\"https:\/\/herbelegale.com\/product\/jack-herer\/#primaryimage\",\"url\":\"https:\/\/herbelegale.com\/wp-content\/uploads\/2023\/09\/Jack-Herer-1.jpg\",\"contentUrl\":\"https:\/\/herbelegale.com\/wp-content\/uploads\/2023\/09\/Jack-Herer-1.jpg\",\"width\":960,\"height\":1280,\"caption\":\"Jack Herer\"},{\"@type\":\"BreadcrumbList\",\"@id\":\"https:\/\/herbelegale.com\/product\/jack-herer\/#breadcrumb\",\"itemListElement\":[{\"@type\":\"ListItem\",\"position\":1,\"name\":\"Home\",\"item\":\"https:\/\/herbelegale.com\/\"},{\"@type\":\"ListItem\",\"position\":2,\"name\":\"Boutique\",\"item\":\"https:\/\/herbelegale.com\/boutique\/\"},{\"@type\":\"ListItem\",\"position\":3,\"name\":\"Jack Herer\"}]},{\"@type\":\"WebSite\",\"@id\":\"https:\/\/herbelegale.com\/#website\",\"url\":\"https:\/\/herbelegale.com\/\",\"name\":\"Herbe L\u00e9gale\",\"description\":\"Acheter de l&#039;herbe en ligne\",\"publisher\":{\"@id\":\"https:\/\/herbelegale.com\/#organization\"},\"potentialAction\":[{\"@type\":\"SearchAction\",\"target\":{\"@type\":\"EntryPoint\",\"urlTemplate\":\"https:\/\/herbelegale.com\/?s={search_term_string}\"},\"query-input\":{\"@type\":\"PropertyValueSpecification\",\"valueRequired\":true,\"valueName\":\"search_term_string\"}}],\"inLanguage\":\"da-DK\"},{\"@type\":\"Organization\",\"@id\":\"https:\/\/herbelegale.com\/#organization\",\"name\":\"Herbe L\u00e9gale\",\"url\":\"https:\/\/herbelegale.com\/\",\"logo\":{\"@type\":\"ImageObject\",\"inLanguage\":\"da-DK\",\"@id\":\"https:\/\/herbelegale.com\/#\/schema\/logo\/image\/\",\"url\":\"https:\/\/herbelegale.com\/wp-content\/uploads\/2023\/10\/logo-1.png\",\"contentUrl\":\"https:\/\/herbelegale.com\/wp-content\/uploads\/2023\/10\/logo-1.png\",\"width\":400,\"height\":120,\"caption\":\"Herbe L\u00e9gale\"},\"image\":{\"@id\":\"https:\/\/herbelegale.com\/#\/schema\/logo\/image\/\"}}]}<\/script>\n<!-- \/ Yoast SEO plugin. -->","yoast_head_json":{"title":"Acheter Jack Herer en ligne - Jack Herer \u00e0 vendre en ligne","description":"Chez votre marchand de cannabis, vous pouvez acheter du Jack Herer \u00e0 des prix avantageux. Ici, vous pouvez acheter du Jack Herer en ligne avec une qualit\u00e9 sup\u00e9rieure dans notre magasin maintenant avec un service d'exp\u00e9dition rapide et s\u00e9curis\u00e9. Commandez maintenant !","robots":{"index":"index","follow":"follow","max-snippet":"max-snippet:-1","max-image-preview":"max-image-preview:large","max-video-preview":"max-video-preview:-1"},"canonical":"https:\/\/herbelegale.com\/da\/product\/jack-herer\/","og_locale":"da_DK","og_type":"article","og_title":"Acheter Jack Herer en ligne - Jack Herer \u00e0 vendre en ligne","og_description":"Chez votre marchand de cannabis, vous pouvez acheter du Jack Herer \u00e0 des prix avantageux. Ici, vous pouvez acheter du Jack Herer en ligne avec une qualit\u00e9 sup\u00e9rieure dans notre magasin maintenant avec un service d'exp\u00e9dition rapide et s\u00e9curis\u00e9. Commandez maintenant !","og_url":"https:\/\/herbelegale.com\/da\/product\/jack-herer\/","og_site_name":"Herbe L\u00e9gale","article_modified_time":"2025-06-14T11:21:13+00:00","og_image":[{"width":960,"height":1280,"url":"https:\/\/herbelegale.com\/wp-content\/uploads\/2023\/09\/Jack-Herer-1.jpg","type":"image\/jpeg"}],"twitter_card":"summary_large_image","twitter_misc":{"Estimeret l\u00e6setid":"3 minutter"},"schema":{"@context":"https:\/\/schema.org","@graph":[{"@type":"WebPage","@id":"https:\/\/herbelegale.com\/product\/jack-herer\/","url":"https:\/\/herbelegale.com\/product\/jack-herer\/","name":"Acheter Jack Herer en ligne - Jack Herer \u00e0 vendre en ligne","isPartOf":{"@id":"https:\/\/herbelegale.com\/#website"},"primaryImageOfPage":{"@id":"https:\/\/herbelegale.com\/product\/jack-herer\/#primaryimage"},"image":{"@id":"https:\/\/herbelegale.com\/product\/jack-herer\/#primaryimage"},"thumbnailUrl":"https:\/\/herbelegale.com\/wp-content\/uploads\/2023\/09\/Jack-Herer-1.jpg","datePublished":"2023-09-22T09:01:28+00:00","dateModified":"2025-06-14T11:21:13+00:00","description":"Chez votre marchand de cannabis, vous pouvez acheter du Jack Herer \u00e0 des prix avantageux. Ici, vous pouvez acheter du Jack Herer en ligne avec une qualit\u00e9 sup\u00e9rieure dans notre magasin maintenant avec un service d'exp\u00e9dition rapide et s\u00e9curis\u00e9. Commandez maintenant !","breadcrumb":{"@id":"https:\/\/herbelegale.com\/product\/jack-herer\/#breadcrumb"},"inLanguage":"da-DK","potentialAction":[{"@type":"ReadAction","target":["https:\/\/herbelegale.com\/product\/jack-herer\/"]}]},{"@type":"ImageObject","inLanguage":"da-DK","@id":"https:\/\/herbelegale.com\/product\/jack-herer\/#primaryimage","url":"https:\/\/herbelegale.com\/wp-content\/uploads\/2023\/09\/Jack-Herer-1.jpg","contentUrl":"https:\/\/herbelegale.com\/wp-content\/uploads\/2023\/09\/Jack-Herer-1.jpg","width":960,"height":1280,"caption":"Jack Herer"},{"@type":"BreadcrumbList","@id":"https:\/\/herbelegale.com\/product\/jack-herer\/#breadcrumb","itemListElement":[{"@type":"ListItem","position":1,"name":"Home","item":"https:\/\/herbelegale.com\/"},{"@type":"ListItem","position":2,"name":"Boutique","item":"https:\/\/herbelegale.com\/boutique\/"},{"@type":"ListItem","position":3,"name":"Jack Herer"}]},{"@type":"WebSite","@id":"https:\/\/herbelegale.com\/#website","url":"https:\/\/herbelegale.com\/","name":"Herbe L\u00e9gale","description":"Acheter de l&#039;herbe en ligne","publisher":{"@id":"https:\/\/herbelegale.com\/#organization"},"potentialAction":[{"@type":"SearchAction","target":{"@type":"EntryPoint","urlTemplate":"https:\/\/herbelegale.com\/?s={search_term_string}"},"query-input":{"@type":"PropertyValueSpecification","valueRequired":true,"valueName":"search_term_string"}}],"inLanguage":"da-DK"},{"@type":"Organization","@id":"https:\/\/herbelegale.com\/#organization","name":"Herbe L\u00e9gale","url":"https:\/\/herbelegale.com\/","logo":{"@type":"ImageObject","inLanguage":"da-DK","@id":"https:\/\/herbelegale.com\/#\/schema\/logo\/image\/","url":"https:\/\/herbelegale.com\/wp-content\/uploads\/2023\/10\/logo-1.png","contentUrl":"https:\/\/herbelegale.com\/wp-content\/uploads\/2023\/10\/logo-1.png","width":400,"height":120,"caption":"Herbe L\u00e9gale"},"image":{"@id":"https:\/\/herbelegale.com\/#\/schema\/logo\/image\/"}}]}},"_links":{"self":[{"href":"https:\/\/herbelegale.com\/da\/wp-json\/wp\/v2\/product\/61","targetHints":{"allow":["GET"]}}],"collection":[{"href":"https:\/\/herbelegale.com\/da\/wp-json\/wp\/v2\/product"}],"about":[{"href":"https:\/\/herbelegale.com\/da\/wp-json\/wp\/v2\/types\/product"}],"replies":[{"embeddable":true,"href":"https:\/\/herbelegale.com\/da\/wp-json\/wp\/v2\/comments?post=61"}],"wp:featuredmedia":[{"embeddable":true,"href":"https:\/\/herbelegale.com\/da\/wp-json\/wp\/v2\/media\/371"}],"wp:attachment":[{"href":"https:\/\/herbelegale.com\/da\/wp-json\/wp\/v2\/media?parent=61"}],"wp:term":[{"taxonomy":"product_brand","embeddable":true,"href":"https:\/\/herbelegale.com\/da\/wp-json\/wp\/v2\/product_brand?post=61"},{"taxonomy":"product_cat","embeddable":true,"href":"https:\/\/herbelegale.com\/da\/wp-json\/wp\/v2\/product_cat?post=61"},{"taxonomy":"product_tag","embeddable":true,"href":"https:\/\/herbelegale.com\/da\/wp-json\/wp\/v2\/product_tag?post=61"}],"curies":[{"name":"wp","href":"https:\/\/api.w.org\/{rel}","templated":true}]}}