{"id":58,"date":"2023-09-22T08:57:00","date_gmt":"2023-09-22T08:57:00","guid":{"rendered":"https:\/\/nembutalhouse.com\/weed\/?post_type=product&#038;p=58"},"modified":"2025-06-14T11:08:27","modified_gmt":"2025-06-14T11:08:27","slug":"cherry-pie","status":"publish","type":"product","link":"https:\/\/herbelegale.com\/da\/product\/cherry-pie\/","title":{"rendered":"Kirseb\u00e6rt\u00e6rte"},"content":{"rendered":"<h2><b>K\u00f8b en t\u00e6rte <\/b><span style=\"font-weight: 400;\">Kirseb\u00e6rt\u00e6rte<\/span><b> Online: Hvorfor denne klassiker er s\u00e5 popul\u00e6r<\/b><\/h2>\n<p><a href=\"https:\/\/herbelegale.com\/da\/product\/cherry-pie\/\"><span style=\"font-weight: 400;\">La <\/span><b>kirseb\u00e6rt\u00e6rte<\/b><\/a><span style=\"font-weight: 400;\"> er en traditionel bagv\u00e6rksdej elsket for sin spr\u00f8de skorpe og l\u00e6kre frugtagtige midte, gener\u00f8st fyldt med friske eller gel\u00e9erede kirseb\u00e6r. Denne klassiske dessert appellerer til s\u00f8de elskere takket v\u00e6re sin perfekte balance mellem naturlig syrlighed og s\u00f8d s\u00f8dme. I dag oplever kirseb\u00e6rt\u00e6rte en genopblussen online, hvor den er blevet et trendy produkt at bestille.<\/span><\/p>\n<p><span style=\"font-weight: 400;\">Denne online succes forklares af den voksende s\u00f8gning efter lettilg\u00e6ngelige h\u00e5ndv\u00e6rksprodukter, samt af stigningen i gourmetk\u00f8b via digitale platforme, der dermed tilbyder en velsmagende oplevelse uden at forlade hjemmet.<\/span><\/p>\n<h3><b>Hvorfor k\u00f8be en kirseb\u00e6rt\u00e6rte online?<\/b><\/h3>\n<p><span style=\"font-weight: 400;\">K\u00f8b en <\/span><a href=\"https:\/\/en.wikipedia.org\/wiki\/Cherry_pie\"><b>tarte aux cerises en ligne<\/b><\/a><span style=\"font-weight: 400;\"> har mange fordele:<\/span><\/p>\n<ul>\n<li style=\"font-weight: 400;\" aria-level=\"1\"><b>Diskret og sikker levering<\/b><span style=\"font-weight: 400;\"> Din ordre ankommer direkte til dig i omhyggelig emballage, hvilket garanterer friskhed og fortrolighed.<\/span>&nbsp;<\/li>\n<li style=\"font-weight: 400;\" aria-level=\"1\"><b>Facilit\u00e9 et confort<\/b><span style=\"font-weight: 400;\"> Du beh\u00f8ver ikke at rejse eller vente, t\u00e6rten kommer direkte til din d\u00f8r.<\/span>&nbsp;<\/li>\n<li style=\"font-weight: 400;\" aria-level=\"1\"><b>Acc\u00e8s \u00e0 des produits rares ou artisanaux<\/b><span style=\"font-weight: 400;\"> Du kan v\u00e6lge mellem h\u00e5ndlavede kager, som ofte ikke er tilg\u00e6ngelige i butikker i n\u00e6rheden af dig.<\/span>&nbsp;<\/li>\n<\/ul>\n<h3><b>Hvad g\u00f8r en god kirseb\u00e6rt\u00e6rte?<\/b><\/h3>\n<p><span style=\"font-weight: 400;\">For at nyde en kirseb\u00e6rt\u00e6rte af h\u00f8j kvalitet er her de vigtigste kriterier:<\/span><\/p>\n<ul>\n<li style=\"font-weight: 400;\" aria-level=\"1\"><b>Friskhed<\/b><span style=\"font-weight: 400;\"> Frisk dej, gener\u00f8st fyld tilberedt med s\u00e6sonens kirseb\u00e6r.<\/span>&nbsp;<\/li>\n<li style=\"font-weight: 400;\" aria-level=\"1\"><b>Texture<\/b><span style=\"font-weight: 400;\"> Spr\u00f8d og bl\u00f8d dej p\u00e5 samme tid, med et saftigt og let syrligt fyld.<\/span>&nbsp;<\/li>\n<li style=\"font-weight: 400;\" aria-level=\"1\"><b>Go\u00fbt naturel<\/b><span style=\"font-weight: 400;\"> Bruger \u00e6gte kirseb\u00e6r, ingen kunstige smagsstoffer.<\/span>&nbsp;<\/li>\n<li style=\"font-weight: 400;\" aria-level=\"1\"><b>Visuelt aspekt<\/b><span style=\"font-weight: 400;\"> En gylden, appetitlig og p\u00e6n t\u00e6rte.<\/span>&nbsp;<\/li>\n<\/ul>\n<h3><b>De bedste platforme til at bestille kirseb\u00e6rt\u00e6rte online<\/b><\/h3>\n<p><span style=\"font-weight: 400;\">Her er nogle anerkendte platforme, hvor du kan <\/span><b>acheter une tarte aux cerises en ligne<\/b><span style=\"font-weight: 400;\"> :<\/span><\/p>\n<ul>\n<li style=\"font-weight: 400;\" aria-level=\"1\"><b>P\u00e2tisserie Fine<\/b><span style=\"font-weight: 400;\"> Specialiseret i h\u00e5ndlavede t\u00e6rter, hurtig og omhyggelig forsendelse.<\/span>&nbsp;<\/li>\n<li style=\"font-weight: 400;\" aria-level=\"1\"><b>Gourmet Market<\/b><span style=\"font-weight: 400;\"> Bredt udvalg af traditionelle og moderne desserter.<\/span>&nbsp;<\/li>\n<li style=\"font-weight: 400;\" aria-level=\"1\"><b>Etsy (Artisanat P\u00e2tissier)<\/b><span style=\"font-weight: 400;\"> Sm\u00e5, h\u00e5ndv\u00e6rksm\u00e6ssige og brugerdefinerede serier.<\/span>&nbsp;<\/li>\n<li style=\"font-weight: 400;\" aria-level=\"1\"><b>Box P\u00e2tisserie<\/b><span style=\"font-weight: 400;\"> M\u00e5nedligt abonnement med s\u00e6sonbestemte udvalg.<\/span>&nbsp;<\/li>\n<li style=\"font-weight: 400;\" aria-level=\"1\"><b>Boulangeries Locales avec livraison<\/b><span style=\"font-weight: 400;\"> Overkommelige priser og garanteret n\u00e6rhed.<\/span>&nbsp;<\/li>\n<\/ul>\n<h3><b>Hvordan v\u00e6lger man det rigtige produkt eller den rigtige s\u00e6lger?<\/b><\/h3>\n<p><span style=\"font-weight: 400;\">F\u00f8r du bestiller din kirseb\u00e6rt\u00e6rte, skal du huske at:<\/span><\/p>\n<ul>\n<li style=\"font-weight: 400;\" aria-level=\"1\"><b>V\u00e9rifier les conditions de livraison<\/b><span style=\"font-weight: 400;\"> Isoleret eller k\u00f8lig emballage for at sikre friskhed.<\/span>&nbsp;<\/li>\n<li style=\"font-weight: 400;\" aria-level=\"1\"><b>Consulter les avis clients<\/b><span style=\"font-weight: 400;\"> Autentisk feedback om smag, tekstur og leveringshastighed.<\/span>&nbsp;<\/li>\n<li style=\"font-weight: 400;\" aria-level=\"1\"><b>Rechercher la transparence<\/b><span style=\"font-weight: 400;\"> Naturlige ingredienser og ingen kemiske konserveringsmidler.<\/span>&nbsp;<\/li>\n<li style=\"font-weight: 400;\" aria-level=\"1\"><b>S\u2019assurer d\u2019une politique de satisfaction<\/b><span style=\"font-weight: 400;\"> Pengene tilbage eller ombytningsgaranti, hvis produktet ikke passer dig.<\/span>&nbsp;<\/li>\n<\/ul>\n<h3><b>Konklusion: Hvorfor kirseb\u00e6rt\u00e6rte er v\u00e6rd at pr\u00f8ve, og hvor kan man k\u00f8be den<\/b><\/h3>\n<p><span style=\"font-weight: 400;\">La <\/span><b>kirseb\u00e6rt\u00e6rte<\/b><span style=\"font-weight: 400;\"> er en dessert, der appellerer til alle generationer, perfekt til et \u00f8jeblik med autentisk s\u00f8dme. Takket v\u00e6re muligheden for<\/span><b>acheter des tartes aux cerises en ligne<\/b><span style=\"font-weight: 400;\">, kan du nyde denne delikatesse uanset hvor du er, med garanti for et kvalitetsprodukt, friskt leveret til dit hjem.<\/span><\/p>\n<p><span style=\"font-weight: 400;\">For en <\/span><b>prix abordable<\/b><span style=\"font-weight: 400;\">, uden at g\u00e5 p\u00e5 kompromis med smagen, er der nu <\/span><b>Det bedste sted at k\u00f8be kirseb\u00e6rt\u00e6rte online<\/b><span style=\"font-weight: 400;\"> som vil tilfredsstille din s\u00f8de tand.<\/span><\/p>\n<h3><b>Sidste tips til et vellykket og sikkert onlinek\u00f8b:<\/b><\/h3>\n<ul>\n<li style=\"font-weight: 400;\" aria-level=\"1\"><span style=\"font-weight: 400;\">Foretr\u00e6kker p\u00e5lidelige og velrenommerede websteder.<\/span>&nbsp;<\/li>\n<li style=\"font-weight: 400;\" aria-level=\"1\"><span style=\"font-weight: 400;\">Kontroller produkternes overholdelse af lovgivningen.<\/span>&nbsp;<\/li>\n<li style=\"font-weight: 400;\" aria-level=\"1\"><span style=\"font-weight: 400;\">S\u00f8rg for hurtig og diskret levering.<\/span>&nbsp;<\/li>\n<\/ul>","protected":false},"excerpt":{"rendered":"<p>Acheter une Tarte aux Cherry Pie en Ligne : Pourquoi ce Classique est si Pris\u00e9 La tarte aux cerises est une p\u00e2tisserie traditionnelle appr\u00e9ci\u00e9e pour sa p\u00e2te croustillante et son d\u00e9licieux c\u0153ur fruit\u00e9, g\u00e9n\u00e9reusement garni de cerises fra\u00eeches ou g\u00e9lifi\u00e9es. Ce dessert classique s\u00e9duit les amateurs de douceurs gr\u00e2ce \u00e0 son \u00e9quilibre parfait entre acidit\u00e9&#8230;<\/p>","protected":false},"featured_media":366,"comment_status":"open","ping_status":"closed","template":"","meta":{"_kadence_starter_templates_imported_post":false,"_kad_post_transparent":"default","_kad_post_title":"","_kad_post_layout":"default","_kad_post_sidebar_id":"","_kad_post_content_style":"default","_kad_post_vertical_padding":"default","_kad_post_feature":"","_kad_post_feature_position":"","_kad_post_header":false,"_kad_post_footer":false,"_joinchat":[]},"product_brand":[],"product_cat":[17],"product_tag":[],"class_list":{"0":"post-58","1":"product","2":"type-product","3":"status-publish","4":"has-post-thumbnail","6":"product_cat-canabis-en-ligne","8":"first","9":"instock","10":"shipping-taxable","11":"purchasable","12":"product-type-variable","13":"entry","14":"content-bg","15":"loop-entry"},"yoast_head":"<!-- This site is optimized with the Yoast SEO plugin v23.5 - https:\/\/yoast.com\/wordpress\/plugins\/seo\/ -->\n<title>Tarte aux cerises \u00e0 vendre - Achetez une tarte aux cerises en ligne - Commandez une tarte aux cerises<\/title>\n<meta name=\"description\" content=\"Vous pouvez d\u00e9sormais vous procurer Cherry Pie en vente dans notre meilleur magasin herbelegale. Notre personnel vous aidera \u00e0 acheter Cherry Pie en ligne aux meilleurs prix.\" \/>\n<meta name=\"robots\" content=\"index, follow, max-snippet:-1, max-image-preview:large, max-video-preview:-1\" \/>\n<link rel=\"canonical\" href=\"https:\/\/herbelegale.com\/da\/product\/cherry-pie\/\" \/>\n<meta property=\"og:locale\" content=\"da_DK\" \/>\n<meta property=\"og:type\" content=\"article\" \/>\n<meta property=\"og:title\" content=\"Tarte aux cerises \u00e0 vendre - Achetez une tarte aux cerises en ligne - Commandez une tarte aux cerises\" \/>\n<meta property=\"og:description\" content=\"Vous pouvez d\u00e9sormais vous procurer Cherry Pie en vente dans notre meilleur magasin herbelegale. Notre personnel vous aidera \u00e0 acheter Cherry Pie en ligne aux meilleurs prix.\" \/>\n<meta property=\"og:url\" content=\"https:\/\/herbelegale.com\/da\/product\/cherry-pie\/\" \/>\n<meta property=\"og:site_name\" content=\"Herbe L\u00e9gale\" \/>\n<meta property=\"article:modified_time\" content=\"2025-06-14T11:08:27+00:00\" \/>\n<meta property=\"og:image\" content=\"https:\/\/herbelegale.com\/wp-content\/uploads\/2023\/09\/Cherry-Pie.jpg\" \/>\n\t<meta property=\"og:image:width\" content=\"960\" \/>\n\t<meta property=\"og:image:height\" content=\"1280\" \/>\n\t<meta property=\"og:image:type\" content=\"image\/jpeg\" \/>\n<meta name=\"twitter:card\" content=\"summary_large_image\" \/>\n<meta name=\"twitter:label1\" content=\"Estimeret l\u00e6setid\" \/>\n\t<meta name=\"twitter:data1\" content=\"3 minutter\" \/>\n<script type=\"application\/ld+json\" class=\"yoast-schema-graph\">{\"@context\":\"https:\/\/schema.org\",\"@graph\":[{\"@type\":\"WebPage\",\"@id\":\"https:\/\/herbelegale.com\/product\/cherry-pie\/\",\"url\":\"https:\/\/herbelegale.com\/product\/cherry-pie\/\",\"name\":\"Tarte aux cerises \u00e0 vendre - Achetez une tarte aux cerises en ligne - Commandez une tarte aux cerises\",\"isPartOf\":{\"@id\":\"https:\/\/herbelegale.com\/#website\"},\"primaryImageOfPage\":{\"@id\":\"https:\/\/herbelegale.com\/product\/cherry-pie\/#primaryimage\"},\"image\":{\"@id\":\"https:\/\/herbelegale.com\/product\/cherry-pie\/#primaryimage\"},\"thumbnailUrl\":\"https:\/\/herbelegale.com\/wp-content\/uploads\/2023\/09\/Cherry-Pie.jpg\",\"datePublished\":\"2023-09-22T08:57:00+00:00\",\"dateModified\":\"2025-06-14T11:08:27+00:00\",\"description\":\"Vous pouvez d\u00e9sormais vous procurer Cherry Pie en vente dans notre meilleur magasin herbelegale. Notre personnel vous aidera \u00e0 acheter Cherry Pie en ligne aux meilleurs prix.\",\"breadcrumb\":{\"@id\":\"https:\/\/herbelegale.com\/product\/cherry-pie\/#breadcrumb\"},\"inLanguage\":\"da-DK\",\"potentialAction\":[{\"@type\":\"ReadAction\",\"target\":[\"https:\/\/herbelegale.com\/product\/cherry-pie\/\"]}]},{\"@type\":\"ImageObject\",\"inLanguage\":\"da-DK\",\"@id\":\"https:\/\/herbelegale.com\/product\/cherry-pie\/#primaryimage\",\"url\":\"https:\/\/herbelegale.com\/wp-content\/uploads\/2023\/09\/Cherry-Pie.jpg\",\"contentUrl\":\"https:\/\/herbelegale.com\/wp-content\/uploads\/2023\/09\/Cherry-Pie.jpg\",\"width\":960,\"height\":1280,\"caption\":\"Cherry Pie\"},{\"@type\":\"BreadcrumbList\",\"@id\":\"https:\/\/herbelegale.com\/product\/cherry-pie\/#breadcrumb\",\"itemListElement\":[{\"@type\":\"ListItem\",\"position\":1,\"name\":\"Home\",\"item\":\"https:\/\/herbelegale.com\/\"},{\"@type\":\"ListItem\",\"position\":2,\"name\":\"Boutique\",\"item\":\"https:\/\/herbelegale.com\/boutique\/\"},{\"@type\":\"ListItem\",\"position\":3,\"name\":\"Cherry Pie\"}]},{\"@type\":\"WebSite\",\"@id\":\"https:\/\/herbelegale.com\/#website\",\"url\":\"https:\/\/herbelegale.com\/\",\"name\":\"Herbe L\u00e9gale\",\"description\":\"Acheter de l&#039;herbe en ligne\",\"publisher\":{\"@id\":\"https:\/\/herbelegale.com\/#organization\"},\"potentialAction\":[{\"@type\":\"SearchAction\",\"target\":{\"@type\":\"EntryPoint\",\"urlTemplate\":\"https:\/\/herbelegale.com\/?s={search_term_string}\"},\"query-input\":{\"@type\":\"PropertyValueSpecification\",\"valueRequired\":true,\"valueName\":\"search_term_string\"}}],\"inLanguage\":\"da-DK\"},{\"@type\":\"Organization\",\"@id\":\"https:\/\/herbelegale.com\/#organization\",\"name\":\"Herbe L\u00e9gale\",\"url\":\"https:\/\/herbelegale.com\/\",\"logo\":{\"@type\":\"ImageObject\",\"inLanguage\":\"da-DK\",\"@id\":\"https:\/\/herbelegale.com\/#\/schema\/logo\/image\/\",\"url\":\"https:\/\/herbelegale.com\/wp-content\/uploads\/2023\/10\/logo-1.png\",\"contentUrl\":\"https:\/\/herbelegale.com\/wp-content\/uploads\/2023\/10\/logo-1.png\",\"width\":400,\"height\":120,\"caption\":\"Herbe L\u00e9gale\"},\"image\":{\"@id\":\"https:\/\/herbelegale.com\/#\/schema\/logo\/image\/\"}}]}<\/script>\n<!-- \/ Yoast SEO plugin. -->","yoast_head_json":{"title":"Tarte aux cerises \u00e0 vendre - Achetez une tarte aux cerises en ligne - Commandez une tarte aux cerises","description":"Vous pouvez d\u00e9sormais vous procurer Cherry Pie en vente dans notre meilleur magasin herbelegale. Notre personnel vous aidera \u00e0 acheter Cherry Pie en ligne aux meilleurs prix.","robots":{"index":"index","follow":"follow","max-snippet":"max-snippet:-1","max-image-preview":"max-image-preview:large","max-video-preview":"max-video-preview:-1"},"canonical":"https:\/\/herbelegale.com\/da\/product\/cherry-pie\/","og_locale":"da_DK","og_type":"article","og_title":"Tarte aux cerises \u00e0 vendre - Achetez une tarte aux cerises en ligne - Commandez une tarte aux cerises","og_description":"Vous pouvez d\u00e9sormais vous procurer Cherry Pie en vente dans notre meilleur magasin herbelegale. Notre personnel vous aidera \u00e0 acheter Cherry Pie en ligne aux meilleurs prix.","og_url":"https:\/\/herbelegale.com\/da\/product\/cherry-pie\/","og_site_name":"Herbe L\u00e9gale","article_modified_time":"2025-06-14T11:08:27+00:00","og_image":[{"width":960,"height":1280,"url":"https:\/\/herbelegale.com\/wp-content\/uploads\/2023\/09\/Cherry-Pie.jpg","type":"image\/jpeg"}],"twitter_card":"summary_large_image","twitter_misc":{"Estimeret l\u00e6setid":"3 minutter"},"schema":{"@context":"https:\/\/schema.org","@graph":[{"@type":"WebPage","@id":"https:\/\/herbelegale.com\/product\/cherry-pie\/","url":"https:\/\/herbelegale.com\/product\/cherry-pie\/","name":"Tarte aux cerises \u00e0 vendre - Achetez une tarte aux cerises en ligne - Commandez une tarte aux cerises","isPartOf":{"@id":"https:\/\/herbelegale.com\/#website"},"primaryImageOfPage":{"@id":"https:\/\/herbelegale.com\/product\/cherry-pie\/#primaryimage"},"image":{"@id":"https:\/\/herbelegale.com\/product\/cherry-pie\/#primaryimage"},"thumbnailUrl":"https:\/\/herbelegale.com\/wp-content\/uploads\/2023\/09\/Cherry-Pie.jpg","datePublished":"2023-09-22T08:57:00+00:00","dateModified":"2025-06-14T11:08:27+00:00","description":"Vous pouvez d\u00e9sormais vous procurer Cherry Pie en vente dans notre meilleur magasin herbelegale. Notre personnel vous aidera \u00e0 acheter Cherry Pie en ligne aux meilleurs prix.","breadcrumb":{"@id":"https:\/\/herbelegale.com\/product\/cherry-pie\/#breadcrumb"},"inLanguage":"da-DK","potentialAction":[{"@type":"ReadAction","target":["https:\/\/herbelegale.com\/product\/cherry-pie\/"]}]},{"@type":"ImageObject","inLanguage":"da-DK","@id":"https:\/\/herbelegale.com\/product\/cherry-pie\/#primaryimage","url":"https:\/\/herbelegale.com\/wp-content\/uploads\/2023\/09\/Cherry-Pie.jpg","contentUrl":"https:\/\/herbelegale.com\/wp-content\/uploads\/2023\/09\/Cherry-Pie.jpg","width":960,"height":1280,"caption":"Cherry Pie"},{"@type":"BreadcrumbList","@id":"https:\/\/herbelegale.com\/product\/cherry-pie\/#breadcrumb","itemListElement":[{"@type":"ListItem","position":1,"name":"Home","item":"https:\/\/herbelegale.com\/"},{"@type":"ListItem","position":2,"name":"Boutique","item":"https:\/\/herbelegale.com\/boutique\/"},{"@type":"ListItem","position":3,"name":"Cherry Pie"}]},{"@type":"WebSite","@id":"https:\/\/herbelegale.com\/#website","url":"https:\/\/herbelegale.com\/","name":"Herbe L\u00e9gale","description":"Acheter de l&#039;herbe en ligne","publisher":{"@id":"https:\/\/herbelegale.com\/#organization"},"potentialAction":[{"@type":"SearchAction","target":{"@type":"EntryPoint","urlTemplate":"https:\/\/herbelegale.com\/?s={search_term_string}"},"query-input":{"@type":"PropertyValueSpecification","valueRequired":true,"valueName":"search_term_string"}}],"inLanguage":"da-DK"},{"@type":"Organization","@id":"https:\/\/herbelegale.com\/#organization","name":"Herbe L\u00e9gale","url":"https:\/\/herbelegale.com\/","logo":{"@type":"ImageObject","inLanguage":"da-DK","@id":"https:\/\/herbelegale.com\/#\/schema\/logo\/image\/","url":"https:\/\/herbelegale.com\/wp-content\/uploads\/2023\/10\/logo-1.png","contentUrl":"https:\/\/herbelegale.com\/wp-content\/uploads\/2023\/10\/logo-1.png","width":400,"height":120,"caption":"Herbe L\u00e9gale"},"image":{"@id":"https:\/\/herbelegale.com\/#\/schema\/logo\/image\/"}}]}},"_links":{"self":[{"href":"https:\/\/herbelegale.com\/da\/wp-json\/wp\/v2\/product\/58","targetHints":{"allow":["GET"]}}],"collection":[{"href":"https:\/\/herbelegale.com\/da\/wp-json\/wp\/v2\/product"}],"about":[{"href":"https:\/\/herbelegale.com\/da\/wp-json\/wp\/v2\/types\/product"}],"replies":[{"embeddable":true,"href":"https:\/\/herbelegale.com\/da\/wp-json\/wp\/v2\/comments?post=58"}],"wp:featuredmedia":[{"embeddable":true,"href":"https:\/\/herbelegale.com\/da\/wp-json\/wp\/v2\/media\/366"}],"wp:attachment":[{"href":"https:\/\/herbelegale.com\/da\/wp-json\/wp\/v2\/media?parent=58"}],"wp:term":[{"taxonomy":"product_brand","embeddable":true,"href":"https:\/\/herbelegale.com\/da\/wp-json\/wp\/v2\/product_brand?post=58"},{"taxonomy":"product_cat","embeddable":true,"href":"https:\/\/herbelegale.com\/da\/wp-json\/wp\/v2\/product_cat?post=58"},{"taxonomy":"product_tag","embeddable":true,"href":"https:\/\/herbelegale.com\/da\/wp-json\/wp\/v2\/product_tag?post=58"}],"curies":[{"name":"wp","href":"https:\/\/api.w.org\/{rel}","templated":true}]}}