{"id":57,"date":"2023-09-22T08:56:50","date_gmt":"2023-09-22T08:56:50","guid":{"rendered":"https:\/\/nembutalhouse.com\/weed\/?post_type=product&#038;p=57"},"modified":"2025-06-14T11:08:49","modified_gmt":"2025-06-14T11:08:49","slug":"cookies-cream","status":"publish","type":"product","link":"https:\/\/herbelegale.com\/da\/product\/cookies-cream\/","title":{"rendered":"Sm\u00e5kager og fl\u00f8de"},"content":{"rendered":"<h2><b>K\u00f8b Cookies &amp; Cream online: En klassisk smag, der er popul\u00e6r nu<\/b><\/h2>\n<p><span style=\"font-weight: 400;\">Udtrykket <\/span><a href=\"https:\/\/herbelegale.com\/da\/product\/cookies-cream\/\"><b>Cookies &amp; Cream<\/b><\/a><span style=\"font-weight: 400;\"> refererer til en gourmetsmag, der kombinerer den cremede s\u00f8dme af vanilje eller m\u00e6lk med spr\u00f8de stykker chokoladekager, ofte Oreo eller lignende. Cookies &amp; Cream, der findes i forskellige former \u2013 is, desserter, kager eller endda temaprodukter \u2013 appellerer til et bredt publikum for sin perfekte balance mellem cremethed og spr\u00f8dhed.<\/span><\/p>\n<p><span style=\"font-weight: 400;\">Denne tidl\u00f8se smag er nu meget efterspurgt online, drevet af en st\u00e6rk eftersp\u00f8rgsel efter h\u00e5ndlavede og personlige l\u00e6kkerier, samt stigningen i onlinek\u00f8b af mad.<\/span><\/p>\n<h3><b>Hvorfor k\u00f8be cookies og creme online?<\/b><\/h3>\n<p><span style=\"font-weight: 400;\">Orden <\/span><a href=\"https:\/\/en.wikipedia.org\/wiki\/Cookies_and_cream\"><b>Cookies &amp; Cream en ligne<\/b><\/a><span style=\"font-weight: 400;\"> tilbyder mange fordele:<\/span><\/p>\n<ul>\n<li style=\"font-weight: 400;\" aria-level=\"1\"><b>Diskret og omhyggelig levering<\/b><span style=\"font-weight: 400;\"> Produkterne ankommer omhyggeligt pakket, hvilket garanterer friskhed og diskretion.<\/span><span style=\"font-weight: 400;\">\n<p><\/span><\/li>\n<li style=\"font-weight: 400;\" aria-level=\"1\"><b>Praktisk anvendelighed<\/b><span style=\"font-weight: 400;\"> Du beh\u00f8ver ikke at g\u00e5 i butikken, du bestiller direkte hjemmefra.<\/span><span style=\"font-weight: 400;\">\n<p><\/span><\/li>\n<li style=\"font-weight: 400;\" aria-level=\"1\"><b>Adgang til en bred vifte<\/b><span style=\"font-weight: 400;\"> H\u00e5ndlavede kreationer, limited editions eller eksklusive versioner, der ofte ikke findes i butikkerne.<\/span><span style=\"font-weight: 400;\">\n<p><\/span><\/li>\n<\/ul>\n<h3><b>Hvad g\u00f8r et Cookies &amp; Cream-produkt fantastisk?<\/b><\/h3>\n<p><span style=\"font-weight: 400;\">For at v\u00e6lge et godt Cookies &amp; Cream-produkt, skal du kigge efter f\u00f8lgende:<\/span><\/p>\n<ul>\n<li style=\"font-weight: 400;\" aria-level=\"1\"><b>Ingrediensernes kvalitet<\/b><span style=\"font-weight: 400;\"> Bl\u00f8d creme, friske spr\u00f8de kiks, ingen un\u00f8dvendige tils\u00e6tningsstoffer.<\/span><span style=\"font-weight: 400;\">\n<p><\/span><\/li>\n<li style=\"font-weight: 400;\" aria-level=\"1\"><b>Bl\u00f8d creme, friske spr\u00f8de kiks, ingen un\u00f8dvendige tils\u00e6tningsstoffer.<\/b><span style=\"font-weight: 400;\"> En perfekt harmoni mellem bl\u00f8dt og spr\u00f8dt.<\/span><span style=\"font-weight: 400;\">\n<p><\/span><\/li>\n<li style=\"font-weight: 400;\" aria-level=\"1\"><b>Autentisk smag<\/b><span style=\"font-weight: 400;\"> Naturlig sm\u00e5kagesmag, hverken for s\u00f8d eller kedelig.<\/span><span style=\"font-weight: 400;\">\n<p><\/span><\/li>\n<li style=\"font-weight: 400;\" aria-level=\"1\"><b>Visuelt aspekt<\/b><span style=\"font-weight: 400;\"> Et appetitligt produkt, p\u00e6nt pr\u00e6senteret med synlige stykker kiks.<\/span><span style=\"font-weight: 400;\">\n<p><\/span><\/li>\n<\/ul>\n<h3><b>De bedste platforme til at bestille cookies og fl\u00f8de online<\/b><\/h3>\n<p><span style=\"font-weight: 400;\">Voici quelques-unes des plateformes fiables pour <\/span><b>acheter Cookies &amp; Cream en ligne<\/b><span style=\"font-weight: 400;\"> :<\/span><\/p>\n<ul>\n<li style=\"font-weight: 400;\" aria-level=\"1\"><b>GourmetDelights.fr<\/b><span style=\"font-weight: 400;\"> Specialist i h\u00e5ndlavede desserter.<\/span><span style=\"font-weight: 400;\">\n<p><\/span><\/li>\n<li style=\"font-weight: 400;\" aria-level=\"1\"><b>SweetBox-markedet<\/b><span style=\"font-weight: 400;\"> Varieret udvalg, inklusive eksklusive Cookies &amp; Cream-produkter.<\/span><span style=\"font-weight: 400;\">\n<p><\/span><\/li>\n<li style=\"font-weight: 400;\" aria-level=\"1\"><b>Etsy \u2013 Gourmeth\u00e5ndv\u00e6rkere<\/b><span style=\"font-weight: 400;\"> H\u00e5ndlavede, brugerdefinerede produkter.<\/span><span style=\"font-weight: 400;\">\n<p><\/span><\/li>\n<li style=\"font-weight: 400;\" aria-level=\"1\"><b>Isekspressen<\/b><span style=\"font-weight: 400;\"> Hurtig levering af premium Cookies &amp; Cream is.<\/span><span style=\"font-weight: 400;\">\n<p><\/span><\/li>\n<li style=\"font-weight: 400;\" aria-level=\"1\"><b>Lokalt bagv\u00e6rk med onlinebutik<\/b><span style=\"font-weight: 400;\"> Lokal kvalitet, konkurrencedygtige priser.<\/span><span style=\"font-weight: 400;\">\n<p><\/span><\/li>\n<\/ul>\n<h3><b>Hvordan v\u00e6lger man det rigtige produkt eller den rigtige s\u00e6lger?<\/b><\/h3>\n<p><span style=\"font-weight: 400;\">F\u00f8r du bestiller, tjek:<\/span><\/p>\n<ul>\n<li style=\"font-weight: 400;\" aria-level=\"1\"><b>Leveringsbetingelser<\/b><span style=\"font-weight: 400;\"> Emballage, der garanterer produktets friskhed og integritet.<\/span><span style=\"font-weight: 400;\">\n<p><\/span><\/li>\n<li style=\"font-weight: 400;\" aria-level=\"1\"><b>(4 kundeanmeldelser)<\/b><span style=\"font-weight: 400;\"> Udtalelser om smag, tekstur og leveringshastighed.<\/span><span style=\"font-weight: 400;\">\n<p><\/span><\/li>\n<li style=\"font-weight: 400;\" aria-level=\"1\"><b>Ingrediensgennemsigtighed<\/b><span style=\"font-weight: 400;\"> Foretr\u00e6kker s\u00e6lgere, der l\u00e6gger v\u00e6gt p\u00e5 komponenternes kvalitet.<\/span><span style=\"font-weight: 400;\">\n<p><\/span><\/li>\n<li style=\"font-weight: 400;\" aria-level=\"1\"><b>Tilfredshedsgaranti<\/b><span style=\"font-weight: 400;\"> Pengene tilbage eller ombytningsgaranti, hvis produktet ikke passer dig.<\/span><span style=\"font-weight: 400;\">\n<p><\/span><\/li>\n<\/ul>\n<h3><b>Konklusion: Hvorfor \u00e6blefritters er v\u00e6rd at pr\u00f8ve, og hvor kan man k\u00f8be dem?<\/b><\/h3>\n<p><span style=\"font-weight: 400;\">Smagen <\/span><b>Cookies &amp; Cream<\/b><span style=\"font-weight: 400;\"> er et sikkert bud for alle s\u00f8de elskere, en perfekt balance mellem cremet s\u00f8dme og uimodst\u00e5elig spr\u00f8dhed. Takket v\u00e6re muligheden for <\/span><b>acheter Cookies &amp; Cream en ligne<\/b><span style=\"font-weight: 400;\">, vous pouvez savourer cette gourmandise chez vous, en toute simplicit\u00e9.<\/span><\/p>\n<p><span style=\"font-weight: 400;\">Uanset om du leder efter en <\/span><b>overkommeligt produkt<\/b><span style=\"font-weight: 400;\"> eller en eksklusiv h\u00e5ndlavet kreation, i dag er der <\/span><b>Det bedste sted at k\u00f8be Cookies &amp; Cream online<\/b><span style=\"font-weight: 400;\"> som vil tilfredsstille dine \u00f8nsker.<\/span><\/p>\n<h3><b>Sidste tips til sikker og succesfuld online shopping:<\/b><\/h3>\n<ul>\n<li style=\"font-weight: 400;\" aria-level=\"1\"><span style=\"font-weight: 400;\">Foretr\u00e6k anerkendte og p\u00e5lidelige platforme.<\/span><span style=\"font-weight: 400;\">\n<p><\/span><\/li>\n<li style=\"font-weight: 400;\" aria-level=\"1\"><span style=\"font-weight: 400;\">Kontroller produkternes lovlighed og kvalitet.<\/span><span style=\"font-weight: 400;\">\n<p><\/span><\/li>\n<li style=\"font-weight: 400;\" aria-level=\"1\"><span style=\"font-weight: 400;\">S\u00f8rg for hurtig og diskret levering.<\/span><\/li>\n<\/ul>","protected":false},"excerpt":{"rendered":"<p>Acheter Cookies &amp; Cream en Ligne : Un Go\u00fbt Classique en Pleine Tendance Le terme Cookies &amp; Cream d\u00e9signe une saveur gourmande m\u00ealant la douceur cr\u00e9meuse de la vanille ou du lait \u00e0 des \u00e9clats croustillants de biscuits chocolat\u00e9s, souvent des Oreo ou similaires. Pr\u00e9sent sous diverses formes \u2014 glaces, desserts, p\u00e2tisseries ou m\u00eame produits&#8230;<\/p>","protected":false},"featured_media":365,"comment_status":"open","ping_status":"closed","template":"","meta":{"_kadence_starter_templates_imported_post":false,"_kad_post_transparent":"default","_kad_post_title":"","_kad_post_layout":"default","_kad_post_sidebar_id":"","_kad_post_content_style":"default","_kad_post_vertical_padding":"default","_kad_post_feature":"","_kad_post_feature_position":"","_kad_post_header":false,"_kad_post_footer":false,"_joinchat":[]},"product_brand":[],"product_cat":[17],"product_tag":[],"class_list":{"0":"post-57","1":"product","2":"type-product","3":"status-publish","4":"has-post-thumbnail","6":"product_cat-canabis-en-ligne","8":"first","9":"instock","10":"shipping-taxable","11":"purchasable","12":"product-type-variable","13":"entry","14":"content-bg","15":"loop-entry"},"yoast_head":"<!-- This site is optimized with the Yoast SEO plugin v23.5 - https:\/\/yoast.com\/wordpress\/plugins\/seo\/ -->\n<title>Achetez des biscuits et de la cr\u00e8me en ligne - Biscuits et cr\u00e8me \u00e0 vendre<\/title>\n<meta name=\"description\" content=\"Chez Herbelegale, vous pouvez obtenir des Cookies &amp; Cream en vente \u00e0 des prix bon march\u00e9. Ici, vous pouvez acheter des Cookies &amp; Cream en ligne de haute qualit\u00e9 dans notre magasin maintenant avec un service d&#039;exp\u00e9dition rapide et s\u00e9curis\u00e9. Commandez maintenant !\" \/>\n<meta name=\"robots\" content=\"index, follow, max-snippet:-1, max-image-preview:large, max-video-preview:-1\" \/>\n<link rel=\"canonical\" href=\"https:\/\/herbelegale.com\/da\/product\/cookies-cream\/\" \/>\n<meta property=\"og:locale\" content=\"da_DK\" \/>\n<meta property=\"og:type\" content=\"article\" \/>\n<meta property=\"og:title\" content=\"Achetez des biscuits et de la cr\u00e8me en ligne - Biscuits et cr\u00e8me \u00e0 vendre\" \/>\n<meta property=\"og:description\" content=\"Chez Herbelegale, vous pouvez obtenir des Cookies &amp; Cream en vente \u00e0 des prix bon march\u00e9. Ici, vous pouvez acheter des Cookies &amp; Cream en ligne de haute qualit\u00e9 dans notre magasin maintenant avec un service d&#039;exp\u00e9dition rapide et s\u00e9curis\u00e9. Commandez maintenant !\" \/>\n<meta property=\"og:url\" content=\"https:\/\/herbelegale.com\/da\/product\/cookies-cream\/\" \/>\n<meta property=\"og:site_name\" content=\"Herbe L\u00e9gale\" \/>\n<meta property=\"article:modified_time\" content=\"2025-06-14T11:08:49+00:00\" \/>\n<meta property=\"og:image\" content=\"https:\/\/herbelegale.com\/wp-content\/uploads\/2023\/09\/Cookies-Cream.jpg\" \/>\n\t<meta property=\"og:image:width\" content=\"960\" \/>\n\t<meta property=\"og:image:height\" content=\"1280\" \/>\n\t<meta property=\"og:image:type\" content=\"image\/jpeg\" \/>\n<meta name=\"twitter:card\" content=\"summary_large_image\" \/>\n<meta name=\"twitter:label1\" content=\"Estimeret l\u00e6setid\" \/>\n\t<meta name=\"twitter:data1\" content=\"3 minutter\" \/>\n<script type=\"application\/ld+json\" class=\"yoast-schema-graph\">{\"@context\":\"https:\/\/schema.org\",\"@graph\":[{\"@type\":\"WebPage\",\"@id\":\"https:\/\/herbelegale.com\/product\/cookies-cream\/\",\"url\":\"https:\/\/herbelegale.com\/product\/cookies-cream\/\",\"name\":\"Achetez des biscuits et de la cr\u00e8me en ligne - Biscuits et cr\u00e8me \u00e0 vendre\",\"isPartOf\":{\"@id\":\"https:\/\/herbelegale.com\/#website\"},\"primaryImageOfPage\":{\"@id\":\"https:\/\/herbelegale.com\/product\/cookies-cream\/#primaryimage\"},\"image\":{\"@id\":\"https:\/\/herbelegale.com\/product\/cookies-cream\/#primaryimage\"},\"thumbnailUrl\":\"https:\/\/herbelegale.com\/wp-content\/uploads\/2023\/09\/Cookies-Cream.jpg\",\"datePublished\":\"2023-09-22T08:56:50+00:00\",\"dateModified\":\"2025-06-14T11:08:49+00:00\",\"description\":\"Chez Herbelegale, vous pouvez obtenir des Cookies & Cream en vente \u00e0 des prix bon march\u00e9. Ici, vous pouvez acheter des Cookies & Cream en ligne de haute qualit\u00e9 dans notre magasin maintenant avec un service d'exp\u00e9dition rapide et s\u00e9curis\u00e9. Commandez maintenant !\",\"breadcrumb\":{\"@id\":\"https:\/\/herbelegale.com\/product\/cookies-cream\/#breadcrumb\"},\"inLanguage\":\"da-DK\",\"potentialAction\":[{\"@type\":\"ReadAction\",\"target\":[\"https:\/\/herbelegale.com\/product\/cookies-cream\/\"]}]},{\"@type\":\"ImageObject\",\"inLanguage\":\"da-DK\",\"@id\":\"https:\/\/herbelegale.com\/product\/cookies-cream\/#primaryimage\",\"url\":\"https:\/\/herbelegale.com\/wp-content\/uploads\/2023\/09\/Cookies-Cream.jpg\",\"contentUrl\":\"https:\/\/herbelegale.com\/wp-content\/uploads\/2023\/09\/Cookies-Cream.jpg\",\"width\":960,\"height\":1280,\"caption\":\"Cookies & Cream\"},{\"@type\":\"BreadcrumbList\",\"@id\":\"https:\/\/herbelegale.com\/product\/cookies-cream\/#breadcrumb\",\"itemListElement\":[{\"@type\":\"ListItem\",\"position\":1,\"name\":\"Home\",\"item\":\"https:\/\/herbelegale.com\/\"},{\"@type\":\"ListItem\",\"position\":2,\"name\":\"Boutique\",\"item\":\"https:\/\/herbelegale.com\/boutique\/\"},{\"@type\":\"ListItem\",\"position\":3,\"name\":\"Cookies &#038; Cream\"}]},{\"@type\":\"WebSite\",\"@id\":\"https:\/\/herbelegale.com\/#website\",\"url\":\"https:\/\/herbelegale.com\/\",\"name\":\"Herbe L\u00e9gale\",\"description\":\"Acheter de l&#039;herbe en ligne\",\"publisher\":{\"@id\":\"https:\/\/herbelegale.com\/#organization\"},\"potentialAction\":[{\"@type\":\"SearchAction\",\"target\":{\"@type\":\"EntryPoint\",\"urlTemplate\":\"https:\/\/herbelegale.com\/?s={search_term_string}\"},\"query-input\":{\"@type\":\"PropertyValueSpecification\",\"valueRequired\":true,\"valueName\":\"search_term_string\"}}],\"inLanguage\":\"da-DK\"},{\"@type\":\"Organization\",\"@id\":\"https:\/\/herbelegale.com\/#organization\",\"name\":\"Herbe L\u00e9gale\",\"url\":\"https:\/\/herbelegale.com\/\",\"logo\":{\"@type\":\"ImageObject\",\"inLanguage\":\"da-DK\",\"@id\":\"https:\/\/herbelegale.com\/#\/schema\/logo\/image\/\",\"url\":\"https:\/\/herbelegale.com\/wp-content\/uploads\/2023\/10\/logo-1.png\",\"contentUrl\":\"https:\/\/herbelegale.com\/wp-content\/uploads\/2023\/10\/logo-1.png\",\"width\":400,\"height\":120,\"caption\":\"Herbe L\u00e9gale\"},\"image\":{\"@id\":\"https:\/\/herbelegale.com\/#\/schema\/logo\/image\/\"}}]}<\/script>\n<!-- \/ Yoast SEO plugin. -->","yoast_head_json":{"title":"Achetez des biscuits et de la cr\u00e8me en ligne - Biscuits et cr\u00e8me \u00e0 vendre","description":"Chez Herbelegale, vous pouvez obtenir des Cookies & Cream en vente \u00e0 des prix bon march\u00e9. Ici, vous pouvez acheter des Cookies & Cream en ligne de haute qualit\u00e9 dans notre magasin maintenant avec un service d'exp\u00e9dition rapide et s\u00e9curis\u00e9. Commandez maintenant !","robots":{"index":"index","follow":"follow","max-snippet":"max-snippet:-1","max-image-preview":"max-image-preview:large","max-video-preview":"max-video-preview:-1"},"canonical":"https:\/\/herbelegale.com\/da\/product\/cookies-cream\/","og_locale":"da_DK","og_type":"article","og_title":"Achetez des biscuits et de la cr\u00e8me en ligne - Biscuits et cr\u00e8me \u00e0 vendre","og_description":"Chez Herbelegale, vous pouvez obtenir des Cookies & Cream en vente \u00e0 des prix bon march\u00e9. Ici, vous pouvez acheter des Cookies & Cream en ligne de haute qualit\u00e9 dans notre magasin maintenant avec un service d'exp\u00e9dition rapide et s\u00e9curis\u00e9. Commandez maintenant !","og_url":"https:\/\/herbelegale.com\/da\/product\/cookies-cream\/","og_site_name":"Herbe L\u00e9gale","article_modified_time":"2025-06-14T11:08:49+00:00","og_image":[{"width":960,"height":1280,"url":"https:\/\/herbelegale.com\/wp-content\/uploads\/2023\/09\/Cookies-Cream.jpg","type":"image\/jpeg"}],"twitter_card":"summary_large_image","twitter_misc":{"Estimeret l\u00e6setid":"3 minutter"},"schema":{"@context":"https:\/\/schema.org","@graph":[{"@type":"WebPage","@id":"https:\/\/herbelegale.com\/product\/cookies-cream\/","url":"https:\/\/herbelegale.com\/product\/cookies-cream\/","name":"Achetez des biscuits et de la cr\u00e8me en ligne - Biscuits et cr\u00e8me \u00e0 vendre","isPartOf":{"@id":"https:\/\/herbelegale.com\/#website"},"primaryImageOfPage":{"@id":"https:\/\/herbelegale.com\/product\/cookies-cream\/#primaryimage"},"image":{"@id":"https:\/\/herbelegale.com\/product\/cookies-cream\/#primaryimage"},"thumbnailUrl":"https:\/\/herbelegale.com\/wp-content\/uploads\/2023\/09\/Cookies-Cream.jpg","datePublished":"2023-09-22T08:56:50+00:00","dateModified":"2025-06-14T11:08:49+00:00","description":"Chez Herbelegale, vous pouvez obtenir des Cookies & Cream en vente \u00e0 des prix bon march\u00e9. Ici, vous pouvez acheter des Cookies & Cream en ligne de haute qualit\u00e9 dans notre magasin maintenant avec un service d'exp\u00e9dition rapide et s\u00e9curis\u00e9. Commandez maintenant !","breadcrumb":{"@id":"https:\/\/herbelegale.com\/product\/cookies-cream\/#breadcrumb"},"inLanguage":"da-DK","potentialAction":[{"@type":"ReadAction","target":["https:\/\/herbelegale.com\/product\/cookies-cream\/"]}]},{"@type":"ImageObject","inLanguage":"da-DK","@id":"https:\/\/herbelegale.com\/product\/cookies-cream\/#primaryimage","url":"https:\/\/herbelegale.com\/wp-content\/uploads\/2023\/09\/Cookies-Cream.jpg","contentUrl":"https:\/\/herbelegale.com\/wp-content\/uploads\/2023\/09\/Cookies-Cream.jpg","width":960,"height":1280,"caption":"Cookies & Cream"},{"@type":"BreadcrumbList","@id":"https:\/\/herbelegale.com\/product\/cookies-cream\/#breadcrumb","itemListElement":[{"@type":"ListItem","position":1,"name":"Home","item":"https:\/\/herbelegale.com\/"},{"@type":"ListItem","position":2,"name":"Boutique","item":"https:\/\/herbelegale.com\/boutique\/"},{"@type":"ListItem","position":3,"name":"Cookies &#038; Cream"}]},{"@type":"WebSite","@id":"https:\/\/herbelegale.com\/#website","url":"https:\/\/herbelegale.com\/","name":"Herbe L\u00e9gale","description":"Acheter de l&#039;herbe en ligne","publisher":{"@id":"https:\/\/herbelegale.com\/#organization"},"potentialAction":[{"@type":"SearchAction","target":{"@type":"EntryPoint","urlTemplate":"https:\/\/herbelegale.com\/?s={search_term_string}"},"query-input":{"@type":"PropertyValueSpecification","valueRequired":true,"valueName":"search_term_string"}}],"inLanguage":"da-DK"},{"@type":"Organization","@id":"https:\/\/herbelegale.com\/#organization","name":"Herbe L\u00e9gale","url":"https:\/\/herbelegale.com\/","logo":{"@type":"ImageObject","inLanguage":"da-DK","@id":"https:\/\/herbelegale.com\/#\/schema\/logo\/image\/","url":"https:\/\/herbelegale.com\/wp-content\/uploads\/2023\/10\/logo-1.png","contentUrl":"https:\/\/herbelegale.com\/wp-content\/uploads\/2023\/10\/logo-1.png","width":400,"height":120,"caption":"Herbe L\u00e9gale"},"image":{"@id":"https:\/\/herbelegale.com\/#\/schema\/logo\/image\/"}}]}},"_links":{"self":[{"href":"https:\/\/herbelegale.com\/da\/wp-json\/wp\/v2\/product\/57","targetHints":{"allow":["GET"]}}],"collection":[{"href":"https:\/\/herbelegale.com\/da\/wp-json\/wp\/v2\/product"}],"about":[{"href":"https:\/\/herbelegale.com\/da\/wp-json\/wp\/v2\/types\/product"}],"replies":[{"embeddable":true,"href":"https:\/\/herbelegale.com\/da\/wp-json\/wp\/v2\/comments?post=57"}],"wp:featuredmedia":[{"embeddable":true,"href":"https:\/\/herbelegale.com\/da\/wp-json\/wp\/v2\/media\/365"}],"wp:attachment":[{"href":"https:\/\/herbelegale.com\/da\/wp-json\/wp\/v2\/media?parent=57"}],"wp:term":[{"taxonomy":"product_brand","embeddable":true,"href":"https:\/\/herbelegale.com\/da\/wp-json\/wp\/v2\/product_brand?post=57"},{"taxonomy":"product_cat","embeddable":true,"href":"https:\/\/herbelegale.com\/da\/wp-json\/wp\/v2\/product_cat?post=57"},{"taxonomy":"product_tag","embeddable":true,"href":"https:\/\/herbelegale.com\/da\/wp-json\/wp\/v2\/product_tag?post=57"}],"curies":[{"name":"wp","href":"https:\/\/api.w.org\/{rel}","templated":true}]}}