{"id":54,"date":"2023-09-22T08:56:41","date_gmt":"2023-09-22T08:56:41","guid":{"rendered":"https:\/\/nembutalhouse.com\/weed\/?post_type=product&#038;p=54"},"modified":"2025-07-21T11:18:25","modified_gmt":"2025-07-21T11:18:25","slug":"london-pound-cake","status":"publish","type":"product","link":"https:\/\/herbelegale.com\/da\/product\/london-pound-cake\/","title":{"rendered":"London Pound Cake"},"content":{"rendered":"<h2><b>K\u00f8b London Pound Cake online: Premium kvalitet og bekvem levering<\/b><\/h2>\n<p><a href=\"https:\/\/herbelegale.com\/da\/product\/london-pound-cake\/\">London Pound Cake er et unikt produkt<\/a>, kendt for sin fyldige smag og exceptionelle kvalitet. Uanset om du leder efter en l\u00e6kker kage eller et s\u00e6rligt produkt inspireret af den ber\u00f8mte London Pound Cake, er dette produkt et k\u00e6mpe hit online. Dens karakteristiske smag, h\u00e5ndv\u00e6rk og voksende popularitet g\u00f8r den til en favorit blandt b\u00e5de kendere og nye entusiaster.<\/p>\n<p>Med den nemme online shopping foretr\u00e6kker flere og flere mennesker <a href=\"https:\/\/en.wikipedia.org\/wiki\/Pound_cake\">k\u00f8b London Pound Cake online<\/a> at nyde friske, autentiske produkter leveret direkte til dit hjem. Eftersp\u00f8rgslen vokser takket v\u00e6re nem adgang, diskret levering og et bredere udvalg end i de fleste lokale butikker.<\/p>\n<h3><b>Hvorfor k\u00f8be London Pound Cake online?<\/b><\/h3>\n<p><span style=\"font-weight: 400;\">Der er flere fordele ved at k\u00f8be London Pound Cake online:<\/span><\/p>\n<ul>\n<li style=\"font-weight: 400;\" aria-level=\"1\">Diskret og specialiseret levering<span style=\"font-weight: 400;\"> Uanset om det er til en gave eller til dig selv, garanterer onlinebutikker sikker og diskret emballage.<\/span>&nbsp;<\/li>\n<li style=\"font-weight: 400;\" aria-level=\"1\">Acc\u00e8s \u00e0 des produits authentiques :<span style=\"font-weight: 400;\"> Onlines\u00e6lgere tilbyder ofte h\u00e5ndlavede eller specialfremstillede London Pound Cakes, der ikke er tilg\u00e6ngelige lokalt.<\/span>&nbsp;<\/li>\n<li style=\"font-weight: 400;\" aria-level=\"1\">Commodit\u00e9 :<span style=\"font-weight: 400;\"> Bestil n\u00e5r som helst og f\u00e5 det leveret direkte til dit hjem.<\/span>&nbsp;<\/li>\n<li style=\"font-weight: 400;\" aria-level=\"1\">Konkurrencedygtige priser: Onlinebutikker tilbyder ofte kampagner og attraktive priser, hvilket g\u00f8r det nemt at k\u00f8be London Pound Cake til en overkommelig pris uden at g\u00e5 p\u00e5 kompromis med kvaliteten.&nbsp;<\/li>\n<\/ul>\n<h3><b>Qu\u2019est-ce qui fait un excellent London Pound Cake ?<\/b><\/h3>\n<p><span style=\"font-weight: 400;\">De bedste London Pound Cakes er kendetegnet ved:<\/span><\/p>\n<ul>\n<li style=\"font-weight: 400;\" aria-level=\"1\">Des ingr\u00e9dients de haute qualit\u00e9 :<span style=\"font-weight: 400;\"> Friske og naturlige ingredienser til en bl\u00f8d og velsmagende kage.<\/span>&nbsp;<\/li>\n<li style=\"font-weight: 400;\" aria-level=\"1\">Une texture parfaite :<span style=\"font-weight: 400;\"> En balance mellem bl\u00f8dt og spr\u00f8dt med fyldige sm\u00f8rnoter.<\/span>&nbsp;<\/li>\n<li style=\"font-weight: 400;\" aria-level=\"1\">Une touche artisanale :<span style=\"font-weight: 400;\"> H\u00e5ndlavede produkter eller produkter i sm\u00e5 serier sikrer s\u00e6rlig omhu.<\/span>&nbsp;<\/li>\n<li style=\"font-weight: 400;\" aria-level=\"1\">Un emballage attractif :<span style=\"font-weight: 400;\"> Garantit la fra\u00eecheur et pr\u00eate \u00e0 offrir ou d\u00e9guster.<\/span>&nbsp;<\/li>\n<\/ul>\n<h3><b>De bedste platforme til at k\u00f8be London Pound Cake online<\/b><\/h3>\n<ul>\n<li style=\"font-weight: 400;\" aria-level=\"1\">Lokalt bagv\u00e6rk med national levering<span style=\"font-weight: 400;\"> Garanteret friskhed og st\u00f8tte til lokale h\u00e5ndv\u00e6rkere.<\/span>&nbsp;<\/li>\n<li style=\"font-weight: 400;\" aria-level=\"1\">Nationale dessertleveringssteder<span style=\"font-weight: 400;\"> : Large choix et fiabilit\u00e9 des exp\u00e9ditions.<\/span>&nbsp;<\/li>\n<li style=\"font-weight: 400;\" aria-level=\"1\">Kunsth\u00e5ndv\u00e6rksbutikker p\u00e5 Etsy eller specialiserede markedspladser<span style=\"font-weight: 400;\"> Unikke og personlige produkter.<\/span>&nbsp;<\/li>\n<\/ul>\n<h3><b>Hvordan v\u00e6lger man det rigtige produkt eller den rigtige s\u00e6lger?<\/b><\/h3>\n<ul>\n<li style=\"font-weight: 400;\" aria-level=\"1\"><span style=\"font-weight: 400;\">Tjek leveringsbetingelser og friskhedsgarantier.<\/span>&nbsp;<\/li>\n<li style=\"font-weight: 400;\" aria-level=\"1\"><span style=\"font-weight: 400;\">Tjek kundeanmeldelser for at bed\u00f8mme den reelle kvalitet.<\/span>&nbsp;<\/li>\n<li style=\"font-weight: 400;\" aria-level=\"1\"><span style=\"font-weight: 400;\">S\u00f8rg for, at s\u00e6lgeren tydeligt viser produktets sammens\u00e6tning.<\/span>&nbsp;<\/li>\n<li style=\"font-weight: 400;\" aria-level=\"1\"><span style=\"font-weight: 400;\">Tjek retur- og refunderingspolitikker.<\/span>&nbsp;<\/li>\n<\/ul>\n<h3><b>Konklusion: Hvorfor London Pound Cake er v\u00e6rd at pr\u00f8ve<\/b><\/h3>\n<p>London Pound Cake er nem at bestille og leveret sikkert til din d\u00f8r \u2013 et must-have for den s\u00f8de tand. Uanset om det er til en s\u00e6rlig lejlighed eller en hverdagsgodbid, er dette det bedste sted at k\u00f8be London Pound Cake online til en fremragende pris.<\/p>","protected":false},"excerpt":{"rendered":"<p>Acheter London Pound Cake en ligne : Qualit\u00e9 Premium et Livraison Pratique Le London Pound Cake est un produit unique, reconnu pour sa saveur riche et sa qualit\u00e9 exceptionnelle. Que vous recherchiez un d\u00e9licieux g\u00e2teau ou un produit sp\u00e9cial inspir\u00e9 du c\u00e9l\u00e8bre \u00ab London Pound Cake \u00bb, ce produit conna\u00eet un grand succ\u00e8s en ligne&#8230;.<\/p>","protected":false},"featured_media":362,"comment_status":"open","ping_status":"closed","template":"","meta":{"_kadence_starter_templates_imported_post":false,"_kad_post_transparent":"default","_kad_post_title":"","_kad_post_layout":"default","_kad_post_sidebar_id":"","_kad_post_content_style":"default","_kad_post_vertical_padding":"default","_kad_post_feature":"","_kad_post_feature_position":"","_kad_post_header":false,"_kad_post_footer":false,"_joinchat":[]},"product_brand":[],"product_cat":[17],"product_tag":[],"class_list":{"0":"post-54","1":"product","2":"type-product","3":"status-publish","4":"has-post-thumbnail","6":"product_cat-canabis-en-ligne","8":"first","9":"instock","10":"shipping-taxable","11":"purchasable","12":"product-type-variable","13":"entry","14":"content-bg","15":"loop-entry"},"yoast_head":"<!-- This site is optimized with the Yoast SEO plugin v23.5 - https:\/\/yoast.com\/wordpress\/plugins\/seo\/ -->\n<title>Achetez du London Pound Cake en ligne - London Pound Cake \u00e0 vendre<\/title>\n<meta name=\"description\" content=\"Ne manquez aucune occasion d&#039;acheter du London Pound Cake en ligne dans notre boutique. Nous vendons exclusivement du London Pound Cake \u00e0 des prix avantageux. Nous sommes l\u00e0 pour vous aider. Commandez maintenant !\" \/>\n<meta name=\"robots\" content=\"index, follow, max-snippet:-1, max-image-preview:large, max-video-preview:-1\" \/>\n<link rel=\"canonical\" href=\"https:\/\/herbelegale.com\/da\/product\/london-pound-cake\/\" \/>\n<meta property=\"og:locale\" content=\"da_DK\" \/>\n<meta property=\"og:type\" content=\"article\" \/>\n<meta property=\"og:title\" content=\"Achetez du London Pound Cake en ligne - London Pound Cake \u00e0 vendre\" \/>\n<meta property=\"og:description\" content=\"Ne manquez aucune occasion d&#039;acheter du London Pound Cake en ligne dans notre boutique. Nous vendons exclusivement du London Pound Cake \u00e0 des prix avantageux. Nous sommes l\u00e0 pour vous aider. Commandez maintenant !\" \/>\n<meta property=\"og:url\" content=\"https:\/\/herbelegale.com\/da\/product\/london-pound-cake\/\" \/>\n<meta property=\"og:site_name\" content=\"Herbe L\u00e9gale\" \/>\n<meta property=\"article:modified_time\" content=\"2025-07-21T11:18:25+00:00\" \/>\n<meta property=\"og:image\" content=\"https:\/\/herbelegale.com\/wp-content\/uploads\/2023\/09\/London-Pound-Cake.jpg\" \/>\n\t<meta property=\"og:image:width\" content=\"960\" \/>\n\t<meta property=\"og:image:height\" content=\"1280\" \/>\n\t<meta property=\"og:image:type\" content=\"image\/jpeg\" \/>\n<meta name=\"twitter:card\" content=\"summary_large_image\" \/>\n<meta name=\"twitter:label1\" content=\"Estimeret l\u00e6setid\" \/>\n\t<meta name=\"twitter:data1\" content=\"3 minutter\" \/>\n<script type=\"application\/ld+json\" class=\"yoast-schema-graph\">{\"@context\":\"https:\/\/schema.org\",\"@graph\":[{\"@type\":\"WebPage\",\"@id\":\"https:\/\/herbelegale.com\/product\/london-pound-cake\/\",\"url\":\"https:\/\/herbelegale.com\/product\/london-pound-cake\/\",\"name\":\"Achetez du London Pound Cake en ligne - London Pound Cake \u00e0 vendre\",\"isPartOf\":{\"@id\":\"https:\/\/herbelegale.com\/#website\"},\"primaryImageOfPage\":{\"@id\":\"https:\/\/herbelegale.com\/product\/london-pound-cake\/#primaryimage\"},\"image\":{\"@id\":\"https:\/\/herbelegale.com\/product\/london-pound-cake\/#primaryimage\"},\"thumbnailUrl\":\"https:\/\/herbelegale.com\/wp-content\/uploads\/2023\/09\/London-Pound-Cake.jpg\",\"datePublished\":\"2023-09-22T08:56:41+00:00\",\"dateModified\":\"2025-07-21T11:18:25+00:00\",\"description\":\"Ne manquez aucune occasion d'acheter du London Pound Cake en ligne dans notre boutique. Nous vendons exclusivement du London Pound Cake \u00e0 des prix avantageux. Nous sommes l\u00e0 pour vous aider. Commandez maintenant !\",\"breadcrumb\":{\"@id\":\"https:\/\/herbelegale.com\/product\/london-pound-cake\/#breadcrumb\"},\"inLanguage\":\"da-DK\",\"potentialAction\":[{\"@type\":\"ReadAction\",\"target\":[\"https:\/\/herbelegale.com\/product\/london-pound-cake\/\"]}]},{\"@type\":\"ImageObject\",\"inLanguage\":\"da-DK\",\"@id\":\"https:\/\/herbelegale.com\/product\/london-pound-cake\/#primaryimage\",\"url\":\"https:\/\/herbelegale.com\/wp-content\/uploads\/2023\/09\/London-Pound-Cake.jpg\",\"contentUrl\":\"https:\/\/herbelegale.com\/wp-content\/uploads\/2023\/09\/London-Pound-Cake.jpg\",\"width\":960,\"height\":1280,\"caption\":\"London Pound Cake\"},{\"@type\":\"BreadcrumbList\",\"@id\":\"https:\/\/herbelegale.com\/product\/london-pound-cake\/#breadcrumb\",\"itemListElement\":[{\"@type\":\"ListItem\",\"position\":1,\"name\":\"Home\",\"item\":\"https:\/\/herbelegale.com\/\"},{\"@type\":\"ListItem\",\"position\":2,\"name\":\"Boutique\",\"item\":\"https:\/\/herbelegale.com\/boutique\/\"},{\"@type\":\"ListItem\",\"position\":3,\"name\":\"London Pound Cake\"}]},{\"@type\":\"WebSite\",\"@id\":\"https:\/\/herbelegale.com\/#website\",\"url\":\"https:\/\/herbelegale.com\/\",\"name\":\"Herbe L\u00e9gale\",\"description\":\"Acheter de l&#039;herbe en ligne\",\"publisher\":{\"@id\":\"https:\/\/herbelegale.com\/#organization\"},\"potentialAction\":[{\"@type\":\"SearchAction\",\"target\":{\"@type\":\"EntryPoint\",\"urlTemplate\":\"https:\/\/herbelegale.com\/?s={search_term_string}\"},\"query-input\":{\"@type\":\"PropertyValueSpecification\",\"valueRequired\":true,\"valueName\":\"search_term_string\"}}],\"inLanguage\":\"da-DK\"},{\"@type\":\"Organization\",\"@id\":\"https:\/\/herbelegale.com\/#organization\",\"name\":\"Herbe L\u00e9gale\",\"url\":\"https:\/\/herbelegale.com\/\",\"logo\":{\"@type\":\"ImageObject\",\"inLanguage\":\"da-DK\",\"@id\":\"https:\/\/herbelegale.com\/#\/schema\/logo\/image\/\",\"url\":\"https:\/\/herbelegale.com\/wp-content\/uploads\/2023\/10\/logo-1.png\",\"contentUrl\":\"https:\/\/herbelegale.com\/wp-content\/uploads\/2023\/10\/logo-1.png\",\"width\":400,\"height\":120,\"caption\":\"Herbe L\u00e9gale\"},\"image\":{\"@id\":\"https:\/\/herbelegale.com\/#\/schema\/logo\/image\/\"}}]}<\/script>\n<!-- \/ Yoast SEO plugin. -->","yoast_head_json":{"title":"Achetez du London Pound Cake en ligne - London Pound Cake \u00e0 vendre","description":"Ne manquez aucune occasion d'acheter du London Pound Cake en ligne dans notre boutique. Nous vendons exclusivement du London Pound Cake \u00e0 des prix avantageux. Nous sommes l\u00e0 pour vous aider. Commandez maintenant !","robots":{"index":"index","follow":"follow","max-snippet":"max-snippet:-1","max-image-preview":"max-image-preview:large","max-video-preview":"max-video-preview:-1"},"canonical":"https:\/\/herbelegale.com\/da\/product\/london-pound-cake\/","og_locale":"da_DK","og_type":"article","og_title":"Achetez du London Pound Cake en ligne - London Pound Cake \u00e0 vendre","og_description":"Ne manquez aucune occasion d'acheter du London Pound Cake en ligne dans notre boutique. Nous vendons exclusivement du London Pound Cake \u00e0 des prix avantageux. Nous sommes l\u00e0 pour vous aider. Commandez maintenant !","og_url":"https:\/\/herbelegale.com\/da\/product\/london-pound-cake\/","og_site_name":"Herbe L\u00e9gale","article_modified_time":"2025-07-21T11:18:25+00:00","og_image":[{"width":960,"height":1280,"url":"https:\/\/herbelegale.com\/wp-content\/uploads\/2023\/09\/London-Pound-Cake.jpg","type":"image\/jpeg"}],"twitter_card":"summary_large_image","twitter_misc":{"Estimeret l\u00e6setid":"3 minutter"},"schema":{"@context":"https:\/\/schema.org","@graph":[{"@type":"WebPage","@id":"https:\/\/herbelegale.com\/product\/london-pound-cake\/","url":"https:\/\/herbelegale.com\/product\/london-pound-cake\/","name":"Achetez du London Pound Cake en ligne - London Pound Cake \u00e0 vendre","isPartOf":{"@id":"https:\/\/herbelegale.com\/#website"},"primaryImageOfPage":{"@id":"https:\/\/herbelegale.com\/product\/london-pound-cake\/#primaryimage"},"image":{"@id":"https:\/\/herbelegale.com\/product\/london-pound-cake\/#primaryimage"},"thumbnailUrl":"https:\/\/herbelegale.com\/wp-content\/uploads\/2023\/09\/London-Pound-Cake.jpg","datePublished":"2023-09-22T08:56:41+00:00","dateModified":"2025-07-21T11:18:25+00:00","description":"Ne manquez aucune occasion d'acheter du London Pound Cake en ligne dans notre boutique. Nous vendons exclusivement du London Pound Cake \u00e0 des prix avantageux. Nous sommes l\u00e0 pour vous aider. Commandez maintenant !","breadcrumb":{"@id":"https:\/\/herbelegale.com\/product\/london-pound-cake\/#breadcrumb"},"inLanguage":"da-DK","potentialAction":[{"@type":"ReadAction","target":["https:\/\/herbelegale.com\/product\/london-pound-cake\/"]}]},{"@type":"ImageObject","inLanguage":"da-DK","@id":"https:\/\/herbelegale.com\/product\/london-pound-cake\/#primaryimage","url":"https:\/\/herbelegale.com\/wp-content\/uploads\/2023\/09\/London-Pound-Cake.jpg","contentUrl":"https:\/\/herbelegale.com\/wp-content\/uploads\/2023\/09\/London-Pound-Cake.jpg","width":960,"height":1280,"caption":"London Pound Cake"},{"@type":"BreadcrumbList","@id":"https:\/\/herbelegale.com\/product\/london-pound-cake\/#breadcrumb","itemListElement":[{"@type":"ListItem","position":1,"name":"Home","item":"https:\/\/herbelegale.com\/"},{"@type":"ListItem","position":2,"name":"Boutique","item":"https:\/\/herbelegale.com\/boutique\/"},{"@type":"ListItem","position":3,"name":"London Pound Cake"}]},{"@type":"WebSite","@id":"https:\/\/herbelegale.com\/#website","url":"https:\/\/herbelegale.com\/","name":"Herbe L\u00e9gale","description":"Acheter de l&#039;herbe en ligne","publisher":{"@id":"https:\/\/herbelegale.com\/#organization"},"potentialAction":[{"@type":"SearchAction","target":{"@type":"EntryPoint","urlTemplate":"https:\/\/herbelegale.com\/?s={search_term_string}"},"query-input":{"@type":"PropertyValueSpecification","valueRequired":true,"valueName":"search_term_string"}}],"inLanguage":"da-DK"},{"@type":"Organization","@id":"https:\/\/herbelegale.com\/#organization","name":"Herbe L\u00e9gale","url":"https:\/\/herbelegale.com\/","logo":{"@type":"ImageObject","inLanguage":"da-DK","@id":"https:\/\/herbelegale.com\/#\/schema\/logo\/image\/","url":"https:\/\/herbelegale.com\/wp-content\/uploads\/2023\/10\/logo-1.png","contentUrl":"https:\/\/herbelegale.com\/wp-content\/uploads\/2023\/10\/logo-1.png","width":400,"height":120,"caption":"Herbe L\u00e9gale"},"image":{"@id":"https:\/\/herbelegale.com\/#\/schema\/logo\/image\/"}}]}},"_links":{"self":[{"href":"https:\/\/herbelegale.com\/da\/wp-json\/wp\/v2\/product\/54","targetHints":{"allow":["GET"]}}],"collection":[{"href":"https:\/\/herbelegale.com\/da\/wp-json\/wp\/v2\/product"}],"about":[{"href":"https:\/\/herbelegale.com\/da\/wp-json\/wp\/v2\/types\/product"}],"replies":[{"embeddable":true,"href":"https:\/\/herbelegale.com\/da\/wp-json\/wp\/v2\/comments?post=54"}],"wp:featuredmedia":[{"embeddable":true,"href":"https:\/\/herbelegale.com\/da\/wp-json\/wp\/v2\/media\/362"}],"wp:attachment":[{"href":"https:\/\/herbelegale.com\/da\/wp-json\/wp\/v2\/media?parent=54"}],"wp:term":[{"taxonomy":"product_brand","embeddable":true,"href":"https:\/\/herbelegale.com\/da\/wp-json\/wp\/v2\/product_brand?post=54"},{"taxonomy":"product_cat","embeddable":true,"href":"https:\/\/herbelegale.com\/da\/wp-json\/wp\/v2\/product_cat?post=54"},{"taxonomy":"product_tag","embeddable":true,"href":"https:\/\/herbelegale.com\/da\/wp-json\/wp\/v2\/product_tag?post=54"}],"curies":[{"name":"wp","href":"https:\/\/api.w.org\/{rel}","templated":true}]}}