{"id":53,"date":"2023-09-22T08:56:29","date_gmt":"2023-09-22T08:56:29","guid":{"rendered":"https:\/\/nembutalhouse.com\/weed\/?post_type=product&#038;p=53"},"modified":"2025-06-14T11:07:41","modified_gmt":"2025-06-14T11:07:41","slug":"apple-fritter","status":"publish","type":"product","link":"https:\/\/herbelegale.com\/da\/product\/apple-fritter\/","title":{"rendered":"\u00c6blefritter"},"content":{"rendered":"<h2><b>K\u00f8b \u00e6blefritters online: Hvorfor denne klassiker er s\u00e5 popul\u00e6r<\/b><\/h2>\n<h3><b>Introduktion: Hvad er en \u00e6blefritter, og hvorfor er den efterspurgt?<\/b><\/h3>\n<p><span style=\"font-weight: 400;\">Le <\/span><a href=\"https:\/\/herbelegale.com\/da\/product\/apple-fritter\/\"><b>beignet aux pommes<\/b><\/a><span style=\"font-weight: 400;\"> \u00c6blefritter er et l\u00e6kkert og behageligt wienerbr\u00f8d kendt for deres bl\u00f8de, luftige skorpe og s\u00f8de, krydrede \u00e6blefyld. Disse produkter, der ofte er glaserede eller drysset med sukker, er elsket for deres smag og nydelse. I dag spredes \u00e6blefritter ud over lokale markeder og bagerier og er blevet en fast bestanddel p\u00e5 online platforme.<\/span><\/p>\n<p><span style=\"font-weight: 400;\">Dens voksende online popularitet skyldes den stigende interesse for h\u00e5ndlavede slik, der er tilg\u00e6ngelige overalt, uden at man beh\u00f8ver at rejse, samt fremkomsten af online madindk\u00f8b.<\/span><\/p>\n<h3><b>Hvorfor k\u00f8be \u00e6blefritters online?<\/b><\/h3>\n<p><span style=\"font-weight: 400;\">K\u00f8b en <\/span><b>\u00e6blefritter online<\/b><span style=\"font-weight: 400;\"> tilbyder flere store fordele:<\/span><\/p>\n<ul>\n<li style=\"font-weight: 400;\" aria-level=\"1\"><b>Diskret og specialiseret levering<\/b><span style=\"font-weight: 400;\"> Din ordre ankommer direkte til dig i omhyggelig emballage, hvilket garanterer friskhed og fortrolighed.<\/span><span style=\"font-weight: 400;\">\n<p><\/span><\/li>\n<li style=\"font-weight: 400;\" aria-level=\"1\"><b>Tilg\u00e6ngelighed<\/b><span style=\"font-weight: 400;\"> Selv hvis du ikke bor i n\u00e6rheden af et ber\u00f8mt bageri, kan du smage fremragende h\u00e5ndv\u00e6rksprodukter.<\/span><span style=\"font-weight: 400;\">\n<p><\/span><\/li>\n<li style=\"font-weight: 400;\" aria-level=\"1\"><b>Bekvemmelighed<\/b><span style=\"font-weight: 400;\"> Slut med at rejse eller st\u00e5 i k\u00f8 \u2013 dine yndlingsgodter er kun et par klik v\u00e6k.<\/span><span style=\"font-weight: 400;\">\n<p><\/span><\/li>\n<\/ul>\n<h3><b>Hvad g\u00f8r en god \u00e6blefritter?<\/b><\/h3>\n<p><span style=\"font-weight: 400;\">For at v\u00e6lge en \u00e6blefritte af h\u00f8j kvalitet skal du v\u00e6re opm\u00e6rksom p\u00e5 disse kriterier:<\/span><\/p>\n<ul>\n<li style=\"font-weight: 400;\" aria-level=\"1\"><b>Up\u00e5klagelig friskhed<\/b><span style=\"font-weight: 400;\"> Et frisk produkt, tilberedt for nylig og hurtigt sendt.<\/span><span style=\"font-weight: 400;\">\n<p><\/span><\/li>\n<li style=\"font-weight: 400;\" aria-level=\"1\"><b>Texture parfaite<\/b><span style=\"font-weight: 400;\"> En spr\u00f8d dej p\u00e5 ydersiden, bl\u00f8d indeni, med \u00e6bler i tern, ikke mosede.<\/span><span style=\"font-weight: 400;\">\n<p><\/span><\/li>\n<li style=\"font-weight: 400;\" aria-level=\"1\"><b>Balanceret smag<\/b><span style=\"font-weight: 400;\"> En god balance mellem sukker, kanel og \u00e6blets naturlige syre.<\/span><span style=\"font-weight: 400;\">\n<p><\/span><\/li>\n<li style=\"font-weight: 400;\" aria-level=\"1\"><b>Delikat glasur<\/b><span style=\"font-weight: 400;\"> Et tyndt s\u00f8dt lag, der fremh\u00e6ver donuten uden at maskere dens smag.<\/span><span style=\"font-weight: 400;\">\n<p><\/span><\/li>\n<\/ul>\n<h3><b>De bedste platforme til at bestille \u00e6blefritters online<\/b><\/h3>\n<p><span style=\"font-weight: 400;\">Her er nogle p\u00e5lidelige platforme til <\/span><b>k\u00f8be <a href=\"https:\/\/en.wikipedia.org\/wiki\/Fritter\">des beignets aux pommes<\/a> en ligne<\/b><span style=\"font-weight: 400;\"> :<\/span><\/p>\n<ul>\n<li style=\"font-weight: 400;\" aria-level=\"1\"><b>Farmhouse Bakes<\/b><span style=\"font-weight: 400;\"> \u00d8kologiske ingredienser, hurtig levering i hele Frankrig.<\/span><span style=\"font-weight: 400;\">\n<p><\/span><\/li>\n<li style=\"font-weight: 400;\" aria-level=\"1\"><b>Golden Glaze Co.<\/b><span style=\"font-weight: 400;\"> Bredt udvalg af gourmetkager.<\/span><span style=\"font-weight: 400;\">\n<p><\/span><\/li>\n<li style=\"font-weight: 400;\" aria-level=\"1\"><b>Etsy (Fritter &amp; Co.)<\/b><span style=\"font-weight: 400;\"> Sm\u00e5, h\u00e5ndv\u00e6rksm\u00e6ssige og brugerdefinerede serier.<\/span><span style=\"font-weight: 400;\">\n<p><\/span><\/li>\n<li style=\"font-weight: 400;\" aria-level=\"1\"><b>Crumb &amp; Core Box<\/b><span style=\"font-weight: 400;\"> M\u00e5nedligt abonnement p\u00e5 s\u00e6sonbestemt bagv\u00e6rk.<\/span><span style=\"font-weight: 400;\">\n<p><\/span><\/li>\n<li style=\"font-weight: 400;\" aria-level=\"1\"><b>AppleDelight Local Bakehouse<\/b><span style=\"font-weight: 400;\"> Overkommelige priser med god regional kvalitet.<\/span><span style=\"font-weight: 400;\">\n<p><\/span><\/li>\n<\/ul>\n<h3><b>Hvordan v\u00e6lger man det rigtige produkt eller den rigtige s\u00e6lger?<\/b><\/h3>\n<p><span style=\"font-weight: 400;\">F\u00f8r du bestiller, tjek:<\/span><\/p>\n<ul>\n<li style=\"font-weight: 400;\" aria-level=\"1\"><b>Conditions d\u2019exp\u00e9dition<\/b><span style=\"font-weight: 400;\"> Foretr\u00e6k emballage, der garanterer friskhed (vakuumpakket, kold).<\/span><span style=\"font-weight: 400;\">\n<p><\/span><\/li>\n<li style=\"font-weight: 400;\" aria-level=\"1\"><b>(4 kundeanmeldelser)<\/b><span style=\"font-weight: 400;\"> Faktisk feedback er en god indikation af kvalitet.<\/span><span style=\"font-weight: 400;\">\n<p><\/span><\/li>\n<li style=\"font-weight: 400;\" aria-level=\"1\"><b>Tilfredshedsgaranti<\/b><span style=\"font-weight: 400;\"> V\u00e6lg en s\u00e6lger, der tilbyder refusion eller ombytning i tilf\u00e6lde af et problem.<\/span><span style=\"font-weight: 400;\">\n<p><\/span><\/li>\n<li style=\"font-weight: 400;\" aria-level=\"1\"><b>Ingrediensgennemsigtighed<\/b><span style=\"font-weight: 400;\"> Foretr\u00e6k produkter uden konserveringsmidler og med naturlige ingredienser.<\/span><span style=\"font-weight: 400;\">\n<p><\/span><\/li>\n<\/ul>\n<h3><b>Konklusion: Hvorfor \u00e6blefritters er v\u00e6rd at pr\u00f8ve, og hvor kan man k\u00f8be dem?<\/b><\/h3>\n<p><span style=\"font-weight: 400;\">Le <\/span><b>beignet aux pommes<\/b><span style=\"font-weight: 400;\"> er et must-have for s\u00f8d nydelse, der tilbyder en varm og overd\u00e5dig smagsoplevelse. Med mulighed for<\/span><b>acheter des beignets aux pommes en ligne<\/b><span style=\"font-weight: 400;\">, kan du nyde denne klassiker derhjemme, n\u00e5r som helst, uden at g\u00e5 p\u00e5 kompromis med kvaliteten. Uanset om du leder efter et produkt til <\/span><b>prix abordable<\/b><span style=\"font-weight: 400;\"> ou une cr\u00e9ation artisanale exclusive, il existe un <\/span><b>bedste sted at k\u00f8be \u00e6blefritter online<\/b><span style=\"font-weight: 400;\"> som vil leve op til dine forventninger.<\/span><\/p>\n<h2><\/h2>","protected":false},"excerpt":{"rendered":"<p>Acheter des Beignets aux Pommes en Ligne : Pourquoi ce Classique est si Populaire Introduction : Qu\u2019est-ce qu\u2019un Beignet aux Pommes et Pourquoi est-il en Demande ? Le beignet aux pommes est une p\u00e2tisserie d\u00e9licieuse et r\u00e9confortante, connue pour sa p\u00e2te moelleuse et son c\u0153ur rempli de morceaux de pommes sucr\u00e9es et \u00e9pic\u00e9es. Souvent glac\u00e9&#8230;<\/p>","protected":false},"featured_media":361,"comment_status":"open","ping_status":"closed","template":"","meta":{"_kadence_starter_templates_imported_post":false,"_kad_post_transparent":"default","_kad_post_title":"","_kad_post_layout":"default","_kad_post_sidebar_id":"","_kad_post_content_style":"default","_kad_post_vertical_padding":"default","_kad_post_feature":"","_kad_post_feature_position":"","_kad_post_header":false,"_kad_post_footer":false,"_joinchat":[]},"product_brand":[],"product_cat":[17],"product_tag":[],"class_list":{"0":"post-53","1":"product","2":"type-product","3":"status-publish","4":"has-post-thumbnail","6":"product_cat-canabis-en-ligne","8":"first","9":"instock","10":"shipping-taxable","11":"purchasable","12":"product-type-variable","13":"entry","14":"content-bg","15":"loop-entry"},"yoast_head":"<!-- This site is optimized with the Yoast SEO plugin v23.5 - https:\/\/yoast.com\/wordpress\/plugins\/seo\/ -->\n<title>Vente de beignets aux pommes - Achetez des beignets aux pommes en ligne<\/title>\n<meta name=\"description\" content=\"Vous pouvez obtenir des beignets aux pommes en vente aux meilleurs prix dans notre boutique en ligne. Nous sommes l\u00e0 pour vous aider \u00e0 acheter des beignets aux pommes en ligne. Connectez-vous au meilleur magasin de la ville d\u00e8s aujourd&#039;hui\u00a0!\" \/>\n<meta name=\"robots\" content=\"index, follow, max-snippet:-1, max-image-preview:large, max-video-preview:-1\" \/>\n<link rel=\"canonical\" href=\"https:\/\/herbelegale.com\/da\/product\/apple-fritter\/\" \/>\n<meta property=\"og:locale\" content=\"da_DK\" \/>\n<meta property=\"og:type\" content=\"article\" \/>\n<meta property=\"og:title\" content=\"Vente de beignets aux pommes - Achetez des beignets aux pommes en ligne\" \/>\n<meta property=\"og:description\" content=\"Vous pouvez obtenir des beignets aux pommes en vente aux meilleurs prix dans notre boutique en ligne. Nous sommes l\u00e0 pour vous aider \u00e0 acheter des beignets aux pommes en ligne. Connectez-vous au meilleur magasin de la ville d\u00e8s aujourd&#039;hui\u00a0!\" \/>\n<meta property=\"og:url\" content=\"https:\/\/herbelegale.com\/da\/product\/apple-fritter\/\" \/>\n<meta property=\"og:site_name\" content=\"Herbe L\u00e9gale\" \/>\n<meta property=\"article:modified_time\" content=\"2025-06-14T11:07:41+00:00\" \/>\n<meta property=\"og:image\" content=\"https:\/\/herbelegale.com\/wp-content\/uploads\/2023\/09\/Apple-Fritter.jpg\" \/>\n\t<meta property=\"og:image:width\" content=\"960\" \/>\n\t<meta property=\"og:image:height\" content=\"1280\" \/>\n\t<meta property=\"og:image:type\" content=\"image\/jpeg\" \/>\n<meta name=\"twitter:card\" content=\"summary_large_image\" \/>\n<meta name=\"twitter:label1\" content=\"Estimeret l\u00e6setid\" \/>\n\t<meta name=\"twitter:data1\" content=\"3 minutter\" \/>\n<script type=\"application\/ld+json\" class=\"yoast-schema-graph\">{\"@context\":\"https:\/\/schema.org\",\"@graph\":[{\"@type\":\"WebPage\",\"@id\":\"https:\/\/herbelegale.com\/product\/apple-fritter\/\",\"url\":\"https:\/\/herbelegale.com\/product\/apple-fritter\/\",\"name\":\"Vente de beignets aux pommes - Achetez des beignets aux pommes en ligne\",\"isPartOf\":{\"@id\":\"https:\/\/herbelegale.com\/#website\"},\"primaryImageOfPage\":{\"@id\":\"https:\/\/herbelegale.com\/product\/apple-fritter\/#primaryimage\"},\"image\":{\"@id\":\"https:\/\/herbelegale.com\/product\/apple-fritter\/#primaryimage\"},\"thumbnailUrl\":\"https:\/\/herbelegale.com\/wp-content\/uploads\/2023\/09\/Apple-Fritter.jpg\",\"datePublished\":\"2023-09-22T08:56:29+00:00\",\"dateModified\":\"2025-06-14T11:07:41+00:00\",\"description\":\"Vous pouvez obtenir des beignets aux pommes en vente aux meilleurs prix dans notre boutique en ligne. Nous sommes l\u00e0 pour vous aider \u00e0 acheter des beignets aux pommes en ligne. Connectez-vous au meilleur magasin de la ville d\u00e8s aujourd'hui\u00a0!\",\"breadcrumb\":{\"@id\":\"https:\/\/herbelegale.com\/product\/apple-fritter\/#breadcrumb\"},\"inLanguage\":\"da-DK\",\"potentialAction\":[{\"@type\":\"ReadAction\",\"target\":[\"https:\/\/herbelegale.com\/product\/apple-fritter\/\"]}]},{\"@type\":\"ImageObject\",\"inLanguage\":\"da-DK\",\"@id\":\"https:\/\/herbelegale.com\/product\/apple-fritter\/#primaryimage\",\"url\":\"https:\/\/herbelegale.com\/wp-content\/uploads\/2023\/09\/Apple-Fritter.jpg\",\"contentUrl\":\"https:\/\/herbelegale.com\/wp-content\/uploads\/2023\/09\/Apple-Fritter.jpg\",\"width\":960,\"height\":1280,\"caption\":\"Apple Fritter\"},{\"@type\":\"BreadcrumbList\",\"@id\":\"https:\/\/herbelegale.com\/product\/apple-fritter\/#breadcrumb\",\"itemListElement\":[{\"@type\":\"ListItem\",\"position\":1,\"name\":\"Home\",\"item\":\"https:\/\/herbelegale.com\/\"},{\"@type\":\"ListItem\",\"position\":2,\"name\":\"Boutique\",\"item\":\"https:\/\/herbelegale.com\/boutique\/\"},{\"@type\":\"ListItem\",\"position\":3,\"name\":\"Apple Fritter\"}]},{\"@type\":\"WebSite\",\"@id\":\"https:\/\/herbelegale.com\/#website\",\"url\":\"https:\/\/herbelegale.com\/\",\"name\":\"Herbe L\u00e9gale\",\"description\":\"Acheter de l&#039;herbe en ligne\",\"publisher\":{\"@id\":\"https:\/\/herbelegale.com\/#organization\"},\"potentialAction\":[{\"@type\":\"SearchAction\",\"target\":{\"@type\":\"EntryPoint\",\"urlTemplate\":\"https:\/\/herbelegale.com\/?s={search_term_string}\"},\"query-input\":{\"@type\":\"PropertyValueSpecification\",\"valueRequired\":true,\"valueName\":\"search_term_string\"}}],\"inLanguage\":\"da-DK\"},{\"@type\":\"Organization\",\"@id\":\"https:\/\/herbelegale.com\/#organization\",\"name\":\"Herbe L\u00e9gale\",\"url\":\"https:\/\/herbelegale.com\/\",\"logo\":{\"@type\":\"ImageObject\",\"inLanguage\":\"da-DK\",\"@id\":\"https:\/\/herbelegale.com\/#\/schema\/logo\/image\/\",\"url\":\"https:\/\/herbelegale.com\/wp-content\/uploads\/2023\/10\/logo-1.png\",\"contentUrl\":\"https:\/\/herbelegale.com\/wp-content\/uploads\/2023\/10\/logo-1.png\",\"width\":400,\"height\":120,\"caption\":\"Herbe L\u00e9gale\"},\"image\":{\"@id\":\"https:\/\/herbelegale.com\/#\/schema\/logo\/image\/\"}}]}<\/script>\n<!-- \/ Yoast SEO plugin. -->","yoast_head_json":{"title":"Vente de beignets aux pommes - Achetez des beignets aux pommes en ligne","description":"Vous pouvez obtenir des beignets aux pommes en vente aux meilleurs prix dans notre boutique en ligne. Nous sommes l\u00e0 pour vous aider \u00e0 acheter des beignets aux pommes en ligne. Connectez-vous au meilleur magasin de la ville d\u00e8s aujourd'hui\u00a0!","robots":{"index":"index","follow":"follow","max-snippet":"max-snippet:-1","max-image-preview":"max-image-preview:large","max-video-preview":"max-video-preview:-1"},"canonical":"https:\/\/herbelegale.com\/da\/product\/apple-fritter\/","og_locale":"da_DK","og_type":"article","og_title":"Vente de beignets aux pommes - Achetez des beignets aux pommes en ligne","og_description":"Vous pouvez obtenir des beignets aux pommes en vente aux meilleurs prix dans notre boutique en ligne. Nous sommes l\u00e0 pour vous aider \u00e0 acheter des beignets aux pommes en ligne. Connectez-vous au meilleur magasin de la ville d\u00e8s aujourd'hui\u00a0!","og_url":"https:\/\/herbelegale.com\/da\/product\/apple-fritter\/","og_site_name":"Herbe L\u00e9gale","article_modified_time":"2025-06-14T11:07:41+00:00","og_image":[{"width":960,"height":1280,"url":"https:\/\/herbelegale.com\/wp-content\/uploads\/2023\/09\/Apple-Fritter.jpg","type":"image\/jpeg"}],"twitter_card":"summary_large_image","twitter_misc":{"Estimeret l\u00e6setid":"3 minutter"},"schema":{"@context":"https:\/\/schema.org","@graph":[{"@type":"WebPage","@id":"https:\/\/herbelegale.com\/product\/apple-fritter\/","url":"https:\/\/herbelegale.com\/product\/apple-fritter\/","name":"Vente de beignets aux pommes - Achetez des beignets aux pommes en ligne","isPartOf":{"@id":"https:\/\/herbelegale.com\/#website"},"primaryImageOfPage":{"@id":"https:\/\/herbelegale.com\/product\/apple-fritter\/#primaryimage"},"image":{"@id":"https:\/\/herbelegale.com\/product\/apple-fritter\/#primaryimage"},"thumbnailUrl":"https:\/\/herbelegale.com\/wp-content\/uploads\/2023\/09\/Apple-Fritter.jpg","datePublished":"2023-09-22T08:56:29+00:00","dateModified":"2025-06-14T11:07:41+00:00","description":"Vous pouvez obtenir des beignets aux pommes en vente aux meilleurs prix dans notre boutique en ligne. Nous sommes l\u00e0 pour vous aider \u00e0 acheter des beignets aux pommes en ligne. Connectez-vous au meilleur magasin de la ville d\u00e8s aujourd'hui\u00a0!","breadcrumb":{"@id":"https:\/\/herbelegale.com\/product\/apple-fritter\/#breadcrumb"},"inLanguage":"da-DK","potentialAction":[{"@type":"ReadAction","target":["https:\/\/herbelegale.com\/product\/apple-fritter\/"]}]},{"@type":"ImageObject","inLanguage":"da-DK","@id":"https:\/\/herbelegale.com\/product\/apple-fritter\/#primaryimage","url":"https:\/\/herbelegale.com\/wp-content\/uploads\/2023\/09\/Apple-Fritter.jpg","contentUrl":"https:\/\/herbelegale.com\/wp-content\/uploads\/2023\/09\/Apple-Fritter.jpg","width":960,"height":1280,"caption":"Apple Fritter"},{"@type":"BreadcrumbList","@id":"https:\/\/herbelegale.com\/product\/apple-fritter\/#breadcrumb","itemListElement":[{"@type":"ListItem","position":1,"name":"Home","item":"https:\/\/herbelegale.com\/"},{"@type":"ListItem","position":2,"name":"Boutique","item":"https:\/\/herbelegale.com\/boutique\/"},{"@type":"ListItem","position":3,"name":"Apple Fritter"}]},{"@type":"WebSite","@id":"https:\/\/herbelegale.com\/#website","url":"https:\/\/herbelegale.com\/","name":"Herbe L\u00e9gale","description":"Acheter de l&#039;herbe en ligne","publisher":{"@id":"https:\/\/herbelegale.com\/#organization"},"potentialAction":[{"@type":"SearchAction","target":{"@type":"EntryPoint","urlTemplate":"https:\/\/herbelegale.com\/?s={search_term_string}"},"query-input":{"@type":"PropertyValueSpecification","valueRequired":true,"valueName":"search_term_string"}}],"inLanguage":"da-DK"},{"@type":"Organization","@id":"https:\/\/herbelegale.com\/#organization","name":"Herbe L\u00e9gale","url":"https:\/\/herbelegale.com\/","logo":{"@type":"ImageObject","inLanguage":"da-DK","@id":"https:\/\/herbelegale.com\/#\/schema\/logo\/image\/","url":"https:\/\/herbelegale.com\/wp-content\/uploads\/2023\/10\/logo-1.png","contentUrl":"https:\/\/herbelegale.com\/wp-content\/uploads\/2023\/10\/logo-1.png","width":400,"height":120,"caption":"Herbe L\u00e9gale"},"image":{"@id":"https:\/\/herbelegale.com\/#\/schema\/logo\/image\/"}}]}},"_links":{"self":[{"href":"https:\/\/herbelegale.com\/da\/wp-json\/wp\/v2\/product\/53","targetHints":{"allow":["GET"]}}],"collection":[{"href":"https:\/\/herbelegale.com\/da\/wp-json\/wp\/v2\/product"}],"about":[{"href":"https:\/\/herbelegale.com\/da\/wp-json\/wp\/v2\/types\/product"}],"replies":[{"embeddable":true,"href":"https:\/\/herbelegale.com\/da\/wp-json\/wp\/v2\/comments?post=53"}],"wp:featuredmedia":[{"embeddable":true,"href":"https:\/\/herbelegale.com\/da\/wp-json\/wp\/v2\/media\/361"}],"wp:attachment":[{"href":"https:\/\/herbelegale.com\/da\/wp-json\/wp\/v2\/media?parent=53"}],"wp:term":[{"taxonomy":"product_brand","embeddable":true,"href":"https:\/\/herbelegale.com\/da\/wp-json\/wp\/v2\/product_brand?post=53"},{"taxonomy":"product_cat","embeddable":true,"href":"https:\/\/herbelegale.com\/da\/wp-json\/wp\/v2\/product_cat?post=53"},{"taxonomy":"product_tag","embeddable":true,"href":"https:\/\/herbelegale.com\/da\/wp-json\/wp\/v2\/product_tag?post=53"}],"curies":[{"name":"wp","href":"https:\/\/api.w.org\/{rel}","templated":true}]}}