{"id":43,"date":"2023-09-22T08:50:01","date_gmt":"2023-09-22T08:50:01","guid":{"rendered":"https:\/\/nembutalhouse.com\/weed\/?post_type=product&#038;p=43"},"modified":"2025-07-21T12:28:21","modified_gmt":"2025-07-21T12:28:21","slug":"pina-colada","status":"publish","type":"product","link":"https:\/\/herbelegale.com\/da\/product\/pina-colada\/","title":{"rendered":"Pina Colada"},"content":{"rendered":"<h2><b>K\u00f8b Pina Colada online: Friskhed og eksotiske smagsoplevelser kun et klik v\u00e6k<\/b><\/h2>\n<p>La <a href=\"https:\/\/herbelegale.com\/da\/product\/pina-colada\/\">Pina Colada<\/a> Pi\u00f1a Colada er meget mere end en tropisk cocktail, der nydes verden over. Udtrykket kan ogs\u00e5 henvise til afledte produkter, temaudgaver eller endda slik og drikkevarer inspireret af denne klassiker. Med sin uimodst\u00e5elige kombination af ananas, kokos og rom vinder Pi\u00f1a Colada flere og flere forbrugere.<\/p>\n<p>Actuellement, la <a href=\"https:\/\/en.wikipedia.org\/wiki\/Pi%C3%B1a_colada\">Pi\u00f1a Colada er meget trendy online<\/a> Eftersp\u00f8rgslen eksploderer takket v\u00e6re den nemme bestilling af tema- og gourmetprodukter direkte hjemmefra, is\u00e6r i en sammenh\u00e6ng hvor hjemmelevering foretr\u00e6kkes.<\/p>\n<h3><b>Hvorfor k\u00f8be Pi\u00f1a Colada online?<\/b><\/h3>\n<p>At k\u00f8be dette produkt online har flere store fordele:<\/p>\n<ul>\n<li style=\"font-weight: 400;\" aria-level=\"1\">Diskret og specialiseret levering: ideel til at modtage dine yndlingsprodukter i fuld fortrolighed.<\/li>\n<li style=\"font-weight: 400;\" aria-level=\"1\">Bredt udvalg og eksklusive produkter: adgang til originale eller h\u00e5ndlavede variationer, der er sv\u00e6re at finde i butikkerne.<\/li>\n<li style=\"font-weight: 400;\" aria-level=\"1\">Spar tid: bestil fra din sofa og f\u00e5 det hurtigt leveret hjem.<\/li>\n<li style=\"font-weight: 400;\" aria-level=\"1\">Bedste prisgaranti: Udnyt hyppige kampagner og konkurrencedygtige priser, is\u00e6r for kvalitetsprodukter.<\/li>\n<\/ul>\n<h3><b>Hvad g\u00f8r en Pi\u00f1a Colada god?<\/b><\/h3>\n<p><span style=\"font-weight: 400;\">For en vellykket Pi\u00f1a Colada er flere kriterier afg\u00f8rende:<\/span><\/p>\n<ul>\n<li style=\"font-weight: 400;\" aria-level=\"1\">Friske og naturlige ingredienser: moden ananas, autentisk kokoscreme og kvalitetsrom.<\/li>\n<li style=\"font-weight: 400;\" aria-level=\"1\">Perfekt balance af smagsoplevelser: ikke for s\u00f8d, ikke for st\u00e6rk, med en bl\u00f8d og forfriskende tekstur.<\/li>\n<li style=\"font-weight: 400;\" aria-level=\"1\">Omhyggelig pr\u00e6sentation: attraktiv emballage, der garanterer friskhed og anvendelighed.<\/li>\n<li style=\"font-weight: 400;\" aria-level=\"1\">H\u00e5ndlavede eller premium varianter: H\u00e5ndlavede produkter eller produkter i sm\u00e5 partier tilbyder en overlegen smagsoplevelse.<\/li>\n<\/ul>\n<h3><b>De bedste platforme til at bestille Pina Colada online<\/b><\/h3>\n<ul>\n<li style=\"font-weight: 400;\" aria-level=\"1\">Onlinebutikker med speciale i drinks og cocktails: ofte m\u00e6rket med en kvalitetsgaranti.<\/li>\n<li style=\"font-weight: 400;\" aria-level=\"1\">Kunsth\u00e5ndv\u00e6rksmarkedspladser (Etsy osv.): unikke og h\u00e5ndlavede produkter.<\/li>\n<li style=\"font-weight: 400;\" aria-level=\"1\">Generelle madleveringssteder: hastighed og nem k\u00f8b.<\/li>\n<li style=\"font-weight: 400;\" aria-level=\"1\">Barer og destillerier, der tilbyder direkte levering: friskhed og \u00e6gthed garanteret.<\/li>\n<\/ul>\n<h3><b>Hvordan v\u00e6lger man det rigtige produkt eller den rigtige s\u00e6lger?<\/b><\/h3>\n<ul>\n<li style=\"font-weight: 400;\" aria-level=\"1\">Tjek kundeanmeldelser: de afspejler den sande kvalitet og shoppingoplevelse.<\/li>\n<li style=\"font-weight: 400;\" aria-level=\"1\">Find ud af mere om oprindelsen og ingredienserne: gennemsigtighed er afg\u00f8rende.<\/li>\n<li style=\"font-weight: 400;\" aria-level=\"1\">Tjek leveringsbetingelser og friskhedsgarantier.<\/li>\n<li style=\"font-weight: 400;\" aria-level=\"1\">Foretr\u00e6k s\u00e6lgere, der tilbyder tydelig eftersalgsservice og refunderingsmuligheder.<\/li>\n<\/ul>\n<h3><b>Konklusion: Hvorfor Pina Colada er v\u00e6rd at pr\u00f8ve, og hvor kan man k\u00f8be den<\/b><\/h3>\n<p>Pina Colada er en invitation til rejser og afslapning, let tilg\u00e6ngelig online. Uanset om det er til en aperitif, en temafest eller blot for at fork\u00e6le dig selv, er dette det bedste sted at k\u00f8be Pina Colada online takket v\u00e6re dens udvalg, kvalitet og bekvemme levering.<\/p>\n<p>&nbsp;<\/p>","protected":false},"excerpt":{"rendered":"<p>Acheter Pina Colada en ligne : Fra\u00eecheur et Saveurs Exotiques \u00e0 Port\u00e9e de Clic La Pina Colada est bien plus qu\u2019un cocktail tropical appr\u00e9ci\u00e9 dans le monde entier. Ce terme peut aussi d\u00e9signer des produits d\u00e9riv\u00e9s, des \u00e9ditions th\u00e9matiques, ou m\u00eame des douceurs et boissons inspir\u00e9es de ce classique. Avec sa combinaison irr\u00e9sistible d\u2019ananas, de&#8230;<\/p>","protected":false},"featured_media":352,"comment_status":"open","ping_status":"closed","template":"","meta":{"_kadence_starter_templates_imported_post":false,"_kad_post_transparent":"default","_kad_post_title":"","_kad_post_layout":"default","_kad_post_sidebar_id":"","_kad_post_content_style":"default","_kad_post_vertical_padding":"default","_kad_post_feature":"","_kad_post_feature_position":"","_kad_post_header":false,"_kad_post_footer":false,"_joinchat":[]},"product_brand":[],"product_cat":[17],"product_tag":[],"class_list":{"0":"post-43","1":"product","2":"type-product","3":"status-publish","4":"has-post-thumbnail","6":"product_cat-canabis-en-ligne","8":"first","9":"instock","10":"shipping-taxable","11":"purchasable","12":"product-type-variable","13":"entry","14":"content-bg","15":"loop-entry"},"yoast_head":"<!-- This site is optimized with the Yoast SEO plugin v23.5 - https:\/\/yoast.com\/wordpress\/plugins\/seo\/ -->\n<title>Achetez Pina Colada en ligne - Pina Colada \u00e0 vendre - Commandez Pina Colada<\/title>\n<meta name=\"description\" content=\"Si vous souhaitez acheter de la Pina Colada, nous sommes le bon choix pour vous. Notre personnel vous aidera \u00e0 acheter de la Pina Colada en ligne \u00e0 des prix avantageux. Passez votre commande chez nous !\" \/>\n<meta name=\"robots\" content=\"index, follow, max-snippet:-1, max-image-preview:large, max-video-preview:-1\" \/>\n<link rel=\"canonical\" href=\"https:\/\/herbelegale.com\/da\/product\/pina-colada\/\" \/>\n<meta property=\"og:locale\" content=\"da_DK\" \/>\n<meta property=\"og:type\" content=\"article\" \/>\n<meta property=\"og:title\" content=\"Achetez Pina Colada en ligne - Pina Colada \u00e0 vendre - Commandez Pina Colada\" \/>\n<meta property=\"og:description\" content=\"Si vous souhaitez acheter de la Pina Colada, nous sommes le bon choix pour vous. Notre personnel vous aidera \u00e0 acheter de la Pina Colada en ligne \u00e0 des prix avantageux. Passez votre commande chez nous !\" \/>\n<meta property=\"og:url\" content=\"https:\/\/herbelegale.com\/da\/product\/pina-colada\/\" \/>\n<meta property=\"og:site_name\" content=\"Herbe L\u00e9gale\" \/>\n<meta property=\"article:modified_time\" content=\"2025-07-21T12:28:21+00:00\" \/>\n<meta property=\"og:image\" content=\"https:\/\/herbelegale.com\/wp-content\/uploads\/2023\/09\/Pina-Colada.jpg\" \/>\n\t<meta property=\"og:image:width\" content=\"960\" \/>\n\t<meta property=\"og:image:height\" content=\"1280\" \/>\n\t<meta property=\"og:image:type\" content=\"image\/jpeg\" \/>\n<meta name=\"twitter:card\" content=\"summary_large_image\" \/>\n<meta name=\"twitter:label1\" content=\"Estimeret l\u00e6setid\" \/>\n\t<meta name=\"twitter:data1\" content=\"3 minutter\" \/>\n<script type=\"application\/ld+json\" class=\"yoast-schema-graph\">{\"@context\":\"https:\/\/schema.org\",\"@graph\":[{\"@type\":\"WebPage\",\"@id\":\"https:\/\/herbelegale.com\/product\/pina-colada\/\",\"url\":\"https:\/\/herbelegale.com\/product\/pina-colada\/\",\"name\":\"Achetez Pina Colada en ligne - Pina Colada \u00e0 vendre - Commandez Pina Colada\",\"isPartOf\":{\"@id\":\"https:\/\/herbelegale.com\/#website\"},\"primaryImageOfPage\":{\"@id\":\"https:\/\/herbelegale.com\/product\/pina-colada\/#primaryimage\"},\"image\":{\"@id\":\"https:\/\/herbelegale.com\/product\/pina-colada\/#primaryimage\"},\"thumbnailUrl\":\"https:\/\/herbelegale.com\/wp-content\/uploads\/2023\/09\/Pina-Colada.jpg\",\"datePublished\":\"2023-09-22T08:50:01+00:00\",\"dateModified\":\"2025-07-21T12:28:21+00:00\",\"description\":\"Si vous souhaitez acheter de la Pina Colada, nous sommes le bon choix pour vous. Notre personnel vous aidera \u00e0 acheter de la Pina Colada en ligne \u00e0 des prix avantageux. Passez votre commande chez nous !\",\"breadcrumb\":{\"@id\":\"https:\/\/herbelegale.com\/product\/pina-colada\/#breadcrumb\"},\"inLanguage\":\"da-DK\",\"potentialAction\":[{\"@type\":\"ReadAction\",\"target\":[\"https:\/\/herbelegale.com\/product\/pina-colada\/\"]}]},{\"@type\":\"ImageObject\",\"inLanguage\":\"da-DK\",\"@id\":\"https:\/\/herbelegale.com\/product\/pina-colada\/#primaryimage\",\"url\":\"https:\/\/herbelegale.com\/wp-content\/uploads\/2023\/09\/Pina-Colada.jpg\",\"contentUrl\":\"https:\/\/herbelegale.com\/wp-content\/uploads\/2023\/09\/Pina-Colada.jpg\",\"width\":960,\"height\":1280,\"caption\":\"Pina Colada\"},{\"@type\":\"BreadcrumbList\",\"@id\":\"https:\/\/herbelegale.com\/product\/pina-colada\/#breadcrumb\",\"itemListElement\":[{\"@type\":\"ListItem\",\"position\":1,\"name\":\"Home\",\"item\":\"https:\/\/herbelegale.com\/\"},{\"@type\":\"ListItem\",\"position\":2,\"name\":\"Boutique\",\"item\":\"https:\/\/herbelegale.com\/boutique\/\"},{\"@type\":\"ListItem\",\"position\":3,\"name\":\"Pina Colada\"}]},{\"@type\":\"WebSite\",\"@id\":\"https:\/\/herbelegale.com\/#website\",\"url\":\"https:\/\/herbelegale.com\/\",\"name\":\"Herbe L\u00e9gale\",\"description\":\"Acheter de l&#039;herbe en ligne\",\"publisher\":{\"@id\":\"https:\/\/herbelegale.com\/#organization\"},\"potentialAction\":[{\"@type\":\"SearchAction\",\"target\":{\"@type\":\"EntryPoint\",\"urlTemplate\":\"https:\/\/herbelegale.com\/?s={search_term_string}\"},\"query-input\":{\"@type\":\"PropertyValueSpecification\",\"valueRequired\":true,\"valueName\":\"search_term_string\"}}],\"inLanguage\":\"da-DK\"},{\"@type\":\"Organization\",\"@id\":\"https:\/\/herbelegale.com\/#organization\",\"name\":\"Herbe L\u00e9gale\",\"url\":\"https:\/\/herbelegale.com\/\",\"logo\":{\"@type\":\"ImageObject\",\"inLanguage\":\"da-DK\",\"@id\":\"https:\/\/herbelegale.com\/#\/schema\/logo\/image\/\",\"url\":\"https:\/\/herbelegale.com\/wp-content\/uploads\/2023\/10\/logo-1.png\",\"contentUrl\":\"https:\/\/herbelegale.com\/wp-content\/uploads\/2023\/10\/logo-1.png\",\"width\":400,\"height\":120,\"caption\":\"Herbe L\u00e9gale\"},\"image\":{\"@id\":\"https:\/\/herbelegale.com\/#\/schema\/logo\/image\/\"}}]}<\/script>\n<!-- \/ Yoast SEO plugin. -->","yoast_head_json":{"title":"Achetez Pina Colada en ligne - Pina Colada \u00e0 vendre - Commandez Pina Colada","description":"Si vous souhaitez acheter de la Pina Colada, nous sommes le bon choix pour vous. Notre personnel vous aidera \u00e0 acheter de la Pina Colada en ligne \u00e0 des prix avantageux. Passez votre commande chez nous !","robots":{"index":"index","follow":"follow","max-snippet":"max-snippet:-1","max-image-preview":"max-image-preview:large","max-video-preview":"max-video-preview:-1"},"canonical":"https:\/\/herbelegale.com\/da\/product\/pina-colada\/","og_locale":"da_DK","og_type":"article","og_title":"Achetez Pina Colada en ligne - Pina Colada \u00e0 vendre - Commandez Pina Colada","og_description":"Si vous souhaitez acheter de la Pina Colada, nous sommes le bon choix pour vous. Notre personnel vous aidera \u00e0 acheter de la Pina Colada en ligne \u00e0 des prix avantageux. Passez votre commande chez nous !","og_url":"https:\/\/herbelegale.com\/da\/product\/pina-colada\/","og_site_name":"Herbe L\u00e9gale","article_modified_time":"2025-07-21T12:28:21+00:00","og_image":[{"width":960,"height":1280,"url":"https:\/\/herbelegale.com\/wp-content\/uploads\/2023\/09\/Pina-Colada.jpg","type":"image\/jpeg"}],"twitter_card":"summary_large_image","twitter_misc":{"Estimeret l\u00e6setid":"3 minutter"},"schema":{"@context":"https:\/\/schema.org","@graph":[{"@type":"WebPage","@id":"https:\/\/herbelegale.com\/product\/pina-colada\/","url":"https:\/\/herbelegale.com\/product\/pina-colada\/","name":"Achetez Pina Colada en ligne - Pina Colada \u00e0 vendre - Commandez Pina Colada","isPartOf":{"@id":"https:\/\/herbelegale.com\/#website"},"primaryImageOfPage":{"@id":"https:\/\/herbelegale.com\/product\/pina-colada\/#primaryimage"},"image":{"@id":"https:\/\/herbelegale.com\/product\/pina-colada\/#primaryimage"},"thumbnailUrl":"https:\/\/herbelegale.com\/wp-content\/uploads\/2023\/09\/Pina-Colada.jpg","datePublished":"2023-09-22T08:50:01+00:00","dateModified":"2025-07-21T12:28:21+00:00","description":"Si vous souhaitez acheter de la Pina Colada, nous sommes le bon choix pour vous. Notre personnel vous aidera \u00e0 acheter de la Pina Colada en ligne \u00e0 des prix avantageux. Passez votre commande chez nous !","breadcrumb":{"@id":"https:\/\/herbelegale.com\/product\/pina-colada\/#breadcrumb"},"inLanguage":"da-DK","potentialAction":[{"@type":"ReadAction","target":["https:\/\/herbelegale.com\/product\/pina-colada\/"]}]},{"@type":"ImageObject","inLanguage":"da-DK","@id":"https:\/\/herbelegale.com\/product\/pina-colada\/#primaryimage","url":"https:\/\/herbelegale.com\/wp-content\/uploads\/2023\/09\/Pina-Colada.jpg","contentUrl":"https:\/\/herbelegale.com\/wp-content\/uploads\/2023\/09\/Pina-Colada.jpg","width":960,"height":1280,"caption":"Pina Colada"},{"@type":"BreadcrumbList","@id":"https:\/\/herbelegale.com\/product\/pina-colada\/#breadcrumb","itemListElement":[{"@type":"ListItem","position":1,"name":"Home","item":"https:\/\/herbelegale.com\/"},{"@type":"ListItem","position":2,"name":"Boutique","item":"https:\/\/herbelegale.com\/boutique\/"},{"@type":"ListItem","position":3,"name":"Pina Colada"}]},{"@type":"WebSite","@id":"https:\/\/herbelegale.com\/#website","url":"https:\/\/herbelegale.com\/","name":"Herbe L\u00e9gale","description":"Acheter de l&#039;herbe en ligne","publisher":{"@id":"https:\/\/herbelegale.com\/#organization"},"potentialAction":[{"@type":"SearchAction","target":{"@type":"EntryPoint","urlTemplate":"https:\/\/herbelegale.com\/?s={search_term_string}"},"query-input":{"@type":"PropertyValueSpecification","valueRequired":true,"valueName":"search_term_string"}}],"inLanguage":"da-DK"},{"@type":"Organization","@id":"https:\/\/herbelegale.com\/#organization","name":"Herbe L\u00e9gale","url":"https:\/\/herbelegale.com\/","logo":{"@type":"ImageObject","inLanguage":"da-DK","@id":"https:\/\/herbelegale.com\/#\/schema\/logo\/image\/","url":"https:\/\/herbelegale.com\/wp-content\/uploads\/2023\/10\/logo-1.png","contentUrl":"https:\/\/herbelegale.com\/wp-content\/uploads\/2023\/10\/logo-1.png","width":400,"height":120,"caption":"Herbe L\u00e9gale"},"image":{"@id":"https:\/\/herbelegale.com\/#\/schema\/logo\/image\/"}}]}},"_links":{"self":[{"href":"https:\/\/herbelegale.com\/da\/wp-json\/wp\/v2\/product\/43","targetHints":{"allow":["GET"]}}],"collection":[{"href":"https:\/\/herbelegale.com\/da\/wp-json\/wp\/v2\/product"}],"about":[{"href":"https:\/\/herbelegale.com\/da\/wp-json\/wp\/v2\/types\/product"}],"replies":[{"embeddable":true,"href":"https:\/\/herbelegale.com\/da\/wp-json\/wp\/v2\/comments?post=43"}],"wp:featuredmedia":[{"embeddable":true,"href":"https:\/\/herbelegale.com\/da\/wp-json\/wp\/v2\/media\/352"}],"wp:attachment":[{"href":"https:\/\/herbelegale.com\/da\/wp-json\/wp\/v2\/media?parent=43"}],"wp:term":[{"taxonomy":"product_brand","embeddable":true,"href":"https:\/\/herbelegale.com\/da\/wp-json\/wp\/v2\/product_brand?post=43"},{"taxonomy":"product_cat","embeddable":true,"href":"https:\/\/herbelegale.com\/da\/wp-json\/wp\/v2\/product_cat?post=43"},{"taxonomy":"product_tag","embeddable":true,"href":"https:\/\/herbelegale.com\/da\/wp-json\/wp\/v2\/product_tag?post=43"}],"curies":[{"name":"wp","href":"https:\/\/api.w.org\/{rel}","templated":true}]}}