{"id":41,"date":"2023-09-22T08:49:48","date_gmt":"2023-09-22T08:49:48","guid":{"rendered":"https:\/\/nembutalhouse.com\/weed\/?post_type=product&#038;p=41"},"modified":"2025-06-17T06:27:01","modified_gmt":"2025-06-17T06:27:01","slug":"pop-rox","status":"publish","type":"product","link":"https:\/\/herbelegale.com\/da\/product\/pop-rox\/","title":{"rendered":"Pop Rox"},"content":{"rendered":"<h2><b>K\u00f8b Pop Rox online: Trends, kvalitet og k\u00f8bstips<\/b><\/h2>\n<p><span style=\"font-weight: 400;\">Udtrykket <\/span><a href=\"https:\/\/herbelegale.com\/da\/product\/pop-rox\/\"><b>Pop Rox<\/b><\/a><span style=\"font-weight: 400;\"> refererer til et unikt produkt, hvad enten det er en tematisk genstand, et trendy forbrugerprodukt eller en s\u00e6rlig kreation inspireret af Pop Rox-stilen. I \u00f8jeblikket oplever dette produkt en voksende dille online takket v\u00e6re dets originalitet, kvalitet og appellen fra nyheder, der er ud over det s\u00e6dvanlige.<\/span><\/p>\n<p><span style=\"font-weight: 400;\">Med fremkomsten af digitale platforme v\u00e6lger flere og flere forbrugere at <\/span><b>bestil Pop Rox online<\/b><span style=\"font-weight: 400;\">, b\u00e9n\u00e9ficiant ainsi d\u2019un acc\u00e8s facile, rapide et s\u00e9curis\u00e9.<\/span><\/p>\n<h3><b>Hvorfor k\u00f8be Pop Rox online?<\/b><\/h3>\n<p><span style=\"font-weight: 400;\">K\u00f8b <\/span><a href=\"https:\/\/en.wikipedia.org\/wiki\/Pop_Rocks\"><b>Pop Rox en ligne<\/b><\/a><span style=\"font-weight: 400;\"> online tilbyder flere vigtige fordele:<\/span><\/p>\n<ul>\n<li style=\"font-weight: 400;\" aria-level=\"1\"><b>Diskret og omhyggelig levering<\/b><span style=\"font-weight: 400;\"> pour pr\u00e9server la qualit\u00e9 et l\u2019esth\u00e9tique du produit.<\/span><span style=\"font-weight: 400;\">\n<p><\/span><\/li>\n<li style=\"font-weight: 400;\" aria-level=\"1\"><b>Large s\u00e9lection<\/b><span style=\"font-weight: 400;\"> avec acc\u00e8s \u00e0 des \u00e9ditions limit\u00e9es ou exclusives souvent introuvables en boutique.<\/span><span style=\"font-weight: 400;\">\n<p><\/span><\/li>\n<li style=\"font-weight: 400;\" aria-level=\"1\"><b>Confort et praticit\u00e9<\/b><span style=\"font-weight: 400;\"> : possibilit\u00e9 de passer commande \u00e0 toute heure et depuis n\u2019importe o\u00f9.<\/span><span style=\"font-weight: 400;\">\n<p><\/span><\/li>\n<li style=\"font-weight: 400;\" aria-level=\"1\"><b>Prix attractifs<\/b><span style=\"font-weight: 400;\"> avec des promotions et offres sp\u00e9ciales r\u00e9serv\u00e9es aux acheteurs en ligne.<\/span><span style=\"font-weight: 400;\">\n<p><\/span><\/li>\n<\/ul>\n<h3><b>Hvad g\u00f8r et Pop Rox-produkt godt?<\/b><\/h3>\n<p><span style=\"font-weight: 400;\">Pour reconna\u00eetre un Pop Rox de qualit\u00e9, voici les points essentiels \u00e0 consid\u00e9rer :<\/span><\/p>\n<ul>\n<li style=\"font-weight: 400;\" aria-level=\"1\"><b>Authenticit\u00e9<\/b><span style=\"font-weight: 400;\"> : produit fid\u00e8le \u00e0 sa description et \u00e0 son concept unique.<\/span><span style=\"font-weight: 400;\">\n<p><\/span><\/li>\n<li style=\"font-weight: 400;\" aria-level=\"1\"><b>Finitions soign\u00e9es<\/b><span style=\"font-weight: 400;\"> : que ce soit pour un article d\u00e9coratif, un accessoire ou un produit th\u00e9matique.<\/span><span style=\"font-weight: 400;\">\n<p><\/span><\/li>\n<li style=\"font-weight: 400;\" aria-level=\"1\"><b>Mat\u00e9riaux de qualit\u00e9<\/b><span style=\"font-weight: 400;\"> : garantissant durabilit\u00e9 et esth\u00e9tique.<\/span><span style=\"font-weight: 400;\">\n<p><\/span><\/li>\n<li style=\"font-weight: 400;\" aria-level=\"1\"><b>Avis et retours clients positifs<\/b><span style=\"font-weight: 400;\"> attestant de la satisfaction g\u00e9n\u00e9rale.<\/span><span style=\"font-weight: 400;\">\n<p><\/span><\/li>\n<\/ul>\n<h3><b>De bedste platforme til at bestille Pop Rox online<\/b><\/h3>\n<ul>\n<li style=\"font-weight: 400;\" aria-level=\"1\"><b>Sites sp\u00e9cialis\u00e9s dans les produits th\u00e9matiques et culture pop<\/b><span style=\"font-weight: 400;\"> : souvent les premiers \u00e0 proposer Pop Rox.<\/span><span style=\"font-weight: 400;\">\n<p><\/span><\/li>\n<li style=\"font-weight: 400;\" aria-level=\"1\"><b>March\u00e9s artisanaux et plateformes comme Etsy<\/b><span style=\"font-weight: 400;\"> : pour des cr\u00e9ations uniques et personnalis\u00e9es.<\/span><span style=\"font-weight: 400;\">\n<p><\/span><\/li>\n<li style=\"font-weight: 400;\" aria-level=\"1\"><b>Grands sites de commerce en ligne<\/b><span style=\"font-weight: 400;\"> : pour la vari\u00e9t\u00e9 et la garantie de livraison.<\/span><span style=\"font-weight: 400;\">\n<p><\/span><\/li>\n<li style=\"font-weight: 400;\" aria-level=\"1\"><b>Boutiques officielles ou marques associ\u00e9es<\/b><span style=\"font-weight: 400;\"> : gage d\u2019authenticit\u00e9 et de service client.<\/span><span style=\"font-weight: 400;\">\n<p><\/span><\/li>\n<\/ul>\n<h3><b>Hvordan v\u00e6lger man det rigtige produkt eller den rigtige s\u00e6lger?<\/b><\/h3>\n<ul>\n<li style=\"font-weight: 400;\" aria-level=\"1\"><b>V\u00e9rifiez les avis et notes clients<\/b><span style=\"font-weight: 400;\"> pour une exp\u00e9rience d\u2019achat s\u00e9curis\u00e9e.<\/span><span style=\"font-weight: 400;\">\n<p><\/span><\/li>\n<li style=\"font-weight: 400;\" aria-level=\"1\"><b>Assurez-vous de la politique de retour<\/b><span style=\"font-weight: 400;\"> en cas d\u2019insatisfaction.<\/span><span style=\"font-weight: 400;\">\n<p><\/span><\/li>\n<li style=\"font-weight: 400;\" aria-level=\"1\"><b>Privil\u00e9giez les vendeurs transparents<\/b><span style=\"font-weight: 400;\"> sur l\u2019origine et les caract\u00e9ristiques du produit.<\/span><span style=\"font-weight: 400;\">\n<p><\/span><\/li>\n<li style=\"font-weight: 400;\" aria-level=\"1\"><b>Contr\u00f4lez les conditions de livraison<\/b><span style=\"font-weight: 400;\"> pour garantir la bonne conservation du produit.<\/span><span style=\"font-weight: 400;\">\n<p><\/span><\/li>\n<\/ul>\n<h3><b>Konklusion: Hvorfor Pop Rox er et fors\u00f8g v\u00e6rd<\/b><\/h3>\n<p><b>Pop Rox<\/b><span style=\"font-weight: 400;\"> er meget mere end blot et produkt: det er en original oplevelse, der forf\u00f8rer med sin autenticitet og kvalitet. Uanset om du er samler, fan af nye produkter eller blot nysgerrig, er den bedste m\u00e5de at nyde Pop Rox p\u00e5 at <\/span><b>k\u00f8b det online<\/b><span style=\"font-weight: 400;\">Du vil drage fordel af det bedste udvalg, konkurrencedygtige priser og bekvem service direkte til dit hjem.<\/span><\/p>\n<h3><b>Integrerede SEO-n\u00f8gleord:<\/b><\/h3>\n<p><b>K\u00f8b Pop Rox online, bestil Pop Rox online, Pop Rox til salg, billig Pop Rox pris, bedste sted at k\u00f8be Pop Rox online<\/b><b><br \/>\n<\/b><span style=\"font-weight: 400;\"> (p\u00e5 engelsk: k\u00f8b Pop Rox online, bestil Pop Rox online, Pop Rox til salg, billig Pop Rox pris, bedste sted at k\u00f8be Pop Rox online)<\/span><\/p>","protected":false},"excerpt":{"rendered":"<p>Acheter Pop Rox en ligne : Tendances, Qualit\u00e9 et Conseils d\u2019Achat Le terme Pop Rox fait r\u00e9f\u00e9rence \u00e0 un produit unique, qu\u2019il s\u2019agisse d\u2019un article th\u00e9matique, d\u2019un produit de consommation tendance, ou d\u2019une cr\u00e9ation sp\u00e9ciale inspir\u00e9e par le style Pop Rox. Actuellement, ce produit conna\u00eet un engouement croissant en ligne, gr\u00e2ce \u00e0 son originalit\u00e9, sa&#8230;<\/p>","protected":false},"featured_media":350,"comment_status":"open","ping_status":"closed","template":"","meta":{"_kadence_starter_templates_imported_post":false,"_kad_post_transparent":"default","_kad_post_title":"","_kad_post_layout":"default","_kad_post_sidebar_id":"","_kad_post_content_style":"default","_kad_post_vertical_padding":"default","_kad_post_feature":"","_kad_post_feature_position":"","_kad_post_header":false,"_kad_post_footer":false,"_joinchat":[]},"product_brand":[],"product_cat":[17],"product_tag":[],"class_list":{"0":"post-41","1":"product","2":"type-product","3":"status-publish","4":"has-post-thumbnail","6":"product_cat-canabis-en-ligne","8":"first","9":"instock","10":"shipping-taxable","11":"purchasable","12":"product-type-variable","13":"entry","14":"content-bg","15":"loop-entry"},"yoast_head":"<!-- This site is optimized with the Yoast SEO plugin v23.5 - https:\/\/yoast.com\/wordpress\/plugins\/seo\/ -->\n<title>Achetez Pop Rox en ligne - Pop Rox \u00e0 vendre<\/title>\n<meta name=\"description\" content=\"Si vous souhaitez acheter du Pop Rox, nous sommes le bon choix pour vous. Notre personnel vous aidera \u00e0 acheter du Pop Rox en ligne \u00e0 des prix avantageux. Passez votre commande chez nous !\" \/>\n<meta name=\"robots\" content=\"index, follow, max-snippet:-1, max-image-preview:large, max-video-preview:-1\" \/>\n<link rel=\"canonical\" href=\"https:\/\/herbelegale.com\/da\/product\/pop-rox\/\" \/>\n<meta property=\"og:locale\" content=\"da_DK\" \/>\n<meta property=\"og:type\" content=\"article\" \/>\n<meta property=\"og:title\" content=\"Achetez Pop Rox en ligne - Pop Rox \u00e0 vendre\" \/>\n<meta property=\"og:description\" content=\"Si vous souhaitez acheter du Pop Rox, nous sommes le bon choix pour vous. Notre personnel vous aidera \u00e0 acheter du Pop Rox en ligne \u00e0 des prix avantageux. Passez votre commande chez nous !\" \/>\n<meta property=\"og:url\" content=\"https:\/\/herbelegale.com\/da\/product\/pop-rox\/\" \/>\n<meta property=\"og:site_name\" content=\"Herbe L\u00e9gale\" \/>\n<meta property=\"article:modified_time\" content=\"2025-06-17T06:27:01+00:00\" \/>\n<meta property=\"og:image\" content=\"https:\/\/herbelegale.com\/wp-content\/uploads\/2023\/09\/Pop-Rox-2.jpg\" \/>\n\t<meta property=\"og:image:width\" content=\"960\" \/>\n\t<meta property=\"og:image:height\" content=\"1280\" \/>\n\t<meta property=\"og:image:type\" content=\"image\/jpeg\" \/>\n<meta name=\"twitter:card\" content=\"summary_large_image\" \/>\n<meta name=\"twitter:label1\" content=\"Estimeret l\u00e6setid\" \/>\n\t<meta name=\"twitter:data1\" content=\"3 minutter\" \/>\n<script type=\"application\/ld+json\" class=\"yoast-schema-graph\">{\"@context\":\"https:\/\/schema.org\",\"@graph\":[{\"@type\":\"WebPage\",\"@id\":\"https:\/\/herbelegale.com\/product\/pop-rox\/\",\"url\":\"https:\/\/herbelegale.com\/product\/pop-rox\/\",\"name\":\"Achetez Pop Rox en ligne - Pop Rox \u00e0 vendre\",\"isPartOf\":{\"@id\":\"https:\/\/herbelegale.com\/#website\"},\"primaryImageOfPage\":{\"@id\":\"https:\/\/herbelegale.com\/product\/pop-rox\/#primaryimage\"},\"image\":{\"@id\":\"https:\/\/herbelegale.com\/product\/pop-rox\/#primaryimage\"},\"thumbnailUrl\":\"https:\/\/herbelegale.com\/wp-content\/uploads\/2023\/09\/Pop-Rox-2.jpg\",\"datePublished\":\"2023-09-22T08:49:48+00:00\",\"dateModified\":\"2025-06-17T06:27:01+00:00\",\"description\":\"Si vous souhaitez acheter du Pop Rox, nous sommes le bon choix pour vous. Notre personnel vous aidera \u00e0 acheter du Pop Rox en ligne \u00e0 des prix avantageux. Passez votre commande chez nous !\",\"breadcrumb\":{\"@id\":\"https:\/\/herbelegale.com\/product\/pop-rox\/#breadcrumb\"},\"inLanguage\":\"da-DK\",\"potentialAction\":[{\"@type\":\"ReadAction\",\"target\":[\"https:\/\/herbelegale.com\/product\/pop-rox\/\"]}]},{\"@type\":\"ImageObject\",\"inLanguage\":\"da-DK\",\"@id\":\"https:\/\/herbelegale.com\/product\/pop-rox\/#primaryimage\",\"url\":\"https:\/\/herbelegale.com\/wp-content\/uploads\/2023\/09\/Pop-Rox-2.jpg\",\"contentUrl\":\"https:\/\/herbelegale.com\/wp-content\/uploads\/2023\/09\/Pop-Rox-2.jpg\",\"width\":960,\"height\":1280,\"caption\":\"Pop Rox\"},{\"@type\":\"BreadcrumbList\",\"@id\":\"https:\/\/herbelegale.com\/product\/pop-rox\/#breadcrumb\",\"itemListElement\":[{\"@type\":\"ListItem\",\"position\":1,\"name\":\"Home\",\"item\":\"https:\/\/herbelegale.com\/\"},{\"@type\":\"ListItem\",\"position\":2,\"name\":\"Boutique\",\"item\":\"https:\/\/herbelegale.com\/boutique\/\"},{\"@type\":\"ListItem\",\"position\":3,\"name\":\"Pop Rox\"}]},{\"@type\":\"WebSite\",\"@id\":\"https:\/\/herbelegale.com\/#website\",\"url\":\"https:\/\/herbelegale.com\/\",\"name\":\"Herbe L\u00e9gale\",\"description\":\"Acheter de l&#039;herbe en ligne\",\"publisher\":{\"@id\":\"https:\/\/herbelegale.com\/#organization\"},\"potentialAction\":[{\"@type\":\"SearchAction\",\"target\":{\"@type\":\"EntryPoint\",\"urlTemplate\":\"https:\/\/herbelegale.com\/?s={search_term_string}\"},\"query-input\":{\"@type\":\"PropertyValueSpecification\",\"valueRequired\":true,\"valueName\":\"search_term_string\"}}],\"inLanguage\":\"da-DK\"},{\"@type\":\"Organization\",\"@id\":\"https:\/\/herbelegale.com\/#organization\",\"name\":\"Herbe L\u00e9gale\",\"url\":\"https:\/\/herbelegale.com\/\",\"logo\":{\"@type\":\"ImageObject\",\"inLanguage\":\"da-DK\",\"@id\":\"https:\/\/herbelegale.com\/#\/schema\/logo\/image\/\",\"url\":\"https:\/\/herbelegale.com\/wp-content\/uploads\/2023\/10\/logo-1.png\",\"contentUrl\":\"https:\/\/herbelegale.com\/wp-content\/uploads\/2023\/10\/logo-1.png\",\"width\":400,\"height\":120,\"caption\":\"Herbe L\u00e9gale\"},\"image\":{\"@id\":\"https:\/\/herbelegale.com\/#\/schema\/logo\/image\/\"}}]}<\/script>\n<!-- \/ Yoast SEO plugin. -->","yoast_head_json":{"title":"Achetez Pop Rox en ligne - Pop Rox \u00e0 vendre","description":"Si vous souhaitez acheter du Pop Rox, nous sommes le bon choix pour vous. Notre personnel vous aidera \u00e0 acheter du Pop Rox en ligne \u00e0 des prix avantageux. Passez votre commande chez nous !","robots":{"index":"index","follow":"follow","max-snippet":"max-snippet:-1","max-image-preview":"max-image-preview:large","max-video-preview":"max-video-preview:-1"},"canonical":"https:\/\/herbelegale.com\/da\/product\/pop-rox\/","og_locale":"da_DK","og_type":"article","og_title":"Achetez Pop Rox en ligne - Pop Rox \u00e0 vendre","og_description":"Si vous souhaitez acheter du Pop Rox, nous sommes le bon choix pour vous. Notre personnel vous aidera \u00e0 acheter du Pop Rox en ligne \u00e0 des prix avantageux. Passez votre commande chez nous !","og_url":"https:\/\/herbelegale.com\/da\/product\/pop-rox\/","og_site_name":"Herbe L\u00e9gale","article_modified_time":"2025-06-17T06:27:01+00:00","og_image":[{"width":960,"height":1280,"url":"https:\/\/herbelegale.com\/wp-content\/uploads\/2023\/09\/Pop-Rox-2.jpg","type":"image\/jpeg"}],"twitter_card":"summary_large_image","twitter_misc":{"Estimeret l\u00e6setid":"3 minutter"},"schema":{"@context":"https:\/\/schema.org","@graph":[{"@type":"WebPage","@id":"https:\/\/herbelegale.com\/product\/pop-rox\/","url":"https:\/\/herbelegale.com\/product\/pop-rox\/","name":"Achetez Pop Rox en ligne - Pop Rox \u00e0 vendre","isPartOf":{"@id":"https:\/\/herbelegale.com\/#website"},"primaryImageOfPage":{"@id":"https:\/\/herbelegale.com\/product\/pop-rox\/#primaryimage"},"image":{"@id":"https:\/\/herbelegale.com\/product\/pop-rox\/#primaryimage"},"thumbnailUrl":"https:\/\/herbelegale.com\/wp-content\/uploads\/2023\/09\/Pop-Rox-2.jpg","datePublished":"2023-09-22T08:49:48+00:00","dateModified":"2025-06-17T06:27:01+00:00","description":"Si vous souhaitez acheter du Pop Rox, nous sommes le bon choix pour vous. Notre personnel vous aidera \u00e0 acheter du Pop Rox en ligne \u00e0 des prix avantageux. Passez votre commande chez nous !","breadcrumb":{"@id":"https:\/\/herbelegale.com\/product\/pop-rox\/#breadcrumb"},"inLanguage":"da-DK","potentialAction":[{"@type":"ReadAction","target":["https:\/\/herbelegale.com\/product\/pop-rox\/"]}]},{"@type":"ImageObject","inLanguage":"da-DK","@id":"https:\/\/herbelegale.com\/product\/pop-rox\/#primaryimage","url":"https:\/\/herbelegale.com\/wp-content\/uploads\/2023\/09\/Pop-Rox-2.jpg","contentUrl":"https:\/\/herbelegale.com\/wp-content\/uploads\/2023\/09\/Pop-Rox-2.jpg","width":960,"height":1280,"caption":"Pop Rox"},{"@type":"BreadcrumbList","@id":"https:\/\/herbelegale.com\/product\/pop-rox\/#breadcrumb","itemListElement":[{"@type":"ListItem","position":1,"name":"Home","item":"https:\/\/herbelegale.com\/"},{"@type":"ListItem","position":2,"name":"Boutique","item":"https:\/\/herbelegale.com\/boutique\/"},{"@type":"ListItem","position":3,"name":"Pop Rox"}]},{"@type":"WebSite","@id":"https:\/\/herbelegale.com\/#website","url":"https:\/\/herbelegale.com\/","name":"Herbe L\u00e9gale","description":"Acheter de l&#039;herbe en ligne","publisher":{"@id":"https:\/\/herbelegale.com\/#organization"},"potentialAction":[{"@type":"SearchAction","target":{"@type":"EntryPoint","urlTemplate":"https:\/\/herbelegale.com\/?s={search_term_string}"},"query-input":{"@type":"PropertyValueSpecification","valueRequired":true,"valueName":"search_term_string"}}],"inLanguage":"da-DK"},{"@type":"Organization","@id":"https:\/\/herbelegale.com\/#organization","name":"Herbe L\u00e9gale","url":"https:\/\/herbelegale.com\/","logo":{"@type":"ImageObject","inLanguage":"da-DK","@id":"https:\/\/herbelegale.com\/#\/schema\/logo\/image\/","url":"https:\/\/herbelegale.com\/wp-content\/uploads\/2023\/10\/logo-1.png","contentUrl":"https:\/\/herbelegale.com\/wp-content\/uploads\/2023\/10\/logo-1.png","width":400,"height":120,"caption":"Herbe L\u00e9gale"},"image":{"@id":"https:\/\/herbelegale.com\/#\/schema\/logo\/image\/"}}]}},"_links":{"self":[{"href":"https:\/\/herbelegale.com\/da\/wp-json\/wp\/v2\/product\/41","targetHints":{"allow":["GET"]}}],"collection":[{"href":"https:\/\/herbelegale.com\/da\/wp-json\/wp\/v2\/product"}],"about":[{"href":"https:\/\/herbelegale.com\/da\/wp-json\/wp\/v2\/types\/product"}],"replies":[{"embeddable":true,"href":"https:\/\/herbelegale.com\/da\/wp-json\/wp\/v2\/comments?post=41"}],"wp:featuredmedia":[{"embeddable":true,"href":"https:\/\/herbelegale.com\/da\/wp-json\/wp\/v2\/media\/350"}],"wp:attachment":[{"href":"https:\/\/herbelegale.com\/da\/wp-json\/wp\/v2\/media?parent=41"}],"wp:term":[{"taxonomy":"product_brand","embeddable":true,"href":"https:\/\/herbelegale.com\/da\/wp-json\/wp\/v2\/product_brand?post=41"},{"taxonomy":"product_cat","embeddable":true,"href":"https:\/\/herbelegale.com\/da\/wp-json\/wp\/v2\/product_cat?post=41"},{"taxonomy":"product_tag","embeddable":true,"href":"https:\/\/herbelegale.com\/da\/wp-json\/wp\/v2\/product_tag?post=41"}],"curies":[{"name":"wp","href":"https:\/\/api.w.org\/{rel}","templated":true}]}}