{"id":1391,"date":"2023-09-30T10:46:42","date_gmt":"2023-09-30T10:46:42","guid":{"rendered":"https:\/\/nembutalhouse.com\/weed\/?post_type=product&#038;p=1391"},"modified":"2025-07-19T12:31:13","modified_gmt":"2025-07-19T12:31:13","slug":"sour-diesel-cannabis-oil","status":"publish","type":"product","link":"https:\/\/herbelegale.com\/da\/product\/sour-diesel-cannabis-oil\/","title":{"rendered":"Sur diesel-cannabisolie"},"content":{"rendered":"<h2><b>Sour Diesel Cannabis Oil \u2013 For ren energi og \u00f8jeblikkelig lindring<\/b><\/h2>\n<p><a href=\"https:\/\/herbelegale.com\/da\/product\/sour-diesel-cannabis-oil\/\">L&rsquo;Huile de Cannabis Sour Diesel<\/a> er et koncentreret cannabisekstrakt af h\u00f8j kvalitet fra den popul\u00e6re Sour Diesel-sort, kendt for sine energigivende og hum\u00f8rforst\u00e6rkende effekter. Denne olie er en ideel l\u00f8sning for dem, der \u00f8nsker at kombinere en energisk effekt og samtidig drage fordel af cannabis' terapeutiske fordele, is\u00e6r til at bek\u00e6mpe stress, tr\u00e6thed og andre daglige lidelser. Uanset om du er en lejlighedsvis forbruger eller en erfaren kender, vil Sour Diesel-olie opfylde dine forventninger med sin kraft og sine fordele.<\/p>\n<h3><b>Hvad er sur diesel cannabisolie?<\/b><\/h3>\n<p><a href=\"https:\/\/en.wikipedia.org\/wiki\/Sour_Diesel\">L&rsquo;huile Sour Diesel<\/a> er et koncentreret ekstrakt af Sour Diesel-sorten, en sativa-sort, der er h\u00f8jt v\u00e6rdsat i cannabisverdenen for sin citronsmag og stimulerende effekt. Denne olie er udvundet af cannabis-trichomer, hvilket giver en h\u00f8j koncentration af THC og CBD, hvilket giver kraftige og langvarige effekter. Den er ideel for dem, der s\u00f8ger en energigivende oplevelse og forbedret koncentration. Sur dieselolie kan bruges p\u00e5 en r\u00e6kke forskellige m\u00e5der, herunder sublingualt, i kapsler eller endda i en vaporizer.<\/p>\n<h3><b>Almindelige anvendelser og virkninger af sur dieselolie<\/b><\/h3>\n<p><b>Typiske effekter:<\/b><\/p>\n<ul>\n<li style=\"font-weight: 400;\" aria-level=\"1\">Energiboost og hum\u00f8rforbedring&nbsp;<\/li>\n<li style=\"font-weight: 400;\" aria-level=\"1\">En reduktion i stress og angst&nbsp;<\/li>\n<li style=\"font-weight: 400;\" aria-level=\"1\">Forbedret koncentration og produktivitet&nbsp;<\/li>\n<li style=\"font-weight: 400;\" aria-level=\"1\">Lindring af kroniske smerter eller s\u00f8vnl\u00f8shed&nbsp;<\/li>\n<li style=\"font-weight: 400;\" aria-level=\"1\">Euforisk og forfriskende effekt&nbsp;<\/li>\n<\/ul>\n<h3><b>Forbrugsmetoder:<\/b><\/h3>\n<ul>\n<li style=\"font-weight: 400;\" aria-level=\"1\">Under tungen (for hurtig absorption)&nbsp;<\/li>\n<li style=\"font-weight: 400;\" aria-level=\"1\">Blandet med mad eller drikke&nbsp;<\/li>\n<li style=\"font-weight: 400;\" aria-level=\"1\">Vaporisation (utilisation d'un vaporisateur kompatibel)&nbsp;<\/li>\n<li style=\"font-weight: 400;\" aria-level=\"1\">I kapsel (for nem dosisstyring)&nbsp;<\/li>\n<\/ul>\n<h3><b>Juridisk status: en ramme, der varierer afh\u00e6ngigt af regionen<\/b><\/h3>\n<p>Den juridiske status for Sour Diesel cannabisolie varierer meget afh\u00e6ngigt af region eller land. I nogle jurisdiktioner er brugen af olien fuldst\u00e6ndig lovlig, mens den i andre er strengt reguleret. K\u00f8b, salg og forbrug af cannabis er derfor underlagt specifikke lokale love.<\/p>\n<p>Tip: F\u00f8r du bestiller Sour Diesel-olie online, skal du s\u00f8rge for at kende de lokale love vedr\u00f8rende salg og forbrug af cannabis.<\/p>\n<h3><b>Hvorfor k\u00f8be Sour Diesel cannabisolie online?<\/b><\/h3>\n<p><b>Tilg\u00e6ngelighed<\/b><\/p>\n<p>At k\u00f8be Sour Diesel-olie online giver dig uovertruffen bekvemmelighed. Du kan f\u00e5 adgang til kvalitetsprodukter uden at forlade dit hjem, og du kan nemt sammenligne priser og kvaliteter. Det er ogs\u00e5 en god m\u00e5de at omg\u00e5 geografiske begr\u00e6nsninger for at f\u00e5 premium-produkter.<\/p>\n<p><b>Mangfoldighed af s\u00e6lgere<\/b><\/p>\n<p>P\u00e5 internettet finder du et bredt udvalg af specialiserede s\u00e6lgere, der tilbyder Sour Diesel cannabisolie, med produkter af varierende kvalitet og pris. Dette giver dig mulighed for at finde den ideelle Sour Diesel-olie til en pris, der passer til dit budget, samtidig med at du har adgang til detaljerede oplysninger om produktets oprindelse og sammens\u00e6tning.<\/p>\n<p><b>Diskret og sikker levering<\/b><\/p>\n<p>De bedste platforme tilbyder diskret levering med enkel emballage, der sikrer, at dine k\u00f8b forbliver private. Derudover tilbyder mange websteder ekspreslevering samt pr\u00e6cis ordresporing.<\/p>\n<h3><b>Hvordan v\u00e6lger man en p\u00e5lidelig s\u00e6lger til at bestille Sour Diesel cannabisolie online?<\/b><\/h3>\n<p>For at sikre en vellykket shoppingoplevelse og undg\u00e5 ubehagelige overraskelser, er her nogle kriterier, du skal overveje, n\u00e5r du v\u00e6lger din onlineforhandler:<\/p>\n<ol>\n<li style=\"font-weight: 400;\" aria-level=\"1\">Tjek s\u00e6lgerens omd\u00f8mme, l\u00e6s kundeanmeldelser, og s\u00f8g efter anbefalinger p\u00e5 fora eller forbrugergrupper.&nbsp;<\/li>\n<li style=\"font-weight: 400;\" aria-level=\"1\">Produkttransparens: S\u00f8rg for, at s\u00e6lgeren giver detaljerede oplysninger om oliens kilde, THC- og CBD-indhold samt udvindingsprocessen.&nbsp;<\/li>\n<li style=\"font-weight: 400;\" aria-level=\"1\">Betalingssikkerhed: V\u00e6lg websteder med betalingssikkerhed for at beskytte dine bankdata.&nbsp;<\/li>\n<li style=\"font-weight: 400;\" aria-level=\"1\">Forsendelses- og returpolitik: Tjek returpolitikker og diskrete leveringsmuligheder<span style=\"font-weight: 400;\"> pour garantir un achat sans tracas.<\/span><\/li>\n<\/ol>\n<h3><b>Ekspeditionspolitik<\/b><\/h3>\n<p>Velrenommerede websteder tilbyder hurtig levering med detaljeret ordresporing. Du kan ogs\u00e5 v\u00e6lge diskrete leveringsmuligheder, hvilket sikrer fortroligheden af dine k\u00f8b. Nogle s\u00e6lgere tilbyder endda reduceret eller gratis fragt, afh\u00e6ngigt af ordrebel\u00f8bet.<\/p>\n<h3><b>Risici og forholdsregler, der skal tages<\/b><\/h3>\n<p>Selvom sur dieselolie er et naturprodukt, er der nogle risici forbundet med overdrevent forbrug, herunder:<\/p>\n<ul>\n<li style=\"font-weight: 400;\" aria-level=\"1\">Overdreven s\u00f8vnighed eller tr\u00e6thed&nbsp;<\/li>\n<li style=\"font-weight: 400;\" aria-level=\"1\">Ansia o paranoia nelle persone sensibili&nbsp;<\/li>\n<li style=\"font-weight: 400;\" aria-level=\"1\">Interazioni con alcuni farmaci<span style=\"font-weight: 400;\"> (is\u00e6r for personer, der er under medicinsk behandling)<\/span>&nbsp;<\/li>\n<\/ul>\n<h3><b>Forholdsregler at tage:<\/b><\/h3>\n<ul>\n<li style=\"font-weight: 400;\" aria-level=\"1\">Start med en lille dosis, is\u00e6r hvis du er nybegynder&nbsp;<\/li>\n<li style=\"font-weight: 400;\" aria-level=\"1\">Non guidare dopo aver bevuto&nbsp;<\/li>\n<li style=\"font-weight: 400;\" aria-level=\"1\">Kontakt en sundhedsperson, hvis du har bekymringer om brugen af cannabisprodukter, is\u00e6r hvis du er gravid, ammer eller tager medicin.&nbsp;<\/li>\n<\/ul>\n<h3><b>Konklusion: Giv din dag energi med sur dieselolie<\/b><\/h3>\n<p>Sour Diesel Cannabis Oil er en god mulighed for dem, der leder efter en energigivende oplevelse med \u00f8jeblikkelige og langvarige effekter. Takket v\u00e6re dens effektivitet og terapeutiske fordele er den ideel til at lindre stress og \u00f8ge koncentrationen. K\u00f8b af Sour Diesel-olie online giver dig nem adgang til et kvalitetsprodukt, der leveres direkte til din d\u00f8r i diskret emballage.<\/p>","protected":false},"excerpt":{"rendered":"<p>Huile de Cannabis Sour Diesel \u2013 Pour une \u00c9nergie Pure et un Soulagement Instantan\u00e9 L&rsquo;Huile de Cannabis Sour Diesel est un extrait de cannabis concentr\u00e9 de haute qualit\u00e9, provenant de la c\u00e9l\u00e8bre vari\u00e9t\u00e9 Sour Diesel, connue pour ses effets \u00e9nergisants et stimulateurs d&rsquo;humeur. Cette huile est une solution id\u00e9ale pour ceux qui cherchent \u00e0 combiner&#8230;<\/p>","protected":false},"featured_media":1410,"comment_status":"open","ping_status":"closed","template":"","meta":{"_kadence_starter_templates_imported_post":false,"_kad_post_transparent":"default","_kad_post_title":"","_kad_post_layout":"default","_kad_post_sidebar_id":"","_kad_post_content_style":"default","_kad_post_vertical_padding":"default","_kad_post_feature":"","_kad_post_feature_position":"","_kad_post_header":false,"_kad_post_footer":false,"_joinchat":[]},"product_brand":[],"product_cat":[30],"product_tag":[],"class_list":{"0":"post-1391","1":"product","2":"type-product","3":"status-publish","4":"has-post-thumbnail","6":"product_cat-huile-de-cannabis-thc","8":"first","9":"instock","10":"shipping-taxable","11":"purchasable","12":"product-type-variable","13":"entry","14":"content-bg","15":"loop-entry"},"yoast_head":"<!-- This site is optimized with the Yoast SEO plugin v23.5 - https:\/\/yoast.com\/wordpress\/plugins\/seo\/ -->\n<title>Acheter de l&#039;huile de cannabis Skywalker OG en ligne<\/title>\n<meta name=\"description\" content=\"Vous souhaitez acheter de l&#039;huile de cannabis Skywalker OG en ligne \u00e0 un prix raisonnable ? Visitez notre magasin de produits chimiques en ligne r\u00e9put\u00e9 et achetez de l&#039;huile de cannabis Skywalker OG en vente d\u00e8s aujourd&#039;hui. Passez une commande maintenant et obtenez le meilleur tarif dans notre magasin.\" \/>\n<meta name=\"robots\" content=\"index, follow, max-snippet:-1, max-image-preview:large, max-video-preview:-1\" \/>\n<link rel=\"canonical\" href=\"https:\/\/herbelegale.com\/da\/product\/sour-diesel-cannabis-oil\/\" \/>\n<meta property=\"og:locale\" content=\"da_DK\" \/>\n<meta property=\"og:type\" content=\"article\" \/>\n<meta property=\"og:title\" content=\"Acheter de l&#039;huile de cannabis Skywalker OG en ligne\" \/>\n<meta property=\"og:description\" content=\"Vous souhaitez acheter de l&#039;huile de cannabis Skywalker OG en ligne \u00e0 un prix raisonnable ? Visitez notre magasin de produits chimiques en ligne r\u00e9put\u00e9 et achetez de l&#039;huile de cannabis Skywalker OG en vente d\u00e8s aujourd&#039;hui. Passez une commande maintenant et obtenez le meilleur tarif dans notre magasin.\" \/>\n<meta property=\"og:url\" content=\"https:\/\/herbelegale.com\/da\/product\/sour-diesel-cannabis-oil\/\" \/>\n<meta property=\"og:site_name\" content=\"Herbe L\u00e9gale\" \/>\n<meta property=\"article:modified_time\" content=\"2025-07-19T12:31:13+00:00\" \/>\n<meta property=\"og:image\" content=\"https:\/\/herbelegale.com\/wp-content\/uploads\/2023\/09\/Sour-Diesel-Cannabis-Oil.jpg\" \/>\n\t<meta property=\"og:image:width\" content=\"600\" \/>\n\t<meta property=\"og:image:height\" content=\"600\" \/>\n\t<meta property=\"og:image:type\" content=\"image\/jpeg\" \/>\n<meta name=\"twitter:card\" content=\"summary_large_image\" \/>\n<meta name=\"twitter:label1\" content=\"Estimeret l\u00e6setid\" \/>\n\t<meta name=\"twitter:data1\" content=\"5 minutter\" \/>\n<script type=\"application\/ld+json\" class=\"yoast-schema-graph\">{\"@context\":\"https:\/\/schema.org\",\"@graph\":[{\"@type\":\"WebPage\",\"@id\":\"https:\/\/herbelegale.com\/product\/sour-diesel-cannabis-oil\/\",\"url\":\"https:\/\/herbelegale.com\/product\/sour-diesel-cannabis-oil\/\",\"name\":\"Acheter de l'huile de cannabis Skywalker OG en ligne\",\"isPartOf\":{\"@id\":\"https:\/\/herbelegale.com\/#website\"},\"primaryImageOfPage\":{\"@id\":\"https:\/\/herbelegale.com\/product\/sour-diesel-cannabis-oil\/#primaryimage\"},\"image\":{\"@id\":\"https:\/\/herbelegale.com\/product\/sour-diesel-cannabis-oil\/#primaryimage\"},\"thumbnailUrl\":\"https:\/\/herbelegale.com\/wp-content\/uploads\/2023\/09\/Sour-Diesel-Cannabis-Oil.jpg\",\"datePublished\":\"2023-09-30T10:46:42+00:00\",\"dateModified\":\"2025-07-19T12:31:13+00:00\",\"description\":\"Vous souhaitez acheter de l'huile de cannabis Skywalker OG en ligne \u00e0 un prix raisonnable ? Visitez notre magasin de produits chimiques en ligne r\u00e9put\u00e9 et achetez de l'huile de cannabis Skywalker OG en vente d\u00e8s aujourd'hui. Passez une commande maintenant et obtenez le meilleur tarif dans notre magasin.\",\"breadcrumb\":{\"@id\":\"https:\/\/herbelegale.com\/product\/sour-diesel-cannabis-oil\/#breadcrumb\"},\"inLanguage\":\"da-DK\",\"potentialAction\":[{\"@type\":\"ReadAction\",\"target\":[\"https:\/\/herbelegale.com\/product\/sour-diesel-cannabis-oil\/\"]}]},{\"@type\":\"ImageObject\",\"inLanguage\":\"da-DK\",\"@id\":\"https:\/\/herbelegale.com\/product\/sour-diesel-cannabis-oil\/#primaryimage\",\"url\":\"https:\/\/herbelegale.com\/wp-content\/uploads\/2023\/09\/Sour-Diesel-Cannabis-Oil.jpg\",\"contentUrl\":\"https:\/\/herbelegale.com\/wp-content\/uploads\/2023\/09\/Sour-Diesel-Cannabis-Oil.jpg\",\"width\":600,\"height\":600,\"caption\":\"Sour-Diesel-Cannabis-Oil\"},{\"@type\":\"BreadcrumbList\",\"@id\":\"https:\/\/herbelegale.com\/product\/sour-diesel-cannabis-oil\/#breadcrumb\",\"itemListElement\":[{\"@type\":\"ListItem\",\"position\":1,\"name\":\"Home\",\"item\":\"https:\/\/herbelegale.com\/\"},{\"@type\":\"ListItem\",\"position\":2,\"name\":\"Boutique\",\"item\":\"https:\/\/herbelegale.com\/boutique\/\"},{\"@type\":\"ListItem\",\"position\":3,\"name\":\"Sour Diesel Cannabis Oil\"}]},{\"@type\":\"WebSite\",\"@id\":\"https:\/\/herbelegale.com\/#website\",\"url\":\"https:\/\/herbelegale.com\/\",\"name\":\"Herbe L\u00e9gale\",\"description\":\"Acheter de l&#039;herbe en ligne\",\"publisher\":{\"@id\":\"https:\/\/herbelegale.com\/#organization\"},\"potentialAction\":[{\"@type\":\"SearchAction\",\"target\":{\"@type\":\"EntryPoint\",\"urlTemplate\":\"https:\/\/herbelegale.com\/?s={search_term_string}\"},\"query-input\":{\"@type\":\"PropertyValueSpecification\",\"valueRequired\":true,\"valueName\":\"search_term_string\"}}],\"inLanguage\":\"da-DK\"},{\"@type\":\"Organization\",\"@id\":\"https:\/\/herbelegale.com\/#organization\",\"name\":\"Herbe L\u00e9gale\",\"url\":\"https:\/\/herbelegale.com\/\",\"logo\":{\"@type\":\"ImageObject\",\"inLanguage\":\"da-DK\",\"@id\":\"https:\/\/herbelegale.com\/#\/schema\/logo\/image\/\",\"url\":\"https:\/\/herbelegale.com\/wp-content\/uploads\/2023\/10\/logo-1.png\",\"contentUrl\":\"https:\/\/herbelegale.com\/wp-content\/uploads\/2023\/10\/logo-1.png\",\"width\":400,\"height\":120,\"caption\":\"Herbe L\u00e9gale\"},\"image\":{\"@id\":\"https:\/\/herbelegale.com\/#\/schema\/logo\/image\/\"}}]}<\/script>\n<!-- \/ Yoast SEO plugin. -->","yoast_head_json":{"title":"Acheter de l'huile de cannabis Skywalker OG en ligne","description":"Vous souhaitez acheter de l'huile de cannabis Skywalker OG en ligne \u00e0 un prix raisonnable ? Visitez notre magasin de produits chimiques en ligne r\u00e9put\u00e9 et achetez de l'huile de cannabis Skywalker OG en vente d\u00e8s aujourd'hui. Passez une commande maintenant et obtenez le meilleur tarif dans notre magasin.","robots":{"index":"index","follow":"follow","max-snippet":"max-snippet:-1","max-image-preview":"max-image-preview:large","max-video-preview":"max-video-preview:-1"},"canonical":"https:\/\/herbelegale.com\/da\/product\/sour-diesel-cannabis-oil\/","og_locale":"da_DK","og_type":"article","og_title":"Acheter de l'huile de cannabis Skywalker OG en ligne","og_description":"Vous souhaitez acheter de l'huile de cannabis Skywalker OG en ligne \u00e0 un prix raisonnable ? Visitez notre magasin de produits chimiques en ligne r\u00e9put\u00e9 et achetez de l'huile de cannabis Skywalker OG en vente d\u00e8s aujourd'hui. Passez une commande maintenant et obtenez le meilleur tarif dans notre magasin.","og_url":"https:\/\/herbelegale.com\/da\/product\/sour-diesel-cannabis-oil\/","og_site_name":"Herbe L\u00e9gale","article_modified_time":"2025-07-19T12:31:13+00:00","og_image":[{"width":600,"height":600,"url":"https:\/\/herbelegale.com\/wp-content\/uploads\/2023\/09\/Sour-Diesel-Cannabis-Oil.jpg","type":"image\/jpeg"}],"twitter_card":"summary_large_image","twitter_misc":{"Estimeret l\u00e6setid":"5 minutter"},"schema":{"@context":"https:\/\/schema.org","@graph":[{"@type":"WebPage","@id":"https:\/\/herbelegale.com\/product\/sour-diesel-cannabis-oil\/","url":"https:\/\/herbelegale.com\/product\/sour-diesel-cannabis-oil\/","name":"Acheter de l'huile de cannabis Skywalker OG en ligne","isPartOf":{"@id":"https:\/\/herbelegale.com\/#website"},"primaryImageOfPage":{"@id":"https:\/\/herbelegale.com\/product\/sour-diesel-cannabis-oil\/#primaryimage"},"image":{"@id":"https:\/\/herbelegale.com\/product\/sour-diesel-cannabis-oil\/#primaryimage"},"thumbnailUrl":"https:\/\/herbelegale.com\/wp-content\/uploads\/2023\/09\/Sour-Diesel-Cannabis-Oil.jpg","datePublished":"2023-09-30T10:46:42+00:00","dateModified":"2025-07-19T12:31:13+00:00","description":"Vous souhaitez acheter de l'huile de cannabis Skywalker OG en ligne \u00e0 un prix raisonnable ? Visitez notre magasin de produits chimiques en ligne r\u00e9put\u00e9 et achetez de l'huile de cannabis Skywalker OG en vente d\u00e8s aujourd'hui. Passez une commande maintenant et obtenez le meilleur tarif dans notre magasin.","breadcrumb":{"@id":"https:\/\/herbelegale.com\/product\/sour-diesel-cannabis-oil\/#breadcrumb"},"inLanguage":"da-DK","potentialAction":[{"@type":"ReadAction","target":["https:\/\/herbelegale.com\/product\/sour-diesel-cannabis-oil\/"]}]},{"@type":"ImageObject","inLanguage":"da-DK","@id":"https:\/\/herbelegale.com\/product\/sour-diesel-cannabis-oil\/#primaryimage","url":"https:\/\/herbelegale.com\/wp-content\/uploads\/2023\/09\/Sour-Diesel-Cannabis-Oil.jpg","contentUrl":"https:\/\/herbelegale.com\/wp-content\/uploads\/2023\/09\/Sour-Diesel-Cannabis-Oil.jpg","width":600,"height":600,"caption":"Sour-Diesel-Cannabis-Oil"},{"@type":"BreadcrumbList","@id":"https:\/\/herbelegale.com\/product\/sour-diesel-cannabis-oil\/#breadcrumb","itemListElement":[{"@type":"ListItem","position":1,"name":"Home","item":"https:\/\/herbelegale.com\/"},{"@type":"ListItem","position":2,"name":"Boutique","item":"https:\/\/herbelegale.com\/boutique\/"},{"@type":"ListItem","position":3,"name":"Sour Diesel Cannabis Oil"}]},{"@type":"WebSite","@id":"https:\/\/herbelegale.com\/#website","url":"https:\/\/herbelegale.com\/","name":"Herbe L\u00e9gale","description":"Acheter de l&#039;herbe en ligne","publisher":{"@id":"https:\/\/herbelegale.com\/#organization"},"potentialAction":[{"@type":"SearchAction","target":{"@type":"EntryPoint","urlTemplate":"https:\/\/herbelegale.com\/?s={search_term_string}"},"query-input":{"@type":"PropertyValueSpecification","valueRequired":true,"valueName":"search_term_string"}}],"inLanguage":"da-DK"},{"@type":"Organization","@id":"https:\/\/herbelegale.com\/#organization","name":"Herbe L\u00e9gale","url":"https:\/\/herbelegale.com\/","logo":{"@type":"ImageObject","inLanguage":"da-DK","@id":"https:\/\/herbelegale.com\/#\/schema\/logo\/image\/","url":"https:\/\/herbelegale.com\/wp-content\/uploads\/2023\/10\/logo-1.png","contentUrl":"https:\/\/herbelegale.com\/wp-content\/uploads\/2023\/10\/logo-1.png","width":400,"height":120,"caption":"Herbe L\u00e9gale"},"image":{"@id":"https:\/\/herbelegale.com\/#\/schema\/logo\/image\/"}}]}},"_links":{"self":[{"href":"https:\/\/herbelegale.com\/da\/wp-json\/wp\/v2\/product\/1391","targetHints":{"allow":["GET"]}}],"collection":[{"href":"https:\/\/herbelegale.com\/da\/wp-json\/wp\/v2\/product"}],"about":[{"href":"https:\/\/herbelegale.com\/da\/wp-json\/wp\/v2\/types\/product"}],"replies":[{"embeddable":true,"href":"https:\/\/herbelegale.com\/da\/wp-json\/wp\/v2\/comments?post=1391"}],"wp:featuredmedia":[{"embeddable":true,"href":"https:\/\/herbelegale.com\/da\/wp-json\/wp\/v2\/media\/1410"}],"wp:attachment":[{"href":"https:\/\/herbelegale.com\/da\/wp-json\/wp\/v2\/media?parent=1391"}],"wp:term":[{"taxonomy":"product_brand","embeddable":true,"href":"https:\/\/herbelegale.com\/da\/wp-json\/wp\/v2\/product_brand?post=1391"},{"taxonomy":"product_cat","embeddable":true,"href":"https:\/\/herbelegale.com\/da\/wp-json\/wp\/v2\/product_cat?post=1391"},{"taxonomy":"product_tag","embeddable":true,"href":"https:\/\/herbelegale.com\/da\/wp-json\/wp\/v2\/product_tag?post=1391"}],"curies":[{"name":"wp","href":"https:\/\/api.w.org\/{rel}","templated":true}]}}