{"id":1390,"date":"2023-09-30T10:46:45","date_gmt":"2023-09-30T10:46:45","guid":{"rendered":"https:\/\/nembutalhouse.com\/weed\/?post_type=product&#038;p=1390"},"modified":"2025-07-19T12:32:52","modified_gmt":"2025-07-19T12:32:52","slug":"tahoe-og-cannabis-oil","status":"publish","type":"product","link":"https:\/\/herbelegale.com\/da\/product\/tahoe-og-cannabis-oil\/","title":{"rendered":"Tahoe OG cannabisolie"},"content":{"rendered":"<h2><b>Tahoe OG Cannabisolie \u2013 Afslapning og ro i \u00e9n flaske<\/b><\/h2>\n<h3><b>Introduktion til Tahoe OG cannabisolie<\/b><\/h3>\n<p><a href=\"https:\/\/herbelegale.com\/da\/product\/tahoe-og-cannabis-oil\/\">Tahoe OG cannabisolie<\/a> er et koncentreret ekstrakt af Tahoe OG-stammen, en hybridstamme, der er popul\u00e6r for sine beroligende og afslappende virkninger. Denne olie, der er kendt for sine kraftfulde terapeutiske egenskaber, er ideel til dem, der \u00f8nsker at lindre stress, angst samt kroniske smerter. Hvis du leder efter en olie, der b\u00e5de giver afslapning og en mild euforisk effekt, er Tahoe OG-olie et perfekt valg.<\/p>\n<h3><b>Hvad er Tahoe OG cannabisolie?<\/b><\/h3>\n<p><a href=\"https:\/\/en.wikipedia.org\/wiki\/Hash_oil\">Tahoe OG cannabisolie<\/a> er et koncentreret ekstrakt udvundet af Tahoe OG-stammen, en hybrid kendt for sine dybt afslappende og beroligende virkninger. Det bruges ofte for dets medicinske egenskaber, is\u00e6r til at lindre smerter og reducere stress. Dette naturprodukt er rigt p\u00e5 THC og CBD, to cannabinoider, der er ansvarlige for st\u00f8rstedelen af dets terapeutiske virkninger. Olien udvindes gennem en avanceret ekstraktionsproces, der muligg\u00f8r maksimal smag og styrke.<\/p>\n<h3><b>Almindelige anvendelser og virkninger af Tahoe OG-olie<\/b><\/h3>\n<p><b>Hovedeffekter:<\/b><\/p>\n<ul>\n<li style=\"font-weight: 400;\" aria-level=\"1\">Dyb afslapning af krop og sind&nbsp;<\/li>\n<li style=\"font-weight: 400;\" aria-level=\"1\">Lindring af kroniske smerter eller s\u00f8vnl\u00f8shed&nbsp;<\/li>\n<li style=\"font-weight: 400;\" aria-level=\"1\">En reduktion i stress og angst&nbsp;<\/li>\n<li style=\"font-weight: 400;\" aria-level=\"1\">Am\u00e9lioration du sommeil (anti-s\u00f8vnl\u00f8shed)&nbsp;<\/li>\n<li style=\"font-weight: 400;\" aria-level=\"1\">Let, beroligende og behagelig euforisk effekt&nbsp;<\/li>\n<\/ul>\n<h3><b>Forbrugsmetoder:<\/b><\/h3>\n<ul>\n<li style=\"font-weight: 400;\" aria-level=\"1\">Under tungen, for hurtig absorption af cannabinoider&nbsp;<\/li>\n<li style=\"font-weight: 400;\" aria-level=\"1\">Tils\u00e6ttes drikkevarer eller f\u00f8devarer for en mildere effekt&nbsp;<\/li>\n<li style=\"font-weight: 400;\" aria-level=\"1\">Vaporisation (utilisation d'un vaporisateur kompatibel)&nbsp;<\/li>\n<\/ul>\n<h3><b>Juridisk status: skal kontrolleres afh\u00e6ngigt af regionen<\/b><\/h3>\n<p>Den juridiske status for Tahoe OG-olie kan variere afh\u00e6ngigt af lokale love. I nogle regioner er salg og forbrug af cannabisprodukter, herunder olier, strengt reguleret. Andre steder kan brugen af disse produkter v\u00e6re lovlig til rekreative eller medicinske form\u00e5l.<\/p>\n<h3><b>Hvorfor k\u00f8be Tahoe OG cannabisolie online?<\/b><\/h3>\n<p><b>Tilg\u00e6ngelighed<\/b><\/p>\n<p>Tahoe OG cannabisolie online er en god mulighed for forbrugere, der s\u00f8ger nem adgang til et kvalitetsprodukt, uanset hvor de er. Online shopping giver dig mulighed for at opdage et bredt udvalg af produkter, med mulighed for at l\u00e6se kundeanmeldelser og sammenligne priser.<\/p>\n<p><b>Mangfoldighed af s\u00e6lgere<\/b><\/p>\n<p>Der er mange specialforhandlere, der tilbyder Tahoe OG-olie online, hver med en forskellig produktlinje. Dette giver dig mulighed for at v\u00e6lge mellem forskellige muligheder, afh\u00e6ngigt af oliens kvalitet, pris og egenskaber.<\/p>\n<p><b>Diskret og sikker levering<\/b><\/p>\n<p>De bedste platforme tilbyder diskret levering med enkel emballage, der sikrer, at dine k\u00f8b forbliver private. Derudover tilbyder mange websteder ekspreslevering samt pr\u00e6cis ordresporing.<\/p>\n<h3><b>Hvordan v\u00e6lger man en p\u00e5lidelig s\u00e6lger til at bestille Tahoe OG cannabisolie online?<\/b><\/h3>\n<p>N\u00e5r du k\u00f8ber Tahoe OG-olie, er det vigtigt at v\u00e6lge en p\u00e5lidelig s\u00e6lger for at sikre produktkvaliteten og sikkerheden ved din transaktion. Her er nogle tips:<\/p>\n<ol>\n<li style=\"font-weight: 400;\" aria-level=\"1\">Tjek kundeanmeldelser for at sikre, at s\u00e6lgeren har et godt omd\u00f8mme og tilbyder kvalitetsprodukter.&nbsp;<\/li>\n<li style=\"font-weight: 400;\" aria-level=\"1\">V\u00e6r sikker p\u00e5 gennemsigtigheden du s\u00e6lger vedr\u00f8rende herkomst og udvindingsmetoder&nbsp;<\/li>\n<li style=\"font-weight: 400;\" aria-level=\"1\">V\u00e6lg et sikkert websted til dine betalinger og personlige oplysninger (se efter den gr\u00f8nne h\u00e6ngel\u00e5s eller \"https\" i URL'en).&nbsp;<\/li>\n<li style=\"font-weight: 400;\" aria-level=\"1\">Overvej forsendelsesmuligheder: Tilbyder s\u00e6lgeren hurtig og diskret levering? Tilbyder de rimelige leveringsomkostninger?<\/li>\n<\/ol>\n<h3><b>Ekspeditionspolitik<\/b><\/h3>\n<p>Tops\u00e6lgere tilbyder gennemsigtige forsendelsespolitikker. S\u00f8rg for, at s\u00e6lgeren tilbyder diskret forsendelse med almindelig emballage og inkluderer ordresporing for ekstra ro i sindet. Tjek ogs\u00e5 om de tilbyder ekspreslevering eller gratis fragt afh\u00e6ngigt af din ordrev\u00e6rdi.<\/p>\n<h3><b>Risici og forholdsregler, der skal tages<\/b><\/h3>\n<p><b>Sundhedsrisici<\/b><\/p>\n<p>Selvom Tahoe OG-olie tilbyder mange fordele, er det vigtigt at tage visse forholdsregler, herunder:<\/p>\n<ul>\n<li style=\"font-weight: 400;\" aria-level=\"1\">Overdreven s\u00f8vnighed eller tr\u00e6thed&nbsp;<\/li>\n<li style=\"font-weight: 400;\" aria-level=\"1\">Ansia o paranoia nelle persone sensibili&nbsp;<\/li>\n<li style=\"font-weight: 400;\" aria-level=\"1\">Interaction avec des m\u00e9dicaments (consultez un m\u00e9decin si vous \u00eates sous traitement)&nbsp;<\/li>\n<\/ul>\n<h3><b>Forholdsregler at tage:<\/b><\/h3>\n<ul>\n<li style=\"font-weight: 400;\" aria-level=\"1\">Start med sm\u00e5 doser for at vurdere din tolerance.&nbsp;<\/li>\n<li style=\"font-weight: 400;\" aria-level=\"1\">K\u00f8r ikke bil efter brug af cannabisolie.&nbsp;<\/li>\n<li style=\"font-weight: 400;\" aria-level=\"1\">Consultez un professionnel de sant\u00e9 avant d'utiliser si vous \u00eates enceinte, allaitante eller sous traitement m\u00e9dical&nbsp;<\/li>\n<\/ul>\n<h3><b>Konklusion: M\u00e6rk roen med Tahoe OG Oil<\/b><\/h3>\n<p>Tahoe OG Cannabisolie er en fremragende l\u00f8sning for dem, der s\u00f8ger dyb afslapning og effektiv lindring af smerte og stress. Takket v\u00e6re dens beroligende og terapeutiske egenskaber er den ideel til at forbedre s\u00f8vn og reducere angst. Det er nemt og bekvemt at k\u00f8be Tahoe OG-olie online, og du kan nyde denne kvalitetsolie leveret direkte til din d\u00f8r.<\/p>","protected":false},"excerpt":{"rendered":"<p>Huile de Cannabis Tahoe OG \u2013 Relaxation et S\u00e9r\u00e9nit\u00e9 en Un Seul Flacon Introduction \u00e0 l&rsquo;Huile de Cannabis Tahoe OG L&rsquo;huile de cannabis Tahoe OG est un extrait concentr\u00e9 de la vari\u00e9t\u00e9 Tahoe OG, une souche hybride populaire pour ses effets apaisants et relaxants. Connue pour ses propri\u00e9t\u00e9s th\u00e9rapeutiques puissantes, cette huile est id\u00e9ale pour&#8230;<\/p>","protected":false},"featured_media":1411,"comment_status":"open","ping_status":"closed","template":"","meta":{"_kadence_starter_templates_imported_post":false,"_kad_post_transparent":"default","_kad_post_title":"","_kad_post_layout":"default","_kad_post_sidebar_id":"","_kad_post_content_style":"default","_kad_post_vertical_padding":"default","_kad_post_feature":"","_kad_post_feature_position":"","_kad_post_header":false,"_kad_post_footer":false,"_joinchat":[]},"product_brand":[],"product_cat":[30],"product_tag":[],"class_list":{"0":"post-1390","1":"product","2":"type-product","3":"status-publish","4":"has-post-thumbnail","6":"product_cat-huile-de-cannabis-thc","8":"first","9":"instock","10":"shipping-taxable","11":"purchasable","12":"product-type-variable","13":"entry","14":"content-bg","15":"loop-entry"},"yoast_head":"<!-- This site is optimized with the Yoast SEO plugin v23.5 - https:\/\/yoast.com\/wordpress\/plugins\/seo\/ -->\n<title>Acheter de l&#039;huile de cannabis Tahoe OG en ligne<\/title>\n<meta name=\"description\" content=\"Notre boutique en ligne Herbelegale propose \u00e0 la vente l&#039;huile de cannabis Tahoe OG de la meilleure qualit\u00e9. Si vous souhaitez acheter de l&#039;huile de cannabis Tahoe OG en ligne, nous pouvons vous aider de toutes parts. Commandez d\u00e8s aujourd&#039;hui !\" \/>\n<meta name=\"robots\" content=\"index, follow, max-snippet:-1, max-image-preview:large, max-video-preview:-1\" \/>\n<link rel=\"canonical\" href=\"https:\/\/herbelegale.com\/da\/product\/tahoe-og-cannabis-oil\/\" \/>\n<meta property=\"og:locale\" content=\"da_DK\" \/>\n<meta property=\"og:type\" content=\"article\" \/>\n<meta property=\"og:title\" content=\"Acheter de l&#039;huile de cannabis Tahoe OG en ligne\" \/>\n<meta property=\"og:description\" content=\"Notre boutique en ligne Herbelegale propose \u00e0 la vente l&#039;huile de cannabis Tahoe OG de la meilleure qualit\u00e9. Si vous souhaitez acheter de l&#039;huile de cannabis Tahoe OG en ligne, nous pouvons vous aider de toutes parts. Commandez d\u00e8s aujourd&#039;hui !\" \/>\n<meta property=\"og:url\" content=\"https:\/\/herbelegale.com\/da\/product\/tahoe-og-cannabis-oil\/\" \/>\n<meta property=\"og:site_name\" content=\"Herbe L\u00e9gale\" \/>\n<meta property=\"article:modified_time\" content=\"2025-07-19T12:32:52+00:00\" \/>\n<meta property=\"og:image\" content=\"https:\/\/herbelegale.com\/wp-content\/uploads\/2023\/09\/Tahoe-OG-Cannabis-Oil.jpg\" \/>\n\t<meta property=\"og:image:width\" content=\"600\" \/>\n\t<meta property=\"og:image:height\" content=\"600\" \/>\n\t<meta property=\"og:image:type\" content=\"image\/jpeg\" \/>\n<meta name=\"twitter:card\" content=\"summary_large_image\" \/>\n<meta name=\"twitter:label1\" content=\"Estimeret l\u00e6setid\" \/>\n\t<meta name=\"twitter:data1\" content=\"4 minutter\" \/>\n<script type=\"application\/ld+json\" class=\"yoast-schema-graph\">{\"@context\":\"https:\/\/schema.org\",\"@graph\":[{\"@type\":\"WebPage\",\"@id\":\"https:\/\/herbelegale.com\/product\/tahoe-og-cannabis-oil\/\",\"url\":\"https:\/\/herbelegale.com\/product\/tahoe-og-cannabis-oil\/\",\"name\":\"Acheter de l'huile de cannabis Tahoe OG en ligne\",\"isPartOf\":{\"@id\":\"https:\/\/herbelegale.com\/#website\"},\"primaryImageOfPage\":{\"@id\":\"https:\/\/herbelegale.com\/product\/tahoe-og-cannabis-oil\/#primaryimage\"},\"image\":{\"@id\":\"https:\/\/herbelegale.com\/product\/tahoe-og-cannabis-oil\/#primaryimage\"},\"thumbnailUrl\":\"https:\/\/herbelegale.com\/wp-content\/uploads\/2023\/09\/Tahoe-OG-Cannabis-Oil.jpg\",\"datePublished\":\"2023-09-30T10:46:45+00:00\",\"dateModified\":\"2025-07-19T12:32:52+00:00\",\"description\":\"Notre boutique en ligne Herbelegale propose \u00e0 la vente l'huile de cannabis Tahoe OG de la meilleure qualit\u00e9. Si vous souhaitez acheter de l'huile de cannabis Tahoe OG en ligne, nous pouvons vous aider de toutes parts. Commandez d\u00e8s aujourd'hui !\",\"breadcrumb\":{\"@id\":\"https:\/\/herbelegale.com\/product\/tahoe-og-cannabis-oil\/#breadcrumb\"},\"inLanguage\":\"da-DK\",\"potentialAction\":[{\"@type\":\"ReadAction\",\"target\":[\"https:\/\/herbelegale.com\/product\/tahoe-og-cannabis-oil\/\"]}]},{\"@type\":\"ImageObject\",\"inLanguage\":\"da-DK\",\"@id\":\"https:\/\/herbelegale.com\/product\/tahoe-og-cannabis-oil\/#primaryimage\",\"url\":\"https:\/\/herbelegale.com\/wp-content\/uploads\/2023\/09\/Tahoe-OG-Cannabis-Oil.jpg\",\"contentUrl\":\"https:\/\/herbelegale.com\/wp-content\/uploads\/2023\/09\/Tahoe-OG-Cannabis-Oil.jpg\",\"width\":600,\"height\":600,\"caption\":\"Tahoe-OG-Cannabis-Oil\"},{\"@type\":\"BreadcrumbList\",\"@id\":\"https:\/\/herbelegale.com\/product\/tahoe-og-cannabis-oil\/#breadcrumb\",\"itemListElement\":[{\"@type\":\"ListItem\",\"position\":1,\"name\":\"Home\",\"item\":\"https:\/\/herbelegale.com\/\"},{\"@type\":\"ListItem\",\"position\":2,\"name\":\"Boutique\",\"item\":\"https:\/\/herbelegale.com\/boutique\/\"},{\"@type\":\"ListItem\",\"position\":3,\"name\":\"Tahoe OG Cannabis Oil\"}]},{\"@type\":\"WebSite\",\"@id\":\"https:\/\/herbelegale.com\/#website\",\"url\":\"https:\/\/herbelegale.com\/\",\"name\":\"Herbe L\u00e9gale\",\"description\":\"Acheter de l&#039;herbe en ligne\",\"publisher\":{\"@id\":\"https:\/\/herbelegale.com\/#organization\"},\"potentialAction\":[{\"@type\":\"SearchAction\",\"target\":{\"@type\":\"EntryPoint\",\"urlTemplate\":\"https:\/\/herbelegale.com\/?s={search_term_string}\"},\"query-input\":{\"@type\":\"PropertyValueSpecification\",\"valueRequired\":true,\"valueName\":\"search_term_string\"}}],\"inLanguage\":\"da-DK\"},{\"@type\":\"Organization\",\"@id\":\"https:\/\/herbelegale.com\/#organization\",\"name\":\"Herbe L\u00e9gale\",\"url\":\"https:\/\/herbelegale.com\/\",\"logo\":{\"@type\":\"ImageObject\",\"inLanguage\":\"da-DK\",\"@id\":\"https:\/\/herbelegale.com\/#\/schema\/logo\/image\/\",\"url\":\"https:\/\/herbelegale.com\/wp-content\/uploads\/2023\/10\/logo-1.png\",\"contentUrl\":\"https:\/\/herbelegale.com\/wp-content\/uploads\/2023\/10\/logo-1.png\",\"width\":400,\"height\":120,\"caption\":\"Herbe L\u00e9gale\"},\"image\":{\"@id\":\"https:\/\/herbelegale.com\/#\/schema\/logo\/image\/\"}}]}<\/script>\n<!-- \/ Yoast SEO plugin. -->","yoast_head_json":{"title":"Acheter de l'huile de cannabis Tahoe OG en ligne","description":"Notre boutique en ligne Herbelegale propose \u00e0 la vente l'huile de cannabis Tahoe OG de la meilleure qualit\u00e9. Si vous souhaitez acheter de l'huile de cannabis Tahoe OG en ligne, nous pouvons vous aider de toutes parts. Commandez d\u00e8s aujourd'hui !","robots":{"index":"index","follow":"follow","max-snippet":"max-snippet:-1","max-image-preview":"max-image-preview:large","max-video-preview":"max-video-preview:-1"},"canonical":"https:\/\/herbelegale.com\/da\/product\/tahoe-og-cannabis-oil\/","og_locale":"da_DK","og_type":"article","og_title":"Acheter de l'huile de cannabis Tahoe OG en ligne","og_description":"Notre boutique en ligne Herbelegale propose \u00e0 la vente l'huile de cannabis Tahoe OG de la meilleure qualit\u00e9. Si vous souhaitez acheter de l'huile de cannabis Tahoe OG en ligne, nous pouvons vous aider de toutes parts. Commandez d\u00e8s aujourd'hui !","og_url":"https:\/\/herbelegale.com\/da\/product\/tahoe-og-cannabis-oil\/","og_site_name":"Herbe L\u00e9gale","article_modified_time":"2025-07-19T12:32:52+00:00","og_image":[{"width":600,"height":600,"url":"https:\/\/herbelegale.com\/wp-content\/uploads\/2023\/09\/Tahoe-OG-Cannabis-Oil.jpg","type":"image\/jpeg"}],"twitter_card":"summary_large_image","twitter_misc":{"Estimeret l\u00e6setid":"4 minutter"},"schema":{"@context":"https:\/\/schema.org","@graph":[{"@type":"WebPage","@id":"https:\/\/herbelegale.com\/product\/tahoe-og-cannabis-oil\/","url":"https:\/\/herbelegale.com\/product\/tahoe-og-cannabis-oil\/","name":"Acheter de l'huile de cannabis Tahoe OG en ligne","isPartOf":{"@id":"https:\/\/herbelegale.com\/#website"},"primaryImageOfPage":{"@id":"https:\/\/herbelegale.com\/product\/tahoe-og-cannabis-oil\/#primaryimage"},"image":{"@id":"https:\/\/herbelegale.com\/product\/tahoe-og-cannabis-oil\/#primaryimage"},"thumbnailUrl":"https:\/\/herbelegale.com\/wp-content\/uploads\/2023\/09\/Tahoe-OG-Cannabis-Oil.jpg","datePublished":"2023-09-30T10:46:45+00:00","dateModified":"2025-07-19T12:32:52+00:00","description":"Notre boutique en ligne Herbelegale propose \u00e0 la vente l'huile de cannabis Tahoe OG de la meilleure qualit\u00e9. Si vous souhaitez acheter de l'huile de cannabis Tahoe OG en ligne, nous pouvons vous aider de toutes parts. Commandez d\u00e8s aujourd'hui !","breadcrumb":{"@id":"https:\/\/herbelegale.com\/product\/tahoe-og-cannabis-oil\/#breadcrumb"},"inLanguage":"da-DK","potentialAction":[{"@type":"ReadAction","target":["https:\/\/herbelegale.com\/product\/tahoe-og-cannabis-oil\/"]}]},{"@type":"ImageObject","inLanguage":"da-DK","@id":"https:\/\/herbelegale.com\/product\/tahoe-og-cannabis-oil\/#primaryimage","url":"https:\/\/herbelegale.com\/wp-content\/uploads\/2023\/09\/Tahoe-OG-Cannabis-Oil.jpg","contentUrl":"https:\/\/herbelegale.com\/wp-content\/uploads\/2023\/09\/Tahoe-OG-Cannabis-Oil.jpg","width":600,"height":600,"caption":"Tahoe-OG-Cannabis-Oil"},{"@type":"BreadcrumbList","@id":"https:\/\/herbelegale.com\/product\/tahoe-og-cannabis-oil\/#breadcrumb","itemListElement":[{"@type":"ListItem","position":1,"name":"Home","item":"https:\/\/herbelegale.com\/"},{"@type":"ListItem","position":2,"name":"Boutique","item":"https:\/\/herbelegale.com\/boutique\/"},{"@type":"ListItem","position":3,"name":"Tahoe OG Cannabis Oil"}]},{"@type":"WebSite","@id":"https:\/\/herbelegale.com\/#website","url":"https:\/\/herbelegale.com\/","name":"Herbe L\u00e9gale","description":"Acheter de l&#039;herbe en ligne","publisher":{"@id":"https:\/\/herbelegale.com\/#organization"},"potentialAction":[{"@type":"SearchAction","target":{"@type":"EntryPoint","urlTemplate":"https:\/\/herbelegale.com\/?s={search_term_string}"},"query-input":{"@type":"PropertyValueSpecification","valueRequired":true,"valueName":"search_term_string"}}],"inLanguage":"da-DK"},{"@type":"Organization","@id":"https:\/\/herbelegale.com\/#organization","name":"Herbe L\u00e9gale","url":"https:\/\/herbelegale.com\/","logo":{"@type":"ImageObject","inLanguage":"da-DK","@id":"https:\/\/herbelegale.com\/#\/schema\/logo\/image\/","url":"https:\/\/herbelegale.com\/wp-content\/uploads\/2023\/10\/logo-1.png","contentUrl":"https:\/\/herbelegale.com\/wp-content\/uploads\/2023\/10\/logo-1.png","width":400,"height":120,"caption":"Herbe L\u00e9gale"},"image":{"@id":"https:\/\/herbelegale.com\/#\/schema\/logo\/image\/"}}]}},"_links":{"self":[{"href":"https:\/\/herbelegale.com\/da\/wp-json\/wp\/v2\/product\/1390","targetHints":{"allow":["GET"]}}],"collection":[{"href":"https:\/\/herbelegale.com\/da\/wp-json\/wp\/v2\/product"}],"about":[{"href":"https:\/\/herbelegale.com\/da\/wp-json\/wp\/v2\/types\/product"}],"replies":[{"embeddable":true,"href":"https:\/\/herbelegale.com\/da\/wp-json\/wp\/v2\/comments?post=1390"}],"wp:featuredmedia":[{"embeddable":true,"href":"https:\/\/herbelegale.com\/da\/wp-json\/wp\/v2\/media\/1411"}],"wp:attachment":[{"href":"https:\/\/herbelegale.com\/da\/wp-json\/wp\/v2\/media?parent=1390"}],"wp:term":[{"taxonomy":"product_brand","embeddable":true,"href":"https:\/\/herbelegale.com\/da\/wp-json\/wp\/v2\/product_brand?post=1390"},{"taxonomy":"product_cat","embeddable":true,"href":"https:\/\/herbelegale.com\/da\/wp-json\/wp\/v2\/product_cat?post=1390"},{"taxonomy":"product_tag","embeddable":true,"href":"https:\/\/herbelegale.com\/da\/wp-json\/wp\/v2\/product_tag?post=1390"}],"curies":[{"name":"wp","href":"https:\/\/api.w.org\/{rel}","templated":true}]}}