{"id":1367,"date":"2023-09-30T10:33:33","date_gmt":"2023-09-30T10:33:33","guid":{"rendered":"https:\/\/nembutalhouse.com\/weed\/?post_type=product&#038;p=1367"},"modified":"2025-07-19T05:06:46","modified_gmt":"2025-07-19T05:06:46","slug":"moraccan-hash","status":"publish","type":"product","link":"https:\/\/herbelegale.com\/da\/product\/moraccan-hash\/","title":{"rendered":"Marokkansk hash"},"content":{"rendered":"<h2><b>Introduktion til marokkansk hash<\/b><\/h2>\n<p>Le <a href=\"https:\/\/herbelegale.com\/da\/product\/moraccan-hash\/\">Hash Marocain<\/a>, eller marokkansk hash, er et af de mest ikoniske cannabiskoncentrater i verden. Dette h\u00e5ndv\u00e6rksm\u00e6ssige produkt, der stammer fra Rifbjergene, er kendt for sin exceptionelle kvalitet, renhed og karakteristiske effekter. Uanset om du er nysgerrig, amat\u00f8r eller kender, er det at opdage marokkansk hash at fordybe sig i en forf\u00e6dres tradition med unikke aromaer og dybtg\u00e5ende effekter.<\/p>\n<h3><b>Hvad er marokkansk hash?<\/b><\/h3>\n<p>Le <a href=\"https:\/\/en.wikipedia.org\/wiki\/Hashish\">Hash Marocain<\/a> er en cannabisharpiks, der udvindes ved at sigte trichomerne (cannabinoidrige harpikskirtler) fra cannabisblomster. Dette pulver presses derefter manuelt til dannelse af blokke eller kager, brune til sorte i farven, med en bl\u00f8d, olieagtig eller smuldrende tekstur, afh\u00e6ngigt af fremstillingsmetoden og kvaliteten.<\/p>\n<p>Takket v\u00e6re sin rigdom af THC, CBD og andre aktive forbindelser, giver marokkansk hash afslappende, euforiske og til tider stimulerende effekter, som forbrugerne v\u00e6rds\u00e6tter meget.<\/p>\n<h3><b>Almindelige effekter og anvendelser<\/b><\/h3>\n<p><span style=\"font-weight: 400;\">Marokkansk hash er kendt for sine fysiske og mentale fordele. Blandt de mest almindeligt rapporterede virkninger:<\/span><\/p>\n<ul>\n<li style=\"font-weight: 400;\" aria-level=\"1\">Afslapning og stressreduktion&nbsp;<\/li>\n<li style=\"font-weight: 400;\" aria-level=\"1\">Lindring af kroniske smerter eller s\u00f8vnl\u00f8shed&nbsp;<\/li>\n<li style=\"font-weight: 400;\" aria-level=\"1\">Stimolazione della creativit\u00e0 e della concentrazione&nbsp;<\/li>\n<li style=\"font-weight: 400;\" aria-level=\"1\">Verbesserter Schlaf&nbsp;<\/li>\n<li style=\"font-weight: 400;\" aria-level=\"1\">En f\u00f8lelse af blid og vedvarende eufori&nbsp;<\/li>\n<\/ul>\n<h3><b>Forbrugsmetoder:<\/b><\/h3>\n<ul>\n<li style=\"font-weight: 400;\" aria-level=\"1\"><span style=\"font-weight: 400;\">Nella combustione: pipa, giunto, narghil\u00e8<\/span>&nbsp;<\/li>\n<li style=\"font-weight: 400;\" aria-level=\"1\"><span style=\"font-weight: 400;\">In infusione: nel latte o nel grasso<\/span>&nbsp;<\/li>\n<li style=\"font-weight: 400;\" aria-level=\"1\"><span style=\"font-weight: 400;\">A spruzzo (a seconda dell'attrezzatura)<\/span>&nbsp;<\/li>\n<\/ul>\n<h3><b>Juridisk status: V\u00e6r opm\u00e6rksom p\u00e5 lokale love<\/b><\/h3>\n<p>Lovligheden af marokkansk hash varierer meget afh\u00e6ngigt af land og jurisdiktion. I nogle lande er forbrug strengt forbudt, mens andre tillader brug til medicinske eller rekreative form\u00e5l.<\/p>\n<p>Avant toute consommation ou achat, informez-vous sur la l\u00e9gislation locale pour \u00e9viter des complications juridiques.<\/p>\n<h3><b>Hvorfor k\u00f8be marokkansk hash online?<\/b><\/h3>\n<h3><b>Tilg\u00e6ngelighed<\/b><\/h3>\n<p>Onlinebestilling giver dig adgang til kvalitetsprodukter uden geografiske begr\u00e6nsninger.<\/p>\n<h3><b>Varieret udvalg<\/b><\/h3>\n<p>Specialiserede platforme tilbyder en bred vifte af hash, afh\u00e6ngigt af oprindelse, kvalitet, pris og \u00f8nskede effekter.<\/p>\n<h3><b>Diskretion garanteret<\/b><\/h3>\n<p>Velrenommerede s\u00e6lgere tilbyder neutral og sikker emballage med diskret og sporbar levering.<\/p>\n<h3><b>Come scegliere un venditore affidabile?<\/b><\/h3>\n<p><span style=\"font-weight: 400;\">Her er nogle vigtige kriterier for at undg\u00e5 ubehagelige overraskelser:<\/span><\/p>\n<ul>\n<li style=\"font-weight: 400;\" aria-level=\"1\">\u00a0S\u00e6lgers omd\u00f8mme: tjek kundeanmeldelser og specialistfora&nbsp;<\/li>\n<li style=\"font-weight: 400;\" aria-level=\"1\">Gennemsigtighed: produktets oprindelse, udvindingsmetode, THC\/CBD-niveau&nbsp;<\/li>\n<li style=\"font-weight: 400;\" aria-level=\"1\">Forsendelsespolitik: leveringstider, sporing, diskret emballage&nbsp;<\/li>\n<li style=\"font-weight: 400;\" aria-level=\"1\">Betalingssikkerhed: HTTPS-websted, p\u00e5lidelige betalingsmetoder&nbsp;<\/li>\n<\/ul>\n<p>Tip: Foretr\u00e6k platforme, der er anerkendt eller anbefalet af f\u00e6llesskabet.<\/p>\n<h3><b>Risici og forholdsregler, der skal tages<\/b><\/h3>\n<h3><b>Sundhedsrisici<\/b><\/h3>\n<ul>\n<li style=\"font-weight: 400;\" aria-level=\"1\"><span style=\"font-weight: 400;\">Troubles de la m\u00e9moire \u00e0 court terme<\/span>&nbsp;<\/li>\n<li style=\"font-weight: 400;\" aria-level=\"1\"><span style=\"font-weight: 400;\">Ansia o paranoia nelle persone sensibili<\/span>&nbsp;<\/li>\n<li style=\"font-weight: 400;\" aria-level=\"1\"><span style=\"font-weight: 400;\">Schl\u00e4frigkeit, verminderte Motivation<\/span>&nbsp;<\/li>\n<li style=\"font-weight: 400;\" aria-level=\"1\"><span style=\"font-weight: 400;\">Interazioni con alcuni farmaci<\/span>&nbsp;<\/li>\n<\/ul>\n<h3><b>Anbefalede forholdsregler:<\/b><\/h3>\n<ul>\n<li style=\"font-weight: 400;\" aria-level=\"1\">Inizia con dosi basse, soprattutto se sei un principiante&nbsp;<\/li>\n<li style=\"font-weight: 400;\" aria-level=\"1\">Non guidare dopo aver bevuto&nbsp;<\/li>\n<li style=\"font-weight: 400;\" aria-level=\"1\">Evitare il consumo se si soffre di disturbi mentali&nbsp;<\/li>\n<li style=\"font-weight: 400;\" aria-level=\"1\">Im Zweifelsfall einen Arzt konsultieren&nbsp;<\/li>\n<\/ul>\n<h3><b>Konklusion<\/b><\/h3>\n<p>Marokkansk hash er meget mere end blot et cannabisprodukt: det er en tradition, en knowhow og en sanseoplevelse i sig selv. Ved at k\u00f8be det ansvarligt og respektere lokale love kan du nyde dets fordele sikkert.<\/p>","protected":false},"excerpt":{"rendered":"<p>Introduction au Hash Marocain Le Hash Marocain, ou haschisch marocain, est l\u2019un des concentr\u00e9s de cannabis les plus embl\u00e9matiques au monde. Originaire des montagnes du Rif, ce produit artisanal est r\u00e9put\u00e9 pour sa qualit\u00e9 exceptionnelle, sa puret\u00e9 et ses effets distinctifs. Que vous soyez curieux, amateur ou connaisseur, d\u00e9couvrir le Hash Marocain, c\u2019est s\u2019immerger dans&#8230;<\/p>","protected":false},"featured_media":1473,"comment_status":"open","ping_status":"closed","template":"","meta":{"_kadence_starter_templates_imported_post":false,"_kad_post_transparent":"default","_kad_post_title":"","_kad_post_layout":"default","_kad_post_sidebar_id":"","_kad_post_content_style":"default","_kad_post_vertical_padding":"default","_kad_post_feature":"","_kad_post_feature_position":"","_kad_post_header":false,"_kad_post_footer":false,"_joinchat":[]},"product_brand":[],"product_cat":[31],"product_tag":[],"class_list":{"0":"post-1367","1":"product","2":"type-product","3":"status-publish","4":"has-post-thumbnail","6":"product_cat-haschisch","8":"first","9":"instock","10":"shipping-taxable","11":"purchasable","12":"product-type-variable","13":"entry","14":"content-bg","15":"loop-entry"},"yoast_head":"<!-- This site is optimized with the Yoast SEO plugin v23.5 - https:\/\/yoast.com\/wordpress\/plugins\/seo\/ -->\n<title>Achetez du haschisch marocain en ligne - Vente de haschisch marocain<\/title>\n<meta name=\"description\" content=\"Si vous souhaitez acheter du haschisch marocain en ligne, notre boutique en ligne Herbegal peut vous aider. Nous avons du haschisch marocain \u00e0 vendre aux meilleurs prix ici. Passez votre commande et profitez des derni\u00e8res offres d\u00e8s aujourd&#039;hui !\" \/>\n<meta name=\"robots\" content=\"index, follow, max-snippet:-1, max-image-preview:large, max-video-preview:-1\" \/>\n<link rel=\"canonical\" href=\"https:\/\/herbelegale.com\/da\/product\/moraccan-hash\/\" \/>\n<meta property=\"og:locale\" content=\"da_DK\" \/>\n<meta property=\"og:type\" content=\"article\" \/>\n<meta property=\"og:title\" content=\"Achetez du haschisch marocain en ligne - Vente de haschisch marocain\" \/>\n<meta property=\"og:description\" content=\"Si vous souhaitez acheter du haschisch marocain en ligne, notre boutique en ligne Herbegal peut vous aider. Nous avons du haschisch marocain \u00e0 vendre aux meilleurs prix ici. Passez votre commande et profitez des derni\u00e8res offres d\u00e8s aujourd&#039;hui !\" \/>\n<meta property=\"og:url\" content=\"https:\/\/herbelegale.com\/da\/product\/moraccan-hash\/\" \/>\n<meta property=\"og:site_name\" content=\"Herbe L\u00e9gale\" \/>\n<meta property=\"article:modified_time\" content=\"2025-07-19T05:06:46+00:00\" \/>\n<meta property=\"og:image\" content=\"https:\/\/herbelegale.com\/wp-content\/uploads\/2023\/09\/Moraccan-Hash-1.jpg\" \/>\n\t<meta property=\"og:image:width\" content=\"600\" \/>\n\t<meta property=\"og:image:height\" content=\"600\" \/>\n\t<meta property=\"og:image:type\" content=\"image\/jpeg\" \/>\n<meta name=\"twitter:card\" content=\"summary_large_image\" \/>\n<meta name=\"twitter:label1\" content=\"Estimeret l\u00e6setid\" \/>\n\t<meta name=\"twitter:data1\" content=\"3 minutter\" \/>\n<script type=\"application\/ld+json\" class=\"yoast-schema-graph\">{\"@context\":\"https:\/\/schema.org\",\"@graph\":[{\"@type\":\"WebPage\",\"@id\":\"https:\/\/herbelegale.com\/product\/moraccan-hash\/\",\"url\":\"https:\/\/herbelegale.com\/product\/moraccan-hash\/\",\"name\":\"Achetez du haschisch marocain en ligne - Vente de haschisch marocain\",\"isPartOf\":{\"@id\":\"https:\/\/herbelegale.com\/#website\"},\"primaryImageOfPage\":{\"@id\":\"https:\/\/herbelegale.com\/product\/moraccan-hash\/#primaryimage\"},\"image\":{\"@id\":\"https:\/\/herbelegale.com\/product\/moraccan-hash\/#primaryimage\"},\"thumbnailUrl\":\"https:\/\/herbelegale.com\/wp-content\/uploads\/2023\/09\/Moraccan-Hash-1.jpg\",\"datePublished\":\"2023-09-30T10:33:33+00:00\",\"dateModified\":\"2025-07-19T05:06:46+00:00\",\"description\":\"Si vous souhaitez acheter du haschisch marocain en ligne, notre boutique en ligne Herbegal peut vous aider. Nous avons du haschisch marocain \u00e0 vendre aux meilleurs prix ici. Passez votre commande et profitez des derni\u00e8res offres d\u00e8s aujourd'hui !\",\"breadcrumb\":{\"@id\":\"https:\/\/herbelegale.com\/product\/moraccan-hash\/#breadcrumb\"},\"inLanguage\":\"da-DK\",\"potentialAction\":[{\"@type\":\"ReadAction\",\"target\":[\"https:\/\/herbelegale.com\/product\/moraccan-hash\/\"]}]},{\"@type\":\"ImageObject\",\"inLanguage\":\"da-DK\",\"@id\":\"https:\/\/herbelegale.com\/product\/moraccan-hash\/#primaryimage\",\"url\":\"https:\/\/herbelegale.com\/wp-content\/uploads\/2023\/09\/Moraccan-Hash-1.jpg\",\"contentUrl\":\"https:\/\/herbelegale.com\/wp-content\/uploads\/2023\/09\/Moraccan-Hash-1.jpg\",\"width\":600,\"height\":600,\"caption\":\"Moraccan Hash\"},{\"@type\":\"BreadcrumbList\",\"@id\":\"https:\/\/herbelegale.com\/product\/moraccan-hash\/#breadcrumb\",\"itemListElement\":[{\"@type\":\"ListItem\",\"position\":1,\"name\":\"Home\",\"item\":\"https:\/\/herbelegale.com\/\"},{\"@type\":\"ListItem\",\"position\":2,\"name\":\"Boutique\",\"item\":\"https:\/\/herbelegale.com\/boutique\/\"},{\"@type\":\"ListItem\",\"position\":3,\"name\":\"Moraccan Hash\"}]},{\"@type\":\"WebSite\",\"@id\":\"https:\/\/herbelegale.com\/#website\",\"url\":\"https:\/\/herbelegale.com\/\",\"name\":\"Herbe L\u00e9gale\",\"description\":\"Acheter de l&#039;herbe en ligne\",\"publisher\":{\"@id\":\"https:\/\/herbelegale.com\/#organization\"},\"potentialAction\":[{\"@type\":\"SearchAction\",\"target\":{\"@type\":\"EntryPoint\",\"urlTemplate\":\"https:\/\/herbelegale.com\/?s={search_term_string}\"},\"query-input\":{\"@type\":\"PropertyValueSpecification\",\"valueRequired\":true,\"valueName\":\"search_term_string\"}}],\"inLanguage\":\"da-DK\"},{\"@type\":\"Organization\",\"@id\":\"https:\/\/herbelegale.com\/#organization\",\"name\":\"Herbe L\u00e9gale\",\"url\":\"https:\/\/herbelegale.com\/\",\"logo\":{\"@type\":\"ImageObject\",\"inLanguage\":\"da-DK\",\"@id\":\"https:\/\/herbelegale.com\/#\/schema\/logo\/image\/\",\"url\":\"https:\/\/herbelegale.com\/wp-content\/uploads\/2023\/10\/logo-1.png\",\"contentUrl\":\"https:\/\/herbelegale.com\/wp-content\/uploads\/2023\/10\/logo-1.png\",\"width\":400,\"height\":120,\"caption\":\"Herbe L\u00e9gale\"},\"image\":{\"@id\":\"https:\/\/herbelegale.com\/#\/schema\/logo\/image\/\"}}]}<\/script>\n<!-- \/ Yoast SEO plugin. -->","yoast_head_json":{"title":"Achetez du haschisch marocain en ligne - Vente de haschisch marocain","description":"Si vous souhaitez acheter du haschisch marocain en ligne, notre boutique en ligne Herbegal peut vous aider. Nous avons du haschisch marocain \u00e0 vendre aux meilleurs prix ici. Passez votre commande et profitez des derni\u00e8res offres d\u00e8s aujourd'hui !","robots":{"index":"index","follow":"follow","max-snippet":"max-snippet:-1","max-image-preview":"max-image-preview:large","max-video-preview":"max-video-preview:-1"},"canonical":"https:\/\/herbelegale.com\/da\/product\/moraccan-hash\/","og_locale":"da_DK","og_type":"article","og_title":"Achetez du haschisch marocain en ligne - Vente de haschisch marocain","og_description":"Si vous souhaitez acheter du haschisch marocain en ligne, notre boutique en ligne Herbegal peut vous aider. Nous avons du haschisch marocain \u00e0 vendre aux meilleurs prix ici. Passez votre commande et profitez des derni\u00e8res offres d\u00e8s aujourd'hui !","og_url":"https:\/\/herbelegale.com\/da\/product\/moraccan-hash\/","og_site_name":"Herbe L\u00e9gale","article_modified_time":"2025-07-19T05:06:46+00:00","og_image":[{"width":600,"height":600,"url":"https:\/\/herbelegale.com\/wp-content\/uploads\/2023\/09\/Moraccan-Hash-1.jpg","type":"image\/jpeg"}],"twitter_card":"summary_large_image","twitter_misc":{"Estimeret l\u00e6setid":"3 minutter"},"schema":{"@context":"https:\/\/schema.org","@graph":[{"@type":"WebPage","@id":"https:\/\/herbelegale.com\/product\/moraccan-hash\/","url":"https:\/\/herbelegale.com\/product\/moraccan-hash\/","name":"Achetez du haschisch marocain en ligne - Vente de haschisch marocain","isPartOf":{"@id":"https:\/\/herbelegale.com\/#website"},"primaryImageOfPage":{"@id":"https:\/\/herbelegale.com\/product\/moraccan-hash\/#primaryimage"},"image":{"@id":"https:\/\/herbelegale.com\/product\/moraccan-hash\/#primaryimage"},"thumbnailUrl":"https:\/\/herbelegale.com\/wp-content\/uploads\/2023\/09\/Moraccan-Hash-1.jpg","datePublished":"2023-09-30T10:33:33+00:00","dateModified":"2025-07-19T05:06:46+00:00","description":"Si vous souhaitez acheter du haschisch marocain en ligne, notre boutique en ligne Herbegal peut vous aider. Nous avons du haschisch marocain \u00e0 vendre aux meilleurs prix ici. Passez votre commande et profitez des derni\u00e8res offres d\u00e8s aujourd'hui !","breadcrumb":{"@id":"https:\/\/herbelegale.com\/product\/moraccan-hash\/#breadcrumb"},"inLanguage":"da-DK","potentialAction":[{"@type":"ReadAction","target":["https:\/\/herbelegale.com\/product\/moraccan-hash\/"]}]},{"@type":"ImageObject","inLanguage":"da-DK","@id":"https:\/\/herbelegale.com\/product\/moraccan-hash\/#primaryimage","url":"https:\/\/herbelegale.com\/wp-content\/uploads\/2023\/09\/Moraccan-Hash-1.jpg","contentUrl":"https:\/\/herbelegale.com\/wp-content\/uploads\/2023\/09\/Moraccan-Hash-1.jpg","width":600,"height":600,"caption":"Moraccan Hash"},{"@type":"BreadcrumbList","@id":"https:\/\/herbelegale.com\/product\/moraccan-hash\/#breadcrumb","itemListElement":[{"@type":"ListItem","position":1,"name":"Home","item":"https:\/\/herbelegale.com\/"},{"@type":"ListItem","position":2,"name":"Boutique","item":"https:\/\/herbelegale.com\/boutique\/"},{"@type":"ListItem","position":3,"name":"Moraccan Hash"}]},{"@type":"WebSite","@id":"https:\/\/herbelegale.com\/#website","url":"https:\/\/herbelegale.com\/","name":"Herbe L\u00e9gale","description":"Acheter de l&#039;herbe en ligne","publisher":{"@id":"https:\/\/herbelegale.com\/#organization"},"potentialAction":[{"@type":"SearchAction","target":{"@type":"EntryPoint","urlTemplate":"https:\/\/herbelegale.com\/?s={search_term_string}"},"query-input":{"@type":"PropertyValueSpecification","valueRequired":true,"valueName":"search_term_string"}}],"inLanguage":"da-DK"},{"@type":"Organization","@id":"https:\/\/herbelegale.com\/#organization","name":"Herbe L\u00e9gale","url":"https:\/\/herbelegale.com\/","logo":{"@type":"ImageObject","inLanguage":"da-DK","@id":"https:\/\/herbelegale.com\/#\/schema\/logo\/image\/","url":"https:\/\/herbelegale.com\/wp-content\/uploads\/2023\/10\/logo-1.png","contentUrl":"https:\/\/herbelegale.com\/wp-content\/uploads\/2023\/10\/logo-1.png","width":400,"height":120,"caption":"Herbe L\u00e9gale"},"image":{"@id":"https:\/\/herbelegale.com\/#\/schema\/logo\/image\/"}}]}},"_links":{"self":[{"href":"https:\/\/herbelegale.com\/da\/wp-json\/wp\/v2\/product\/1367","targetHints":{"allow":["GET"]}}],"collection":[{"href":"https:\/\/herbelegale.com\/da\/wp-json\/wp\/v2\/product"}],"about":[{"href":"https:\/\/herbelegale.com\/da\/wp-json\/wp\/v2\/types\/product"}],"replies":[{"embeddable":true,"href":"https:\/\/herbelegale.com\/da\/wp-json\/wp\/v2\/comments?post=1367"}],"wp:featuredmedia":[{"embeddable":true,"href":"https:\/\/herbelegale.com\/da\/wp-json\/wp\/v2\/media\/1473"}],"wp:attachment":[{"href":"https:\/\/herbelegale.com\/da\/wp-json\/wp\/v2\/media?parent=1367"}],"wp:term":[{"taxonomy":"product_brand","embeddable":true,"href":"https:\/\/herbelegale.com\/da\/wp-json\/wp\/v2\/product_brand?post=1367"},{"taxonomy":"product_cat","embeddable":true,"href":"https:\/\/herbelegale.com\/da\/wp-json\/wp\/v2\/product_cat?post=1367"},{"taxonomy":"product_tag","embeddable":true,"href":"https:\/\/herbelegale.com\/da\/wp-json\/wp\/v2\/product_tag?post=1367"}],"curies":[{"name":"wp","href":"https:\/\/api.w.org\/{rel}","templated":true}]}}