{"id":1366,"date":"2023-09-30T10:32:57","date_gmt":"2023-09-30T10:32:57","guid":{"rendered":"https:\/\/nembutalhouse.com\/weed\/?post_type=product&#038;p=1366"},"modified":"2025-07-19T04:48:55","modified_gmt":"2025-07-19T04:48:55","slug":"amnesia-jelly-hash","status":"publish","type":"product","link":"https:\/\/herbelegale.com\/da\/product\/amnesia-jelly-hash\/","title":{"rendered":"Amnesi gel\u00e9 hash"},"content":{"rendered":"<h2><b>Introduktion til Amnesia Jelly Hash<\/b><\/h2>\n<p>D\u00e9couvrez l\u2019<a href=\"https:\/\/herbelegale.com\/da\/product\/amnesia-jelly-hash\/\">Amnesi gel\u00e9 hash<\/a>, et eksklusivt koncentrat, der v\u00e6rds\u00e6ttes af kendere for dets kraft, sin s\u00e6rlige tekstur og sine intense aromaer. Denne cannabinoidrige gel\u00e9 er en perfekt fusion af traditionel harpiks og moderne ekstraktion og tilbyder en unik oplevelse, der kombinerer styrke og smag.<\/p>\n<p>Uanset om du er hash-entusiast eller nysgerrig efter at udforske kvalitetskoncentrater, er det at k\u00f8be hash<a href=\"https:\/\/en.wikipedia.org\/wiki\/Hashish\">Amnesia Jelly Hash online<\/a> est une invitation \u00e0 un voyage sensoriel puissant.<\/p>\n<h3><b>Hvad er Amnesia Jelly Hash?<\/b><\/h3>\n<p>, et premiumkoncentrat, der v\u00e6rds\u00e6ttes af kendere for dets styrke, karakteristiske tekstur og intense aromaer. Denne cannabinoidrige gel\u00e9 er en perfekt fusion af traditionel harpiks og moderne ekstraktion og tilbyder en unik oplevelse, der kombinerer styrke og smag.<\/p>\n<p>Issu de la vari\u00e9t\u00e9 Amnesia, r\u00e9put\u00e9e pour ses effets \u00e9nerg\u00e9tiques et c\u00e9r\u00e9braux, ce hash offre une mont\u00e9e progressive, avec un parfum de citron, d\u2019\u00e9pices et d\u2019herbes fra\u00eeches.<\/p>\n<h3><b>Almindelige anvendelser og virkninger<\/b><\/h3>\n<p>Erfarne brugere nyder Amnesia Jelly Hash til:<\/p>\n<ul>\n<li style=\"font-weight: 400;\" aria-level=\"1\">Dens euforiske og stimulerende cerebrale effekt&nbsp;<\/li>\n<li style=\"font-weight: 400;\" aria-level=\"1\">Et boost af energi og koncentration&nbsp;<\/li>\n<li style=\"font-weight: 400;\" aria-level=\"1\">Dens antistress-potentiale&nbsp;<\/li>\n<li style=\"font-weight: 400;\" aria-level=\"1\">Dens langsigtede afslappende egenskaber&nbsp;<\/li>\n<\/ul>\n<p><span style=\"font-weight: 400;\">Ideel til kreative \u00f8jeblikke, sociale aktiviteter eller blot til at nyde dyb afslapning.<\/span><\/p>\n<h3><b>Juridisk status (afh\u00e6ngigt af region)<\/b><\/h3>\n<p>Den juridiske status for Amnesia Jelly Hash varierer fra land til land og jurisdiktion. I nogle regioner er THC-rige koncentrater tolereret eller lovlige, mens indtagelse af dem er strengt forbudt i andre. F\u00f8r du bestiller Amnesia Jelly Hash online, skal du s\u00f8rge for at tjekke reglerne i dit omr\u00e5de.<\/p>\n<h3><b>Pourquoi acheter Amnesia Jelly Hash en ligne ?<\/b><\/h3>\n<h3><b>Tilg\u00e6ngelighed<\/b><\/h3>\n<p>Bestilling af Amnesia Jelly Hash online er nu den foretrukne l\u00f8sning for kr\u00e6sne entusiaster takket v\u00e6re st\u00f8rre tilg\u00e6ngelighed af premiumprodukter.<\/p>\n<h3><b>Forskellige s\u00e6lgere<\/b><\/h3>\n<p>Sur internet, vous trouverez une large s\u00e9lection d\u2019Amnesia Jelly Hash \u00e0 vendre, avec diff\u00e9rentes qualit\u00e9s, concentrations et pr\u00e9sentations selon les plateformes.<\/p>\n<h3><b>Diskret forsendelse<\/b><\/h3>\n<p>Velrenommerede onlinebutikker garanterer diskret og sikker forsendelse. Din ordre ankommer til dit hjem i neutral emballage, uden synlig angivelse af indholdet.<\/p>\n<h3><b>Come scegliere un venditore affidabile?<\/b><\/h3>\n<p>For at finde det bedste sted at k\u00f8be Amnesia Jelly Hash online, er her nogle vigtige tips:<\/p>\n<ul>\n<li style=\"font-weight: 400;\" aria-level=\"1\">Tjek priserne p\u00e5 Amnesia Jelly Hash for at undg\u00e5 alt for fristende tilbud, som ofte er et tegn p\u00e5 d\u00e5rlig kvalitet.&nbsp;<\/li>\n<li style=\"font-weight: 400;\" aria-level=\"1\"><span style=\"font-weight: 400;\">Se anmeldelser og udtalelser fra andre k\u00f8bere<\/span>&nbsp;<\/li>\n<li style=\"font-weight: 400;\" aria-level=\"1\"><span style=\"font-weight: 400;\">Foretr\u00e6kker s\u00e6lgere, der tilbyder laboratorieanalysecertifikater<\/span>&nbsp;<\/li>\n<li style=\"font-weight: 400;\" aria-level=\"1\"><span style=\"font-weight: 400;\">V\u00e6lg websteder med tilg\u00e6ngelig og professionel kundeservice<\/span>&nbsp;<\/li>\n<li style=\"font-weight: 400;\" aria-level=\"1\"><span style=\"font-weight: 400;\">Tutki toimitus- ja palautusehdot<\/span>&nbsp;<\/li>\n<\/ul>\n<h3><b>Leveringspolitikker<\/b><\/h3>\n<p><span style=\"font-weight: 400;\">En p\u00e5lidelig hjemmeside vil tilbyde:<\/span><\/p>\n<ul>\n<li style=\"font-weight: 400;\" aria-level=\"1\"><span style=\"font-weight: 400;\">Forsendelsesfrister overholdes<\/span>&nbsp;<\/li>\n<li style=\"font-weight: 400;\" aria-level=\"1\"><span style=\"font-weight: 400;\">Et effektivt sporingssystem<\/span>&nbsp;<\/li>\n<li style=\"font-weight: 400;\" aria-level=\"1\"><span style=\"font-weight: 400;\">Muligheder for refusion eller returnering i tilf\u00e6lde af problemer<\/span>&nbsp;<\/li>\n<\/ul>\n<h3><b>Risici og overvejelser<\/b><\/h3>\n<h3><b>Sundhedsrisici<\/b><\/h3>\n<p>Amnesia Jelly Hash er et premiumprodukt, der vil gl\u00e6de elskere af kraftfuld og aromatisk hash. For at nyde dets virkning fuldt ud og undg\u00e5 ubehagelige overraskelser, b\u00f8r du altid k\u00f8be Amnesia Jelly Hash online fra velrenommerede s\u00e6lgere.<\/p>\n<h3><b>Konklusion<\/b><\/h3>\n<p>Amnesia Jelly Hash er et premiumprodukt, der vil gl\u00e6de elskere af kraftfuld og aromatisk hash. For at nyde dets virkning fuldt ud og undg\u00e5 ubehagelige overraskelser, b\u00f8r du altid k\u00f8be Amnesia Jelly Hash online fra velrenommerede s\u00e6lgere.<\/p>\n<p>&nbsp;<\/p>","protected":false},"excerpt":{"rendered":"<p>Introduction \u00e0 l\u2019Amnesia Jelly Hash D\u00e9couvrez l\u2019Amnesia Jelly Hash, un concentr\u00e9 haut de gamme appr\u00e9ci\u00e9 par les connaisseurs pour sa puissance, sa texture particuli\u00e8re et ses ar\u00f4mes intenses. Fusion parfaite entre r\u00e9sine traditionnelle et extraction moderne, cette gel\u00e9e riche en cannabino\u00efdes offre une exp\u00e9rience unique, alliant force et saveurs. Que vous soyez un amateur de&#8230;<\/p>","protected":false},"featured_media":1472,"comment_status":"open","ping_status":"closed","template":"","meta":{"_kadence_starter_templates_imported_post":false,"_kad_post_transparent":"default","_kad_post_title":"","_kad_post_layout":"default","_kad_post_sidebar_id":"","_kad_post_content_style":"default","_kad_post_vertical_padding":"default","_kad_post_feature":"","_kad_post_feature_position":"","_kad_post_header":false,"_kad_post_footer":false,"_joinchat":[]},"product_brand":[],"product_cat":[31],"product_tag":[],"class_list":{"0":"post-1366","1":"product","2":"type-product","3":"status-publish","4":"has-post-thumbnail","6":"product_cat-haschisch","8":"first","9":"instock","10":"shipping-taxable","11":"purchasable","12":"product-type-variable","13":"entry","14":"content-bg","15":"loop-entry"},"yoast_head":"<!-- This site is optimized with the Yoast SEO plugin v23.5 - https:\/\/yoast.com\/wordpress\/plugins\/seo\/ -->\n<title>Achetez Amnesia Jelly Hash en ligne - Amnesia Jelly Hash \u00e0 vendre<\/title>\n<meta name=\"description\" content=\"Nous sommes le magasin leader proposant de la vente de Hash en gel\u00e9e Amnesia. Si vous souhaitez acheter du Hash en gel\u00e9e Amnesia, contactez-nous imm\u00e9diatement et faites livrer votre commande. Commandez maintenant !\" \/>\n<meta name=\"robots\" content=\"index, follow, max-snippet:-1, max-image-preview:large, max-video-preview:-1\" \/>\n<link rel=\"canonical\" href=\"https:\/\/herbelegale.com\/da\/product\/amnesia-jelly-hash\/\" \/>\n<meta property=\"og:locale\" content=\"da_DK\" \/>\n<meta property=\"og:type\" content=\"article\" \/>\n<meta property=\"og:title\" content=\"Achetez Amnesia Jelly Hash en ligne - Amnesia Jelly Hash \u00e0 vendre\" \/>\n<meta property=\"og:description\" content=\"Nous sommes le magasin leader proposant de la vente de Hash en gel\u00e9e Amnesia. Si vous souhaitez acheter du Hash en gel\u00e9e Amnesia, contactez-nous imm\u00e9diatement et faites livrer votre commande. Commandez maintenant !\" \/>\n<meta property=\"og:url\" content=\"https:\/\/herbelegale.com\/da\/product\/amnesia-jelly-hash\/\" \/>\n<meta property=\"og:site_name\" content=\"Herbe L\u00e9gale\" \/>\n<meta property=\"article:modified_time\" content=\"2025-07-19T04:48:55+00:00\" \/>\n<meta property=\"og:image\" content=\"https:\/\/herbelegale.com\/wp-content\/uploads\/2023\/09\/Amnesia-Jelly-Hash-1.jpg\" \/>\n\t<meta property=\"og:image:width\" content=\"600\" \/>\n\t<meta property=\"og:image:height\" content=\"600\" \/>\n\t<meta property=\"og:image:type\" content=\"image\/jpeg\" \/>\n<meta name=\"twitter:card\" content=\"summary_large_image\" \/>\n<meta name=\"twitter:label1\" content=\"Estimeret l\u00e6setid\" \/>\n\t<meta name=\"twitter:data1\" content=\"3 minutter\" \/>\n<script type=\"application\/ld+json\" class=\"yoast-schema-graph\">{\"@context\":\"https:\/\/schema.org\",\"@graph\":[{\"@type\":\"WebPage\",\"@id\":\"https:\/\/herbelegale.com\/product\/amnesia-jelly-hash\/\",\"url\":\"https:\/\/herbelegale.com\/product\/amnesia-jelly-hash\/\",\"name\":\"Achetez Amnesia Jelly Hash en ligne - Amnesia Jelly Hash \u00e0 vendre\",\"isPartOf\":{\"@id\":\"https:\/\/herbelegale.com\/#website\"},\"primaryImageOfPage\":{\"@id\":\"https:\/\/herbelegale.com\/product\/amnesia-jelly-hash\/#primaryimage\"},\"image\":{\"@id\":\"https:\/\/herbelegale.com\/product\/amnesia-jelly-hash\/#primaryimage\"},\"thumbnailUrl\":\"https:\/\/herbelegale.com\/wp-content\/uploads\/2023\/09\/Amnesia-Jelly-Hash-1.jpg\",\"datePublished\":\"2023-09-30T10:32:57+00:00\",\"dateModified\":\"2025-07-19T04:48:55+00:00\",\"description\":\"Nous sommes le magasin leader proposant de la vente de Hash en gel\u00e9e Amnesia. Si vous souhaitez acheter du Hash en gel\u00e9e Amnesia, contactez-nous imm\u00e9diatement et faites livrer votre commande. Commandez maintenant !\",\"breadcrumb\":{\"@id\":\"https:\/\/herbelegale.com\/product\/amnesia-jelly-hash\/#breadcrumb\"},\"inLanguage\":\"da-DK\",\"potentialAction\":[{\"@type\":\"ReadAction\",\"target\":[\"https:\/\/herbelegale.com\/product\/amnesia-jelly-hash\/\"]}]},{\"@type\":\"ImageObject\",\"inLanguage\":\"da-DK\",\"@id\":\"https:\/\/herbelegale.com\/product\/amnesia-jelly-hash\/#primaryimage\",\"url\":\"https:\/\/herbelegale.com\/wp-content\/uploads\/2023\/09\/Amnesia-Jelly-Hash-1.jpg\",\"contentUrl\":\"https:\/\/herbelegale.com\/wp-content\/uploads\/2023\/09\/Amnesia-Jelly-Hash-1.jpg\",\"width\":600,\"height\":600,\"caption\":\"Amnesia Jelly Hash\"},{\"@type\":\"BreadcrumbList\",\"@id\":\"https:\/\/herbelegale.com\/product\/amnesia-jelly-hash\/#breadcrumb\",\"itemListElement\":[{\"@type\":\"ListItem\",\"position\":1,\"name\":\"Home\",\"item\":\"https:\/\/herbelegale.com\/\"},{\"@type\":\"ListItem\",\"position\":2,\"name\":\"Boutique\",\"item\":\"https:\/\/herbelegale.com\/boutique\/\"},{\"@type\":\"ListItem\",\"position\":3,\"name\":\"Amnesia Jelly Hash\"}]},{\"@type\":\"WebSite\",\"@id\":\"https:\/\/herbelegale.com\/#website\",\"url\":\"https:\/\/herbelegale.com\/\",\"name\":\"Herbe L\u00e9gale\",\"description\":\"Acheter de l&#039;herbe en ligne\",\"publisher\":{\"@id\":\"https:\/\/herbelegale.com\/#organization\"},\"potentialAction\":[{\"@type\":\"SearchAction\",\"target\":{\"@type\":\"EntryPoint\",\"urlTemplate\":\"https:\/\/herbelegale.com\/?s={search_term_string}\"},\"query-input\":{\"@type\":\"PropertyValueSpecification\",\"valueRequired\":true,\"valueName\":\"search_term_string\"}}],\"inLanguage\":\"da-DK\"},{\"@type\":\"Organization\",\"@id\":\"https:\/\/herbelegale.com\/#organization\",\"name\":\"Herbe L\u00e9gale\",\"url\":\"https:\/\/herbelegale.com\/\",\"logo\":{\"@type\":\"ImageObject\",\"inLanguage\":\"da-DK\",\"@id\":\"https:\/\/herbelegale.com\/#\/schema\/logo\/image\/\",\"url\":\"https:\/\/herbelegale.com\/wp-content\/uploads\/2023\/10\/logo-1.png\",\"contentUrl\":\"https:\/\/herbelegale.com\/wp-content\/uploads\/2023\/10\/logo-1.png\",\"width\":400,\"height\":120,\"caption\":\"Herbe L\u00e9gale\"},\"image\":{\"@id\":\"https:\/\/herbelegale.com\/#\/schema\/logo\/image\/\"}}]}<\/script>\n<!-- \/ Yoast SEO plugin. -->","yoast_head_json":{"title":"Achetez Amnesia Jelly Hash en ligne - Amnesia Jelly Hash \u00e0 vendre","description":"Nous sommes le magasin leader proposant de la vente de Hash en gel\u00e9e Amnesia. Si vous souhaitez acheter du Hash en gel\u00e9e Amnesia, contactez-nous imm\u00e9diatement et faites livrer votre commande. Commandez maintenant !","robots":{"index":"index","follow":"follow","max-snippet":"max-snippet:-1","max-image-preview":"max-image-preview:large","max-video-preview":"max-video-preview:-1"},"canonical":"https:\/\/herbelegale.com\/da\/product\/amnesia-jelly-hash\/","og_locale":"da_DK","og_type":"article","og_title":"Achetez Amnesia Jelly Hash en ligne - Amnesia Jelly Hash \u00e0 vendre","og_description":"Nous sommes le magasin leader proposant de la vente de Hash en gel\u00e9e Amnesia. Si vous souhaitez acheter du Hash en gel\u00e9e Amnesia, contactez-nous imm\u00e9diatement et faites livrer votre commande. Commandez maintenant !","og_url":"https:\/\/herbelegale.com\/da\/product\/amnesia-jelly-hash\/","og_site_name":"Herbe L\u00e9gale","article_modified_time":"2025-07-19T04:48:55+00:00","og_image":[{"width":600,"height":600,"url":"https:\/\/herbelegale.com\/wp-content\/uploads\/2023\/09\/Amnesia-Jelly-Hash-1.jpg","type":"image\/jpeg"}],"twitter_card":"summary_large_image","twitter_misc":{"Estimeret l\u00e6setid":"3 minutter"},"schema":{"@context":"https:\/\/schema.org","@graph":[{"@type":"WebPage","@id":"https:\/\/herbelegale.com\/product\/amnesia-jelly-hash\/","url":"https:\/\/herbelegale.com\/product\/amnesia-jelly-hash\/","name":"Achetez Amnesia Jelly Hash en ligne - Amnesia Jelly Hash \u00e0 vendre","isPartOf":{"@id":"https:\/\/herbelegale.com\/#website"},"primaryImageOfPage":{"@id":"https:\/\/herbelegale.com\/product\/amnesia-jelly-hash\/#primaryimage"},"image":{"@id":"https:\/\/herbelegale.com\/product\/amnesia-jelly-hash\/#primaryimage"},"thumbnailUrl":"https:\/\/herbelegale.com\/wp-content\/uploads\/2023\/09\/Amnesia-Jelly-Hash-1.jpg","datePublished":"2023-09-30T10:32:57+00:00","dateModified":"2025-07-19T04:48:55+00:00","description":"Nous sommes le magasin leader proposant de la vente de Hash en gel\u00e9e Amnesia. Si vous souhaitez acheter du Hash en gel\u00e9e Amnesia, contactez-nous imm\u00e9diatement et faites livrer votre commande. Commandez maintenant !","breadcrumb":{"@id":"https:\/\/herbelegale.com\/product\/amnesia-jelly-hash\/#breadcrumb"},"inLanguage":"da-DK","potentialAction":[{"@type":"ReadAction","target":["https:\/\/herbelegale.com\/product\/amnesia-jelly-hash\/"]}]},{"@type":"ImageObject","inLanguage":"da-DK","@id":"https:\/\/herbelegale.com\/product\/amnesia-jelly-hash\/#primaryimage","url":"https:\/\/herbelegale.com\/wp-content\/uploads\/2023\/09\/Amnesia-Jelly-Hash-1.jpg","contentUrl":"https:\/\/herbelegale.com\/wp-content\/uploads\/2023\/09\/Amnesia-Jelly-Hash-1.jpg","width":600,"height":600,"caption":"Amnesia Jelly Hash"},{"@type":"BreadcrumbList","@id":"https:\/\/herbelegale.com\/product\/amnesia-jelly-hash\/#breadcrumb","itemListElement":[{"@type":"ListItem","position":1,"name":"Home","item":"https:\/\/herbelegale.com\/"},{"@type":"ListItem","position":2,"name":"Boutique","item":"https:\/\/herbelegale.com\/boutique\/"},{"@type":"ListItem","position":3,"name":"Amnesia Jelly Hash"}]},{"@type":"WebSite","@id":"https:\/\/herbelegale.com\/#website","url":"https:\/\/herbelegale.com\/","name":"Herbe L\u00e9gale","description":"Acheter de l&#039;herbe en ligne","publisher":{"@id":"https:\/\/herbelegale.com\/#organization"},"potentialAction":[{"@type":"SearchAction","target":{"@type":"EntryPoint","urlTemplate":"https:\/\/herbelegale.com\/?s={search_term_string}"},"query-input":{"@type":"PropertyValueSpecification","valueRequired":true,"valueName":"search_term_string"}}],"inLanguage":"da-DK"},{"@type":"Organization","@id":"https:\/\/herbelegale.com\/#organization","name":"Herbe L\u00e9gale","url":"https:\/\/herbelegale.com\/","logo":{"@type":"ImageObject","inLanguage":"da-DK","@id":"https:\/\/herbelegale.com\/#\/schema\/logo\/image\/","url":"https:\/\/herbelegale.com\/wp-content\/uploads\/2023\/10\/logo-1.png","contentUrl":"https:\/\/herbelegale.com\/wp-content\/uploads\/2023\/10\/logo-1.png","width":400,"height":120,"caption":"Herbe L\u00e9gale"},"image":{"@id":"https:\/\/herbelegale.com\/#\/schema\/logo\/image\/"}}]}},"_links":{"self":[{"href":"https:\/\/herbelegale.com\/da\/wp-json\/wp\/v2\/product\/1366","targetHints":{"allow":["GET"]}}],"collection":[{"href":"https:\/\/herbelegale.com\/da\/wp-json\/wp\/v2\/product"}],"about":[{"href":"https:\/\/herbelegale.com\/da\/wp-json\/wp\/v2\/types\/product"}],"replies":[{"embeddable":true,"href":"https:\/\/herbelegale.com\/da\/wp-json\/wp\/v2\/comments?post=1366"}],"wp:featuredmedia":[{"embeddable":true,"href":"https:\/\/herbelegale.com\/da\/wp-json\/wp\/v2\/media\/1472"}],"wp:attachment":[{"href":"https:\/\/herbelegale.com\/da\/wp-json\/wp\/v2\/media?parent=1366"}],"wp:term":[{"taxonomy":"product_brand","embeddable":true,"href":"https:\/\/herbelegale.com\/da\/wp-json\/wp\/v2\/product_brand?post=1366"},{"taxonomy":"product_cat","embeddable":true,"href":"https:\/\/herbelegale.com\/da\/wp-json\/wp\/v2\/product_cat?post=1366"},{"taxonomy":"product_tag","embeddable":true,"href":"https:\/\/herbelegale.com\/da\/wp-json\/wp\/v2\/product_tag?post=1366"}],"curies":[{"name":"wp","href":"https:\/\/api.w.org\/{rel}","templated":true}]}}