{"id":1365,"date":"2023-09-30T10:32:51","date_gmt":"2023-09-30T10:32:51","guid":{"rendered":"https:\/\/nembutalhouse.com\/weed\/?post_type=product&#038;p=1365"},"modified":"2025-07-18T10:54:40","modified_gmt":"2025-07-18T10:54:40","slug":"alaskan-ice-hash","status":"publish","type":"product","link":"https:\/\/herbelegale.com\/da\/product\/alaskan-ice-hash\/","title":{"rendered":"Alaskan Ice Hash"},"content":{"rendered":"<h2><b>Introduktion til Alaskan Ice Hash<\/b><\/h2>\n<p>\u00c0 la recherche d\u2019une exp\u00e9rience cannabique premium ? <a href=\"https:\/\/herbelegale.com\/da\/product\/alaskan-ice-hash\/\">L&rsquo;Alaskan Ice Hash<\/a> er kendt for sin exceptionelle renhed, silkeagtige tekstur og kraftfulde effekter. Med sit frostede udseende og intense aromaer er denne hash rettet mod kr\u00e6sne entusiaster, der s\u00f8ger overlegen kvalitet. Uanset om du er en erfaren bruger eller ny inden for koncentrater, lover dette produkt en unik oplevelse.<\/p>\n<h3><b>Hvad er Alaskan Ice Hash?<\/b><\/h3>\n<p><a href=\"https:\/\/en.wikipedia.org\/wiki\/Hashish\">L\u2019Alaskan Ice Hash<\/a> er en koncentreret form af cannabis, udvundet af de krystallinske trichomer fra omhyggeligt udvalgte sorter. Takket v\u00e6re en isvandsekstraktionsmetode bevarer denne rene harpiks alle aromaer (terpener) og aktive ingredienser (cannabinoider), hvilket giver en uovertruffen renhed. Dens hvide, frostede udseende har givet den det stemningsfulde navn. <i>Alaskan Ice<\/i>.<\/p>\n<h3><b>Almindelige anvendelser og virkninger<\/b><\/h3>\n<p>Alaskan Ice Hash er h\u00f8jt v\u00e6rdsat for sin perfekte balance mellem mental eufori og kropslig afslapning og tilbyder typisk:<\/p>\n<ul>\n<li style=\"font-weight: 400;\" aria-level=\"1\"><span style=\"font-weight: 400;\">En stimulerende og kreativ cerebral effekt<\/span>&nbsp;<\/li>\n<li style=\"font-weight: 400;\" aria-level=\"1\"><span style=\"font-weight: 400;\">Blid muskelafslapning<\/span>&nbsp;<\/li>\n<li style=\"font-weight: 400;\" aria-level=\"1\"><span style=\"font-weight: 400;\">Potentiel lindring af stress og angst<\/span>&nbsp;<\/li>\n<li style=\"font-weight: 400;\" aria-level=\"1\"><span style=\"font-weight: 400;\">Et s\u00f8vnhj\u00e6lpemiddel for nogle forbrugere<\/span>&nbsp;<\/li>\n<\/ul>\n<p><span style=\"font-weight: 400;\">Denne hash kan indtages p\u00e5 forskellige m\u00e5der: ved forbr\u00e6nding, fordampning eller inkorporeret i kulinariske pr\u00e6parater.<\/span><\/p>\n<h3><b>Juridisk status (afh\u00e6ngigt af region)<\/b><\/h3>\n<p>Den juridiske status for Alaskan Ice Hash varierer fra land til land og region. Nogle steder er cannabiskoncentrater tilladt, mens de andre steder forbliver forbudte. F\u00f8r du bestiller Alaskan Ice Hash online, skal du s\u00f8rge for at v\u00e6re bekendt med lokale love for at undg\u00e5 potentielle problemer.<\/p>\n<h3><b>Hvorfor k\u00f8be Alaskan Ice Hash online?<\/b><\/h3>\n<h3><b>Tilg\u00e6ngelighed<\/b><\/h3>\n<p>N\u00e5r du k\u00f8ber Alaskan Ice Hash online, f\u00e5r du adgang til et varieret udvalg, der ofte er sv\u00e6rt at finde i fysiske butikker. Du kan nyde et premium-udvalg hjemmefra.<\/p>\n<h3><b>Forskellige s\u00e6lgere<\/b><\/h3>\n<p>Internettet er fyldt med sider, der tilbyder Alaskan Ice Hash til salg, hvilket giver dig mulighed for nemt at sammenligne tilbud, priser og kundeanmeldelser.<\/p>\n<h3><b>Diskret forsendelse<\/b><\/h3>\n<p>Dit privatliv er vigtigt. P\u00e5lidelige platforme garanterer diskret og sikker forsendelse, s\u00e5 din ordre n\u00e5r frem til dig i fuld fortrolighed.<\/p>\n<h3><b>Come scegliere un venditore affidabile?<\/b><\/h3>\n<p>For at finde det bedste sted at k\u00f8be Alaskan Ice Hash online, skal du v\u00e6re opm\u00e6rksom p\u00e5:<\/p>\n<ul>\n<li style=\"font-weight: 400;\" aria-level=\"1\">Gennemsigtighed omkring prisen p\u00e5 Alaskan Ice Hash&nbsp;<\/li>\n<li style=\"font-weight: 400;\" aria-level=\"1\"><span style=\"font-weight: 400;\">Kvaliteten af produktbeskrivelser og den mulige tilstedev\u00e6relse af laboratorieanalyser<\/span>&nbsp;<\/li>\n<li style=\"font-weight: 400;\" aria-level=\"1\"><span style=\"font-weight: 400;\">Tydelige forsendelses- og returpolitikker<\/span>&nbsp;<\/li>\n<li style=\"font-weight: 400;\" aria-level=\"1\"><span style=\"font-weight: 400;\">Tydelige forsendelses- og returpolitikker<\/span>&nbsp;<\/li>\n<li style=\"font-weight: 400;\" aria-level=\"1\"><span style=\"font-weight: 400;\">Kundeserviceresponsivitet<\/span>&nbsp;<\/li>\n<\/ul>\n<h3><b>Leveringspolitikker<\/b><\/h3>\n<p><span style=\"font-weight: 400;\">En god hjemmeside b\u00f8r tilbyde:<\/span><\/p>\n<ul>\n<li style=\"font-weight: 400;\" aria-level=\"1\"><span style=\"font-weight: 400;\">Rimelige leveringstider<\/span>&nbsp;<\/li>\n<li style=\"font-weight: 400;\" aria-level=\"1\"><span style=\"font-weight: 400;\">Sporingsmuligheder<\/span>&nbsp;<\/li>\n<li style=\"font-weight: 400;\" aria-level=\"1\"><span style=\"font-weight: 400;\">Garantier i tilf\u00e6lde af tab eller manglende modtagelse<\/span>&nbsp;<\/li>\n<\/ul>\n<h3><b>Risici og overvejelser<\/b><\/h3>\n<h3><b>Sundhedsrisici<\/b><\/h3>\n<p><span style=\"font-weight: 400;\">Som enhver anden cannabiskoncentrat er denne hash potent. Nye brugere r\u00e5des til at starte med sm\u00e5 doser for at vurdere deres tolerance. Undg\u00e5 tvivlsomme leverand\u00f8rer, der kan tilbyde forurenede produkter eller produkter af d\u00e5rlig kvalitet.<\/span><\/p>\n<h3><b>Konklusion<\/b><\/h3>\n<p>At bestille Alaskan Ice Hash online betyder at v\u00e6lge en premiumoplevelse, der opfylder forventningerne hos koncentrat-elskere. Med sin rene tekstur, afbalancerede effekter og raffinerede smag skiller denne hash sig tydeligt ud.<\/p>\n<h3><b>P\u00e5mindelse: Tjek lokale love<\/b><\/h3>\n<p><span style=\"font-weight: 400;\">F\u00f8r du k\u00f8ber, skal du kontrollere lovligheden i dit omr\u00e5de. K\u00f8b med omhu, v\u00e6lg en p\u00e5lidelig s\u00e6lger, og nyd dette produkt ansvarligt.<\/span><\/p>","protected":false},"excerpt":{"rendered":"<p>Introduction \u00e0 l&rsquo;Alaskan Ice Hash \u00c0 la recherche d\u2019une exp\u00e9rience cannabique premium ? L&rsquo;Alaskan Ice Hash est reconnu pour sa puret\u00e9 exceptionnelle, sa texture soyeuse et ses effets puissants. Avec son aspect givr\u00e9 et ses ar\u00f4mes intenses, ce hash s\u2019adresse aux amateurs exigeants \u00e0 la recherche d\u2019une qualit\u00e9 sup\u00e9rieure. Que vous soyez un consommateur exp\u00e9riment\u00e9&#8230;<\/p>","protected":false},"featured_media":1471,"comment_status":"open","ping_status":"closed","template":"","meta":{"_kadence_starter_templates_imported_post":false,"_kad_post_transparent":"default","_kad_post_title":"","_kad_post_layout":"default","_kad_post_sidebar_id":"","_kad_post_content_style":"default","_kad_post_vertical_padding":"default","_kad_post_feature":"","_kad_post_feature_position":"","_kad_post_header":false,"_kad_post_footer":false,"_joinchat":[]},"product_brand":[],"product_cat":[31],"product_tag":[],"class_list":{"0":"post-1365","1":"product","2":"type-product","3":"status-publish","4":"has-post-thumbnail","6":"product_cat-haschisch","8":"first","9":"instock","10":"shipping-taxable","11":"purchasable","12":"product-type-variable","13":"entry","14":"content-bg","15":"loop-entry"},"yoast_head":"<!-- This site is optimized with the Yoast SEO plugin v23.5 - https:\/\/yoast.com\/wordpress\/plugins\/seo\/ -->\n<title>Achetez du haschisch glac\u00e9 d&#039;Alaska en ligne<\/title>\n<meta name=\"description\" content=\"C&#039;est le meilleur moment pour visiter notre boutique en ligne et acheter du haschisch de glace d&#039;Alaska en ligne. Nous avons du haschisch de glace d&#039;Alaska de haute qualit\u00e9 \u00e0 vendre ici au prix le plus abordable. Rencontrez-nous en ligne et passez votre commande d\u00e8s aujourd&#039;hui.\" \/>\n<meta name=\"robots\" content=\"index, follow, max-snippet:-1, max-image-preview:large, max-video-preview:-1\" \/>\n<link rel=\"canonical\" href=\"https:\/\/herbelegale.com\/da\/product\/alaskan-ice-hash\/\" \/>\n<meta property=\"og:locale\" content=\"da_DK\" \/>\n<meta property=\"og:type\" content=\"article\" \/>\n<meta property=\"og:title\" content=\"Achetez du haschisch glac\u00e9 d&#039;Alaska en ligne\" \/>\n<meta property=\"og:description\" content=\"C&#039;est le meilleur moment pour visiter notre boutique en ligne et acheter du haschisch de glace d&#039;Alaska en ligne. Nous avons du haschisch de glace d&#039;Alaska de haute qualit\u00e9 \u00e0 vendre ici au prix le plus abordable. Rencontrez-nous en ligne et passez votre commande d\u00e8s aujourd&#039;hui.\" \/>\n<meta property=\"og:url\" content=\"https:\/\/herbelegale.com\/da\/product\/alaskan-ice-hash\/\" \/>\n<meta property=\"og:site_name\" content=\"Herbe L\u00e9gale\" \/>\n<meta property=\"article:modified_time\" content=\"2025-07-18T10:54:40+00:00\" \/>\n<meta property=\"og:image\" content=\"https:\/\/herbelegale.com\/wp-content\/uploads\/2023\/09\/Alaskan-Ice-Hash-1.jpg\" \/>\n\t<meta property=\"og:image:width\" content=\"600\" \/>\n\t<meta property=\"og:image:height\" content=\"600\" \/>\n\t<meta property=\"og:image:type\" content=\"image\/jpeg\" \/>\n<meta name=\"twitter:card\" content=\"summary_large_image\" \/>\n<meta name=\"twitter:label1\" content=\"Estimeret l\u00e6setid\" \/>\n\t<meta name=\"twitter:data1\" content=\"3 minutter\" \/>\n<script type=\"application\/ld+json\" class=\"yoast-schema-graph\">{\"@context\":\"https:\/\/schema.org\",\"@graph\":[{\"@type\":\"WebPage\",\"@id\":\"https:\/\/herbelegale.com\/product\/alaskan-ice-hash\/\",\"url\":\"https:\/\/herbelegale.com\/product\/alaskan-ice-hash\/\",\"name\":\"Achetez du haschisch glac\u00e9 d'Alaska en ligne\",\"isPartOf\":{\"@id\":\"https:\/\/herbelegale.com\/#website\"},\"primaryImageOfPage\":{\"@id\":\"https:\/\/herbelegale.com\/product\/alaskan-ice-hash\/#primaryimage\"},\"image\":{\"@id\":\"https:\/\/herbelegale.com\/product\/alaskan-ice-hash\/#primaryimage\"},\"thumbnailUrl\":\"https:\/\/herbelegale.com\/wp-content\/uploads\/2023\/09\/Alaskan-Ice-Hash-1.jpg\",\"datePublished\":\"2023-09-30T10:32:51+00:00\",\"dateModified\":\"2025-07-18T10:54:40+00:00\",\"description\":\"C'est le meilleur moment pour visiter notre boutique en ligne et acheter du haschisch de glace d'Alaska en ligne. Nous avons du haschisch de glace d'Alaska de haute qualit\u00e9 \u00e0 vendre ici au prix le plus abordable. Rencontrez-nous en ligne et passez votre commande d\u00e8s aujourd'hui.\",\"breadcrumb\":{\"@id\":\"https:\/\/herbelegale.com\/product\/alaskan-ice-hash\/#breadcrumb\"},\"inLanguage\":\"da-DK\",\"potentialAction\":[{\"@type\":\"ReadAction\",\"target\":[\"https:\/\/herbelegale.com\/product\/alaskan-ice-hash\/\"]}]},{\"@type\":\"ImageObject\",\"inLanguage\":\"da-DK\",\"@id\":\"https:\/\/herbelegale.com\/product\/alaskan-ice-hash\/#primaryimage\",\"url\":\"https:\/\/herbelegale.com\/wp-content\/uploads\/2023\/09\/Alaskan-Ice-Hash-1.jpg\",\"contentUrl\":\"https:\/\/herbelegale.com\/wp-content\/uploads\/2023\/09\/Alaskan-Ice-Hash-1.jpg\",\"width\":600,\"height\":600,\"caption\":\"Alaskan Ice Hash\"},{\"@type\":\"BreadcrumbList\",\"@id\":\"https:\/\/herbelegale.com\/product\/alaskan-ice-hash\/#breadcrumb\",\"itemListElement\":[{\"@type\":\"ListItem\",\"position\":1,\"name\":\"Home\",\"item\":\"https:\/\/herbelegale.com\/\"},{\"@type\":\"ListItem\",\"position\":2,\"name\":\"Boutique\",\"item\":\"https:\/\/herbelegale.com\/boutique\/\"},{\"@type\":\"ListItem\",\"position\":3,\"name\":\"Alaskan Ice Hash\"}]},{\"@type\":\"WebSite\",\"@id\":\"https:\/\/herbelegale.com\/#website\",\"url\":\"https:\/\/herbelegale.com\/\",\"name\":\"Herbe L\u00e9gale\",\"description\":\"Acheter de l&#039;herbe en ligne\",\"publisher\":{\"@id\":\"https:\/\/herbelegale.com\/#organization\"},\"potentialAction\":[{\"@type\":\"SearchAction\",\"target\":{\"@type\":\"EntryPoint\",\"urlTemplate\":\"https:\/\/herbelegale.com\/?s={search_term_string}\"},\"query-input\":{\"@type\":\"PropertyValueSpecification\",\"valueRequired\":true,\"valueName\":\"search_term_string\"}}],\"inLanguage\":\"da-DK\"},{\"@type\":\"Organization\",\"@id\":\"https:\/\/herbelegale.com\/#organization\",\"name\":\"Herbe L\u00e9gale\",\"url\":\"https:\/\/herbelegale.com\/\",\"logo\":{\"@type\":\"ImageObject\",\"inLanguage\":\"da-DK\",\"@id\":\"https:\/\/herbelegale.com\/#\/schema\/logo\/image\/\",\"url\":\"https:\/\/herbelegale.com\/wp-content\/uploads\/2023\/10\/logo-1.png\",\"contentUrl\":\"https:\/\/herbelegale.com\/wp-content\/uploads\/2023\/10\/logo-1.png\",\"width\":400,\"height\":120,\"caption\":\"Herbe L\u00e9gale\"},\"image\":{\"@id\":\"https:\/\/herbelegale.com\/#\/schema\/logo\/image\/\"}}]}<\/script>\n<!-- \/ Yoast SEO plugin. -->","yoast_head_json":{"title":"Achetez du haschisch glac\u00e9 d'Alaska en ligne","description":"C'est le meilleur moment pour visiter notre boutique en ligne et acheter du haschisch de glace d'Alaska en ligne. Nous avons du haschisch de glace d'Alaska de haute qualit\u00e9 \u00e0 vendre ici au prix le plus abordable. Rencontrez-nous en ligne et passez votre commande d\u00e8s aujourd'hui.","robots":{"index":"index","follow":"follow","max-snippet":"max-snippet:-1","max-image-preview":"max-image-preview:large","max-video-preview":"max-video-preview:-1"},"canonical":"https:\/\/herbelegale.com\/da\/product\/alaskan-ice-hash\/","og_locale":"da_DK","og_type":"article","og_title":"Achetez du haschisch glac\u00e9 d'Alaska en ligne","og_description":"C'est le meilleur moment pour visiter notre boutique en ligne et acheter du haschisch de glace d'Alaska en ligne. Nous avons du haschisch de glace d'Alaska de haute qualit\u00e9 \u00e0 vendre ici au prix le plus abordable. Rencontrez-nous en ligne et passez votre commande d\u00e8s aujourd'hui.","og_url":"https:\/\/herbelegale.com\/da\/product\/alaskan-ice-hash\/","og_site_name":"Herbe L\u00e9gale","article_modified_time":"2025-07-18T10:54:40+00:00","og_image":[{"width":600,"height":600,"url":"https:\/\/herbelegale.com\/wp-content\/uploads\/2023\/09\/Alaskan-Ice-Hash-1.jpg","type":"image\/jpeg"}],"twitter_card":"summary_large_image","twitter_misc":{"Estimeret l\u00e6setid":"3 minutter"},"schema":{"@context":"https:\/\/schema.org","@graph":[{"@type":"WebPage","@id":"https:\/\/herbelegale.com\/product\/alaskan-ice-hash\/","url":"https:\/\/herbelegale.com\/product\/alaskan-ice-hash\/","name":"Achetez du haschisch glac\u00e9 d'Alaska en ligne","isPartOf":{"@id":"https:\/\/herbelegale.com\/#website"},"primaryImageOfPage":{"@id":"https:\/\/herbelegale.com\/product\/alaskan-ice-hash\/#primaryimage"},"image":{"@id":"https:\/\/herbelegale.com\/product\/alaskan-ice-hash\/#primaryimage"},"thumbnailUrl":"https:\/\/herbelegale.com\/wp-content\/uploads\/2023\/09\/Alaskan-Ice-Hash-1.jpg","datePublished":"2023-09-30T10:32:51+00:00","dateModified":"2025-07-18T10:54:40+00:00","description":"C'est le meilleur moment pour visiter notre boutique en ligne et acheter du haschisch de glace d'Alaska en ligne. Nous avons du haschisch de glace d'Alaska de haute qualit\u00e9 \u00e0 vendre ici au prix le plus abordable. Rencontrez-nous en ligne et passez votre commande d\u00e8s aujourd'hui.","breadcrumb":{"@id":"https:\/\/herbelegale.com\/product\/alaskan-ice-hash\/#breadcrumb"},"inLanguage":"da-DK","potentialAction":[{"@type":"ReadAction","target":["https:\/\/herbelegale.com\/product\/alaskan-ice-hash\/"]}]},{"@type":"ImageObject","inLanguage":"da-DK","@id":"https:\/\/herbelegale.com\/product\/alaskan-ice-hash\/#primaryimage","url":"https:\/\/herbelegale.com\/wp-content\/uploads\/2023\/09\/Alaskan-Ice-Hash-1.jpg","contentUrl":"https:\/\/herbelegale.com\/wp-content\/uploads\/2023\/09\/Alaskan-Ice-Hash-1.jpg","width":600,"height":600,"caption":"Alaskan Ice Hash"},{"@type":"BreadcrumbList","@id":"https:\/\/herbelegale.com\/product\/alaskan-ice-hash\/#breadcrumb","itemListElement":[{"@type":"ListItem","position":1,"name":"Home","item":"https:\/\/herbelegale.com\/"},{"@type":"ListItem","position":2,"name":"Boutique","item":"https:\/\/herbelegale.com\/boutique\/"},{"@type":"ListItem","position":3,"name":"Alaskan Ice Hash"}]},{"@type":"WebSite","@id":"https:\/\/herbelegale.com\/#website","url":"https:\/\/herbelegale.com\/","name":"Herbe L\u00e9gale","description":"Acheter de l&#039;herbe en ligne","publisher":{"@id":"https:\/\/herbelegale.com\/#organization"},"potentialAction":[{"@type":"SearchAction","target":{"@type":"EntryPoint","urlTemplate":"https:\/\/herbelegale.com\/?s={search_term_string}"},"query-input":{"@type":"PropertyValueSpecification","valueRequired":true,"valueName":"search_term_string"}}],"inLanguage":"da-DK"},{"@type":"Organization","@id":"https:\/\/herbelegale.com\/#organization","name":"Herbe L\u00e9gale","url":"https:\/\/herbelegale.com\/","logo":{"@type":"ImageObject","inLanguage":"da-DK","@id":"https:\/\/herbelegale.com\/#\/schema\/logo\/image\/","url":"https:\/\/herbelegale.com\/wp-content\/uploads\/2023\/10\/logo-1.png","contentUrl":"https:\/\/herbelegale.com\/wp-content\/uploads\/2023\/10\/logo-1.png","width":400,"height":120,"caption":"Herbe L\u00e9gale"},"image":{"@id":"https:\/\/herbelegale.com\/#\/schema\/logo\/image\/"}}]}},"_links":{"self":[{"href":"https:\/\/herbelegale.com\/da\/wp-json\/wp\/v2\/product\/1365","targetHints":{"allow":["GET"]}}],"collection":[{"href":"https:\/\/herbelegale.com\/da\/wp-json\/wp\/v2\/product"}],"about":[{"href":"https:\/\/herbelegale.com\/da\/wp-json\/wp\/v2\/types\/product"}],"replies":[{"embeddable":true,"href":"https:\/\/herbelegale.com\/da\/wp-json\/wp\/v2\/comments?post=1365"}],"wp:featuredmedia":[{"embeddable":true,"href":"https:\/\/herbelegale.com\/da\/wp-json\/wp\/v2\/media\/1471"}],"wp:attachment":[{"href":"https:\/\/herbelegale.com\/da\/wp-json\/wp\/v2\/media?parent=1365"}],"wp:term":[{"taxonomy":"product_brand","embeddable":true,"href":"https:\/\/herbelegale.com\/da\/wp-json\/wp\/v2\/product_brand?post=1365"},{"taxonomy":"product_cat","embeddable":true,"href":"https:\/\/herbelegale.com\/da\/wp-json\/wp\/v2\/product_cat?post=1365"},{"taxonomy":"product_tag","embeddable":true,"href":"https:\/\/herbelegale.com\/da\/wp-json\/wp\/v2\/product_tag?post=1365"}],"curies":[{"name":"wp","href":"https:\/\/api.w.org\/{rel}","templated":true}]}}